{"id":76786,"date":"2023-06-04T17:26:51","date_gmt":"2023-06-04T15:26:51","guid":{"rendered":"https:\/\/3d-edu.ch\/shop\/ultimaker-method-xl\/"},"modified":"2026-04-09T14:43:36","modified_gmt":"2026-04-09T12:43:36","slug":"ultimaker-method-xl","status":"publish","type":"product","link":"https:\/\/3d-edu.ch\/fr\/boutique\/ultimaker-method-xl\/","title":{"rendered":"UltiMaker Method XL"},"content":{"rendered":"<h1>UltiMaker Method XL<\/h1>\n<h3>Inclus dans la livraison<\/h3>\n<ul>\n<li>1 <a href=\"\/makerbot\/makerbot-3d-drucker\/ultimaker-method-xl\/\">imprimante 3D UltiMaker Method XL<\/a> (1 an de garantie)<\/li>\n<li>1 extrudeuse composite (mod\u00e8le 1C)<\/li>\n<li>1 extrudeuse de performance (support 2XA)<\/li>\n<li>1 bo\u00eete de mat\u00e9riel<\/li>\n<li>1 panneau de construction flexible<\/li>\n<li>1 c\u00e2ble d&rsquo;alimentation CH<\/li>\n<\/ul>\n<div class=\"accordion\">\n\t<div id=\"accordion-888913016\" class=\"accordion-item\">\n\t\t<a id=\"accordion-888913016-label\" class=\"accordion-title plain\" href=\"#accordion-item-plus-d&#039;informations\" aria-expanded=\"false\" aria-controls=\"accordion-888913016-content\">\n\t\t\t<button class=\"toggle\" aria-label=\"Basculer\"><i class=\"icon-angle-down\" aria-hidden=\"true\"><\/i><\/button>\n\t\t\t<span>Plus d&#039;informations<\/span>\n\t\t<\/a>\n\t\t<div id=\"accordion-888913016-content\" class=\"accordion-inner\" aria-labelledby=\"accordion-888913016-label\">\n\t\t\t\n<p>Impression 3D pr\u00e9cise \u00e0 l&rsquo;\u00e9chelle iindustrielle.<\/p>\n<p>Imprimez des pi\u00e8ces de grande taille avec des mat\u00e9riaux de qualit\u00e9 industrielle et une grande pr\u00e9cision dimensionnelle : l&rsquo;UltiMaker Method XL est la solution d&rsquo;impression 3D ultime pour les applications techniques.<\/p>\n<p>L&rsquo;UltiMaker Method XL comble le foss\u00e9 entre les imprimantes de bureau et les imprimantes industrielles en offrant une combinaison parfaite d&rsquo;accessibilit\u00e9 et de performance. Cette imprimante 3D a \u00e9t\u00e9 soigneusement con\u00e7ue pour produire des pi\u00e8ces de grande taille et de pr\u00e9cision, en utilisant des mat\u00e9riaux de qualit\u00e9 industrielle qui correspondent \u00e0 la pr\u00e9cision du moulage par injection. Avec son grand volume, sa pr\u00e9cision dimensionnelle exceptionnelle et sa chambre de construction chauff\u00e9e, la Method XL est sp\u00e9cialis\u00e9e dans la cr\u00e9ation de pi\u00e8ces durables et complexes avec une grande facilit\u00e9.  <\/p>\n<p>&nbsp;<\/p>\n<p><a title=\"Imprimante 3D MakerBot Method X Carbon Fiber\" href=\"\/makerbot\/makerbot-3d-drucker\/ultimaker-method-xl\/\" target=\"_blank\" rel=\"noopener noreferrer\">Plus d&rsquo;informations sur les produits<\/a><\/p>\n\t\t<\/div>\n\t<\/div>\n\t\n<\/div>\n","protected":false},"excerpt":{"rendered":"<h3>Imprimante 3D FDM industrielle de bureau<\/h3>\n<p>avec mat\u00e9riau de support soluble (double extrusion)<\/p>\n<p>La nouvelle grande <a href=\"\/makerbot\/makerbot-3d-drucker\/ultimaker-method-xl\/\">imprimante 3D MakerBot Method XL<\/a> est bas\u00e9e sur la technologie des imprimantes 3D industrielles Stratasys. Imprimez des pi\u00e8ces de grande taille avec des mat\u00e9riaux de qualit\u00e9 industrielle et une grande pr\u00e9cision dimensionnelle - la solution d&rsquo;impression 3D ultime pour les applications techniques. <\/p>\n","protected":false},"featured_media":67832,"comment_status":"closed","ping_status":"closed","template":"","meta":[],"product_brand":[],"product_cat":[7915,7916,8206],"product_tag":[8321,8207,8208,8185,8189],"class_list":{"0":"post-76786","1":"product","2":"type-product","3":"status-publish","4":"has-post-thumbnail","6":"product_cat-imprimantes-3d-fr-3","7":"product_cat-imprimantes-3d-de-la-serie-method-fr","8":"product_cat-ultimaker","9":"product_tag-fibre-de-carbone","10":"product_tag-imprimante-3d","11":"product_tag-imprimante-3d-fdm","12":"product_tag-makerbot","13":"product_tag-methode-x","15":"first","16":"instock","17":"taxable","18":"shipping-taxable","19":"purchasable","20":"product-type-simple"},"yoast_head":"<!-- This site is optimized with the Yoast SEO Premium plugin v27.4 (Yoast SEO v27.4) - https:\/\/yoast.com\/product\/yoast-seo-premium-wordpress\/ -->\n<title>UltiMaker Method XL acheter - 3D-EDU GmbH<\/title>\n<meta name=\"description\" content=\"La MakerBot Method X est une imprimante 3D industrielle de bureau en nylon et fibre de carbone : une fiabilit\u00e9 et une pr\u00e9cision dimensionnelles convaincantes.\" \/>\n<meta name=\"robots\" content=\"index, follow, max-snippet:-1, max-image-preview:large, max-video-preview:-1\" \/>\n<link rel=\"canonical\" href=\"https:\/\/3d-edu.ch\/fr\/boutique\/ultimaker-method-xl\/\" \/>\n<meta property=\"og:locale\" content=\"fr_FR\" \/>\n<meta property=\"og:type\" content=\"article\" \/>\n<meta property=\"og:title\" content=\"UltiMaker Method XL\" \/>\n<meta property=\"og:description\" content=\"La MakerBot Method X est une imprimante 3D industrielle de bureau en nylon et fibre de carbone : une fiabilit\u00e9 et une pr\u00e9cision dimensionnelles convaincantes.\" \/>\n<meta property=\"og:url\" content=\"https:\/\/3d-edu.ch\/fr\/boutique\/ultimaker-method-xl\/\" \/>\n<meta property=\"og:site_name\" content=\"3D-EDU GmbH\" \/>\n<meta property=\"article:publisher\" content=\"https:\/\/www.facebook.com\/3d-educh-210277586064960\/\" \/>\n<meta property=\"article:modified_time\" content=\"2026-04-09T12:43:36+00:00\" \/>\n<meta property=\"og:image\" content=\"https:\/\/3d-edu.ch\/wp-content\/uploads\/2023\/05\/vergleich-makerbot-method-xl.webp\" \/>\n\t<meta property=\"og:image:width\" content=\"528\" \/>\n\t<meta property=\"og:image:height\" content=\"600\" \/>\n\t<meta property=\"og:image:type\" content=\"image\/webp\" \/>\n<meta name=\"twitter:card\" content=\"summary_large_image\" \/>\n<meta name=\"twitter:site\" content=\"@3d_edu_ch\" \/>\n<meta name=\"twitter:label1\" content=\"Prix\" \/>\n\t<meta name=\"twitter:data1\" content=\"12&#039;166.81&nbsp;&#067;&#072;&#070; hors TVA\" \/>\n\t<meta name=\"twitter:label2\" content=\"Disponibilit\u00e9\" \/>\n\t<meta name=\"twitter:data2\" content=\"En stock\" \/>\n<script type=\"application\/ld+json\" class=\"yoast-schema-graph\">{\"@context\":\"https:\\\/\\\/schema.org\",\"@graph\":[{\"@type\":\"WebPage\",\"@id\":\"https:\\\/\\\/3d-edu.ch\\\/fr\\\/boutique\\\/ultimaker-method-xl\\\/\",\"url\":\"https:\\\/\\\/3d-edu.ch\\\/fr\\\/boutique\\\/ultimaker-method-xl\\\/\",\"name\":\"UltiMaker Method XL acheter - 3D-EDU GmbH\",\"isPartOf\":{\"@id\":\"https:\\\/\\\/3d-edu.ch\\\/fr\\\/#website\"},\"primaryImageOfPage\":{\"@id\":\"https:\\\/\\\/3d-edu.ch\\\/fr\\\/boutique\\\/ultimaker-method-xl\\\/#primaryimage\"},\"image\":{\"@id\":\"https:\\\/\\\/3d-edu.ch\\\/fr\\\/boutique\\\/ultimaker-method-xl\\\/#primaryimage\"},\"thumbnailUrl\":\"https:\\\/\\\/3d-edu.ch\\\/wp-content\\\/uploads\\\/2023\\\/05\\\/vergleich-makerbot-method-xl.webp\",\"datePublished\":\"2023-06-04T15:26:51+00:00\",\"dateModified\":\"2026-04-09T12:43:36+00:00\",\"description\":\"La MakerBot Method X est une imprimante 3D industrielle de bureau en nylon et fibre de carbone : une fiabilit\u00e9 et une pr\u00e9cision dimensionnelles convaincantes.\",\"breadcrumb\":{\"@id\":\"https:\\\/\\\/3d-edu.ch\\\/fr\\\/boutique\\\/ultimaker-method-xl\\\/#breadcrumb\"},\"inLanguage\":\"fr-FR\",\"potentialAction\":[{\"@type\":\"ReadAction\",\"target\":[\"https:\\\/\\\/3d-edu.ch\\\/fr\\\/boutique\\\/ultimaker-method-xl\\\/\"]}]},{\"@type\":\"ImageObject\",\"inLanguage\":\"fr-FR\",\"@id\":\"https:\\\/\\\/3d-edu.ch\\\/fr\\\/boutique\\\/ultimaker-method-xl\\\/#primaryimage\",\"url\":\"https:\\\/\\\/3d-edu.ch\\\/wp-content\\\/uploads\\\/2023\\\/05\\\/vergleich-makerbot-method-xl.webp\",\"contentUrl\":\"https:\\\/\\\/3d-edu.ch\\\/wp-content\\\/uploads\\\/2023\\\/05\\\/vergleich-makerbot-method-xl.webp\",\"width\":528,\"height\":600,\"caption\":\"MakerBot Method XL\"},{\"@type\":\"BreadcrumbList\",\"@id\":\"https:\\\/\\\/3d-edu.ch\\\/fr\\\/boutique\\\/ultimaker-method-xl\\\/#breadcrumb\",\"itemListElement\":[{\"@type\":\"ListItem\",\"position\":1,\"name\":\"Accueil\",\"item\":\"https:\\\/\\\/3d-edu.ch\\\/fr\\\/\"},{\"@type\":\"ListItem\",\"position\":2,\"name\":\"Boutique\",\"item\":\"https:\\\/\\\/3d-edu.ch\\\/fr\\\/boutique\\\/\"},{\"@type\":\"ListItem\",\"position\":3,\"name\":\"UltiMaker Method XL\"}]},{\"@type\":\"WebSite\",\"@id\":\"https:\\\/\\\/3d-edu.ch\\\/fr\\\/#website\",\"url\":\"https:\\\/\\\/3d-edu.ch\\\/fr\\\/\",\"name\":\"3D-EDU GmbH\",\"description\":\"Your Formlabs, UltiMaker and Raise3D Printer Support and Education Site in Switzerland. \\\/\\\/ Ihre Formlabs, UltiMaker and Raise3D Drucker Support und Bildungs Webseite der Schweiz.\",\"publisher\":{\"@id\":\"https:\\\/\\\/3d-edu.ch\\\/fr\\\/#organization\"},\"potentialAction\":[{\"@type\":\"SearchAction\",\"target\":{\"@type\":\"EntryPoint\",\"urlTemplate\":\"https:\\\/\\\/3d-edu.ch\\\/fr\\\/?s={search_term_string}\"},\"query-input\":{\"@type\":\"PropertyValueSpecification\",\"valueRequired\":true,\"valueName\":\"search_term_string\"}}],\"inLanguage\":\"fr-FR\"},{\"@type\":[\"Organization\",\"Place\",\"ElectronicsStore\"],\"@id\":\"https:\\\/\\\/3d-edu.ch\\\/fr\\\/#organization\",\"name\":\"3D-EDU GmbH\",\"url\":\"https:\\\/\\\/3d-edu.ch\\\/fr\\\/\",\"logo\":{\"@id\":\"https:\\\/\\\/3d-edu.ch\\\/fr\\\/boutique\\\/ultimaker-method-xl\\\/#local-main-organization-logo\"},\"image\":{\"@id\":\"https:\\\/\\\/3d-edu.ch\\\/fr\\\/boutique\\\/ultimaker-method-xl\\\/#local-main-organization-logo\"},\"sameAs\":[\"https:\\\/\\\/www.facebook.com\\\/3d-educh-210277586064960\\\/\",\"https:\\\/\\\/x.com\\\/3d_edu_ch\"],\"address\":{\"@id\":\"https:\\\/\\\/3d-edu.ch\\\/fr\\\/boutique\\\/ultimaker-method-xl\\\/#local-main-place-address\"},\"geo\":{\"@type\":\"GeoCoordinates\",\"latitude\":\"47.38413\",\"longitude\":\"8.49812\"},\"telephone\":[\"+41 44 492 11 22\"],\"openingHoursSpecification\":[{\"@type\":\"OpeningHoursSpecification\",\"dayOfWeek\":[\"Monday\",\"Tuesday\",\"Wednesday\",\"Thursday\",\"Friday\"],\"opens\":\"08:30\",\"closes\":\"18:00\"},{\"@type\":\"OpeningHoursSpecification\",\"dayOfWeek\":[\"Saturday\",\"Sunday\"],\"opens\":\"00:00\",\"closes\":\"00:00\"}],\"email\":\"info@3d-edu.ch\",\"faxNumber\":\"+41 44 492 11 23\",\"vatID\":\"CHE-184.499.491 MWST\",\"priceRange\":\"$$$\",\"currenciesAccepted\":\"CHF\"},{\"@type\":\"PostalAddress\",\"@id\":\"https:\\\/\\\/3d-edu.ch\\\/fr\\\/boutique\\\/ultimaker-method-xl\\\/#local-main-place-address\",\"streetAddress\":\"3D-EDU GmbH, Badenerstrasse 556\",\"addressLocality\":\"Z\u00fcrich\",\"postalCode\":\"8048\",\"addressRegion\":\"Z\u00fcrich\",\"addressCountry\":\"CH\"},{\"@type\":\"ImageObject\",\"inLanguage\":\"fr-FR\",\"@id\":\"https:\\\/\\\/3d-edu.ch\\\/fr\\\/boutique\\\/ultimaker-method-xl\\\/#local-main-organization-logo\",\"url\":\"https:\\\/\\\/3d-edu.ch\\\/wp-content\\\/uploads\\\/2018\\\/10\\\/3d-drucker-makerbot-formlabs-professionelle-3d-drucker-e1546527990490.png\",\"contentUrl\":\"https:\\\/\\\/3d-edu.ch\\\/wp-content\\\/uploads\\\/2018\\\/10\\\/3d-drucker-makerbot-formlabs-professionelle-3d-drucker-e1546527990490.png\",\"width\":275,\"height\":80,\"caption\":\"3D-EDU GmbH\"}]}<\/script>\n<meta property=\"product:brand\" content=\"Imprimantes 3D\" \/>\n<meta property=\"product:price:amount\" content=\"12166.81\" \/>\n<meta property=\"product:price:currency\" content=\"CHF\" \/>\n<meta property=\"og:availability\" content=\"instock\" \/>\n<meta property=\"product:availability\" content=\"instock\" \/>\n<meta property=\"product:retailer_item_id\" content=\"900-0095A\" \/>\n<meta property=\"product:condition\" content=\"new\" \/>\n<meta name=\"geo.placename\" content=\"Z\u00fcrich\" \/>\n<meta name=\"geo.position\" content=\"47.38413;8.49812\" \/>\n<meta name=\"geo.region\" content=\"Suisse\" \/>\n<!-- \/ Yoast SEO Premium plugin. -->","yoast_head_json":{"title":"UltiMaker Method XL acheter - 3D-EDU GmbH","description":"La MakerBot Method X est une imprimante 3D industrielle de bureau en nylon et fibre de carbone : une fiabilit\u00e9 et une pr\u00e9cision dimensionnelles convaincantes.","robots":{"index":"index","follow":"follow","max-snippet":"max-snippet:-1","max-image-preview":"max-image-preview:large","max-video-preview":"max-video-preview:-1"},"canonical":"https:\/\/3d-edu.ch\/fr\/boutique\/ultimaker-method-xl\/","og_locale":"fr_FR","og_type":"article","og_title":"UltiMaker Method XL","og_description":"La MakerBot Method X est une imprimante 3D industrielle de bureau en nylon et fibre de carbone : une fiabilit\u00e9 et une pr\u00e9cision dimensionnelles convaincantes.","og_url":"https:\/\/3d-edu.ch\/fr\/boutique\/ultimaker-method-xl\/","og_site_name":"3D-EDU GmbH","article_publisher":"https:\/\/www.facebook.com\/3d-educh-210277586064960\/","article_modified_time":"2026-04-09T12:43:36+00:00","og_image":[{"width":528,"height":600,"url":"https:\/\/3d-edu.ch\/wp-content\/uploads\/2023\/05\/vergleich-makerbot-method-xl.webp","type":"image\/webp"}],"twitter_card":"summary_large_image","twitter_site":"@3d_edu_ch","twitter_misc":{"Prix":"12'166.81&nbsp;&#67;&#72;&#70; hors TVA","Disponibilit\u00e9":"En stock"},"schema":{"@context":"https:\/\/schema.org","@graph":[{"@type":"WebPage","@id":"https:\/\/3d-edu.ch\/fr\/boutique\/ultimaker-method-xl\/","url":"https:\/\/3d-edu.ch\/fr\/boutique\/ultimaker-method-xl\/","name":"UltiMaker Method XL acheter - 3D-EDU GmbH","isPartOf":{"@id":"https:\/\/3d-edu.ch\/fr\/#website"},"primaryImageOfPage":{"@id":"https:\/\/3d-edu.ch\/fr\/boutique\/ultimaker-method-xl\/#primaryimage"},"image":{"@id":"https:\/\/3d-edu.ch\/fr\/boutique\/ultimaker-method-xl\/#primaryimage"},"thumbnailUrl":"https:\/\/3d-edu.ch\/wp-content\/uploads\/2023\/05\/vergleich-makerbot-method-xl.webp","datePublished":"2023-06-04T15:26:51+00:00","dateModified":"2026-04-09T12:43:36+00:00","description":"La MakerBot Method X est une imprimante 3D industrielle de bureau en nylon et fibre de carbone : une fiabilit\u00e9 et une pr\u00e9cision dimensionnelles convaincantes.","breadcrumb":{"@id":"https:\/\/3d-edu.ch\/fr\/boutique\/ultimaker-method-xl\/#breadcrumb"},"inLanguage":"fr-FR","potentialAction":[{"@type":"ReadAction","target":["https:\/\/3d-edu.ch\/fr\/boutique\/ultimaker-method-xl\/"]}]},{"@type":"ImageObject","inLanguage":"fr-FR","@id":"https:\/\/3d-edu.ch\/fr\/boutique\/ultimaker-method-xl\/#primaryimage","url":"https:\/\/3d-edu.ch\/wp-content\/uploads\/2023\/05\/vergleich-makerbot-method-xl.webp","contentUrl":"https:\/\/3d-edu.ch\/wp-content\/uploads\/2023\/05\/vergleich-makerbot-method-xl.webp","width":528,"height":600,"caption":"MakerBot Method XL"},{"@type":"BreadcrumbList","@id":"https:\/\/3d-edu.ch\/fr\/boutique\/ultimaker-method-xl\/#breadcrumb","itemListElement":[{"@type":"ListItem","position":1,"name":"Accueil","item":"https:\/\/3d-edu.ch\/fr\/"},{"@type":"ListItem","position":2,"name":"Boutique","item":"https:\/\/3d-edu.ch\/fr\/boutique\/"},{"@type":"ListItem","position":3,"name":"UltiMaker Method XL"}]},{"@type":"WebSite","@id":"https:\/\/3d-edu.ch\/fr\/#website","url":"https:\/\/3d-edu.ch\/fr\/","name":"3D-EDU GmbH","description":"Your Formlabs, UltiMaker and Raise3D Printer Support and Education Site in Switzerland. \/\/ Ihre Formlabs, UltiMaker and Raise3D Drucker Support und Bildungs Webseite der Schweiz.","publisher":{"@id":"https:\/\/3d-edu.ch\/fr\/#organization"},"potentialAction":[{"@type":"SearchAction","target":{"@type":"EntryPoint","urlTemplate":"https:\/\/3d-edu.ch\/fr\/?s={search_term_string}"},"query-input":{"@type":"PropertyValueSpecification","valueRequired":true,"valueName":"search_term_string"}}],"inLanguage":"fr-FR"},{"@type":["Organization","Place","ElectronicsStore"],"@id":"https:\/\/3d-edu.ch\/fr\/#organization","name":"3D-EDU GmbH","url":"https:\/\/3d-edu.ch\/fr\/","logo":{"@id":"https:\/\/3d-edu.ch\/fr\/boutique\/ultimaker-method-xl\/#local-main-organization-logo"},"image":{"@id":"https:\/\/3d-edu.ch\/fr\/boutique\/ultimaker-method-xl\/#local-main-organization-logo"},"sameAs":["https:\/\/www.facebook.com\/3d-educh-210277586064960\/","https:\/\/x.com\/3d_edu_ch"],"address":{"@id":"https:\/\/3d-edu.ch\/fr\/boutique\/ultimaker-method-xl\/#local-main-place-address"},"geo":{"@type":"GeoCoordinates","latitude":"47.38413","longitude":"8.49812"},"telephone":["+41 44 492 11 22"],"openingHoursSpecification":[{"@type":"OpeningHoursSpecification","dayOfWeek":["Monday","Tuesday","Wednesday","Thursday","Friday"],"opens":"08:30","closes":"18:00"},{"@type":"OpeningHoursSpecification","dayOfWeek":["Saturday","Sunday"],"opens":"00:00","closes":"00:00"}],"email":"info@3d-edu.ch","faxNumber":"+41 44 492 11 23","vatID":"CHE-184.499.491 MWST","priceRange":"$$$","currenciesAccepted":"CHF"},{"@type":"PostalAddress","@id":"https:\/\/3d-edu.ch\/fr\/boutique\/ultimaker-method-xl\/#local-main-place-address","streetAddress":"3D-EDU GmbH, Badenerstrasse 556","addressLocality":"Z\u00fcrich","postalCode":"8048","addressRegion":"Z\u00fcrich","addressCountry":"CH"},{"@type":"ImageObject","inLanguage":"fr-FR","@id":"https:\/\/3d-edu.ch\/fr\/boutique\/ultimaker-method-xl\/#local-main-organization-logo","url":"https:\/\/3d-edu.ch\/wp-content\/uploads\/2018\/10\/3d-drucker-makerbot-formlabs-professionelle-3d-drucker-e1546527990490.png","contentUrl":"https:\/\/3d-edu.ch\/wp-content\/uploads\/2018\/10\/3d-drucker-makerbot-formlabs-professionelle-3d-drucker-e1546527990490.png","width":275,"height":80,"caption":"3D-EDU GmbH"}]},"product_brand":"Imprimantes 3D","product_price_amount":"12166.81","product_price_currency":"CHF","og_availability":"instock","product_availability":"instock","product_retailer_item_id":"900-0095A","product_condition":"new","geo.placename":"Z\u00fcrich","geo.position":{"lat":"47.38413","long":"8.49812"},"geo.region":"Suisse"},"_links":{"self":[{"href":"https:\/\/3d-edu.ch\/fr\/wp-json\/wp\/v2\/product\/76786","targetHints":{"allow":["GET"]}}],"collection":[{"href":"https:\/\/3d-edu.ch\/fr\/wp-json\/wp\/v2\/product"}],"about":[{"href":"https:\/\/3d-edu.ch\/fr\/wp-json\/wp\/v2\/types\/product"}],"replies":[{"embeddable":true,"href":"https:\/\/3d-edu.ch\/fr\/wp-json\/wp\/v2\/comments?post=76786"}],"wp:featuredmedia":[{"embeddable":true,"href":"https:\/\/3d-edu.ch\/fr\/wp-json\/wp\/v2\/media\/67832"}],"wp:attachment":[{"href":"https:\/\/3d-edu.ch\/fr\/wp-json\/wp\/v2\/media?parent=76786"}],"wp:term":[{"taxonomy":"product_brand","embeddable":true,"href":"https:\/\/3d-edu.ch\/fr\/wp-json\/wp\/v2\/product_brand?post=76786"},{"taxonomy":"product_cat","embeddable":true,"href":"https:\/\/3d-edu.ch\/fr\/wp-json\/wp\/v2\/product_cat?post=76786"},{"taxonomy":"product_tag","embeddable":true,"href":"https:\/\/3d-edu.ch\/fr\/wp-json\/wp\/v2\/product_tag?post=76786"}],"curies":[{"name":"wp","href":"https:\/\/api.w.org\/{rel}","templated":true}]}}