{"id":76785,"date":"2023-05-04T14:56:17","date_gmt":"2023-05-04T14:56:17","guid":{"rendered":"https:\/\/3d-edu.ch\/shop\/form-3l-build-platform-plate-forme-de-construction-2\/"},"modified":"2026-05-14T09:49:25","modified_gmt":"2026-05-14T07:49:25","slug":"form-3l-build-platform-plate-forme-de-construction-2","status":"publish","type":"product","link":"https:\/\/3d-edu.ch\/fr\/boutique\/form-3l-build-platform-plate-forme-de-construction-2\/","title":{"rendered":"Form 3L Build Platform \/ Plate-forme de construction 2"},"content":{"rendered":"<h3>Formlabs Form 3L Build Platform 2 \/ Plate-forme de construction 2<\/h3>\n<p>Une ou plusieurs Build Platforms \/ plateformes de construction suppl\u00e9mentaires pour l&rsquo;imprimante 3D <a href=\"https:\/\/3d-edu.ch\/fr\/formlabs\/imprimante-3d-formlabs\/forme-3l\/\">Form 3L de Formlabs<\/a> vous aident \u00e0 changer de r\u00e9sine et\/ou \u00e0 lancer une nouvelle impression plus rapidement apr\u00e8s la r\u00e9alisation d&rsquo;une impression 3D.<\/p>\n<p>Ainsi, une plateforme de construction suppl\u00e9mentaire pour la Form 3L de Formlabs peut acc\u00e9l\u00e9rer votre travail. Vous pouvez remplacer la r\u00e9sine ou commencer une nouvelle impression tout en laissant les pi\u00e8ces imprim\u00e9es sur la plateforme de construction, en les nettoyant ou en les retirant tout juste de la Build Platform.<\/p>\n<p>La plate-forme de construction de la Form 3L peut accueillir des impressions grand format et dispose de deux poign\u00e9es lat\u00e9rales qui vous permettent de transporter facilement votre pi\u00e8ce imprim\u00e9e.<\/p>\n","protected":false},"excerpt":{"rendered":"<h2>Formlabs Form 3L Plate-forme de construction 2<\/h2>\n<p>La technologie brevet\u00e9e de d\u00e9gagement rapide (Quick Release Technology) de la plate-forme de construction Form 3L de Formlabs\/ Build Platform 2 permet de d\u00e9tacher tr\u00e8s rapidement et facilement les composants de la plate-forme de construction. Cela ne prend que quelques secondes et ne n\u00e9cessite aucun outil. La Form 3L Build Platform 2 r\u00e9duit ainsi le risque d&rsquo;endommager les composants tout en optimisant votre processus de travail.  <\/p>\n<p>Cette Form 3L Build Platform 2 pour la Form 3L de Formlabs est amovible, interchangeable et sert de plateforme de construction pour le processus d&rsquo;impression.<\/p>\n","protected":false},"featured_media":67764,"comment_status":"closed","ping_status":"closed","template":"","meta":[],"product_brand":[],"product_cat":[10502,10365,10352,10364],"product_tag":[7785,7784,8876,9009],"class_list":{"0":"post-76785","1":"product","2":"type-product","3":"status-publish","4":"has-post-thumbnail","6":"product_cat-accessoires-2","7":"product_cat-form-2-3-l-accessoires","8":"product_cat-formlabs","9":"product_cat-sla-lfs-accessoires","10":"product_tag-accessoires-formlabs","11":"product_tag-formlabs-fr","12":"product_tag-formlabs-form-3l","13":"product_tag-plate-forme-de-construction-2","14":"yith_product_brand-formlabs-fr","16":"first","17":"onbackorder","18":"taxable","19":"shipping-taxable","20":"purchasable","21":"product-type-simple"},"yoast_head":"<!-- This site is optimized with the Yoast SEO Premium plugin v27.5 (Yoast SEO v27.5) - https:\/\/yoast.com\/product\/yoast-seo-premium-wordpress\/ -->\n<title>Form 3L Build Platform \/ Plate-forme de construction 2 - Formlabs - 3D-EDU GmbH<\/title>\n<meta name=\"description\" content=\"La technologie de d\u00e9gagement rapide brevet\u00e9e de la Form 3L permet de d\u00e9tacher rapidement et facilement les composants de la plateforme de construction.\" \/>\n<meta name=\"robots\" content=\"index, follow, max-snippet:-1, max-image-preview:large, max-video-preview:-1\" \/>\n<link rel=\"canonical\" href=\"https:\/\/3d-edu.ch\/fr\/boutique\/form-3l-build-platform-plate-forme-de-construction-2\/\" \/>\n<meta property=\"og:locale\" content=\"fr_FR\" \/>\n<meta property=\"og:type\" content=\"article\" \/>\n<meta property=\"og:title\" content=\"Form 3L Build Platform \/ Plate-forme de construction 2\" \/>\n<meta property=\"og:description\" content=\"La technologie de d\u00e9gagement rapide brevet\u00e9e de la Form 3L permet de d\u00e9tacher rapidement et facilement les composants de la plateforme de construction.\" \/>\n<meta property=\"og:url\" content=\"https:\/\/3d-edu.ch\/fr\/boutique\/form-3l-build-platform-plate-forme-de-construction-2\/\" \/>\n<meta property=\"og:site_name\" content=\"3D-EDU GmbH\" \/>\n<meta property=\"article:publisher\" content=\"https:\/\/www.facebook.com\/3d-educh-210277586064960\/\" \/>\n<meta property=\"article:modified_time\" content=\"2026-05-14T07:49:25+00:00\" \/>\n<meta property=\"og:image\" content=\"https:\/\/3d-edu.ch\/wp-content\/uploads\/2023\/05\/formlabs-form-3l-build-platform-2-1-e1683214229508.webp\" \/>\n\t<meta property=\"og:image:width\" content=\"380\" \/>\n\t<meta property=\"og:image:height\" content=\"380\" \/>\n\t<meta property=\"og:image:type\" content=\"image\/webp\" \/>\n<meta name=\"twitter:card\" content=\"summary_large_image\" \/>\n<meta name=\"twitter:site\" content=\"@3d_edu_ch\" \/>\n<meta name=\"twitter:label1\" content=\"Prix\" \/>\n\t<meta name=\"twitter:data1\" content=\"610.24&nbsp;&#067;&#072;&#070; hors TVA\" \/>\n\t<meta name=\"twitter:label2\" content=\"Disponibilit\u00e9\" \/>\n\t<meta name=\"twitter:data2\" content=\"En r\u00e9assort\" \/>\n<script type=\"application\/ld+json\" class=\"yoast-schema-graph\">{\"@context\":\"https:\\\/\\\/schema.org\",\"@graph\":[{\"@type\":\"WebPage\",\"@id\":\"https:\\\/\\\/3d-edu.ch\\\/fr\\\/boutique\\\/form-3l-build-platform-plate-forme-de-construction-2\\\/\",\"url\":\"https:\\\/\\\/3d-edu.ch\\\/fr\\\/boutique\\\/form-3l-build-platform-plate-forme-de-construction-2\\\/\",\"name\":\"Form 3L Build Platform \\\/ Plate-forme de construction 2 - Formlabs - 3D-EDU GmbH\",\"isPartOf\":{\"@id\":\"https:\\\/\\\/3d-edu.ch\\\/fr\\\/#website\"},\"primaryImageOfPage\":{\"@id\":\"https:\\\/\\\/3d-edu.ch\\\/fr\\\/boutique\\\/form-3l-build-platform-plate-forme-de-construction-2\\\/#primaryimage\"},\"image\":{\"@id\":\"https:\\\/\\\/3d-edu.ch\\\/fr\\\/boutique\\\/form-3l-build-platform-plate-forme-de-construction-2\\\/#primaryimage\"},\"thumbnailUrl\":\"https:\\\/\\\/3d-edu.ch\\\/wp-content\\\/uploads\\\/2023\\\/05\\\/formlabs-form-3l-build-platform-2-1-e1683214229508.webp\",\"datePublished\":\"2023-05-04T14:56:17+00:00\",\"dateModified\":\"2026-05-14T07:49:25+00:00\",\"description\":\"La technologie de d\u00e9gagement rapide brevet\u00e9e de la Form 3L permet de d\u00e9tacher rapidement et facilement les composants de la plateforme de construction.\",\"breadcrumb\":{\"@id\":\"https:\\\/\\\/3d-edu.ch\\\/fr\\\/boutique\\\/form-3l-build-platform-plate-forme-de-construction-2\\\/#breadcrumb\"},\"inLanguage\":\"fr-FR\",\"potentialAction\":[{\"@type\":\"ReadAction\",\"target\":[\"https:\\\/\\\/3d-edu.ch\\\/fr\\\/boutique\\\/form-3l-build-platform-plate-forme-de-construction-2\\\/\"]}]},{\"@type\":\"ImageObject\",\"inLanguage\":\"fr-FR\",\"@id\":\"https:\\\/\\\/3d-edu.ch\\\/fr\\\/boutique\\\/form-3l-build-platform-plate-forme-de-construction-2\\\/#primaryimage\",\"url\":\"https:\\\/\\\/3d-edu.ch\\\/wp-content\\\/uploads\\\/2023\\\/05\\\/formlabs-form-3l-build-platform-2-1-e1683214229508.webp\",\"contentUrl\":\"https:\\\/\\\/3d-edu.ch\\\/wp-content\\\/uploads\\\/2023\\\/05\\\/formlabs-form-3l-build-platform-2-1-e1683214229508.webp\",\"width\":380,\"height\":380,\"caption\":\"Formlabs Form 3L Build Platform 2 1\"},{\"@type\":\"BreadcrumbList\",\"@id\":\"https:\\\/\\\/3d-edu.ch\\\/fr\\\/boutique\\\/form-3l-build-platform-plate-forme-de-construction-2\\\/#breadcrumb\",\"itemListElement\":[{\"@type\":\"ListItem\",\"position\":1,\"name\":\"Accueil\",\"item\":\"https:\\\/\\\/3d-edu.ch\\\/fr\\\/\"},{\"@type\":\"ListItem\",\"position\":2,\"name\":\"Boutique\",\"item\":\"https:\\\/\\\/3d-edu.ch\\\/fr\\\/boutique\\\/\"},{\"@type\":\"ListItem\",\"position\":3,\"name\":\"Form 3L Build Platform \\\/ Plate-forme de construction 2\"}]},{\"@type\":\"WebSite\",\"@id\":\"https:\\\/\\\/3d-edu.ch\\\/fr\\\/#website\",\"url\":\"https:\\\/\\\/3d-edu.ch\\\/fr\\\/\",\"name\":\"3D-EDU GmbH\",\"description\":\"Your Formlabs, UltiMaker and Raise3D Printer Support and Education Site in Switzerland. \\\/\\\/ Ihre Formlabs, UltiMaker and Raise3D Drucker Support und Bildungs Webseite der Schweiz.\",\"publisher\":{\"@id\":\"https:\\\/\\\/3d-edu.ch\\\/fr\\\/#organization\"},\"potentialAction\":[{\"@type\":\"SearchAction\",\"target\":{\"@type\":\"EntryPoint\",\"urlTemplate\":\"https:\\\/\\\/3d-edu.ch\\\/fr\\\/?s={search_term_string}\"},\"query-input\":{\"@type\":\"PropertyValueSpecification\",\"valueRequired\":true,\"valueName\":\"search_term_string\"}}],\"inLanguage\":\"fr-FR\"},{\"@type\":[\"Organization\",\"Place\",\"ElectronicsStore\"],\"@id\":\"https:\\\/\\\/3d-edu.ch\\\/fr\\\/#organization\",\"name\":\"3D-EDU GmbH\",\"url\":\"https:\\\/\\\/3d-edu.ch\\\/fr\\\/\",\"logo\":{\"@id\":\"https:\\\/\\\/3d-edu.ch\\\/fr\\\/boutique\\\/form-3l-build-platform-plate-forme-de-construction-2\\\/#local-main-organization-logo\"},\"image\":{\"@id\":\"https:\\\/\\\/3d-edu.ch\\\/fr\\\/boutique\\\/form-3l-build-platform-plate-forme-de-construction-2\\\/#local-main-organization-logo\"},\"sameAs\":[\"https:\\\/\\\/www.facebook.com\\\/3d-educh-210277586064960\\\/\",\"https:\\\/\\\/x.com\\\/3d_edu_ch\"],\"address\":{\"@id\":\"https:\\\/\\\/3d-edu.ch\\\/fr\\\/boutique\\\/form-3l-build-platform-plate-forme-de-construction-2\\\/#local-main-place-address\"},\"geo\":{\"@type\":\"GeoCoordinates\",\"latitude\":\"47.38413\",\"longitude\":\"8.49812\"},\"telephone\":[\"+41 44 492 11 22\"],\"openingHoursSpecification\":[{\"@type\":\"OpeningHoursSpecification\",\"dayOfWeek\":[\"Monday\",\"Tuesday\",\"Wednesday\",\"Thursday\",\"Friday\"],\"opens\":\"08:30\",\"closes\":\"18:00\"},{\"@type\":\"OpeningHoursSpecification\",\"dayOfWeek\":[\"Saturday\",\"Sunday\"],\"opens\":\"00:00\",\"closes\":\"00:00\"}],\"email\":\"info@3d-edu.ch\",\"faxNumber\":\"+41 44 492 11 23\",\"vatID\":\"CHE-184.499.491 MWST\",\"priceRange\":\"$$$\",\"currenciesAccepted\":\"CHF\"},{\"@type\":\"PostalAddress\",\"@id\":\"https:\\\/\\\/3d-edu.ch\\\/fr\\\/boutique\\\/form-3l-build-platform-plate-forme-de-construction-2\\\/#local-main-place-address\",\"streetAddress\":\"3D-EDU GmbH, Badenerstrasse 556\",\"addressLocality\":\"Z\u00fcrich\",\"postalCode\":\"8048\",\"addressRegion\":\"Z\u00fcrich\",\"addressCountry\":\"CH\"},{\"@type\":\"ImageObject\",\"inLanguage\":\"fr-FR\",\"@id\":\"https:\\\/\\\/3d-edu.ch\\\/fr\\\/boutique\\\/form-3l-build-platform-plate-forme-de-construction-2\\\/#local-main-organization-logo\",\"url\":\"https:\\\/\\\/3d-edu.ch\\\/wp-content\\\/uploads\\\/2018\\\/10\\\/3d-drucker-makerbot-formlabs-professionelle-3d-drucker-e1546527990490.png\",\"contentUrl\":\"https:\\\/\\\/3d-edu.ch\\\/wp-content\\\/uploads\\\/2018\\\/10\\\/3d-drucker-makerbot-formlabs-professionelle-3d-drucker-e1546527990490.png\",\"width\":275,\"height\":80,\"caption\":\"3D-EDU GmbH\"}]}<\/script>\n<meta property=\"product:brand\" content=\"Accessoires\" \/>\n<meta property=\"product:price:amount\" content=\"610.24\" \/>\n<meta property=\"product:price:currency\" content=\"CHF\" \/>\n<meta property=\"og:availability\" content=\"backorder\" \/>\n<meta property=\"product:availability\" content=\"available for order\" \/>\n<meta property=\"product:retailer_item_id\" content=\"BP-F3L-02\" \/>\n<meta property=\"product:condition\" content=\"new\" \/>\n<meta name=\"geo.placename\" content=\"Z\u00fcrich\" \/>\n<meta name=\"geo.position\" content=\"47.38413;8.49812\" \/>\n<meta name=\"geo.region\" content=\"Suisse\" \/>\n<!-- \/ Yoast SEO Premium plugin. -->","yoast_head_json":{"title":"Form 3L Build Platform \/ Plate-forme de construction 2 - Formlabs - 3D-EDU GmbH","description":"La technologie de d\u00e9gagement rapide brevet\u00e9e de la Form 3L permet de d\u00e9tacher rapidement et facilement les composants de la plateforme de construction.","robots":{"index":"index","follow":"follow","max-snippet":"max-snippet:-1","max-image-preview":"max-image-preview:large","max-video-preview":"max-video-preview:-1"},"canonical":"https:\/\/3d-edu.ch\/fr\/boutique\/form-3l-build-platform-plate-forme-de-construction-2\/","og_locale":"fr_FR","og_type":"article","og_title":"Form 3L Build Platform \/ Plate-forme de construction 2","og_description":"La technologie de d\u00e9gagement rapide brevet\u00e9e de la Form 3L permet de d\u00e9tacher rapidement et facilement les composants de la plateforme de construction.","og_url":"https:\/\/3d-edu.ch\/fr\/boutique\/form-3l-build-platform-plate-forme-de-construction-2\/","og_site_name":"3D-EDU GmbH","article_publisher":"https:\/\/www.facebook.com\/3d-educh-210277586064960\/","article_modified_time":"2026-05-14T07:49:25+00:00","og_image":[{"width":380,"height":380,"url":"https:\/\/3d-edu.ch\/wp-content\/uploads\/2023\/05\/formlabs-form-3l-build-platform-2-1-e1683214229508.webp","type":"image\/webp"}],"twitter_card":"summary_large_image","twitter_site":"@3d_edu_ch","twitter_misc":{"Prix":"610.24&nbsp;&#67;&#72;&#70; hors TVA","Disponibilit\u00e9":"En r\u00e9assort"},"schema":{"@context":"https:\/\/schema.org","@graph":[{"@type":"WebPage","@id":"https:\/\/3d-edu.ch\/fr\/boutique\/form-3l-build-platform-plate-forme-de-construction-2\/","url":"https:\/\/3d-edu.ch\/fr\/boutique\/form-3l-build-platform-plate-forme-de-construction-2\/","name":"Form 3L Build Platform \/ Plate-forme de construction 2 - Formlabs - 3D-EDU GmbH","isPartOf":{"@id":"https:\/\/3d-edu.ch\/fr\/#website"},"primaryImageOfPage":{"@id":"https:\/\/3d-edu.ch\/fr\/boutique\/form-3l-build-platform-plate-forme-de-construction-2\/#primaryimage"},"image":{"@id":"https:\/\/3d-edu.ch\/fr\/boutique\/form-3l-build-platform-plate-forme-de-construction-2\/#primaryimage"},"thumbnailUrl":"https:\/\/3d-edu.ch\/wp-content\/uploads\/2023\/05\/formlabs-form-3l-build-platform-2-1-e1683214229508.webp","datePublished":"2023-05-04T14:56:17+00:00","dateModified":"2026-05-14T07:49:25+00:00","description":"La technologie de d\u00e9gagement rapide brevet\u00e9e de la Form 3L permet de d\u00e9tacher rapidement et facilement les composants de la plateforme de construction.","breadcrumb":{"@id":"https:\/\/3d-edu.ch\/fr\/boutique\/form-3l-build-platform-plate-forme-de-construction-2\/#breadcrumb"},"inLanguage":"fr-FR","potentialAction":[{"@type":"ReadAction","target":["https:\/\/3d-edu.ch\/fr\/boutique\/form-3l-build-platform-plate-forme-de-construction-2\/"]}]},{"@type":"ImageObject","inLanguage":"fr-FR","@id":"https:\/\/3d-edu.ch\/fr\/boutique\/form-3l-build-platform-plate-forme-de-construction-2\/#primaryimage","url":"https:\/\/3d-edu.ch\/wp-content\/uploads\/2023\/05\/formlabs-form-3l-build-platform-2-1-e1683214229508.webp","contentUrl":"https:\/\/3d-edu.ch\/wp-content\/uploads\/2023\/05\/formlabs-form-3l-build-platform-2-1-e1683214229508.webp","width":380,"height":380,"caption":"Formlabs Form 3L Build Platform 2 1"},{"@type":"BreadcrumbList","@id":"https:\/\/3d-edu.ch\/fr\/boutique\/form-3l-build-platform-plate-forme-de-construction-2\/#breadcrumb","itemListElement":[{"@type":"ListItem","position":1,"name":"Accueil","item":"https:\/\/3d-edu.ch\/fr\/"},{"@type":"ListItem","position":2,"name":"Boutique","item":"https:\/\/3d-edu.ch\/fr\/boutique\/"},{"@type":"ListItem","position":3,"name":"Form 3L Build Platform \/ Plate-forme de construction 2"}]},{"@type":"WebSite","@id":"https:\/\/3d-edu.ch\/fr\/#website","url":"https:\/\/3d-edu.ch\/fr\/","name":"3D-EDU GmbH","description":"Your Formlabs, UltiMaker and Raise3D Printer Support and Education Site in Switzerland. \/\/ Ihre Formlabs, UltiMaker and Raise3D Drucker Support und Bildungs Webseite der Schweiz.","publisher":{"@id":"https:\/\/3d-edu.ch\/fr\/#organization"},"potentialAction":[{"@type":"SearchAction","target":{"@type":"EntryPoint","urlTemplate":"https:\/\/3d-edu.ch\/fr\/?s={search_term_string}"},"query-input":{"@type":"PropertyValueSpecification","valueRequired":true,"valueName":"search_term_string"}}],"inLanguage":"fr-FR"},{"@type":["Organization","Place","ElectronicsStore"],"@id":"https:\/\/3d-edu.ch\/fr\/#organization","name":"3D-EDU GmbH","url":"https:\/\/3d-edu.ch\/fr\/","logo":{"@id":"https:\/\/3d-edu.ch\/fr\/boutique\/form-3l-build-platform-plate-forme-de-construction-2\/#local-main-organization-logo"},"image":{"@id":"https:\/\/3d-edu.ch\/fr\/boutique\/form-3l-build-platform-plate-forme-de-construction-2\/#local-main-organization-logo"},"sameAs":["https:\/\/www.facebook.com\/3d-educh-210277586064960\/","https:\/\/x.com\/3d_edu_ch"],"address":{"@id":"https:\/\/3d-edu.ch\/fr\/boutique\/form-3l-build-platform-plate-forme-de-construction-2\/#local-main-place-address"},"geo":{"@type":"GeoCoordinates","latitude":"47.38413","longitude":"8.49812"},"telephone":["+41 44 492 11 22"],"openingHoursSpecification":[{"@type":"OpeningHoursSpecification","dayOfWeek":["Monday","Tuesday","Wednesday","Thursday","Friday"],"opens":"08:30","closes":"18:00"},{"@type":"OpeningHoursSpecification","dayOfWeek":["Saturday","Sunday"],"opens":"00:00","closes":"00:00"}],"email":"info@3d-edu.ch","faxNumber":"+41 44 492 11 23","vatID":"CHE-184.499.491 MWST","priceRange":"$$$","currenciesAccepted":"CHF"},{"@type":"PostalAddress","@id":"https:\/\/3d-edu.ch\/fr\/boutique\/form-3l-build-platform-plate-forme-de-construction-2\/#local-main-place-address","streetAddress":"3D-EDU GmbH, Badenerstrasse 556","addressLocality":"Z\u00fcrich","postalCode":"8048","addressRegion":"Z\u00fcrich","addressCountry":"CH"},{"@type":"ImageObject","inLanguage":"fr-FR","@id":"https:\/\/3d-edu.ch\/fr\/boutique\/form-3l-build-platform-plate-forme-de-construction-2\/#local-main-organization-logo","url":"https:\/\/3d-edu.ch\/wp-content\/uploads\/2018\/10\/3d-drucker-makerbot-formlabs-professionelle-3d-drucker-e1546527990490.png","contentUrl":"https:\/\/3d-edu.ch\/wp-content\/uploads\/2018\/10\/3d-drucker-makerbot-formlabs-professionelle-3d-drucker-e1546527990490.png","width":275,"height":80,"caption":"3D-EDU GmbH"}]},"product_brand":"Accessoires","product_price_amount":"610.24","product_price_currency":"CHF","og_availability":"backorder","product_availability":"available for order","product_retailer_item_id":"BP-F3L-02","product_condition":"new","geo.placename":"Z\u00fcrich","geo.position":{"lat":"47.38413","long":"8.49812"},"geo.region":"Suisse"},"_links":{"self":[{"href":"https:\/\/3d-edu.ch\/fr\/wp-json\/wp\/v2\/product\/76785","targetHints":{"allow":["GET"]}}],"collection":[{"href":"https:\/\/3d-edu.ch\/fr\/wp-json\/wp\/v2\/product"}],"about":[{"href":"https:\/\/3d-edu.ch\/fr\/wp-json\/wp\/v2\/types\/product"}],"replies":[{"embeddable":true,"href":"https:\/\/3d-edu.ch\/fr\/wp-json\/wp\/v2\/comments?post=76785"}],"wp:featuredmedia":[{"embeddable":true,"href":"https:\/\/3d-edu.ch\/fr\/wp-json\/wp\/v2\/media\/67764"}],"wp:attachment":[{"href":"https:\/\/3d-edu.ch\/fr\/wp-json\/wp\/v2\/media?parent=76785"}],"wp:term":[{"taxonomy":"product_brand","embeddable":true,"href":"https:\/\/3d-edu.ch\/fr\/wp-json\/wp\/v2\/product_brand?post=76785"},{"taxonomy":"product_cat","embeddable":true,"href":"https:\/\/3d-edu.ch\/fr\/wp-json\/wp\/v2\/product_cat?post=76785"},{"taxonomy":"product_tag","embeddable":true,"href":"https:\/\/3d-edu.ch\/fr\/wp-json\/wp\/v2\/product_tag?post=76785"}],"curies":[{"name":"wp","href":"https:\/\/api.w.org\/{rel}","templated":true}]}}