{"id":76781,"date":"2023-05-04T15:36:29","date_gmt":"2023-05-04T15:36:29","guid":{"rendered":"https:\/\/3d-edu.ch\/shop\/formlabs-flame-retardant-resin-1-kg-084-l\/"},"modified":"2026-05-12T00:29:08","modified_gmt":"2026-05-11T22:29:08","slug":"formlabs-flame-retardant-resin-1-kg-084-l","status":"publish","type":"product","link":"https:\/\/3d-edu.ch\/fr\/boutique\/formlabs-flame-retardant-resin-1-kg-084-l\/","title":{"rendered":"Formlabs Flame Retardant Resin 1 kg (0,84 l)"},"content":{"rendered":"<h3>Flame Retardant Resin \/ R\u00e9sine synth\u00e9tique 1 kg (0,84 l)<\/h3>\n<h5>Contenu de la livraison<\/h5>\n<ul>\n<li>1x Formlabs Flame Retardant Resin \/ R\u00e9sine 1 kg (0,84 l)<\/li>\n<\/ul>\n<p>Post-traitement n\u00e9cessaire.<br \/>\nDisponible pour la forme 2, la forme 3, la forme 3B, la forme 3L, la forme 3BL, la forme 3+, la forme 3B+.<\/p>\n<h2>Formlabs Resin \/ R\u00e9sine<\/h2>\n<p>La r\u00e9sine Formlabs offre des r\u00e9sultats parfaits avec les <a href=\"https:\/\/3d-edu.ch\/fr\/formlabs\/imprimante-3d-formlabs\/\">imprimantes 3D SLA\/LFS de Formlabs<\/a>. La biblioth\u00e8que de mat\u00e9riaux comprend environ 20 r\u00e9sines et est constamment am\u00e9lior\u00e9e et \u00e9tendue. Outre les <a href=\"https:\/\/3d-edu.ch\/fr\/formlabs\/resine-formlabs\/standard\/\">r\u00e9sines standard<\/a>, Formlabs propose des r\u00e9sines sp\u00e9ciales pour l <a href=\"https:\/\/3d-edu.ch\/fr\/formlabs\/resine-formlabs\/ingenierie\/\">&lsquo;ing\u00e9nierie<\/a>, <a href=\"https:\/\/3d-edu.ch\/fr\/formlabs\/resine-formlabs\/castable\/\">la conception de bijoux<\/a>, la <a href=\"https:\/\/3d-edu.ch\/fr\/formlabs\/resine-formlabs\/dentaire\/\">dentisterie<\/a> et <a href=\"https:\/\/3d-edu.ch\/fr\/formlabs\/resine-formlabs\/medical\/\">la m\u00e9decine<\/a>.  <\/p>\n","protected":false},"excerpt":{"rendered":"<h2><strong>Formlabs Flame Retardant Resin 1 kg (0,84 l)<br \/>\n<\/strong><\/h2>\n<p>Innovez d\u00e9sormais plus rapidement, plus s\u00fbrement et plus efficacement gr\u00e2ce au nouveau mat\u00e9riau SLA de Formlabs, auto-extinguible et sans halog\u00e8ne, certifi\u00e9 UL 94 V-0 et bien not\u00e9 en termes de r\u00e9action au feu, de fum\u00e9e et de toxicit\u00e9.<\/p>\n<p>Utilisez Flame Retardant Resin pour produire facilement des pi\u00e8ces ignifuges, r\u00e9sistantes \u00e0 la chaleur, rigides et r\u00e9sistantes au fluage, qui sont durables \u00e0 l&rsquo;int\u00e9rieur et dans les environnements industriels avec des temp\u00e9ratures \u00e9lev\u00e9es ou des sources d&rsquo;inflammation.<\/p>\n","protected":false},"featured_media":67771,"comment_status":"closed","ping_status":"closed","template":"","meta":[],"product_brand":[],"product_cat":[10356,10352,10359,10355],"product_tag":[7784,8053,9007],"class_list":{"0":"post-76781","1":"product","2":"type-product","3":"status-publish","4":"has-post-thumbnail","6":"product_cat-form-2-3-l-resine","7":"product_cat-formlabs","8":"product_cat-ingenierie","9":"product_cat-materiaux","10":"product_tag-formlabs-fr","11":"product_tag-resine-formlabs","12":"product_tag-retardateur-de-flamme","14":"first","15":"instock","16":"taxable","17":"shipping-taxable","18":"purchasable","19":"product-type-simple"},"yoast_head":"<!-- This site is optimized with the Yoast SEO Premium plugin v27.5 (Yoast SEO v27.5) - https:\/\/yoast.com\/product\/yoast-seo-premium-wordpress\/ -->\n<title>Formlabs Flame Retardant Resin 1 kg (0,84 l) %sepsepsitename%%%%.<\/title>\n<meta name=\"description\" content=\"Innovez d\u00e9sormais plus rapidement, plus s\u00fbrement et plus efficacement gr\u00e2ce au nouveau mat\u00e9riau SLA de Formlabs, auto-extinguible et sans halog\u00e8ne, certifi\u00e9 UL 94 V-0 et bien not\u00e9 en termes de r\u00e9action au feu, de fum\u00e9e et de toxicit\u00e9.\" \/>\n<meta name=\"robots\" content=\"index, follow, max-snippet:-1, max-image-preview:large, max-video-preview:-1\" \/>\n<link rel=\"canonical\" href=\"https:\/\/3d-edu.ch\/fr\/boutique\/formlabs-flame-retardant-resin-1-kg-084-l\/\" \/>\n<meta property=\"og:locale\" content=\"fr_FR\" \/>\n<meta property=\"og:type\" content=\"article\" \/>\n<meta property=\"og:title\" content=\"Formlabs Flame Retardant Resin 1 kg (0,84 l)\" \/>\n<meta property=\"og:description\" content=\"Innovez d\u00e9sormais plus rapidement, plus s\u00fbrement et plus efficacement gr\u00e2ce au nouveau mat\u00e9riau SLA de Formlabs, auto-extinguible et sans halog\u00e8ne, certifi\u00e9 UL 94 V-0 et bien not\u00e9 en termes de r\u00e9action au feu, de fum\u00e9e et de toxicit\u00e9.\" \/>\n<meta property=\"og:url\" content=\"https:\/\/3d-edu.ch\/fr\/boutique\/formlabs-flame-retardant-resin-1-kg-084-l\/\" \/>\n<meta property=\"og:site_name\" content=\"3D-EDU GmbH\" \/>\n<meta property=\"article:publisher\" content=\"https:\/\/www.facebook.com\/3d-educh-210277586064960\/\" \/>\n<meta property=\"article:modified_time\" content=\"2026-05-11T22:29:08+00:00\" \/>\n<meta property=\"og:image\" content=\"https:\/\/3d-edu.ch\/wp-content\/uploads\/2023\/05\/formlabs-flame-retardant-resin.webp\" \/>\n\t<meta property=\"og:image:width\" content=\"380\" \/>\n\t<meta property=\"og:image:height\" content=\"380\" \/>\n\t<meta property=\"og:image:type\" content=\"image\/webp\" \/>\n<meta name=\"twitter:card\" content=\"summary_large_image\" \/>\n<meta name=\"twitter:site\" content=\"@3d_edu_ch\" \/>\n<meta name=\"twitter:label1\" content=\"Prix\" \/>\n\t<meta name=\"twitter:data1\" content=\"263.51&nbsp;&#067;&#072;&#070; hors TVA\" \/>\n\t<meta name=\"twitter:label2\" content=\"Disponibilit\u00e9\" \/>\n\t<meta name=\"twitter:data2\" content=\"En stock\" \/>\n<script type=\"application\/ld+json\" class=\"yoast-schema-graph\">{\"@context\":\"https:\\\/\\\/schema.org\",\"@graph\":[{\"@type\":\"WebPage\",\"@id\":\"https:\\\/\\\/3d-edu.ch\\\/fr\\\/boutique\\\/formlabs-flame-retardant-resin-1-kg-084-l\\\/\",\"url\":\"https:\\\/\\\/3d-edu.ch\\\/fr\\\/boutique\\\/formlabs-flame-retardant-resin-1-kg-084-l\\\/\",\"name\":\"Formlabs Flame Retardant Resin 1 kg (0,84 l) %sepsepsitename%%%%.\",\"isPartOf\":{\"@id\":\"https:\\\/\\\/3d-edu.ch\\\/fr\\\/#website\"},\"primaryImageOfPage\":{\"@id\":\"https:\\\/\\\/3d-edu.ch\\\/fr\\\/boutique\\\/formlabs-flame-retardant-resin-1-kg-084-l\\\/#primaryimage\"},\"image\":{\"@id\":\"https:\\\/\\\/3d-edu.ch\\\/fr\\\/boutique\\\/formlabs-flame-retardant-resin-1-kg-084-l\\\/#primaryimage\"},\"thumbnailUrl\":\"https:\\\/\\\/3d-edu.ch\\\/wp-content\\\/uploads\\\/2023\\\/05\\\/formlabs-flame-retardant-resin.webp\",\"datePublished\":\"2023-05-04T15:36:29+00:00\",\"dateModified\":\"2026-05-11T22:29:08+00:00\",\"description\":\"Innovez d\u00e9sormais plus rapidement, plus s\u00fbrement et plus efficacement gr\u00e2ce au nouveau mat\u00e9riau SLA de Formlabs, auto-extinguible et sans halog\u00e8ne, certifi\u00e9 UL 94 V-0 et bien not\u00e9 en termes de r\u00e9action au feu, de fum\u00e9e et de toxicit\u00e9.\",\"breadcrumb\":{\"@id\":\"https:\\\/\\\/3d-edu.ch\\\/fr\\\/boutique\\\/formlabs-flame-retardant-resin-1-kg-084-l\\\/#breadcrumb\"},\"inLanguage\":\"fr-FR\",\"potentialAction\":[{\"@type\":\"ReadAction\",\"target\":[\"https:\\\/\\\/3d-edu.ch\\\/fr\\\/boutique\\\/formlabs-flame-retardant-resin-1-kg-084-l\\\/\"]}]},{\"@type\":\"ImageObject\",\"inLanguage\":\"fr-FR\",\"@id\":\"https:\\\/\\\/3d-edu.ch\\\/fr\\\/boutique\\\/formlabs-flame-retardant-resin-1-kg-084-l\\\/#primaryimage\",\"url\":\"https:\\\/\\\/3d-edu.ch\\\/wp-content\\\/uploads\\\/2023\\\/05\\\/formlabs-flame-retardant-resin.webp\",\"contentUrl\":\"https:\\\/\\\/3d-edu.ch\\\/wp-content\\\/uploads\\\/2023\\\/05\\\/formlabs-flame-retardant-resin.webp\",\"width\":380,\"height\":380,\"caption\":\"Formlabs R\u00e9sine retardatrice de flamme\"},{\"@type\":\"BreadcrumbList\",\"@id\":\"https:\\\/\\\/3d-edu.ch\\\/fr\\\/boutique\\\/formlabs-flame-retardant-resin-1-kg-084-l\\\/#breadcrumb\",\"itemListElement\":[{\"@type\":\"ListItem\",\"position\":1,\"name\":\"Accueil\",\"item\":\"https:\\\/\\\/3d-edu.ch\\\/fr\\\/\"},{\"@type\":\"ListItem\",\"position\":2,\"name\":\"Boutique\",\"item\":\"https:\\\/\\\/3d-edu.ch\\\/fr\\\/boutique\\\/\"},{\"@type\":\"ListItem\",\"position\":3,\"name\":\"Formlabs Flame Retardant Resin 1 kg (0,84 l)\"}]},{\"@type\":\"WebSite\",\"@id\":\"https:\\\/\\\/3d-edu.ch\\\/fr\\\/#website\",\"url\":\"https:\\\/\\\/3d-edu.ch\\\/fr\\\/\",\"name\":\"3D-EDU GmbH\",\"description\":\"Your Formlabs, UltiMaker and Raise3D Printer Support and Education Site in Switzerland. \\\/\\\/ Ihre Formlabs, UltiMaker and Raise3D Drucker Support und Bildungs Webseite der Schweiz.\",\"publisher\":{\"@id\":\"https:\\\/\\\/3d-edu.ch\\\/fr\\\/#organization\"},\"potentialAction\":[{\"@type\":\"SearchAction\",\"target\":{\"@type\":\"EntryPoint\",\"urlTemplate\":\"https:\\\/\\\/3d-edu.ch\\\/fr\\\/?s={search_term_string}\"},\"query-input\":{\"@type\":\"PropertyValueSpecification\",\"valueRequired\":true,\"valueName\":\"search_term_string\"}}],\"inLanguage\":\"fr-FR\"},{\"@type\":[\"Organization\",\"Place\",\"ElectronicsStore\"],\"@id\":\"https:\\\/\\\/3d-edu.ch\\\/fr\\\/#organization\",\"name\":\"3D-EDU GmbH\",\"url\":\"https:\\\/\\\/3d-edu.ch\\\/fr\\\/\",\"logo\":{\"@id\":\"https:\\\/\\\/3d-edu.ch\\\/fr\\\/boutique\\\/formlabs-flame-retardant-resin-1-kg-084-l\\\/#local-main-organization-logo\"},\"image\":{\"@id\":\"https:\\\/\\\/3d-edu.ch\\\/fr\\\/boutique\\\/formlabs-flame-retardant-resin-1-kg-084-l\\\/#local-main-organization-logo\"},\"sameAs\":[\"https:\\\/\\\/www.facebook.com\\\/3d-educh-210277586064960\\\/\",\"https:\\\/\\\/x.com\\\/3d_edu_ch\"],\"address\":{\"@id\":\"https:\\\/\\\/3d-edu.ch\\\/fr\\\/boutique\\\/formlabs-flame-retardant-resin-1-kg-084-l\\\/#local-main-place-address\"},\"geo\":{\"@type\":\"GeoCoordinates\",\"latitude\":\"47.38413\",\"longitude\":\"8.49812\"},\"telephone\":[\"+41 44 492 11 22\"],\"openingHoursSpecification\":[{\"@type\":\"OpeningHoursSpecification\",\"dayOfWeek\":[\"Monday\",\"Tuesday\",\"Wednesday\",\"Thursday\",\"Friday\"],\"opens\":\"08:30\",\"closes\":\"18:00\"},{\"@type\":\"OpeningHoursSpecification\",\"dayOfWeek\":[\"Saturday\",\"Sunday\"],\"opens\":\"00:00\",\"closes\":\"00:00\"}],\"email\":\"info@3d-edu.ch\",\"faxNumber\":\"+41 44 492 11 23\",\"vatID\":\"CHE-184.499.491 MWST\",\"priceRange\":\"$$$\",\"currenciesAccepted\":\"CHF\"},{\"@type\":\"PostalAddress\",\"@id\":\"https:\\\/\\\/3d-edu.ch\\\/fr\\\/boutique\\\/formlabs-flame-retardant-resin-1-kg-084-l\\\/#local-main-place-address\",\"streetAddress\":\"3D-EDU GmbH, Badenerstrasse 556\",\"addressLocality\":\"Z\u00fcrich\",\"postalCode\":\"8048\",\"addressRegion\":\"Z\u00fcrich\",\"addressCountry\":\"CH\"},{\"@type\":\"ImageObject\",\"inLanguage\":\"fr-FR\",\"@id\":\"https:\\\/\\\/3d-edu.ch\\\/fr\\\/boutique\\\/formlabs-flame-retardant-resin-1-kg-084-l\\\/#local-main-organization-logo\",\"url\":\"https:\\\/\\\/3d-edu.ch\\\/wp-content\\\/uploads\\\/2018\\\/10\\\/3d-drucker-makerbot-formlabs-professionelle-3d-drucker-e1546527990490.png\",\"contentUrl\":\"https:\\\/\\\/3d-edu.ch\\\/wp-content\\\/uploads\\\/2018\\\/10\\\/3d-drucker-makerbot-formlabs-professionelle-3d-drucker-e1546527990490.png\",\"width\":275,\"height\":80,\"caption\":\"3D-EDU GmbH\"}]}<\/script>\n<meta property=\"product:brand\" content=\"Form 2\/3\/L R\u00e9sine\" \/>\n<meta property=\"product:price:amount\" content=\"263.51\" \/>\n<meta property=\"product:price:currency\" content=\"CHF\" \/>\n<meta property=\"og:availability\" content=\"instock\" \/>\n<meta property=\"product:availability\" content=\"instock\" \/>\n<meta property=\"product:retailer_item_id\" content=\"RS-F2-FRGR-01\" \/>\n<meta property=\"product:condition\" content=\"new\" \/>\n<meta name=\"geo.placename\" content=\"Z\u00fcrich\" \/>\n<meta name=\"geo.position\" content=\"47.38413;8.49812\" \/>\n<meta name=\"geo.region\" content=\"Suisse\" \/>\n<!-- \/ Yoast SEO Premium plugin. -->","yoast_head_json":{"title":"Formlabs Flame Retardant Resin 1 kg (0,84 l) %sepsepsitename%%%%.","description":"Innovez d\u00e9sormais plus rapidement, plus s\u00fbrement et plus efficacement gr\u00e2ce au nouveau mat\u00e9riau SLA de Formlabs, auto-extinguible et sans halog\u00e8ne, certifi\u00e9 UL 94 V-0 et bien not\u00e9 en termes de r\u00e9action au feu, de fum\u00e9e et de toxicit\u00e9.","robots":{"index":"index","follow":"follow","max-snippet":"max-snippet:-1","max-image-preview":"max-image-preview:large","max-video-preview":"max-video-preview:-1"},"canonical":"https:\/\/3d-edu.ch\/fr\/boutique\/formlabs-flame-retardant-resin-1-kg-084-l\/","og_locale":"fr_FR","og_type":"article","og_title":"Formlabs Flame Retardant Resin 1 kg (0,84 l)","og_description":"Innovez d\u00e9sormais plus rapidement, plus s\u00fbrement et plus efficacement gr\u00e2ce au nouveau mat\u00e9riau SLA de Formlabs, auto-extinguible et sans halog\u00e8ne, certifi\u00e9 UL 94 V-0 et bien not\u00e9 en termes de r\u00e9action au feu, de fum\u00e9e et de toxicit\u00e9.","og_url":"https:\/\/3d-edu.ch\/fr\/boutique\/formlabs-flame-retardant-resin-1-kg-084-l\/","og_site_name":"3D-EDU GmbH","article_publisher":"https:\/\/www.facebook.com\/3d-educh-210277586064960\/","article_modified_time":"2026-05-11T22:29:08+00:00","og_image":[{"width":380,"height":380,"url":"https:\/\/3d-edu.ch\/wp-content\/uploads\/2023\/05\/formlabs-flame-retardant-resin.webp","type":"image\/webp"}],"twitter_card":"summary_large_image","twitter_site":"@3d_edu_ch","twitter_misc":{"Prix":"263.51&nbsp;&#67;&#72;&#70; hors TVA","Disponibilit\u00e9":"En stock"},"schema":{"@context":"https:\/\/schema.org","@graph":[{"@type":"WebPage","@id":"https:\/\/3d-edu.ch\/fr\/boutique\/formlabs-flame-retardant-resin-1-kg-084-l\/","url":"https:\/\/3d-edu.ch\/fr\/boutique\/formlabs-flame-retardant-resin-1-kg-084-l\/","name":"Formlabs Flame Retardant Resin 1 kg (0,84 l) %sepsepsitename%%%%.","isPartOf":{"@id":"https:\/\/3d-edu.ch\/fr\/#website"},"primaryImageOfPage":{"@id":"https:\/\/3d-edu.ch\/fr\/boutique\/formlabs-flame-retardant-resin-1-kg-084-l\/#primaryimage"},"image":{"@id":"https:\/\/3d-edu.ch\/fr\/boutique\/formlabs-flame-retardant-resin-1-kg-084-l\/#primaryimage"},"thumbnailUrl":"https:\/\/3d-edu.ch\/wp-content\/uploads\/2023\/05\/formlabs-flame-retardant-resin.webp","datePublished":"2023-05-04T15:36:29+00:00","dateModified":"2026-05-11T22:29:08+00:00","description":"Innovez d\u00e9sormais plus rapidement, plus s\u00fbrement et plus efficacement gr\u00e2ce au nouveau mat\u00e9riau SLA de Formlabs, auto-extinguible et sans halog\u00e8ne, certifi\u00e9 UL 94 V-0 et bien not\u00e9 en termes de r\u00e9action au feu, de fum\u00e9e et de toxicit\u00e9.","breadcrumb":{"@id":"https:\/\/3d-edu.ch\/fr\/boutique\/formlabs-flame-retardant-resin-1-kg-084-l\/#breadcrumb"},"inLanguage":"fr-FR","potentialAction":[{"@type":"ReadAction","target":["https:\/\/3d-edu.ch\/fr\/boutique\/formlabs-flame-retardant-resin-1-kg-084-l\/"]}]},{"@type":"ImageObject","inLanguage":"fr-FR","@id":"https:\/\/3d-edu.ch\/fr\/boutique\/formlabs-flame-retardant-resin-1-kg-084-l\/#primaryimage","url":"https:\/\/3d-edu.ch\/wp-content\/uploads\/2023\/05\/formlabs-flame-retardant-resin.webp","contentUrl":"https:\/\/3d-edu.ch\/wp-content\/uploads\/2023\/05\/formlabs-flame-retardant-resin.webp","width":380,"height":380,"caption":"Formlabs R\u00e9sine retardatrice de flamme"},{"@type":"BreadcrumbList","@id":"https:\/\/3d-edu.ch\/fr\/boutique\/formlabs-flame-retardant-resin-1-kg-084-l\/#breadcrumb","itemListElement":[{"@type":"ListItem","position":1,"name":"Accueil","item":"https:\/\/3d-edu.ch\/fr\/"},{"@type":"ListItem","position":2,"name":"Boutique","item":"https:\/\/3d-edu.ch\/fr\/boutique\/"},{"@type":"ListItem","position":3,"name":"Formlabs Flame Retardant Resin 1 kg (0,84 l)"}]},{"@type":"WebSite","@id":"https:\/\/3d-edu.ch\/fr\/#website","url":"https:\/\/3d-edu.ch\/fr\/","name":"3D-EDU GmbH","description":"Your Formlabs, UltiMaker and Raise3D Printer Support and Education Site in Switzerland. \/\/ Ihre Formlabs, UltiMaker and Raise3D Drucker Support und Bildungs Webseite der Schweiz.","publisher":{"@id":"https:\/\/3d-edu.ch\/fr\/#organization"},"potentialAction":[{"@type":"SearchAction","target":{"@type":"EntryPoint","urlTemplate":"https:\/\/3d-edu.ch\/fr\/?s={search_term_string}"},"query-input":{"@type":"PropertyValueSpecification","valueRequired":true,"valueName":"search_term_string"}}],"inLanguage":"fr-FR"},{"@type":["Organization","Place","ElectronicsStore"],"@id":"https:\/\/3d-edu.ch\/fr\/#organization","name":"3D-EDU GmbH","url":"https:\/\/3d-edu.ch\/fr\/","logo":{"@id":"https:\/\/3d-edu.ch\/fr\/boutique\/formlabs-flame-retardant-resin-1-kg-084-l\/#local-main-organization-logo"},"image":{"@id":"https:\/\/3d-edu.ch\/fr\/boutique\/formlabs-flame-retardant-resin-1-kg-084-l\/#local-main-organization-logo"},"sameAs":["https:\/\/www.facebook.com\/3d-educh-210277586064960\/","https:\/\/x.com\/3d_edu_ch"],"address":{"@id":"https:\/\/3d-edu.ch\/fr\/boutique\/formlabs-flame-retardant-resin-1-kg-084-l\/#local-main-place-address"},"geo":{"@type":"GeoCoordinates","latitude":"47.38413","longitude":"8.49812"},"telephone":["+41 44 492 11 22"],"openingHoursSpecification":[{"@type":"OpeningHoursSpecification","dayOfWeek":["Monday","Tuesday","Wednesday","Thursday","Friday"],"opens":"08:30","closes":"18:00"},{"@type":"OpeningHoursSpecification","dayOfWeek":["Saturday","Sunday"],"opens":"00:00","closes":"00:00"}],"email":"info@3d-edu.ch","faxNumber":"+41 44 492 11 23","vatID":"CHE-184.499.491 MWST","priceRange":"$$$","currenciesAccepted":"CHF"},{"@type":"PostalAddress","@id":"https:\/\/3d-edu.ch\/fr\/boutique\/formlabs-flame-retardant-resin-1-kg-084-l\/#local-main-place-address","streetAddress":"3D-EDU GmbH, Badenerstrasse 556","addressLocality":"Z\u00fcrich","postalCode":"8048","addressRegion":"Z\u00fcrich","addressCountry":"CH"},{"@type":"ImageObject","inLanguage":"fr-FR","@id":"https:\/\/3d-edu.ch\/fr\/boutique\/formlabs-flame-retardant-resin-1-kg-084-l\/#local-main-organization-logo","url":"https:\/\/3d-edu.ch\/wp-content\/uploads\/2018\/10\/3d-drucker-makerbot-formlabs-professionelle-3d-drucker-e1546527990490.png","contentUrl":"https:\/\/3d-edu.ch\/wp-content\/uploads\/2018\/10\/3d-drucker-makerbot-formlabs-professionelle-3d-drucker-e1546527990490.png","width":275,"height":80,"caption":"3D-EDU GmbH"}]},"product_brand":"Form 2\/3\/L R\u00e9sine","product_price_amount":"263.51","product_price_currency":"CHF","og_availability":"instock","product_availability":"instock","product_retailer_item_id":"RS-F2-FRGR-01","product_condition":"new","geo.placename":"Z\u00fcrich","geo.position":{"lat":"47.38413","long":"8.49812"},"geo.region":"Suisse"},"_links":{"self":[{"href":"https:\/\/3d-edu.ch\/fr\/wp-json\/wp\/v2\/product\/76781","targetHints":{"allow":["GET"]}}],"collection":[{"href":"https:\/\/3d-edu.ch\/fr\/wp-json\/wp\/v2\/product"}],"about":[{"href":"https:\/\/3d-edu.ch\/fr\/wp-json\/wp\/v2\/types\/product"}],"replies":[{"embeddable":true,"href":"https:\/\/3d-edu.ch\/fr\/wp-json\/wp\/v2\/comments?post=76781"}],"wp:featuredmedia":[{"embeddable":true,"href":"https:\/\/3d-edu.ch\/fr\/wp-json\/wp\/v2\/media\/67771"}],"wp:attachment":[{"href":"https:\/\/3d-edu.ch\/fr\/wp-json\/wp\/v2\/media?parent=76781"}],"wp:term":[{"taxonomy":"product_brand","embeddable":true,"href":"https:\/\/3d-edu.ch\/fr\/wp-json\/wp\/v2\/product_brand?post=76781"},{"taxonomy":"product_cat","embeddable":true,"href":"https:\/\/3d-edu.ch\/fr\/wp-json\/wp\/v2\/product_cat?post=76781"},{"taxonomy":"product_tag","embeddable":true,"href":"https:\/\/3d-edu.ch\/fr\/wp-json\/wp\/v2\/product_tag?post=76781"}],"curies":[{"name":"wp","href":"https:\/\/api.w.org\/{rel}","templated":true}]}}