{"id":76756,"date":"2023-03-15T09:36:13","date_gmt":"2023-03-15T08:36:13","guid":{"rendered":"https:\/\/3d-edu.ch\/shop\/formlabs-tpu-90a-poudre-6kg\/"},"modified":"2026-05-14T09:49:26","modified_gmt":"2026-05-14T07:49:26","slug":"formlabs-tpu-90a-poudre-6kg","status":"publish","type":"product","link":"https:\/\/3d-edu.ch\/fr\/boutique\/formlabs-tpu-90a-poudre-6kg\/","title":{"rendered":"Formlabs TPU 90A Poudre 6kg"},"content":{"rendered":"<h3>Formlabs TPU 90A Poudre 6kg<\/h3>\n<p>Formlabs TPU 90A Powder est un mat\u00e9riau renforc\u00e9 par des fibres de carbone. Il combine les avantages du nylon et de la fibre de carbone. Il s&rsquo;agit donc d&rsquo;un mat\u00e9riau performant pour la fabrication de pi\u00e8ces rigides, solides et l\u00e9g\u00e8res destin\u00e9es \u00e0 une utilisation finale. Les pi\u00e8ces en PA 11 CF de Formlabs sont solides, l\u00e9g\u00e8res et stables dans le temps, m\u00eame \u00e0 haute temp\u00e9rature. Le Formlabs TPU 90A Powder 6kg a \u00e9t\u00e9 con\u00e7u pour \u00eatre utilis\u00e9 avec le <a href=\"https:\/\/3d-edu.ch\/fr\/formlabs\/imprimante-3d-formlabs\/fuse-1\/\">Formlabs Fuse 1<\/a> et le <a href=\"https:\/\/3d-edu.ch\/fr\/formlabs\/imprimante-3d-formlabs\/fuse-1-30w\/\">Formlabs Fuse 1+ 30W<\/a>.<\/p>\n<div class=\"accordion\">\n\t<div id=\"accordion-4055810903\" class=\"accordion-item\">\n\t\t<a id=\"accordion-4055810903-label\" class=\"accordion-title plain\" href=\"#accordion-item-plus-d&#039;informations\" aria-expanded=\"false\" aria-controls=\"accordion-4055810903-content\">\n\t\t\t<button class=\"toggle\" aria-label=\"Basculer\"><i class=\"icon-angle-down\" aria-hidden=\"true\"><\/i><\/button>\n\t\t\t<span>Plus d&#039;informations<\/span>\n\t\t<\/a>\n\t\t<div id=\"accordion-4055810903-content\" class=\"accordion-inner\" aria-labelledby=\"accordion-4055810903-label\">\n\t\t\t\n<h5>Contenu de la livraison<\/h5>\n<p>1x Formlabs TPU 90A Powder 6kg<\/p>\n<p>Disponible pour <a href=\"https:\/\/3d-edu.ch\/fr\/formlabs\/imprimante-3d-formlabs\/fuse-1\/\">Formlabs Fuse 1<\/a> et <a href=\"https:\/\/3d-edu.ch\/fr\/formlabs\/imprimante-3d-formlabs\/fuse-1-30w\/\">Formlabs Fuse 1+ 30W<\/a><\/p>\n<p>Le mat\u00e9riel a \u00e9t\u00e9 con\u00e7u pour la nouvelle version du Fuse Sift (f\u00e9vrier 2022). Les anciens mod\u00e8les originaux de Fuse Sift n\u00e9cessitent une mise \u00e0 niveau sur site. <\/p>\n<h5>Informations compl\u00e9mentaires<\/h5>\n<p>Produisez facilement des pi\u00e8ces flexibles qui r\u00e9sistent aux exigences d&rsquo;une utilisation quotidienne. L&rsquo;allongement \u00e9lev\u00e9 du TPU 90A Powder et sa r\u00e9sistance sup\u00e9rieure \u00e0 la d\u00e9chirure permettent de produire en interne des prototypes fonctionnels ou des pi\u00e8ces d&rsquo;utilisation finale robustes. <\/p>\n<p>Pour plus d&rsquo;informations sur la poudre TPU 90A de Formlabs, consultez la page <a href=\"https:\/\/3d-edu.ch\/fr\/formlabs\/formlabs-sls-en-poudre\/#Nylon%2012%20GF\">Poudre SLS de Formlabs<\/a>.<\/p>\n<h2>Formlabs SLS Powder \/ Poudre SLS<\/h2>\n<p>Formlabs SLS Powder \/ Poudre SLS fournit des r\u00e9sultats de haute qualit\u00e9 avec les <a href=\"https:\/\/3d-edu.ch\/fr\/formlabs\/imprimante-3d-sls-de-formlabs\/\">imprimantes 3D SLS Formlabs Fuse 1\/1+<\/a>. La biblioth\u00e8que de mat\u00e9riaux comprend actuellement 5 poudres et continue de s&rsquo;enrichir. Outre les poudres PA 12 SLS <a href=\"\/shop\/formlabs-nylon-12-powder-6kg\/\">\u00ab\u00a0Nylon 12\u00a0\u00bb<\/a> et<a href=\"https:\/\/3d-edu.ch\/fr\/boutique\/formlabs-nylon-11-cf-powder-6kg\/\">\u00ab\u00a0Nylon 11 CF<\/a>\u00ab\u00a0, Fromlabs propose \u00e9galement une poudre PA 11 SLS <a href=\"https:\/\/3d-edu.ch\/fr\/boutique\/formlabs-nylon-11-powder-6kg\/\">\u00ab\u00a0Nylon 11\u00a0\u00bb<\/a> et une poudre PA 12 GF SLS <a href=\"https:\/\/3d-edu.ch\/fr\/boutique\/formlabs-nylon-12-gf-powder-6kg\/\">\u00ab\u00a0Nylon 12 GF\u00a0\u00bb<\/a> pour l&rsquo;imprimante 3D Formlabs Fuse 1\/1+ SLS.<\/p>\n\t\t<\/div>\n\t<\/div>\n\t\n<\/div>\n","protected":false},"excerpt":{"rendered":"<h2><strong>Formlabs TPU 90A Poudre 6kg<\/strong><\/h2>\n","protected":false},"featured_media":67579,"comment_status":"closed","ping_status":"closed","template":"","meta":[],"product_brand":[],"product_cat":[10352,10355,10363],"product_tag":[7784,8054,8419,8996],"class_list":{"0":"post-76756","1":"product","2":"type-product","3":"status-publish","4":"has-post-thumbnail","6":"product_cat-formlabs","7":"product_cat-materiaux","8":"product_cat-poudre-sls","9":"product_tag-formlabs-fr","10":"product_tag-imprimante-3d-sls","11":"product_tag-poudre-sls","12":"product_tag-tpu-90a","13":"yith_product_brand-formlabs-fr","15":"first","16":"onbackorder","17":"taxable","18":"shipping-taxable","19":"purchasable","20":"product-type-simple"},"yoast_head":"<!-- This site is optimized with the Yoast SEO Premium plugin v27.5 (Yoast SEO v27.5) - https:\/\/yoast.com\/product\/yoast-seo-premium-wordpress\/ -->\n<title>Formlabs TPU 90A Poudre 6kg %%page% - 3D-EDU GmbH%<\/title>\n<meta name=\"description\" content=\"Formlabs TPU 90A Powder est un mat\u00e9riau renforc\u00e9 par des fibres de carbone. Il combine les avantages du nylon et de la fibre de carbone. Cela rend ce mat\u00e9riau performant adapt\u00e9 \u00e0 la fabrication de pi\u00e8ces rigides, solides et l\u00e9g\u00e8res pour l&#039;utilisation finale.\" \/>\n<meta name=\"robots\" content=\"index, follow, max-snippet:-1, max-image-preview:large, max-video-preview:-1\" \/>\n<link rel=\"canonical\" href=\"https:\/\/3d-edu.ch\/fr\/boutique\/formlabs-tpu-90a-poudre-6kg\/\" \/>\n<meta property=\"og:locale\" content=\"fr_FR\" \/>\n<meta property=\"og:type\" content=\"article\" \/>\n<meta property=\"og:title\" content=\"Formlabs TPU 90A Poudre 6kg\" \/>\n<meta property=\"og:description\" content=\"Formlabs TPU 90A Powder est un mat\u00e9riau renforc\u00e9 par des fibres de carbone. Il combine les avantages du nylon et de la fibre de carbone. Cela rend ce mat\u00e9riau performant adapt\u00e9 \u00e0 la fabrication de pi\u00e8ces rigides, solides et l\u00e9g\u00e8res pour l&#039;utilisation finale.\" \/>\n<meta property=\"og:url\" content=\"https:\/\/3d-edu.ch\/fr\/boutique\/formlabs-tpu-90a-poudre-6kg\/\" \/>\n<meta property=\"og:site_name\" content=\"3D-EDU GmbH\" \/>\n<meta property=\"article:publisher\" content=\"https:\/\/www.facebook.com\/3d-educh-210277586064960\/\" \/>\n<meta property=\"article:modified_time\" content=\"2026-05-14T07:49:26+00:00\" \/>\n<meta property=\"og:image\" content=\"https:\/\/3d-edu.ch\/wp-content\/uploads\/2023\/03\/formlabs-tpu-90a-sls-powder.webp\" \/>\n\t<meta property=\"og:image:width\" content=\"380\" \/>\n\t<meta property=\"og:image:height\" content=\"380\" \/>\n\t<meta property=\"og:image:type\" content=\"image\/webp\" \/>\n<meta name=\"twitter:card\" content=\"summary_large_image\" \/>\n<meta name=\"twitter:site\" content=\"@3d_edu_ch\" \/>\n<meta name=\"twitter:label1\" content=\"Prix\" \/>\n\t<meta name=\"twitter:data1\" content=\"817.96&nbsp;&#067;&#072;&#070; hors TVA\" \/>\n\t<meta name=\"twitter:label2\" content=\"Disponibilit\u00e9\" \/>\n\t<meta name=\"twitter:data2\" content=\"En r\u00e9assort\" \/>\n<script type=\"application\/ld+json\" class=\"yoast-schema-graph\">{\"@context\":\"https:\\\/\\\/schema.org\",\"@graph\":[{\"@type\":\"WebPage\",\"@id\":\"https:\\\/\\\/3d-edu.ch\\\/fr\\\/boutique\\\/formlabs-tpu-90a-poudre-6kg\\\/\",\"url\":\"https:\\\/\\\/3d-edu.ch\\\/fr\\\/boutique\\\/formlabs-tpu-90a-poudre-6kg\\\/\",\"name\":\"Formlabs TPU 90A Poudre 6kg %%page% - 3D-EDU GmbH%\",\"isPartOf\":{\"@id\":\"https:\\\/\\\/3d-edu.ch\\\/fr\\\/#website\"},\"primaryImageOfPage\":{\"@id\":\"https:\\\/\\\/3d-edu.ch\\\/fr\\\/boutique\\\/formlabs-tpu-90a-poudre-6kg\\\/#primaryimage\"},\"image\":{\"@id\":\"https:\\\/\\\/3d-edu.ch\\\/fr\\\/boutique\\\/formlabs-tpu-90a-poudre-6kg\\\/#primaryimage\"},\"thumbnailUrl\":\"https:\\\/\\\/3d-edu.ch\\\/wp-content\\\/uploads\\\/2023\\\/03\\\/formlabs-tpu-90a-sls-powder.webp\",\"datePublished\":\"2023-03-15T08:36:13+00:00\",\"dateModified\":\"2026-05-14T07:49:26+00:00\",\"description\":\"Formlabs TPU 90A Powder est un mat\u00e9riau renforc\u00e9 par des fibres de carbone. Il combine les avantages du nylon et de la fibre de carbone. Cela rend ce mat\u00e9riau performant adapt\u00e9 \u00e0 la fabrication de pi\u00e8ces rigides, solides et l\u00e9g\u00e8res pour l'utilisation finale.\",\"breadcrumb\":{\"@id\":\"https:\\\/\\\/3d-edu.ch\\\/fr\\\/boutique\\\/formlabs-tpu-90a-poudre-6kg\\\/#breadcrumb\"},\"inLanguage\":\"fr-FR\",\"potentialAction\":[{\"@type\":\"ReadAction\",\"target\":[\"https:\\\/\\\/3d-edu.ch\\\/fr\\\/boutique\\\/formlabs-tpu-90a-poudre-6kg\\\/\"]}]},{\"@type\":\"ImageObject\",\"inLanguage\":\"fr-FR\",\"@id\":\"https:\\\/\\\/3d-edu.ch\\\/fr\\\/boutique\\\/formlabs-tpu-90a-poudre-6kg\\\/#primaryimage\",\"url\":\"https:\\\/\\\/3d-edu.ch\\\/wp-content\\\/uploads\\\/2023\\\/03\\\/formlabs-tpu-90a-sls-powder.webp\",\"contentUrl\":\"https:\\\/\\\/3d-edu.ch\\\/wp-content\\\/uploads\\\/2023\\\/03\\\/formlabs-tpu-90a-sls-powder.webp\",\"width\":380,\"height\":380,\"caption\":\"Formlabs TPU 90A SLS Poudre\"},{\"@type\":\"BreadcrumbList\",\"@id\":\"https:\\\/\\\/3d-edu.ch\\\/fr\\\/boutique\\\/formlabs-tpu-90a-poudre-6kg\\\/#breadcrumb\",\"itemListElement\":[{\"@type\":\"ListItem\",\"position\":1,\"name\":\"Accueil\",\"item\":\"https:\\\/\\\/3d-edu.ch\\\/fr\\\/\"},{\"@type\":\"ListItem\",\"position\":2,\"name\":\"Boutique\",\"item\":\"https:\\\/\\\/3d-edu.ch\\\/fr\\\/boutique\\\/\"},{\"@type\":\"ListItem\",\"position\":3,\"name\":\"Formlabs TPU 90A Poudre 6kg\"}]},{\"@type\":\"WebSite\",\"@id\":\"https:\\\/\\\/3d-edu.ch\\\/fr\\\/#website\",\"url\":\"https:\\\/\\\/3d-edu.ch\\\/fr\\\/\",\"name\":\"3D-EDU GmbH\",\"description\":\"Your Formlabs, UltiMaker and Raise3D Printer Support and Education Site in Switzerland. \\\/\\\/ Ihre Formlabs, UltiMaker and Raise3D Drucker Support und Bildungs Webseite der Schweiz.\",\"publisher\":{\"@id\":\"https:\\\/\\\/3d-edu.ch\\\/fr\\\/#organization\"},\"potentialAction\":[{\"@type\":\"SearchAction\",\"target\":{\"@type\":\"EntryPoint\",\"urlTemplate\":\"https:\\\/\\\/3d-edu.ch\\\/fr\\\/?s={search_term_string}\"},\"query-input\":{\"@type\":\"PropertyValueSpecification\",\"valueRequired\":true,\"valueName\":\"search_term_string\"}}],\"inLanguage\":\"fr-FR\"},{\"@type\":[\"Organization\",\"Place\",\"ElectronicsStore\"],\"@id\":\"https:\\\/\\\/3d-edu.ch\\\/fr\\\/#organization\",\"name\":\"3D-EDU GmbH\",\"url\":\"https:\\\/\\\/3d-edu.ch\\\/fr\\\/\",\"logo\":{\"@id\":\"https:\\\/\\\/3d-edu.ch\\\/fr\\\/boutique\\\/formlabs-tpu-90a-poudre-6kg\\\/#local-main-organization-logo\"},\"image\":{\"@id\":\"https:\\\/\\\/3d-edu.ch\\\/fr\\\/boutique\\\/formlabs-tpu-90a-poudre-6kg\\\/#local-main-organization-logo\"},\"sameAs\":[\"https:\\\/\\\/www.facebook.com\\\/3d-educh-210277586064960\\\/\",\"https:\\\/\\\/x.com\\\/3d_edu_ch\"],\"address\":{\"@id\":\"https:\\\/\\\/3d-edu.ch\\\/fr\\\/boutique\\\/formlabs-tpu-90a-poudre-6kg\\\/#local-main-place-address\"},\"geo\":{\"@type\":\"GeoCoordinates\",\"latitude\":\"47.38413\",\"longitude\":\"8.49812\"},\"telephone\":[\"+41 44 492 11 22\"],\"openingHoursSpecification\":[{\"@type\":\"OpeningHoursSpecification\",\"dayOfWeek\":[\"Monday\",\"Tuesday\",\"Wednesday\",\"Thursday\",\"Friday\"],\"opens\":\"08:30\",\"closes\":\"18:00\"},{\"@type\":\"OpeningHoursSpecification\",\"dayOfWeek\":[\"Saturday\",\"Sunday\"],\"opens\":\"00:00\",\"closes\":\"00:00\"}],\"email\":\"info@3d-edu.ch\",\"faxNumber\":\"+41 44 492 11 23\",\"vatID\":\"CHE-184.499.491 MWST\",\"priceRange\":\"$$$\",\"currenciesAccepted\":\"CHF\"},{\"@type\":\"PostalAddress\",\"@id\":\"https:\\\/\\\/3d-edu.ch\\\/fr\\\/boutique\\\/formlabs-tpu-90a-poudre-6kg\\\/#local-main-place-address\",\"streetAddress\":\"3D-EDU GmbH, Badenerstrasse 556\",\"addressLocality\":\"Z\u00fcrich\",\"postalCode\":\"8048\",\"addressRegion\":\"Z\u00fcrich\",\"addressCountry\":\"CH\"},{\"@type\":\"ImageObject\",\"inLanguage\":\"fr-FR\",\"@id\":\"https:\\\/\\\/3d-edu.ch\\\/fr\\\/boutique\\\/formlabs-tpu-90a-poudre-6kg\\\/#local-main-organization-logo\",\"url\":\"https:\\\/\\\/3d-edu.ch\\\/wp-content\\\/uploads\\\/2018\\\/10\\\/3d-drucker-makerbot-formlabs-professionelle-3d-drucker-e1546527990490.png\",\"contentUrl\":\"https:\\\/\\\/3d-edu.ch\\\/wp-content\\\/uploads\\\/2018\\\/10\\\/3d-drucker-makerbot-formlabs-professionelle-3d-drucker-e1546527990490.png\",\"width\":275,\"height\":80,\"caption\":\"3D-EDU GmbH\"}]}<\/script>\n<meta property=\"product:brand\" content=\"Formlabs\" \/>\n<meta property=\"product:price:amount\" content=\"817.96\" \/>\n<meta property=\"product:price:currency\" content=\"CHF\" \/>\n<meta property=\"og:availability\" content=\"backorder\" \/>\n<meta property=\"product:availability\" content=\"available for order\" \/>\n<meta property=\"product:retailer_item_id\" content=\"PD-FS-TP9G-01\" \/>\n<meta property=\"product:condition\" content=\"new\" \/>\n<meta name=\"geo.placename\" content=\"Z\u00fcrich\" \/>\n<meta name=\"geo.position\" content=\"47.38413;8.49812\" \/>\n<meta name=\"geo.region\" content=\"Suisse\" \/>\n<!-- \/ Yoast SEO Premium plugin. -->","yoast_head_json":{"title":"Formlabs TPU 90A Poudre 6kg %%page% - 3D-EDU GmbH%","description":"Formlabs TPU 90A Powder est un mat\u00e9riau renforc\u00e9 par des fibres de carbone. Il combine les avantages du nylon et de la fibre de carbone. Cela rend ce mat\u00e9riau performant adapt\u00e9 \u00e0 la fabrication de pi\u00e8ces rigides, solides et l\u00e9g\u00e8res pour l'utilisation finale.","robots":{"index":"index","follow":"follow","max-snippet":"max-snippet:-1","max-image-preview":"max-image-preview:large","max-video-preview":"max-video-preview:-1"},"canonical":"https:\/\/3d-edu.ch\/fr\/boutique\/formlabs-tpu-90a-poudre-6kg\/","og_locale":"fr_FR","og_type":"article","og_title":"Formlabs TPU 90A Poudre 6kg","og_description":"Formlabs TPU 90A Powder est un mat\u00e9riau renforc\u00e9 par des fibres de carbone. Il combine les avantages du nylon et de la fibre de carbone. Cela rend ce mat\u00e9riau performant adapt\u00e9 \u00e0 la fabrication de pi\u00e8ces rigides, solides et l\u00e9g\u00e8res pour l'utilisation finale.","og_url":"https:\/\/3d-edu.ch\/fr\/boutique\/formlabs-tpu-90a-poudre-6kg\/","og_site_name":"3D-EDU GmbH","article_publisher":"https:\/\/www.facebook.com\/3d-educh-210277586064960\/","article_modified_time":"2026-05-14T07:49:26+00:00","og_image":[{"width":380,"height":380,"url":"https:\/\/3d-edu.ch\/wp-content\/uploads\/2023\/03\/formlabs-tpu-90a-sls-powder.webp","type":"image\/webp"}],"twitter_card":"summary_large_image","twitter_site":"@3d_edu_ch","twitter_misc":{"Prix":"817.96&nbsp;&#67;&#72;&#70; hors TVA","Disponibilit\u00e9":"En r\u00e9assort"},"schema":{"@context":"https:\/\/schema.org","@graph":[{"@type":"WebPage","@id":"https:\/\/3d-edu.ch\/fr\/boutique\/formlabs-tpu-90a-poudre-6kg\/","url":"https:\/\/3d-edu.ch\/fr\/boutique\/formlabs-tpu-90a-poudre-6kg\/","name":"Formlabs TPU 90A Poudre 6kg %%page% - 3D-EDU GmbH%","isPartOf":{"@id":"https:\/\/3d-edu.ch\/fr\/#website"},"primaryImageOfPage":{"@id":"https:\/\/3d-edu.ch\/fr\/boutique\/formlabs-tpu-90a-poudre-6kg\/#primaryimage"},"image":{"@id":"https:\/\/3d-edu.ch\/fr\/boutique\/formlabs-tpu-90a-poudre-6kg\/#primaryimage"},"thumbnailUrl":"https:\/\/3d-edu.ch\/wp-content\/uploads\/2023\/03\/formlabs-tpu-90a-sls-powder.webp","datePublished":"2023-03-15T08:36:13+00:00","dateModified":"2026-05-14T07:49:26+00:00","description":"Formlabs TPU 90A Powder est un mat\u00e9riau renforc\u00e9 par des fibres de carbone. Il combine les avantages du nylon et de la fibre de carbone. Cela rend ce mat\u00e9riau performant adapt\u00e9 \u00e0 la fabrication de pi\u00e8ces rigides, solides et l\u00e9g\u00e8res pour l'utilisation finale.","breadcrumb":{"@id":"https:\/\/3d-edu.ch\/fr\/boutique\/formlabs-tpu-90a-poudre-6kg\/#breadcrumb"},"inLanguage":"fr-FR","potentialAction":[{"@type":"ReadAction","target":["https:\/\/3d-edu.ch\/fr\/boutique\/formlabs-tpu-90a-poudre-6kg\/"]}]},{"@type":"ImageObject","inLanguage":"fr-FR","@id":"https:\/\/3d-edu.ch\/fr\/boutique\/formlabs-tpu-90a-poudre-6kg\/#primaryimage","url":"https:\/\/3d-edu.ch\/wp-content\/uploads\/2023\/03\/formlabs-tpu-90a-sls-powder.webp","contentUrl":"https:\/\/3d-edu.ch\/wp-content\/uploads\/2023\/03\/formlabs-tpu-90a-sls-powder.webp","width":380,"height":380,"caption":"Formlabs TPU 90A SLS Poudre"},{"@type":"BreadcrumbList","@id":"https:\/\/3d-edu.ch\/fr\/boutique\/formlabs-tpu-90a-poudre-6kg\/#breadcrumb","itemListElement":[{"@type":"ListItem","position":1,"name":"Accueil","item":"https:\/\/3d-edu.ch\/fr\/"},{"@type":"ListItem","position":2,"name":"Boutique","item":"https:\/\/3d-edu.ch\/fr\/boutique\/"},{"@type":"ListItem","position":3,"name":"Formlabs TPU 90A Poudre 6kg"}]},{"@type":"WebSite","@id":"https:\/\/3d-edu.ch\/fr\/#website","url":"https:\/\/3d-edu.ch\/fr\/","name":"3D-EDU GmbH","description":"Your Formlabs, UltiMaker and Raise3D Printer Support and Education Site in Switzerland. \/\/ Ihre Formlabs, UltiMaker and Raise3D Drucker Support und Bildungs Webseite der Schweiz.","publisher":{"@id":"https:\/\/3d-edu.ch\/fr\/#organization"},"potentialAction":[{"@type":"SearchAction","target":{"@type":"EntryPoint","urlTemplate":"https:\/\/3d-edu.ch\/fr\/?s={search_term_string}"},"query-input":{"@type":"PropertyValueSpecification","valueRequired":true,"valueName":"search_term_string"}}],"inLanguage":"fr-FR"},{"@type":["Organization","Place","ElectronicsStore"],"@id":"https:\/\/3d-edu.ch\/fr\/#organization","name":"3D-EDU GmbH","url":"https:\/\/3d-edu.ch\/fr\/","logo":{"@id":"https:\/\/3d-edu.ch\/fr\/boutique\/formlabs-tpu-90a-poudre-6kg\/#local-main-organization-logo"},"image":{"@id":"https:\/\/3d-edu.ch\/fr\/boutique\/formlabs-tpu-90a-poudre-6kg\/#local-main-organization-logo"},"sameAs":["https:\/\/www.facebook.com\/3d-educh-210277586064960\/","https:\/\/x.com\/3d_edu_ch"],"address":{"@id":"https:\/\/3d-edu.ch\/fr\/boutique\/formlabs-tpu-90a-poudre-6kg\/#local-main-place-address"},"geo":{"@type":"GeoCoordinates","latitude":"47.38413","longitude":"8.49812"},"telephone":["+41 44 492 11 22"],"openingHoursSpecification":[{"@type":"OpeningHoursSpecification","dayOfWeek":["Monday","Tuesday","Wednesday","Thursday","Friday"],"opens":"08:30","closes":"18:00"},{"@type":"OpeningHoursSpecification","dayOfWeek":["Saturday","Sunday"],"opens":"00:00","closes":"00:00"}],"email":"info@3d-edu.ch","faxNumber":"+41 44 492 11 23","vatID":"CHE-184.499.491 MWST","priceRange":"$$$","currenciesAccepted":"CHF"},{"@type":"PostalAddress","@id":"https:\/\/3d-edu.ch\/fr\/boutique\/formlabs-tpu-90a-poudre-6kg\/#local-main-place-address","streetAddress":"3D-EDU GmbH, Badenerstrasse 556","addressLocality":"Z\u00fcrich","postalCode":"8048","addressRegion":"Z\u00fcrich","addressCountry":"CH"},{"@type":"ImageObject","inLanguage":"fr-FR","@id":"https:\/\/3d-edu.ch\/fr\/boutique\/formlabs-tpu-90a-poudre-6kg\/#local-main-organization-logo","url":"https:\/\/3d-edu.ch\/wp-content\/uploads\/2018\/10\/3d-drucker-makerbot-formlabs-professionelle-3d-drucker-e1546527990490.png","contentUrl":"https:\/\/3d-edu.ch\/wp-content\/uploads\/2018\/10\/3d-drucker-makerbot-formlabs-professionelle-3d-drucker-e1546527990490.png","width":275,"height":80,"caption":"3D-EDU GmbH"}]},"product_brand":"Formlabs","product_price_amount":"817.96","product_price_currency":"CHF","og_availability":"backorder","product_availability":"available for order","product_retailer_item_id":"PD-FS-TP9G-01","product_condition":"new","geo.placename":"Z\u00fcrich","geo.position":{"lat":"47.38413","long":"8.49812"},"geo.region":"Suisse"},"_links":{"self":[{"href":"https:\/\/3d-edu.ch\/fr\/wp-json\/wp\/v2\/product\/76756","targetHints":{"allow":["GET"]}}],"collection":[{"href":"https:\/\/3d-edu.ch\/fr\/wp-json\/wp\/v2\/product"}],"about":[{"href":"https:\/\/3d-edu.ch\/fr\/wp-json\/wp\/v2\/types\/product"}],"replies":[{"embeddable":true,"href":"https:\/\/3d-edu.ch\/fr\/wp-json\/wp\/v2\/comments?post=76756"}],"wp:featuredmedia":[{"embeddable":true,"href":"https:\/\/3d-edu.ch\/fr\/wp-json\/wp\/v2\/media\/67579"}],"wp:attachment":[{"href":"https:\/\/3d-edu.ch\/fr\/wp-json\/wp\/v2\/media?parent=76756"}],"wp:term":[{"taxonomy":"product_brand","embeddable":true,"href":"https:\/\/3d-edu.ch\/fr\/wp-json\/wp\/v2\/product_brand?post=76756"},{"taxonomy":"product_cat","embeddable":true,"href":"https:\/\/3d-edu.ch\/fr\/wp-json\/wp\/v2\/product_cat?post=76756"},{"taxonomy":"product_tag","embeddable":true,"href":"https:\/\/3d-edu.ch\/fr\/wp-json\/wp\/v2\/product_tag?post=76756"}],"curies":[{"name":"wp","href":"https:\/\/api.w.org\/{rel}","templated":true}]}}