{"id":76744,"date":"2023-02-06T16:23:10","date_gmt":"2023-02-06T16:23:10","guid":{"rendered":"https:\/\/3d-edu.ch\/shop\/alconox-powdered-precision-cleaner-nettoyant-de-precision-en-poudre\/"},"modified":"2026-05-14T11:11:58","modified_gmt":"2026-05-14T09:11:58","slug":"alconox-powdered-precision-cleaner-nettoyant-de-precision-en-poudre","status":"publish","type":"product","link":"https:\/\/3d-edu.ch\/fr\/boutique\/alconox-powdered-precision-cleaner-nettoyant-de-precision-en-poudre\/","title":{"rendered":"Alconox Powdered Precision Cleaner (nettoyant de pr\u00e9cision en poudre)"},"content":{"rendered":"<h2>Alconox Powdered Precision Cleaner (nettoyant de pr\u00e9cision en poudre)<\/h2>\n<p>Alconox est un d\u00e9tergent anionique concentr\u00e9 pour le nettoyage manuel et par ultrasons. Ce d\u00e9tergent permet d&rsquo;obtenir des r\u00e9sultats fiables sans r\u00e9sidus g\u00eanants. Il convient parfaitement au nettoyage de la verrerie, des m\u00e9taux, des plastiques, de la c\u00e9ramique, de la porcelaine, du caoutchouc et des fibres de verre. Excellent substitut aux acides corrosifs ou aux solvants dangereux. (Approuv\u00e9 par l&rsquo;aUSDA. Diluer au 1:100. pH 9,5)    <\/p>\n<ul>\n<li>Concentr\u00e9 pour vous faire \u00e9conomiser de l&rsquo;argent<\/li>\n<li>Biod\u00e9gradable et facile \u00e0 \u00e9liminer<\/li>\n<li>D\u00e9tergent non ionique faiblement moussant pour des performances \u00e9lev\u00e9es sans endommager l&rsquo;appareil de nettoyage<\/li>\n<\/ul>\n<p>Disponible pour <a href=\"https:\/\/3d-edu.ch\/fr\/formlabs\/imprimante-3d-formlabs\/fuse-1\/\">Formlabs Fuse 1<\/a>.<\/p>\n<h2>Application : M\u00e9lange d&rsquo;Alconox et d&rsquo;eau distill\u00e9e<\/h2>\n<p>Comment utiliser le nettoyant de pr\u00e9cision Alconox en poudre :<\/p>\n<ul>\n<li>Pr\u00e9parez un m\u00e9lange frais dilu\u00e9 \u00e0 1% en m\u00e9langeant 10 g\/L avec de l&rsquo;eau distill\u00e9e froide, chaude (de pr\u00e9f\u00e9rence) ou chaude.<\/li>\n<li>Pour les taches tenaces, augmentez la temp\u00e9rature de l&rsquo;eau ou utilisez plus de d\u00e9tergent (jusqu&rsquo;\u00e0 2%).<\/li>\n<li>Utilisez <a href=\"https:\/\/3d-edu.ch\/fr\/?post_type=product&#038;p=76944\">des chiffons ou des lingettes non pelucheuses<\/a> pour nettoyer la surface du centre vers les bords.<br \/>\nRincez abondamment, de pr\u00e9f\u00e9rence sous l&rsquo;eau courante.<\/li>\n<\/ul>\n<p>La solution finale a une dur\u00e9e de vie de 1 \u00e0 2 semaines.<\/p>\n<h2>\u00c9limination du nettoyant de pr\u00e9cision en poudre Alconox<\/h2>\n<p>Le nettoyant de pr\u00e9cision Alconox en poudre est biod\u00e9gradable et peut \u00eatre jet\u00e9 sans probl\u00e8me \u00e0 l&rsquo;\u00e9gout. Cela d\u00e9pend des taches \u00e9limin\u00e9es. <\/p>\n","protected":false},"excerpt":{"rendered":"<h2>Alconox Powdered Precision Cleaner 50x15g<\/h2>\n<p>Produit de nettoyage pour le nettoyage des <a href=\"https:\/\/3d-edu.ch\/fr\/boutique\/cassette-optique-fuse-series\/\">cassettes optiques<\/a> et autres surfaces optiques \u00e0 l&rsquo;int\u00e9rieur de l&rsquo;imprimante 3D <a href=\"https:\/\/3d-edu.ch\/fr\/formlabs\/imprimante-3d-formlabs\/fuse-1-30w\/\">Formlabs Fuse 1<\/a> SLS. Cette poudre Alconox doit \u00eatre m\u00e9lang\u00e9e \u00e0 de l&rsquo;eau distill\u00e9e. <\/p>\n<p>&nbsp;<\/p>\n","protected":false},"featured_media":67532,"comment_status":"closed","ping_status":"closed","template":"","meta":[],"product_brand":[],"product_cat":[10502,10367,10352],"product_tag":[],"class_list":{"0":"post-76744","1":"product","2":"type-product","3":"status-publish","4":"has-post-thumbnail","6":"product_cat-accessoires-2","7":"product_cat-accessoires-sls","8":"product_cat-formlabs","10":"first","11":"instock","12":"taxable","13":"shipping-taxable","14":"purchasable","15":"product-type-variable","16":"has-default-attributes"},"yoast_head":"<!-- This site is optimized with the Yoast SEO Premium plugin v27.5 (Yoast SEO v27.5) - https:\/\/yoast.com\/product\/yoast-seo-premium-wordpress\/ -->\n<title>Alconox Powdered Precision Cleaner (nettoyant de pr\u00e9cision en poudre) - 3D-EDU GmbH<\/title>\n<meta name=\"description\" content=\"Produit de nettoyage pour le nettoyage des cassettes optiques et autres surfaces optiques \u00e0 l&#039;int\u00e9rieur de l&#039;imprimante 3D Formlabs Fuse 1 SLS. Cette poudre Alconox doit \u00eatre m\u00e9lang\u00e9e \u00e0 de l&#039;eau distill\u00e9e.\" \/>\n<meta name=\"robots\" content=\"index, follow, max-snippet:-1, max-image-preview:large, max-video-preview:-1\" \/>\n<link rel=\"canonical\" href=\"https:\/\/3d-edu.ch\/fr\/boutique\/alconox-powdered-precision-cleaner-nettoyant-de-precision-en-poudre\/\" \/>\n<meta property=\"og:locale\" content=\"fr_FR\" \/>\n<meta property=\"og:type\" content=\"article\" \/>\n<meta property=\"og:title\" content=\"Alconox Powdered Precision Cleaner (nettoyant de pr\u00e9cision en poudre)\" \/>\n<meta property=\"og:description\" content=\"Produit de nettoyage pour le nettoyage des cassettes optiques et autres surfaces optiques \u00e0 l&#039;int\u00e9rieur de l&#039;imprimante 3D Formlabs Fuse 1 SLS. Cette poudre Alconox doit \u00eatre m\u00e9lang\u00e9e \u00e0 de l&#039;eau distill\u00e9e.\" \/>\n<meta property=\"og:url\" content=\"https:\/\/3d-edu.ch\/fr\/boutique\/alconox-powdered-precision-cleaner-nettoyant-de-precision-en-poudre\/\" \/>\n<meta property=\"og:site_name\" content=\"3D-EDU GmbH\" \/>\n<meta property=\"article:publisher\" content=\"https:\/\/www.facebook.com\/3d-educh-210277586064960\/\" \/>\n<meta property=\"article:modified_time\" content=\"2026-05-14T09:11:58+00:00\" \/>\n<meta property=\"og:image\" content=\"https:\/\/3d-edu.ch\/wp-content\/uploads\/2023\/02\/alconox-dispenser-beutel_15g.webp\" \/>\n\t<meta property=\"og:image:width\" content=\"380\" \/>\n\t<meta property=\"og:image:height\" content=\"380\" \/>\n\t<meta property=\"og:image:type\" content=\"image\/webp\" \/>\n<meta name=\"twitter:card\" content=\"summary_large_image\" \/>\n<meta name=\"twitter:site\" content=\"@3d_edu_ch\" \/>\n<meta name=\"twitter:label1\" content=\"Disponibilit\u00e9\" \/>\n\t<meta name=\"twitter:data1\" content=\"En stock\" \/>\n<script type=\"application\/ld+json\" class=\"yoast-schema-graph\">{\"@context\":\"https:\\\/\\\/schema.org\",\"@graph\":[{\"@type\":\"WebPage\",\"@id\":\"https:\\\/\\\/3d-edu.ch\\\/fr\\\/boutique\\\/alconox-powdered-precision-cleaner-nettoyant-de-precision-en-poudre\\\/\",\"url\":\"https:\\\/\\\/3d-edu.ch\\\/fr\\\/boutique\\\/alconox-powdered-precision-cleaner-nettoyant-de-precision-en-poudre\\\/\",\"name\":\"Alconox Powdered Precision Cleaner (nettoyant de pr\u00e9cision en poudre) - 3D-EDU GmbH\",\"isPartOf\":{\"@id\":\"https:\\\/\\\/3d-edu.ch\\\/fr\\\/#website\"},\"primaryImageOfPage\":{\"@id\":\"https:\\\/\\\/3d-edu.ch\\\/fr\\\/boutique\\\/alconox-powdered-precision-cleaner-nettoyant-de-precision-en-poudre\\\/#primaryimage\"},\"image\":{\"@id\":\"https:\\\/\\\/3d-edu.ch\\\/fr\\\/boutique\\\/alconox-powdered-precision-cleaner-nettoyant-de-precision-en-poudre\\\/#primaryimage\"},\"thumbnailUrl\":\"https:\\\/\\\/3d-edu.ch\\\/wp-content\\\/uploads\\\/2023\\\/02\\\/alconox-dispenser-beutel_15g.webp\",\"datePublished\":\"2023-02-06T16:23:10+00:00\",\"dateModified\":\"2026-05-14T09:11:58+00:00\",\"description\":\"Produit de nettoyage pour le nettoyage des cassettes optiques et autres surfaces optiques \u00e0 l'int\u00e9rieur de l'imprimante 3D Formlabs Fuse 1 SLS. Cette poudre Alconox doit \u00eatre m\u00e9lang\u00e9e \u00e0 de l'eau distill\u00e9e.\",\"breadcrumb\":{\"@id\":\"https:\\\/\\\/3d-edu.ch\\\/fr\\\/boutique\\\/alconox-powdered-precision-cleaner-nettoyant-de-precision-en-poudre\\\/#breadcrumb\"},\"inLanguage\":\"fr-FR\",\"potentialAction\":[{\"@type\":\"ReadAction\",\"target\":[\"https:\\\/\\\/3d-edu.ch\\\/fr\\\/boutique\\\/alconox-powdered-precision-cleaner-nettoyant-de-precision-en-poudre\\\/\"]}]},{\"@type\":\"ImageObject\",\"inLanguage\":\"fr-FR\",\"@id\":\"https:\\\/\\\/3d-edu.ch\\\/fr\\\/boutique\\\/alconox-powdered-precision-cleaner-nettoyant-de-precision-en-poudre\\\/#primaryimage\",\"url\":\"https:\\\/\\\/3d-edu.ch\\\/wp-content\\\/uploads\\\/2023\\\/02\\\/alconox-dispenser-beutel_15g.webp\",\"contentUrl\":\"https:\\\/\\\/3d-edu.ch\\\/wp-content\\\/uploads\\\/2023\\\/02\\\/alconox-dispenser-beutel_15g.webp\",\"width\":380,\"height\":380,\"caption\":\"Alconox Dispenser sachet 15g\"},{\"@type\":\"BreadcrumbList\",\"@id\":\"https:\\\/\\\/3d-edu.ch\\\/fr\\\/boutique\\\/alconox-powdered-precision-cleaner-nettoyant-de-precision-en-poudre\\\/#breadcrumb\",\"itemListElement\":[{\"@type\":\"ListItem\",\"position\":1,\"name\":\"Accueil\",\"item\":\"https:\\\/\\\/3d-edu.ch\\\/fr\\\/\"},{\"@type\":\"ListItem\",\"position\":2,\"name\":\"Boutique\",\"item\":\"https:\\\/\\\/3d-edu.ch\\\/fr\\\/boutique\\\/\"},{\"@type\":\"ListItem\",\"position\":3,\"name\":\"Alconox Powdered Precision Cleaner (nettoyant de pr\u00e9cision en poudre)\"}]},{\"@type\":\"WebSite\",\"@id\":\"https:\\\/\\\/3d-edu.ch\\\/fr\\\/#website\",\"url\":\"https:\\\/\\\/3d-edu.ch\\\/fr\\\/\",\"name\":\"3D-EDU GmbH\",\"description\":\"Your Formlabs, UltiMaker and Raise3D Printer Support and Education Site in Switzerland. \\\/\\\/ Ihre Formlabs, UltiMaker and Raise3D Drucker Support und Bildungs Webseite der Schweiz.\",\"publisher\":{\"@id\":\"https:\\\/\\\/3d-edu.ch\\\/fr\\\/#organization\"},\"potentialAction\":[{\"@type\":\"SearchAction\",\"target\":{\"@type\":\"EntryPoint\",\"urlTemplate\":\"https:\\\/\\\/3d-edu.ch\\\/fr\\\/?s={search_term_string}\"},\"query-input\":{\"@type\":\"PropertyValueSpecification\",\"valueRequired\":true,\"valueName\":\"search_term_string\"}}],\"inLanguage\":\"fr-FR\"},{\"@type\":[\"Organization\",\"Place\",\"ElectronicsStore\"],\"@id\":\"https:\\\/\\\/3d-edu.ch\\\/fr\\\/#organization\",\"name\":\"3D-EDU GmbH\",\"url\":\"https:\\\/\\\/3d-edu.ch\\\/fr\\\/\",\"logo\":{\"@id\":\"https:\\\/\\\/3d-edu.ch\\\/fr\\\/boutique\\\/alconox-powdered-precision-cleaner-nettoyant-de-precision-en-poudre\\\/#local-main-organization-logo\"},\"image\":{\"@id\":\"https:\\\/\\\/3d-edu.ch\\\/fr\\\/boutique\\\/alconox-powdered-precision-cleaner-nettoyant-de-precision-en-poudre\\\/#local-main-organization-logo\"},\"sameAs\":[\"https:\\\/\\\/www.facebook.com\\\/3d-educh-210277586064960\\\/\",\"https:\\\/\\\/x.com\\\/3d_edu_ch\"],\"address\":{\"@id\":\"https:\\\/\\\/3d-edu.ch\\\/fr\\\/boutique\\\/alconox-powdered-precision-cleaner-nettoyant-de-precision-en-poudre\\\/#local-main-place-address\"},\"geo\":{\"@type\":\"GeoCoordinates\",\"latitude\":\"47.38413\",\"longitude\":\"8.49812\"},\"telephone\":[\"+41 44 492 11 22\"],\"openingHoursSpecification\":[{\"@type\":\"OpeningHoursSpecification\",\"dayOfWeek\":[\"Monday\",\"Tuesday\",\"Wednesday\",\"Thursday\",\"Friday\"],\"opens\":\"08:30\",\"closes\":\"18:00\"},{\"@type\":\"OpeningHoursSpecification\",\"dayOfWeek\":[\"Saturday\",\"Sunday\"],\"opens\":\"00:00\",\"closes\":\"00:00\"}],\"email\":\"info@3d-edu.ch\",\"faxNumber\":\"+41 44 492 11 23\",\"vatID\":\"CHE-184.499.491 MWST\",\"priceRange\":\"$$$\",\"currenciesAccepted\":\"CHF\"},{\"@type\":\"PostalAddress\",\"@id\":\"https:\\\/\\\/3d-edu.ch\\\/fr\\\/boutique\\\/alconox-powdered-precision-cleaner-nettoyant-de-precision-en-poudre\\\/#local-main-place-address\",\"streetAddress\":\"3D-EDU GmbH, Badenerstrasse 556\",\"addressLocality\":\"Z\u00fcrich\",\"postalCode\":\"8048\",\"addressRegion\":\"Z\u00fcrich\",\"addressCountry\":\"CH\"},{\"@type\":\"ImageObject\",\"inLanguage\":\"fr-FR\",\"@id\":\"https:\\\/\\\/3d-edu.ch\\\/fr\\\/boutique\\\/alconox-powdered-precision-cleaner-nettoyant-de-precision-en-poudre\\\/#local-main-organization-logo\",\"url\":\"https:\\\/\\\/3d-edu.ch\\\/wp-content\\\/uploads\\\/2018\\\/10\\\/3d-drucker-makerbot-formlabs-professionelle-3d-drucker-e1546527990490.png\",\"contentUrl\":\"https:\\\/\\\/3d-edu.ch\\\/wp-content\\\/uploads\\\/2018\\\/10\\\/3d-drucker-makerbot-formlabs-professionelle-3d-drucker-e1546527990490.png\",\"width\":275,\"height\":80,\"caption\":\"3D-EDU GmbH\"}]}<\/script>\n<meta property=\"product:brand\" content=\"Accessoires\" \/>\n<meta property=\"og:availability\" content=\"instock\" \/>\n<meta property=\"product:availability\" content=\"instock\" \/>\n<meta property=\"product:condition\" content=\"new\" \/>\n<meta name=\"geo.placename\" content=\"Z\u00fcrich\" \/>\n<meta name=\"geo.position\" content=\"47.38413;8.49812\" \/>\n<meta name=\"geo.region\" content=\"Suisse\" \/>\n<!-- \/ Yoast SEO Premium plugin. -->","yoast_head_json":{"title":"Alconox Powdered Precision Cleaner (nettoyant de pr\u00e9cision en poudre) - 3D-EDU GmbH","description":"Produit de nettoyage pour le nettoyage des cassettes optiques et autres surfaces optiques \u00e0 l'int\u00e9rieur de l'imprimante 3D Formlabs Fuse 1 SLS. Cette poudre Alconox doit \u00eatre m\u00e9lang\u00e9e \u00e0 de l'eau distill\u00e9e.","robots":{"index":"index","follow":"follow","max-snippet":"max-snippet:-1","max-image-preview":"max-image-preview:large","max-video-preview":"max-video-preview:-1"},"canonical":"https:\/\/3d-edu.ch\/fr\/boutique\/alconox-powdered-precision-cleaner-nettoyant-de-precision-en-poudre\/","og_locale":"fr_FR","og_type":"article","og_title":"Alconox Powdered Precision Cleaner (nettoyant de pr\u00e9cision en poudre)","og_description":"Produit de nettoyage pour le nettoyage des cassettes optiques et autres surfaces optiques \u00e0 l'int\u00e9rieur de l'imprimante 3D Formlabs Fuse 1 SLS. Cette poudre Alconox doit \u00eatre m\u00e9lang\u00e9e \u00e0 de l'eau distill\u00e9e.","og_url":"https:\/\/3d-edu.ch\/fr\/boutique\/alconox-powdered-precision-cleaner-nettoyant-de-precision-en-poudre\/","og_site_name":"3D-EDU GmbH","article_publisher":"https:\/\/www.facebook.com\/3d-educh-210277586064960\/","article_modified_time":"2026-05-14T09:11:58+00:00","og_image":[{"width":380,"height":380,"url":"https:\/\/3d-edu.ch\/wp-content\/uploads\/2023\/02\/alconox-dispenser-beutel_15g.webp","type":"image\/webp"}],"twitter_card":"summary_large_image","twitter_site":"@3d_edu_ch","twitter_misc":{"Disponibilit\u00e9":"En stock"},"schema":{"@context":"https:\/\/schema.org","@graph":[{"@type":"WebPage","@id":"https:\/\/3d-edu.ch\/fr\/boutique\/alconox-powdered-precision-cleaner-nettoyant-de-precision-en-poudre\/","url":"https:\/\/3d-edu.ch\/fr\/boutique\/alconox-powdered-precision-cleaner-nettoyant-de-precision-en-poudre\/","name":"Alconox Powdered Precision Cleaner (nettoyant de pr\u00e9cision en poudre) - 3D-EDU GmbH","isPartOf":{"@id":"https:\/\/3d-edu.ch\/fr\/#website"},"primaryImageOfPage":{"@id":"https:\/\/3d-edu.ch\/fr\/boutique\/alconox-powdered-precision-cleaner-nettoyant-de-precision-en-poudre\/#primaryimage"},"image":{"@id":"https:\/\/3d-edu.ch\/fr\/boutique\/alconox-powdered-precision-cleaner-nettoyant-de-precision-en-poudre\/#primaryimage"},"thumbnailUrl":"https:\/\/3d-edu.ch\/wp-content\/uploads\/2023\/02\/alconox-dispenser-beutel_15g.webp","datePublished":"2023-02-06T16:23:10+00:00","dateModified":"2026-05-14T09:11:58+00:00","description":"Produit de nettoyage pour le nettoyage des cassettes optiques et autres surfaces optiques \u00e0 l'int\u00e9rieur de l'imprimante 3D Formlabs Fuse 1 SLS. Cette poudre Alconox doit \u00eatre m\u00e9lang\u00e9e \u00e0 de l'eau distill\u00e9e.","breadcrumb":{"@id":"https:\/\/3d-edu.ch\/fr\/boutique\/alconox-powdered-precision-cleaner-nettoyant-de-precision-en-poudre\/#breadcrumb"},"inLanguage":"fr-FR","potentialAction":[{"@type":"ReadAction","target":["https:\/\/3d-edu.ch\/fr\/boutique\/alconox-powdered-precision-cleaner-nettoyant-de-precision-en-poudre\/"]}]},{"@type":"ImageObject","inLanguage":"fr-FR","@id":"https:\/\/3d-edu.ch\/fr\/boutique\/alconox-powdered-precision-cleaner-nettoyant-de-precision-en-poudre\/#primaryimage","url":"https:\/\/3d-edu.ch\/wp-content\/uploads\/2023\/02\/alconox-dispenser-beutel_15g.webp","contentUrl":"https:\/\/3d-edu.ch\/wp-content\/uploads\/2023\/02\/alconox-dispenser-beutel_15g.webp","width":380,"height":380,"caption":"Alconox Dispenser sachet 15g"},{"@type":"BreadcrumbList","@id":"https:\/\/3d-edu.ch\/fr\/boutique\/alconox-powdered-precision-cleaner-nettoyant-de-precision-en-poudre\/#breadcrumb","itemListElement":[{"@type":"ListItem","position":1,"name":"Accueil","item":"https:\/\/3d-edu.ch\/fr\/"},{"@type":"ListItem","position":2,"name":"Boutique","item":"https:\/\/3d-edu.ch\/fr\/boutique\/"},{"@type":"ListItem","position":3,"name":"Alconox Powdered Precision Cleaner (nettoyant de pr\u00e9cision en poudre)"}]},{"@type":"WebSite","@id":"https:\/\/3d-edu.ch\/fr\/#website","url":"https:\/\/3d-edu.ch\/fr\/","name":"3D-EDU GmbH","description":"Your Formlabs, UltiMaker and Raise3D Printer Support and Education Site in Switzerland. \/\/ Ihre Formlabs, UltiMaker and Raise3D Drucker Support und Bildungs Webseite der Schweiz.","publisher":{"@id":"https:\/\/3d-edu.ch\/fr\/#organization"},"potentialAction":[{"@type":"SearchAction","target":{"@type":"EntryPoint","urlTemplate":"https:\/\/3d-edu.ch\/fr\/?s={search_term_string}"},"query-input":{"@type":"PropertyValueSpecification","valueRequired":true,"valueName":"search_term_string"}}],"inLanguage":"fr-FR"},{"@type":["Organization","Place","ElectronicsStore"],"@id":"https:\/\/3d-edu.ch\/fr\/#organization","name":"3D-EDU GmbH","url":"https:\/\/3d-edu.ch\/fr\/","logo":{"@id":"https:\/\/3d-edu.ch\/fr\/boutique\/alconox-powdered-precision-cleaner-nettoyant-de-precision-en-poudre\/#local-main-organization-logo"},"image":{"@id":"https:\/\/3d-edu.ch\/fr\/boutique\/alconox-powdered-precision-cleaner-nettoyant-de-precision-en-poudre\/#local-main-organization-logo"},"sameAs":["https:\/\/www.facebook.com\/3d-educh-210277586064960\/","https:\/\/x.com\/3d_edu_ch"],"address":{"@id":"https:\/\/3d-edu.ch\/fr\/boutique\/alconox-powdered-precision-cleaner-nettoyant-de-precision-en-poudre\/#local-main-place-address"},"geo":{"@type":"GeoCoordinates","latitude":"47.38413","longitude":"8.49812"},"telephone":["+41 44 492 11 22"],"openingHoursSpecification":[{"@type":"OpeningHoursSpecification","dayOfWeek":["Monday","Tuesday","Wednesday","Thursday","Friday"],"opens":"08:30","closes":"18:00"},{"@type":"OpeningHoursSpecification","dayOfWeek":["Saturday","Sunday"],"opens":"00:00","closes":"00:00"}],"email":"info@3d-edu.ch","faxNumber":"+41 44 492 11 23","vatID":"CHE-184.499.491 MWST","priceRange":"$$$","currenciesAccepted":"CHF"},{"@type":"PostalAddress","@id":"https:\/\/3d-edu.ch\/fr\/boutique\/alconox-powdered-precision-cleaner-nettoyant-de-precision-en-poudre\/#local-main-place-address","streetAddress":"3D-EDU GmbH, Badenerstrasse 556","addressLocality":"Z\u00fcrich","postalCode":"8048","addressRegion":"Z\u00fcrich","addressCountry":"CH"},{"@type":"ImageObject","inLanguage":"fr-FR","@id":"https:\/\/3d-edu.ch\/fr\/boutique\/alconox-powdered-precision-cleaner-nettoyant-de-precision-en-poudre\/#local-main-organization-logo","url":"https:\/\/3d-edu.ch\/wp-content\/uploads\/2018\/10\/3d-drucker-makerbot-formlabs-professionelle-3d-drucker-e1546527990490.png","contentUrl":"https:\/\/3d-edu.ch\/wp-content\/uploads\/2018\/10\/3d-drucker-makerbot-formlabs-professionelle-3d-drucker-e1546527990490.png","width":275,"height":80,"caption":"3D-EDU GmbH"}]},"product_brand":"Accessoires","og_availability":"instock","product_availability":"instock","product_condition":"new","geo.placename":"Z\u00fcrich","geo.position":{"lat":"47.38413","long":"8.49812"},"geo.region":"Suisse"},"_links":{"self":[{"href":"https:\/\/3d-edu.ch\/fr\/wp-json\/wp\/v2\/product\/76744","targetHints":{"allow":["GET"]}}],"collection":[{"href":"https:\/\/3d-edu.ch\/fr\/wp-json\/wp\/v2\/product"}],"about":[{"href":"https:\/\/3d-edu.ch\/fr\/wp-json\/wp\/v2\/types\/product"}],"replies":[{"embeddable":true,"href":"https:\/\/3d-edu.ch\/fr\/wp-json\/wp\/v2\/comments?post=76744"}],"wp:featuredmedia":[{"embeddable":true,"href":"https:\/\/3d-edu.ch\/fr\/wp-json\/wp\/v2\/media\/67532"}],"wp:attachment":[{"href":"https:\/\/3d-edu.ch\/fr\/wp-json\/wp\/v2\/media?parent=76744"}],"wp:term":[{"taxonomy":"product_brand","embeddable":true,"href":"https:\/\/3d-edu.ch\/fr\/wp-json\/wp\/v2\/product_brand?post=76744"},{"taxonomy":"product_cat","embeddable":true,"href":"https:\/\/3d-edu.ch\/fr\/wp-json\/wp\/v2\/product_cat?post=76744"},{"taxonomy":"product_tag","embeddable":true,"href":"https:\/\/3d-edu.ch\/fr\/wp-json\/wp\/v2\/product_tag?post=76744"}],"curies":[{"name":"wp","href":"https:\/\/api.w.org\/{rel}","templated":true}]}}