{"id":76708,"date":"2023-07-17T10:00:04","date_gmt":"2023-07-17T08:00:04","guid":{"rendered":"https:\/\/3d-edu.ch\/shop\/3djake-asa-silver-1-75mm-2-3kg\/"},"modified":"2023-07-17T10:00:04","modified_gmt":"2023-07-17T08:00:04","slug":"3djake-asa-silver-1-75mm-2-3kg","status":"publish","type":"product","link":"https:\/\/3d-edu.ch\/fr\/boutique\/3djake-asa-silver-1-75mm-2-3kg\/","title":{"rendered":"3DJake ASA Silver 1.75mm 2.3kg"},"content":{"rendered":"<h2>3DJake ASA Silver 1.75mm 2.3kg<\/h2>\n<h3>Inclus dans la livraison<\/h3>\n<ul>\n<li>1 bobine de 3DJake ASA Silver 1.75mm 2.3kg<\/li>\n<\/ul>\n","protected":false},"excerpt":{"rendered":"<h2>3DJake ASA Silver 1.75mm 2.3kg<\/h2>\n<div class=\"p-details__content --wysiwyg\">\n<p>L&rsquo;ASA a \u00e9t\u00e9 sp\u00e9cialement con\u00e7u pour \u00eatre parfaitement adapt\u00e9 au domaine d&rsquo;application de l&rsquo;impression 3D.<\/p>\n<p>L&rsquo;ASA est l&rsquo;un des mat\u00e9riaux d&rsquo;impression 3D les plus populaires en raison de ses propri\u00e9t\u00e9s. Les avantages de ce mat\u00e9riau sont son excellente r\u00e9sistance aux intemp\u00e9ries et aux UV. <\/p>\n<p>Les caract\u00e9ristiques de l&rsquo;ASA de 3DJake :<\/p>\n<ul>\n<li>r\u00e9tr\u00e9cissement minimal<\/li>\n<li>peu de retard<\/li>\n<li>Bonnes tol\u00e9rances de diam\u00e8tre et de circularit\u00e9<\/li>\n<li>Facile \u00e0 imprimer<\/li>\n<li>Bonne adh\u00e9rence des couches<\/li>\n<\/ul>\n<\/div>\n<p>&nbsp;<\/p>\n<table>\n<tbody>\n<tr>\n<td width=\"100\">Fabricant<\/td>\n<td>3DJake<\/td>\n<\/tr>\n<tr>\n<td>Taille de la bobine<\/td>\n<td>2,3 kg<\/td>\n<\/tr>\n<tr>\n<td>Diam\u00e8tre<\/td>\n<td>1,75 mm<\/td>\n<\/tr>\n<tr>\n<td>Couleur<\/td>\n<td>argent<\/td>\n<\/tr>\n<\/tbody>\n<\/table>\n","protected":false},"featured_media":70396,"comment_status":"closed","ping_status":"closed","template":"","meta":[],"product_brand":[],"product_cat":[7863,7875],"product_tag":[8961,8962],"class_list":{"0":"post-76708","1":"product","2":"type-product","3":"status-publish","4":"has-post-thumbnail","6":"product_cat-filament-asa-fr","7":"product_cat-soldes-fr","8":"product_tag-filament-asa","9":"product_tag-silver","11":"first","12":"instock","13":"sale","14":"taxable","15":"shipping-taxable","16":"purchasable","17":"product-type-simple"},"yoast_head":"<!-- This site is optimized with the Yoast SEO Premium plugin v27.4 (Yoast SEO v27.4) - https:\/\/yoast.com\/product\/yoast-seo-premium-wordpress\/ -->\n<title>Acheter 3DJake ASA Silver 1.75mm 2.3kg<\/title>\n<meta name=\"description\" content=\"L&#039;ASA est l&#039;un des mat\u00e9riaux d&#039;impression 3D les plus populaires en raison de ses propri\u00e9t\u00e9s. Les avantages de ce mat\u00e9riau sont son excellente r\u00e9sistance aux intemp\u00e9ries et aux UV.\" \/>\n<meta name=\"robots\" content=\"index, follow, max-snippet:-1, max-image-preview:large, max-video-preview:-1\" \/>\n<link rel=\"canonical\" href=\"https:\/\/3d-edu.ch\/fr\/boutique\/3djake-asa-silver-1-75mm-2-3kg\/\" \/>\n<meta property=\"og:locale\" content=\"fr_FR\" \/>\n<meta property=\"og:type\" content=\"article\" \/>\n<meta property=\"og:title\" content=\"3DJake ASA Silver 1.75mm 2.3kg\" \/>\n<meta property=\"og:description\" content=\"L&#039;ASA est l&#039;un des mat\u00e9riaux d&#039;impression 3D les plus populaires en raison de ses propri\u00e9t\u00e9s. Les avantages de ce mat\u00e9riau sont son excellente r\u00e9sistance aux intemp\u00e9ries et aux UV.\" \/>\n<meta property=\"og:url\" content=\"https:\/\/3d-edu.ch\/fr\/boutique\/3djake-asa-silver-1-75mm-2-3kg\/\" \/>\n<meta property=\"og:site_name\" content=\"3D-EDU GmbH\" \/>\n<meta property=\"article:publisher\" content=\"https:\/\/www.facebook.com\/3d-educh-210277586064960\/\" \/>\n<meta property=\"og:image\" content=\"https:\/\/3d-edu.ch\/wp-content\/uploads\/2024\/07\/3d-jake-asa-silver.webp\" \/>\n\t<meta property=\"og:image:width\" content=\"380\" \/>\n\t<meta property=\"og:image:height\" content=\"380\" \/>\n\t<meta property=\"og:image:type\" content=\"image\/webp\" \/>\n<meta name=\"twitter:card\" content=\"summary_large_image\" \/>\n<meta name=\"twitter:site\" content=\"@3d_edu_ch\" \/>\n<meta name=\"twitter:label1\" content=\"Prix\" \/>\n\t<meta name=\"twitter:data1\" content=\"26.60&nbsp;&#067;&#072;&#070; hors TVA\" \/>\n\t<meta name=\"twitter:label2\" content=\"Disponibilit\u00e9\" \/>\n\t<meta name=\"twitter:data2\" content=\"En stock\" \/>\n<script type=\"application\/ld+json\" class=\"yoast-schema-graph\">{\"@context\":\"https:\\\/\\\/schema.org\",\"@graph\":[{\"@type\":\"WebPage\",\"@id\":\"https:\\\/\\\/3d-edu.ch\\\/fr\\\/boutique\\\/3djake-asa-silver-1-75mm-2-3kg\\\/\",\"url\":\"https:\\\/\\\/3d-edu.ch\\\/fr\\\/boutique\\\/3djake-asa-silver-1-75mm-2-3kg\\\/\",\"name\":\"Acheter 3DJake ASA Silver 1.75mm 2.3kg\",\"isPartOf\":{\"@id\":\"https:\\\/\\\/3d-edu.ch\\\/fr\\\/#website\"},\"primaryImageOfPage\":{\"@id\":\"https:\\\/\\\/3d-edu.ch\\\/fr\\\/boutique\\\/3djake-asa-silver-1-75mm-2-3kg\\\/#primaryimage\"},\"image\":{\"@id\":\"https:\\\/\\\/3d-edu.ch\\\/fr\\\/boutique\\\/3djake-asa-silver-1-75mm-2-3kg\\\/#primaryimage\"},\"thumbnailUrl\":\"https:\\\/\\\/3d-edu.ch\\\/wp-content\\\/uploads\\\/2024\\\/07\\\/3d-jake-asa-silver.webp\",\"datePublished\":\"2023-07-17T08:00:04+00:00\",\"description\":\"L'ASA est l'un des mat\u00e9riaux d'impression 3D les plus populaires en raison de ses propri\u00e9t\u00e9s. Les avantages de ce mat\u00e9riau sont son excellente r\u00e9sistance aux intemp\u00e9ries et aux UV.\",\"breadcrumb\":{\"@id\":\"https:\\\/\\\/3d-edu.ch\\\/fr\\\/boutique\\\/3djake-asa-silver-1-75mm-2-3kg\\\/#breadcrumb\"},\"inLanguage\":\"fr-FR\",\"potentialAction\":[{\"@type\":\"ReadAction\",\"target\":[\"https:\\\/\\\/3d-edu.ch\\\/fr\\\/boutique\\\/3djake-asa-silver-1-75mm-2-3kg\\\/\"]}]},{\"@type\":\"ImageObject\",\"inLanguage\":\"fr-FR\",\"@id\":\"https:\\\/\\\/3d-edu.ch\\\/fr\\\/boutique\\\/3djake-asa-silver-1-75mm-2-3kg\\\/#primaryimage\",\"url\":\"https:\\\/\\\/3d-edu.ch\\\/wp-content\\\/uploads\\\/2024\\\/07\\\/3d-jake-asa-silver.webp\",\"contentUrl\":\"https:\\\/\\\/3d-edu.ch\\\/wp-content\\\/uploads\\\/2024\\\/07\\\/3d-jake-asa-silver.webp\",\"width\":380,\"height\":380},{\"@type\":\"BreadcrumbList\",\"@id\":\"https:\\\/\\\/3d-edu.ch\\\/fr\\\/boutique\\\/3djake-asa-silver-1-75mm-2-3kg\\\/#breadcrumb\",\"itemListElement\":[{\"@type\":\"ListItem\",\"position\":1,\"name\":\"Accueil\",\"item\":\"https:\\\/\\\/3d-edu.ch\\\/fr\\\/\"},{\"@type\":\"ListItem\",\"position\":2,\"name\":\"Boutique\",\"item\":\"https:\\\/\\\/3d-edu.ch\\\/fr\\\/boutique\\\/\"},{\"@type\":\"ListItem\",\"position\":3,\"name\":\"3DJake ASA Silver 1.75mm 2.3kg\"}]},{\"@type\":\"WebSite\",\"@id\":\"https:\\\/\\\/3d-edu.ch\\\/fr\\\/#website\",\"url\":\"https:\\\/\\\/3d-edu.ch\\\/fr\\\/\",\"name\":\"3D-EDU GmbH\",\"description\":\"Your Formlabs, UltiMaker and Raise3D Printer Support and Education Site in Switzerland. \\\/\\\/ Ihre Formlabs, UltiMaker and Raise3D Drucker Support und Bildungs Webseite der Schweiz.\",\"publisher\":{\"@id\":\"https:\\\/\\\/3d-edu.ch\\\/fr\\\/#organization\"},\"potentialAction\":[{\"@type\":\"SearchAction\",\"target\":{\"@type\":\"EntryPoint\",\"urlTemplate\":\"https:\\\/\\\/3d-edu.ch\\\/fr\\\/?s={search_term_string}\"},\"query-input\":{\"@type\":\"PropertyValueSpecification\",\"valueRequired\":true,\"valueName\":\"search_term_string\"}}],\"inLanguage\":\"fr-FR\"},{\"@type\":[\"Organization\",\"Place\",\"ElectronicsStore\"],\"@id\":\"https:\\\/\\\/3d-edu.ch\\\/fr\\\/#organization\",\"name\":\"3D-EDU GmbH\",\"url\":\"https:\\\/\\\/3d-edu.ch\\\/fr\\\/\",\"logo\":{\"@id\":\"https:\\\/\\\/3d-edu.ch\\\/fr\\\/boutique\\\/3djake-asa-silver-1-75mm-2-3kg\\\/#local-main-organization-logo\"},\"image\":{\"@id\":\"https:\\\/\\\/3d-edu.ch\\\/fr\\\/boutique\\\/3djake-asa-silver-1-75mm-2-3kg\\\/#local-main-organization-logo\"},\"sameAs\":[\"https:\\\/\\\/www.facebook.com\\\/3d-educh-210277586064960\\\/\",\"https:\\\/\\\/x.com\\\/3d_edu_ch\"],\"address\":{\"@id\":\"https:\\\/\\\/3d-edu.ch\\\/fr\\\/boutique\\\/3djake-asa-silver-1-75mm-2-3kg\\\/#local-main-place-address\"},\"geo\":{\"@type\":\"GeoCoordinates\",\"latitude\":\"47.38413\",\"longitude\":\"8.49812\"},\"telephone\":[\"+41 44 492 11 22\"],\"openingHoursSpecification\":[{\"@type\":\"OpeningHoursSpecification\",\"dayOfWeek\":[\"Monday\",\"Tuesday\",\"Wednesday\",\"Thursday\",\"Friday\"],\"opens\":\"08:30\",\"closes\":\"18:00\"},{\"@type\":\"OpeningHoursSpecification\",\"dayOfWeek\":[\"Saturday\",\"Sunday\"],\"opens\":\"00:00\",\"closes\":\"00:00\"}],\"email\":\"info@3d-edu.ch\",\"faxNumber\":\"+41 44 492 11 23\",\"vatID\":\"CHE-184.499.491 MWST\",\"priceRange\":\"$$$\",\"currenciesAccepted\":\"CHF\"},{\"@type\":\"PostalAddress\",\"@id\":\"https:\\\/\\\/3d-edu.ch\\\/fr\\\/boutique\\\/3djake-asa-silver-1-75mm-2-3kg\\\/#local-main-place-address\",\"streetAddress\":\"3D-EDU GmbH, Badenerstrasse 556\",\"addressLocality\":\"Z\u00fcrich\",\"postalCode\":\"8048\",\"addressRegion\":\"Z\u00fcrich\",\"addressCountry\":\"CH\"},{\"@type\":\"ImageObject\",\"inLanguage\":\"fr-FR\",\"@id\":\"https:\\\/\\\/3d-edu.ch\\\/fr\\\/boutique\\\/3djake-asa-silver-1-75mm-2-3kg\\\/#local-main-organization-logo\",\"url\":\"https:\\\/\\\/3d-edu.ch\\\/wp-content\\\/uploads\\\/2018\\\/10\\\/3d-drucker-makerbot-formlabs-professionelle-3d-drucker-e1546527990490.png\",\"contentUrl\":\"https:\\\/\\\/3d-edu.ch\\\/wp-content\\\/uploads\\\/2018\\\/10\\\/3d-drucker-makerbot-formlabs-professionelle-3d-drucker-e1546527990490.png\",\"width\":275,\"height\":80,\"caption\":\"3D-EDU GmbH\"}]}<\/script>\n<meta property=\"product:brand\" content=\"Filament ASA\" \/>\n<meta property=\"product:price:amount\" content=\"26.60\" \/>\n<meta property=\"product:price:currency\" content=\"CHF\" \/>\n<meta property=\"og:availability\" content=\"instock\" \/>\n<meta property=\"product:availability\" content=\"instock\" \/>\n<meta property=\"product:retailer_item_id\" content=\"jake-asa-silver-175-2300\" \/>\n<meta property=\"product:condition\" content=\"new\" \/>\n<meta name=\"geo.placename\" content=\"Z\u00fcrich\" \/>\n<meta name=\"geo.position\" content=\"47.38413;8.49812\" \/>\n<meta name=\"geo.region\" content=\"Suisse\" \/>\n<!-- \/ Yoast SEO Premium plugin. -->","yoast_head_json":{"title":"Acheter 3DJake ASA Silver 1.75mm 2.3kg","description":"L'ASA est l'un des mat\u00e9riaux d'impression 3D les plus populaires en raison de ses propri\u00e9t\u00e9s. Les avantages de ce mat\u00e9riau sont son excellente r\u00e9sistance aux intemp\u00e9ries et aux UV.","robots":{"index":"index","follow":"follow","max-snippet":"max-snippet:-1","max-image-preview":"max-image-preview:large","max-video-preview":"max-video-preview:-1"},"canonical":"https:\/\/3d-edu.ch\/fr\/boutique\/3djake-asa-silver-1-75mm-2-3kg\/","og_locale":"fr_FR","og_type":"article","og_title":"3DJake ASA Silver 1.75mm 2.3kg","og_description":"L'ASA est l'un des mat\u00e9riaux d'impression 3D les plus populaires en raison de ses propri\u00e9t\u00e9s. Les avantages de ce mat\u00e9riau sont son excellente r\u00e9sistance aux intemp\u00e9ries et aux UV.","og_url":"https:\/\/3d-edu.ch\/fr\/boutique\/3djake-asa-silver-1-75mm-2-3kg\/","og_site_name":"3D-EDU GmbH","article_publisher":"https:\/\/www.facebook.com\/3d-educh-210277586064960\/","og_image":[{"width":380,"height":380,"url":"https:\/\/3d-edu.ch\/wp-content\/uploads\/2024\/07\/3d-jake-asa-silver.webp","type":"image\/webp"}],"twitter_card":"summary_large_image","twitter_site":"@3d_edu_ch","twitter_misc":{"Prix":"26.60&nbsp;&#67;&#72;&#70; hors TVA","Disponibilit\u00e9":"En stock"},"schema":{"@context":"https:\/\/schema.org","@graph":[{"@type":"WebPage","@id":"https:\/\/3d-edu.ch\/fr\/boutique\/3djake-asa-silver-1-75mm-2-3kg\/","url":"https:\/\/3d-edu.ch\/fr\/boutique\/3djake-asa-silver-1-75mm-2-3kg\/","name":"Acheter 3DJake ASA Silver 1.75mm 2.3kg","isPartOf":{"@id":"https:\/\/3d-edu.ch\/fr\/#website"},"primaryImageOfPage":{"@id":"https:\/\/3d-edu.ch\/fr\/boutique\/3djake-asa-silver-1-75mm-2-3kg\/#primaryimage"},"image":{"@id":"https:\/\/3d-edu.ch\/fr\/boutique\/3djake-asa-silver-1-75mm-2-3kg\/#primaryimage"},"thumbnailUrl":"https:\/\/3d-edu.ch\/wp-content\/uploads\/2024\/07\/3d-jake-asa-silver.webp","datePublished":"2023-07-17T08:00:04+00:00","description":"L'ASA est l'un des mat\u00e9riaux d'impression 3D les plus populaires en raison de ses propri\u00e9t\u00e9s. Les avantages de ce mat\u00e9riau sont son excellente r\u00e9sistance aux intemp\u00e9ries et aux UV.","breadcrumb":{"@id":"https:\/\/3d-edu.ch\/fr\/boutique\/3djake-asa-silver-1-75mm-2-3kg\/#breadcrumb"},"inLanguage":"fr-FR","potentialAction":[{"@type":"ReadAction","target":["https:\/\/3d-edu.ch\/fr\/boutique\/3djake-asa-silver-1-75mm-2-3kg\/"]}]},{"@type":"ImageObject","inLanguage":"fr-FR","@id":"https:\/\/3d-edu.ch\/fr\/boutique\/3djake-asa-silver-1-75mm-2-3kg\/#primaryimage","url":"https:\/\/3d-edu.ch\/wp-content\/uploads\/2024\/07\/3d-jake-asa-silver.webp","contentUrl":"https:\/\/3d-edu.ch\/wp-content\/uploads\/2024\/07\/3d-jake-asa-silver.webp","width":380,"height":380},{"@type":"BreadcrumbList","@id":"https:\/\/3d-edu.ch\/fr\/boutique\/3djake-asa-silver-1-75mm-2-3kg\/#breadcrumb","itemListElement":[{"@type":"ListItem","position":1,"name":"Accueil","item":"https:\/\/3d-edu.ch\/fr\/"},{"@type":"ListItem","position":2,"name":"Boutique","item":"https:\/\/3d-edu.ch\/fr\/boutique\/"},{"@type":"ListItem","position":3,"name":"3DJake ASA Silver 1.75mm 2.3kg"}]},{"@type":"WebSite","@id":"https:\/\/3d-edu.ch\/fr\/#website","url":"https:\/\/3d-edu.ch\/fr\/","name":"3D-EDU GmbH","description":"Your Formlabs, UltiMaker and Raise3D Printer Support and Education Site in Switzerland. \/\/ Ihre Formlabs, UltiMaker and Raise3D Drucker Support und Bildungs Webseite der Schweiz.","publisher":{"@id":"https:\/\/3d-edu.ch\/fr\/#organization"},"potentialAction":[{"@type":"SearchAction","target":{"@type":"EntryPoint","urlTemplate":"https:\/\/3d-edu.ch\/fr\/?s={search_term_string}"},"query-input":{"@type":"PropertyValueSpecification","valueRequired":true,"valueName":"search_term_string"}}],"inLanguage":"fr-FR"},{"@type":["Organization","Place","ElectronicsStore"],"@id":"https:\/\/3d-edu.ch\/fr\/#organization","name":"3D-EDU GmbH","url":"https:\/\/3d-edu.ch\/fr\/","logo":{"@id":"https:\/\/3d-edu.ch\/fr\/boutique\/3djake-asa-silver-1-75mm-2-3kg\/#local-main-organization-logo"},"image":{"@id":"https:\/\/3d-edu.ch\/fr\/boutique\/3djake-asa-silver-1-75mm-2-3kg\/#local-main-organization-logo"},"sameAs":["https:\/\/www.facebook.com\/3d-educh-210277586064960\/","https:\/\/x.com\/3d_edu_ch"],"address":{"@id":"https:\/\/3d-edu.ch\/fr\/boutique\/3djake-asa-silver-1-75mm-2-3kg\/#local-main-place-address"},"geo":{"@type":"GeoCoordinates","latitude":"47.38413","longitude":"8.49812"},"telephone":["+41 44 492 11 22"],"openingHoursSpecification":[{"@type":"OpeningHoursSpecification","dayOfWeek":["Monday","Tuesday","Wednesday","Thursday","Friday"],"opens":"08:30","closes":"18:00"},{"@type":"OpeningHoursSpecification","dayOfWeek":["Saturday","Sunday"],"opens":"00:00","closes":"00:00"}],"email":"info@3d-edu.ch","faxNumber":"+41 44 492 11 23","vatID":"CHE-184.499.491 MWST","priceRange":"$$$","currenciesAccepted":"CHF"},{"@type":"PostalAddress","@id":"https:\/\/3d-edu.ch\/fr\/boutique\/3djake-asa-silver-1-75mm-2-3kg\/#local-main-place-address","streetAddress":"3D-EDU GmbH, Badenerstrasse 556","addressLocality":"Z\u00fcrich","postalCode":"8048","addressRegion":"Z\u00fcrich","addressCountry":"CH"},{"@type":"ImageObject","inLanguage":"fr-FR","@id":"https:\/\/3d-edu.ch\/fr\/boutique\/3djake-asa-silver-1-75mm-2-3kg\/#local-main-organization-logo","url":"https:\/\/3d-edu.ch\/wp-content\/uploads\/2018\/10\/3d-drucker-makerbot-formlabs-professionelle-3d-drucker-e1546527990490.png","contentUrl":"https:\/\/3d-edu.ch\/wp-content\/uploads\/2018\/10\/3d-drucker-makerbot-formlabs-professionelle-3d-drucker-e1546527990490.png","width":275,"height":80,"caption":"3D-EDU GmbH"}]},"product_brand":"Filament ASA","product_price_amount":"26.60","product_price_currency":"CHF","og_availability":"instock","product_availability":"instock","product_retailer_item_id":"jake-asa-silver-175-2300","product_condition":"new","geo.placename":"Z\u00fcrich","geo.position":{"lat":"47.38413","long":"8.49812"},"geo.region":"Suisse"},"_links":{"self":[{"href":"https:\/\/3d-edu.ch\/fr\/wp-json\/wp\/v2\/product\/76708","targetHints":{"allow":["GET"]}}],"collection":[{"href":"https:\/\/3d-edu.ch\/fr\/wp-json\/wp\/v2\/product"}],"about":[{"href":"https:\/\/3d-edu.ch\/fr\/wp-json\/wp\/v2\/types\/product"}],"replies":[{"embeddable":true,"href":"https:\/\/3d-edu.ch\/fr\/wp-json\/wp\/v2\/comments?post=76708"}],"wp:featuredmedia":[{"embeddable":true,"href":"https:\/\/3d-edu.ch\/fr\/wp-json\/wp\/v2\/media\/70396"}],"wp:attachment":[{"href":"https:\/\/3d-edu.ch\/fr\/wp-json\/wp\/v2\/media?parent=76708"}],"wp:term":[{"taxonomy":"product_brand","embeddable":true,"href":"https:\/\/3d-edu.ch\/fr\/wp-json\/wp\/v2\/product_brand?post=76708"},{"taxonomy":"product_cat","embeddable":true,"href":"https:\/\/3d-edu.ch\/fr\/wp-json\/wp\/v2\/product_cat?post=76708"},{"taxonomy":"product_tag","embeddable":true,"href":"https:\/\/3d-edu.ch\/fr\/wp-json\/wp\/v2\/product_tag?post=76708"}],"curies":[{"name":"wp","href":"https:\/\/api.w.org\/{rel}","templated":true}]}}