{"id":76707,"date":"2023-06-13T15:09:37","date_gmt":"2023-06-13T15:09:37","guid":{"rendered":"https:\/\/3d-edu.ch\/shop\/aesub-blue-spray-de-numerisation-400ml\/"},"modified":"2026-04-20T13:42:15","modified_gmt":"2026-04-20T11:42:15","slug":"aesub-blue-spray-de-numerisation-400ml","status":"publish","type":"product","link":"https:\/\/3d-edu.ch\/fr\/boutique\/aesub-blue-spray-de-numerisation-400ml\/","title":{"rendered":"AESUB Blue Spray de num\u00e9risation 400ml"},"content":{"rendered":"<div class=\"col col-md-7 col-12\">\n<div class=\"desc\">\n<h2>AESUB blue Spray de num\u00e9risation 400ml<\/h2>\n<ul>\n<li>Spray de num\u00e9risation auto-vaporisant (environ 4h)<\/li>\n<li>Pas de nettoyage n\u00e9cessaire<\/li>\n<li>Couche homog\u00e8ne avec une \u00e9paisseur minimale<\/li>\n<li>Sans pigment<\/li>\n<li>Con\u00e7u et test\u00e9 par des experts en num\u00e9risation<\/li>\n<\/ul>\n<\/div>\n<\/div>\n","protected":false},"excerpt":{"rendered":"<div>\n<h2>AESUB blue Spray de num\u00e9risation 400ml<\/h2>\n<\/div>\n<div class=\"desc\">\n<p>AESUB blue est un spray de num\u00e9risation auto-volatile. Il \u00e9limine les probl\u00e8mes d&rsquo;application fondamentaux de la m\u00e9trologie 3D, en particulier dans les zones sensibles (laboratoires, production, etc.). AESUB blue prot\u00e8ge l&rsquo;\u00e9quipement contre les d\u00e9p\u00f4ts de pigments.  <\/p>\n<p><strong>Ce spray ne contient aucun pigment et se dissout donc sans laisser de traces apr\u00e8s un certain temps (environ 4 heures). La surface reste scannable pendant environ une heure. <\/strong><\/p>\n<\/div>\n","protected":false},"featured_media":47634,"comment_status":"closed","ping_status":"closed","template":"","meta":[],"product_brand":[],"product_cat":[7907,8279],"product_tag":[8631,8283,8632],"class_list":{"0":"post-76707","1":"product","2":"type-product","3":"status-publish","4":"has-post-thumbnail","6":"product_cat-accessoires-fr-2","7":"product_cat-peel-3d","8":"product_tag-aesub","9":"product_tag-scanners-3d","10":"product_tag-spray","12":"first","13":"instock","14":"taxable","15":"shipping-taxable","16":"purchasable","17":"product-type-simple"},"yoast_head":"<!-- This site is optimized with the Yoast SEO Premium plugin v27.4 (Yoast SEO v27.4) - https:\/\/yoast.com\/product\/yoast-seo-premium-wordpress\/ -->\n<title>AESUB Blue Spray de num\u00e9risation 400ml - 3D-EDU GmbH<\/title>\n<meta name=\"description\" content=\"AESUB blue est un spray de num\u00e9risation auto-volatile. Il \u00e9limine les probl\u00e8mes d&#039;application fondamentaux de la m\u00e9trologie 3D, en particulier dans les zones sensibles (laboratoires, production, etc.). AESUB blue prot\u00e8ge l&#039;\u00e9quipement contre les d\u00e9p\u00f4ts de pigments.\" \/>\n<meta name=\"robots\" content=\"index, follow, max-snippet:-1, max-image-preview:large, max-video-preview:-1\" \/>\n<link rel=\"canonical\" href=\"https:\/\/3d-edu.ch\/fr\/boutique\/aesub-blue-spray-de-numerisation-400ml\/\" \/>\n<meta property=\"og:locale\" content=\"fr_FR\" \/>\n<meta property=\"og:type\" content=\"article\" \/>\n<meta property=\"og:title\" content=\"AESUB Blue Spray de num\u00e9risation 400ml\" \/>\n<meta property=\"og:description\" content=\"AESUB blue est un spray de num\u00e9risation auto-volatile. Il \u00e9limine les probl\u00e8mes d&#039;application fondamentaux de la m\u00e9trologie 3D, en particulier dans les zones sensibles (laboratoires, production, etc.). AESUB blue prot\u00e8ge l&#039;\u00e9quipement contre les d\u00e9p\u00f4ts de pigments.\" \/>\n<meta property=\"og:url\" content=\"https:\/\/3d-edu.ch\/fr\/boutique\/aesub-blue-spray-de-numerisation-400ml\/\" \/>\n<meta property=\"og:site_name\" content=\"3D-EDU GmbH\" \/>\n<meta property=\"article:publisher\" content=\"https:\/\/www.facebook.com\/3d-educh-210277586064960\/\" \/>\n<meta property=\"article:modified_time\" content=\"2026-04-20T11:42:15+00:00\" \/>\n<meta property=\"og:image\" content=\"https:\/\/3d-edu.ch\/wp-content\/uploads\/2023\/06\/aesub-blue-scanningspray-400ml.webp\" \/>\n\t<meta property=\"og:image:width\" content=\"380\" \/>\n\t<meta property=\"og:image:height\" content=\"380\" \/>\n\t<meta property=\"og:image:type\" content=\"image\/webp\" \/>\n<meta name=\"twitter:card\" content=\"summary_large_image\" \/>\n<meta name=\"twitter:site\" content=\"@3d_edu_ch\" \/>\n<meta name=\"twitter:label1\" content=\"Prix\" \/>\n\t<meta name=\"twitter:data1\" content=\"29.08&nbsp;&#067;&#072;&#070; hors TVA\" \/>\n\t<meta name=\"twitter:label2\" content=\"Disponibilit\u00e9\" \/>\n\t<meta name=\"twitter:data2\" content=\"En stock\" \/>\n<script type=\"application\/ld+json\" class=\"yoast-schema-graph\">{\"@context\":\"https:\\\/\\\/schema.org\",\"@graph\":[{\"@type\":\"WebPage\",\"@id\":\"https:\\\/\\\/3d-edu.ch\\\/fr\\\/boutique\\\/aesub-blue-spray-de-numerisation-400ml\\\/\",\"url\":\"https:\\\/\\\/3d-edu.ch\\\/fr\\\/boutique\\\/aesub-blue-spray-de-numerisation-400ml\\\/\",\"name\":\"AESUB Blue Spray de num\u00e9risation 400ml - 3D-EDU GmbH\",\"isPartOf\":{\"@id\":\"https:\\\/\\\/3d-edu.ch\\\/fr\\\/#website\"},\"primaryImageOfPage\":{\"@id\":\"https:\\\/\\\/3d-edu.ch\\\/fr\\\/boutique\\\/aesub-blue-spray-de-numerisation-400ml\\\/#primaryimage\"},\"image\":{\"@id\":\"https:\\\/\\\/3d-edu.ch\\\/fr\\\/boutique\\\/aesub-blue-spray-de-numerisation-400ml\\\/#primaryimage\"},\"thumbnailUrl\":\"https:\\\/\\\/3d-edu.ch\\\/wp-content\\\/uploads\\\/2023\\\/06\\\/aesub-blue-scanningspray-400ml.webp\",\"datePublished\":\"2023-06-13T15:09:37+00:00\",\"dateModified\":\"2026-04-20T11:42:15+00:00\",\"description\":\"AESUB blue est un spray de num\u00e9risation auto-volatile. Il \u00e9limine les probl\u00e8mes d'application fondamentaux de la m\u00e9trologie 3D, en particulier dans les zones sensibles (laboratoires, production, etc.). AESUB blue prot\u00e8ge l'\u00e9quipement contre les d\u00e9p\u00f4ts de pigments.\",\"breadcrumb\":{\"@id\":\"https:\\\/\\\/3d-edu.ch\\\/fr\\\/boutique\\\/aesub-blue-spray-de-numerisation-400ml\\\/#breadcrumb\"},\"inLanguage\":\"fr-FR\",\"potentialAction\":[{\"@type\":\"ReadAction\",\"target\":[\"https:\\\/\\\/3d-edu.ch\\\/fr\\\/boutique\\\/aesub-blue-spray-de-numerisation-400ml\\\/\"]}]},{\"@type\":\"ImageObject\",\"inLanguage\":\"fr-FR\",\"@id\":\"https:\\\/\\\/3d-edu.ch\\\/fr\\\/boutique\\\/aesub-blue-spray-de-numerisation-400ml\\\/#primaryimage\",\"url\":\"https:\\\/\\\/3d-edu.ch\\\/wp-content\\\/uploads\\\/2023\\\/06\\\/aesub-blue-scanningspray-400ml.webp\",\"contentUrl\":\"https:\\\/\\\/3d-edu.ch\\\/wp-content\\\/uploads\\\/2023\\\/06\\\/aesub-blue-scanningspray-400ml.webp\",\"width\":380,\"height\":380,\"caption\":\"AESUB Blue Scanningspray 400ml\"},{\"@type\":\"BreadcrumbList\",\"@id\":\"https:\\\/\\\/3d-edu.ch\\\/fr\\\/boutique\\\/aesub-blue-spray-de-numerisation-400ml\\\/#breadcrumb\",\"itemListElement\":[{\"@type\":\"ListItem\",\"position\":1,\"name\":\"Accueil\",\"item\":\"https:\\\/\\\/3d-edu.ch\\\/fr\\\/\"},{\"@type\":\"ListItem\",\"position\":2,\"name\":\"Boutique\",\"item\":\"https:\\\/\\\/3d-edu.ch\\\/fr\\\/boutique\\\/\"},{\"@type\":\"ListItem\",\"position\":3,\"name\":\"AESUB Blue Spray de num\u00e9risation 400ml\"}]},{\"@type\":\"WebSite\",\"@id\":\"https:\\\/\\\/3d-edu.ch\\\/fr\\\/#website\",\"url\":\"https:\\\/\\\/3d-edu.ch\\\/fr\\\/\",\"name\":\"3D-EDU GmbH\",\"description\":\"Your Formlabs, UltiMaker and Raise3D Printer Support and Education Site in Switzerland. \\\/\\\/ Ihre Formlabs, UltiMaker and Raise3D Drucker Support und Bildungs Webseite der Schweiz.\",\"publisher\":{\"@id\":\"https:\\\/\\\/3d-edu.ch\\\/fr\\\/#organization\"},\"potentialAction\":[{\"@type\":\"SearchAction\",\"target\":{\"@type\":\"EntryPoint\",\"urlTemplate\":\"https:\\\/\\\/3d-edu.ch\\\/fr\\\/?s={search_term_string}\"},\"query-input\":{\"@type\":\"PropertyValueSpecification\",\"valueRequired\":true,\"valueName\":\"search_term_string\"}}],\"inLanguage\":\"fr-FR\"},{\"@type\":[\"Organization\",\"Place\",\"ElectronicsStore\"],\"@id\":\"https:\\\/\\\/3d-edu.ch\\\/fr\\\/#organization\",\"name\":\"3D-EDU GmbH\",\"url\":\"https:\\\/\\\/3d-edu.ch\\\/fr\\\/\",\"logo\":{\"@id\":\"https:\\\/\\\/3d-edu.ch\\\/fr\\\/boutique\\\/aesub-blue-spray-de-numerisation-400ml\\\/#local-main-organization-logo\"},\"image\":{\"@id\":\"https:\\\/\\\/3d-edu.ch\\\/fr\\\/boutique\\\/aesub-blue-spray-de-numerisation-400ml\\\/#local-main-organization-logo\"},\"sameAs\":[\"https:\\\/\\\/www.facebook.com\\\/3d-educh-210277586064960\\\/\",\"https:\\\/\\\/x.com\\\/3d_edu_ch\"],\"address\":{\"@id\":\"https:\\\/\\\/3d-edu.ch\\\/fr\\\/boutique\\\/aesub-blue-spray-de-numerisation-400ml\\\/#local-main-place-address\"},\"geo\":{\"@type\":\"GeoCoordinates\",\"latitude\":\"47.38413\",\"longitude\":\"8.49812\"},\"telephone\":[\"+41 44 492 11 22\"],\"openingHoursSpecification\":[{\"@type\":\"OpeningHoursSpecification\",\"dayOfWeek\":[\"Monday\",\"Tuesday\",\"Wednesday\",\"Thursday\",\"Friday\"],\"opens\":\"08:30\",\"closes\":\"18:00\"},{\"@type\":\"OpeningHoursSpecification\",\"dayOfWeek\":[\"Saturday\",\"Sunday\"],\"opens\":\"00:00\",\"closes\":\"00:00\"}],\"email\":\"info@3d-edu.ch\",\"faxNumber\":\"+41 44 492 11 23\",\"vatID\":\"CHE-184.499.491 MWST\",\"priceRange\":\"$$$\",\"currenciesAccepted\":\"CHF\"},{\"@type\":\"PostalAddress\",\"@id\":\"https:\\\/\\\/3d-edu.ch\\\/fr\\\/boutique\\\/aesub-blue-spray-de-numerisation-400ml\\\/#local-main-place-address\",\"streetAddress\":\"3D-EDU GmbH, Badenerstrasse 556\",\"addressLocality\":\"Z\u00fcrich\",\"postalCode\":\"8048\",\"addressRegion\":\"Z\u00fcrich\",\"addressCountry\":\"CH\"},{\"@type\":\"ImageObject\",\"inLanguage\":\"fr-FR\",\"@id\":\"https:\\\/\\\/3d-edu.ch\\\/fr\\\/boutique\\\/aesub-blue-spray-de-numerisation-400ml\\\/#local-main-organization-logo\",\"url\":\"https:\\\/\\\/3d-edu.ch\\\/wp-content\\\/uploads\\\/2018\\\/10\\\/3d-drucker-makerbot-formlabs-professionelle-3d-drucker-e1546527990490.png\",\"contentUrl\":\"https:\\\/\\\/3d-edu.ch\\\/wp-content\\\/uploads\\\/2018\\\/10\\\/3d-drucker-makerbot-formlabs-professionelle-3d-drucker-e1546527990490.png\",\"width\":275,\"height\":80,\"caption\":\"3D-EDU GmbH\"}]}<\/script>\n<meta property=\"product:brand\" content=\"Peel 3D\" \/>\n<meta property=\"product:price:amount\" content=\"29.08\" \/>\n<meta property=\"product:price:currency\" content=\"CHF\" \/>\n<meta property=\"og:availability\" content=\"instock\" \/>\n<meta property=\"product:availability\" content=\"instock\" \/>\n<meta property=\"product:retailer_item_id\" content=\"ACIG-1002\" \/>\n<meta property=\"product:condition\" content=\"new\" \/>\n<meta name=\"geo.placename\" content=\"Z\u00fcrich\" \/>\n<meta name=\"geo.position\" content=\"47.38413;8.49812\" \/>\n<meta name=\"geo.region\" content=\"Suisse\" \/>\n<!-- \/ Yoast SEO Premium plugin. -->","yoast_head_json":{"title":"AESUB Blue Spray de num\u00e9risation 400ml - 3D-EDU GmbH","description":"AESUB blue est un spray de num\u00e9risation auto-volatile. Il \u00e9limine les probl\u00e8mes d'application fondamentaux de la m\u00e9trologie 3D, en particulier dans les zones sensibles (laboratoires, production, etc.). AESUB blue prot\u00e8ge l'\u00e9quipement contre les d\u00e9p\u00f4ts de pigments.","robots":{"index":"index","follow":"follow","max-snippet":"max-snippet:-1","max-image-preview":"max-image-preview:large","max-video-preview":"max-video-preview:-1"},"canonical":"https:\/\/3d-edu.ch\/fr\/boutique\/aesub-blue-spray-de-numerisation-400ml\/","og_locale":"fr_FR","og_type":"article","og_title":"AESUB Blue Spray de num\u00e9risation 400ml","og_description":"AESUB blue est un spray de num\u00e9risation auto-volatile. Il \u00e9limine les probl\u00e8mes d'application fondamentaux de la m\u00e9trologie 3D, en particulier dans les zones sensibles (laboratoires, production, etc.). AESUB blue prot\u00e8ge l'\u00e9quipement contre les d\u00e9p\u00f4ts de pigments.","og_url":"https:\/\/3d-edu.ch\/fr\/boutique\/aesub-blue-spray-de-numerisation-400ml\/","og_site_name":"3D-EDU GmbH","article_publisher":"https:\/\/www.facebook.com\/3d-educh-210277586064960\/","article_modified_time":"2026-04-20T11:42:15+00:00","og_image":[{"width":380,"height":380,"url":"https:\/\/3d-edu.ch\/wp-content\/uploads\/2023\/06\/aesub-blue-scanningspray-400ml.webp","type":"image\/webp"}],"twitter_card":"summary_large_image","twitter_site":"@3d_edu_ch","twitter_misc":{"Prix":"29.08&nbsp;&#67;&#72;&#70; hors TVA","Disponibilit\u00e9":"En stock"},"schema":{"@context":"https:\/\/schema.org","@graph":[{"@type":"WebPage","@id":"https:\/\/3d-edu.ch\/fr\/boutique\/aesub-blue-spray-de-numerisation-400ml\/","url":"https:\/\/3d-edu.ch\/fr\/boutique\/aesub-blue-spray-de-numerisation-400ml\/","name":"AESUB Blue Spray de num\u00e9risation 400ml - 3D-EDU GmbH","isPartOf":{"@id":"https:\/\/3d-edu.ch\/fr\/#website"},"primaryImageOfPage":{"@id":"https:\/\/3d-edu.ch\/fr\/boutique\/aesub-blue-spray-de-numerisation-400ml\/#primaryimage"},"image":{"@id":"https:\/\/3d-edu.ch\/fr\/boutique\/aesub-blue-spray-de-numerisation-400ml\/#primaryimage"},"thumbnailUrl":"https:\/\/3d-edu.ch\/wp-content\/uploads\/2023\/06\/aesub-blue-scanningspray-400ml.webp","datePublished":"2023-06-13T15:09:37+00:00","dateModified":"2026-04-20T11:42:15+00:00","description":"AESUB blue est un spray de num\u00e9risation auto-volatile. Il \u00e9limine les probl\u00e8mes d'application fondamentaux de la m\u00e9trologie 3D, en particulier dans les zones sensibles (laboratoires, production, etc.). AESUB blue prot\u00e8ge l'\u00e9quipement contre les d\u00e9p\u00f4ts de pigments.","breadcrumb":{"@id":"https:\/\/3d-edu.ch\/fr\/boutique\/aesub-blue-spray-de-numerisation-400ml\/#breadcrumb"},"inLanguage":"fr-FR","potentialAction":[{"@type":"ReadAction","target":["https:\/\/3d-edu.ch\/fr\/boutique\/aesub-blue-spray-de-numerisation-400ml\/"]}]},{"@type":"ImageObject","inLanguage":"fr-FR","@id":"https:\/\/3d-edu.ch\/fr\/boutique\/aesub-blue-spray-de-numerisation-400ml\/#primaryimage","url":"https:\/\/3d-edu.ch\/wp-content\/uploads\/2023\/06\/aesub-blue-scanningspray-400ml.webp","contentUrl":"https:\/\/3d-edu.ch\/wp-content\/uploads\/2023\/06\/aesub-blue-scanningspray-400ml.webp","width":380,"height":380,"caption":"AESUB Blue Scanningspray 400ml"},{"@type":"BreadcrumbList","@id":"https:\/\/3d-edu.ch\/fr\/boutique\/aesub-blue-spray-de-numerisation-400ml\/#breadcrumb","itemListElement":[{"@type":"ListItem","position":1,"name":"Accueil","item":"https:\/\/3d-edu.ch\/fr\/"},{"@type":"ListItem","position":2,"name":"Boutique","item":"https:\/\/3d-edu.ch\/fr\/boutique\/"},{"@type":"ListItem","position":3,"name":"AESUB Blue Spray de num\u00e9risation 400ml"}]},{"@type":"WebSite","@id":"https:\/\/3d-edu.ch\/fr\/#website","url":"https:\/\/3d-edu.ch\/fr\/","name":"3D-EDU GmbH","description":"Your Formlabs, UltiMaker and Raise3D Printer Support and Education Site in Switzerland. \/\/ Ihre Formlabs, UltiMaker and Raise3D Drucker Support und Bildungs Webseite der Schweiz.","publisher":{"@id":"https:\/\/3d-edu.ch\/fr\/#organization"},"potentialAction":[{"@type":"SearchAction","target":{"@type":"EntryPoint","urlTemplate":"https:\/\/3d-edu.ch\/fr\/?s={search_term_string}"},"query-input":{"@type":"PropertyValueSpecification","valueRequired":true,"valueName":"search_term_string"}}],"inLanguage":"fr-FR"},{"@type":["Organization","Place","ElectronicsStore"],"@id":"https:\/\/3d-edu.ch\/fr\/#organization","name":"3D-EDU GmbH","url":"https:\/\/3d-edu.ch\/fr\/","logo":{"@id":"https:\/\/3d-edu.ch\/fr\/boutique\/aesub-blue-spray-de-numerisation-400ml\/#local-main-organization-logo"},"image":{"@id":"https:\/\/3d-edu.ch\/fr\/boutique\/aesub-blue-spray-de-numerisation-400ml\/#local-main-organization-logo"},"sameAs":["https:\/\/www.facebook.com\/3d-educh-210277586064960\/","https:\/\/x.com\/3d_edu_ch"],"address":{"@id":"https:\/\/3d-edu.ch\/fr\/boutique\/aesub-blue-spray-de-numerisation-400ml\/#local-main-place-address"},"geo":{"@type":"GeoCoordinates","latitude":"47.38413","longitude":"8.49812"},"telephone":["+41 44 492 11 22"],"openingHoursSpecification":[{"@type":"OpeningHoursSpecification","dayOfWeek":["Monday","Tuesday","Wednesday","Thursday","Friday"],"opens":"08:30","closes":"18:00"},{"@type":"OpeningHoursSpecification","dayOfWeek":["Saturday","Sunday"],"opens":"00:00","closes":"00:00"}],"email":"info@3d-edu.ch","faxNumber":"+41 44 492 11 23","vatID":"CHE-184.499.491 MWST","priceRange":"$$$","currenciesAccepted":"CHF"},{"@type":"PostalAddress","@id":"https:\/\/3d-edu.ch\/fr\/boutique\/aesub-blue-spray-de-numerisation-400ml\/#local-main-place-address","streetAddress":"3D-EDU GmbH, Badenerstrasse 556","addressLocality":"Z\u00fcrich","postalCode":"8048","addressRegion":"Z\u00fcrich","addressCountry":"CH"},{"@type":"ImageObject","inLanguage":"fr-FR","@id":"https:\/\/3d-edu.ch\/fr\/boutique\/aesub-blue-spray-de-numerisation-400ml\/#local-main-organization-logo","url":"https:\/\/3d-edu.ch\/wp-content\/uploads\/2018\/10\/3d-drucker-makerbot-formlabs-professionelle-3d-drucker-e1546527990490.png","contentUrl":"https:\/\/3d-edu.ch\/wp-content\/uploads\/2018\/10\/3d-drucker-makerbot-formlabs-professionelle-3d-drucker-e1546527990490.png","width":275,"height":80,"caption":"3D-EDU GmbH"}]},"product_brand":"Peel 3D","product_price_amount":"29.08","product_price_currency":"CHF","og_availability":"instock","product_availability":"instock","product_retailer_item_id":"ACIG-1002","product_condition":"new","geo.placename":"Z\u00fcrich","geo.position":{"lat":"47.38413","long":"8.49812"},"geo.region":"Suisse"},"_links":{"self":[{"href":"https:\/\/3d-edu.ch\/fr\/wp-json\/wp\/v2\/product\/76707","targetHints":{"allow":["GET"]}}],"collection":[{"href":"https:\/\/3d-edu.ch\/fr\/wp-json\/wp\/v2\/product"}],"about":[{"href":"https:\/\/3d-edu.ch\/fr\/wp-json\/wp\/v2\/types\/product"}],"replies":[{"embeddable":true,"href":"https:\/\/3d-edu.ch\/fr\/wp-json\/wp\/v2\/comments?post=76707"}],"wp:featuredmedia":[{"embeddable":true,"href":"https:\/\/3d-edu.ch\/fr\/wp-json\/wp\/v2\/media\/47634"}],"wp:attachment":[{"href":"https:\/\/3d-edu.ch\/fr\/wp-json\/wp\/v2\/media?parent=76707"}],"wp:term":[{"taxonomy":"product_brand","embeddable":true,"href":"https:\/\/3d-edu.ch\/fr\/wp-json\/wp\/v2\/product_brand?post=76707"},{"taxonomy":"product_cat","embeddable":true,"href":"https:\/\/3d-edu.ch\/fr\/wp-json\/wp\/v2\/product_cat?post=76707"},{"taxonomy":"product_tag","embeddable":true,"href":"https:\/\/3d-edu.ch\/fr\/wp-json\/wp\/v2\/product_tag?post=76707"}],"curies":[{"name":"wp","href":"https:\/\/api.w.org\/{rel}","templated":true}]}}