{"id":76703,"date":"2023-06-12T15:19:22","date_gmt":"2023-06-12T15:19:22","guid":{"rendered":"https:\/\/3d-edu.ch\/shop\/formlabs-form-4-biomed-durable-resin-1l-resine-1l\/"},"modified":"2026-05-05T16:59:55","modified_gmt":"2026-05-05T14:59:55","slug":"formlabs-form-4-biomed-durable-resin-1l-resine-1l","status":"publish","type":"product","link":"https:\/\/3d-edu.ch\/fr\/boutique\/formlabs-form-4-biomed-durable-resin-1l-resine-1l\/","title":{"rendered":"Formlabs Form 4 BioMed Durable Resin 1L \/ R\u00e9sine 1L"},"content":{"rendered":"<h3>Formlabs Form 4 BioMed Durable Resin 1L \/ R\u00e9sine 1L<\/h3>\n<p>Formlabs BioMed Durable Resin est un mat\u00e9riau d&rsquo;impression 3D transparent pour les applications biocompatibles qui n\u00e9cessitent une r\u00e9sistance aux chocs, \u00e0 la rupture et \u00e0 l&rsquo;abrasion. Ce mat\u00e9riau de classe VI certifi\u00e9 USP est adapt\u00e9 aux applications impliquant un contact prolong\u00e9 avec la peau et un contact de courte dur\u00e9e avec les tissus, les os et la dentine (&lt; 24 heures). <\/p>\n<p>BioMed Durable Resin est fabriqu\u00e9 dans une installation certifi\u00e9e ISO 13485 et enregistr\u00e9e aupr\u00e8s de la FDA.<\/p>\n<div class=\"accordion\">\n\t<div id=\"accordion-492090734\" class=\"accordion-item\">\n\t\t<a id=\"accordion-492090734-label\" class=\"accordion-title plain\" href=\"#accordion-item-plus-d&#039;informations\" aria-expanded=\"false\" aria-controls=\"accordion-492090734-content\">\n\t\t\t<button class=\"toggle\" aria-label=\"Basculer\"><i class=\"icon-angle-down\" aria-hidden=\"true\"><\/i><\/button>\n\t\t\t<span>Plus d&#039;informations<\/span>\n\t\t<\/a>\n\t\t<div id=\"accordion-492090734-content\" class=\"accordion-inner\" aria-labelledby=\"accordion-492090734-label\">\n\t\t\t\n<p><strong>Contenu de la livraison<\/strong><\/p>\n<ul>\n<li>1x Formlabs Form 4 BioMed R\u00e9sine Durable 1L<\/li>\n<\/ul>\n\t\t<\/div>\n\t<\/div>\n\t\n<\/div>\n","protected":false},"excerpt":{"rendered":"<h2><strong>Formlabs BioMed R\u00e9sine Durable 1L<\/strong><\/h2>\n<p>BioMed Durable Resin est un mat\u00e9riau d&rsquo;impression 3D transparent pour les applications biocompatibles qui n\u00e9cessitent une r\u00e9sistance aux chocs, \u00e0 la rupture et \u00e0 l&rsquo;abrasion. Ce mat\u00e9riau de classe VI certifi\u00e9 USP est adapt\u00e9 aux applications impliquant un contact prolong\u00e9 avec la peau et un contact de courte dur\u00e9e avec les tissus, les os et la dentine (&lt; 24 heures). <\/p>\n","protected":false},"featured_media":70061,"comment_status":"closed","ping_status":"closed","template":"","meta":[],"product_brand":[],"product_cat":[],"product_tag":[8483,8057,7784,8055,8053],"class_list":{"0":"post-76703","1":"product","2":"type-product","3":"status-publish","4":"has-post-thumbnail","6":"product_tag-biomed-durable","7":"product_tag-forme-4","8":"product_tag-formlabs-fr","9":"product_tag-formlabs-form-4-resine","10":"product_tag-resine-formlabs","12":"first","13":"onbackorder","14":"taxable","15":"shipping-taxable","16":"purchasable","17":"product-type-simple"},"yoast_head":"<!-- This site is optimized with the Yoast SEO Premium plugin v27.5 (Yoast SEO v27.5) - https:\/\/yoast.com\/product\/yoast-seo-premium-wordpress\/ -->\n<title>Formlabs Form 4 BioMed Durable Resin 1L \/ R\u00e9sine 1L %%page% - 3D-EDU GmbH%<\/title>\n<meta name=\"description\" content=\"BioMed Durable Resin est un mat\u00e9riau d&#039;impression 3D transparent pour les applications biocompatibles qui n\u00e9cessitent une r\u00e9sistance aux chocs, \u00e0 la rupture et \u00e0 l&#039;abrasion. Ce mat\u00e9riau de classe VI certifi\u00e9 USP est adapt\u00e9 aux applications impliquant un contact prolong\u00e9 avec la peau et un contact de courte dur\u00e9e avec les tissus, les os et la dentine (&lt; 24 heures).\" \/>\n<meta name=\"robots\" content=\"index, follow, max-snippet:-1, max-image-preview:large, max-video-preview:-1\" \/>\n<link rel=\"canonical\" href=\"https:\/\/3d-edu.ch\/fr\/boutique\/formlabs-form-4-biomed-durable-resin-1l-resine-1l\/\" \/>\n<meta property=\"og:locale\" content=\"fr_FR\" \/>\n<meta property=\"og:type\" content=\"article\" \/>\n<meta property=\"og:title\" content=\"Formlabs Form 4 BioMed Durable Resin 1L \/ R\u00e9sine 1L\" \/>\n<meta property=\"og:description\" content=\"BioMed Durable Resin est un mat\u00e9riau d&#039;impression 3D transparent pour les applications biocompatibles qui n\u00e9cessitent une r\u00e9sistance aux chocs, \u00e0 la rupture et \u00e0 l&#039;abrasion. Ce mat\u00e9riau de classe VI certifi\u00e9 USP est adapt\u00e9 aux applications impliquant un contact prolong\u00e9 avec la peau et un contact de courte dur\u00e9e avec les tissus, les os et la dentine (&lt; 24 heures).\" \/>\n<meta property=\"og:url\" content=\"https:\/\/3d-edu.ch\/fr\/boutique\/formlabs-form-4-biomed-durable-resin-1l-resine-1l\/\" \/>\n<meta property=\"og:site_name\" content=\"3D-EDU GmbH\" \/>\n<meta property=\"article:publisher\" content=\"https:\/\/www.facebook.com\/3d-educh-210277586064960\/\" \/>\n<meta property=\"article:modified_time\" content=\"2026-05-05T14:59:55+00:00\" \/>\n<meta property=\"og:image\" content=\"https:\/\/3d-edu.ch\/wp-content\/uploads\/2024\/05\/formlabs-form-4-biomed-durable-resin.webp\" \/>\n\t<meta property=\"og:image:width\" content=\"380\" \/>\n\t<meta property=\"og:image:height\" content=\"380\" \/>\n\t<meta property=\"og:image:type\" content=\"image\/webp\" \/>\n<meta name=\"twitter:card\" content=\"summary_large_image\" \/>\n<meta name=\"twitter:site\" content=\"@3d_edu_ch\" \/>\n<meta name=\"twitter:label1\" content=\"Prix\" \/>\n\t<meta name=\"twitter:data1\" content=\"457.68&nbsp;&#067;&#072;&#070; hors TVA\" \/>\n\t<meta name=\"twitter:label2\" content=\"Disponibilit\u00e9\" \/>\n\t<meta name=\"twitter:data2\" content=\"En r\u00e9assort\" \/>\n<script type=\"application\/ld+json\" class=\"yoast-schema-graph\">{\"@context\":\"https:\\\/\\\/schema.org\",\"@graph\":[{\"@type\":\"WebPage\",\"@id\":\"https:\\\/\\\/3d-edu.ch\\\/fr\\\/boutique\\\/formlabs-form-4-biomed-durable-resin-1l-resine-1l\\\/\",\"url\":\"https:\\\/\\\/3d-edu.ch\\\/fr\\\/boutique\\\/formlabs-form-4-biomed-durable-resin-1l-resine-1l\\\/\",\"name\":\"Formlabs Form 4 BioMed Durable Resin 1L \\\/ R\u00e9sine 1L %%page% - 3D-EDU GmbH%\",\"isPartOf\":{\"@id\":\"https:\\\/\\\/3d-edu.ch\\\/fr\\\/#website\"},\"primaryImageOfPage\":{\"@id\":\"https:\\\/\\\/3d-edu.ch\\\/fr\\\/boutique\\\/formlabs-form-4-biomed-durable-resin-1l-resine-1l\\\/#primaryimage\"},\"image\":{\"@id\":\"https:\\\/\\\/3d-edu.ch\\\/fr\\\/boutique\\\/formlabs-form-4-biomed-durable-resin-1l-resine-1l\\\/#primaryimage\"},\"thumbnailUrl\":\"https:\\\/\\\/3d-edu.ch\\\/wp-content\\\/uploads\\\/2024\\\/05\\\/formlabs-form-4-biomed-durable-resin.webp\",\"datePublished\":\"2023-06-12T15:19:22+00:00\",\"dateModified\":\"2026-05-05T14:59:55+00:00\",\"description\":\"BioMed Durable Resin est un mat\u00e9riau d'impression 3D transparent pour les applications biocompatibles qui n\u00e9cessitent une r\u00e9sistance aux chocs, \u00e0 la rupture et \u00e0 l'abrasion. Ce mat\u00e9riau de classe VI certifi\u00e9 USP est adapt\u00e9 aux applications impliquant un contact prolong\u00e9 avec la peau et un contact de courte dur\u00e9e avec les tissus, les os et la dentine (&lt; 24 heures).\",\"breadcrumb\":{\"@id\":\"https:\\\/\\\/3d-edu.ch\\\/fr\\\/boutique\\\/formlabs-form-4-biomed-durable-resin-1l-resine-1l\\\/#breadcrumb\"},\"inLanguage\":\"fr-FR\",\"potentialAction\":[{\"@type\":\"ReadAction\",\"target\":[\"https:\\\/\\\/3d-edu.ch\\\/fr\\\/boutique\\\/formlabs-form-4-biomed-durable-resin-1l-resine-1l\\\/\"]}]},{\"@type\":\"ImageObject\",\"inLanguage\":\"fr-FR\",\"@id\":\"https:\\\/\\\/3d-edu.ch\\\/fr\\\/boutique\\\/formlabs-form-4-biomed-durable-resin-1l-resine-1l\\\/#primaryimage\",\"url\":\"https:\\\/\\\/3d-edu.ch\\\/wp-content\\\/uploads\\\/2024\\\/05\\\/formlabs-form-4-biomed-durable-resin.webp\",\"contentUrl\":\"https:\\\/\\\/3d-edu.ch\\\/wp-content\\\/uploads\\\/2024\\\/05\\\/formlabs-form-4-biomed-durable-resin.webp\",\"width\":380,\"height\":380,\"caption\":\"Formlabs Form 4 BioMed R\u00e9sine durable\"},{\"@type\":\"BreadcrumbList\",\"@id\":\"https:\\\/\\\/3d-edu.ch\\\/fr\\\/boutique\\\/formlabs-form-4-biomed-durable-resin-1l-resine-1l\\\/#breadcrumb\",\"itemListElement\":[{\"@type\":\"ListItem\",\"position\":1,\"name\":\"Accueil\",\"item\":\"https:\\\/\\\/3d-edu.ch\\\/fr\\\/\"},{\"@type\":\"ListItem\",\"position\":2,\"name\":\"Boutique\",\"item\":\"https:\\\/\\\/3d-edu.ch\\\/fr\\\/boutique\\\/\"},{\"@type\":\"ListItem\",\"position\":3,\"name\":\"Formlabs Form 4 BioMed Durable Resin 1L \\\/ R\u00e9sine 1L\"}]},{\"@type\":\"WebSite\",\"@id\":\"https:\\\/\\\/3d-edu.ch\\\/fr\\\/#website\",\"url\":\"https:\\\/\\\/3d-edu.ch\\\/fr\\\/\",\"name\":\"3D-EDU GmbH\",\"description\":\"Your Formlabs, UltiMaker and Raise3D Printer Support and Education Site in Switzerland. \\\/\\\/ Ihre Formlabs, UltiMaker and Raise3D Drucker Support und Bildungs Webseite der Schweiz.\",\"publisher\":{\"@id\":\"https:\\\/\\\/3d-edu.ch\\\/fr\\\/#organization\"},\"potentialAction\":[{\"@type\":\"SearchAction\",\"target\":{\"@type\":\"EntryPoint\",\"urlTemplate\":\"https:\\\/\\\/3d-edu.ch\\\/fr\\\/?s={search_term_string}\"},\"query-input\":{\"@type\":\"PropertyValueSpecification\",\"valueRequired\":true,\"valueName\":\"search_term_string\"}}],\"inLanguage\":\"fr-FR\"},{\"@type\":[\"Organization\",\"Place\",\"ElectronicsStore\"],\"@id\":\"https:\\\/\\\/3d-edu.ch\\\/fr\\\/#organization\",\"name\":\"3D-EDU GmbH\",\"url\":\"https:\\\/\\\/3d-edu.ch\\\/fr\\\/\",\"logo\":{\"@id\":\"https:\\\/\\\/3d-edu.ch\\\/fr\\\/boutique\\\/formlabs-form-4-biomed-durable-resin-1l-resine-1l\\\/#local-main-organization-logo\"},\"image\":{\"@id\":\"https:\\\/\\\/3d-edu.ch\\\/fr\\\/boutique\\\/formlabs-form-4-biomed-durable-resin-1l-resine-1l\\\/#local-main-organization-logo\"},\"sameAs\":[\"https:\\\/\\\/www.facebook.com\\\/3d-educh-210277586064960\\\/\",\"https:\\\/\\\/x.com\\\/3d_edu_ch\"],\"address\":{\"@id\":\"https:\\\/\\\/3d-edu.ch\\\/fr\\\/boutique\\\/formlabs-form-4-biomed-durable-resin-1l-resine-1l\\\/#local-main-place-address\"},\"geo\":{\"@type\":\"GeoCoordinates\",\"latitude\":\"47.38413\",\"longitude\":\"8.49812\"},\"telephone\":[\"+41 44 492 11 22\"],\"openingHoursSpecification\":[{\"@type\":\"OpeningHoursSpecification\",\"dayOfWeek\":[\"Monday\",\"Tuesday\",\"Wednesday\",\"Thursday\",\"Friday\"],\"opens\":\"08:30\",\"closes\":\"18:00\"},{\"@type\":\"OpeningHoursSpecification\",\"dayOfWeek\":[\"Saturday\",\"Sunday\"],\"opens\":\"00:00\",\"closes\":\"00:00\"}],\"email\":\"info@3d-edu.ch\",\"faxNumber\":\"+41 44 492 11 23\",\"vatID\":\"CHE-184.499.491 MWST\",\"priceRange\":\"$$$\",\"currenciesAccepted\":\"CHF\"},{\"@type\":\"PostalAddress\",\"@id\":\"https:\\\/\\\/3d-edu.ch\\\/fr\\\/boutique\\\/formlabs-form-4-biomed-durable-resin-1l-resine-1l\\\/#local-main-place-address\",\"streetAddress\":\"3D-EDU GmbH, Badenerstrasse 556\",\"addressLocality\":\"Z\u00fcrich\",\"postalCode\":\"8048\",\"addressRegion\":\"Z\u00fcrich\",\"addressCountry\":\"CH\"},{\"@type\":\"ImageObject\",\"inLanguage\":\"fr-FR\",\"@id\":\"https:\\\/\\\/3d-edu.ch\\\/fr\\\/boutique\\\/formlabs-form-4-biomed-durable-resin-1l-resine-1l\\\/#local-main-organization-logo\",\"url\":\"https:\\\/\\\/3d-edu.ch\\\/wp-content\\\/uploads\\\/2018\\\/10\\\/3d-drucker-makerbot-formlabs-professionelle-3d-drucker-e1546527990490.png\",\"contentUrl\":\"https:\\\/\\\/3d-edu.ch\\\/wp-content\\\/uploads\\\/2018\\\/10\\\/3d-drucker-makerbot-formlabs-professionelle-3d-drucker-e1546527990490.png\",\"width\":275,\"height\":80,\"caption\":\"3D-EDU GmbH\"}]}<\/script>\n<meta property=\"product:price:amount\" content=\"457.68\" \/>\n<meta property=\"product:price:currency\" content=\"CHF\" \/>\n<meta property=\"og:availability\" content=\"backorder\" \/>\n<meta property=\"product:availability\" content=\"available for order\" \/>\n<meta property=\"product:retailer_item_id\" content=\"RS-C2-BMDU-11\" \/>\n<meta property=\"product:condition\" content=\"new\" \/>\n<meta name=\"geo.placename\" content=\"Z\u00fcrich\" \/>\n<meta name=\"geo.position\" content=\"47.38413;8.49812\" \/>\n<meta name=\"geo.region\" content=\"Suisse\" \/>\n<!-- \/ Yoast SEO Premium plugin. -->","yoast_head_json":{"title":"Formlabs Form 4 BioMed Durable Resin 1L \/ R\u00e9sine 1L %%page% - 3D-EDU GmbH%","description":"BioMed Durable Resin est un mat\u00e9riau d'impression 3D transparent pour les applications biocompatibles qui n\u00e9cessitent une r\u00e9sistance aux chocs, \u00e0 la rupture et \u00e0 l'abrasion. Ce mat\u00e9riau de classe VI certifi\u00e9 USP est adapt\u00e9 aux applications impliquant un contact prolong\u00e9 avec la peau et un contact de courte dur\u00e9e avec les tissus, les os et la dentine (&lt; 24 heures).","robots":{"index":"index","follow":"follow","max-snippet":"max-snippet:-1","max-image-preview":"max-image-preview:large","max-video-preview":"max-video-preview:-1"},"canonical":"https:\/\/3d-edu.ch\/fr\/boutique\/formlabs-form-4-biomed-durable-resin-1l-resine-1l\/","og_locale":"fr_FR","og_type":"article","og_title":"Formlabs Form 4 BioMed Durable Resin 1L \/ R\u00e9sine 1L","og_description":"BioMed Durable Resin est un mat\u00e9riau d'impression 3D transparent pour les applications biocompatibles qui n\u00e9cessitent une r\u00e9sistance aux chocs, \u00e0 la rupture et \u00e0 l'abrasion. Ce mat\u00e9riau de classe VI certifi\u00e9 USP est adapt\u00e9 aux applications impliquant un contact prolong\u00e9 avec la peau et un contact de courte dur\u00e9e avec les tissus, les os et la dentine (&lt; 24 heures).","og_url":"https:\/\/3d-edu.ch\/fr\/boutique\/formlabs-form-4-biomed-durable-resin-1l-resine-1l\/","og_site_name":"3D-EDU GmbH","article_publisher":"https:\/\/www.facebook.com\/3d-educh-210277586064960\/","article_modified_time":"2026-05-05T14:59:55+00:00","og_image":[{"width":380,"height":380,"url":"https:\/\/3d-edu.ch\/wp-content\/uploads\/2024\/05\/formlabs-form-4-biomed-durable-resin.webp","type":"image\/webp"}],"twitter_card":"summary_large_image","twitter_site":"@3d_edu_ch","twitter_misc":{"Prix":"457.68&nbsp;&#67;&#72;&#70; hors TVA","Disponibilit\u00e9":"En r\u00e9assort"},"schema":{"@context":"https:\/\/schema.org","@graph":[{"@type":"WebPage","@id":"https:\/\/3d-edu.ch\/fr\/boutique\/formlabs-form-4-biomed-durable-resin-1l-resine-1l\/","url":"https:\/\/3d-edu.ch\/fr\/boutique\/formlabs-form-4-biomed-durable-resin-1l-resine-1l\/","name":"Formlabs Form 4 BioMed Durable Resin 1L \/ R\u00e9sine 1L %%page% - 3D-EDU GmbH%","isPartOf":{"@id":"https:\/\/3d-edu.ch\/fr\/#website"},"primaryImageOfPage":{"@id":"https:\/\/3d-edu.ch\/fr\/boutique\/formlabs-form-4-biomed-durable-resin-1l-resine-1l\/#primaryimage"},"image":{"@id":"https:\/\/3d-edu.ch\/fr\/boutique\/formlabs-form-4-biomed-durable-resin-1l-resine-1l\/#primaryimage"},"thumbnailUrl":"https:\/\/3d-edu.ch\/wp-content\/uploads\/2024\/05\/formlabs-form-4-biomed-durable-resin.webp","datePublished":"2023-06-12T15:19:22+00:00","dateModified":"2026-05-05T14:59:55+00:00","description":"BioMed Durable Resin est un mat\u00e9riau d'impression 3D transparent pour les applications biocompatibles qui n\u00e9cessitent une r\u00e9sistance aux chocs, \u00e0 la rupture et \u00e0 l'abrasion. Ce mat\u00e9riau de classe VI certifi\u00e9 USP est adapt\u00e9 aux applications impliquant un contact prolong\u00e9 avec la peau et un contact de courte dur\u00e9e avec les tissus, les os et la dentine (&lt; 24 heures).","breadcrumb":{"@id":"https:\/\/3d-edu.ch\/fr\/boutique\/formlabs-form-4-biomed-durable-resin-1l-resine-1l\/#breadcrumb"},"inLanguage":"fr-FR","potentialAction":[{"@type":"ReadAction","target":["https:\/\/3d-edu.ch\/fr\/boutique\/formlabs-form-4-biomed-durable-resin-1l-resine-1l\/"]}]},{"@type":"ImageObject","inLanguage":"fr-FR","@id":"https:\/\/3d-edu.ch\/fr\/boutique\/formlabs-form-4-biomed-durable-resin-1l-resine-1l\/#primaryimage","url":"https:\/\/3d-edu.ch\/wp-content\/uploads\/2024\/05\/formlabs-form-4-biomed-durable-resin.webp","contentUrl":"https:\/\/3d-edu.ch\/wp-content\/uploads\/2024\/05\/formlabs-form-4-biomed-durable-resin.webp","width":380,"height":380,"caption":"Formlabs Form 4 BioMed R\u00e9sine durable"},{"@type":"BreadcrumbList","@id":"https:\/\/3d-edu.ch\/fr\/boutique\/formlabs-form-4-biomed-durable-resin-1l-resine-1l\/#breadcrumb","itemListElement":[{"@type":"ListItem","position":1,"name":"Accueil","item":"https:\/\/3d-edu.ch\/fr\/"},{"@type":"ListItem","position":2,"name":"Boutique","item":"https:\/\/3d-edu.ch\/fr\/boutique\/"},{"@type":"ListItem","position":3,"name":"Formlabs Form 4 BioMed Durable Resin 1L \/ R\u00e9sine 1L"}]},{"@type":"WebSite","@id":"https:\/\/3d-edu.ch\/fr\/#website","url":"https:\/\/3d-edu.ch\/fr\/","name":"3D-EDU GmbH","description":"Your Formlabs, UltiMaker and Raise3D Printer Support and Education Site in Switzerland. \/\/ Ihre Formlabs, UltiMaker and Raise3D Drucker Support und Bildungs Webseite der Schweiz.","publisher":{"@id":"https:\/\/3d-edu.ch\/fr\/#organization"},"potentialAction":[{"@type":"SearchAction","target":{"@type":"EntryPoint","urlTemplate":"https:\/\/3d-edu.ch\/fr\/?s={search_term_string}"},"query-input":{"@type":"PropertyValueSpecification","valueRequired":true,"valueName":"search_term_string"}}],"inLanguage":"fr-FR"},{"@type":["Organization","Place","ElectronicsStore"],"@id":"https:\/\/3d-edu.ch\/fr\/#organization","name":"3D-EDU GmbH","url":"https:\/\/3d-edu.ch\/fr\/","logo":{"@id":"https:\/\/3d-edu.ch\/fr\/boutique\/formlabs-form-4-biomed-durable-resin-1l-resine-1l\/#local-main-organization-logo"},"image":{"@id":"https:\/\/3d-edu.ch\/fr\/boutique\/formlabs-form-4-biomed-durable-resin-1l-resine-1l\/#local-main-organization-logo"},"sameAs":["https:\/\/www.facebook.com\/3d-educh-210277586064960\/","https:\/\/x.com\/3d_edu_ch"],"address":{"@id":"https:\/\/3d-edu.ch\/fr\/boutique\/formlabs-form-4-biomed-durable-resin-1l-resine-1l\/#local-main-place-address"},"geo":{"@type":"GeoCoordinates","latitude":"47.38413","longitude":"8.49812"},"telephone":["+41 44 492 11 22"],"openingHoursSpecification":[{"@type":"OpeningHoursSpecification","dayOfWeek":["Monday","Tuesday","Wednesday","Thursday","Friday"],"opens":"08:30","closes":"18:00"},{"@type":"OpeningHoursSpecification","dayOfWeek":["Saturday","Sunday"],"opens":"00:00","closes":"00:00"}],"email":"info@3d-edu.ch","faxNumber":"+41 44 492 11 23","vatID":"CHE-184.499.491 MWST","priceRange":"$$$","currenciesAccepted":"CHF"},{"@type":"PostalAddress","@id":"https:\/\/3d-edu.ch\/fr\/boutique\/formlabs-form-4-biomed-durable-resin-1l-resine-1l\/#local-main-place-address","streetAddress":"3D-EDU GmbH, Badenerstrasse 556","addressLocality":"Z\u00fcrich","postalCode":"8048","addressRegion":"Z\u00fcrich","addressCountry":"CH"},{"@type":"ImageObject","inLanguage":"fr-FR","@id":"https:\/\/3d-edu.ch\/fr\/boutique\/formlabs-form-4-biomed-durable-resin-1l-resine-1l\/#local-main-organization-logo","url":"https:\/\/3d-edu.ch\/wp-content\/uploads\/2018\/10\/3d-drucker-makerbot-formlabs-professionelle-3d-drucker-e1546527990490.png","contentUrl":"https:\/\/3d-edu.ch\/wp-content\/uploads\/2018\/10\/3d-drucker-makerbot-formlabs-professionelle-3d-drucker-e1546527990490.png","width":275,"height":80,"caption":"3D-EDU GmbH"}]},"product_price_amount":"457.68","product_price_currency":"CHF","og_availability":"backorder","product_availability":"available for order","product_retailer_item_id":"RS-C2-BMDU-11","product_condition":"new","geo.placename":"Z\u00fcrich","geo.position":{"lat":"47.38413","long":"8.49812"},"geo.region":"Suisse"},"_links":{"self":[{"href":"https:\/\/3d-edu.ch\/fr\/wp-json\/wp\/v2\/product\/76703","targetHints":{"allow":["GET"]}}],"collection":[{"href":"https:\/\/3d-edu.ch\/fr\/wp-json\/wp\/v2\/product"}],"about":[{"href":"https:\/\/3d-edu.ch\/fr\/wp-json\/wp\/v2\/types\/product"}],"replies":[{"embeddable":true,"href":"https:\/\/3d-edu.ch\/fr\/wp-json\/wp\/v2\/comments?post=76703"}],"wp:featuredmedia":[{"embeddable":true,"href":"https:\/\/3d-edu.ch\/fr\/wp-json\/wp\/v2\/media\/70061"}],"wp:attachment":[{"href":"https:\/\/3d-edu.ch\/fr\/wp-json\/wp\/v2\/media?parent=76703"}],"wp:term":[{"taxonomy":"product_brand","embeddable":true,"href":"https:\/\/3d-edu.ch\/fr\/wp-json\/wp\/v2\/product_brand?post=76703"},{"taxonomy":"product_cat","embeddable":true,"href":"https:\/\/3d-edu.ch\/fr\/wp-json\/wp\/v2\/product_cat?post=76703"},{"taxonomy":"product_tag","embeddable":true,"href":"https:\/\/3d-edu.ch\/fr\/wp-json\/wp\/v2\/product_tag?post=76703"}],"curies":[{"name":"wp","href":"https:\/\/api.w.org\/{rel}","templated":true}]}}