{"id":76638,"date":"2024-01-22T15:58:07","date_gmt":"2024-01-22T15:58:07","guid":{"rendered":"https:\/\/3d-edu.ch\/shop\/filament-abs-ultimaker\/"},"modified":"2026-04-20T14:27:04","modified_gmt":"2026-04-20T12:27:04","slug":"filament-abs-ultimaker","status":"publish","type":"product","link":"https:\/\/3d-edu.ch\/fr\/boutique\/filament-abs-ultimaker\/","title":{"rendered":"Filament ABS Ultimaker"},"content":{"rendered":"<h2>Filament ABS Ultimaker 2,85 mm 750 g<\/h2>\n<p>Le mat\u00e9riau d&rsquo;impression 3D ABS (acrylonitrile-butadi\u00e8ne-styr\u00e8ne) UltiMaker est formul\u00e9 pour se d\u00e9former le moins possible et assurer une adh\u00e9rence uniforme entre les couches. C&rsquo;est un bon choix pour la fabrication de prototypes fonctionnels et de pi\u00e8ces finales complexes. <\/p>\n","protected":false},"excerpt":{"rendered":"<h2>Filament ABS Ultimaker 2,85mm 750g<\/h2>\n<h3>Inclus dans la livraison<\/h3>\n<ul>\n<li>1 bobine de filament ABS Ultimaker 2,85mm 750g<\/li>\n<\/ul>\n<hr \/>\n<p><strong>Filament ABS Ultimaker 2,85mm 750g<\/strong><\/p>\n<p>Les pi\u00e8ces imprim\u00e9es en ABS sont utilis\u00e9es non seulement dans la phase de prototypage du d\u00e9veloppement de produits, mais aussi dans les phases ult\u00e9rieures de test fonctionnel et d&rsquo;assemblage des pi\u00e8ces. Les pi\u00e8ces imprim\u00e9es en ABS ont \u00e9t\u00e9 utilis\u00e9es avec succ\u00e8s dans la fabrication avec ou sans post-traitement. Un lit d&rsquo;impression chauff\u00e9 et une chambre ferm\u00e9e sont n\u00e9cessaires pour r\u00e9ussir l&rsquo;impression de l&rsquo;ABS ; un filtre \u00e0 air est recommand\u00e9 pour l&rsquo;impression de l&rsquo;ABS dans les bureaux, les usines et les espaces int\u00e9rieurs.  <\/p>\n","protected":false},"featured_media":70635,"comment_status":"closed","ping_status":"closed","template":"","meta":[],"product_brand":[],"product_cat":[7862,7922,7925,8206],"product_tag":[8903,8313],"class_list":{"0":"post-76638","1":"product","2":"type-product","3":"status-publish","4":"has-post-thumbnail","6":"product_cat-filament-abs-fr","7":"product_cat-filaments-fr-4","8":"product_cat-materiaux-pour-la-serie-s-fr","9":"product_cat-ultimaker","10":"product_tag-filament-abs","11":"product_tag-ultimaker","12":"yith_product_brand-ultimaker","14":"first","15":"onbackorder","16":"taxable","17":"shipping-taxable","18":"purchasable","19":"product-type-variable","20":"has-default-attributes"},"yoast_head":"<!-- This site is optimized with the Yoast SEO Premium plugin v27.4 (Yoast SEO v27.4) - https:\/\/yoast.com\/product\/yoast-seo-premium-wordpress\/ -->\n<title>Acheter un filament Ultimaker ABS<\/title>\n<meta name=\"description\" content=\"L&#039;ABS ou acrylonitrile-butadi\u00e8ne-styr\u00e8ne est l&#039;un des thermoplastiques industriels les plus r\u00e9pandus. Il pr\u00e9sente d&#039;excellentes propri\u00e9t\u00e9s m\u00e9caniques et une bonne r\u00e9sistance \u00e0 la chaleur, jusqu&#039;\u00e0 90 \u00b0C. Il peut \u00eatre utilis\u00e9 pour la fabrication de pi\u00e8ces en plastique ou en m\u00e9tal.\" \/>\n<meta name=\"robots\" content=\"index, follow, max-snippet:-1, max-image-preview:large, max-video-preview:-1\" \/>\n<link rel=\"canonical\" href=\"https:\/\/3d-edu.ch\/fr\/boutique\/filament-abs-ultimaker\/\" \/>\n<meta property=\"og:locale\" content=\"fr_FR\" \/>\n<meta property=\"og:type\" content=\"article\" \/>\n<meta property=\"og:title\" content=\"Filament ABS Ultimaker\" \/>\n<meta property=\"og:description\" content=\"L&#039;ABS ou acrylonitrile-butadi\u00e8ne-styr\u00e8ne est l&#039;un des thermoplastiques industriels les plus r\u00e9pandus. Il pr\u00e9sente d&#039;excellentes propri\u00e9t\u00e9s m\u00e9caniques et une bonne r\u00e9sistance \u00e0 la chaleur, jusqu&#039;\u00e0 90 \u00b0C. Il peut \u00eatre utilis\u00e9 pour la fabrication de pi\u00e8ces en plastique ou en m\u00e9tal.\" \/>\n<meta property=\"og:url\" content=\"https:\/\/3d-edu.ch\/fr\/boutique\/filament-abs-ultimaker\/\" \/>\n<meta property=\"og:site_name\" content=\"3D-EDU GmbH\" \/>\n<meta property=\"article:publisher\" content=\"https:\/\/www.facebook.com\/3d-educh-210277586064960\/\" \/>\n<meta property=\"article:modified_time\" content=\"2026-04-20T12:27:04+00:00\" \/>\n<meta property=\"og:image\" content=\"https:\/\/3d-edu.ch\/wp-content\/uploads\/2024\/01\/Ultimaker-ABS-Material.jpg\" \/>\n\t<meta property=\"og:image:width\" content=\"380\" \/>\n\t<meta property=\"og:image:height\" content=\"380\" \/>\n\t<meta property=\"og:image:type\" content=\"image\/jpeg\" \/>\n<meta name=\"twitter:card\" content=\"summary_large_image\" \/>\n<meta name=\"twitter:site\" content=\"@3d_edu_ch\" \/>\n<meta name=\"twitter:label1\" content=\"Disponibilit\u00e9\" \/>\n\t<meta name=\"twitter:data1\" content=\"En r\u00e9assort\" \/>\n<script type=\"application\/ld+json\" class=\"yoast-schema-graph\">{\"@context\":\"https:\\\/\\\/schema.org\",\"@graph\":[{\"@type\":\"WebPage\",\"@id\":\"https:\\\/\\\/3d-edu.ch\\\/fr\\\/boutique\\\/filament-abs-ultimaker\\\/\",\"url\":\"https:\\\/\\\/3d-edu.ch\\\/fr\\\/boutique\\\/filament-abs-ultimaker\\\/\",\"name\":\"Acheter un filament Ultimaker ABS\",\"isPartOf\":{\"@id\":\"https:\\\/\\\/3d-edu.ch\\\/fr\\\/#website\"},\"primaryImageOfPage\":{\"@id\":\"https:\\\/\\\/3d-edu.ch\\\/fr\\\/boutique\\\/filament-abs-ultimaker\\\/#primaryimage\"},\"image\":{\"@id\":\"https:\\\/\\\/3d-edu.ch\\\/fr\\\/boutique\\\/filament-abs-ultimaker\\\/#primaryimage\"},\"thumbnailUrl\":\"https:\\\/\\\/3d-edu.ch\\\/wp-content\\\/uploads\\\/2024\\\/01\\\/Ultimaker-ABS-Material.jpg\",\"datePublished\":\"2024-01-22T15:58:07+00:00\",\"dateModified\":\"2026-04-20T12:27:04+00:00\",\"description\":\"L'ABS ou acrylonitrile-butadi\u00e8ne-styr\u00e8ne est l'un des thermoplastiques industriels les plus r\u00e9pandus. Il pr\u00e9sente d'excellentes propri\u00e9t\u00e9s m\u00e9caniques et une bonne r\u00e9sistance \u00e0 la chaleur, jusqu'\u00e0 90 \u00b0C. Il peut \u00eatre utilis\u00e9 pour la fabrication de pi\u00e8ces en plastique ou en m\u00e9tal.\",\"breadcrumb\":{\"@id\":\"https:\\\/\\\/3d-edu.ch\\\/fr\\\/boutique\\\/filament-abs-ultimaker\\\/#breadcrumb\"},\"inLanguage\":\"fr-FR\",\"potentialAction\":[{\"@type\":\"ReadAction\",\"target\":[\"https:\\\/\\\/3d-edu.ch\\\/fr\\\/boutique\\\/filament-abs-ultimaker\\\/\"]}]},{\"@type\":\"ImageObject\",\"inLanguage\":\"fr-FR\",\"@id\":\"https:\\\/\\\/3d-edu.ch\\\/fr\\\/boutique\\\/filament-abs-ultimaker\\\/#primaryimage\",\"url\":\"https:\\\/\\\/3d-edu.ch\\\/wp-content\\\/uploads\\\/2024\\\/01\\\/Ultimaker-ABS-Material.jpg\",\"contentUrl\":\"https:\\\/\\\/3d-edu.ch\\\/wp-content\\\/uploads\\\/2024\\\/01\\\/Ultimaker-ABS-Material.jpg\",\"width\":380,\"height\":380},{\"@type\":\"BreadcrumbList\",\"@id\":\"https:\\\/\\\/3d-edu.ch\\\/fr\\\/boutique\\\/filament-abs-ultimaker\\\/#breadcrumb\",\"itemListElement\":[{\"@type\":\"ListItem\",\"position\":1,\"name\":\"Accueil\",\"item\":\"https:\\\/\\\/3d-edu.ch\\\/fr\\\/\"},{\"@type\":\"ListItem\",\"position\":2,\"name\":\"Boutique\",\"item\":\"https:\\\/\\\/3d-edu.ch\\\/fr\\\/boutique\\\/\"},{\"@type\":\"ListItem\",\"position\":3,\"name\":\"Filament ABS Ultimaker\"}]},{\"@type\":\"WebSite\",\"@id\":\"https:\\\/\\\/3d-edu.ch\\\/fr\\\/#website\",\"url\":\"https:\\\/\\\/3d-edu.ch\\\/fr\\\/\",\"name\":\"3D-EDU GmbH\",\"description\":\"Your Formlabs, UltiMaker and Raise3D Printer Support and Education Site in Switzerland. \\\/\\\/ Ihre Formlabs, UltiMaker and Raise3D Drucker Support und Bildungs Webseite der Schweiz.\",\"publisher\":{\"@id\":\"https:\\\/\\\/3d-edu.ch\\\/fr\\\/#organization\"},\"potentialAction\":[{\"@type\":\"SearchAction\",\"target\":{\"@type\":\"EntryPoint\",\"urlTemplate\":\"https:\\\/\\\/3d-edu.ch\\\/fr\\\/?s={search_term_string}\"},\"query-input\":{\"@type\":\"PropertyValueSpecification\",\"valueRequired\":true,\"valueName\":\"search_term_string\"}}],\"inLanguage\":\"fr-FR\"},{\"@type\":[\"Organization\",\"Place\",\"ElectronicsStore\"],\"@id\":\"https:\\\/\\\/3d-edu.ch\\\/fr\\\/#organization\",\"name\":\"3D-EDU GmbH\",\"url\":\"https:\\\/\\\/3d-edu.ch\\\/fr\\\/\",\"logo\":{\"@id\":\"https:\\\/\\\/3d-edu.ch\\\/fr\\\/boutique\\\/filament-abs-ultimaker\\\/#local-main-organization-logo\"},\"image\":{\"@id\":\"https:\\\/\\\/3d-edu.ch\\\/fr\\\/boutique\\\/filament-abs-ultimaker\\\/#local-main-organization-logo\"},\"sameAs\":[\"https:\\\/\\\/www.facebook.com\\\/3d-educh-210277586064960\\\/\",\"https:\\\/\\\/x.com\\\/3d_edu_ch\"],\"address\":{\"@id\":\"https:\\\/\\\/3d-edu.ch\\\/fr\\\/boutique\\\/filament-abs-ultimaker\\\/#local-main-place-address\"},\"geo\":{\"@type\":\"GeoCoordinates\",\"latitude\":\"47.38413\",\"longitude\":\"8.49812\"},\"telephone\":[\"+41 44 492 11 22\"],\"openingHoursSpecification\":[{\"@type\":\"OpeningHoursSpecification\",\"dayOfWeek\":[\"Monday\",\"Tuesday\",\"Wednesday\",\"Thursday\",\"Friday\"],\"opens\":\"08:30\",\"closes\":\"18:00\"},{\"@type\":\"OpeningHoursSpecification\",\"dayOfWeek\":[\"Saturday\",\"Sunday\"],\"opens\":\"00:00\",\"closes\":\"00:00\"}],\"email\":\"info@3d-edu.ch\",\"faxNumber\":\"+41 44 492 11 23\",\"vatID\":\"CHE-184.499.491 MWST\",\"priceRange\":\"$$$\",\"currenciesAccepted\":\"CHF\"},{\"@type\":\"PostalAddress\",\"@id\":\"https:\\\/\\\/3d-edu.ch\\\/fr\\\/boutique\\\/filament-abs-ultimaker\\\/#local-main-place-address\",\"streetAddress\":\"3D-EDU GmbH, Badenerstrasse 556\",\"addressLocality\":\"Z\u00fcrich\",\"postalCode\":\"8048\",\"addressRegion\":\"Z\u00fcrich\",\"addressCountry\":\"CH\"},{\"@type\":\"ImageObject\",\"inLanguage\":\"fr-FR\",\"@id\":\"https:\\\/\\\/3d-edu.ch\\\/fr\\\/boutique\\\/filament-abs-ultimaker\\\/#local-main-organization-logo\",\"url\":\"https:\\\/\\\/3d-edu.ch\\\/wp-content\\\/uploads\\\/2018\\\/10\\\/3d-drucker-makerbot-formlabs-professionelle-3d-drucker-e1546527990490.png\",\"contentUrl\":\"https:\\\/\\\/3d-edu.ch\\\/wp-content\\\/uploads\\\/2018\\\/10\\\/3d-drucker-makerbot-formlabs-professionelle-3d-drucker-e1546527990490.png\",\"width\":275,\"height\":80,\"caption\":\"3D-EDU GmbH\"}]}<\/script>\n<meta property=\"product:brand\" content=\"UltiMaker\" \/>\n<meta property=\"og:availability\" content=\"backorder\" \/>\n<meta property=\"product:availability\" content=\"available for order\" \/>\n<meta property=\"product:condition\" content=\"new\" \/>\n<meta name=\"geo.placename\" content=\"Z\u00fcrich\" \/>\n<meta name=\"geo.position\" content=\"47.38413;8.49812\" \/>\n<meta name=\"geo.region\" content=\"Suisse\" \/>\n<!-- \/ Yoast SEO Premium plugin. -->","yoast_head_json":{"title":"Acheter un filament Ultimaker ABS","description":"L'ABS ou acrylonitrile-butadi\u00e8ne-styr\u00e8ne est l'un des thermoplastiques industriels les plus r\u00e9pandus. Il pr\u00e9sente d'excellentes propri\u00e9t\u00e9s m\u00e9caniques et une bonne r\u00e9sistance \u00e0 la chaleur, jusqu'\u00e0 90 \u00b0C. Il peut \u00eatre utilis\u00e9 pour la fabrication de pi\u00e8ces en plastique ou en m\u00e9tal.","robots":{"index":"index","follow":"follow","max-snippet":"max-snippet:-1","max-image-preview":"max-image-preview:large","max-video-preview":"max-video-preview:-1"},"canonical":"https:\/\/3d-edu.ch\/fr\/boutique\/filament-abs-ultimaker\/","og_locale":"fr_FR","og_type":"article","og_title":"Filament ABS Ultimaker","og_description":"L'ABS ou acrylonitrile-butadi\u00e8ne-styr\u00e8ne est l'un des thermoplastiques industriels les plus r\u00e9pandus. Il pr\u00e9sente d'excellentes propri\u00e9t\u00e9s m\u00e9caniques et une bonne r\u00e9sistance \u00e0 la chaleur, jusqu'\u00e0 90 \u00b0C. Il peut \u00eatre utilis\u00e9 pour la fabrication de pi\u00e8ces en plastique ou en m\u00e9tal.","og_url":"https:\/\/3d-edu.ch\/fr\/boutique\/filament-abs-ultimaker\/","og_site_name":"3D-EDU GmbH","article_publisher":"https:\/\/www.facebook.com\/3d-educh-210277586064960\/","article_modified_time":"2026-04-20T12:27:04+00:00","og_image":[{"width":380,"height":380,"url":"https:\/\/3d-edu.ch\/wp-content\/uploads\/2024\/01\/Ultimaker-ABS-Material.jpg","type":"image\/jpeg"}],"twitter_card":"summary_large_image","twitter_site":"@3d_edu_ch","twitter_misc":{"Disponibilit\u00e9":"En r\u00e9assort"},"schema":{"@context":"https:\/\/schema.org","@graph":[{"@type":"WebPage","@id":"https:\/\/3d-edu.ch\/fr\/boutique\/filament-abs-ultimaker\/","url":"https:\/\/3d-edu.ch\/fr\/boutique\/filament-abs-ultimaker\/","name":"Acheter un filament Ultimaker ABS","isPartOf":{"@id":"https:\/\/3d-edu.ch\/fr\/#website"},"primaryImageOfPage":{"@id":"https:\/\/3d-edu.ch\/fr\/boutique\/filament-abs-ultimaker\/#primaryimage"},"image":{"@id":"https:\/\/3d-edu.ch\/fr\/boutique\/filament-abs-ultimaker\/#primaryimage"},"thumbnailUrl":"https:\/\/3d-edu.ch\/wp-content\/uploads\/2024\/01\/Ultimaker-ABS-Material.jpg","datePublished":"2024-01-22T15:58:07+00:00","dateModified":"2026-04-20T12:27:04+00:00","description":"L'ABS ou acrylonitrile-butadi\u00e8ne-styr\u00e8ne est l'un des thermoplastiques industriels les plus r\u00e9pandus. Il pr\u00e9sente d'excellentes propri\u00e9t\u00e9s m\u00e9caniques et une bonne r\u00e9sistance \u00e0 la chaleur, jusqu'\u00e0 90 \u00b0C. Il peut \u00eatre utilis\u00e9 pour la fabrication de pi\u00e8ces en plastique ou en m\u00e9tal.","breadcrumb":{"@id":"https:\/\/3d-edu.ch\/fr\/boutique\/filament-abs-ultimaker\/#breadcrumb"},"inLanguage":"fr-FR","potentialAction":[{"@type":"ReadAction","target":["https:\/\/3d-edu.ch\/fr\/boutique\/filament-abs-ultimaker\/"]}]},{"@type":"ImageObject","inLanguage":"fr-FR","@id":"https:\/\/3d-edu.ch\/fr\/boutique\/filament-abs-ultimaker\/#primaryimage","url":"https:\/\/3d-edu.ch\/wp-content\/uploads\/2024\/01\/Ultimaker-ABS-Material.jpg","contentUrl":"https:\/\/3d-edu.ch\/wp-content\/uploads\/2024\/01\/Ultimaker-ABS-Material.jpg","width":380,"height":380},{"@type":"BreadcrumbList","@id":"https:\/\/3d-edu.ch\/fr\/boutique\/filament-abs-ultimaker\/#breadcrumb","itemListElement":[{"@type":"ListItem","position":1,"name":"Accueil","item":"https:\/\/3d-edu.ch\/fr\/"},{"@type":"ListItem","position":2,"name":"Boutique","item":"https:\/\/3d-edu.ch\/fr\/boutique\/"},{"@type":"ListItem","position":3,"name":"Filament ABS Ultimaker"}]},{"@type":"WebSite","@id":"https:\/\/3d-edu.ch\/fr\/#website","url":"https:\/\/3d-edu.ch\/fr\/","name":"3D-EDU GmbH","description":"Your Formlabs, UltiMaker and Raise3D Printer Support and Education Site in Switzerland. \/\/ Ihre Formlabs, UltiMaker and Raise3D Drucker Support und Bildungs Webseite der Schweiz.","publisher":{"@id":"https:\/\/3d-edu.ch\/fr\/#organization"},"potentialAction":[{"@type":"SearchAction","target":{"@type":"EntryPoint","urlTemplate":"https:\/\/3d-edu.ch\/fr\/?s={search_term_string}"},"query-input":{"@type":"PropertyValueSpecification","valueRequired":true,"valueName":"search_term_string"}}],"inLanguage":"fr-FR"},{"@type":["Organization","Place","ElectronicsStore"],"@id":"https:\/\/3d-edu.ch\/fr\/#organization","name":"3D-EDU GmbH","url":"https:\/\/3d-edu.ch\/fr\/","logo":{"@id":"https:\/\/3d-edu.ch\/fr\/boutique\/filament-abs-ultimaker\/#local-main-organization-logo"},"image":{"@id":"https:\/\/3d-edu.ch\/fr\/boutique\/filament-abs-ultimaker\/#local-main-organization-logo"},"sameAs":["https:\/\/www.facebook.com\/3d-educh-210277586064960\/","https:\/\/x.com\/3d_edu_ch"],"address":{"@id":"https:\/\/3d-edu.ch\/fr\/boutique\/filament-abs-ultimaker\/#local-main-place-address"},"geo":{"@type":"GeoCoordinates","latitude":"47.38413","longitude":"8.49812"},"telephone":["+41 44 492 11 22"],"openingHoursSpecification":[{"@type":"OpeningHoursSpecification","dayOfWeek":["Monday","Tuesday","Wednesday","Thursday","Friday"],"opens":"08:30","closes":"18:00"},{"@type":"OpeningHoursSpecification","dayOfWeek":["Saturday","Sunday"],"opens":"00:00","closes":"00:00"}],"email":"info@3d-edu.ch","faxNumber":"+41 44 492 11 23","vatID":"CHE-184.499.491 MWST","priceRange":"$$$","currenciesAccepted":"CHF"},{"@type":"PostalAddress","@id":"https:\/\/3d-edu.ch\/fr\/boutique\/filament-abs-ultimaker\/#local-main-place-address","streetAddress":"3D-EDU GmbH, Badenerstrasse 556","addressLocality":"Z\u00fcrich","postalCode":"8048","addressRegion":"Z\u00fcrich","addressCountry":"CH"},{"@type":"ImageObject","inLanguage":"fr-FR","@id":"https:\/\/3d-edu.ch\/fr\/boutique\/filament-abs-ultimaker\/#local-main-organization-logo","url":"https:\/\/3d-edu.ch\/wp-content\/uploads\/2018\/10\/3d-drucker-makerbot-formlabs-professionelle-3d-drucker-e1546527990490.png","contentUrl":"https:\/\/3d-edu.ch\/wp-content\/uploads\/2018\/10\/3d-drucker-makerbot-formlabs-professionelle-3d-drucker-e1546527990490.png","width":275,"height":80,"caption":"3D-EDU GmbH"}]},"product_brand":"UltiMaker","og_availability":"backorder","product_availability":"available for order","product_condition":"new","geo.placename":"Z\u00fcrich","geo.position":{"lat":"47.38413","long":"8.49812"},"geo.region":"Suisse"},"_links":{"self":[{"href":"https:\/\/3d-edu.ch\/fr\/wp-json\/wp\/v2\/product\/76638","targetHints":{"allow":["GET"]}}],"collection":[{"href":"https:\/\/3d-edu.ch\/fr\/wp-json\/wp\/v2\/product"}],"about":[{"href":"https:\/\/3d-edu.ch\/fr\/wp-json\/wp\/v2\/types\/product"}],"replies":[{"embeddable":true,"href":"https:\/\/3d-edu.ch\/fr\/wp-json\/wp\/v2\/comments?post=76638"}],"wp:featuredmedia":[{"embeddable":true,"href":"https:\/\/3d-edu.ch\/fr\/wp-json\/wp\/v2\/media\/70635"}],"wp:attachment":[{"href":"https:\/\/3d-edu.ch\/fr\/wp-json\/wp\/v2\/media?parent=76638"}],"wp:term":[{"taxonomy":"product_brand","embeddable":true,"href":"https:\/\/3d-edu.ch\/fr\/wp-json\/wp\/v2\/product_brand?post=76638"},{"taxonomy":"product_cat","embeddable":true,"href":"https:\/\/3d-edu.ch\/fr\/wp-json\/wp\/v2\/product_cat?post=76638"},{"taxonomy":"product_tag","embeddable":true,"href":"https:\/\/3d-edu.ch\/fr\/wp-json\/wp\/v2\/product_tag?post=76638"}],"curies":[{"name":"wp","href":"https:\/\/api.w.org\/{rel}","templated":true}]}}