{"id":76629,"date":"2024-01-15T10:44:37","date_gmt":"2024-01-15T10:44:37","guid":{"rendered":"https:\/\/3d-edu.ch\/shop\/formlabs-tough-2000-resine-5l\/"},"modified":"2026-05-13T09:37:26","modified_gmt":"2026-05-13T07:37:26","slug":"formlabs-tough-2000-resine-5l","status":"publish","type":"product","link":"https:\/\/3d-edu.ch\/fr\/boutique\/formlabs-tough-2000-resine-5l\/","title":{"rendered":"Formlabs Tough 2000 R\u00e9sine 5L"},"content":{"rendered":"<h3>Formlabs Tough 2000 Resin 5L Kartusche<\/h3>\n<p><strong>f\u00fcr das <\/strong><a href=\"https:\/\/3d-edu.ch\/boutique\/formlabs-resin-pump\/\"><strong>Formlabs Resin Pumping System.<\/strong><\/a><\/p>\n<p>Tough 2000 Resin ist ein st\u00e4rkes und steifes Material. Das Tough 2000 Resin eignet sich f\u00fcr das Prototyping von starken und robusten Teilen, die sich nicht leicht verbiegen sollen.<\/p>\n<p>Es kann f\u00fcr folgende Anwendungen eingesetzt werden:<\/p>\n<ul>\n<li>Starke und steife Prototypen<\/li>\n<li>Vorrichtungen, die eine minimale Durchbiegung erfordern<\/li>\n<li>Zur Simulation der Festigkeit und Steifigkeit von ABS<\/li>\n<\/ul>\n<p>Die Zahl \u00ab\u00a02000\u00a0\u00bb im Namen steht f\u00fcr das Zugmodul des Materials. Wenn Sie ein weicheres Material ben\u00f6tigen, probieren Sie Tough 1500 Resin oder Durable Resin aus.<\/p>\n<p>Tough 2000 Resin ist die Neuformulierung ehemaligen Formlabs Tough Resin. Tough 2000 Resin bietet verbesserte mechanische Eigenschaften und ein neues Aussehen.<\/p>\n<div class=\"accordion\">\n\t<div id=\"accordion-50284001\" class=\"accordion-item\">\n\t\t<a id=\"accordion-50284001-label\" class=\"accordion-title plain\" href=\"#accordion-item-plus-d&#039;informations\" aria-expanded=\"false\" aria-controls=\"accordion-50284001-content\">\n\t\t\t<button class=\"toggle\" aria-label=\"Basculer\"><i class=\"icon-angle-down\" aria-hidden=\"true\"><\/i><\/button>\n\t\t\t<span>Plus d&#039;informations<\/span>\n\t\t<\/a>\n\t\t<div id=\"accordion-50284001-content\" class=\"accordion-inner\" aria-labelledby=\"accordion-50284001-label\">\n\t\t\t\n<h5>Lieferumfang<\/h5>\n<p>1x Formlabs Tough 2000 Resin \/ Kunstharz 5L<\/p>\n<p>Unterst\u00fctzte Druckaufl\u00f6sungen: 100 und 50 Mikrometer.<br \/>\nNachh\u00e4rtung erforderlich.<br \/>\n<strong>Verf\u00fcgbar f\u00fcr <a href=\"https:\/\/3d-edu.ch\/formlabs\/formlabs-3d-drucker-2\/form-3\/\">Form 3+<\/a>, <a href=\"https:\/\/3d-edu.ch\/formlabs\/formlabs-3d-drucker-2\/form-3b\/\">Form 3B<\/a>, <a href=\"https:\/\/3d-edu.ch\/formlabs\/formlabs-3d-drucker-2\/form-3l\/\">Form 3L<\/a> und <a href=\"https:\/\/3d-edu.ch\/formlabs\/formlabs-3d-drucker-2\/form-3bl\/\">Form 3BL<\/a> in Verwendung mit dem <\/strong><a href=\"https:\/\/3d-edu.ch\/boutique\/formlabs-resin-pump\/\"><strong>Formlabs Resin Pumping System.<\/strong><\/a><\/p>\n<h5>Weitere Informationen<\/h5>\n<p>Weitere Informationen zum Formlabs Tough 2000 Material finden Sie unter <a href=\"https:\/\/3d-edu.ch\/formlabs\/resin\/engineering\/\">Formlabs Engineering Resin<\/a>.<\/p>\n<h2>Formlabs Resin \/ Kunstharz<\/h2>\n<p>Formlabs Resin \/ Kunstharz liefert formvollendete Ergebnisse mit den <a href=\"https:\/\/3d-edu.ch\/formlabs\/formlabs-3d-drucker-2\/\">Formlabs SLA\/LFS 3D-Druckern<\/a>. Die Material-Bibliothek umfasst rund 20 Resins und wird stets verbessert und erweitert. Neben den <a href=\"https:\/\/3d-edu.ch\/formlabs\/resin\/standard\/\">Standard-Resins<\/a> bietet Fromlabs Spezialkunstharze f\u00fcr <a href=\"https:\/\/3d-edu.ch\/formlabs\/resin\/engineering\/\">Engineering<\/a>, <a href=\"https:\/\/3d-edu.ch\/formlabs\/resin\/castable\/\">Schmuckdesign<\/a>, <a href=\"https:\/\/3d-edu.ch\/formlabs\/resin\/dental\/\">Zahnmedizin<\/a> und <a href=\"https:\/\/3d-edu.ch\/formlabs\/resin\/medical\/\">Medizin<\/a>.<\/p>\n<h3>Formlabs Engineering Resin \/ Technische Kunstharze<\/h3>\n<h4>Formlabs Grey Pro, Formlabs Rigid 4000, Formlabs Rigid 10K, Formlabs Flexible 80A, Formlabs Elastic 50A, Formlabs Tough 1500, Formlabs Tough 2000, Formlabs Durable, Formlabs High Temp, Formlabs Draft V2 Resin<\/h4>\n<p>Sind fortschrittliche 3D-Druck Materialien, die f\u00fcr funktionales Prototyping und Engineering ausgelgt sind. Die Formlabs Functional Resins \/ Funktionskunstharze zeichnen sich durch Ihre Eigenschaften aus und sind f\u00fcr spezielle Anwendung entwickelt. Dies erweitert und verbessert die Leistung von Formlabs 3D-Druckern. Ein neues elastisches Resin \u201eElastic Resin\u201c mit der Shore-H\u00e4rte 50A ist seit Kurzem ebenfalls lieferbar.<\/p>\n\t\t<\/div>\n\t<\/div>\n\t\n<\/div>\n","protected":false},"excerpt":{"rendered":"<h2><strong>Formlabs Tough 2000 Resin \/ R\u00e9sine 1L<\/strong><\/h2>\n<p>Formlabs Tough 2000 Resin est le mat\u00e9riau le plus solide et le plus rigide de la gamme de r\u00e9sines fonctionnelles de Formlabs. Choisissez Tough 2000 Resin pour le prototypage de pi\u00e8ces solides qui ne doivent pas se d\u00e9former facilement. Elle convient pour les supports et les dispositifs qui ne fl\u00e9chissent que tr\u00e8s peu, ainsi que pour la simulation de l&rsquo;ABS.  <\/p>\n","protected":false},"featured_media":70591,"comment_status":"closed","ping_status":"closed","template":"","meta":[],"product_brand":[],"product_cat":[10400,10356,10352,10359,10355],"product_tag":[8088,7784,8086,8053,8885,8092,8222],"class_list":{"0":"post-76629","1":"product","2":"type-product","3":"status-publish","4":"has-post-thumbnail","6":"product_cat-cartouche-de-resine-5l","7":"product_cat-form-2-3-l-resine","8":"product_cat-formlabs","9":"product_cat-ingenierie","10":"product_cat-materiaux","11":"product_tag-5l","12":"product_tag-formlabs-fr","13":"product_tag-pompe-a-resine","14":"product_tag-resine-formlabs","15":"product_tag-rs-rps-to20-01","16":"product_tag-systeme-de-pompage-de-la-resine","17":"product_tag-tough-2000","19":"first","20":"onbackorder","21":"taxable","22":"shipping-taxable","23":"purchasable","24":"product-type-simple"},"yoast_head":"<!-- This site is optimized with the Yoast SEO Premium plugin v27.5 (Yoast SEO v27.5) - https:\/\/yoast.com\/product\/yoast-seo-premium-wordpress\/ -->\n<title>Formlabs Tough 2000 R\u00e9sine 5L %%page% - 3D-EDU GmbH%<\/title>\n<meta name=\"description\" content=\"Formlabs Tough 2000 Resin est le mat\u00e9riau le plus solide et le plus rigide de la gamme de r\u00e9sines fonctionnelles de Formlabs. Choisissez Tough 2000 Resin pour le prototypage de pi\u00e8ces solides qui ne doivent pas se d\u00e9former facilement.\" \/>\n<meta name=\"robots\" content=\"index, follow, max-snippet:-1, max-image-preview:large, max-video-preview:-1\" \/>\n<link rel=\"canonical\" href=\"https:\/\/3d-edu.ch\/fr\/boutique\/formlabs-tough-2000-resine-5l\/\" \/>\n<meta property=\"og:locale\" content=\"fr_FR\" \/>\n<meta property=\"og:type\" content=\"article\" \/>\n<meta property=\"og:title\" content=\"Formlabs Tough 2000 R\u00e9sine 5L\" \/>\n<meta property=\"og:description\" content=\"Formlabs Tough 2000 Resin est le mat\u00e9riau le plus solide et le plus rigide de la gamme de r\u00e9sines fonctionnelles de Formlabs. Choisissez Tough 2000 Resin pour le prototypage de pi\u00e8ces solides qui ne doivent pas se d\u00e9former facilement.\" \/>\n<meta property=\"og:url\" content=\"https:\/\/3d-edu.ch\/fr\/boutique\/formlabs-tough-2000-resine-5l\/\" \/>\n<meta property=\"og:site_name\" content=\"3D-EDU GmbH\" \/>\n<meta property=\"article:publisher\" content=\"https:\/\/www.facebook.com\/3d-educh-210277586064960\/\" \/>\n<meta property=\"article:modified_time\" content=\"2026-05-13T07:37:26+00:00\" \/>\n<meta property=\"og:image\" content=\"https:\/\/3d-edu.ch\/wp-content\/uploads\/2024\/01\/formlabs-tough-2000-5L-resin.webp\" \/>\n\t<meta property=\"og:image:width\" content=\"380\" \/>\n\t<meta property=\"og:image:height\" content=\"380\" \/>\n\t<meta property=\"og:image:type\" content=\"image\/webp\" \/>\n<meta name=\"twitter:card\" content=\"summary_large_image\" \/>\n<meta name=\"twitter:site\" content=\"@3d_edu_ch\" \/>\n<meta name=\"twitter:label1\" content=\"Prix\" \/>\n\t<meta name=\"twitter:data1\" content=\"757.54&nbsp;&#067;&#072;&#070; hors TVA\" \/>\n\t<meta name=\"twitter:label2\" content=\"Disponibilit\u00e9\" \/>\n\t<meta name=\"twitter:data2\" content=\"En r\u00e9assort\" \/>\n<script type=\"application\/ld+json\" class=\"yoast-schema-graph\">{\"@context\":\"https:\\\/\\\/schema.org\",\"@graph\":[{\"@type\":\"WebPage\",\"@id\":\"https:\\\/\\\/3d-edu.ch\\\/fr\\\/boutique\\\/formlabs-tough-2000-resine-5l\\\/\",\"url\":\"https:\\\/\\\/3d-edu.ch\\\/fr\\\/boutique\\\/formlabs-tough-2000-resine-5l\\\/\",\"name\":\"Formlabs Tough 2000 R\u00e9sine 5L %%page% - 3D-EDU GmbH%\",\"isPartOf\":{\"@id\":\"https:\\\/\\\/3d-edu.ch\\\/fr\\\/#website\"},\"primaryImageOfPage\":{\"@id\":\"https:\\\/\\\/3d-edu.ch\\\/fr\\\/boutique\\\/formlabs-tough-2000-resine-5l\\\/#primaryimage\"},\"image\":{\"@id\":\"https:\\\/\\\/3d-edu.ch\\\/fr\\\/boutique\\\/formlabs-tough-2000-resine-5l\\\/#primaryimage\"},\"thumbnailUrl\":\"https:\\\/\\\/3d-edu.ch\\\/wp-content\\\/uploads\\\/2024\\\/01\\\/formlabs-tough-2000-5L-resin.webp\",\"datePublished\":\"2024-01-15T10:44:37+00:00\",\"dateModified\":\"2026-05-13T07:37:26+00:00\",\"description\":\"Formlabs Tough 2000 Resin est le mat\u00e9riau le plus solide et le plus rigide de la gamme de r\u00e9sines fonctionnelles de Formlabs. Choisissez Tough 2000 Resin pour le prototypage de pi\u00e8ces solides qui ne doivent pas se d\u00e9former facilement.\",\"breadcrumb\":{\"@id\":\"https:\\\/\\\/3d-edu.ch\\\/fr\\\/boutique\\\/formlabs-tough-2000-resine-5l\\\/#breadcrumb\"},\"inLanguage\":\"fr-FR\",\"potentialAction\":[{\"@type\":\"ReadAction\",\"target\":[\"https:\\\/\\\/3d-edu.ch\\\/fr\\\/boutique\\\/formlabs-tough-2000-resine-5l\\\/\"]}]},{\"@type\":\"ImageObject\",\"inLanguage\":\"fr-FR\",\"@id\":\"https:\\\/\\\/3d-edu.ch\\\/fr\\\/boutique\\\/formlabs-tough-2000-resine-5l\\\/#primaryimage\",\"url\":\"https:\\\/\\\/3d-edu.ch\\\/wp-content\\\/uploads\\\/2024\\\/01\\\/formlabs-tough-2000-5L-resin.webp\",\"contentUrl\":\"https:\\\/\\\/3d-edu.ch\\\/wp-content\\\/uploads\\\/2024\\\/01\\\/formlabs-tough-2000-5L-resin.webp\",\"width\":380,\"height\":380},{\"@type\":\"BreadcrumbList\",\"@id\":\"https:\\\/\\\/3d-edu.ch\\\/fr\\\/boutique\\\/formlabs-tough-2000-resine-5l\\\/#breadcrumb\",\"itemListElement\":[{\"@type\":\"ListItem\",\"position\":1,\"name\":\"Accueil\",\"item\":\"https:\\\/\\\/3d-edu.ch\\\/fr\\\/\"},{\"@type\":\"ListItem\",\"position\":2,\"name\":\"Boutique\",\"item\":\"https:\\\/\\\/3d-edu.ch\\\/fr\\\/boutique\\\/\"},{\"@type\":\"ListItem\",\"position\":3,\"name\":\"Formlabs Tough 2000 R\u00e9sine 5L\"}]},{\"@type\":\"WebSite\",\"@id\":\"https:\\\/\\\/3d-edu.ch\\\/fr\\\/#website\",\"url\":\"https:\\\/\\\/3d-edu.ch\\\/fr\\\/\",\"name\":\"3D-EDU GmbH\",\"description\":\"Your Formlabs, UltiMaker and Raise3D Printer Support and Education Site in Switzerland. \\\/\\\/ Ihre Formlabs, UltiMaker and Raise3D Drucker Support und Bildungs Webseite der Schweiz.\",\"publisher\":{\"@id\":\"https:\\\/\\\/3d-edu.ch\\\/fr\\\/#organization\"},\"potentialAction\":[{\"@type\":\"SearchAction\",\"target\":{\"@type\":\"EntryPoint\",\"urlTemplate\":\"https:\\\/\\\/3d-edu.ch\\\/fr\\\/?s={search_term_string}\"},\"query-input\":{\"@type\":\"PropertyValueSpecification\",\"valueRequired\":true,\"valueName\":\"search_term_string\"}}],\"inLanguage\":\"fr-FR\"},{\"@type\":[\"Organization\",\"Place\",\"ElectronicsStore\"],\"@id\":\"https:\\\/\\\/3d-edu.ch\\\/fr\\\/#organization\",\"name\":\"3D-EDU GmbH\",\"url\":\"https:\\\/\\\/3d-edu.ch\\\/fr\\\/\",\"logo\":{\"@id\":\"https:\\\/\\\/3d-edu.ch\\\/fr\\\/boutique\\\/formlabs-tough-2000-resine-5l\\\/#local-main-organization-logo\"},\"image\":{\"@id\":\"https:\\\/\\\/3d-edu.ch\\\/fr\\\/boutique\\\/formlabs-tough-2000-resine-5l\\\/#local-main-organization-logo\"},\"sameAs\":[\"https:\\\/\\\/www.facebook.com\\\/3d-educh-210277586064960\\\/\",\"https:\\\/\\\/x.com\\\/3d_edu_ch\"],\"address\":{\"@id\":\"https:\\\/\\\/3d-edu.ch\\\/fr\\\/boutique\\\/formlabs-tough-2000-resine-5l\\\/#local-main-place-address\"},\"geo\":{\"@type\":\"GeoCoordinates\",\"latitude\":\"47.38413\",\"longitude\":\"8.49812\"},\"telephone\":[\"+41 44 492 11 22\"],\"openingHoursSpecification\":[{\"@type\":\"OpeningHoursSpecification\",\"dayOfWeek\":[\"Monday\",\"Tuesday\",\"Wednesday\",\"Thursday\",\"Friday\"],\"opens\":\"08:30\",\"closes\":\"18:00\"},{\"@type\":\"OpeningHoursSpecification\",\"dayOfWeek\":[\"Saturday\",\"Sunday\"],\"opens\":\"00:00\",\"closes\":\"00:00\"}],\"email\":\"info@3d-edu.ch\",\"faxNumber\":\"+41 44 492 11 23\",\"vatID\":\"CHE-184.499.491 MWST\",\"priceRange\":\"$$$\",\"currenciesAccepted\":\"CHF\"},{\"@type\":\"PostalAddress\",\"@id\":\"https:\\\/\\\/3d-edu.ch\\\/fr\\\/boutique\\\/formlabs-tough-2000-resine-5l\\\/#local-main-place-address\",\"streetAddress\":\"3D-EDU GmbH, Badenerstrasse 556\",\"addressLocality\":\"Z\u00fcrich\",\"postalCode\":\"8048\",\"addressRegion\":\"Z\u00fcrich\",\"addressCountry\":\"CH\"},{\"@type\":\"ImageObject\",\"inLanguage\":\"fr-FR\",\"@id\":\"https:\\\/\\\/3d-edu.ch\\\/fr\\\/boutique\\\/formlabs-tough-2000-resine-5l\\\/#local-main-organization-logo\",\"url\":\"https:\\\/\\\/3d-edu.ch\\\/wp-content\\\/uploads\\\/2018\\\/10\\\/3d-drucker-makerbot-formlabs-professionelle-3d-drucker-e1546527990490.png\",\"contentUrl\":\"https:\\\/\\\/3d-edu.ch\\\/wp-content\\\/uploads\\\/2018\\\/10\\\/3d-drucker-makerbot-formlabs-professionelle-3d-drucker-e1546527990490.png\",\"width\":275,\"height\":80,\"caption\":\"3D-EDU GmbH\"}]}<\/script>\n<meta property=\"product:brand\" content=\"Cartouche de r\u00e9sine 5L\" \/>\n<meta property=\"product:price:amount\" content=\"757.54\" \/>\n<meta property=\"product:price:currency\" content=\"CHF\" \/>\n<meta property=\"og:availability\" content=\"backorder\" \/>\n<meta property=\"product:availability\" content=\"available for order\" \/>\n<meta property=\"product:retailer_item_id\" content=\"RS-RPS-TO20-01\" \/>\n<meta property=\"product:condition\" content=\"new\" \/>\n<meta name=\"geo.placename\" content=\"Z\u00fcrich\" \/>\n<meta name=\"geo.position\" content=\"47.38413;8.49812\" \/>\n<meta name=\"geo.region\" content=\"Suisse\" \/>\n<!-- \/ Yoast SEO Premium plugin. -->","yoast_head_json":{"title":"Formlabs Tough 2000 R\u00e9sine 5L %%page% - 3D-EDU GmbH%","description":"Formlabs Tough 2000 Resin est le mat\u00e9riau le plus solide et le plus rigide de la gamme de r\u00e9sines fonctionnelles de Formlabs. Choisissez Tough 2000 Resin pour le prototypage de pi\u00e8ces solides qui ne doivent pas se d\u00e9former facilement.","robots":{"index":"index","follow":"follow","max-snippet":"max-snippet:-1","max-image-preview":"max-image-preview:large","max-video-preview":"max-video-preview:-1"},"canonical":"https:\/\/3d-edu.ch\/fr\/boutique\/formlabs-tough-2000-resine-5l\/","og_locale":"fr_FR","og_type":"article","og_title":"Formlabs Tough 2000 R\u00e9sine 5L","og_description":"Formlabs Tough 2000 Resin est le mat\u00e9riau le plus solide et le plus rigide de la gamme de r\u00e9sines fonctionnelles de Formlabs. Choisissez Tough 2000 Resin pour le prototypage de pi\u00e8ces solides qui ne doivent pas se d\u00e9former facilement.","og_url":"https:\/\/3d-edu.ch\/fr\/boutique\/formlabs-tough-2000-resine-5l\/","og_site_name":"3D-EDU GmbH","article_publisher":"https:\/\/www.facebook.com\/3d-educh-210277586064960\/","article_modified_time":"2026-05-13T07:37:26+00:00","og_image":[{"width":380,"height":380,"url":"https:\/\/3d-edu.ch\/wp-content\/uploads\/2024\/01\/formlabs-tough-2000-5L-resin.webp","type":"image\/webp"}],"twitter_card":"summary_large_image","twitter_site":"@3d_edu_ch","twitter_misc":{"Prix":"757.54&nbsp;&#67;&#72;&#70; hors TVA","Disponibilit\u00e9":"En r\u00e9assort"},"schema":{"@context":"https:\/\/schema.org","@graph":[{"@type":"WebPage","@id":"https:\/\/3d-edu.ch\/fr\/boutique\/formlabs-tough-2000-resine-5l\/","url":"https:\/\/3d-edu.ch\/fr\/boutique\/formlabs-tough-2000-resine-5l\/","name":"Formlabs Tough 2000 R\u00e9sine 5L %%page% - 3D-EDU GmbH%","isPartOf":{"@id":"https:\/\/3d-edu.ch\/fr\/#website"},"primaryImageOfPage":{"@id":"https:\/\/3d-edu.ch\/fr\/boutique\/formlabs-tough-2000-resine-5l\/#primaryimage"},"image":{"@id":"https:\/\/3d-edu.ch\/fr\/boutique\/formlabs-tough-2000-resine-5l\/#primaryimage"},"thumbnailUrl":"https:\/\/3d-edu.ch\/wp-content\/uploads\/2024\/01\/formlabs-tough-2000-5L-resin.webp","datePublished":"2024-01-15T10:44:37+00:00","dateModified":"2026-05-13T07:37:26+00:00","description":"Formlabs Tough 2000 Resin est le mat\u00e9riau le plus solide et le plus rigide de la gamme de r\u00e9sines fonctionnelles de Formlabs. Choisissez Tough 2000 Resin pour le prototypage de pi\u00e8ces solides qui ne doivent pas se d\u00e9former facilement.","breadcrumb":{"@id":"https:\/\/3d-edu.ch\/fr\/boutique\/formlabs-tough-2000-resine-5l\/#breadcrumb"},"inLanguage":"fr-FR","potentialAction":[{"@type":"ReadAction","target":["https:\/\/3d-edu.ch\/fr\/boutique\/formlabs-tough-2000-resine-5l\/"]}]},{"@type":"ImageObject","inLanguage":"fr-FR","@id":"https:\/\/3d-edu.ch\/fr\/boutique\/formlabs-tough-2000-resine-5l\/#primaryimage","url":"https:\/\/3d-edu.ch\/wp-content\/uploads\/2024\/01\/formlabs-tough-2000-5L-resin.webp","contentUrl":"https:\/\/3d-edu.ch\/wp-content\/uploads\/2024\/01\/formlabs-tough-2000-5L-resin.webp","width":380,"height":380},{"@type":"BreadcrumbList","@id":"https:\/\/3d-edu.ch\/fr\/boutique\/formlabs-tough-2000-resine-5l\/#breadcrumb","itemListElement":[{"@type":"ListItem","position":1,"name":"Accueil","item":"https:\/\/3d-edu.ch\/fr\/"},{"@type":"ListItem","position":2,"name":"Boutique","item":"https:\/\/3d-edu.ch\/fr\/boutique\/"},{"@type":"ListItem","position":3,"name":"Formlabs Tough 2000 R\u00e9sine 5L"}]},{"@type":"WebSite","@id":"https:\/\/3d-edu.ch\/fr\/#website","url":"https:\/\/3d-edu.ch\/fr\/","name":"3D-EDU GmbH","description":"Your Formlabs, UltiMaker and Raise3D Printer Support and Education Site in Switzerland. \/\/ Ihre Formlabs, UltiMaker and Raise3D Drucker Support und Bildungs Webseite der Schweiz.","publisher":{"@id":"https:\/\/3d-edu.ch\/fr\/#organization"},"potentialAction":[{"@type":"SearchAction","target":{"@type":"EntryPoint","urlTemplate":"https:\/\/3d-edu.ch\/fr\/?s={search_term_string}"},"query-input":{"@type":"PropertyValueSpecification","valueRequired":true,"valueName":"search_term_string"}}],"inLanguage":"fr-FR"},{"@type":["Organization","Place","ElectronicsStore"],"@id":"https:\/\/3d-edu.ch\/fr\/#organization","name":"3D-EDU GmbH","url":"https:\/\/3d-edu.ch\/fr\/","logo":{"@id":"https:\/\/3d-edu.ch\/fr\/boutique\/formlabs-tough-2000-resine-5l\/#local-main-organization-logo"},"image":{"@id":"https:\/\/3d-edu.ch\/fr\/boutique\/formlabs-tough-2000-resine-5l\/#local-main-organization-logo"},"sameAs":["https:\/\/www.facebook.com\/3d-educh-210277586064960\/","https:\/\/x.com\/3d_edu_ch"],"address":{"@id":"https:\/\/3d-edu.ch\/fr\/boutique\/formlabs-tough-2000-resine-5l\/#local-main-place-address"},"geo":{"@type":"GeoCoordinates","latitude":"47.38413","longitude":"8.49812"},"telephone":["+41 44 492 11 22"],"openingHoursSpecification":[{"@type":"OpeningHoursSpecification","dayOfWeek":["Monday","Tuesday","Wednesday","Thursday","Friday"],"opens":"08:30","closes":"18:00"},{"@type":"OpeningHoursSpecification","dayOfWeek":["Saturday","Sunday"],"opens":"00:00","closes":"00:00"}],"email":"info@3d-edu.ch","faxNumber":"+41 44 492 11 23","vatID":"CHE-184.499.491 MWST","priceRange":"$$$","currenciesAccepted":"CHF"},{"@type":"PostalAddress","@id":"https:\/\/3d-edu.ch\/fr\/boutique\/formlabs-tough-2000-resine-5l\/#local-main-place-address","streetAddress":"3D-EDU GmbH, Badenerstrasse 556","addressLocality":"Z\u00fcrich","postalCode":"8048","addressRegion":"Z\u00fcrich","addressCountry":"CH"},{"@type":"ImageObject","inLanguage":"fr-FR","@id":"https:\/\/3d-edu.ch\/fr\/boutique\/formlabs-tough-2000-resine-5l\/#local-main-organization-logo","url":"https:\/\/3d-edu.ch\/wp-content\/uploads\/2018\/10\/3d-drucker-makerbot-formlabs-professionelle-3d-drucker-e1546527990490.png","contentUrl":"https:\/\/3d-edu.ch\/wp-content\/uploads\/2018\/10\/3d-drucker-makerbot-formlabs-professionelle-3d-drucker-e1546527990490.png","width":275,"height":80,"caption":"3D-EDU GmbH"}]},"product_brand":"Cartouche de r\u00e9sine 5L","product_price_amount":"757.54","product_price_currency":"CHF","og_availability":"backorder","product_availability":"available for order","product_retailer_item_id":"RS-RPS-TO20-01","product_condition":"new","geo.placename":"Z\u00fcrich","geo.position":{"lat":"47.38413","long":"8.49812"},"geo.region":"Suisse"},"_links":{"self":[{"href":"https:\/\/3d-edu.ch\/fr\/wp-json\/wp\/v2\/product\/76629","targetHints":{"allow":["GET"]}}],"collection":[{"href":"https:\/\/3d-edu.ch\/fr\/wp-json\/wp\/v2\/product"}],"about":[{"href":"https:\/\/3d-edu.ch\/fr\/wp-json\/wp\/v2\/types\/product"}],"replies":[{"embeddable":true,"href":"https:\/\/3d-edu.ch\/fr\/wp-json\/wp\/v2\/comments?post=76629"}],"wp:featuredmedia":[{"embeddable":true,"href":"https:\/\/3d-edu.ch\/fr\/wp-json\/wp\/v2\/media\/70591"}],"wp:attachment":[{"href":"https:\/\/3d-edu.ch\/fr\/wp-json\/wp\/v2\/media?parent=76629"}],"wp:term":[{"taxonomy":"product_brand","embeddable":true,"href":"https:\/\/3d-edu.ch\/fr\/wp-json\/wp\/v2\/product_brand?post=76629"},{"taxonomy":"product_cat","embeddable":true,"href":"https:\/\/3d-edu.ch\/fr\/wp-json\/wp\/v2\/product_cat?post=76629"},{"taxonomy":"product_tag","embeddable":true,"href":"https:\/\/3d-edu.ch\/fr\/wp-json\/wp\/v2\/product_tag?post=76629"}],"curies":[{"name":"wp","href":"https:\/\/api.w.org\/{rel}","templated":true}]}}