{"id":76618,"date":"2024-01-15T10:10:59","date_gmt":"2024-01-15T10:10:59","guid":{"rendered":"https:\/\/3d-edu.ch\/shop\/formlabs-draft-v2-resine-5l\/"},"modified":"2026-05-14T09:49:29","modified_gmt":"2026-05-14T07:49:29","slug":"formlabs-draft-v2-resine-5l","status":"publish","type":"product","link":"https:\/\/3d-edu.ch\/fr\/boutique\/formlabs-draft-v2-resine-5l\/","title":{"rendered":"Formlabs Draft V2 R\u00e9sine 5L"},"content":{"rendered":"<h2 class=\"active\">Formlabs Draft V2 Resin 5L Kartusche<\/h2>\n<p><strong>f\u00fcr das <\/strong><a href=\"https:\/\/3d-edu.ch\/boutique\/formlabs-resin-pump\/\"><strong>Formlabs Resin Pumping System.<\/strong><\/a><\/p>\n<p>Formlabs Draft V2 Resin wird bis zu viermal schneller gedruckt als die anderen Standardmaterialien. Mit Draft V2 Resin gedruckte Teile bieten eine glatte, graue Oberfl\u00e4che und hohe Pr\u00e4zision. Stellen Sie die Schichth\u00f6he auf 200 Mikrometer ein, um schneller zu drucken, oder 100 Mikrometer, um Modelle mit feineren Details zu erhalten. Draft Resin bietet maximale Effizienz durch einen optimierten Arbeitsablauf: vom schnellen Druckstart \u00fcber minimales Entfernen von St\u00fctzstrukturen bis hin zu minimaler Zeit f\u00fcr das Waschen und Aush\u00e4rten. Es eignet sich f\u00fcr f\u00fcr anf\u00e4ngliche Prototypen und schnelles Iterieren, damit Produkte schneller auf den Markt kommen.<\/p>\n<p>Im Dental-Bereich kann es zur effizienten Herstellung von Alignern und Retainern verwendet werden.<\/p>\n<div class=\"accordion\">\n\t<div id=\"accordion-484008193\" class=\"accordion-item\">\n\t\t<a id=\"accordion-484008193-label\" class=\"accordion-title plain\" href=\"#accordion-item-plus-d&#039;informations\" aria-expanded=\"false\" aria-controls=\"accordion-484008193-content\">\n\t\t\t<button class=\"toggle\" aria-label=\"Basculer\"><i class=\"icon-angle-down\" aria-hidden=\"true\"><\/i><\/button>\n\t\t\t<span>Plus d&#039;informations<\/span>\n\t\t<\/a>\n\t\t<div id=\"accordion-484008193-content\" class=\"accordion-inner\" aria-labelledby=\"accordion-484008193-label\">\n\t\t\t\n<h5>Lieferumfang<\/h5>\n<p>1x Formlabs Draft V2 Resin \/ Kunstharz 5L<\/p>\n<p>Unterst\u00fctzte Druckaufl\u00f6sungen: 200 und 100 Mikrometer.<br \/>\nNachh\u00e4rtung erforderlich.<br \/>\n<strong>Verf\u00fcgbar f\u00fcr <a href=\"https:\/\/3d-edu.ch\/formlabs\/formlabs-3d-drucker-2\/form-3\/\">Form 3+<\/a>, <a href=\"https:\/\/3d-edu.ch\/formlabs\/formlabs-3d-drucker-2\/form-3b\/\">Form 3B<\/a>, <a href=\"https:\/\/3d-edu.ch\/formlabs\/formlabs-3d-drucker-2\/form-3l\/\">Form 3L<\/a> und <a href=\"https:\/\/3d-edu.ch\/formlabs\/formlabs-3d-drucker-2\/form-3bl\/\">Form 3BL<\/a> in Verwendung mit dem <\/strong><a href=\"https:\/\/3d-edu.ch\/boutique\/formlabs-resin-pump\/\"><strong>Formlabs Resin Pumping System.<\/strong><\/a><\/p>\n<h5>Weitere Informationen<\/h5>\n<p>Weitere Informationen zum Formlabs Draft V2 Material finden Sie unter <a href=\"https:\/\/3d-edu.ch\/formlabs\/resin\/engineering\/\">Formlabs Engineering Resin<\/a>.<\/p>\n<h2>Formlabs Resin \/ Kunstharz<\/h2>\n<p>Formlabs Resin \/ Kunstharz liefert formvollendete Ergebnisse mit den <a href=\"https:\/\/3d-edu.ch\/formlabs\/formlabs-3d-drucker-2\/\">Formlabs SLA\/LFS 3D-Druckern<\/a>. Die Material-Bibliothek umfasst rund 20 Resins und wird stets verbessert und erweitert. Neben den <a href=\"https:\/\/3d-edu.ch\/formlabs\/resin\/standard\/\">Standard-Resins<\/a> bietet Fromlabs Spezialkunstharze f\u00fcr <a href=\"https:\/\/3d-edu.ch\/formlabs\/resin\/engineering\/\">Engineering<\/a>, <a href=\"https:\/\/3d-edu.ch\/formlabs\/resin\/castable\/\">Schmuckdesign<\/a>, <a href=\"https:\/\/3d-edu.ch\/formlabs\/resin\/dental\/\">Zahnmedizin<\/a> und <a href=\"https:\/\/3d-edu.ch\/formlabs\/resin\/medical\/\">Medizin<\/a>.<\/p>\n<h3>Formlabs Standard Resin \/ Standardkunstharze<\/h3>\n<h4>Formlabs Clear, Formlabs White, Formlabs Grey, Formalbs Black Resin, Formlabs Color Kit<\/h4>\n<p>Diese Resins erzielen h\u00f6chste Leistung und beste Oberfl\u00e4chenqualit\u00e4t. Die Formlabs Standard-Resins \/ Standardkunstharze sind auf die Fertigung in h\u00f6chster Qualit\u00e4t zugeschnittenen und bilden erstaunlich viele Details ab, ohne Abstriche in Bezug auf die Festigkeit zu machen.<\/p>\n\t\t<\/div>\n\t<\/div>\n\t\n<\/div>\n","protected":false},"excerpt":{"rendered":"<h2><strong>Formlabs Draft V2 Resin \/ R\u00e9sine 5L<\/strong><\/h2>\n<p>Draft Resin imprime jusqu&rsquo;\u00e0 quatre fois plus vite que les mat\u00e9riaux standard de Formlabs, ce qui en fait une solution id\u00e9ale pour les premiers prototypes et les it\u00e9rations rapides, afin d&rsquo;acc\u00e9l\u00e9rer la mise sur le march\u00e9 des produits.<\/p>\n","protected":false},"featured_media":70583,"comment_status":"closed","ping_status":"closed","template":"","meta":[],"product_brand":[],"product_cat":[10400,10360,10356,10352,10359,10355,10358],"product_tag":[8088,8881,7784,8085,8086,8053,8882,8092],"class_list":{"0":"post-76618","1":"product","2":"type-product","3":"status-publish","4":"has-post-thumbnail","6":"product_cat-cartouche-de-resine-5l","7":"product_cat-dentaire","8":"product_cat-form-2-3-l-resine","9":"product_cat-formlabs","10":"product_cat-ingenierie","11":"product_cat-materiaux","12":"product_cat-standard","13":"product_tag-5l","14":"product_tag-brouillon-v2","15":"product_tag-formlabs-fr","16":"product_tag-imprimante-3d-sla","17":"product_tag-pompe-a-resine","18":"product_tag-resine-formlabs","19":"product_tag-rs-rps-drgr-02","20":"product_tag-systeme-de-pompage-de-la-resine","21":"yith_product_brand-formlabs-fr","23":"first","24":"onbackorder","25":"taxable","26":"shipping-taxable","27":"purchasable","28":"product-type-simple"},"yoast_head":"<!-- This site is optimized with the Yoast SEO Premium plugin v27.5 (Yoast SEO v27.5) - https:\/\/yoast.com\/product\/yoast-seo-premium-wordpress\/ -->\n<title>Formlabs Draft V2 R\u00e9sine 5L %sepsepsitename%%%%.<\/title>\n<meta name=\"description\" content=\"Draft Resin imprime jusqu&#039;\u00e0 quatre fois plus vite que les mat\u00e9riaux standard de Formlabs, ce qui en fait une solution id\u00e9ale pour les premiers prototypes et les it\u00e9rations rapides, afin d&#039;acc\u00e9l\u00e9rer la mise sur le march\u00e9 des produits.\" \/>\n<meta name=\"robots\" content=\"index, follow, max-snippet:-1, max-image-preview:large, max-video-preview:-1\" \/>\n<link rel=\"canonical\" href=\"https:\/\/3d-edu.ch\/fr\/boutique\/formlabs-draft-v2-resine-5l\/\" \/>\n<meta property=\"og:locale\" content=\"fr_FR\" \/>\n<meta property=\"og:type\" content=\"article\" \/>\n<meta property=\"og:title\" content=\"Formlabs Draft V2 R\u00e9sine 5L\" \/>\n<meta property=\"og:description\" content=\"Draft Resin imprime jusqu&#039;\u00e0 quatre fois plus vite que les mat\u00e9riaux standard de Formlabs, ce qui en fait une solution id\u00e9ale pour les premiers prototypes et les it\u00e9rations rapides, afin d&#039;acc\u00e9l\u00e9rer la mise sur le march\u00e9 des produits.\" \/>\n<meta property=\"og:url\" content=\"https:\/\/3d-edu.ch\/fr\/boutique\/formlabs-draft-v2-resine-5l\/\" \/>\n<meta property=\"og:site_name\" content=\"3D-EDU GmbH\" \/>\n<meta property=\"article:publisher\" content=\"https:\/\/www.facebook.com\/3d-educh-210277586064960\/\" \/>\n<meta property=\"article:modified_time\" content=\"2026-05-14T07:49:29+00:00\" \/>\n<meta property=\"og:image\" content=\"https:\/\/3d-edu.ch\/wp-content\/uploads\/2024\/01\/formlabs-draft-v2-5L-resin.webp\" \/>\n\t<meta property=\"og:image:width\" content=\"380\" \/>\n\t<meta property=\"og:image:height\" content=\"380\" \/>\n\t<meta property=\"og:image:type\" content=\"image\/webp\" \/>\n<meta name=\"twitter:card\" content=\"summary_large_image\" \/>\n<meta name=\"twitter:site\" content=\"@3d_edu_ch\" \/>\n<meta name=\"twitter:label1\" content=\"Prix\" \/>\n\t<meta name=\"twitter:data1\" content=\"571.64&nbsp;&#067;&#072;&#070; hors TVA\" \/>\n\t<meta name=\"twitter:label2\" content=\"Disponibilit\u00e9\" \/>\n\t<meta name=\"twitter:data2\" content=\"En r\u00e9assort\" \/>\n<script type=\"application\/ld+json\" class=\"yoast-schema-graph\">{\"@context\":\"https:\\\/\\\/schema.org\",\"@graph\":[{\"@type\":\"WebPage\",\"@id\":\"https:\\\/\\\/3d-edu.ch\\\/fr\\\/boutique\\\/formlabs-draft-v2-resine-5l\\\/\",\"url\":\"https:\\\/\\\/3d-edu.ch\\\/fr\\\/boutique\\\/formlabs-draft-v2-resine-5l\\\/\",\"name\":\"Formlabs Draft V2 R\u00e9sine 5L %sepsepsitename%%%%.\",\"isPartOf\":{\"@id\":\"https:\\\/\\\/3d-edu.ch\\\/fr\\\/#website\"},\"primaryImageOfPage\":{\"@id\":\"https:\\\/\\\/3d-edu.ch\\\/fr\\\/boutique\\\/formlabs-draft-v2-resine-5l\\\/#primaryimage\"},\"image\":{\"@id\":\"https:\\\/\\\/3d-edu.ch\\\/fr\\\/boutique\\\/formlabs-draft-v2-resine-5l\\\/#primaryimage\"},\"thumbnailUrl\":\"https:\\\/\\\/3d-edu.ch\\\/wp-content\\\/uploads\\\/2024\\\/01\\\/formlabs-draft-v2-5L-resin.webp\",\"datePublished\":\"2024-01-15T10:10:59+00:00\",\"dateModified\":\"2026-05-14T07:49:29+00:00\",\"description\":\"Draft Resin imprime jusqu'\u00e0 quatre fois plus vite que les mat\u00e9riaux standard de Formlabs, ce qui en fait une solution id\u00e9ale pour les premiers prototypes et les it\u00e9rations rapides, afin d'acc\u00e9l\u00e9rer la mise sur le march\u00e9 des produits.\",\"breadcrumb\":{\"@id\":\"https:\\\/\\\/3d-edu.ch\\\/fr\\\/boutique\\\/formlabs-draft-v2-resine-5l\\\/#breadcrumb\"},\"inLanguage\":\"fr-FR\",\"potentialAction\":[{\"@type\":\"ReadAction\",\"target\":[\"https:\\\/\\\/3d-edu.ch\\\/fr\\\/boutique\\\/formlabs-draft-v2-resine-5l\\\/\"]}]},{\"@type\":\"ImageObject\",\"inLanguage\":\"fr-FR\",\"@id\":\"https:\\\/\\\/3d-edu.ch\\\/fr\\\/boutique\\\/formlabs-draft-v2-resine-5l\\\/#primaryimage\",\"url\":\"https:\\\/\\\/3d-edu.ch\\\/wp-content\\\/uploads\\\/2024\\\/01\\\/formlabs-draft-v2-5L-resin.webp\",\"contentUrl\":\"https:\\\/\\\/3d-edu.ch\\\/wp-content\\\/uploads\\\/2024\\\/01\\\/formlabs-draft-v2-5L-resin.webp\",\"width\":380,\"height\":380},{\"@type\":\"BreadcrumbList\",\"@id\":\"https:\\\/\\\/3d-edu.ch\\\/fr\\\/boutique\\\/formlabs-draft-v2-resine-5l\\\/#breadcrumb\",\"itemListElement\":[{\"@type\":\"ListItem\",\"position\":1,\"name\":\"Accueil\",\"item\":\"https:\\\/\\\/3d-edu.ch\\\/fr\\\/\"},{\"@type\":\"ListItem\",\"position\":2,\"name\":\"Boutique\",\"item\":\"https:\\\/\\\/3d-edu.ch\\\/fr\\\/boutique\\\/\"},{\"@type\":\"ListItem\",\"position\":3,\"name\":\"Formlabs Draft V2 R\u00e9sine 5L\"}]},{\"@type\":\"WebSite\",\"@id\":\"https:\\\/\\\/3d-edu.ch\\\/fr\\\/#website\",\"url\":\"https:\\\/\\\/3d-edu.ch\\\/fr\\\/\",\"name\":\"3D-EDU GmbH\",\"description\":\"Your Formlabs, UltiMaker and Raise3D Printer Support and Education Site in Switzerland. \\\/\\\/ Ihre Formlabs, UltiMaker and Raise3D Drucker Support und Bildungs Webseite der Schweiz.\",\"publisher\":{\"@id\":\"https:\\\/\\\/3d-edu.ch\\\/fr\\\/#organization\"},\"potentialAction\":[{\"@type\":\"SearchAction\",\"target\":{\"@type\":\"EntryPoint\",\"urlTemplate\":\"https:\\\/\\\/3d-edu.ch\\\/fr\\\/?s={search_term_string}\"},\"query-input\":{\"@type\":\"PropertyValueSpecification\",\"valueRequired\":true,\"valueName\":\"search_term_string\"}}],\"inLanguage\":\"fr-FR\"},{\"@type\":[\"Organization\",\"Place\",\"ElectronicsStore\"],\"@id\":\"https:\\\/\\\/3d-edu.ch\\\/fr\\\/#organization\",\"name\":\"3D-EDU GmbH\",\"url\":\"https:\\\/\\\/3d-edu.ch\\\/fr\\\/\",\"logo\":{\"@id\":\"https:\\\/\\\/3d-edu.ch\\\/fr\\\/boutique\\\/formlabs-draft-v2-resine-5l\\\/#local-main-organization-logo\"},\"image\":{\"@id\":\"https:\\\/\\\/3d-edu.ch\\\/fr\\\/boutique\\\/formlabs-draft-v2-resine-5l\\\/#local-main-organization-logo\"},\"sameAs\":[\"https:\\\/\\\/www.facebook.com\\\/3d-educh-210277586064960\\\/\",\"https:\\\/\\\/x.com\\\/3d_edu_ch\"],\"address\":{\"@id\":\"https:\\\/\\\/3d-edu.ch\\\/fr\\\/boutique\\\/formlabs-draft-v2-resine-5l\\\/#local-main-place-address\"},\"geo\":{\"@type\":\"GeoCoordinates\",\"latitude\":\"47.38413\",\"longitude\":\"8.49812\"},\"telephone\":[\"+41 44 492 11 22\"],\"openingHoursSpecification\":[{\"@type\":\"OpeningHoursSpecification\",\"dayOfWeek\":[\"Monday\",\"Tuesday\",\"Wednesday\",\"Thursday\",\"Friday\"],\"opens\":\"08:30\",\"closes\":\"18:00\"},{\"@type\":\"OpeningHoursSpecification\",\"dayOfWeek\":[\"Saturday\",\"Sunday\"],\"opens\":\"00:00\",\"closes\":\"00:00\"}],\"email\":\"info@3d-edu.ch\",\"faxNumber\":\"+41 44 492 11 23\",\"vatID\":\"CHE-184.499.491 MWST\",\"priceRange\":\"$$$\",\"currenciesAccepted\":\"CHF\"},{\"@type\":\"PostalAddress\",\"@id\":\"https:\\\/\\\/3d-edu.ch\\\/fr\\\/boutique\\\/formlabs-draft-v2-resine-5l\\\/#local-main-place-address\",\"streetAddress\":\"3D-EDU GmbH, Badenerstrasse 556\",\"addressLocality\":\"Z\u00fcrich\",\"postalCode\":\"8048\",\"addressRegion\":\"Z\u00fcrich\",\"addressCountry\":\"CH\"},{\"@type\":\"ImageObject\",\"inLanguage\":\"fr-FR\",\"@id\":\"https:\\\/\\\/3d-edu.ch\\\/fr\\\/boutique\\\/formlabs-draft-v2-resine-5l\\\/#local-main-organization-logo\",\"url\":\"https:\\\/\\\/3d-edu.ch\\\/wp-content\\\/uploads\\\/2018\\\/10\\\/3d-drucker-makerbot-formlabs-professionelle-3d-drucker-e1546527990490.png\",\"contentUrl\":\"https:\\\/\\\/3d-edu.ch\\\/wp-content\\\/uploads\\\/2018\\\/10\\\/3d-drucker-makerbot-formlabs-professionelle-3d-drucker-e1546527990490.png\",\"width\":275,\"height\":80,\"caption\":\"3D-EDU GmbH\"}]}<\/script>\n<meta property=\"product:brand\" content=\"Cartouche de r\u00e9sine 5L\" \/>\n<meta property=\"product:price:amount\" content=\"571.64\" \/>\n<meta property=\"product:price:currency\" content=\"CHF\" \/>\n<meta property=\"og:availability\" content=\"backorder\" \/>\n<meta property=\"product:availability\" content=\"available for order\" \/>\n<meta property=\"product:retailer_item_id\" content=\"RS-RPS-DRGR-02\" \/>\n<meta property=\"product:condition\" content=\"new\" \/>\n<meta name=\"geo.placename\" content=\"Z\u00fcrich\" \/>\n<meta name=\"geo.position\" content=\"47.38413;8.49812\" \/>\n<meta name=\"geo.region\" content=\"Suisse\" \/>\n<!-- \/ Yoast SEO Premium plugin. -->","yoast_head_json":{"title":"Formlabs Draft V2 R\u00e9sine 5L %sepsepsitename%%%%.","description":"Draft Resin imprime jusqu'\u00e0 quatre fois plus vite que les mat\u00e9riaux standard de Formlabs, ce qui en fait une solution id\u00e9ale pour les premiers prototypes et les it\u00e9rations rapides, afin d'acc\u00e9l\u00e9rer la mise sur le march\u00e9 des produits.","robots":{"index":"index","follow":"follow","max-snippet":"max-snippet:-1","max-image-preview":"max-image-preview:large","max-video-preview":"max-video-preview:-1"},"canonical":"https:\/\/3d-edu.ch\/fr\/boutique\/formlabs-draft-v2-resine-5l\/","og_locale":"fr_FR","og_type":"article","og_title":"Formlabs Draft V2 R\u00e9sine 5L","og_description":"Draft Resin imprime jusqu'\u00e0 quatre fois plus vite que les mat\u00e9riaux standard de Formlabs, ce qui en fait une solution id\u00e9ale pour les premiers prototypes et les it\u00e9rations rapides, afin d'acc\u00e9l\u00e9rer la mise sur le march\u00e9 des produits.","og_url":"https:\/\/3d-edu.ch\/fr\/boutique\/formlabs-draft-v2-resine-5l\/","og_site_name":"3D-EDU GmbH","article_publisher":"https:\/\/www.facebook.com\/3d-educh-210277586064960\/","article_modified_time":"2026-05-14T07:49:29+00:00","og_image":[{"width":380,"height":380,"url":"https:\/\/3d-edu.ch\/wp-content\/uploads\/2024\/01\/formlabs-draft-v2-5L-resin.webp","type":"image\/webp"}],"twitter_card":"summary_large_image","twitter_site":"@3d_edu_ch","twitter_misc":{"Prix":"571.64&nbsp;&#67;&#72;&#70; hors TVA","Disponibilit\u00e9":"En r\u00e9assort"},"schema":{"@context":"https:\/\/schema.org","@graph":[{"@type":"WebPage","@id":"https:\/\/3d-edu.ch\/fr\/boutique\/formlabs-draft-v2-resine-5l\/","url":"https:\/\/3d-edu.ch\/fr\/boutique\/formlabs-draft-v2-resine-5l\/","name":"Formlabs Draft V2 R\u00e9sine 5L %sepsepsitename%%%%.","isPartOf":{"@id":"https:\/\/3d-edu.ch\/fr\/#website"},"primaryImageOfPage":{"@id":"https:\/\/3d-edu.ch\/fr\/boutique\/formlabs-draft-v2-resine-5l\/#primaryimage"},"image":{"@id":"https:\/\/3d-edu.ch\/fr\/boutique\/formlabs-draft-v2-resine-5l\/#primaryimage"},"thumbnailUrl":"https:\/\/3d-edu.ch\/wp-content\/uploads\/2024\/01\/formlabs-draft-v2-5L-resin.webp","datePublished":"2024-01-15T10:10:59+00:00","dateModified":"2026-05-14T07:49:29+00:00","description":"Draft Resin imprime jusqu'\u00e0 quatre fois plus vite que les mat\u00e9riaux standard de Formlabs, ce qui en fait une solution id\u00e9ale pour les premiers prototypes et les it\u00e9rations rapides, afin d'acc\u00e9l\u00e9rer la mise sur le march\u00e9 des produits.","breadcrumb":{"@id":"https:\/\/3d-edu.ch\/fr\/boutique\/formlabs-draft-v2-resine-5l\/#breadcrumb"},"inLanguage":"fr-FR","potentialAction":[{"@type":"ReadAction","target":["https:\/\/3d-edu.ch\/fr\/boutique\/formlabs-draft-v2-resine-5l\/"]}]},{"@type":"ImageObject","inLanguage":"fr-FR","@id":"https:\/\/3d-edu.ch\/fr\/boutique\/formlabs-draft-v2-resine-5l\/#primaryimage","url":"https:\/\/3d-edu.ch\/wp-content\/uploads\/2024\/01\/formlabs-draft-v2-5L-resin.webp","contentUrl":"https:\/\/3d-edu.ch\/wp-content\/uploads\/2024\/01\/formlabs-draft-v2-5L-resin.webp","width":380,"height":380},{"@type":"BreadcrumbList","@id":"https:\/\/3d-edu.ch\/fr\/boutique\/formlabs-draft-v2-resine-5l\/#breadcrumb","itemListElement":[{"@type":"ListItem","position":1,"name":"Accueil","item":"https:\/\/3d-edu.ch\/fr\/"},{"@type":"ListItem","position":2,"name":"Boutique","item":"https:\/\/3d-edu.ch\/fr\/boutique\/"},{"@type":"ListItem","position":3,"name":"Formlabs Draft V2 R\u00e9sine 5L"}]},{"@type":"WebSite","@id":"https:\/\/3d-edu.ch\/fr\/#website","url":"https:\/\/3d-edu.ch\/fr\/","name":"3D-EDU GmbH","description":"Your Formlabs, UltiMaker and Raise3D Printer Support and Education Site in Switzerland. \/\/ Ihre Formlabs, UltiMaker and Raise3D Drucker Support und Bildungs Webseite der Schweiz.","publisher":{"@id":"https:\/\/3d-edu.ch\/fr\/#organization"},"potentialAction":[{"@type":"SearchAction","target":{"@type":"EntryPoint","urlTemplate":"https:\/\/3d-edu.ch\/fr\/?s={search_term_string}"},"query-input":{"@type":"PropertyValueSpecification","valueRequired":true,"valueName":"search_term_string"}}],"inLanguage":"fr-FR"},{"@type":["Organization","Place","ElectronicsStore"],"@id":"https:\/\/3d-edu.ch\/fr\/#organization","name":"3D-EDU GmbH","url":"https:\/\/3d-edu.ch\/fr\/","logo":{"@id":"https:\/\/3d-edu.ch\/fr\/boutique\/formlabs-draft-v2-resine-5l\/#local-main-organization-logo"},"image":{"@id":"https:\/\/3d-edu.ch\/fr\/boutique\/formlabs-draft-v2-resine-5l\/#local-main-organization-logo"},"sameAs":["https:\/\/www.facebook.com\/3d-educh-210277586064960\/","https:\/\/x.com\/3d_edu_ch"],"address":{"@id":"https:\/\/3d-edu.ch\/fr\/boutique\/formlabs-draft-v2-resine-5l\/#local-main-place-address"},"geo":{"@type":"GeoCoordinates","latitude":"47.38413","longitude":"8.49812"},"telephone":["+41 44 492 11 22"],"openingHoursSpecification":[{"@type":"OpeningHoursSpecification","dayOfWeek":["Monday","Tuesday","Wednesday","Thursday","Friday"],"opens":"08:30","closes":"18:00"},{"@type":"OpeningHoursSpecification","dayOfWeek":["Saturday","Sunday"],"opens":"00:00","closes":"00:00"}],"email":"info@3d-edu.ch","faxNumber":"+41 44 492 11 23","vatID":"CHE-184.499.491 MWST","priceRange":"$$$","currenciesAccepted":"CHF"},{"@type":"PostalAddress","@id":"https:\/\/3d-edu.ch\/fr\/boutique\/formlabs-draft-v2-resine-5l\/#local-main-place-address","streetAddress":"3D-EDU GmbH, Badenerstrasse 556","addressLocality":"Z\u00fcrich","postalCode":"8048","addressRegion":"Z\u00fcrich","addressCountry":"CH"},{"@type":"ImageObject","inLanguage":"fr-FR","@id":"https:\/\/3d-edu.ch\/fr\/boutique\/formlabs-draft-v2-resine-5l\/#local-main-organization-logo","url":"https:\/\/3d-edu.ch\/wp-content\/uploads\/2018\/10\/3d-drucker-makerbot-formlabs-professionelle-3d-drucker-e1546527990490.png","contentUrl":"https:\/\/3d-edu.ch\/wp-content\/uploads\/2018\/10\/3d-drucker-makerbot-formlabs-professionelle-3d-drucker-e1546527990490.png","width":275,"height":80,"caption":"3D-EDU GmbH"}]},"product_brand":"Cartouche de r\u00e9sine 5L","product_price_amount":"571.64","product_price_currency":"CHF","og_availability":"backorder","product_availability":"available for order","product_retailer_item_id":"RS-RPS-DRGR-02","product_condition":"new","geo.placename":"Z\u00fcrich","geo.position":{"lat":"47.38413","long":"8.49812"},"geo.region":"Suisse"},"_links":{"self":[{"href":"https:\/\/3d-edu.ch\/fr\/wp-json\/wp\/v2\/product\/76618","targetHints":{"allow":["GET"]}}],"collection":[{"href":"https:\/\/3d-edu.ch\/fr\/wp-json\/wp\/v2\/product"}],"about":[{"href":"https:\/\/3d-edu.ch\/fr\/wp-json\/wp\/v2\/types\/product"}],"replies":[{"embeddable":true,"href":"https:\/\/3d-edu.ch\/fr\/wp-json\/wp\/v2\/comments?post=76618"}],"wp:featuredmedia":[{"embeddable":true,"href":"https:\/\/3d-edu.ch\/fr\/wp-json\/wp\/v2\/media\/70583"}],"wp:attachment":[{"href":"https:\/\/3d-edu.ch\/fr\/wp-json\/wp\/v2\/media?parent=76618"}],"wp:term":[{"taxonomy":"product_brand","embeddable":true,"href":"https:\/\/3d-edu.ch\/fr\/wp-json\/wp\/v2\/product_brand?post=76618"},{"taxonomy":"product_cat","embeddable":true,"href":"https:\/\/3d-edu.ch\/fr\/wp-json\/wp\/v2\/product_cat?post=76618"},{"taxonomy":"product_tag","embeddable":true,"href":"https:\/\/3d-edu.ch\/fr\/wp-json\/wp\/v2\/product_tag?post=76618"}],"curies":[{"name":"wp","href":"https:\/\/api.w.org\/{rel}","templated":true}]}}