{"id":76616,"date":"2023-10-18T14:42:25","date_gmt":"2023-10-18T14:42:25","guid":{"rendered":"https:\/\/3d-edu.ch\/shop\/formlabs-biomed-elastic-50a-resine-resine-synthetique-1l\/"},"modified":"2026-05-05T14:27:37","modified_gmt":"2026-05-05T12:27:37","slug":"formlabs-biomed-elastic-50a-resine-resine-synthetique-1l","status":"publish","type":"product","link":"https:\/\/3d-edu.ch\/fr\/boutique\/formlabs-biomed-elastic-50a-resine-resine-synthetique-1l\/","title":{"rendered":"Formlabs BioMed Elastic 50A R\u00e9sine \/ R\u00e9sine synth\u00e9tique 1L"},"content":{"rendered":"<h3>BioMed Elastic 50A R\u00e9sine \/ R\u00e9sine synth\u00e9tique 1L Cartouche<\/h3>\n<p>BioMed Elastic 50A Resin est un mat\u00e9riau souple et \u00e9lastique de qualit\u00e9 m\u00e9dicale destin\u00e9 aux applications n\u00e9cessitant confort du patient, biocompatibilit\u00e9 et transparence. Ce mat\u00e9riau certifi\u00e9 ISO 10993 et USP Classe VI est fabriqu\u00e9 dans un \u00e9tablissement enregistr\u00e9 aupr\u00e8s de la FDA et certifi\u00e9 ISO 13485. Il est adapt\u00e9 aux applications impliquant un contact prolong\u00e9 avec la peau (&gt; 30 jours) et un contact de courte dur\u00e9e avec les muqueuses (&lt; 24 heures). <\/p>\n<p>Les pi\u00e8ces imprim\u00e9es en BioMed Clear Resin sont compatibles avec les m\u00e9thodes de st\u00e9rilisation traditionnelles et peuvent \u00eatre st\u00e9rilis\u00e9es jusqu&rsquo;\u00e0 la norme CDC. BioMed Clear Resin est fabriqu\u00e9 dans nos installations certifi\u00e9es ISO 13485 et est soutenu par un Device Master File de la FDA.<\/p>\n<div class=\"accordion\">\n\t<div id=\"accordion-434153565\" class=\"accordion-item\">\n\t\t<a id=\"accordion-434153565-label\" class=\"accordion-title plain\" href=\"#accordion-item-plus-d&#039;informations\" aria-expanded=\"false\" aria-controls=\"accordion-434153565-content\">\n\t\t\t<button class=\"toggle\" aria-label=\"Basculer\"><i class=\"icon-angle-down\" aria-hidden=\"true\"><\/i><\/button>\n\t\t\t<span>Plus d&#039;informations<\/span>\n\t\t<\/a>\n\t\t<div id=\"accordion-434153565-content\" class=\"accordion-inner\" aria-labelledby=\"accordion-434153565-label\">\n\t\t\t\n<h5>Contenu de la livraison<\/h5>\n<p>1x Formlabs BioMed Flex 80A R\u00e9sine \/ R\u00e9sine synth\u00e9tique 1L<\/p>\n<p>R\u00e9solutions d&rsquo;impression prises en charge : 100 et 50 microns.<br \/>\nPost-traitement requis.<br \/>\nDisponible pour Form 3B, Form 3B+, Form 3BL.<\/p>\n<h5>Plus d&rsquo;informations<\/h5>\n<p>Pour plus d&rsquo;informations sur le mat\u00e9riau Formlabs BioMed Elastic 50A, consultez la page <a href=\"https:\/\/3d-edu.ch\/fr\/formlabs\/resine-formlabs\/medical\/\">Formlabs Medical Resin<\/a>.<\/p>\n<h2>Formlabs Resin \/ R\u00e9sine<\/h2>\n<p>La r\u00e9sine Formlabs offre des r\u00e9sultats parfaits avec les <a href=\"https:\/\/3d-edu.ch\/fr\/formlabs\/imprimante-3d-formlabs\/\">imprimantes 3D SLA\/LFS de Formlabs<\/a>. La biblioth\u00e8que de mat\u00e9riaux comprend environ 20 r\u00e9sines et est constamment am\u00e9lior\u00e9e et \u00e9tendue. Outre les <a href=\"https:\/\/3d-edu.ch\/fr\/formlabs\/resine-formlabs\/standard\/\">r\u00e9sines standard<\/a>, Fromlabs propose des r\u00e9sines sp\u00e9ciales pour l <a href=\"https:\/\/3d-edu.ch\/fr\/formlabs\/resine-formlabs\/ingenierie\/\">&lsquo;ing\u00e9nierie<\/a>, <a href=\"https:\/\/3d-edu.ch\/fr\/formlabs\/resine-formlabs\/castable\/\">la conception de bijoux<\/a>, la <a href=\"https:\/\/3d-edu.ch\/fr\/formlabs\/resine-formlabs\/dentaire\/\">dentisterie<\/a> et <a href=\"https:\/\/3d-edu.ch\/fr\/formlabs\/resine-formlabs\/medical\/\">la m\u00e9decine<\/a>.  <\/p>\n<h3>Formlabs Medical Resin \/ R\u00e9sines m\u00e9dicales<\/h3>\n<h4>Formlabs BioMed Clear, Formlabs BioMed Amber, Formlabs BioMed White, Formlabs BioMed Black, BioMed Flex 80A, BioMed Elastic 50A<\/h4>\n<p>sont des mat\u00e9riaux d&rsquo;impression 3D innovants con\u00e7us pour des applications m\u00e9dicales. Les r\u00e9sines m\u00e9dicales de Formlabs sont biocompatibles. La technologie SLA\/LFS de Formlabs a \u00e9t\u00e9 valid\u00e9e dans le cadre de proc\u00e9dures certifi\u00e9es par la FDA et les mat\u00e9riaux biocompatibles sont d\u00e9velopp\u00e9s et fabriqu\u00e9s dans des installations certifi\u00e9es ISO 13485.<\/p>\n\t\t<\/div>\n\t<\/div>\n\t\n<\/div>\n","protected":false},"excerpt":{"rendered":"<h2><strong>Formlabs BioMed Elastic 50A R\u00e9sine \/ R\u00e9sine synth\u00e9tique 1L<\/strong><\/h2>\n<p>BioMed Elastic 50A Resin est un mat\u00e9riau souple et \u00e9lastique de qualit\u00e9 m\u00e9dicale destin\u00e9 aux applications n\u00e9cessitant confort du patient, biocompatibilit\u00e9 et transparence. Ce mat\u00e9riau certifi\u00e9 ISO 10993 et USP Classe VI est fabriqu\u00e9 dans un \u00e9tablissement enregistr\u00e9 aupr\u00e8s de la FDA et certifi\u00e9 ISO 13485. Il est adapt\u00e9 aux applications impliquant un contact prolong\u00e9 avec la peau (&gt; 30 jours) et un contact de courte dur\u00e9e avec les muqueuses (&lt; 24 heures). <\/p>\n","protected":false},"featured_media":68261,"comment_status":"closed","ping_status":"closed","template":"","meta":[],"product_brand":[],"product_cat":[],"product_tag":[7784,8053],"class_list":{"0":"post-76616","1":"product","2":"type-product","3":"status-publish","4":"has-post-thumbnail","6":"product_tag-formlabs-fr","7":"product_tag-resine-formlabs","9":"first","10":"onbackorder","11":"taxable","12":"shipping-taxable","13":"purchasable","14":"product-type-simple"},"yoast_head":"<!-- This site is optimized with the Yoast SEO Premium plugin v27.5 (Yoast SEO v27.5) - https:\/\/yoast.com\/product\/yoast-seo-premium-wordpress\/ -->\n<title>Formlabs BioMed Elastic 50A R\u00e9sine \/ R\u00e9sine synth\u00e9tique 1L %%page% - 3D-EDU GmbH%<\/title>\n<meta name=\"robots\" content=\"index, follow, max-snippet:-1, max-image-preview:large, max-video-preview:-1\" \/>\n<link rel=\"canonical\" href=\"https:\/\/3d-edu.ch\/fr\/boutique\/formlabs-biomed-elastic-50a-resine-resine-synthetique-1l\/\" \/>\n<meta property=\"og:locale\" content=\"fr_FR\" \/>\n<meta property=\"og:type\" content=\"article\" \/>\n<meta property=\"og:title\" content=\"Formlabs BioMed Elastic 50A R\u00e9sine \/ R\u00e9sine synth\u00e9tique 1L\" \/>\n<meta property=\"og:description\" content=\"Formlabs BioMed Elastic 50A R\u00e9sine \/ R\u00e9sine synth\u00e9tique 1L BioMed Elastic 50A Resin est un mat\u00e9riau souple et \u00e9lastique de qualit\u00e9 m\u00e9dicale destin\u00e9 aux applications n\u00e9cessitant confort du patient, biocompatibilit\u00e9 et transparence. Ce mat\u00e9riau certifi\u00e9 ISO 10993 et USP Classe VI est fabriqu\u00e9 dans un \u00e9tablissement enregistr\u00e9 aupr\u00e8s de la FDA et certifi\u00e9 ISO 13485. Il est adapt\u00e9 aux applications impliquant un contact prolong\u00e9 avec la peau (&gt; 30 jours) et un contact de courte dur\u00e9e avec les muqueuses (&lt; 24 heures).\" \/>\n<meta property=\"og:url\" content=\"https:\/\/3d-edu.ch\/fr\/boutique\/formlabs-biomed-elastic-50a-resine-resine-synthetique-1l\/\" \/>\n<meta property=\"og:site_name\" content=\"3D-EDU GmbH\" \/>\n<meta property=\"article:publisher\" content=\"https:\/\/www.facebook.com\/3d-educh-210277586064960\/\" \/>\n<meta property=\"article:modified_time\" content=\"2026-05-05T12:27:37+00:00\" \/>\n<meta property=\"og:image\" content=\"https:\/\/3d-edu.ch\/wp-content\/uploads\/2023\/10\/Formlabs_BioMed_Elastic_50A.webp\" \/>\n\t<meta property=\"og:image:width\" content=\"380\" \/>\n\t<meta property=\"og:image:height\" content=\"380\" \/>\n\t<meta property=\"og:image:type\" content=\"image\/webp\" \/>\n<meta name=\"twitter:card\" content=\"summary_large_image\" \/>\n<meta name=\"twitter:site\" content=\"@3d_edu_ch\" \/>\n<meta name=\"twitter:label1\" content=\"Prix\" \/>\n\t<meta name=\"twitter:data1\" content=\"365.22&nbsp;&#067;&#072;&#070; hors TVA\" \/>\n\t<meta name=\"twitter:label2\" content=\"Disponibilit\u00e9\" \/>\n\t<meta name=\"twitter:data2\" content=\"En r\u00e9assort\" \/>\n<script type=\"application\/ld+json\" class=\"yoast-schema-graph\">{\"@context\":\"https:\\\/\\\/schema.org\",\"@graph\":[{\"@type\":\"WebPage\",\"@id\":\"https:\\\/\\\/3d-edu.ch\\\/fr\\\/boutique\\\/formlabs-biomed-elastic-50a-resine-resine-synthetique-1l\\\/\",\"url\":\"https:\\\/\\\/3d-edu.ch\\\/fr\\\/boutique\\\/formlabs-biomed-elastic-50a-resine-resine-synthetique-1l\\\/\",\"name\":\"Formlabs BioMed Elastic 50A R\u00e9sine \\\/ R\u00e9sine synth\u00e9tique 1L %%page% - 3D-EDU GmbH%\",\"isPartOf\":{\"@id\":\"https:\\\/\\\/3d-edu.ch\\\/fr\\\/#website\"},\"primaryImageOfPage\":{\"@id\":\"https:\\\/\\\/3d-edu.ch\\\/fr\\\/boutique\\\/formlabs-biomed-elastic-50a-resine-resine-synthetique-1l\\\/#primaryimage\"},\"image\":{\"@id\":\"https:\\\/\\\/3d-edu.ch\\\/fr\\\/boutique\\\/formlabs-biomed-elastic-50a-resine-resine-synthetique-1l\\\/#primaryimage\"},\"thumbnailUrl\":\"https:\\\/\\\/3d-edu.ch\\\/wp-content\\\/uploads\\\/2023\\\/10\\\/Formlabs_BioMed_Elastic_50A.webp\",\"datePublished\":\"2023-10-18T14:42:25+00:00\",\"dateModified\":\"2026-05-05T12:27:37+00:00\",\"breadcrumb\":{\"@id\":\"https:\\\/\\\/3d-edu.ch\\\/fr\\\/boutique\\\/formlabs-biomed-elastic-50a-resine-resine-synthetique-1l\\\/#breadcrumb\"},\"inLanguage\":\"fr-FR\",\"potentialAction\":[{\"@type\":\"ReadAction\",\"target\":[\"https:\\\/\\\/3d-edu.ch\\\/fr\\\/boutique\\\/formlabs-biomed-elastic-50a-resine-resine-synthetique-1l\\\/\"]}]},{\"@type\":\"ImageObject\",\"inLanguage\":\"fr-FR\",\"@id\":\"https:\\\/\\\/3d-edu.ch\\\/fr\\\/boutique\\\/formlabs-biomed-elastic-50a-resine-resine-synthetique-1l\\\/#primaryimage\",\"url\":\"https:\\\/\\\/3d-edu.ch\\\/wp-content\\\/uploads\\\/2023\\\/10\\\/Formlabs_BioMed_Elastic_50A.webp\",\"contentUrl\":\"https:\\\/\\\/3d-edu.ch\\\/wp-content\\\/uploads\\\/2023\\\/10\\\/Formlabs_BioMed_Elastic_50A.webp\",\"width\":380,\"height\":380,\"caption\":\"Formlabs BioMed Elastic 50A\"},{\"@type\":\"BreadcrumbList\",\"@id\":\"https:\\\/\\\/3d-edu.ch\\\/fr\\\/boutique\\\/formlabs-biomed-elastic-50a-resine-resine-synthetique-1l\\\/#breadcrumb\",\"itemListElement\":[{\"@type\":\"ListItem\",\"position\":1,\"name\":\"Accueil\",\"item\":\"https:\\\/\\\/3d-edu.ch\\\/fr\\\/\"},{\"@type\":\"ListItem\",\"position\":2,\"name\":\"Boutique\",\"item\":\"https:\\\/\\\/3d-edu.ch\\\/fr\\\/boutique\\\/\"},{\"@type\":\"ListItem\",\"position\":3,\"name\":\"Formlabs BioMed Elastic 50A R\u00e9sine \\\/ R\u00e9sine synth\u00e9tique 1L\"}]},{\"@type\":\"WebSite\",\"@id\":\"https:\\\/\\\/3d-edu.ch\\\/fr\\\/#website\",\"url\":\"https:\\\/\\\/3d-edu.ch\\\/fr\\\/\",\"name\":\"3D-EDU GmbH\",\"description\":\"Your Formlabs, UltiMaker and Raise3D Printer Support and Education Site in Switzerland. \\\/\\\/ Ihre Formlabs, UltiMaker and Raise3D Drucker Support und Bildungs Webseite der Schweiz.\",\"publisher\":{\"@id\":\"https:\\\/\\\/3d-edu.ch\\\/fr\\\/#organization\"},\"potentialAction\":[{\"@type\":\"SearchAction\",\"target\":{\"@type\":\"EntryPoint\",\"urlTemplate\":\"https:\\\/\\\/3d-edu.ch\\\/fr\\\/?s={search_term_string}\"},\"query-input\":{\"@type\":\"PropertyValueSpecification\",\"valueRequired\":true,\"valueName\":\"search_term_string\"}}],\"inLanguage\":\"fr-FR\"},{\"@type\":[\"Organization\",\"Place\",\"ElectronicsStore\"],\"@id\":\"https:\\\/\\\/3d-edu.ch\\\/fr\\\/#organization\",\"name\":\"3D-EDU GmbH\",\"url\":\"https:\\\/\\\/3d-edu.ch\\\/fr\\\/\",\"logo\":{\"@id\":\"https:\\\/\\\/3d-edu.ch\\\/fr\\\/boutique\\\/formlabs-biomed-elastic-50a-resine-resine-synthetique-1l\\\/#local-main-organization-logo\"},\"image\":{\"@id\":\"https:\\\/\\\/3d-edu.ch\\\/fr\\\/boutique\\\/formlabs-biomed-elastic-50a-resine-resine-synthetique-1l\\\/#local-main-organization-logo\"},\"sameAs\":[\"https:\\\/\\\/www.facebook.com\\\/3d-educh-210277586064960\\\/\",\"https:\\\/\\\/x.com\\\/3d_edu_ch\"],\"address\":{\"@id\":\"https:\\\/\\\/3d-edu.ch\\\/fr\\\/boutique\\\/formlabs-biomed-elastic-50a-resine-resine-synthetique-1l\\\/#local-main-place-address\"},\"geo\":{\"@type\":\"GeoCoordinates\",\"latitude\":\"47.38413\",\"longitude\":\"8.49812\"},\"telephone\":[\"+41 44 492 11 22\"],\"openingHoursSpecification\":[{\"@type\":\"OpeningHoursSpecification\",\"dayOfWeek\":[\"Monday\",\"Tuesday\",\"Wednesday\",\"Thursday\",\"Friday\"],\"opens\":\"08:30\",\"closes\":\"18:00\"},{\"@type\":\"OpeningHoursSpecification\",\"dayOfWeek\":[\"Saturday\",\"Sunday\"],\"opens\":\"00:00\",\"closes\":\"00:00\"}],\"email\":\"info@3d-edu.ch\",\"faxNumber\":\"+41 44 492 11 23\",\"vatID\":\"CHE-184.499.491 MWST\",\"priceRange\":\"$$$\",\"currenciesAccepted\":\"CHF\"},{\"@type\":\"PostalAddress\",\"@id\":\"https:\\\/\\\/3d-edu.ch\\\/fr\\\/boutique\\\/formlabs-biomed-elastic-50a-resine-resine-synthetique-1l\\\/#local-main-place-address\",\"streetAddress\":\"3D-EDU GmbH, Badenerstrasse 556\",\"addressLocality\":\"Z\u00fcrich\",\"postalCode\":\"8048\",\"addressRegion\":\"Z\u00fcrich\",\"addressCountry\":\"CH\"},{\"@type\":\"ImageObject\",\"inLanguage\":\"fr-FR\",\"@id\":\"https:\\\/\\\/3d-edu.ch\\\/fr\\\/boutique\\\/formlabs-biomed-elastic-50a-resine-resine-synthetique-1l\\\/#local-main-organization-logo\",\"url\":\"https:\\\/\\\/3d-edu.ch\\\/wp-content\\\/uploads\\\/2018\\\/10\\\/3d-drucker-makerbot-formlabs-professionelle-3d-drucker-e1546527990490.png\",\"contentUrl\":\"https:\\\/\\\/3d-edu.ch\\\/wp-content\\\/uploads\\\/2018\\\/10\\\/3d-drucker-makerbot-formlabs-professionelle-3d-drucker-e1546527990490.png\",\"width\":275,\"height\":80,\"caption\":\"3D-EDU GmbH\"}]}<\/script>\n<meta property=\"product:price:amount\" content=\"365.22\" \/>\n<meta property=\"product:price:currency\" content=\"CHF\" \/>\n<meta property=\"og:availability\" content=\"backorder\" \/>\n<meta property=\"product:availability\" content=\"available for order\" \/>\n<meta property=\"product:retailer_item_id\" content=\"RS-F2-BMEL-01\" \/>\n<meta property=\"product:condition\" content=\"new\" \/>\n<meta name=\"geo.placename\" content=\"Z\u00fcrich\" \/>\n<meta name=\"geo.position\" content=\"47.38413;8.49812\" \/>\n<meta name=\"geo.region\" content=\"Suisse\" \/>\n<!-- \/ Yoast SEO Premium plugin. -->","yoast_head_json":{"title":"Formlabs BioMed Elastic 50A R\u00e9sine \/ R\u00e9sine synth\u00e9tique 1L %%page% - 3D-EDU GmbH%","robots":{"index":"index","follow":"follow","max-snippet":"max-snippet:-1","max-image-preview":"max-image-preview:large","max-video-preview":"max-video-preview:-1"},"canonical":"https:\/\/3d-edu.ch\/fr\/boutique\/formlabs-biomed-elastic-50a-resine-resine-synthetique-1l\/","og_locale":"fr_FR","og_type":"article","og_title":"Formlabs BioMed Elastic 50A R\u00e9sine \/ R\u00e9sine synth\u00e9tique 1L","og_description":"Formlabs BioMed Elastic 50A R\u00e9sine \/ R\u00e9sine synth\u00e9tique 1L BioMed Elastic 50A Resin est un mat\u00e9riau souple et \u00e9lastique de qualit\u00e9 m\u00e9dicale destin\u00e9 aux applications n\u00e9cessitant confort du patient, biocompatibilit\u00e9 et transparence. Ce mat\u00e9riau certifi\u00e9 ISO 10993 et USP Classe VI est fabriqu\u00e9 dans un \u00e9tablissement enregistr\u00e9 aupr\u00e8s de la FDA et certifi\u00e9 ISO 13485. Il est adapt\u00e9 aux applications impliquant un contact prolong\u00e9 avec la peau (&gt; 30 jours) et un contact de courte dur\u00e9e avec les muqueuses (&lt; 24 heures).","og_url":"https:\/\/3d-edu.ch\/fr\/boutique\/formlabs-biomed-elastic-50a-resine-resine-synthetique-1l\/","og_site_name":"3D-EDU GmbH","article_publisher":"https:\/\/www.facebook.com\/3d-educh-210277586064960\/","article_modified_time":"2026-05-05T12:27:37+00:00","og_image":[{"width":380,"height":380,"url":"https:\/\/3d-edu.ch\/wp-content\/uploads\/2023\/10\/Formlabs_BioMed_Elastic_50A.webp","type":"image\/webp"}],"twitter_card":"summary_large_image","twitter_site":"@3d_edu_ch","twitter_misc":{"Prix":"365.22&nbsp;&#67;&#72;&#70; hors TVA","Disponibilit\u00e9":"En r\u00e9assort"},"schema":{"@context":"https:\/\/schema.org","@graph":[{"@type":"WebPage","@id":"https:\/\/3d-edu.ch\/fr\/boutique\/formlabs-biomed-elastic-50a-resine-resine-synthetique-1l\/","url":"https:\/\/3d-edu.ch\/fr\/boutique\/formlabs-biomed-elastic-50a-resine-resine-synthetique-1l\/","name":"Formlabs BioMed Elastic 50A R\u00e9sine \/ R\u00e9sine synth\u00e9tique 1L %%page% - 3D-EDU GmbH%","isPartOf":{"@id":"https:\/\/3d-edu.ch\/fr\/#website"},"primaryImageOfPage":{"@id":"https:\/\/3d-edu.ch\/fr\/boutique\/formlabs-biomed-elastic-50a-resine-resine-synthetique-1l\/#primaryimage"},"image":{"@id":"https:\/\/3d-edu.ch\/fr\/boutique\/formlabs-biomed-elastic-50a-resine-resine-synthetique-1l\/#primaryimage"},"thumbnailUrl":"https:\/\/3d-edu.ch\/wp-content\/uploads\/2023\/10\/Formlabs_BioMed_Elastic_50A.webp","datePublished":"2023-10-18T14:42:25+00:00","dateModified":"2026-05-05T12:27:37+00:00","breadcrumb":{"@id":"https:\/\/3d-edu.ch\/fr\/boutique\/formlabs-biomed-elastic-50a-resine-resine-synthetique-1l\/#breadcrumb"},"inLanguage":"fr-FR","potentialAction":[{"@type":"ReadAction","target":["https:\/\/3d-edu.ch\/fr\/boutique\/formlabs-biomed-elastic-50a-resine-resine-synthetique-1l\/"]}]},{"@type":"ImageObject","inLanguage":"fr-FR","@id":"https:\/\/3d-edu.ch\/fr\/boutique\/formlabs-biomed-elastic-50a-resine-resine-synthetique-1l\/#primaryimage","url":"https:\/\/3d-edu.ch\/wp-content\/uploads\/2023\/10\/Formlabs_BioMed_Elastic_50A.webp","contentUrl":"https:\/\/3d-edu.ch\/wp-content\/uploads\/2023\/10\/Formlabs_BioMed_Elastic_50A.webp","width":380,"height":380,"caption":"Formlabs BioMed Elastic 50A"},{"@type":"BreadcrumbList","@id":"https:\/\/3d-edu.ch\/fr\/boutique\/formlabs-biomed-elastic-50a-resine-resine-synthetique-1l\/#breadcrumb","itemListElement":[{"@type":"ListItem","position":1,"name":"Accueil","item":"https:\/\/3d-edu.ch\/fr\/"},{"@type":"ListItem","position":2,"name":"Boutique","item":"https:\/\/3d-edu.ch\/fr\/boutique\/"},{"@type":"ListItem","position":3,"name":"Formlabs BioMed Elastic 50A R\u00e9sine \/ R\u00e9sine synth\u00e9tique 1L"}]},{"@type":"WebSite","@id":"https:\/\/3d-edu.ch\/fr\/#website","url":"https:\/\/3d-edu.ch\/fr\/","name":"3D-EDU GmbH","description":"Your Formlabs, UltiMaker and Raise3D Printer Support and Education Site in Switzerland. \/\/ Ihre Formlabs, UltiMaker and Raise3D Drucker Support und Bildungs Webseite der Schweiz.","publisher":{"@id":"https:\/\/3d-edu.ch\/fr\/#organization"},"potentialAction":[{"@type":"SearchAction","target":{"@type":"EntryPoint","urlTemplate":"https:\/\/3d-edu.ch\/fr\/?s={search_term_string}"},"query-input":{"@type":"PropertyValueSpecification","valueRequired":true,"valueName":"search_term_string"}}],"inLanguage":"fr-FR"},{"@type":["Organization","Place","ElectronicsStore"],"@id":"https:\/\/3d-edu.ch\/fr\/#organization","name":"3D-EDU GmbH","url":"https:\/\/3d-edu.ch\/fr\/","logo":{"@id":"https:\/\/3d-edu.ch\/fr\/boutique\/formlabs-biomed-elastic-50a-resine-resine-synthetique-1l\/#local-main-organization-logo"},"image":{"@id":"https:\/\/3d-edu.ch\/fr\/boutique\/formlabs-biomed-elastic-50a-resine-resine-synthetique-1l\/#local-main-organization-logo"},"sameAs":["https:\/\/www.facebook.com\/3d-educh-210277586064960\/","https:\/\/x.com\/3d_edu_ch"],"address":{"@id":"https:\/\/3d-edu.ch\/fr\/boutique\/formlabs-biomed-elastic-50a-resine-resine-synthetique-1l\/#local-main-place-address"},"geo":{"@type":"GeoCoordinates","latitude":"47.38413","longitude":"8.49812"},"telephone":["+41 44 492 11 22"],"openingHoursSpecification":[{"@type":"OpeningHoursSpecification","dayOfWeek":["Monday","Tuesday","Wednesday","Thursday","Friday"],"opens":"08:30","closes":"18:00"},{"@type":"OpeningHoursSpecification","dayOfWeek":["Saturday","Sunday"],"opens":"00:00","closes":"00:00"}],"email":"info@3d-edu.ch","faxNumber":"+41 44 492 11 23","vatID":"CHE-184.499.491 MWST","priceRange":"$$$","currenciesAccepted":"CHF"},{"@type":"PostalAddress","@id":"https:\/\/3d-edu.ch\/fr\/boutique\/formlabs-biomed-elastic-50a-resine-resine-synthetique-1l\/#local-main-place-address","streetAddress":"3D-EDU GmbH, Badenerstrasse 556","addressLocality":"Z\u00fcrich","postalCode":"8048","addressRegion":"Z\u00fcrich","addressCountry":"CH"},{"@type":"ImageObject","inLanguage":"fr-FR","@id":"https:\/\/3d-edu.ch\/fr\/boutique\/formlabs-biomed-elastic-50a-resine-resine-synthetique-1l\/#local-main-organization-logo","url":"https:\/\/3d-edu.ch\/wp-content\/uploads\/2018\/10\/3d-drucker-makerbot-formlabs-professionelle-3d-drucker-e1546527990490.png","contentUrl":"https:\/\/3d-edu.ch\/wp-content\/uploads\/2018\/10\/3d-drucker-makerbot-formlabs-professionelle-3d-drucker-e1546527990490.png","width":275,"height":80,"caption":"3D-EDU GmbH"}]},"product_price_amount":"365.22","product_price_currency":"CHF","og_availability":"backorder","product_availability":"available for order","product_retailer_item_id":"RS-F2-BMEL-01","product_condition":"new","geo.placename":"Z\u00fcrich","geo.position":{"lat":"47.38413","long":"8.49812"},"geo.region":"Suisse"},"_links":{"self":[{"href":"https:\/\/3d-edu.ch\/fr\/wp-json\/wp\/v2\/product\/76616","targetHints":{"allow":["GET"]}}],"collection":[{"href":"https:\/\/3d-edu.ch\/fr\/wp-json\/wp\/v2\/product"}],"about":[{"href":"https:\/\/3d-edu.ch\/fr\/wp-json\/wp\/v2\/types\/product"}],"replies":[{"embeddable":true,"href":"https:\/\/3d-edu.ch\/fr\/wp-json\/wp\/v2\/comments?post=76616"}],"wp:featuredmedia":[{"embeddable":true,"href":"https:\/\/3d-edu.ch\/fr\/wp-json\/wp\/v2\/media\/68261"}],"wp:attachment":[{"href":"https:\/\/3d-edu.ch\/fr\/wp-json\/wp\/v2\/media?parent=76616"}],"wp:term":[{"taxonomy":"product_brand","embeddable":true,"href":"https:\/\/3d-edu.ch\/fr\/wp-json\/wp\/v2\/product_brand?post=76616"},{"taxonomy":"product_cat","embeddable":true,"href":"https:\/\/3d-edu.ch\/fr\/wp-json\/wp\/v2\/product_cat?post=76616"},{"taxonomy":"product_tag","embeddable":true,"href":"https:\/\/3d-edu.ch\/fr\/wp-json\/wp\/v2\/product_tag?post=76616"}],"curies":[{"name":"wp","href":"https:\/\/api.w.org\/{rel}","templated":true}]}}