{"id":76602,"date":"2023-09-15T12:08:50","date_gmt":"2023-09-15T12:08:50","guid":{"rendered":"https:\/\/3d-edu.ch\/shop\/formlabs-alumina-4n-resin-0-78-l\/"},"modified":"2026-04-20T06:41:39","modified_gmt":"2026-04-20T04:41:39","slug":"formlabs-alumina-4n-resin-0-78-l","status":"publish","type":"product","link":"https:\/\/3d-edu.ch\/fr\/boutique\/formlabs-alumina-4n-resin-0-78-l\/","title":{"rendered":"Formlabs Alumina 4N Resin 0.78 L"},"content":{"rendered":"<h3>Formlabs Alumina 4N Resin 1L<\/h3>\n<p>Avec Formlabs Alumina 4N, d\u00e9couvrez l&rsquo;avenir de la technologie c\u00e9ramique gr\u00e2ce \u00e0 l&rsquo;<a href=\"\/shop\/formlabs-form-3-basic-package\/\">\u00e9cosyst\u00e8me d&rsquo;impression 3D<\/a> pour c\u00e9ramique le plus abordable au monde. Profitez de la puissance de l&rsquo;impression 3D pour fabriquer vos composants c\u00e9ramiques techniques sans outils co\u00fbteux et r\u00e9duisez les co\u00fbts de production et les d\u00e9lais tout en augmentant la libert\u00e9 de conception. <\/p>\n<p>L&rsquo;impression 3D avec la r\u00e9sine Alumina 4N de Formlab n\u00e9cessite une plateforme de construction en acier inoxydable ( <a href=\"https:\/\/3d-edu.ch\/fr\/boutique\/build-platform-2-plate-forme-de-construction-2\/\">Form 3 Build Platform 2<\/a> ).<\/p>\n<p>Alumina 4N Resin peut \u00eatre conserv\u00e9 \u00e0 temp\u00e9rature ambiante pendant 3 mois au total. En refroidissant la r\u00e9sine (\u00e0 -10-4\u00b0C), la dur\u00e9e de conservation peut \u00eatre prolong\u00e9e jusqu&rsquo;\u00e0 12 mois. Nous recommandons de stocker Alumina 4N Resin au r\u00e9frig\u00e9rateur.  <\/p>\n<p>Ce produit n\u00e9cessite un flux de travail complexe de plusieurs jours et un \u00e9quipement suppl\u00e9mentaire, y compris des fours, pour obtenir une pi\u00e8ce en alumine fritt\u00e9e. Si vous utilisez une imprimante 3D Formlabs pour la premi\u00e8re fois, nous vous recommandons vivement d&rsquo;utiliser une r\u00e9sine standard comme <a href=\"https:\/\/3d-edu.ch\/fr\/boutique\/formlabs-clear-resin-resine-1l\/\" target=\"_blank\" rel=\"noopener\">Clear Resin<\/a> avant d&rsquo;imprimer avec la r\u00e9sine Alumina 4N.<br \/>\nNous vous recommandons vivement de lire au moins le <a href=\"https:\/\/support.formlabs.com\/s\/article\/Alumina-4N-Resin-Quick-Start-Guide?language=en_US\" target=\"_blank\" rel=\"noopener\">Guide de d\u00e9marrage rapide<\/a> de Formlabs Alumina 4N. Vous trouverez d&rsquo;autres liens et conseils dans l&rsquo;onglet \u00ab\u00a0Sp\u00e9cifications\u00a0\u00bb. Pour toute question ou information compl\u00e9mentaire, nous vous invitons \u00e0 nous <a href=\"https:\/\/3d-edu.ch\/fr\/contact\/\" target=\"_blank\" rel=\"noopener\">contacter<\/a>.<\/p>\n<div class=\"accordion\">\n\t<div id=\"accordion-3553611505\" class=\"accordion-item\">\n\t\t<a id=\"accordion-3553611505-label\" class=\"accordion-title plain\" href=\"#accordion-item-plus-d&#039;informations\" aria-expanded=\"false\" aria-controls=\"accordion-3553611505-content\">\n\t\t\t<button class=\"toggle\" aria-label=\"Basculer\"><i class=\"icon-angle-down\" aria-hidden=\"true\"><\/i><\/button>\n\t\t\t<span>Plus d&#039;informations<\/span>\n\t\t<\/a>\n\t\t<div id=\"accordion-3553611505-content\" class=\"accordion-inner\" aria-labelledby=\"accordion-3553611505-label\">\n\t\t\t\n<p><strong>Contenu de la livraison<\/strong><\/p>\n<ul>\n<li>1x Formlabs Alumina 4N Resin 2kg (0.78 L)<\/li>\n<\/ul>\n<p>R\u00e9solutions d&rsquo;impression prises en charge : 50 microns.<br \/>\nFormlabs Alumina 4N n\u00e9cessite un <a href=\"https:\/\/3d-edu.ch\/fr\/boutique\/solution-de-lavage-ceramique-5l\/\" target=\"_blank\" rel=\"noopener\">nettoyant sp\u00e9cial<\/a> et une polym\u00e9risation adapt\u00e9e -&gt; onglet \u00ab\u00a0Sp\u00e9cifications\u00a0\u00bb.<br \/>\nDisponible pour Form 3, Form 3+, Form 3B, Form 3B+ et n\u00e9cessite au minimum Resin Tank V2.1.<\/p>\n<h5>Plus d&rsquo;informations<\/h5>\n<p>Pour plus d&rsquo;informations sur le mat\u00e9riau Formlabs Alumina 4N, voir <a href=\"https:\/\/3d-edu.ch\/fr\/formlabs\/resine-formlabs\/ingenierie\/\">Formlabs Engineering Resin<\/a>.<\/p>\n<h2>Formlabs Resin \/ R\u00e9sine<\/h2>\n<p>La r\u00e9sine Formlabs offre des r\u00e9sultats parfaits avec les <a href=\"https:\/\/3d-edu.ch\/fr\/formlabs\/imprimante-3d-formlabs\/\">imprimantes 3D SLA\/LFS de Formlabs<\/a>. La biblioth\u00e8que de mat\u00e9riaux comprend environ 20 r\u00e9sines et est constamment am\u00e9lior\u00e9e et \u00e9tendue. Outre les <a href=\"https:\/\/3d-edu.ch\/fr\/formlabs\/resine-formlabs\/standard\/\">r\u00e9sines standard<\/a>, Formlabs propose des r\u00e9sines sp\u00e9ciales pour l <a href=\"https:\/\/3d-edu.ch\/fr\/formlabs\/resine-formlabs\/ingenierie\/\">&lsquo;ing\u00e9nierie<\/a>, <a href=\"https:\/\/3d-edu.ch\/fr\/formlabs\/resine-formlabs\/castable\/\">la conception de bijoux<\/a>, la <a href=\"https:\/\/3d-edu.ch\/fr\/formlabs\/resine-formlabs\/dentaire\/\">dentisterie<\/a> et <a href=\"https:\/\/3d-edu.ch\/fr\/formlabs\/resine-formlabs\/medical\/\">la m\u00e9decine<\/a>.<\/p>\n\t\t<\/div>\n\t<\/div>\n\t\n<\/div>\n","protected":false},"excerpt":{"rendered":"<h2><strong>Formlabs Alumina 4N Resin 0.78 L<\/strong><\/h2>\n<p>Formlabs Alumina 4N Resin est un mat\u00e9riau c\u00e9ramique technique de haute densit\u00e9 et de haute puret\u00e9 pour l&rsquo;impression 3D, offrant des performances exceptionnelles dans des environnements extr\u00eames : r\u00e9sistant \u00e0 la chaleur, dur, r\u00e9sistant \u00e0 l&rsquo;abrasion, m\u00e9caniquement stable et chimiquement inerte.<\/p>\n","protected":false},"featured_media":68109,"comment_status":"closed","ping_status":"closed","template":"","meta":[],"product_brand":[],"product_cat":[7885,7780,7887,7880],"product_tag":[7784,8053],"class_list":{"0":"post-76602","1":"product","2":"type-product","3":"status-publish","4":"has-post-thumbnail","6":"product_cat-form-2-3-l-resine-fr","7":"product_cat-formlabs-fr","8":"product_cat-ingenierie-fr","9":"product_cat-materiaux-formlabs-fr","10":"product_tag-formlabs-fr","11":"product_tag-resine-formlabs","13":"first","14":"instock","15":"taxable","16":"shipping-taxable","17":"purchasable","18":"product-type-simple"},"yoast_head":"<!-- This site is optimized with the Yoast SEO Premium plugin v27.4 (Yoast SEO v27.4) - https:\/\/yoast.com\/product\/yoast-seo-premium-wordpress\/ -->\n<title>Formlabs Alumina 4N Resin 0.78 L %%page% - 3D-EDU GmbH%<\/title>\n<meta name=\"description\" content=\"Formlabs Alumina 4N Resin est un mat\u00e9riau c\u00e9ramique technique de haute densit\u00e9 et de haute puret\u00e9 pour l&#039;impression 3D, offrant des performances exceptionnelles dans des environnements extr\u00eames : r\u00e9sistant \u00e0 la chaleur, dur, r\u00e9sistant \u00e0 l&#039;abrasion, m\u00e9caniquement stable et chimiquement inerte.\" \/>\n<meta name=\"robots\" content=\"index, follow, max-snippet:-1, max-image-preview:large, max-video-preview:-1\" \/>\n<link rel=\"canonical\" href=\"https:\/\/3d-edu.ch\/fr\/boutique\/formlabs-alumina-4n-resin-0-78-l\/\" \/>\n<meta property=\"og:locale\" content=\"fr_FR\" \/>\n<meta property=\"og:type\" content=\"article\" \/>\n<meta property=\"og:title\" content=\"Formlabs Alumina 4N Resin 0.78 L\" \/>\n<meta property=\"og:description\" content=\"Formlabs Alumina 4N Resin est un mat\u00e9riau c\u00e9ramique technique de haute densit\u00e9 et de haute puret\u00e9 pour l&#039;impression 3D, offrant des performances exceptionnelles dans des environnements extr\u00eames : r\u00e9sistant \u00e0 la chaleur, dur, r\u00e9sistant \u00e0 l&#039;abrasion, m\u00e9caniquement stable et chimiquement inerte.\" \/>\n<meta property=\"og:url\" content=\"https:\/\/3d-edu.ch\/fr\/boutique\/formlabs-alumina-4n-resin-0-78-l\/\" \/>\n<meta property=\"og:site_name\" content=\"3D-EDU GmbH\" \/>\n<meta property=\"article:publisher\" content=\"https:\/\/www.facebook.com\/3d-educh-210277586064960\/\" \/>\n<meta property=\"article:modified_time\" content=\"2026-04-20T04:41:39+00:00\" \/>\n<meta property=\"og:image\" content=\"https:\/\/3d-edu.ch\/wp-content\/uploads\/2023\/09\/formlabs-alumina-4n-resin.png\" \/>\n\t<meta property=\"og:image:width\" content=\"600\" \/>\n\t<meta property=\"og:image:height\" content=\"600\" \/>\n\t<meta property=\"og:image:type\" content=\"image\/png\" \/>\n<meta name=\"twitter:card\" content=\"summary_large_image\" \/>\n<meta name=\"twitter:site\" content=\"@3d_edu_ch\" \/>\n<meta name=\"twitter:label1\" content=\"Prix\" \/>\n\t<meta name=\"twitter:data1\" content=\"1&#039;271.33&nbsp;&#067;&#072;&#070; hors TVA\" \/>\n\t<meta name=\"twitter:label2\" content=\"Disponibilit\u00e9\" \/>\n\t<meta name=\"twitter:data2\" content=\"En stock\" \/>\n<script type=\"application\/ld+json\" class=\"yoast-schema-graph\">{\"@context\":\"https:\\\/\\\/schema.org\",\"@graph\":[{\"@type\":\"WebPage\",\"@id\":\"https:\\\/\\\/3d-edu.ch\\\/fr\\\/boutique\\\/formlabs-alumina-4n-resin-0-78-l\\\/\",\"url\":\"https:\\\/\\\/3d-edu.ch\\\/fr\\\/boutique\\\/formlabs-alumina-4n-resin-0-78-l\\\/\",\"name\":\"Formlabs Alumina 4N Resin 0.78 L %%page% - 3D-EDU GmbH%\",\"isPartOf\":{\"@id\":\"https:\\\/\\\/3d-edu.ch\\\/fr\\\/#website\"},\"primaryImageOfPage\":{\"@id\":\"https:\\\/\\\/3d-edu.ch\\\/fr\\\/boutique\\\/formlabs-alumina-4n-resin-0-78-l\\\/#primaryimage\"},\"image\":{\"@id\":\"https:\\\/\\\/3d-edu.ch\\\/fr\\\/boutique\\\/formlabs-alumina-4n-resin-0-78-l\\\/#primaryimage\"},\"thumbnailUrl\":\"https:\\\/\\\/3d-edu.ch\\\/wp-content\\\/uploads\\\/2023\\\/09\\\/formlabs-alumina-4n-resin.png\",\"datePublished\":\"2023-09-15T12:08:50+00:00\",\"dateModified\":\"2026-04-20T04:41:39+00:00\",\"description\":\"Formlabs Alumina 4N Resin est un mat\u00e9riau c\u00e9ramique technique de haute densit\u00e9 et de haute puret\u00e9 pour l'impression 3D, offrant des performances exceptionnelles dans des environnements extr\u00eames : r\u00e9sistant \u00e0 la chaleur, dur, r\u00e9sistant \u00e0 l'abrasion, m\u00e9caniquement stable et chimiquement inerte.\",\"breadcrumb\":{\"@id\":\"https:\\\/\\\/3d-edu.ch\\\/fr\\\/boutique\\\/formlabs-alumina-4n-resin-0-78-l\\\/#breadcrumb\"},\"inLanguage\":\"fr-FR\",\"potentialAction\":[{\"@type\":\"ReadAction\",\"target\":[\"https:\\\/\\\/3d-edu.ch\\\/fr\\\/boutique\\\/formlabs-alumina-4n-resin-0-78-l\\\/\"]}]},{\"@type\":\"ImageObject\",\"inLanguage\":\"fr-FR\",\"@id\":\"https:\\\/\\\/3d-edu.ch\\\/fr\\\/boutique\\\/formlabs-alumina-4n-resin-0-78-l\\\/#primaryimage\",\"url\":\"https:\\\/\\\/3d-edu.ch\\\/wp-content\\\/uploads\\\/2023\\\/09\\\/formlabs-alumina-4n-resin.png\",\"contentUrl\":\"https:\\\/\\\/3d-edu.ch\\\/wp-content\\\/uploads\\\/2023\\\/09\\\/formlabs-alumina-4n-resin.png\",\"width\":600,\"height\":600,\"caption\":\"Formlabs Alumina 4N R\u00e9sine\"},{\"@type\":\"BreadcrumbList\",\"@id\":\"https:\\\/\\\/3d-edu.ch\\\/fr\\\/boutique\\\/formlabs-alumina-4n-resin-0-78-l\\\/#breadcrumb\",\"itemListElement\":[{\"@type\":\"ListItem\",\"position\":1,\"name\":\"Accueil\",\"item\":\"https:\\\/\\\/3d-edu.ch\\\/fr\\\/\"},{\"@type\":\"ListItem\",\"position\":2,\"name\":\"Boutique\",\"item\":\"https:\\\/\\\/3d-edu.ch\\\/fr\\\/boutique\\\/\"},{\"@type\":\"ListItem\",\"position\":3,\"name\":\"Formlabs Alumina 4N Resin 0.78 L\"}]},{\"@type\":\"WebSite\",\"@id\":\"https:\\\/\\\/3d-edu.ch\\\/fr\\\/#website\",\"url\":\"https:\\\/\\\/3d-edu.ch\\\/fr\\\/\",\"name\":\"3D-EDU GmbH\",\"description\":\"Your Formlabs, UltiMaker and Raise3D Printer Support and Education Site in Switzerland. \\\/\\\/ Ihre Formlabs, UltiMaker and Raise3D Drucker Support und Bildungs Webseite der Schweiz.\",\"publisher\":{\"@id\":\"https:\\\/\\\/3d-edu.ch\\\/fr\\\/#organization\"},\"potentialAction\":[{\"@type\":\"SearchAction\",\"target\":{\"@type\":\"EntryPoint\",\"urlTemplate\":\"https:\\\/\\\/3d-edu.ch\\\/fr\\\/?s={search_term_string}\"},\"query-input\":{\"@type\":\"PropertyValueSpecification\",\"valueRequired\":true,\"valueName\":\"search_term_string\"}}],\"inLanguage\":\"fr-FR\"},{\"@type\":[\"Organization\",\"Place\",\"ElectronicsStore\"],\"@id\":\"https:\\\/\\\/3d-edu.ch\\\/fr\\\/#organization\",\"name\":\"3D-EDU GmbH\",\"url\":\"https:\\\/\\\/3d-edu.ch\\\/fr\\\/\",\"logo\":{\"@id\":\"https:\\\/\\\/3d-edu.ch\\\/fr\\\/boutique\\\/formlabs-alumina-4n-resin-0-78-l\\\/#local-main-organization-logo\"},\"image\":{\"@id\":\"https:\\\/\\\/3d-edu.ch\\\/fr\\\/boutique\\\/formlabs-alumina-4n-resin-0-78-l\\\/#local-main-organization-logo\"},\"sameAs\":[\"https:\\\/\\\/www.facebook.com\\\/3d-educh-210277586064960\\\/\",\"https:\\\/\\\/x.com\\\/3d_edu_ch\"],\"address\":{\"@id\":\"https:\\\/\\\/3d-edu.ch\\\/fr\\\/boutique\\\/formlabs-alumina-4n-resin-0-78-l\\\/#local-main-place-address\"},\"geo\":{\"@type\":\"GeoCoordinates\",\"latitude\":\"47.38413\",\"longitude\":\"8.49812\"},\"telephone\":[\"+41 44 492 11 22\"],\"openingHoursSpecification\":[{\"@type\":\"OpeningHoursSpecification\",\"dayOfWeek\":[\"Monday\",\"Tuesday\",\"Wednesday\",\"Thursday\",\"Friday\"],\"opens\":\"08:30\",\"closes\":\"18:00\"},{\"@type\":\"OpeningHoursSpecification\",\"dayOfWeek\":[\"Saturday\",\"Sunday\"],\"opens\":\"00:00\",\"closes\":\"00:00\"}],\"email\":\"info@3d-edu.ch\",\"faxNumber\":\"+41 44 492 11 23\",\"vatID\":\"CHE-184.499.491 MWST\",\"priceRange\":\"$$$\",\"currenciesAccepted\":\"CHF\"},{\"@type\":\"PostalAddress\",\"@id\":\"https:\\\/\\\/3d-edu.ch\\\/fr\\\/boutique\\\/formlabs-alumina-4n-resin-0-78-l\\\/#local-main-place-address\",\"streetAddress\":\"3D-EDU GmbH, Badenerstrasse 556\",\"addressLocality\":\"Z\u00fcrich\",\"postalCode\":\"8048\",\"addressRegion\":\"Z\u00fcrich\",\"addressCountry\":\"CH\"},{\"@type\":\"ImageObject\",\"inLanguage\":\"fr-FR\",\"@id\":\"https:\\\/\\\/3d-edu.ch\\\/fr\\\/boutique\\\/formlabs-alumina-4n-resin-0-78-l\\\/#local-main-organization-logo\",\"url\":\"https:\\\/\\\/3d-edu.ch\\\/wp-content\\\/uploads\\\/2018\\\/10\\\/3d-drucker-makerbot-formlabs-professionelle-3d-drucker-e1546527990490.png\",\"contentUrl\":\"https:\\\/\\\/3d-edu.ch\\\/wp-content\\\/uploads\\\/2018\\\/10\\\/3d-drucker-makerbot-formlabs-professionelle-3d-drucker-e1546527990490.png\",\"width\":275,\"height\":80,\"caption\":\"3D-EDU GmbH\"}]}<\/script>\n<meta property=\"product:brand\" content=\"Formlabs\" \/>\n<meta property=\"product:price:amount\" content=\"1271.33\" \/>\n<meta property=\"product:price:currency\" content=\"CHF\" \/>\n<meta property=\"og:availability\" content=\"instock\" \/>\n<meta property=\"product:availability\" content=\"instock\" \/>\n<meta property=\"product:retailer_item_id\" content=\"RS-F2-AL4N-01\" \/>\n<meta property=\"product:condition\" content=\"new\" \/>\n<meta name=\"geo.placename\" content=\"Z\u00fcrich\" \/>\n<meta name=\"geo.position\" content=\"47.38413;8.49812\" \/>\n<meta name=\"geo.region\" content=\"Suisse\" \/>\n<!-- \/ Yoast SEO Premium plugin. -->","yoast_head_json":{"title":"Formlabs Alumina 4N Resin 0.78 L %%page% - 3D-EDU GmbH%","description":"Formlabs Alumina 4N Resin est un mat\u00e9riau c\u00e9ramique technique de haute densit\u00e9 et de haute puret\u00e9 pour l'impression 3D, offrant des performances exceptionnelles dans des environnements extr\u00eames : r\u00e9sistant \u00e0 la chaleur, dur, r\u00e9sistant \u00e0 l'abrasion, m\u00e9caniquement stable et chimiquement inerte.","robots":{"index":"index","follow":"follow","max-snippet":"max-snippet:-1","max-image-preview":"max-image-preview:large","max-video-preview":"max-video-preview:-1"},"canonical":"https:\/\/3d-edu.ch\/fr\/boutique\/formlabs-alumina-4n-resin-0-78-l\/","og_locale":"fr_FR","og_type":"article","og_title":"Formlabs Alumina 4N Resin 0.78 L","og_description":"Formlabs Alumina 4N Resin est un mat\u00e9riau c\u00e9ramique technique de haute densit\u00e9 et de haute puret\u00e9 pour l'impression 3D, offrant des performances exceptionnelles dans des environnements extr\u00eames : r\u00e9sistant \u00e0 la chaleur, dur, r\u00e9sistant \u00e0 l'abrasion, m\u00e9caniquement stable et chimiquement inerte.","og_url":"https:\/\/3d-edu.ch\/fr\/boutique\/formlabs-alumina-4n-resin-0-78-l\/","og_site_name":"3D-EDU GmbH","article_publisher":"https:\/\/www.facebook.com\/3d-educh-210277586064960\/","article_modified_time":"2026-04-20T04:41:39+00:00","og_image":[{"width":600,"height":600,"url":"https:\/\/3d-edu.ch\/wp-content\/uploads\/2023\/09\/formlabs-alumina-4n-resin.png","type":"image\/png"}],"twitter_card":"summary_large_image","twitter_site":"@3d_edu_ch","twitter_misc":{"Prix":"1'271.33&nbsp;&#67;&#72;&#70; hors TVA","Disponibilit\u00e9":"En stock"},"schema":{"@context":"https:\/\/schema.org","@graph":[{"@type":"WebPage","@id":"https:\/\/3d-edu.ch\/fr\/boutique\/formlabs-alumina-4n-resin-0-78-l\/","url":"https:\/\/3d-edu.ch\/fr\/boutique\/formlabs-alumina-4n-resin-0-78-l\/","name":"Formlabs Alumina 4N Resin 0.78 L %%page% - 3D-EDU GmbH%","isPartOf":{"@id":"https:\/\/3d-edu.ch\/fr\/#website"},"primaryImageOfPage":{"@id":"https:\/\/3d-edu.ch\/fr\/boutique\/formlabs-alumina-4n-resin-0-78-l\/#primaryimage"},"image":{"@id":"https:\/\/3d-edu.ch\/fr\/boutique\/formlabs-alumina-4n-resin-0-78-l\/#primaryimage"},"thumbnailUrl":"https:\/\/3d-edu.ch\/wp-content\/uploads\/2023\/09\/formlabs-alumina-4n-resin.png","datePublished":"2023-09-15T12:08:50+00:00","dateModified":"2026-04-20T04:41:39+00:00","description":"Formlabs Alumina 4N Resin est un mat\u00e9riau c\u00e9ramique technique de haute densit\u00e9 et de haute puret\u00e9 pour l'impression 3D, offrant des performances exceptionnelles dans des environnements extr\u00eames : r\u00e9sistant \u00e0 la chaleur, dur, r\u00e9sistant \u00e0 l'abrasion, m\u00e9caniquement stable et chimiquement inerte.","breadcrumb":{"@id":"https:\/\/3d-edu.ch\/fr\/boutique\/formlabs-alumina-4n-resin-0-78-l\/#breadcrumb"},"inLanguage":"fr-FR","potentialAction":[{"@type":"ReadAction","target":["https:\/\/3d-edu.ch\/fr\/boutique\/formlabs-alumina-4n-resin-0-78-l\/"]}]},{"@type":"ImageObject","inLanguage":"fr-FR","@id":"https:\/\/3d-edu.ch\/fr\/boutique\/formlabs-alumina-4n-resin-0-78-l\/#primaryimage","url":"https:\/\/3d-edu.ch\/wp-content\/uploads\/2023\/09\/formlabs-alumina-4n-resin.png","contentUrl":"https:\/\/3d-edu.ch\/wp-content\/uploads\/2023\/09\/formlabs-alumina-4n-resin.png","width":600,"height":600,"caption":"Formlabs Alumina 4N R\u00e9sine"},{"@type":"BreadcrumbList","@id":"https:\/\/3d-edu.ch\/fr\/boutique\/formlabs-alumina-4n-resin-0-78-l\/#breadcrumb","itemListElement":[{"@type":"ListItem","position":1,"name":"Accueil","item":"https:\/\/3d-edu.ch\/fr\/"},{"@type":"ListItem","position":2,"name":"Boutique","item":"https:\/\/3d-edu.ch\/fr\/boutique\/"},{"@type":"ListItem","position":3,"name":"Formlabs Alumina 4N Resin 0.78 L"}]},{"@type":"WebSite","@id":"https:\/\/3d-edu.ch\/fr\/#website","url":"https:\/\/3d-edu.ch\/fr\/","name":"3D-EDU GmbH","description":"Your Formlabs, UltiMaker and Raise3D Printer Support and Education Site in Switzerland. \/\/ Ihre Formlabs, UltiMaker and Raise3D Drucker Support und Bildungs Webseite der Schweiz.","publisher":{"@id":"https:\/\/3d-edu.ch\/fr\/#organization"},"potentialAction":[{"@type":"SearchAction","target":{"@type":"EntryPoint","urlTemplate":"https:\/\/3d-edu.ch\/fr\/?s={search_term_string}"},"query-input":{"@type":"PropertyValueSpecification","valueRequired":true,"valueName":"search_term_string"}}],"inLanguage":"fr-FR"},{"@type":["Organization","Place","ElectronicsStore"],"@id":"https:\/\/3d-edu.ch\/fr\/#organization","name":"3D-EDU GmbH","url":"https:\/\/3d-edu.ch\/fr\/","logo":{"@id":"https:\/\/3d-edu.ch\/fr\/boutique\/formlabs-alumina-4n-resin-0-78-l\/#local-main-organization-logo"},"image":{"@id":"https:\/\/3d-edu.ch\/fr\/boutique\/formlabs-alumina-4n-resin-0-78-l\/#local-main-organization-logo"},"sameAs":["https:\/\/www.facebook.com\/3d-educh-210277586064960\/","https:\/\/x.com\/3d_edu_ch"],"address":{"@id":"https:\/\/3d-edu.ch\/fr\/boutique\/formlabs-alumina-4n-resin-0-78-l\/#local-main-place-address"},"geo":{"@type":"GeoCoordinates","latitude":"47.38413","longitude":"8.49812"},"telephone":["+41 44 492 11 22"],"openingHoursSpecification":[{"@type":"OpeningHoursSpecification","dayOfWeek":["Monday","Tuesday","Wednesday","Thursday","Friday"],"opens":"08:30","closes":"18:00"},{"@type":"OpeningHoursSpecification","dayOfWeek":["Saturday","Sunday"],"opens":"00:00","closes":"00:00"}],"email":"info@3d-edu.ch","faxNumber":"+41 44 492 11 23","vatID":"CHE-184.499.491 MWST","priceRange":"$$$","currenciesAccepted":"CHF"},{"@type":"PostalAddress","@id":"https:\/\/3d-edu.ch\/fr\/boutique\/formlabs-alumina-4n-resin-0-78-l\/#local-main-place-address","streetAddress":"3D-EDU GmbH, Badenerstrasse 556","addressLocality":"Z\u00fcrich","postalCode":"8048","addressRegion":"Z\u00fcrich","addressCountry":"CH"},{"@type":"ImageObject","inLanguage":"fr-FR","@id":"https:\/\/3d-edu.ch\/fr\/boutique\/formlabs-alumina-4n-resin-0-78-l\/#local-main-organization-logo","url":"https:\/\/3d-edu.ch\/wp-content\/uploads\/2018\/10\/3d-drucker-makerbot-formlabs-professionelle-3d-drucker-e1546527990490.png","contentUrl":"https:\/\/3d-edu.ch\/wp-content\/uploads\/2018\/10\/3d-drucker-makerbot-formlabs-professionelle-3d-drucker-e1546527990490.png","width":275,"height":80,"caption":"3D-EDU GmbH"}]},"product_brand":"Formlabs","product_price_amount":"1271.33","product_price_currency":"CHF","og_availability":"instock","product_availability":"instock","product_retailer_item_id":"RS-F2-AL4N-01","product_condition":"new","geo.placename":"Z\u00fcrich","geo.position":{"lat":"47.38413","long":"8.49812"},"geo.region":"Suisse"},"_links":{"self":[{"href":"https:\/\/3d-edu.ch\/fr\/wp-json\/wp\/v2\/product\/76602","targetHints":{"allow":["GET"]}}],"collection":[{"href":"https:\/\/3d-edu.ch\/fr\/wp-json\/wp\/v2\/product"}],"about":[{"href":"https:\/\/3d-edu.ch\/fr\/wp-json\/wp\/v2\/types\/product"}],"replies":[{"embeddable":true,"href":"https:\/\/3d-edu.ch\/fr\/wp-json\/wp\/v2\/comments?post=76602"}],"wp:featuredmedia":[{"embeddable":true,"href":"https:\/\/3d-edu.ch\/fr\/wp-json\/wp\/v2\/media\/68109"}],"wp:attachment":[{"href":"https:\/\/3d-edu.ch\/fr\/wp-json\/wp\/v2\/media?parent=76602"}],"wp:term":[{"taxonomy":"product_brand","embeddable":true,"href":"https:\/\/3d-edu.ch\/fr\/wp-json\/wp\/v2\/product_brand?post=76602"},{"taxonomy":"product_cat","embeddable":true,"href":"https:\/\/3d-edu.ch\/fr\/wp-json\/wp\/v2\/product_cat?post=76602"},{"taxonomy":"product_tag","embeddable":true,"href":"https:\/\/3d-edu.ch\/fr\/wp-json\/wp\/v2\/product_tag?post=76602"}],"curies":[{"name":"wp","href":"https:\/\/api.w.org\/{rel}","templated":true}]}}