{"id":76601,"date":"2023-09-18T13:45:53","date_gmt":"2023-09-18T13:45:53","guid":{"rendered":"https:\/\/3d-edu.ch\/shop\/kit-de-depointage-fuse\/"},"modified":"2026-04-09T13:25:53","modified_gmt":"2026-04-09T11:25:53","slug":"kit-de-depointage-fuse","status":"publish","type":"product","link":"https:\/\/3d-edu.ch\/fr\/boutique\/kit-de-depointage-fuse\/","title":{"rendered":"Kit de d\u00e9pointage Fuse"},"content":{"rendered":"<div class=\"Accordion_body__Bbs1D\">\n<div class=\"ProductDetailPlugin_long-desc__5cqfb\">\n<h2>Kit de d\u00e9pointage Fuse<\/h2>\n<\/div>\n<\/div>\n<p><strong>Contenu de la livraison<\/strong><\/p>\n<ul>\n<li>1 kit de d\u00e9pointage Fuse<\/li>\n<\/ul>\n<p><strong>Inclus dans le kit :<\/strong><\/p>\n<ul>\n<li>Kit de d\u00e9potage Fuse Workspace and Tools<\/li>\n<li>Kit de d\u00e9pressurisation Fuse Sifter (230V) avec 150 Sieve<\/li>\n<\/ul>\n<div class=\"Accordion_body__Bbs1D\">\n<div class=\"ProductDetailPlugin_long-desc__5cqfb\"><\/div>\n<\/div>\n","protected":false},"excerpt":{"rendered":"<h2><strong>Kit de d\u00e9pointage Fuse<\/strong><\/h2>\n<p>Cette solution compl\u00e8te et abordable de post-traitement SLS manuel vous permet de nettoyer les pi\u00e8ces SLS et de r\u00e9cup\u00e9rer, de tamiser et de m\u00e9langer les poudres usag\u00e9es pour \u00eatre pr\u00eat pour la prochaine impression. Passez facilement d&rsquo;un mat\u00e9riau \u00e0 l&rsquo;autre sans avoir \u00e0 nettoyer l&rsquo;\u00e9quipement ou acc\u00e9dez \u00e0 l&rsquo;\u00e9cosyst\u00e8me SLS complet de la s\u00e9rie Fuse pour la production en petite s\u00e9rie \u00e0 un prix abordable. <\/p>\n","protected":false},"featured_media":70691,"comment_status":"closed","ping_status":"closed","template":"","meta":[],"product_brand":[],"product_cat":[7780,7896,7898],"product_tag":[7784,8873,8874],"class_list":{"0":"post-76601","1":"product","2":"type-product","3":"status-publish","4":"has-post-thumbnail","6":"product_cat-formlabs-fr","7":"product_cat-post-traitement-fr","8":"product_cat-sls-post-traitement-fr","9":"product_tag-formlabs-fr","10":"product_tag-fuse-1","11":"product_tag-kit-de-depowdering","12":"yith_product_brand-formlabs-fr","14":"first","15":"onbackorder","16":"taxable","17":"shipping-taxable","18":"purchasable","19":"product-type-simple"},"yoast_head":"<!-- This site is optimized with the Yoast SEO Premium plugin v27.4 (Yoast SEO v27.4) - https:\/\/yoast.com\/product\/yoast-seo-premium-wordpress\/ -->\n<title>Kit de d\u00e9pointage Fuse - 3D-EDU GmbH<\/title>\n<meta name=\"description\" content=\"Cette solution compl\u00e8te et abordable de post-traitement SLS manuel vous permet de nettoyer les pi\u00e8ces SLS et de r\u00e9cup\u00e9rer, de tamiser et de m\u00e9langer la poudre usag\u00e9e en toute simplicit\u00e9, afin d&#039;\u00eatre pr\u00eat pour la prochaine impression.\" \/>\n<meta name=\"robots\" content=\"index, follow, max-snippet:-1, max-image-preview:large, max-video-preview:-1\" \/>\n<link rel=\"canonical\" href=\"https:\/\/3d-edu.ch\/fr\/boutique\/kit-de-depointage-fuse\/\" \/>\n<meta property=\"og:locale\" content=\"fr_FR\" \/>\n<meta property=\"og:type\" content=\"article\" \/>\n<meta property=\"og:title\" content=\"Kit de d\u00e9pointage Fuse\" \/>\n<meta property=\"og:description\" content=\"Cette solution compl\u00e8te et abordable de post-traitement SLS manuel vous permet de nettoyer les pi\u00e8ces SLS et de r\u00e9cup\u00e9rer, de tamiser et de m\u00e9langer la poudre usag\u00e9e en toute simplicit\u00e9, afin d&#039;\u00eatre pr\u00eat pour la prochaine impression.\" \/>\n<meta property=\"og:url\" content=\"https:\/\/3d-edu.ch\/fr\/boutique\/kit-de-depointage-fuse\/\" \/>\n<meta property=\"og:site_name\" content=\"3D-EDU GmbH\" \/>\n<meta property=\"article:publisher\" content=\"https:\/\/www.facebook.com\/3d-educh-210277586064960\/\" \/>\n<meta property=\"article:modified_time\" content=\"2026-04-09T11:25:53+00:00\" \/>\n<meta property=\"og:image\" content=\"https:\/\/3d-edu.ch\/wp-content\/uploads\/2023\/09\/Formlabs_Fuse_Depowdering_Kit_230V_150_Sieve.jpg\" \/>\n\t<meta property=\"og:image:width\" content=\"380\" \/>\n\t<meta property=\"og:image:height\" content=\"380\" \/>\n\t<meta property=\"og:image:type\" content=\"image\/jpeg\" \/>\n<meta name=\"twitter:card\" content=\"summary_large_image\" \/>\n<meta name=\"twitter:site\" content=\"@3d_edu_ch\" \/>\n<meta name=\"twitter:label1\" content=\"Prix\" \/>\n\t<meta name=\"twitter:data1\" content=\"975.45&nbsp;&#067;&#072;&#070; hors TVA\" \/>\n\t<meta name=\"twitter:label2\" content=\"Disponibilit\u00e9\" \/>\n\t<meta name=\"twitter:data2\" content=\"En r\u00e9assort\" \/>\n<script type=\"application\/ld+json\" class=\"yoast-schema-graph\">{\"@context\":\"https:\\\/\\\/schema.org\",\"@graph\":[{\"@type\":\"WebPage\",\"@id\":\"https:\\\/\\\/3d-edu.ch\\\/fr\\\/boutique\\\/kit-de-depointage-fuse\\\/\",\"url\":\"https:\\\/\\\/3d-edu.ch\\\/fr\\\/boutique\\\/kit-de-depointage-fuse\\\/\",\"name\":\"Kit de d\u00e9pointage Fuse - 3D-EDU GmbH\",\"isPartOf\":{\"@id\":\"https:\\\/\\\/3d-edu.ch\\\/fr\\\/#website\"},\"primaryImageOfPage\":{\"@id\":\"https:\\\/\\\/3d-edu.ch\\\/fr\\\/boutique\\\/kit-de-depointage-fuse\\\/#primaryimage\"},\"image\":{\"@id\":\"https:\\\/\\\/3d-edu.ch\\\/fr\\\/boutique\\\/kit-de-depointage-fuse\\\/#primaryimage\"},\"thumbnailUrl\":\"https:\\\/\\\/3d-edu.ch\\\/wp-content\\\/uploads\\\/2023\\\/09\\\/Formlabs_Fuse_Depowdering_Kit_230V_150_Sieve.jpg\",\"datePublished\":\"2023-09-18T13:45:53+00:00\",\"dateModified\":\"2026-04-09T11:25:53+00:00\",\"description\":\"Cette solution compl\u00e8te et abordable de post-traitement SLS manuel vous permet de nettoyer les pi\u00e8ces SLS et de r\u00e9cup\u00e9rer, de tamiser et de m\u00e9langer la poudre usag\u00e9e en toute simplicit\u00e9, afin d'\u00eatre pr\u00eat pour la prochaine impression.\",\"breadcrumb\":{\"@id\":\"https:\\\/\\\/3d-edu.ch\\\/fr\\\/boutique\\\/kit-de-depointage-fuse\\\/#breadcrumb\"},\"inLanguage\":\"fr-FR\",\"potentialAction\":[{\"@type\":\"ReadAction\",\"target\":[\"https:\\\/\\\/3d-edu.ch\\\/fr\\\/boutique\\\/kit-de-depointage-fuse\\\/\"]}]},{\"@type\":\"ImageObject\",\"inLanguage\":\"fr-FR\",\"@id\":\"https:\\\/\\\/3d-edu.ch\\\/fr\\\/boutique\\\/kit-de-depointage-fuse\\\/#primaryimage\",\"url\":\"https:\\\/\\\/3d-edu.ch\\\/wp-content\\\/uploads\\\/2023\\\/09\\\/Formlabs_Fuse_Depowdering_Kit_230V_150_Sieve.jpg\",\"contentUrl\":\"https:\\\/\\\/3d-edu.ch\\\/wp-content\\\/uploads\\\/2023\\\/09\\\/Formlabs_Fuse_Depowdering_Kit_230V_150_Sieve.jpg\",\"width\":380,\"height\":380},{\"@type\":\"BreadcrumbList\",\"@id\":\"https:\\\/\\\/3d-edu.ch\\\/fr\\\/boutique\\\/kit-de-depointage-fuse\\\/#breadcrumb\",\"itemListElement\":[{\"@type\":\"ListItem\",\"position\":1,\"name\":\"Accueil\",\"item\":\"https:\\\/\\\/3d-edu.ch\\\/fr\\\/\"},{\"@type\":\"ListItem\",\"position\":2,\"name\":\"Boutique\",\"item\":\"https:\\\/\\\/3d-edu.ch\\\/fr\\\/boutique\\\/\"},{\"@type\":\"ListItem\",\"position\":3,\"name\":\"Kit de d\u00e9pointage Fuse\"}]},{\"@type\":\"WebSite\",\"@id\":\"https:\\\/\\\/3d-edu.ch\\\/fr\\\/#website\",\"url\":\"https:\\\/\\\/3d-edu.ch\\\/fr\\\/\",\"name\":\"3D-EDU GmbH\",\"description\":\"Your Formlabs, UltiMaker and Raise3D Printer Support and Education Site in Switzerland. \\\/\\\/ Ihre Formlabs, UltiMaker and Raise3D Drucker Support und Bildungs Webseite der Schweiz.\",\"publisher\":{\"@id\":\"https:\\\/\\\/3d-edu.ch\\\/fr\\\/#organization\"},\"potentialAction\":[{\"@type\":\"SearchAction\",\"target\":{\"@type\":\"EntryPoint\",\"urlTemplate\":\"https:\\\/\\\/3d-edu.ch\\\/fr\\\/?s={search_term_string}\"},\"query-input\":{\"@type\":\"PropertyValueSpecification\",\"valueRequired\":true,\"valueName\":\"search_term_string\"}}],\"inLanguage\":\"fr-FR\"},{\"@type\":[\"Organization\",\"Place\",\"ElectronicsStore\"],\"@id\":\"https:\\\/\\\/3d-edu.ch\\\/fr\\\/#organization\",\"name\":\"3D-EDU GmbH\",\"url\":\"https:\\\/\\\/3d-edu.ch\\\/fr\\\/\",\"logo\":{\"@id\":\"https:\\\/\\\/3d-edu.ch\\\/fr\\\/boutique\\\/kit-de-depointage-fuse\\\/#local-main-organization-logo\"},\"image\":{\"@id\":\"https:\\\/\\\/3d-edu.ch\\\/fr\\\/boutique\\\/kit-de-depointage-fuse\\\/#local-main-organization-logo\"},\"sameAs\":[\"https:\\\/\\\/www.facebook.com\\\/3d-educh-210277586064960\\\/\",\"https:\\\/\\\/x.com\\\/3d_edu_ch\"],\"address\":{\"@id\":\"https:\\\/\\\/3d-edu.ch\\\/fr\\\/boutique\\\/kit-de-depointage-fuse\\\/#local-main-place-address\"},\"geo\":{\"@type\":\"GeoCoordinates\",\"latitude\":\"47.38413\",\"longitude\":\"8.49812\"},\"telephone\":[\"+41 44 492 11 22\"],\"openingHoursSpecification\":[{\"@type\":\"OpeningHoursSpecification\",\"dayOfWeek\":[\"Monday\",\"Tuesday\",\"Wednesday\",\"Thursday\",\"Friday\"],\"opens\":\"08:30\",\"closes\":\"18:00\"},{\"@type\":\"OpeningHoursSpecification\",\"dayOfWeek\":[\"Saturday\",\"Sunday\"],\"opens\":\"00:00\",\"closes\":\"00:00\"}],\"email\":\"info@3d-edu.ch\",\"faxNumber\":\"+41 44 492 11 23\",\"vatID\":\"CHE-184.499.491 MWST\",\"priceRange\":\"$$$\",\"currenciesAccepted\":\"CHF\"},{\"@type\":\"PostalAddress\",\"@id\":\"https:\\\/\\\/3d-edu.ch\\\/fr\\\/boutique\\\/kit-de-depointage-fuse\\\/#local-main-place-address\",\"streetAddress\":\"3D-EDU GmbH, Badenerstrasse 556\",\"addressLocality\":\"Z\u00fcrich\",\"postalCode\":\"8048\",\"addressRegion\":\"Z\u00fcrich\",\"addressCountry\":\"CH\"},{\"@type\":\"ImageObject\",\"inLanguage\":\"fr-FR\",\"@id\":\"https:\\\/\\\/3d-edu.ch\\\/fr\\\/boutique\\\/kit-de-depointage-fuse\\\/#local-main-organization-logo\",\"url\":\"https:\\\/\\\/3d-edu.ch\\\/wp-content\\\/uploads\\\/2018\\\/10\\\/3d-drucker-makerbot-formlabs-professionelle-3d-drucker-e1546527990490.png\",\"contentUrl\":\"https:\\\/\\\/3d-edu.ch\\\/wp-content\\\/uploads\\\/2018\\\/10\\\/3d-drucker-makerbot-formlabs-professionelle-3d-drucker-e1546527990490.png\",\"width\":275,\"height\":80,\"caption\":\"3D-EDU GmbH\"}]}<\/script>\n<meta property=\"product:brand\" content=\"Formlabs\" \/>\n<meta property=\"product:price:amount\" content=\"975.45\" \/>\n<meta property=\"product:price:currency\" content=\"CHF\" \/>\n<meta property=\"og:availability\" content=\"backorder\" \/>\n<meta property=\"product:availability\" content=\"available for order\" \/>\n<meta property=\"product:retailer_item_id\" content=\"PKG-FDK-230V\" \/>\n<meta property=\"product:condition\" content=\"new\" \/>\n<meta name=\"geo.placename\" content=\"Z\u00fcrich\" \/>\n<meta name=\"geo.position\" content=\"47.38413;8.49812\" \/>\n<meta name=\"geo.region\" content=\"Suisse\" \/>\n<!-- \/ Yoast SEO Premium plugin. -->","yoast_head_json":{"title":"Kit de d\u00e9pointage Fuse - 3D-EDU GmbH","description":"Cette solution compl\u00e8te et abordable de post-traitement SLS manuel vous permet de nettoyer les pi\u00e8ces SLS et de r\u00e9cup\u00e9rer, de tamiser et de m\u00e9langer la poudre usag\u00e9e en toute simplicit\u00e9, afin d'\u00eatre pr\u00eat pour la prochaine impression.","robots":{"index":"index","follow":"follow","max-snippet":"max-snippet:-1","max-image-preview":"max-image-preview:large","max-video-preview":"max-video-preview:-1"},"canonical":"https:\/\/3d-edu.ch\/fr\/boutique\/kit-de-depointage-fuse\/","og_locale":"fr_FR","og_type":"article","og_title":"Kit de d\u00e9pointage Fuse","og_description":"Cette solution compl\u00e8te et abordable de post-traitement SLS manuel vous permet de nettoyer les pi\u00e8ces SLS et de r\u00e9cup\u00e9rer, de tamiser et de m\u00e9langer la poudre usag\u00e9e en toute simplicit\u00e9, afin d'\u00eatre pr\u00eat pour la prochaine impression.","og_url":"https:\/\/3d-edu.ch\/fr\/boutique\/kit-de-depointage-fuse\/","og_site_name":"3D-EDU GmbH","article_publisher":"https:\/\/www.facebook.com\/3d-educh-210277586064960\/","article_modified_time":"2026-04-09T11:25:53+00:00","og_image":[{"width":380,"height":380,"url":"https:\/\/3d-edu.ch\/wp-content\/uploads\/2023\/09\/Formlabs_Fuse_Depowdering_Kit_230V_150_Sieve.jpg","type":"image\/jpeg"}],"twitter_card":"summary_large_image","twitter_site":"@3d_edu_ch","twitter_misc":{"Prix":"975.45&nbsp;&#67;&#72;&#70; hors TVA","Disponibilit\u00e9":"En r\u00e9assort"},"schema":{"@context":"https:\/\/schema.org","@graph":[{"@type":"WebPage","@id":"https:\/\/3d-edu.ch\/fr\/boutique\/kit-de-depointage-fuse\/","url":"https:\/\/3d-edu.ch\/fr\/boutique\/kit-de-depointage-fuse\/","name":"Kit de d\u00e9pointage Fuse - 3D-EDU GmbH","isPartOf":{"@id":"https:\/\/3d-edu.ch\/fr\/#website"},"primaryImageOfPage":{"@id":"https:\/\/3d-edu.ch\/fr\/boutique\/kit-de-depointage-fuse\/#primaryimage"},"image":{"@id":"https:\/\/3d-edu.ch\/fr\/boutique\/kit-de-depointage-fuse\/#primaryimage"},"thumbnailUrl":"https:\/\/3d-edu.ch\/wp-content\/uploads\/2023\/09\/Formlabs_Fuse_Depowdering_Kit_230V_150_Sieve.jpg","datePublished":"2023-09-18T13:45:53+00:00","dateModified":"2026-04-09T11:25:53+00:00","description":"Cette solution compl\u00e8te et abordable de post-traitement SLS manuel vous permet de nettoyer les pi\u00e8ces SLS et de r\u00e9cup\u00e9rer, de tamiser et de m\u00e9langer la poudre usag\u00e9e en toute simplicit\u00e9, afin d'\u00eatre pr\u00eat pour la prochaine impression.","breadcrumb":{"@id":"https:\/\/3d-edu.ch\/fr\/boutique\/kit-de-depointage-fuse\/#breadcrumb"},"inLanguage":"fr-FR","potentialAction":[{"@type":"ReadAction","target":["https:\/\/3d-edu.ch\/fr\/boutique\/kit-de-depointage-fuse\/"]}]},{"@type":"ImageObject","inLanguage":"fr-FR","@id":"https:\/\/3d-edu.ch\/fr\/boutique\/kit-de-depointage-fuse\/#primaryimage","url":"https:\/\/3d-edu.ch\/wp-content\/uploads\/2023\/09\/Formlabs_Fuse_Depowdering_Kit_230V_150_Sieve.jpg","contentUrl":"https:\/\/3d-edu.ch\/wp-content\/uploads\/2023\/09\/Formlabs_Fuse_Depowdering_Kit_230V_150_Sieve.jpg","width":380,"height":380},{"@type":"BreadcrumbList","@id":"https:\/\/3d-edu.ch\/fr\/boutique\/kit-de-depointage-fuse\/#breadcrumb","itemListElement":[{"@type":"ListItem","position":1,"name":"Accueil","item":"https:\/\/3d-edu.ch\/fr\/"},{"@type":"ListItem","position":2,"name":"Boutique","item":"https:\/\/3d-edu.ch\/fr\/boutique\/"},{"@type":"ListItem","position":3,"name":"Kit de d\u00e9pointage Fuse"}]},{"@type":"WebSite","@id":"https:\/\/3d-edu.ch\/fr\/#website","url":"https:\/\/3d-edu.ch\/fr\/","name":"3D-EDU GmbH","description":"Your Formlabs, UltiMaker and Raise3D Printer Support and Education Site in Switzerland. \/\/ Ihre Formlabs, UltiMaker and Raise3D Drucker Support und Bildungs Webseite der Schweiz.","publisher":{"@id":"https:\/\/3d-edu.ch\/fr\/#organization"},"potentialAction":[{"@type":"SearchAction","target":{"@type":"EntryPoint","urlTemplate":"https:\/\/3d-edu.ch\/fr\/?s={search_term_string}"},"query-input":{"@type":"PropertyValueSpecification","valueRequired":true,"valueName":"search_term_string"}}],"inLanguage":"fr-FR"},{"@type":["Organization","Place","ElectronicsStore"],"@id":"https:\/\/3d-edu.ch\/fr\/#organization","name":"3D-EDU GmbH","url":"https:\/\/3d-edu.ch\/fr\/","logo":{"@id":"https:\/\/3d-edu.ch\/fr\/boutique\/kit-de-depointage-fuse\/#local-main-organization-logo"},"image":{"@id":"https:\/\/3d-edu.ch\/fr\/boutique\/kit-de-depointage-fuse\/#local-main-organization-logo"},"sameAs":["https:\/\/www.facebook.com\/3d-educh-210277586064960\/","https:\/\/x.com\/3d_edu_ch"],"address":{"@id":"https:\/\/3d-edu.ch\/fr\/boutique\/kit-de-depointage-fuse\/#local-main-place-address"},"geo":{"@type":"GeoCoordinates","latitude":"47.38413","longitude":"8.49812"},"telephone":["+41 44 492 11 22"],"openingHoursSpecification":[{"@type":"OpeningHoursSpecification","dayOfWeek":["Monday","Tuesday","Wednesday","Thursday","Friday"],"opens":"08:30","closes":"18:00"},{"@type":"OpeningHoursSpecification","dayOfWeek":["Saturday","Sunday"],"opens":"00:00","closes":"00:00"}],"email":"info@3d-edu.ch","faxNumber":"+41 44 492 11 23","vatID":"CHE-184.499.491 MWST","priceRange":"$$$","currenciesAccepted":"CHF"},{"@type":"PostalAddress","@id":"https:\/\/3d-edu.ch\/fr\/boutique\/kit-de-depointage-fuse\/#local-main-place-address","streetAddress":"3D-EDU GmbH, Badenerstrasse 556","addressLocality":"Z\u00fcrich","postalCode":"8048","addressRegion":"Z\u00fcrich","addressCountry":"CH"},{"@type":"ImageObject","inLanguage":"fr-FR","@id":"https:\/\/3d-edu.ch\/fr\/boutique\/kit-de-depointage-fuse\/#local-main-organization-logo","url":"https:\/\/3d-edu.ch\/wp-content\/uploads\/2018\/10\/3d-drucker-makerbot-formlabs-professionelle-3d-drucker-e1546527990490.png","contentUrl":"https:\/\/3d-edu.ch\/wp-content\/uploads\/2018\/10\/3d-drucker-makerbot-formlabs-professionelle-3d-drucker-e1546527990490.png","width":275,"height":80,"caption":"3D-EDU GmbH"}]},"product_brand":"Formlabs","product_price_amount":"975.45","product_price_currency":"CHF","og_availability":"backorder","product_availability":"available for order","product_retailer_item_id":"PKG-FDK-230V","product_condition":"new","geo.placename":"Z\u00fcrich","geo.position":{"lat":"47.38413","long":"8.49812"},"geo.region":"Suisse"},"_links":{"self":[{"href":"https:\/\/3d-edu.ch\/fr\/wp-json\/wp\/v2\/product\/76601","targetHints":{"allow":["GET"]}}],"collection":[{"href":"https:\/\/3d-edu.ch\/fr\/wp-json\/wp\/v2\/product"}],"about":[{"href":"https:\/\/3d-edu.ch\/fr\/wp-json\/wp\/v2\/types\/product"}],"replies":[{"embeddable":true,"href":"https:\/\/3d-edu.ch\/fr\/wp-json\/wp\/v2\/comments?post=76601"}],"wp:featuredmedia":[{"embeddable":true,"href":"https:\/\/3d-edu.ch\/fr\/wp-json\/wp\/v2\/media\/70691"}],"wp:attachment":[{"href":"https:\/\/3d-edu.ch\/fr\/wp-json\/wp\/v2\/media?parent=76601"}],"wp:term":[{"taxonomy":"product_brand","embeddable":true,"href":"https:\/\/3d-edu.ch\/fr\/wp-json\/wp\/v2\/product_brand?post=76601"},{"taxonomy":"product_cat","embeddable":true,"href":"https:\/\/3d-edu.ch\/fr\/wp-json\/wp\/v2\/product_cat?post=76601"},{"taxonomy":"product_tag","embeddable":true,"href":"https:\/\/3d-edu.ch\/fr\/wp-json\/wp\/v2\/product_tag?post=76601"}],"curies":[{"name":"wp","href":"https:\/\/api.w.org\/{rel}","templated":true}]}}