{"id":76600,"date":"2023-09-15T09:19:02","date_gmt":"2023-09-15T09:19:02","guid":{"rendered":"https:\/\/3d-edu.ch\/shop\/formlabs-silicone-40a-resin-1l\/"},"modified":"2026-05-15T10:20:40","modified_gmt":"2026-05-15T08:20:40","slug":"formlabs-silicone-40a-resin-1l","status":"publish","type":"product","link":"https:\/\/3d-edu.ch\/fr\/boutique\/formlabs-silicone-40a-resin-1l\/","title":{"rendered":"Formlabs Silicone 40A Resin 1L"},"content":{"rendered":"<h3>Formlabs Silicone 40A Resin 1L<\/h3>\n<p>Le mat\u00e9riau Silicone 40A Shore-Durometer de Formlabs vous permet de cr\u00e9er des pi\u00e8ces souples, flexibles et durables avec un allongement \u00e0 la rupture de 230% et une r\u00e9sistance \u00e0 la d\u00e9chirure de 12 kN\/m. Le mat\u00e9riau r\u00e9siste \u00e0 des cycles r\u00e9p\u00e9t\u00e9s d&rsquo;\u00e9tirement, de flexion et de compression. Combinez la haute performance du silicone avec la libert\u00e9 de conception de l&rsquo;impression 3D pour produire des pi\u00e8ces en silicone hautement fonctionnelles avec une excellente r\u00e9sistance chimique et thermique (-25\u00b0C \u00e0 125\u00b0C), ainsi que des caract\u00e9ristiques fines de seulement 0,3 mm et des g\u00e9om\u00e9tries complexes.  <\/p>\n<p>Clause de non-responsabilit\u00e9 : Formlabs est actuellement en attente de l&rsquo;enregistrement TSCA. Tant que cet enregistrement n&rsquo;est pas obtenu, la r\u00e9sine Silicone 40A ne peut \u00eatre utilis\u00e9e qu&rsquo;\u00e0 des fins de recherche et d\u00e9veloppement (R&amp;D). Nous pr\u00e9voyons d&rsquo;obtenir l&rsquo;enregistrement TSCA fin 2023. D\u00e8s que l&rsquo;enregistrement sera disponible, cette r\u00e9sine pourra \u00eatre utilis\u00e9e pour des applications commerciales, de R&amp;D et toutes autres applications appropri\u00e9es.<\/p>\n<div class=\"accordion\">\n\t<div id=\"accordion-4002061957\" class=\"accordion-item\">\n\t\t<a id=\"accordion-4002061957-label\" class=\"accordion-title plain\" href=\"#accordion-item-plus-d&#039;informations\" aria-expanded=\"false\" aria-controls=\"accordion-4002061957-content\">\n\t\t\t<button class=\"toggle\" aria-label=\"Basculer\"><i class=\"icon-angle-down\" aria-hidden=\"true\"><\/i><\/button>\n\t\t\t<span>Plus d&#039;informations<\/span>\n\t\t<\/a>\n\t\t<div id=\"accordion-4002061957-content\" class=\"accordion-inner\" aria-labelledby=\"accordion-4002061957-label\">\n\t\t\t\n<p><strong>Lieferumfang<\/strong><\/p>\n<ul>\n<li>1x Formlabs Silicone 40A Resin 1L<\/li>\n<\/ul>\n<p>Unterst\u00fctzte Druckaufl\u00f6sungen: 100 Mikrometer.<br \/>\nFormlabs Silicone 40A ben\u00f6tigt ein spezielles Reinigungsmittel aus <a href=\"https:\/\/3d-edu.ch\/boutique\/ipa-isopropyl-alcohol-1l\/\">80% IPA<\/a> und <a href=\"https:\/\/3d-edu.ch\/boutique\/n-butyl-acetat-5l\/\">20% N-Butyl-Acetate<\/a> und eine angepasste Aush\u00e4rtung -&gt; Reiter \u00ab\u00a0Spezifikationen\u00a0\u00bb.<br \/>\nVerf\u00fcgbar f\u00fcr Form 3, Form 3+, Form 3B, Form 3B+ und mindestens <a href=\"https:\/\/3d-edu.ch\/boutique\/form-3-resin-tank-harztank\/\">Resin Tank V2.1<\/a> erforderlich.<\/p>\n<h5>Weitere Informationen<\/h5>\n<p>Weitere Informationen zum Formlabs Silicone 40A Material finden Sie unter <a href=\"https:\/\/3d-edu.ch\/formlabs\/resin\/engineering\/\">Formlabs Engineering Resin<\/a>.<\/p>\n<h2>Formlabs Resin \/ Kunstharz<\/h2>\n<p>Formlabs Resin \/ Kunstharz liefert formvollendete Ergebnisse mit den <a href=\"https:\/\/3d-edu.ch\/formlabs\/formlabs-3d-drucker-2\/\">Formlabs SLA\/LFS 3D-Druckern<\/a>. Die Material-Bibliothek umfasst rund 20 Resins und wird stets verbessert und erweitert. Neben den <a href=\"https:\/\/3d-edu.ch\/formlabs\/resin\/standard\/\">Standard-Resins<\/a> bietet Formlabs Spezialkunstharze f\u00fcr <a href=\"https:\/\/3d-edu.ch\/formlabs\/resin\/engineering\/\">Engineering<\/a>, <a href=\"https:\/\/3d-edu.ch\/formlabs\/resin\/castable\/\">Schmuckdesign<\/a>, <a href=\"https:\/\/3d-edu.ch\/formlabs\/resin\/dental\/\">Zahnmedizin<\/a> und <a href=\"https:\/\/3d-edu.ch\/formlabs\/resin\/medical\/\">Medizin<\/a>.<\/p>\n\t\t<\/div>\n\t<\/div>\n\t\n<\/div>\n","protected":false},"excerpt":{"rendered":"<h2><strong>Formlabs Silicone 40A Resin 1L<\/strong><\/h2>\n<p>Formlabs Silicone 40A Resin est un mat\u00e9riau d&rsquo;impression 3D noir 100% silicone. Silicone 40A Resin est bas\u00e9 sur la technologie Pure Silicone Technology&#x2122; de Formlabs, en attente de brevet. Elle permet d&rsquo;imprimer en 3D des pi\u00e8ces en silicone pur en quelques heures en interne. Vous \u00e9vitez ainsi les moulages et les processus de coul\u00e9e \u00e0 forte intensit\u00e9 de main-d&rsquo;\u0153uvre.   <\/p>\n","protected":false},"featured_media":68073,"comment_status":"closed","ping_status":"closed","template":"","meta":[],"product_brand":[],"product_cat":[10356,10352,10359,10355],"product_tag":[7784,8053],"class_list":{"0":"post-76600","1":"product","2":"type-product","3":"status-publish","4":"has-post-thumbnail","6":"product_cat-form-2-3-l-resine","7":"product_cat-formlabs","8":"product_cat-ingenierie","9":"product_cat-materiaux","10":"product_tag-formlabs-fr","11":"product_tag-resine-formlabs","13":"first","14":"instock","15":"taxable","16":"shipping-taxable","17":"purchasable","18":"product-type-simple"},"yoast_head":"<!-- This site is optimized with the Yoast SEO Premium plugin v27.5 (Yoast SEO v27.5) - https:\/\/yoast.com\/product\/yoast-seo-premium-wordpress\/ -->\n<title>Formlabs Silicone 40A Resin 1L %%page% - 3D-EDU GmbH%<\/title>\n<meta name=\"description\" content=\"Formlabs Silicone 40A Resin est un mat\u00e9riau d&#039;impression 3D noir 100% silicone. Il permet d&#039;imprimer en 3D des pi\u00e8ces en silicone pur.\" \/>\n<meta name=\"robots\" content=\"index, follow, max-snippet:-1, max-image-preview:large, max-video-preview:-1\" \/>\n<link rel=\"canonical\" href=\"https:\/\/3d-edu.ch\/fr\/boutique\/formlabs-silicone-40a-resin-1l\/\" \/>\n<meta property=\"og:locale\" content=\"fr_FR\" \/>\n<meta property=\"og:type\" content=\"article\" \/>\n<meta property=\"og:title\" content=\"Formlabs Silicone 40A Resin 1L\" \/>\n<meta property=\"og:description\" content=\"Formlabs Silicone 40A Resin est un mat\u00e9riau d&#039;impression 3D noir 100% silicone. Il permet d&#039;imprimer en 3D des pi\u00e8ces en silicone pur.\" \/>\n<meta property=\"og:url\" content=\"https:\/\/3d-edu.ch\/fr\/boutique\/formlabs-silicone-40a-resin-1l\/\" \/>\n<meta property=\"og:site_name\" content=\"3D-EDU GmbH\" \/>\n<meta property=\"article:publisher\" content=\"https:\/\/www.facebook.com\/3d-educh-210277586064960\/\" \/>\n<meta property=\"article:modified_time\" content=\"2026-05-15T08:20:40+00:00\" \/>\n<meta property=\"og:image\" content=\"https:\/\/3d-edu.ch\/wp-content\/uploads\/2023\/09\/formlabs-silicone-40a-resin_store.webp\" \/>\n\t<meta property=\"og:image:width\" content=\"600\" \/>\n\t<meta property=\"og:image:height\" content=\"600\" \/>\n\t<meta property=\"og:image:type\" content=\"image\/webp\" \/>\n<meta name=\"twitter:card\" content=\"summary_large_image\" \/>\n<meta name=\"twitter:site\" content=\"@3d_edu_ch\" \/>\n<meta name=\"twitter:label1\" content=\"Prix\" \/>\n\t<meta name=\"twitter:data1\" content=\"367.15&nbsp;&#067;&#072;&#070; hors TVA\" \/>\n\t<meta name=\"twitter:label2\" content=\"Disponibilit\u00e9\" \/>\n\t<meta name=\"twitter:data2\" content=\"En stock\" \/>\n<script type=\"application\/ld+json\" class=\"yoast-schema-graph\">{\"@context\":\"https:\\\/\\\/schema.org\",\"@graph\":[{\"@type\":\"WebPage\",\"@id\":\"https:\\\/\\\/3d-edu.ch\\\/fr\\\/boutique\\\/formlabs-silicone-40a-resin-1l\\\/\",\"url\":\"https:\\\/\\\/3d-edu.ch\\\/fr\\\/boutique\\\/formlabs-silicone-40a-resin-1l\\\/\",\"name\":\"Formlabs Silicone 40A Resin 1L %%page% - 3D-EDU GmbH%\",\"isPartOf\":{\"@id\":\"https:\\\/\\\/3d-edu.ch\\\/fr\\\/#website\"},\"primaryImageOfPage\":{\"@id\":\"https:\\\/\\\/3d-edu.ch\\\/fr\\\/boutique\\\/formlabs-silicone-40a-resin-1l\\\/#primaryimage\"},\"image\":{\"@id\":\"https:\\\/\\\/3d-edu.ch\\\/fr\\\/boutique\\\/formlabs-silicone-40a-resin-1l\\\/#primaryimage\"},\"thumbnailUrl\":\"https:\\\/\\\/3d-edu.ch\\\/wp-content\\\/uploads\\\/2023\\\/09\\\/formlabs-silicone-40a-resin_store.webp\",\"datePublished\":\"2023-09-15T09:19:02+00:00\",\"dateModified\":\"2026-05-15T08:20:40+00:00\",\"description\":\"Formlabs Silicone 40A Resin est un mat\u00e9riau d'impression 3D noir 100% silicone. Il permet d'imprimer en 3D des pi\u00e8ces en silicone pur.\",\"breadcrumb\":{\"@id\":\"https:\\\/\\\/3d-edu.ch\\\/fr\\\/boutique\\\/formlabs-silicone-40a-resin-1l\\\/#breadcrumb\"},\"inLanguage\":\"fr-FR\",\"potentialAction\":[{\"@type\":\"ReadAction\",\"target\":[\"https:\\\/\\\/3d-edu.ch\\\/fr\\\/boutique\\\/formlabs-silicone-40a-resin-1l\\\/\"]}]},{\"@type\":\"ImageObject\",\"inLanguage\":\"fr-FR\",\"@id\":\"https:\\\/\\\/3d-edu.ch\\\/fr\\\/boutique\\\/formlabs-silicone-40a-resin-1l\\\/#primaryimage\",\"url\":\"https:\\\/\\\/3d-edu.ch\\\/wp-content\\\/uploads\\\/2023\\\/09\\\/formlabs-silicone-40a-resin_store.webp\",\"contentUrl\":\"https:\\\/\\\/3d-edu.ch\\\/wp-content\\\/uploads\\\/2023\\\/09\\\/formlabs-silicone-40a-resin_store.webp\",\"width\":600,\"height\":600,\"caption\":\"Formlabs Silicone 40A R\u00e9sine\"},{\"@type\":\"BreadcrumbList\",\"@id\":\"https:\\\/\\\/3d-edu.ch\\\/fr\\\/boutique\\\/formlabs-silicone-40a-resin-1l\\\/#breadcrumb\",\"itemListElement\":[{\"@type\":\"ListItem\",\"position\":1,\"name\":\"Accueil\",\"item\":\"https:\\\/\\\/3d-edu.ch\\\/fr\\\/\"},{\"@type\":\"ListItem\",\"position\":2,\"name\":\"Boutique\",\"item\":\"https:\\\/\\\/3d-edu.ch\\\/fr\\\/boutique\\\/\"},{\"@type\":\"ListItem\",\"position\":3,\"name\":\"Formlabs Silicone 40A Resin 1L\"}]},{\"@type\":\"WebSite\",\"@id\":\"https:\\\/\\\/3d-edu.ch\\\/fr\\\/#website\",\"url\":\"https:\\\/\\\/3d-edu.ch\\\/fr\\\/\",\"name\":\"3D-EDU GmbH\",\"description\":\"Your Formlabs, UltiMaker and Raise3D Printer Support and Education Site in Switzerland. \\\/\\\/ Ihre Formlabs, UltiMaker and Raise3D Drucker Support und Bildungs Webseite der Schweiz.\",\"publisher\":{\"@id\":\"https:\\\/\\\/3d-edu.ch\\\/fr\\\/#organization\"},\"potentialAction\":[{\"@type\":\"SearchAction\",\"target\":{\"@type\":\"EntryPoint\",\"urlTemplate\":\"https:\\\/\\\/3d-edu.ch\\\/fr\\\/?s={search_term_string}\"},\"query-input\":{\"@type\":\"PropertyValueSpecification\",\"valueRequired\":true,\"valueName\":\"search_term_string\"}}],\"inLanguage\":\"fr-FR\"},{\"@type\":[\"Organization\",\"Place\",\"ElectronicsStore\"],\"@id\":\"https:\\\/\\\/3d-edu.ch\\\/fr\\\/#organization\",\"name\":\"3D-EDU GmbH\",\"url\":\"https:\\\/\\\/3d-edu.ch\\\/fr\\\/\",\"logo\":{\"@id\":\"https:\\\/\\\/3d-edu.ch\\\/fr\\\/boutique\\\/formlabs-silicone-40a-resin-1l\\\/#local-main-organization-logo\"},\"image\":{\"@id\":\"https:\\\/\\\/3d-edu.ch\\\/fr\\\/boutique\\\/formlabs-silicone-40a-resin-1l\\\/#local-main-organization-logo\"},\"sameAs\":[\"https:\\\/\\\/www.facebook.com\\\/3d-educh-210277586064960\\\/\",\"https:\\\/\\\/x.com\\\/3d_edu_ch\"],\"address\":{\"@id\":\"https:\\\/\\\/3d-edu.ch\\\/fr\\\/boutique\\\/formlabs-silicone-40a-resin-1l\\\/#local-main-place-address\"},\"geo\":{\"@type\":\"GeoCoordinates\",\"latitude\":\"47.38413\",\"longitude\":\"8.49812\"},\"telephone\":[\"+41 44 492 11 22\"],\"openingHoursSpecification\":[{\"@type\":\"OpeningHoursSpecification\",\"dayOfWeek\":[\"Monday\",\"Tuesday\",\"Wednesday\",\"Thursday\",\"Friday\"],\"opens\":\"08:30\",\"closes\":\"18:00\"},{\"@type\":\"OpeningHoursSpecification\",\"dayOfWeek\":[\"Saturday\",\"Sunday\"],\"opens\":\"00:00\",\"closes\":\"00:00\"}],\"email\":\"info@3d-edu.ch\",\"faxNumber\":\"+41 44 492 11 23\",\"vatID\":\"CHE-184.499.491 MWST\",\"priceRange\":\"$$$\",\"currenciesAccepted\":\"CHF\"},{\"@type\":\"PostalAddress\",\"@id\":\"https:\\\/\\\/3d-edu.ch\\\/fr\\\/boutique\\\/formlabs-silicone-40a-resin-1l\\\/#local-main-place-address\",\"streetAddress\":\"3D-EDU GmbH, Badenerstrasse 556\",\"addressLocality\":\"Z\u00fcrich\",\"postalCode\":\"8048\",\"addressRegion\":\"Z\u00fcrich\",\"addressCountry\":\"CH\"},{\"@type\":\"ImageObject\",\"inLanguage\":\"fr-FR\",\"@id\":\"https:\\\/\\\/3d-edu.ch\\\/fr\\\/boutique\\\/formlabs-silicone-40a-resin-1l\\\/#local-main-organization-logo\",\"url\":\"https:\\\/\\\/3d-edu.ch\\\/wp-content\\\/uploads\\\/2018\\\/10\\\/3d-drucker-makerbot-formlabs-professionelle-3d-drucker-e1546527990490.png\",\"contentUrl\":\"https:\\\/\\\/3d-edu.ch\\\/wp-content\\\/uploads\\\/2018\\\/10\\\/3d-drucker-makerbot-formlabs-professionelle-3d-drucker-e1546527990490.png\",\"width\":275,\"height\":80,\"caption\":\"3D-EDU GmbH\"}]}<\/script>\n<meta property=\"product:brand\" content=\"Form 2\/3\/L R\u00e9sine\" \/>\n<meta property=\"product:price:amount\" content=\"367.15\" \/>\n<meta property=\"product:price:currency\" content=\"CHF\" \/>\n<meta property=\"og:availability\" content=\"instock\" \/>\n<meta property=\"product:availability\" content=\"instock\" \/>\n<meta property=\"product:retailer_item_id\" content=\"RS-F2-SI40-01\" \/>\n<meta property=\"product:condition\" content=\"new\" \/>\n<meta name=\"geo.placename\" content=\"Z\u00fcrich\" \/>\n<meta name=\"geo.position\" content=\"47.38413;8.49812\" \/>\n<meta name=\"geo.region\" content=\"Suisse\" \/>\n<!-- \/ Yoast SEO Premium plugin. -->","yoast_head_json":{"title":"Formlabs Silicone 40A Resin 1L %%page% - 3D-EDU GmbH%","description":"Formlabs Silicone 40A Resin est un mat\u00e9riau d'impression 3D noir 100% silicone. Il permet d'imprimer en 3D des pi\u00e8ces en silicone pur.","robots":{"index":"index","follow":"follow","max-snippet":"max-snippet:-1","max-image-preview":"max-image-preview:large","max-video-preview":"max-video-preview:-1"},"canonical":"https:\/\/3d-edu.ch\/fr\/boutique\/formlabs-silicone-40a-resin-1l\/","og_locale":"fr_FR","og_type":"article","og_title":"Formlabs Silicone 40A Resin 1L","og_description":"Formlabs Silicone 40A Resin est un mat\u00e9riau d'impression 3D noir 100% silicone. Il permet d'imprimer en 3D des pi\u00e8ces en silicone pur.","og_url":"https:\/\/3d-edu.ch\/fr\/boutique\/formlabs-silicone-40a-resin-1l\/","og_site_name":"3D-EDU GmbH","article_publisher":"https:\/\/www.facebook.com\/3d-educh-210277586064960\/","article_modified_time":"2026-05-15T08:20:40+00:00","og_image":[{"width":600,"height":600,"url":"https:\/\/3d-edu.ch\/wp-content\/uploads\/2023\/09\/formlabs-silicone-40a-resin_store.webp","type":"image\/webp"}],"twitter_card":"summary_large_image","twitter_site":"@3d_edu_ch","twitter_misc":{"Prix":"367.15&nbsp;&#67;&#72;&#70; hors TVA","Disponibilit\u00e9":"En stock"},"schema":{"@context":"https:\/\/schema.org","@graph":[{"@type":"WebPage","@id":"https:\/\/3d-edu.ch\/fr\/boutique\/formlabs-silicone-40a-resin-1l\/","url":"https:\/\/3d-edu.ch\/fr\/boutique\/formlabs-silicone-40a-resin-1l\/","name":"Formlabs Silicone 40A Resin 1L %%page% - 3D-EDU GmbH%","isPartOf":{"@id":"https:\/\/3d-edu.ch\/fr\/#website"},"primaryImageOfPage":{"@id":"https:\/\/3d-edu.ch\/fr\/boutique\/formlabs-silicone-40a-resin-1l\/#primaryimage"},"image":{"@id":"https:\/\/3d-edu.ch\/fr\/boutique\/formlabs-silicone-40a-resin-1l\/#primaryimage"},"thumbnailUrl":"https:\/\/3d-edu.ch\/wp-content\/uploads\/2023\/09\/formlabs-silicone-40a-resin_store.webp","datePublished":"2023-09-15T09:19:02+00:00","dateModified":"2026-05-15T08:20:40+00:00","description":"Formlabs Silicone 40A Resin est un mat\u00e9riau d'impression 3D noir 100% silicone. Il permet d'imprimer en 3D des pi\u00e8ces en silicone pur.","breadcrumb":{"@id":"https:\/\/3d-edu.ch\/fr\/boutique\/formlabs-silicone-40a-resin-1l\/#breadcrumb"},"inLanguage":"fr-FR","potentialAction":[{"@type":"ReadAction","target":["https:\/\/3d-edu.ch\/fr\/boutique\/formlabs-silicone-40a-resin-1l\/"]}]},{"@type":"ImageObject","inLanguage":"fr-FR","@id":"https:\/\/3d-edu.ch\/fr\/boutique\/formlabs-silicone-40a-resin-1l\/#primaryimage","url":"https:\/\/3d-edu.ch\/wp-content\/uploads\/2023\/09\/formlabs-silicone-40a-resin_store.webp","contentUrl":"https:\/\/3d-edu.ch\/wp-content\/uploads\/2023\/09\/formlabs-silicone-40a-resin_store.webp","width":600,"height":600,"caption":"Formlabs Silicone 40A R\u00e9sine"},{"@type":"BreadcrumbList","@id":"https:\/\/3d-edu.ch\/fr\/boutique\/formlabs-silicone-40a-resin-1l\/#breadcrumb","itemListElement":[{"@type":"ListItem","position":1,"name":"Accueil","item":"https:\/\/3d-edu.ch\/fr\/"},{"@type":"ListItem","position":2,"name":"Boutique","item":"https:\/\/3d-edu.ch\/fr\/boutique\/"},{"@type":"ListItem","position":3,"name":"Formlabs Silicone 40A Resin 1L"}]},{"@type":"WebSite","@id":"https:\/\/3d-edu.ch\/fr\/#website","url":"https:\/\/3d-edu.ch\/fr\/","name":"3D-EDU GmbH","description":"Your Formlabs, UltiMaker and Raise3D Printer Support and Education Site in Switzerland. \/\/ Ihre Formlabs, UltiMaker and Raise3D Drucker Support und Bildungs Webseite der Schweiz.","publisher":{"@id":"https:\/\/3d-edu.ch\/fr\/#organization"},"potentialAction":[{"@type":"SearchAction","target":{"@type":"EntryPoint","urlTemplate":"https:\/\/3d-edu.ch\/fr\/?s={search_term_string}"},"query-input":{"@type":"PropertyValueSpecification","valueRequired":true,"valueName":"search_term_string"}}],"inLanguage":"fr-FR"},{"@type":["Organization","Place","ElectronicsStore"],"@id":"https:\/\/3d-edu.ch\/fr\/#organization","name":"3D-EDU GmbH","url":"https:\/\/3d-edu.ch\/fr\/","logo":{"@id":"https:\/\/3d-edu.ch\/fr\/boutique\/formlabs-silicone-40a-resin-1l\/#local-main-organization-logo"},"image":{"@id":"https:\/\/3d-edu.ch\/fr\/boutique\/formlabs-silicone-40a-resin-1l\/#local-main-organization-logo"},"sameAs":["https:\/\/www.facebook.com\/3d-educh-210277586064960\/","https:\/\/x.com\/3d_edu_ch"],"address":{"@id":"https:\/\/3d-edu.ch\/fr\/boutique\/formlabs-silicone-40a-resin-1l\/#local-main-place-address"},"geo":{"@type":"GeoCoordinates","latitude":"47.38413","longitude":"8.49812"},"telephone":["+41 44 492 11 22"],"openingHoursSpecification":[{"@type":"OpeningHoursSpecification","dayOfWeek":["Monday","Tuesday","Wednesday","Thursday","Friday"],"opens":"08:30","closes":"18:00"},{"@type":"OpeningHoursSpecification","dayOfWeek":["Saturday","Sunday"],"opens":"00:00","closes":"00:00"}],"email":"info@3d-edu.ch","faxNumber":"+41 44 492 11 23","vatID":"CHE-184.499.491 MWST","priceRange":"$$$","currenciesAccepted":"CHF"},{"@type":"PostalAddress","@id":"https:\/\/3d-edu.ch\/fr\/boutique\/formlabs-silicone-40a-resin-1l\/#local-main-place-address","streetAddress":"3D-EDU GmbH, Badenerstrasse 556","addressLocality":"Z\u00fcrich","postalCode":"8048","addressRegion":"Z\u00fcrich","addressCountry":"CH"},{"@type":"ImageObject","inLanguage":"fr-FR","@id":"https:\/\/3d-edu.ch\/fr\/boutique\/formlabs-silicone-40a-resin-1l\/#local-main-organization-logo","url":"https:\/\/3d-edu.ch\/wp-content\/uploads\/2018\/10\/3d-drucker-makerbot-formlabs-professionelle-3d-drucker-e1546527990490.png","contentUrl":"https:\/\/3d-edu.ch\/wp-content\/uploads\/2018\/10\/3d-drucker-makerbot-formlabs-professionelle-3d-drucker-e1546527990490.png","width":275,"height":80,"caption":"3D-EDU GmbH"}]},"product_brand":"Form 2\/3\/L R\u00e9sine","product_price_amount":"367.15","product_price_currency":"CHF","og_availability":"instock","product_availability":"instock","product_retailer_item_id":"RS-F2-SI40-01","product_condition":"new","geo.placename":"Z\u00fcrich","geo.position":{"lat":"47.38413","long":"8.49812"},"geo.region":"Suisse"},"_links":{"self":[{"href":"https:\/\/3d-edu.ch\/fr\/wp-json\/wp\/v2\/product\/76600","targetHints":{"allow":["GET"]}}],"collection":[{"href":"https:\/\/3d-edu.ch\/fr\/wp-json\/wp\/v2\/product"}],"about":[{"href":"https:\/\/3d-edu.ch\/fr\/wp-json\/wp\/v2\/types\/product"}],"replies":[{"embeddable":true,"href":"https:\/\/3d-edu.ch\/fr\/wp-json\/wp\/v2\/comments?post=76600"}],"wp:featuredmedia":[{"embeddable":true,"href":"https:\/\/3d-edu.ch\/fr\/wp-json\/wp\/v2\/media\/68073"}],"wp:attachment":[{"href":"https:\/\/3d-edu.ch\/fr\/wp-json\/wp\/v2\/media?parent=76600"}],"wp:term":[{"taxonomy":"product_brand","embeddable":true,"href":"https:\/\/3d-edu.ch\/fr\/wp-json\/wp\/v2\/product_brand?post=76600"},{"taxonomy":"product_cat","embeddable":true,"href":"https:\/\/3d-edu.ch\/fr\/wp-json\/wp\/v2\/product_cat?post=76600"},{"taxonomy":"product_tag","embeddable":true,"href":"https:\/\/3d-edu.ch\/fr\/wp-json\/wp\/v2\/product_tag?post=76600"}],"curies":[{"name":"wp","href":"https:\/\/api.w.org\/{rel}","templated":true}]}}