{"id":76594,"date":"2023-09-15T14:16:38","date_gmt":"2023-09-15T14:16:38","guid":{"rendered":"https:\/\/3d-edu.ch\/shop\/solution-de-lavage-ceramique-5l\/"},"modified":"2026-04-20T17:10:59","modified_gmt":"2026-04-20T15:10:59","slug":"solution-de-lavage-ceramique-5l","status":"publish","type":"product","link":"https:\/\/3d-edu.ch\/fr\/boutique\/solution-de-lavage-ceramique-5l\/","title":{"rendered":"Solution de lavage c\u00e9ramique 5L"},"content":{"rendered":"<h3>Formlabs Ceramic Wash Solution 5L<\/h3>\n<p>La Solution de lavage c\u00e9ramique de Formlabs est inoffensive et ininflammable.<br \/>\n<strong>Les pi\u00e8ces en <a href=\"https:\/\/3d-edu.ch\/fr\/boutique\/formlabs-alumina-4n-resin-0-78-l\/\">r\u00e9sine Alumina 4N<\/a> ne doivent pas entrer en contact avec de l&rsquo;eau ou de l&rsquo;IPA, car cela provoquerait des fissures.<\/strong><br \/>\n<strong>Les gants en nitrile pouvant gonfler au contact de la solution de lavage de la c\u00e9ramique, il est recommand\u00e9 de porter deux paires de gants en cas de lavage prolong\u00e9 de pi\u00e8ces.<\/strong><\/p>\n<p>Lavez les pi\u00e8ces imprim\u00e9es dans une solution de lavage c\u00e9ramique pendant 2 minutes. Utilisez un seau de lavage s\u00e9par\u00e9 pour \u00e9viter que des particules de c\u00e9ramique d\u00e9tach\u00e9es n&rsquo;adh\u00e8rent aux pi\u00e8ces qui ne sont pas en Alumina 4N. Si vous utilisez un kit de finition, les brosses sont tr\u00e8s efficaces pour \u00e9liminer la r\u00e9sine.  <\/p>\n<p>Soufflez doucement de l&rsquo;air sur les pi\u00e8ces, en concentrant le flux d&rsquo;air sur les coins et les fissures. Essuyez les surfaces accessibles avec une serviette en papier. <\/p>\n<p>Si n\u00e9cessaire, lavez les pi\u00e8ces imprim\u00e9es dans une solution de lavage c\u00e9ramique fra\u00eeche pendant 2 minutes suppl\u00e9mentaires afin d&rsquo;\u00e9liminer les particules \u00e9trang\u00e8res. Pour les petites pi\u00e8ces ou les pi\u00e8ces pr\u00e9sentant des caract\u00e9ristiques d\u00e9licates, appliquez directement la solution de lavage c\u00e9ramique \u00e0 l&rsquo;aide d&rsquo;un vaporisateur afin de rincer efficacement la pi\u00e8ce imprim\u00e9e. Soufflez \u00e0 nouveau sur les pi\u00e8ces imprim\u00e9es pour les s\u00e9cher ou essuyez-les avec une serviette en papier.  <\/p>\n<p>Minimisez le temps de s\u00e9jour de la pi\u00e8ce imprim\u00e9e dans la solution de lavage de la c\u00e9ramique afin d&rsquo;\u00e9viter les fissures.<\/p>\n<p>Bien qu&rsquo;<a href=\"https:\/\/3d-edu.ch\/fr\/boutique\/formlabs-alumina-4n-resin-0-78-l\/\">Alumina 4N Resin<\/a> colore rapidement la solution de lavage c\u00e9ramique en blanc, cela est normal et n&rsquo;affecte pas son efficacit\u00e9. Remplacez la solution de lavage c\u00e9ramique lorsqu&rsquo;elle atteint une concentration de r\u00e9sine de 8 \u00e0 12%, c&rsquo;est-\u00e0-dire apr\u00e8s environ 6 \u00e0 8 mois pour une utilisation intensive, 1 an pour une utilisation mod\u00e9r\u00e9e ou 30 \u00e0 50 litres de r\u00e9sine. <\/p>\n<p>La solution de lavage de la c\u00e9ramique peut \u00eatre conserv\u00e9e pendant une p\u00e9riode prolong\u00e9e.<\/p>\n","protected":false},"excerpt":{"rendered":"<h2><strong>Formlabs TPM Wash Solvant 5L<\/strong><\/h2>\n<p>La solution de lavage Formlabs Ceramic est un liquide de lavage sp\u00e9cial pour le nettoyage de vos pi\u00e8ces en c\u00e9ramique imprim\u00e9es en 3D. Un lavage dans cette solution est n\u00e9cessaire pour les pi\u00e8ces imprim\u00e9es avec la <a href=\"https:\/\/3d-edu.ch\/fr\/boutique\/formlabs-alumina-4n-resin-0-78-l\/\">r\u00e9sine Alumina 4N<\/a>. <\/p>\n","protected":false},"featured_media":68117,"comment_status":"closed","ping_status":"closed","template":"","meta":[],"product_brand":[],"product_cat":[7780,7896,7897],"product_tag":[7785,7784],"class_list":{"0":"post-76594","1":"product","2":"type-product","3":"status-publish","4":"has-post-thumbnail","6":"product_cat-formlabs-fr","7":"product_cat-post-traitement-fr","8":"product_cat-sla-lfs-post-traitement-fr","9":"product_tag-accessoires-formlabs","10":"product_tag-formlabs-fr","12":"first","13":"onbackorder","14":"taxable","15":"shipping-taxable","16":"purchasable","17":"product-type-simple"},"yoast_head":"<!-- This site is optimized with the Yoast SEO Premium plugin v27.4 (Yoast SEO v27.4) - https:\/\/yoast.com\/product\/yoast-seo-premium-wordpress\/ -->\n<title>Formlabs Solution de lavage c\u00e9ramique 5L acheter - 3D-EDU GmbH<\/title>\n<meta name=\"description\" content=\"La solution de lavage Formlabs Ceramic est un liquide de lavage sp\u00e9cial pour le nettoyage de vos pi\u00e8ces en c\u00e9ramique imprim\u00e9es en 3D.\" \/>\n<meta name=\"robots\" content=\"index, follow, max-snippet:-1, max-image-preview:large, max-video-preview:-1\" \/>\n<link rel=\"canonical\" href=\"https:\/\/3d-edu.ch\/fr\/boutique\/solution-de-lavage-ceramique-5l\/\" \/>\n<meta property=\"og:locale\" content=\"fr_FR\" \/>\n<meta property=\"og:type\" content=\"article\" \/>\n<meta property=\"og:title\" content=\"Solution de lavage c\u00e9ramique 5L\" \/>\n<meta property=\"og:description\" content=\"La solution de lavage Formlabs Ceramic est un liquide de lavage sp\u00e9cial pour le nettoyage de vos pi\u00e8ces en c\u00e9ramique imprim\u00e9es en 3D.\" \/>\n<meta property=\"og:url\" content=\"https:\/\/3d-edu.ch\/fr\/boutique\/solution-de-lavage-ceramique-5l\/\" \/>\n<meta property=\"og:site_name\" content=\"3D-EDU GmbH\" \/>\n<meta property=\"article:publisher\" content=\"https:\/\/www.facebook.com\/3d-educh-210277586064960\/\" \/>\n<meta property=\"article:modified_time\" content=\"2026-04-20T15:10:59+00:00\" \/>\n<meta property=\"og:image\" content=\"https:\/\/dedune53.myhostpoint.ch\/wp-content\/uploads\/2019\/09\/formlabs-form-3-resin-tank.jpg\" \/>\n<meta name=\"twitter:card\" content=\"summary_large_image\" \/>\n<meta name=\"twitter:site\" content=\"@3d_edu_ch\" \/>\n<meta name=\"twitter:label1\" content=\"Prix\" \/>\n\t<meta name=\"twitter:data1\" content=\"194.17&nbsp;&#067;&#072;&#070; hors TVA\" \/>\n\t<meta name=\"twitter:label2\" content=\"Disponibilit\u00e9\" \/>\n\t<meta name=\"twitter:data2\" content=\"En r\u00e9assort\" \/>\n<script type=\"application\/ld+json\" class=\"yoast-schema-graph\">{\"@context\":\"https:\\\/\\\/schema.org\",\"@graph\":[{\"@type\":\"WebPage\",\"@id\":\"https:\\\/\\\/3d-edu.ch\\\/fr\\\/boutique\\\/solution-de-lavage-ceramique-5l\\\/\",\"url\":\"https:\\\/\\\/3d-edu.ch\\\/fr\\\/boutique\\\/solution-de-lavage-ceramique-5l\\\/\",\"name\":\"Formlabs Solution de lavage c\u00e9ramique 5L acheter - 3D-EDU GmbH\",\"isPartOf\":{\"@id\":\"https:\\\/\\\/3d-edu.ch\\\/fr\\\/#website\"},\"primaryImageOfPage\":{\"@id\":\"https:\\\/\\\/3d-edu.ch\\\/fr\\\/boutique\\\/solution-de-lavage-ceramique-5l\\\/#primaryimage\"},\"image\":{\"@id\":\"https:\\\/\\\/3d-edu.ch\\\/fr\\\/boutique\\\/solution-de-lavage-ceramique-5l\\\/#primaryimage\"},\"thumbnailUrl\":\"https:\\\/\\\/3d-edu.ch\\\/wp-content\\\/uploads\\\/2023\\\/09\\\/formlabs-ceramic-wash-solution-5l.png\",\"datePublished\":\"2023-09-15T14:16:38+00:00\",\"dateModified\":\"2026-04-20T15:10:59+00:00\",\"description\":\"La solution de lavage Formlabs Ceramic est un liquide de lavage sp\u00e9cial pour le nettoyage de vos pi\u00e8ces en c\u00e9ramique imprim\u00e9es en 3D.\",\"breadcrumb\":{\"@id\":\"https:\\\/\\\/3d-edu.ch\\\/fr\\\/boutique\\\/solution-de-lavage-ceramique-5l\\\/#breadcrumb\"},\"inLanguage\":\"fr-FR\",\"potentialAction\":[{\"@type\":\"ReadAction\",\"target\":[\"https:\\\/\\\/3d-edu.ch\\\/fr\\\/boutique\\\/solution-de-lavage-ceramique-5l\\\/\"]}]},{\"@type\":\"ImageObject\",\"inLanguage\":\"fr-FR\",\"@id\":\"https:\\\/\\\/3d-edu.ch\\\/fr\\\/boutique\\\/solution-de-lavage-ceramique-5l\\\/#primaryimage\",\"url\":\"https:\\\/\\\/3d-edu.ch\\\/wp-content\\\/uploads\\\/2023\\\/09\\\/formlabs-ceramic-wash-solution-5l.png\",\"contentUrl\":\"https:\\\/\\\/3d-edu.ch\\\/wp-content\\\/uploads\\\/2023\\\/09\\\/formlabs-ceramic-wash-solution-5l.png\",\"width\":600,\"height\":600,\"caption\":\"Solution de lavage c\u00e9ramique Formlabs\"},{\"@type\":\"BreadcrumbList\",\"@id\":\"https:\\\/\\\/3d-edu.ch\\\/fr\\\/boutique\\\/solution-de-lavage-ceramique-5l\\\/#breadcrumb\",\"itemListElement\":[{\"@type\":\"ListItem\",\"position\":1,\"name\":\"Accueil\",\"item\":\"https:\\\/\\\/3d-edu.ch\\\/fr\\\/\"},{\"@type\":\"ListItem\",\"position\":2,\"name\":\"Boutique\",\"item\":\"https:\\\/\\\/3d-edu.ch\\\/fr\\\/boutique\\\/\"},{\"@type\":\"ListItem\",\"position\":3,\"name\":\"Solution de lavage c\u00e9ramique 5L\"}]},{\"@type\":\"WebSite\",\"@id\":\"https:\\\/\\\/3d-edu.ch\\\/fr\\\/#website\",\"url\":\"https:\\\/\\\/3d-edu.ch\\\/fr\\\/\",\"name\":\"3D-EDU GmbH\",\"description\":\"Your Formlabs, UltiMaker and Raise3D Printer Support and Education Site in Switzerland. \\\/\\\/ Ihre Formlabs, UltiMaker and Raise3D Drucker Support und Bildungs Webseite der Schweiz.\",\"publisher\":{\"@id\":\"https:\\\/\\\/3d-edu.ch\\\/fr\\\/#organization\"},\"potentialAction\":[{\"@type\":\"SearchAction\",\"target\":{\"@type\":\"EntryPoint\",\"urlTemplate\":\"https:\\\/\\\/3d-edu.ch\\\/fr\\\/?s={search_term_string}\"},\"query-input\":{\"@type\":\"PropertyValueSpecification\",\"valueRequired\":true,\"valueName\":\"search_term_string\"}}],\"inLanguage\":\"fr-FR\"},{\"@type\":[\"Organization\",\"Place\",\"ElectronicsStore\"],\"@id\":\"https:\\\/\\\/3d-edu.ch\\\/fr\\\/#organization\",\"name\":\"3D-EDU GmbH\",\"url\":\"https:\\\/\\\/3d-edu.ch\\\/fr\\\/\",\"logo\":{\"@id\":\"https:\\\/\\\/3d-edu.ch\\\/fr\\\/boutique\\\/solution-de-lavage-ceramique-5l\\\/#local-main-organization-logo\"},\"image\":{\"@id\":\"https:\\\/\\\/3d-edu.ch\\\/fr\\\/boutique\\\/solution-de-lavage-ceramique-5l\\\/#local-main-organization-logo\"},\"sameAs\":[\"https:\\\/\\\/www.facebook.com\\\/3d-educh-210277586064960\\\/\",\"https:\\\/\\\/x.com\\\/3d_edu_ch\"],\"address\":{\"@id\":\"https:\\\/\\\/3d-edu.ch\\\/fr\\\/boutique\\\/solution-de-lavage-ceramique-5l\\\/#local-main-place-address\"},\"geo\":{\"@type\":\"GeoCoordinates\",\"latitude\":\"47.38413\",\"longitude\":\"8.49812\"},\"telephone\":[\"+41 44 492 11 22\"],\"openingHoursSpecification\":[{\"@type\":\"OpeningHoursSpecification\",\"dayOfWeek\":[\"Monday\",\"Tuesday\",\"Wednesday\",\"Thursday\",\"Friday\"],\"opens\":\"08:30\",\"closes\":\"18:00\"},{\"@type\":\"OpeningHoursSpecification\",\"dayOfWeek\":[\"Saturday\",\"Sunday\"],\"opens\":\"00:00\",\"closes\":\"00:00\"}],\"email\":\"info@3d-edu.ch\",\"faxNumber\":\"+41 44 492 11 23\",\"vatID\":\"CHE-184.499.491 MWST\",\"priceRange\":\"$$$\",\"currenciesAccepted\":\"CHF\"},{\"@type\":\"PostalAddress\",\"@id\":\"https:\\\/\\\/3d-edu.ch\\\/fr\\\/boutique\\\/solution-de-lavage-ceramique-5l\\\/#local-main-place-address\",\"streetAddress\":\"3D-EDU GmbH, Badenerstrasse 556\",\"addressLocality\":\"Z\u00fcrich\",\"postalCode\":\"8048\",\"addressRegion\":\"Z\u00fcrich\",\"addressCountry\":\"CH\"},{\"@type\":\"ImageObject\",\"inLanguage\":\"fr-FR\",\"@id\":\"https:\\\/\\\/3d-edu.ch\\\/fr\\\/boutique\\\/solution-de-lavage-ceramique-5l\\\/#local-main-organization-logo\",\"url\":\"https:\\\/\\\/3d-edu.ch\\\/wp-content\\\/uploads\\\/2018\\\/10\\\/3d-drucker-makerbot-formlabs-professionelle-3d-drucker-e1546527990490.png\",\"contentUrl\":\"https:\\\/\\\/3d-edu.ch\\\/wp-content\\\/uploads\\\/2018\\\/10\\\/3d-drucker-makerbot-formlabs-professionelle-3d-drucker-e1546527990490.png\",\"width\":275,\"height\":80,\"caption\":\"3D-EDU GmbH\"}]}<\/script>\n<meta property=\"product:brand\" content=\"Formlabs\" \/>\n<meta property=\"product:price:amount\" content=\"194.17\" \/>\n<meta property=\"product:price:currency\" content=\"CHF\" \/>\n<meta property=\"og:availability\" content=\"backorder\" \/>\n<meta property=\"product:availability\" content=\"available for order\" \/>\n<meta property=\"product:retailer_item_id\" content=\"SLV-CR-01\" \/>\n<meta property=\"product:condition\" content=\"new\" \/>\n<meta name=\"geo.placename\" content=\"Z\u00fcrich\" \/>\n<meta name=\"geo.position\" content=\"47.38413;8.49812\" \/>\n<meta name=\"geo.region\" content=\"Suisse\" \/>\n<!-- \/ Yoast SEO Premium plugin. -->","yoast_head_json":{"title":"Formlabs Solution de lavage c\u00e9ramique 5L acheter - 3D-EDU GmbH","description":"La solution de lavage Formlabs Ceramic est un liquide de lavage sp\u00e9cial pour le nettoyage de vos pi\u00e8ces en c\u00e9ramique imprim\u00e9es en 3D.","robots":{"index":"index","follow":"follow","max-snippet":"max-snippet:-1","max-image-preview":"max-image-preview:large","max-video-preview":"max-video-preview:-1"},"canonical":"https:\/\/3d-edu.ch\/fr\/boutique\/solution-de-lavage-ceramique-5l\/","og_locale":"fr_FR","og_type":"article","og_title":"Solution de lavage c\u00e9ramique 5L","og_description":"La solution de lavage Formlabs Ceramic est un liquide de lavage sp\u00e9cial pour le nettoyage de vos pi\u00e8ces en c\u00e9ramique imprim\u00e9es en 3D.","og_url":"https:\/\/3d-edu.ch\/fr\/boutique\/solution-de-lavage-ceramique-5l\/","og_site_name":"3D-EDU GmbH","article_publisher":"https:\/\/www.facebook.com\/3d-educh-210277586064960\/","article_modified_time":"2026-04-20T15:10:59+00:00","og_image":[{"url":"https:\/\/dedune53.myhostpoint.ch\/wp-content\/uploads\/2019\/09\/formlabs-form-3-resin-tank.jpg","type":"","width":"","height":""}],"twitter_card":"summary_large_image","twitter_site":"@3d_edu_ch","twitter_misc":{"Prix":"194.17&nbsp;&#67;&#72;&#70; hors TVA","Disponibilit\u00e9":"En r\u00e9assort"},"schema":{"@context":"https:\/\/schema.org","@graph":[{"@type":"WebPage","@id":"https:\/\/3d-edu.ch\/fr\/boutique\/solution-de-lavage-ceramique-5l\/","url":"https:\/\/3d-edu.ch\/fr\/boutique\/solution-de-lavage-ceramique-5l\/","name":"Formlabs Solution de lavage c\u00e9ramique 5L acheter - 3D-EDU GmbH","isPartOf":{"@id":"https:\/\/3d-edu.ch\/fr\/#website"},"primaryImageOfPage":{"@id":"https:\/\/3d-edu.ch\/fr\/boutique\/solution-de-lavage-ceramique-5l\/#primaryimage"},"image":{"@id":"https:\/\/3d-edu.ch\/fr\/boutique\/solution-de-lavage-ceramique-5l\/#primaryimage"},"thumbnailUrl":"https:\/\/3d-edu.ch\/wp-content\/uploads\/2023\/09\/formlabs-ceramic-wash-solution-5l.png","datePublished":"2023-09-15T14:16:38+00:00","dateModified":"2026-04-20T15:10:59+00:00","description":"La solution de lavage Formlabs Ceramic est un liquide de lavage sp\u00e9cial pour le nettoyage de vos pi\u00e8ces en c\u00e9ramique imprim\u00e9es en 3D.","breadcrumb":{"@id":"https:\/\/3d-edu.ch\/fr\/boutique\/solution-de-lavage-ceramique-5l\/#breadcrumb"},"inLanguage":"fr-FR","potentialAction":[{"@type":"ReadAction","target":["https:\/\/3d-edu.ch\/fr\/boutique\/solution-de-lavage-ceramique-5l\/"]}]},{"@type":"ImageObject","inLanguage":"fr-FR","@id":"https:\/\/3d-edu.ch\/fr\/boutique\/solution-de-lavage-ceramique-5l\/#primaryimage","url":"https:\/\/3d-edu.ch\/wp-content\/uploads\/2023\/09\/formlabs-ceramic-wash-solution-5l.png","contentUrl":"https:\/\/3d-edu.ch\/wp-content\/uploads\/2023\/09\/formlabs-ceramic-wash-solution-5l.png","width":600,"height":600,"caption":"Solution de lavage c\u00e9ramique Formlabs"},{"@type":"BreadcrumbList","@id":"https:\/\/3d-edu.ch\/fr\/boutique\/solution-de-lavage-ceramique-5l\/#breadcrumb","itemListElement":[{"@type":"ListItem","position":1,"name":"Accueil","item":"https:\/\/3d-edu.ch\/fr\/"},{"@type":"ListItem","position":2,"name":"Boutique","item":"https:\/\/3d-edu.ch\/fr\/boutique\/"},{"@type":"ListItem","position":3,"name":"Solution de lavage c\u00e9ramique 5L"}]},{"@type":"WebSite","@id":"https:\/\/3d-edu.ch\/fr\/#website","url":"https:\/\/3d-edu.ch\/fr\/","name":"3D-EDU GmbH","description":"Your Formlabs, UltiMaker and Raise3D Printer Support and Education Site in Switzerland. \/\/ Ihre Formlabs, UltiMaker and Raise3D Drucker Support und Bildungs Webseite der Schweiz.","publisher":{"@id":"https:\/\/3d-edu.ch\/fr\/#organization"},"potentialAction":[{"@type":"SearchAction","target":{"@type":"EntryPoint","urlTemplate":"https:\/\/3d-edu.ch\/fr\/?s={search_term_string}"},"query-input":{"@type":"PropertyValueSpecification","valueRequired":true,"valueName":"search_term_string"}}],"inLanguage":"fr-FR"},{"@type":["Organization","Place","ElectronicsStore"],"@id":"https:\/\/3d-edu.ch\/fr\/#organization","name":"3D-EDU GmbH","url":"https:\/\/3d-edu.ch\/fr\/","logo":{"@id":"https:\/\/3d-edu.ch\/fr\/boutique\/solution-de-lavage-ceramique-5l\/#local-main-organization-logo"},"image":{"@id":"https:\/\/3d-edu.ch\/fr\/boutique\/solution-de-lavage-ceramique-5l\/#local-main-organization-logo"},"sameAs":["https:\/\/www.facebook.com\/3d-educh-210277586064960\/","https:\/\/x.com\/3d_edu_ch"],"address":{"@id":"https:\/\/3d-edu.ch\/fr\/boutique\/solution-de-lavage-ceramique-5l\/#local-main-place-address"},"geo":{"@type":"GeoCoordinates","latitude":"47.38413","longitude":"8.49812"},"telephone":["+41 44 492 11 22"],"openingHoursSpecification":[{"@type":"OpeningHoursSpecification","dayOfWeek":["Monday","Tuesday","Wednesday","Thursday","Friday"],"opens":"08:30","closes":"18:00"},{"@type":"OpeningHoursSpecification","dayOfWeek":["Saturday","Sunday"],"opens":"00:00","closes":"00:00"}],"email":"info@3d-edu.ch","faxNumber":"+41 44 492 11 23","vatID":"CHE-184.499.491 MWST","priceRange":"$$$","currenciesAccepted":"CHF"},{"@type":"PostalAddress","@id":"https:\/\/3d-edu.ch\/fr\/boutique\/solution-de-lavage-ceramique-5l\/#local-main-place-address","streetAddress":"3D-EDU GmbH, Badenerstrasse 556","addressLocality":"Z\u00fcrich","postalCode":"8048","addressRegion":"Z\u00fcrich","addressCountry":"CH"},{"@type":"ImageObject","inLanguage":"fr-FR","@id":"https:\/\/3d-edu.ch\/fr\/boutique\/solution-de-lavage-ceramique-5l\/#local-main-organization-logo","url":"https:\/\/3d-edu.ch\/wp-content\/uploads\/2018\/10\/3d-drucker-makerbot-formlabs-professionelle-3d-drucker-e1546527990490.png","contentUrl":"https:\/\/3d-edu.ch\/wp-content\/uploads\/2018\/10\/3d-drucker-makerbot-formlabs-professionelle-3d-drucker-e1546527990490.png","width":275,"height":80,"caption":"3D-EDU GmbH"}]},"product_brand":"Formlabs","product_price_amount":"194.17","product_price_currency":"CHF","og_availability":"backorder","product_availability":"available for order","product_retailer_item_id":"SLV-CR-01","product_condition":"new","geo.placename":"Z\u00fcrich","geo.position":{"lat":"47.38413","long":"8.49812"},"geo.region":"Suisse"},"_links":{"self":[{"href":"https:\/\/3d-edu.ch\/fr\/wp-json\/wp\/v2\/product\/76594","targetHints":{"allow":["GET"]}}],"collection":[{"href":"https:\/\/3d-edu.ch\/fr\/wp-json\/wp\/v2\/product"}],"about":[{"href":"https:\/\/3d-edu.ch\/fr\/wp-json\/wp\/v2\/types\/product"}],"replies":[{"embeddable":true,"href":"https:\/\/3d-edu.ch\/fr\/wp-json\/wp\/v2\/comments?post=76594"}],"wp:featuredmedia":[{"embeddable":true,"href":"https:\/\/3d-edu.ch\/fr\/wp-json\/wp\/v2\/media\/68117"}],"wp:attachment":[{"href":"https:\/\/3d-edu.ch\/fr\/wp-json\/wp\/v2\/media?parent=76594"}],"wp:term":[{"taxonomy":"product_brand","embeddable":true,"href":"https:\/\/3d-edu.ch\/fr\/wp-json\/wp\/v2\/product_brand?post=76594"},{"taxonomy":"product_cat","embeddable":true,"href":"https:\/\/3d-edu.ch\/fr\/wp-json\/wp\/v2\/product_cat?post=76594"},{"taxonomy":"product_tag","embeddable":true,"href":"https:\/\/3d-edu.ch\/fr\/wp-json\/wp\/v2\/product_tag?post=76594"}],"curies":[{"name":"wp","href":"https:\/\/api.w.org\/{rel}","templated":true}]}}