{"id":76593,"date":"2024-02-12T13:56:25","date_gmt":"2024-02-12T13:56:25","guid":{"rendered":"https:\/\/3d-edu.ch\/shop\/filament-ultimaker-pp\/"},"modified":"2026-04-14T16:06:50","modified_gmt":"2026-04-14T14:06:50","slug":"filament-ultimaker-pp","status":"publish","type":"product","link":"https:\/\/3d-edu.ch\/fr\/boutique\/filament-ultimaker-pp\/","title":{"rendered":"Filament Ultimaker PP"},"content":{"rendered":"<h2>Filament Ultimaker PP 2,85 mm 500 g blanc<\/h2>\n<p>Le filament polypropyl\u00e8ne Ultimaker offre une r\u00e9sistance remarquable \u00e0 la chaleur et aux produits chimiques, ainsi qu&rsquo;une durabilit\u00e9 exceptionnelle. Gr\u00e2ce \u00e0 sa stabilit\u00e9 et \u00e0 ses faibles propri\u00e9t\u00e9s de frottement, ce filament est id\u00e9al pour la fabrication de prototypes et de produits finis r\u00e9sistants. Le polypropyl\u00e8ne (PP) est l&rsquo;un des plastiques les plus r\u00e9pandus au monde et est utilis\u00e9 dans une grande vari\u00e9t\u00e9 d&rsquo;applications, des composants \u00e9lectriques aux articulations mobiles.  <\/p>\n","protected":false},"excerpt":{"rendered":"<h1>Filament Ultimaker PP 2,85 mm 500 g blanc<\/h1>\n<h3>Inclus dans la livraison<\/h3>\n<ul>\n<li>1 bobine de filament Ultimaker PP 2,85 mm 500 g blanc<\/li>\n<\/ul>\n<p><strong>Compatibilit\u00e9<\/strong><\/p>\n<p>Ce filament peut \u00eatre utilis\u00e9 par toutes les imprimantes Ultimaker. Cependant, la puce NFC int\u00e9gr\u00e9e ne peut \u00eatre lue que par l&rsquo;Ultimaker 3 et l&rsquo;Ultimaker S-Series. <\/p>\n","protected":false},"featured_media":69439,"comment_status":"closed","ping_status":"closed","template":"","meta":[],"product_brand":[],"product_cat":[],"product_tag":[8693,8866,8313],"class_list":{"0":"post-76593","1":"product","2":"type-product","3":"status-publish","4":"has-post-thumbnail","6":"product_tag-filament","7":"product_tag-pp","8":"product_tag-ultimaker","9":"yith_product_brand-ultimaker","11":"first","12":"outofstock","13":"taxable","14":"shipping-taxable","15":"purchasable","16":"product-type-simple"},"yoast_head":"<!-- This site is optimized with the Yoast SEO Premium plugin v27.5 (Yoast SEO v27.5) - https:\/\/yoast.com\/product\/yoast-seo-premium-wordpress\/ -->\n<title>Filament Ultimaker PP %%page% commander en ligne - %%nom du site<\/title>\n<meta name=\"description\" content=\"Le filament polypropyl\u00e8ne Ultimaker offre une r\u00e9sistance remarquable \u00e0 la chaleur et aux produits chimiques, ainsi qu&#039;une durabilit\u00e9 exceptionnelle. Gr\u00e2ce \u00e0 sa stabilit\u00e9 et \u00e0 ses faibles propri\u00e9t\u00e9s de frottement, ce filament est id\u00e9al pour la fabrication de prototypes et de produits finis r\u00e9sistants. Le polypropyl\u00e8ne (PP) est l&#039;un des plastiques les plus r\u00e9pandus au monde et est utilis\u00e9 dans une grande vari\u00e9t\u00e9 d&#039;applications, des composants \u00e9lectriques aux articulations mobiles.\" \/>\n<meta name=\"robots\" content=\"index, follow, max-snippet:-1, max-image-preview:large, max-video-preview:-1\" \/>\n<link rel=\"canonical\" href=\"https:\/\/3d-edu.ch\/fr\/boutique\/filament-ultimaker-pp\/\" \/>\n<meta property=\"og:locale\" content=\"fr_FR\" \/>\n<meta property=\"og:type\" content=\"article\" \/>\n<meta property=\"og:title\" content=\"Filament Ultimaker PP\" \/>\n<meta property=\"og:description\" content=\"Le filament polypropyl\u00e8ne Ultimaker offre une r\u00e9sistance remarquable \u00e0 la chaleur et aux produits chimiques, ainsi qu&#039;une durabilit\u00e9 exceptionnelle. Gr\u00e2ce \u00e0 sa stabilit\u00e9 et \u00e0 ses faibles propri\u00e9t\u00e9s de frottement, ce filament est id\u00e9al pour la fabrication de prototypes et de produits finis r\u00e9sistants. Le polypropyl\u00e8ne (PP) est l&#039;un des plastiques les plus r\u00e9pandus au monde et est utilis\u00e9 dans une grande vari\u00e9t\u00e9 d&#039;applications, des composants \u00e9lectriques aux articulations mobiles.\" \/>\n<meta property=\"og:url\" content=\"https:\/\/3d-edu.ch\/fr\/boutique\/filament-ultimaker-pp\/\" \/>\n<meta property=\"og:site_name\" content=\"3D-EDU GmbH\" \/>\n<meta property=\"article:publisher\" content=\"https:\/\/www.facebook.com\/3d-educh-210277586064960\/\" \/>\n<meta property=\"article:modified_time\" content=\"2026-04-14T14:06:50+00:00\" \/>\n<meta property=\"og:image\" content=\"https:\/\/3d-edu.ch\/wp-content\/uploads\/2024\/02\/Ultimaker-PP-Material.webp\" \/>\n\t<meta property=\"og:image:width\" content=\"380\" \/>\n\t<meta property=\"og:image:height\" content=\"380\" \/>\n\t<meta property=\"og:image:type\" content=\"image\/webp\" \/>\n<meta name=\"twitter:card\" content=\"summary_large_image\" \/>\n<meta name=\"twitter:site\" content=\"@3d_edu_ch\" \/>\n<meta name=\"twitter:label1\" content=\"Prix\" \/>\n\t<meta name=\"twitter:data1\" content=\"66.83&nbsp;&#067;&#072;&#070; hors TVA\" \/>\n\t<meta name=\"twitter:label2\" content=\"Disponibilit\u00e9\" \/>\n\t<meta name=\"twitter:data2\" content=\"Rupture de stock\" \/>\n<script type=\"application\/ld+json\" class=\"yoast-schema-graph\">{\"@context\":\"https:\\\/\\\/schema.org\",\"@graph\":[{\"@type\":\"WebPage\",\"@id\":\"https:\\\/\\\/3d-edu.ch\\\/fr\\\/boutique\\\/filament-ultimaker-pp\\\/\",\"url\":\"https:\\\/\\\/3d-edu.ch\\\/fr\\\/boutique\\\/filament-ultimaker-pp\\\/\",\"name\":\"Filament Ultimaker PP %%page% commander en ligne - %%nom du site\",\"isPartOf\":{\"@id\":\"https:\\\/\\\/3d-edu.ch\\\/fr\\\/#website\"},\"primaryImageOfPage\":{\"@id\":\"https:\\\/\\\/3d-edu.ch\\\/fr\\\/boutique\\\/filament-ultimaker-pp\\\/#primaryimage\"},\"image\":{\"@id\":\"https:\\\/\\\/3d-edu.ch\\\/fr\\\/boutique\\\/filament-ultimaker-pp\\\/#primaryimage\"},\"thumbnailUrl\":\"https:\\\/\\\/3d-edu.ch\\\/wp-content\\\/uploads\\\/2024\\\/02\\\/Ultimaker-PP-Material.webp\",\"datePublished\":\"2024-02-12T13:56:25+00:00\",\"dateModified\":\"2026-04-14T14:06:50+00:00\",\"description\":\"Le filament polypropyl\u00e8ne Ultimaker offre une r\u00e9sistance remarquable \u00e0 la chaleur et aux produits chimiques, ainsi qu'une durabilit\u00e9 exceptionnelle. Gr\u00e2ce \u00e0 sa stabilit\u00e9 et \u00e0 ses faibles propri\u00e9t\u00e9s de frottement, ce filament est id\u00e9al pour la fabrication de prototypes et de produits finis r\u00e9sistants. Le polypropyl\u00e8ne (PP) est l'un des plastiques les plus r\u00e9pandus au monde et est utilis\u00e9 dans une grande vari\u00e9t\u00e9 d'applications, des composants \u00e9lectriques aux articulations mobiles.\",\"breadcrumb\":{\"@id\":\"https:\\\/\\\/3d-edu.ch\\\/fr\\\/boutique\\\/filament-ultimaker-pp\\\/#breadcrumb\"},\"inLanguage\":\"fr-FR\",\"potentialAction\":[{\"@type\":\"ReadAction\",\"target\":[\"https:\\\/\\\/3d-edu.ch\\\/fr\\\/boutique\\\/filament-ultimaker-pp\\\/\"]}]},{\"@type\":\"ImageObject\",\"inLanguage\":\"fr-FR\",\"@id\":\"https:\\\/\\\/3d-edu.ch\\\/fr\\\/boutique\\\/filament-ultimaker-pp\\\/#primaryimage\",\"url\":\"https:\\\/\\\/3d-edu.ch\\\/wp-content\\\/uploads\\\/2024\\\/02\\\/Ultimaker-PP-Material.webp\",\"contentUrl\":\"https:\\\/\\\/3d-edu.ch\\\/wp-content\\\/uploads\\\/2024\\\/02\\\/Ultimaker-PP-Material.webp\",\"width\":380,\"height\":380,\"caption\":\"Mat\u00e9riau UltiMaker PP\"},{\"@type\":\"BreadcrumbList\",\"@id\":\"https:\\\/\\\/3d-edu.ch\\\/fr\\\/boutique\\\/filament-ultimaker-pp\\\/#breadcrumb\",\"itemListElement\":[{\"@type\":\"ListItem\",\"position\":1,\"name\":\"Accueil\",\"item\":\"https:\\\/\\\/3d-edu.ch\\\/fr\\\/\"},{\"@type\":\"ListItem\",\"position\":2,\"name\":\"Boutique\",\"item\":\"https:\\\/\\\/3d-edu.ch\\\/fr\\\/boutique\\\/\"},{\"@type\":\"ListItem\",\"position\":3,\"name\":\"Filament Ultimaker PP\"}]},{\"@type\":\"WebSite\",\"@id\":\"https:\\\/\\\/3d-edu.ch\\\/fr\\\/#website\",\"url\":\"https:\\\/\\\/3d-edu.ch\\\/fr\\\/\",\"name\":\"3D-EDU GmbH\",\"description\":\"Your Formlabs, UltiMaker and Raise3D Printer Support and Education Site in Switzerland. \\\/\\\/ Ihre Formlabs, UltiMaker and Raise3D Drucker Support und Bildungs Webseite der Schweiz.\",\"publisher\":{\"@id\":\"https:\\\/\\\/3d-edu.ch\\\/fr\\\/#organization\"},\"potentialAction\":[{\"@type\":\"SearchAction\",\"target\":{\"@type\":\"EntryPoint\",\"urlTemplate\":\"https:\\\/\\\/3d-edu.ch\\\/fr\\\/?s={search_term_string}\"},\"query-input\":{\"@type\":\"PropertyValueSpecification\",\"valueRequired\":true,\"valueName\":\"search_term_string\"}}],\"inLanguage\":\"fr-FR\"},{\"@type\":[\"Organization\",\"Place\",\"ElectronicsStore\"],\"@id\":\"https:\\\/\\\/3d-edu.ch\\\/fr\\\/#organization\",\"name\":\"3D-EDU GmbH\",\"url\":\"https:\\\/\\\/3d-edu.ch\\\/fr\\\/\",\"logo\":{\"@id\":\"https:\\\/\\\/3d-edu.ch\\\/fr\\\/boutique\\\/filament-ultimaker-pp\\\/#local-main-organization-logo\"},\"image\":{\"@id\":\"https:\\\/\\\/3d-edu.ch\\\/fr\\\/boutique\\\/filament-ultimaker-pp\\\/#local-main-organization-logo\"},\"sameAs\":[\"https:\\\/\\\/www.facebook.com\\\/3d-educh-210277586064960\\\/\",\"https:\\\/\\\/x.com\\\/3d_edu_ch\"],\"address\":{\"@id\":\"https:\\\/\\\/3d-edu.ch\\\/fr\\\/boutique\\\/filament-ultimaker-pp\\\/#local-main-place-address\"},\"geo\":{\"@type\":\"GeoCoordinates\",\"latitude\":\"47.38413\",\"longitude\":\"8.49812\"},\"telephone\":[\"+41 44 492 11 22\"],\"openingHoursSpecification\":[{\"@type\":\"OpeningHoursSpecification\",\"dayOfWeek\":[\"Monday\",\"Tuesday\",\"Wednesday\",\"Thursday\",\"Friday\"],\"opens\":\"08:30\",\"closes\":\"18:00\"},{\"@type\":\"OpeningHoursSpecification\",\"dayOfWeek\":[\"Saturday\",\"Sunday\"],\"opens\":\"00:00\",\"closes\":\"00:00\"}],\"email\":\"info@3d-edu.ch\",\"faxNumber\":\"+41 44 492 11 23\",\"vatID\":\"CHE-184.499.491 MWST\",\"priceRange\":\"$$$\",\"currenciesAccepted\":\"CHF\"},{\"@type\":\"PostalAddress\",\"@id\":\"https:\\\/\\\/3d-edu.ch\\\/fr\\\/boutique\\\/filament-ultimaker-pp\\\/#local-main-place-address\",\"streetAddress\":\"3D-EDU GmbH, Badenerstrasse 556\",\"addressLocality\":\"Z\u00fcrich\",\"postalCode\":\"8048\",\"addressRegion\":\"Z\u00fcrich\",\"addressCountry\":\"CH\"},{\"@type\":\"ImageObject\",\"inLanguage\":\"fr-FR\",\"@id\":\"https:\\\/\\\/3d-edu.ch\\\/fr\\\/boutique\\\/filament-ultimaker-pp\\\/#local-main-organization-logo\",\"url\":\"https:\\\/\\\/3d-edu.ch\\\/wp-content\\\/uploads\\\/2018\\\/10\\\/3d-drucker-makerbot-formlabs-professionelle-3d-drucker-e1546527990490.png\",\"contentUrl\":\"https:\\\/\\\/3d-edu.ch\\\/wp-content\\\/uploads\\\/2018\\\/10\\\/3d-drucker-makerbot-formlabs-professionelle-3d-drucker-e1546527990490.png\",\"width\":275,\"height\":80,\"caption\":\"3D-EDU GmbH\"}]}<\/script>\n<meta property=\"product:price:amount\" content=\"66.83\" \/>\n<meta property=\"product:price:currency\" content=\"CHF\" \/>\n<meta property=\"og:availability\" content=\"out of stock\" \/>\n<meta property=\"product:availability\" content=\"out of stock\" \/>\n<meta property=\"product:retailer_item_id\" content=\"8718836375002\" \/>\n<meta property=\"product:condition\" content=\"new\" \/>\n<meta name=\"geo.placename\" content=\"Z\u00fcrich\" \/>\n<meta name=\"geo.position\" content=\"47.38413;8.49812\" \/>\n<meta name=\"geo.region\" content=\"Suisse\" \/>\n<!-- \/ Yoast SEO Premium plugin. -->","yoast_head_json":{"title":"Filament Ultimaker PP %%page% commander en ligne - %%nom du site","description":"Le filament polypropyl\u00e8ne Ultimaker offre une r\u00e9sistance remarquable \u00e0 la chaleur et aux produits chimiques, ainsi qu'une durabilit\u00e9 exceptionnelle. Gr\u00e2ce \u00e0 sa stabilit\u00e9 et \u00e0 ses faibles propri\u00e9t\u00e9s de frottement, ce filament est id\u00e9al pour la fabrication de prototypes et de produits finis r\u00e9sistants. Le polypropyl\u00e8ne (PP) est l'un des plastiques les plus r\u00e9pandus au monde et est utilis\u00e9 dans une grande vari\u00e9t\u00e9 d'applications, des composants \u00e9lectriques aux articulations mobiles.","robots":{"index":"index","follow":"follow","max-snippet":"max-snippet:-1","max-image-preview":"max-image-preview:large","max-video-preview":"max-video-preview:-1"},"canonical":"https:\/\/3d-edu.ch\/fr\/boutique\/filament-ultimaker-pp\/","og_locale":"fr_FR","og_type":"article","og_title":"Filament Ultimaker PP","og_description":"Le filament polypropyl\u00e8ne Ultimaker offre une r\u00e9sistance remarquable \u00e0 la chaleur et aux produits chimiques, ainsi qu'une durabilit\u00e9 exceptionnelle. Gr\u00e2ce \u00e0 sa stabilit\u00e9 et \u00e0 ses faibles propri\u00e9t\u00e9s de frottement, ce filament est id\u00e9al pour la fabrication de prototypes et de produits finis r\u00e9sistants. Le polypropyl\u00e8ne (PP) est l'un des plastiques les plus r\u00e9pandus au monde et est utilis\u00e9 dans une grande vari\u00e9t\u00e9 d'applications, des composants \u00e9lectriques aux articulations mobiles.","og_url":"https:\/\/3d-edu.ch\/fr\/boutique\/filament-ultimaker-pp\/","og_site_name":"3D-EDU GmbH","article_publisher":"https:\/\/www.facebook.com\/3d-educh-210277586064960\/","article_modified_time":"2026-04-14T14:06:50+00:00","og_image":[{"width":380,"height":380,"url":"https:\/\/3d-edu.ch\/wp-content\/uploads\/2024\/02\/Ultimaker-PP-Material.webp","type":"image\/webp"}],"twitter_card":"summary_large_image","twitter_site":"@3d_edu_ch","twitter_misc":{"Prix":"66.83&nbsp;&#67;&#72;&#70; hors TVA","Disponibilit\u00e9":"Rupture de stock"},"schema":{"@context":"https:\/\/schema.org","@graph":[{"@type":"WebPage","@id":"https:\/\/3d-edu.ch\/fr\/boutique\/filament-ultimaker-pp\/","url":"https:\/\/3d-edu.ch\/fr\/boutique\/filament-ultimaker-pp\/","name":"Filament Ultimaker PP %%page% commander en ligne - %%nom du site","isPartOf":{"@id":"https:\/\/3d-edu.ch\/fr\/#website"},"primaryImageOfPage":{"@id":"https:\/\/3d-edu.ch\/fr\/boutique\/filament-ultimaker-pp\/#primaryimage"},"image":{"@id":"https:\/\/3d-edu.ch\/fr\/boutique\/filament-ultimaker-pp\/#primaryimage"},"thumbnailUrl":"https:\/\/3d-edu.ch\/wp-content\/uploads\/2024\/02\/Ultimaker-PP-Material.webp","datePublished":"2024-02-12T13:56:25+00:00","dateModified":"2026-04-14T14:06:50+00:00","description":"Le filament polypropyl\u00e8ne Ultimaker offre une r\u00e9sistance remarquable \u00e0 la chaleur et aux produits chimiques, ainsi qu'une durabilit\u00e9 exceptionnelle. Gr\u00e2ce \u00e0 sa stabilit\u00e9 et \u00e0 ses faibles propri\u00e9t\u00e9s de frottement, ce filament est id\u00e9al pour la fabrication de prototypes et de produits finis r\u00e9sistants. Le polypropyl\u00e8ne (PP) est l'un des plastiques les plus r\u00e9pandus au monde et est utilis\u00e9 dans une grande vari\u00e9t\u00e9 d'applications, des composants \u00e9lectriques aux articulations mobiles.","breadcrumb":{"@id":"https:\/\/3d-edu.ch\/fr\/boutique\/filament-ultimaker-pp\/#breadcrumb"},"inLanguage":"fr-FR","potentialAction":[{"@type":"ReadAction","target":["https:\/\/3d-edu.ch\/fr\/boutique\/filament-ultimaker-pp\/"]}]},{"@type":"ImageObject","inLanguage":"fr-FR","@id":"https:\/\/3d-edu.ch\/fr\/boutique\/filament-ultimaker-pp\/#primaryimage","url":"https:\/\/3d-edu.ch\/wp-content\/uploads\/2024\/02\/Ultimaker-PP-Material.webp","contentUrl":"https:\/\/3d-edu.ch\/wp-content\/uploads\/2024\/02\/Ultimaker-PP-Material.webp","width":380,"height":380,"caption":"Mat\u00e9riau UltiMaker PP"},{"@type":"BreadcrumbList","@id":"https:\/\/3d-edu.ch\/fr\/boutique\/filament-ultimaker-pp\/#breadcrumb","itemListElement":[{"@type":"ListItem","position":1,"name":"Accueil","item":"https:\/\/3d-edu.ch\/fr\/"},{"@type":"ListItem","position":2,"name":"Boutique","item":"https:\/\/3d-edu.ch\/fr\/boutique\/"},{"@type":"ListItem","position":3,"name":"Filament Ultimaker PP"}]},{"@type":"WebSite","@id":"https:\/\/3d-edu.ch\/fr\/#website","url":"https:\/\/3d-edu.ch\/fr\/","name":"3D-EDU GmbH","description":"Your Formlabs, UltiMaker and Raise3D Printer Support and Education Site in Switzerland. \/\/ Ihre Formlabs, UltiMaker and Raise3D Drucker Support und Bildungs Webseite der Schweiz.","publisher":{"@id":"https:\/\/3d-edu.ch\/fr\/#organization"},"potentialAction":[{"@type":"SearchAction","target":{"@type":"EntryPoint","urlTemplate":"https:\/\/3d-edu.ch\/fr\/?s={search_term_string}"},"query-input":{"@type":"PropertyValueSpecification","valueRequired":true,"valueName":"search_term_string"}}],"inLanguage":"fr-FR"},{"@type":["Organization","Place","ElectronicsStore"],"@id":"https:\/\/3d-edu.ch\/fr\/#organization","name":"3D-EDU GmbH","url":"https:\/\/3d-edu.ch\/fr\/","logo":{"@id":"https:\/\/3d-edu.ch\/fr\/boutique\/filament-ultimaker-pp\/#local-main-organization-logo"},"image":{"@id":"https:\/\/3d-edu.ch\/fr\/boutique\/filament-ultimaker-pp\/#local-main-organization-logo"},"sameAs":["https:\/\/www.facebook.com\/3d-educh-210277586064960\/","https:\/\/x.com\/3d_edu_ch"],"address":{"@id":"https:\/\/3d-edu.ch\/fr\/boutique\/filament-ultimaker-pp\/#local-main-place-address"},"geo":{"@type":"GeoCoordinates","latitude":"47.38413","longitude":"8.49812"},"telephone":["+41 44 492 11 22"],"openingHoursSpecification":[{"@type":"OpeningHoursSpecification","dayOfWeek":["Monday","Tuesday","Wednesday","Thursday","Friday"],"opens":"08:30","closes":"18:00"},{"@type":"OpeningHoursSpecification","dayOfWeek":["Saturday","Sunday"],"opens":"00:00","closes":"00:00"}],"email":"info@3d-edu.ch","faxNumber":"+41 44 492 11 23","vatID":"CHE-184.499.491 MWST","priceRange":"$$$","currenciesAccepted":"CHF"},{"@type":"PostalAddress","@id":"https:\/\/3d-edu.ch\/fr\/boutique\/filament-ultimaker-pp\/#local-main-place-address","streetAddress":"3D-EDU GmbH, Badenerstrasse 556","addressLocality":"Z\u00fcrich","postalCode":"8048","addressRegion":"Z\u00fcrich","addressCountry":"CH"},{"@type":"ImageObject","inLanguage":"fr-FR","@id":"https:\/\/3d-edu.ch\/fr\/boutique\/filament-ultimaker-pp\/#local-main-organization-logo","url":"https:\/\/3d-edu.ch\/wp-content\/uploads\/2018\/10\/3d-drucker-makerbot-formlabs-professionelle-3d-drucker-e1546527990490.png","contentUrl":"https:\/\/3d-edu.ch\/wp-content\/uploads\/2018\/10\/3d-drucker-makerbot-formlabs-professionelle-3d-drucker-e1546527990490.png","width":275,"height":80,"caption":"3D-EDU GmbH"}]},"product_price_amount":"66.83","product_price_currency":"CHF","og_availability":"out of stock","product_availability":"out of stock","product_retailer_item_id":"8718836375002","product_condition":"new","geo.placename":"Z\u00fcrich","geo.position":{"lat":"47.38413","long":"8.49812"},"geo.region":"Suisse"},"_links":{"self":[{"href":"https:\/\/3d-edu.ch\/fr\/wp-json\/wp\/v2\/product\/76593","targetHints":{"allow":["GET"]}}],"collection":[{"href":"https:\/\/3d-edu.ch\/fr\/wp-json\/wp\/v2\/product"}],"about":[{"href":"https:\/\/3d-edu.ch\/fr\/wp-json\/wp\/v2\/types\/product"}],"replies":[{"embeddable":true,"href":"https:\/\/3d-edu.ch\/fr\/wp-json\/wp\/v2\/comments?post=76593"}],"wp:featuredmedia":[{"embeddable":true,"href":"https:\/\/3d-edu.ch\/fr\/wp-json\/wp\/v2\/media\/69439"}],"wp:attachment":[{"href":"https:\/\/3d-edu.ch\/fr\/wp-json\/wp\/v2\/media?parent=76593"}],"wp:term":[{"taxonomy":"product_brand","embeddable":true,"href":"https:\/\/3d-edu.ch\/fr\/wp-json\/wp\/v2\/product_brand?post=76593"},{"taxonomy":"product_cat","embeddable":true,"href":"https:\/\/3d-edu.ch\/fr\/wp-json\/wp\/v2\/product_cat?post=76593"},{"taxonomy":"product_tag","embeddable":true,"href":"https:\/\/3d-edu.ch\/fr\/wp-json\/wp\/v2\/product_tag?post=76593"}],"curies":[{"name":"wp","href":"https:\/\/api.w.org\/{rel}","templated":true}]}}