{"id":76567,"date":"2024-02-12T14:22:32","date_gmt":"2024-02-12T14:22:32","guid":{"rendered":"https:\/\/3d-edu.ch\/shop\/materiau-de-support-ultimaker-breakaway\/"},"modified":"2026-05-14T05:23:11","modified_gmt":"2026-05-14T03:23:11","slug":"materiau-de-support-ultimaker-breakaway","status":"publish","type":"product","link":"https:\/\/3d-edu.ch\/fr\/boutique\/materiau-de-support-ultimaker-breakaway\/","title":{"rendered":"Mat\u00e9riau de support Ultimaker Breakaway"},"content":{"rendered":"<h2>Filament support Ultimaker Breakaway 750g 2,85 mm<\/h2>\n<p>Le filament de support UltiMaker Breakaway s&rsquo;enl\u00e8ve rapidement et ne n\u00e9cessite pas de finition suppl\u00e9mentaire pour obtenir une surface lisse sur votre impression 3D. Con\u00e7u pour une exp\u00e9rience d&rsquo;impression 3D fluide, Breakaway offre une bonne adh\u00e9rence \u00e0 l&rsquo;ABS, au PLA, au nylon, au CPE ou au CPE+. <\/p>\n<ul>\n<li>Pas besoin de poncer ou d&rsquo;attendre que le support se dissolve. Il suffit d&rsquo;imprimer et d&rsquo;annuler. <\/li>\n<li>Garantit une surface lisse \u00e0 votre impression<\/li>\n<li>Excellents r\u00e9sultats en combinaison avec l&rsquo;ABS, le PLA, le nylon, le CPE ou le CPE+.<\/li>\n<li>Longue dur\u00e9e de vie et moins de sensibilit\u00e9 \u00e0 l&rsquo;humidit\u00e9 par rapport aux supports hydrosolubles comme le PVA.<\/li>\n<li>Ultimaker 3, Ultimaker 3 Extended et Ultimaker s\u00e9rie S peuvent lire le mat\u00e9riau avec tous ses param\u00e8tres gr\u00e2ce \u00e0 la puce NFC.<\/li>\n<\/ul>\n","protected":false},"excerpt":{"rendered":"<h1>Filament support Ultimaker Breakaway 750g 2,85 mm<\/h1>\n<h3>Inclus dans la livraison<\/h3>\n<ul>\n<li>1 bobine de filament support Ultimaker Breakaway 750g 2,85 mm<\/li>\n<\/ul>\n<p><strong>Compatibilit\u00e9<\/strong><\/p>\n<p>Ultimaker 3, Ultimaker 3 Extended et Ultimaker S5.<\/p>\n","protected":false},"featured_media":70675,"comment_status":"closed","ping_status":"closed","template":"","meta":[],"product_brand":[],"product_cat":[10395,10331,10332,10326],"product_tag":[8820,8693,8819,8313],"class_list":{"0":"post-76567","1":"product","2":"type-product","3":"status-publish","4":"has-post-thumbnail","6":"product_cat-filament-de-support","7":"product_cat-filaments","8":"product_cat-serie-s-materiaux","9":"product_cat-ultimaker","10":"product_tag-breakaway","11":"product_tag-filament","12":"product_tag-support","13":"product_tag-ultimaker","14":"yith_product_brand-ultimaker","16":"first","17":"instock","18":"taxable","19":"shipping-taxable","20":"purchasable","21":"product-type-simple"},"yoast_head":"<!-- This site is optimized with the Yoast SEO Premium plugin v27.5 (Yoast SEO v27.5) - https:\/\/yoast.com\/product\/yoast-seo-premium-wordpress\/ -->\n<title>Mat\u00e9riau de support Ultimaker Breakaway %%page% commander en ligne - %%nom du site<\/title>\n<meta name=\"description\" content=\"Le filament de support UltiMaker Breakaway s&#039;enl\u00e8ve rapidement et ne n\u00e9cessite pas de finition suppl\u00e9mentaire pour obtenir une surface lisse sur votre impression 3D. Con\u00e7u pour une exp\u00e9rience d&#039;impression 3D fluide, Breakaway offre une bonne adh\u00e9rence \u00e0 l&#039;ABS, au PLA, au nylon, au CPE ou au CPE+.\" \/>\n<meta name=\"robots\" content=\"index, follow, max-snippet:-1, max-image-preview:large, max-video-preview:-1\" \/>\n<link rel=\"canonical\" href=\"https:\/\/3d-edu.ch\/fr\/boutique\/materiau-de-support-ultimaker-breakaway\/\" \/>\n<meta property=\"og:locale\" content=\"fr_FR\" \/>\n<meta property=\"og:type\" content=\"article\" \/>\n<meta property=\"og:title\" content=\"Mat\u00e9riau de support Ultimaker Breakaway\" \/>\n<meta property=\"og:description\" content=\"Le filament de support UltiMaker Breakaway s&#039;enl\u00e8ve rapidement et ne n\u00e9cessite pas de finition suppl\u00e9mentaire pour obtenir une surface lisse sur votre impression 3D. Con\u00e7u pour une exp\u00e9rience d&#039;impression 3D fluide, Breakaway offre une bonne adh\u00e9rence \u00e0 l&#039;ABS, au PLA, au nylon, au CPE ou au CPE+.\" \/>\n<meta property=\"og:url\" content=\"https:\/\/3d-edu.ch\/fr\/boutique\/materiau-de-support-ultimaker-breakaway\/\" \/>\n<meta property=\"og:site_name\" content=\"3D-EDU GmbH\" \/>\n<meta property=\"article:publisher\" content=\"https:\/\/www.facebook.com\/3d-educh-210277586064960\/\" \/>\n<meta property=\"article:modified_time\" content=\"2026-05-14T03:23:11+00:00\" \/>\n<meta property=\"og:image\" content=\"https:\/\/3d-edu.ch\/wp-content\/uploads\/2024\/02\/Ultimaker-Breakaway-Material.jpg\" \/>\n\t<meta property=\"og:image:width\" content=\"380\" \/>\n\t<meta property=\"og:image:height\" content=\"380\" \/>\n\t<meta property=\"og:image:type\" content=\"image\/jpeg\" \/>\n<meta name=\"twitter:card\" content=\"summary_large_image\" \/>\n<meta name=\"twitter:site\" content=\"@3d_edu_ch\" \/>\n<meta name=\"twitter:label1\" content=\"Prix\" \/>\n\t<meta name=\"twitter:data1\" content=\"55.45&nbsp;&#067;&#072;&#070; hors TVA\" \/>\n\t<meta name=\"twitter:label2\" content=\"Disponibilit\u00e9\" \/>\n\t<meta name=\"twitter:data2\" content=\"En stock\" \/>\n<script type=\"application\/ld+json\" class=\"yoast-schema-graph\">{\"@context\":\"https:\\\/\\\/schema.org\",\"@graph\":[{\"@type\":\"WebPage\",\"@id\":\"https:\\\/\\\/3d-edu.ch\\\/fr\\\/boutique\\\/materiau-de-support-ultimaker-breakaway\\\/\",\"url\":\"https:\\\/\\\/3d-edu.ch\\\/fr\\\/boutique\\\/materiau-de-support-ultimaker-breakaway\\\/\",\"name\":\"Mat\u00e9riau de support Ultimaker Breakaway %%page% commander en ligne - %%nom du site\",\"isPartOf\":{\"@id\":\"https:\\\/\\\/3d-edu.ch\\\/fr\\\/#website\"},\"primaryImageOfPage\":{\"@id\":\"https:\\\/\\\/3d-edu.ch\\\/fr\\\/boutique\\\/materiau-de-support-ultimaker-breakaway\\\/#primaryimage\"},\"image\":{\"@id\":\"https:\\\/\\\/3d-edu.ch\\\/fr\\\/boutique\\\/materiau-de-support-ultimaker-breakaway\\\/#primaryimage\"},\"thumbnailUrl\":\"https:\\\/\\\/3d-edu.ch\\\/wp-content\\\/uploads\\\/2024\\\/02\\\/Ultimaker-Breakaway-Material.jpg\",\"datePublished\":\"2024-02-12T14:22:32+00:00\",\"dateModified\":\"2026-05-14T03:23:11+00:00\",\"description\":\"Le filament de support UltiMaker Breakaway s'enl\u00e8ve rapidement et ne n\u00e9cessite pas de finition suppl\u00e9mentaire pour obtenir une surface lisse sur votre impression 3D. Con\u00e7u pour une exp\u00e9rience d'impression 3D fluide, Breakaway offre une bonne adh\u00e9rence \u00e0 l'ABS, au PLA, au nylon, au CPE ou au CPE+.\",\"breadcrumb\":{\"@id\":\"https:\\\/\\\/3d-edu.ch\\\/fr\\\/boutique\\\/materiau-de-support-ultimaker-breakaway\\\/#breadcrumb\"},\"inLanguage\":\"fr-FR\",\"potentialAction\":[{\"@type\":\"ReadAction\",\"target\":[\"https:\\\/\\\/3d-edu.ch\\\/fr\\\/boutique\\\/materiau-de-support-ultimaker-breakaway\\\/\"]}]},{\"@type\":\"ImageObject\",\"inLanguage\":\"fr-FR\",\"@id\":\"https:\\\/\\\/3d-edu.ch\\\/fr\\\/boutique\\\/materiau-de-support-ultimaker-breakaway\\\/#primaryimage\",\"url\":\"https:\\\/\\\/3d-edu.ch\\\/wp-content\\\/uploads\\\/2024\\\/02\\\/Ultimaker-Breakaway-Material.jpg\",\"contentUrl\":\"https:\\\/\\\/3d-edu.ch\\\/wp-content\\\/uploads\\\/2024\\\/02\\\/Ultimaker-Breakaway-Material.jpg\",\"width\":380,\"height\":380,\"caption\":\"Mat\u00e9riau Ultimaker Breakaway\"},{\"@type\":\"BreadcrumbList\",\"@id\":\"https:\\\/\\\/3d-edu.ch\\\/fr\\\/boutique\\\/materiau-de-support-ultimaker-breakaway\\\/#breadcrumb\",\"itemListElement\":[{\"@type\":\"ListItem\",\"position\":1,\"name\":\"Accueil\",\"item\":\"https:\\\/\\\/3d-edu.ch\\\/fr\\\/\"},{\"@type\":\"ListItem\",\"position\":2,\"name\":\"Boutique\",\"item\":\"https:\\\/\\\/3d-edu.ch\\\/fr\\\/boutique\\\/\"},{\"@type\":\"ListItem\",\"position\":3,\"name\":\"Mat\u00e9riau de support Ultimaker Breakaway\"}]},{\"@type\":\"WebSite\",\"@id\":\"https:\\\/\\\/3d-edu.ch\\\/fr\\\/#website\",\"url\":\"https:\\\/\\\/3d-edu.ch\\\/fr\\\/\",\"name\":\"3D-EDU GmbH\",\"description\":\"Your Formlabs, UltiMaker and Raise3D Printer Support and Education Site in Switzerland. \\\/\\\/ Ihre Formlabs, UltiMaker and Raise3D Drucker Support und Bildungs Webseite der Schweiz.\",\"publisher\":{\"@id\":\"https:\\\/\\\/3d-edu.ch\\\/fr\\\/#organization\"},\"potentialAction\":[{\"@type\":\"SearchAction\",\"target\":{\"@type\":\"EntryPoint\",\"urlTemplate\":\"https:\\\/\\\/3d-edu.ch\\\/fr\\\/?s={search_term_string}\"},\"query-input\":{\"@type\":\"PropertyValueSpecification\",\"valueRequired\":true,\"valueName\":\"search_term_string\"}}],\"inLanguage\":\"fr-FR\"},{\"@type\":[\"Organization\",\"Place\",\"ElectronicsStore\"],\"@id\":\"https:\\\/\\\/3d-edu.ch\\\/fr\\\/#organization\",\"name\":\"3D-EDU GmbH\",\"url\":\"https:\\\/\\\/3d-edu.ch\\\/fr\\\/\",\"logo\":{\"@id\":\"https:\\\/\\\/3d-edu.ch\\\/fr\\\/boutique\\\/materiau-de-support-ultimaker-breakaway\\\/#local-main-organization-logo\"},\"image\":{\"@id\":\"https:\\\/\\\/3d-edu.ch\\\/fr\\\/boutique\\\/materiau-de-support-ultimaker-breakaway\\\/#local-main-organization-logo\"},\"sameAs\":[\"https:\\\/\\\/www.facebook.com\\\/3d-educh-210277586064960\\\/\",\"https:\\\/\\\/x.com\\\/3d_edu_ch\"],\"address\":{\"@id\":\"https:\\\/\\\/3d-edu.ch\\\/fr\\\/boutique\\\/materiau-de-support-ultimaker-breakaway\\\/#local-main-place-address\"},\"geo\":{\"@type\":\"GeoCoordinates\",\"latitude\":\"47.38413\",\"longitude\":\"8.49812\"},\"telephone\":[\"+41 44 492 11 22\"],\"openingHoursSpecification\":[{\"@type\":\"OpeningHoursSpecification\",\"dayOfWeek\":[\"Monday\",\"Tuesday\",\"Wednesday\",\"Thursday\",\"Friday\"],\"opens\":\"08:30\",\"closes\":\"18:00\"},{\"@type\":\"OpeningHoursSpecification\",\"dayOfWeek\":[\"Saturday\",\"Sunday\"],\"opens\":\"00:00\",\"closes\":\"00:00\"}],\"email\":\"info@3d-edu.ch\",\"faxNumber\":\"+41 44 492 11 23\",\"vatID\":\"CHE-184.499.491 MWST\",\"priceRange\":\"$$$\",\"currenciesAccepted\":\"CHF\"},{\"@type\":\"PostalAddress\",\"@id\":\"https:\\\/\\\/3d-edu.ch\\\/fr\\\/boutique\\\/materiau-de-support-ultimaker-breakaway\\\/#local-main-place-address\",\"streetAddress\":\"3D-EDU GmbH, Badenerstrasse 556\",\"addressLocality\":\"Z\u00fcrich\",\"postalCode\":\"8048\",\"addressRegion\":\"Z\u00fcrich\",\"addressCountry\":\"CH\"},{\"@type\":\"ImageObject\",\"inLanguage\":\"fr-FR\",\"@id\":\"https:\\\/\\\/3d-edu.ch\\\/fr\\\/boutique\\\/materiau-de-support-ultimaker-breakaway\\\/#local-main-organization-logo\",\"url\":\"https:\\\/\\\/3d-edu.ch\\\/wp-content\\\/uploads\\\/2018\\\/10\\\/3d-drucker-makerbot-formlabs-professionelle-3d-drucker-e1546527990490.png\",\"contentUrl\":\"https:\\\/\\\/3d-edu.ch\\\/wp-content\\\/uploads\\\/2018\\\/10\\\/3d-drucker-makerbot-formlabs-professionelle-3d-drucker-e1546527990490.png\",\"width\":275,\"height\":80,\"caption\":\"3D-EDU GmbH\"}]}<\/script>\n<meta property=\"product:brand\" content=\"Filament de support\" \/>\n<meta property=\"product:price:amount\" content=\"55.45\" \/>\n<meta property=\"product:price:currency\" content=\"CHF\" \/>\n<meta property=\"og:availability\" content=\"instock\" \/>\n<meta property=\"product:availability\" content=\"instock\" \/>\n<meta property=\"product:retailer_item_id\" content=\"FIUM-BAM0-WH0\" \/>\n<meta property=\"product:condition\" content=\"new\" \/>\n<meta name=\"geo.placename\" content=\"Z\u00fcrich\" \/>\n<meta name=\"geo.position\" content=\"47.38413;8.49812\" \/>\n<meta name=\"geo.region\" content=\"Suisse\" \/>\n<!-- \/ Yoast SEO Premium plugin. -->","yoast_head_json":{"title":"Mat\u00e9riau de support Ultimaker Breakaway %%page% commander en ligne - %%nom du site","description":"Le filament de support UltiMaker Breakaway s'enl\u00e8ve rapidement et ne n\u00e9cessite pas de finition suppl\u00e9mentaire pour obtenir une surface lisse sur votre impression 3D. Con\u00e7u pour une exp\u00e9rience d'impression 3D fluide, Breakaway offre une bonne adh\u00e9rence \u00e0 l'ABS, au PLA, au nylon, au CPE ou au CPE+.","robots":{"index":"index","follow":"follow","max-snippet":"max-snippet:-1","max-image-preview":"max-image-preview:large","max-video-preview":"max-video-preview:-1"},"canonical":"https:\/\/3d-edu.ch\/fr\/boutique\/materiau-de-support-ultimaker-breakaway\/","og_locale":"fr_FR","og_type":"article","og_title":"Mat\u00e9riau de support Ultimaker Breakaway","og_description":"Le filament de support UltiMaker Breakaway s'enl\u00e8ve rapidement et ne n\u00e9cessite pas de finition suppl\u00e9mentaire pour obtenir une surface lisse sur votre impression 3D. Con\u00e7u pour une exp\u00e9rience d'impression 3D fluide, Breakaway offre une bonne adh\u00e9rence \u00e0 l'ABS, au PLA, au nylon, au CPE ou au CPE+.","og_url":"https:\/\/3d-edu.ch\/fr\/boutique\/materiau-de-support-ultimaker-breakaway\/","og_site_name":"3D-EDU GmbH","article_publisher":"https:\/\/www.facebook.com\/3d-educh-210277586064960\/","article_modified_time":"2026-05-14T03:23:11+00:00","og_image":[{"width":380,"height":380,"url":"https:\/\/3d-edu.ch\/wp-content\/uploads\/2024\/02\/Ultimaker-Breakaway-Material.jpg","type":"image\/jpeg"}],"twitter_card":"summary_large_image","twitter_site":"@3d_edu_ch","twitter_misc":{"Prix":"55.45&nbsp;&#67;&#72;&#70; hors TVA","Disponibilit\u00e9":"En stock"},"schema":{"@context":"https:\/\/schema.org","@graph":[{"@type":"WebPage","@id":"https:\/\/3d-edu.ch\/fr\/boutique\/materiau-de-support-ultimaker-breakaway\/","url":"https:\/\/3d-edu.ch\/fr\/boutique\/materiau-de-support-ultimaker-breakaway\/","name":"Mat\u00e9riau de support Ultimaker Breakaway %%page% commander en ligne - %%nom du site","isPartOf":{"@id":"https:\/\/3d-edu.ch\/fr\/#website"},"primaryImageOfPage":{"@id":"https:\/\/3d-edu.ch\/fr\/boutique\/materiau-de-support-ultimaker-breakaway\/#primaryimage"},"image":{"@id":"https:\/\/3d-edu.ch\/fr\/boutique\/materiau-de-support-ultimaker-breakaway\/#primaryimage"},"thumbnailUrl":"https:\/\/3d-edu.ch\/wp-content\/uploads\/2024\/02\/Ultimaker-Breakaway-Material.jpg","datePublished":"2024-02-12T14:22:32+00:00","dateModified":"2026-05-14T03:23:11+00:00","description":"Le filament de support UltiMaker Breakaway s'enl\u00e8ve rapidement et ne n\u00e9cessite pas de finition suppl\u00e9mentaire pour obtenir une surface lisse sur votre impression 3D. Con\u00e7u pour une exp\u00e9rience d'impression 3D fluide, Breakaway offre une bonne adh\u00e9rence \u00e0 l'ABS, au PLA, au nylon, au CPE ou au CPE+.","breadcrumb":{"@id":"https:\/\/3d-edu.ch\/fr\/boutique\/materiau-de-support-ultimaker-breakaway\/#breadcrumb"},"inLanguage":"fr-FR","potentialAction":[{"@type":"ReadAction","target":["https:\/\/3d-edu.ch\/fr\/boutique\/materiau-de-support-ultimaker-breakaway\/"]}]},{"@type":"ImageObject","inLanguage":"fr-FR","@id":"https:\/\/3d-edu.ch\/fr\/boutique\/materiau-de-support-ultimaker-breakaway\/#primaryimage","url":"https:\/\/3d-edu.ch\/wp-content\/uploads\/2024\/02\/Ultimaker-Breakaway-Material.jpg","contentUrl":"https:\/\/3d-edu.ch\/wp-content\/uploads\/2024\/02\/Ultimaker-Breakaway-Material.jpg","width":380,"height":380,"caption":"Mat\u00e9riau Ultimaker Breakaway"},{"@type":"BreadcrumbList","@id":"https:\/\/3d-edu.ch\/fr\/boutique\/materiau-de-support-ultimaker-breakaway\/#breadcrumb","itemListElement":[{"@type":"ListItem","position":1,"name":"Accueil","item":"https:\/\/3d-edu.ch\/fr\/"},{"@type":"ListItem","position":2,"name":"Boutique","item":"https:\/\/3d-edu.ch\/fr\/boutique\/"},{"@type":"ListItem","position":3,"name":"Mat\u00e9riau de support Ultimaker Breakaway"}]},{"@type":"WebSite","@id":"https:\/\/3d-edu.ch\/fr\/#website","url":"https:\/\/3d-edu.ch\/fr\/","name":"3D-EDU GmbH","description":"Your Formlabs, UltiMaker and Raise3D Printer Support and Education Site in Switzerland. \/\/ Ihre Formlabs, UltiMaker and Raise3D Drucker Support und Bildungs Webseite der Schweiz.","publisher":{"@id":"https:\/\/3d-edu.ch\/fr\/#organization"},"potentialAction":[{"@type":"SearchAction","target":{"@type":"EntryPoint","urlTemplate":"https:\/\/3d-edu.ch\/fr\/?s={search_term_string}"},"query-input":{"@type":"PropertyValueSpecification","valueRequired":true,"valueName":"search_term_string"}}],"inLanguage":"fr-FR"},{"@type":["Organization","Place","ElectronicsStore"],"@id":"https:\/\/3d-edu.ch\/fr\/#organization","name":"3D-EDU GmbH","url":"https:\/\/3d-edu.ch\/fr\/","logo":{"@id":"https:\/\/3d-edu.ch\/fr\/boutique\/materiau-de-support-ultimaker-breakaway\/#local-main-organization-logo"},"image":{"@id":"https:\/\/3d-edu.ch\/fr\/boutique\/materiau-de-support-ultimaker-breakaway\/#local-main-organization-logo"},"sameAs":["https:\/\/www.facebook.com\/3d-educh-210277586064960\/","https:\/\/x.com\/3d_edu_ch"],"address":{"@id":"https:\/\/3d-edu.ch\/fr\/boutique\/materiau-de-support-ultimaker-breakaway\/#local-main-place-address"},"geo":{"@type":"GeoCoordinates","latitude":"47.38413","longitude":"8.49812"},"telephone":["+41 44 492 11 22"],"openingHoursSpecification":[{"@type":"OpeningHoursSpecification","dayOfWeek":["Monday","Tuesday","Wednesday","Thursday","Friday"],"opens":"08:30","closes":"18:00"},{"@type":"OpeningHoursSpecification","dayOfWeek":["Saturday","Sunday"],"opens":"00:00","closes":"00:00"}],"email":"info@3d-edu.ch","faxNumber":"+41 44 492 11 23","vatID":"CHE-184.499.491 MWST","priceRange":"$$$","currenciesAccepted":"CHF"},{"@type":"PostalAddress","@id":"https:\/\/3d-edu.ch\/fr\/boutique\/materiau-de-support-ultimaker-breakaway\/#local-main-place-address","streetAddress":"3D-EDU GmbH, Badenerstrasse 556","addressLocality":"Z\u00fcrich","postalCode":"8048","addressRegion":"Z\u00fcrich","addressCountry":"CH"},{"@type":"ImageObject","inLanguage":"fr-FR","@id":"https:\/\/3d-edu.ch\/fr\/boutique\/materiau-de-support-ultimaker-breakaway\/#local-main-organization-logo","url":"https:\/\/3d-edu.ch\/wp-content\/uploads\/2018\/10\/3d-drucker-makerbot-formlabs-professionelle-3d-drucker-e1546527990490.png","contentUrl":"https:\/\/3d-edu.ch\/wp-content\/uploads\/2018\/10\/3d-drucker-makerbot-formlabs-professionelle-3d-drucker-e1546527990490.png","width":275,"height":80,"caption":"3D-EDU GmbH"}]},"product_brand":"Filament de support","product_price_amount":"55.45","product_price_currency":"CHF","og_availability":"instock","product_availability":"instock","product_retailer_item_id":"FIUM-BAM0-WH0","product_condition":"new","geo.placename":"Z\u00fcrich","geo.position":{"lat":"47.38413","long":"8.49812"},"geo.region":"Suisse"},"_links":{"self":[{"href":"https:\/\/3d-edu.ch\/fr\/wp-json\/wp\/v2\/product\/76567","targetHints":{"allow":["GET"]}}],"collection":[{"href":"https:\/\/3d-edu.ch\/fr\/wp-json\/wp\/v2\/product"}],"about":[{"href":"https:\/\/3d-edu.ch\/fr\/wp-json\/wp\/v2\/types\/product"}],"replies":[{"embeddable":true,"href":"https:\/\/3d-edu.ch\/fr\/wp-json\/wp\/v2\/comments?post=76567"}],"wp:featuredmedia":[{"embeddable":true,"href":"https:\/\/3d-edu.ch\/fr\/wp-json\/wp\/v2\/media\/70675"}],"wp:attachment":[{"href":"https:\/\/3d-edu.ch\/fr\/wp-json\/wp\/v2\/media?parent=76567"}],"wp:term":[{"taxonomy":"product_brand","embeddable":true,"href":"https:\/\/3d-edu.ch\/fr\/wp-json\/wp\/v2\/product_brand?post=76567"},{"taxonomy":"product_cat","embeddable":true,"href":"https:\/\/3d-edu.ch\/fr\/wp-json\/wp\/v2\/product_cat?post=76567"},{"taxonomy":"product_tag","embeddable":true,"href":"https:\/\/3d-edu.ch\/fr\/wp-json\/wp\/v2\/product_tag?post=76567"}],"curies":[{"name":"wp","href":"https:\/\/api.w.org\/{rel}","templated":true}]}}