{"id":76562,"date":"2024-01-31T10:11:40","date_gmt":"2024-01-31T10:11:40","guid":{"rendered":"https:\/\/3d-edu.ch\/shop\/filament-nylon-ultimaker\/"},"modified":"2026-04-14T16:07:14","modified_gmt":"2026-04-14T14:07:14","slug":"filament-nylon-ultimaker","status":"publish","type":"product","link":"https:\/\/3d-edu.ch\/fr\/boutique\/filament-nylon-ultimaker\/","title":{"rendered":"Filament nylon Ultimaker"},"content":{"rendered":"<h2>Filament nylon Ultimaker 2,85mm 750g<\/h2>\n<p>Le filament nylon Ultimaker se caract\u00e9rise par sa grande r\u00e9sistance, son rapport poids\/robustesse, sa flexibilit\u00e9, sa faible friction et sa r\u00e9sistance \u00e0 la corrosion. Sa capacit\u00e9 \u00e0 r\u00e9sister aux contraintes m\u00e9caniques en fait un excellent choix pour les outils imprim\u00e9s en 3D, les prototypes fonctionnels et les produits finis. <\/p>\n<p>La version de Cura, publi\u00e9e simultan\u00e9ment, offre des profils de mat\u00e9riaux utiles, ce qui permet d&rsquo;imprimer facilement et de mani\u00e8re fiable des mod\u00e8les complexes. La bobine de filament int\u00e8gre une puce NFC qui transmet directement \u00e0 Cura les informations sur le mat\u00e9riau et la longueur restante du filament. De plus, le filament en nylon s&rsquo;harmonise parfaitement avec le mat\u00e9riau PVA Ultimaker 3. Le PVA est un mat\u00e9riau de support soluble dans l&rsquo;eau qui peut \u00eatre enti\u00e8rement retir\u00e9 dans un bain d&rsquo;eau apr\u00e8s l&rsquo;impression. Cette combinaison vous permet d&rsquo;imprimer des mod\u00e8les 3D sans contraintes g\u00e9om\u00e9triques.    <\/p>\n","protected":false},"excerpt":{"rendered":"<h2>Filament nylon Ultimaker 2,85mm 750g<\/h2>\n<h3>Inclus dans la livraison<\/h3>\n<ul>\n<li>1 bobine de filament Ultimaker Nylon 2,85mm 750g<\/li>\n<\/ul>\n<p><strong>Compatibilit\u00e9<\/strong><\/p>\n<p>Le filament Ultimaker Nylon 2,85mm 750g est compatible avec l&rsquo;<a href=\"https:\/\/3d-edu.ch\/fr\/boutique\/ultimaker-method-xl\/\">UltiMaker Method XL<\/a>, l&rsquo;UltiMaker S3, S5 et S7.<\/p>\n","protected":false},"featured_media":70646,"comment_status":"closed","ping_status":"closed","template":"","meta":[],"product_brand":[],"product_cat":[7866,7922,7925,8206],"product_tag":[8835,8836,8313],"class_list":{"0":"post-76562","1":"product","2":"type-product","3":"status-publish","4":"has-post-thumbnail","6":"product_cat-filament-de-nylon-pa-fr","7":"product_cat-filaments-fr-4","8":"product_cat-materiaux-pour-la-serie-s-fr","9":"product_cat-ultimaker","10":"product_tag-filament-de-nylon","11":"product_tag-nylon","12":"product_tag-ultimaker","13":"yith_product_brand-ultimaker","15":"first","16":"onbackorder","17":"taxable","18":"shipping-taxable","19":"purchasable","20":"product-type-variable"},"yoast_head":"<!-- This site is optimized with the Yoast SEO Premium plugin v27.4 (Yoast SEO v27.4) - https:\/\/yoast.com\/product\/yoast-seo-premium-wordpress\/ -->\n<title>Filament nylon Ultimaker %%page% commander en ligne - %%nom du site<\/title>\n<meta name=\"description\" content=\"Avec un poids mol\u00e9culaire optimis\u00e9 et une fluidit\u00e9 ajust\u00e9e, le PLA Hyper Speed de Raise3D est capable d&#039;atteindre une fusion plus rapide \u00e0 chaud et un refroidissement beaucoup plus rapide apr\u00e8s l&#039;extrusion du mat\u00e9riau. En cons\u00e9quence, la qualit\u00e9 de surface des pi\u00e8ces imprim\u00e9es avec des filaments Hyper Speed est lisse et la plupart des d\u00e9tails nets sont pr\u00e9serv\u00e9s. Gr\u00e2ce \u00e0 son poids mol\u00e9culaire optimis\u00e9, l&#039;Hyper Speed PLA pr\u00e9sente une excellente qualit\u00e9 de collage inter-couche et une r\u00e9sistance \u00e9lev\u00e9e dans la direction Z. Par cons\u00e9quent, le PLA Hyper Speed peut \u00eatre utilis\u00e9 pour les mod\u00e8les conceptuels et les figurines, le prototypage, etc.\" \/>\n<meta name=\"robots\" content=\"index, follow, max-snippet:-1, max-image-preview:large, max-video-preview:-1\" \/>\n<link rel=\"canonical\" href=\"https:\/\/3d-edu.ch\/fr\/boutique\/filament-nylon-ultimaker\/\" \/>\n<meta property=\"og:locale\" content=\"fr_FR\" \/>\n<meta property=\"og:type\" content=\"article\" \/>\n<meta property=\"og:title\" content=\"Filament nylon Ultimaker\" \/>\n<meta property=\"og:description\" content=\"Avec un poids mol\u00e9culaire optimis\u00e9 et une fluidit\u00e9 ajust\u00e9e, le PLA Hyper Speed de Raise3D est capable d&#039;atteindre une fusion plus rapide \u00e0 chaud et un refroidissement beaucoup plus rapide apr\u00e8s l&#039;extrusion du mat\u00e9riau. En cons\u00e9quence, la qualit\u00e9 de surface des pi\u00e8ces imprim\u00e9es avec des filaments Hyper Speed est lisse et la plupart des d\u00e9tails nets sont pr\u00e9serv\u00e9s. Gr\u00e2ce \u00e0 son poids mol\u00e9culaire optimis\u00e9, l&#039;Hyper Speed PLA pr\u00e9sente une excellente qualit\u00e9 de collage inter-couche et une r\u00e9sistance \u00e9lev\u00e9e dans la direction Z. Par cons\u00e9quent, le PLA Hyper Speed peut \u00eatre utilis\u00e9 pour les mod\u00e8les conceptuels et les figurines, le prototypage, etc.\" \/>\n<meta property=\"og:url\" content=\"https:\/\/3d-edu.ch\/fr\/boutique\/filament-nylon-ultimaker\/\" \/>\n<meta property=\"og:site_name\" content=\"3D-EDU GmbH\" \/>\n<meta property=\"article:publisher\" content=\"https:\/\/www.facebook.com\/3d-educh-210277586064960\/\" \/>\n<meta property=\"article:modified_time\" content=\"2026-04-14T14:07:14+00:00\" \/>\n<meta property=\"og:image\" content=\"https:\/\/3d-edu.ch\/wp-content\/uploads\/2024\/01\/Ultimaker-Nylon-Material.jpg\" \/>\n\t<meta property=\"og:image:width\" content=\"380\" \/>\n\t<meta property=\"og:image:height\" content=\"380\" \/>\n\t<meta property=\"og:image:type\" content=\"image\/jpeg\" \/>\n<meta name=\"twitter:card\" content=\"summary_large_image\" \/>\n<meta name=\"twitter:site\" content=\"@3d_edu_ch\" \/>\n<meta name=\"twitter:label1\" content=\"Disponibilit\u00e9\" \/>\n\t<meta name=\"twitter:data1\" content=\"En r\u00e9assort\" \/>\n<script type=\"application\/ld+json\" class=\"yoast-schema-graph\">{\"@context\":\"https:\\\/\\\/schema.org\",\"@graph\":[{\"@type\":\"WebPage\",\"@id\":\"https:\\\/\\\/3d-edu.ch\\\/fr\\\/boutique\\\/filament-nylon-ultimaker\\\/\",\"url\":\"https:\\\/\\\/3d-edu.ch\\\/fr\\\/boutique\\\/filament-nylon-ultimaker\\\/\",\"name\":\"Filament nylon Ultimaker %%page% commander en ligne - %%nom du site\",\"isPartOf\":{\"@id\":\"https:\\\/\\\/3d-edu.ch\\\/fr\\\/#website\"},\"primaryImageOfPage\":{\"@id\":\"https:\\\/\\\/3d-edu.ch\\\/fr\\\/boutique\\\/filament-nylon-ultimaker\\\/#primaryimage\"},\"image\":{\"@id\":\"https:\\\/\\\/3d-edu.ch\\\/fr\\\/boutique\\\/filament-nylon-ultimaker\\\/#primaryimage\"},\"thumbnailUrl\":\"https:\\\/\\\/3d-edu.ch\\\/wp-content\\\/uploads\\\/2024\\\/01\\\/Ultimaker-Nylon-Material.jpg\",\"datePublished\":\"2024-01-31T10:11:40+00:00\",\"dateModified\":\"2026-04-14T14:07:14+00:00\",\"description\":\"Avec un poids mol\u00e9culaire optimis\u00e9 et une fluidit\u00e9 ajust\u00e9e, le PLA Hyper Speed de Raise3D est capable d'atteindre une fusion plus rapide \u00e0 chaud et un refroidissement beaucoup plus rapide apr\u00e8s l'extrusion du mat\u00e9riau. En cons\u00e9quence, la qualit\u00e9 de surface des pi\u00e8ces imprim\u00e9es avec des filaments Hyper Speed est lisse et la plupart des d\u00e9tails nets sont pr\u00e9serv\u00e9s. Gr\u00e2ce \u00e0 son poids mol\u00e9culaire optimis\u00e9, l'Hyper Speed PLA pr\u00e9sente une excellente qualit\u00e9 de collage inter-couche et une r\u00e9sistance \u00e9lev\u00e9e dans la direction Z. Par cons\u00e9quent, le PLA Hyper Speed peut \u00eatre utilis\u00e9 pour les mod\u00e8les conceptuels et les figurines, le prototypage, etc.\",\"breadcrumb\":{\"@id\":\"https:\\\/\\\/3d-edu.ch\\\/fr\\\/boutique\\\/filament-nylon-ultimaker\\\/#breadcrumb\"},\"inLanguage\":\"fr-FR\",\"potentialAction\":[{\"@type\":\"ReadAction\",\"target\":[\"https:\\\/\\\/3d-edu.ch\\\/fr\\\/boutique\\\/filament-nylon-ultimaker\\\/\"]}]},{\"@type\":\"ImageObject\",\"inLanguage\":\"fr-FR\",\"@id\":\"https:\\\/\\\/3d-edu.ch\\\/fr\\\/boutique\\\/filament-nylon-ultimaker\\\/#primaryimage\",\"url\":\"https:\\\/\\\/3d-edu.ch\\\/wp-content\\\/uploads\\\/2024\\\/01\\\/Ultimaker-Nylon-Material.jpg\",\"contentUrl\":\"https:\\\/\\\/3d-edu.ch\\\/wp-content\\\/uploads\\\/2024\\\/01\\\/Ultimaker-Nylon-Material.jpg\",\"width\":380,\"height\":380},{\"@type\":\"BreadcrumbList\",\"@id\":\"https:\\\/\\\/3d-edu.ch\\\/fr\\\/boutique\\\/filament-nylon-ultimaker\\\/#breadcrumb\",\"itemListElement\":[{\"@type\":\"ListItem\",\"position\":1,\"name\":\"Accueil\",\"item\":\"https:\\\/\\\/3d-edu.ch\\\/fr\\\/\"},{\"@type\":\"ListItem\",\"position\":2,\"name\":\"Boutique\",\"item\":\"https:\\\/\\\/3d-edu.ch\\\/fr\\\/boutique\\\/\"},{\"@type\":\"ListItem\",\"position\":3,\"name\":\"Filament nylon Ultimaker\"}]},{\"@type\":\"WebSite\",\"@id\":\"https:\\\/\\\/3d-edu.ch\\\/fr\\\/#website\",\"url\":\"https:\\\/\\\/3d-edu.ch\\\/fr\\\/\",\"name\":\"3D-EDU GmbH\",\"description\":\"Your Formlabs, UltiMaker and Raise3D Printer Support and Education Site in Switzerland. \\\/\\\/ Ihre Formlabs, UltiMaker and Raise3D Drucker Support und Bildungs Webseite der Schweiz.\",\"publisher\":{\"@id\":\"https:\\\/\\\/3d-edu.ch\\\/fr\\\/#organization\"},\"potentialAction\":[{\"@type\":\"SearchAction\",\"target\":{\"@type\":\"EntryPoint\",\"urlTemplate\":\"https:\\\/\\\/3d-edu.ch\\\/fr\\\/?s={search_term_string}\"},\"query-input\":{\"@type\":\"PropertyValueSpecification\",\"valueRequired\":true,\"valueName\":\"search_term_string\"}}],\"inLanguage\":\"fr-FR\"},{\"@type\":[\"Organization\",\"Place\",\"ElectronicsStore\"],\"@id\":\"https:\\\/\\\/3d-edu.ch\\\/fr\\\/#organization\",\"name\":\"3D-EDU GmbH\",\"url\":\"https:\\\/\\\/3d-edu.ch\\\/fr\\\/\",\"logo\":{\"@id\":\"https:\\\/\\\/3d-edu.ch\\\/fr\\\/boutique\\\/filament-nylon-ultimaker\\\/#local-main-organization-logo\"},\"image\":{\"@id\":\"https:\\\/\\\/3d-edu.ch\\\/fr\\\/boutique\\\/filament-nylon-ultimaker\\\/#local-main-organization-logo\"},\"sameAs\":[\"https:\\\/\\\/www.facebook.com\\\/3d-educh-210277586064960\\\/\",\"https:\\\/\\\/x.com\\\/3d_edu_ch\"],\"address\":{\"@id\":\"https:\\\/\\\/3d-edu.ch\\\/fr\\\/boutique\\\/filament-nylon-ultimaker\\\/#local-main-place-address\"},\"geo\":{\"@type\":\"GeoCoordinates\",\"latitude\":\"47.38413\",\"longitude\":\"8.49812\"},\"telephone\":[\"+41 44 492 11 22\"],\"openingHoursSpecification\":[{\"@type\":\"OpeningHoursSpecification\",\"dayOfWeek\":[\"Monday\",\"Tuesday\",\"Wednesday\",\"Thursday\",\"Friday\"],\"opens\":\"08:30\",\"closes\":\"18:00\"},{\"@type\":\"OpeningHoursSpecification\",\"dayOfWeek\":[\"Saturday\",\"Sunday\"],\"opens\":\"00:00\",\"closes\":\"00:00\"}],\"email\":\"info@3d-edu.ch\",\"faxNumber\":\"+41 44 492 11 23\",\"vatID\":\"CHE-184.499.491 MWST\",\"priceRange\":\"$$$\",\"currenciesAccepted\":\"CHF\"},{\"@type\":\"PostalAddress\",\"@id\":\"https:\\\/\\\/3d-edu.ch\\\/fr\\\/boutique\\\/filament-nylon-ultimaker\\\/#local-main-place-address\",\"streetAddress\":\"3D-EDU GmbH, Badenerstrasse 556\",\"addressLocality\":\"Z\u00fcrich\",\"postalCode\":\"8048\",\"addressRegion\":\"Z\u00fcrich\",\"addressCountry\":\"CH\"},{\"@type\":\"ImageObject\",\"inLanguage\":\"fr-FR\",\"@id\":\"https:\\\/\\\/3d-edu.ch\\\/fr\\\/boutique\\\/filament-nylon-ultimaker\\\/#local-main-organization-logo\",\"url\":\"https:\\\/\\\/3d-edu.ch\\\/wp-content\\\/uploads\\\/2018\\\/10\\\/3d-drucker-makerbot-formlabs-professionelle-3d-drucker-e1546527990490.png\",\"contentUrl\":\"https:\\\/\\\/3d-edu.ch\\\/wp-content\\\/uploads\\\/2018\\\/10\\\/3d-drucker-makerbot-formlabs-professionelle-3d-drucker-e1546527990490.png\",\"width\":275,\"height\":80,\"caption\":\"3D-EDU GmbH\"}]}<\/script>\n<meta property=\"product:brand\" content=\"UltiMaker\" \/>\n<meta property=\"og:availability\" content=\"backorder\" \/>\n<meta property=\"product:availability\" content=\"available for order\" \/>\n<meta property=\"product:condition\" content=\"new\" \/>\n<meta name=\"geo.placename\" content=\"Z\u00fcrich\" \/>\n<meta name=\"geo.position\" content=\"47.38413;8.49812\" \/>\n<meta name=\"geo.region\" content=\"Suisse\" \/>\n<!-- \/ Yoast SEO Premium plugin. -->","yoast_head_json":{"title":"Filament nylon Ultimaker %%page% commander en ligne - %%nom du site","description":"Avec un poids mol\u00e9culaire optimis\u00e9 et une fluidit\u00e9 ajust\u00e9e, le PLA Hyper Speed de Raise3D est capable d'atteindre une fusion plus rapide \u00e0 chaud et un refroidissement beaucoup plus rapide apr\u00e8s l'extrusion du mat\u00e9riau. En cons\u00e9quence, la qualit\u00e9 de surface des pi\u00e8ces imprim\u00e9es avec des filaments Hyper Speed est lisse et la plupart des d\u00e9tails nets sont pr\u00e9serv\u00e9s. Gr\u00e2ce \u00e0 son poids mol\u00e9culaire optimis\u00e9, l'Hyper Speed PLA pr\u00e9sente une excellente qualit\u00e9 de collage inter-couche et une r\u00e9sistance \u00e9lev\u00e9e dans la direction Z. Par cons\u00e9quent, le PLA Hyper Speed peut \u00eatre utilis\u00e9 pour les mod\u00e8les conceptuels et les figurines, le prototypage, etc.","robots":{"index":"index","follow":"follow","max-snippet":"max-snippet:-1","max-image-preview":"max-image-preview:large","max-video-preview":"max-video-preview:-1"},"canonical":"https:\/\/3d-edu.ch\/fr\/boutique\/filament-nylon-ultimaker\/","og_locale":"fr_FR","og_type":"article","og_title":"Filament nylon Ultimaker","og_description":"Avec un poids mol\u00e9culaire optimis\u00e9 et une fluidit\u00e9 ajust\u00e9e, le PLA Hyper Speed de Raise3D est capable d'atteindre une fusion plus rapide \u00e0 chaud et un refroidissement beaucoup plus rapide apr\u00e8s l'extrusion du mat\u00e9riau. En cons\u00e9quence, la qualit\u00e9 de surface des pi\u00e8ces imprim\u00e9es avec des filaments Hyper Speed est lisse et la plupart des d\u00e9tails nets sont pr\u00e9serv\u00e9s. Gr\u00e2ce \u00e0 son poids mol\u00e9culaire optimis\u00e9, l'Hyper Speed PLA pr\u00e9sente une excellente qualit\u00e9 de collage inter-couche et une r\u00e9sistance \u00e9lev\u00e9e dans la direction Z. Par cons\u00e9quent, le PLA Hyper Speed peut \u00eatre utilis\u00e9 pour les mod\u00e8les conceptuels et les figurines, le prototypage, etc.","og_url":"https:\/\/3d-edu.ch\/fr\/boutique\/filament-nylon-ultimaker\/","og_site_name":"3D-EDU GmbH","article_publisher":"https:\/\/www.facebook.com\/3d-educh-210277586064960\/","article_modified_time":"2026-04-14T14:07:14+00:00","og_image":[{"width":380,"height":380,"url":"https:\/\/3d-edu.ch\/wp-content\/uploads\/2024\/01\/Ultimaker-Nylon-Material.jpg","type":"image\/jpeg"}],"twitter_card":"summary_large_image","twitter_site":"@3d_edu_ch","twitter_misc":{"Disponibilit\u00e9":"En r\u00e9assort"},"schema":{"@context":"https:\/\/schema.org","@graph":[{"@type":"WebPage","@id":"https:\/\/3d-edu.ch\/fr\/boutique\/filament-nylon-ultimaker\/","url":"https:\/\/3d-edu.ch\/fr\/boutique\/filament-nylon-ultimaker\/","name":"Filament nylon Ultimaker %%page% commander en ligne - %%nom du site","isPartOf":{"@id":"https:\/\/3d-edu.ch\/fr\/#website"},"primaryImageOfPage":{"@id":"https:\/\/3d-edu.ch\/fr\/boutique\/filament-nylon-ultimaker\/#primaryimage"},"image":{"@id":"https:\/\/3d-edu.ch\/fr\/boutique\/filament-nylon-ultimaker\/#primaryimage"},"thumbnailUrl":"https:\/\/3d-edu.ch\/wp-content\/uploads\/2024\/01\/Ultimaker-Nylon-Material.jpg","datePublished":"2024-01-31T10:11:40+00:00","dateModified":"2026-04-14T14:07:14+00:00","description":"Avec un poids mol\u00e9culaire optimis\u00e9 et une fluidit\u00e9 ajust\u00e9e, le PLA Hyper Speed de Raise3D est capable d'atteindre une fusion plus rapide \u00e0 chaud et un refroidissement beaucoup plus rapide apr\u00e8s l'extrusion du mat\u00e9riau. En cons\u00e9quence, la qualit\u00e9 de surface des pi\u00e8ces imprim\u00e9es avec des filaments Hyper Speed est lisse et la plupart des d\u00e9tails nets sont pr\u00e9serv\u00e9s. Gr\u00e2ce \u00e0 son poids mol\u00e9culaire optimis\u00e9, l'Hyper Speed PLA pr\u00e9sente une excellente qualit\u00e9 de collage inter-couche et une r\u00e9sistance \u00e9lev\u00e9e dans la direction Z. Par cons\u00e9quent, le PLA Hyper Speed peut \u00eatre utilis\u00e9 pour les mod\u00e8les conceptuels et les figurines, le prototypage, etc.","breadcrumb":{"@id":"https:\/\/3d-edu.ch\/fr\/boutique\/filament-nylon-ultimaker\/#breadcrumb"},"inLanguage":"fr-FR","potentialAction":[{"@type":"ReadAction","target":["https:\/\/3d-edu.ch\/fr\/boutique\/filament-nylon-ultimaker\/"]}]},{"@type":"ImageObject","inLanguage":"fr-FR","@id":"https:\/\/3d-edu.ch\/fr\/boutique\/filament-nylon-ultimaker\/#primaryimage","url":"https:\/\/3d-edu.ch\/wp-content\/uploads\/2024\/01\/Ultimaker-Nylon-Material.jpg","contentUrl":"https:\/\/3d-edu.ch\/wp-content\/uploads\/2024\/01\/Ultimaker-Nylon-Material.jpg","width":380,"height":380},{"@type":"BreadcrumbList","@id":"https:\/\/3d-edu.ch\/fr\/boutique\/filament-nylon-ultimaker\/#breadcrumb","itemListElement":[{"@type":"ListItem","position":1,"name":"Accueil","item":"https:\/\/3d-edu.ch\/fr\/"},{"@type":"ListItem","position":2,"name":"Boutique","item":"https:\/\/3d-edu.ch\/fr\/boutique\/"},{"@type":"ListItem","position":3,"name":"Filament nylon Ultimaker"}]},{"@type":"WebSite","@id":"https:\/\/3d-edu.ch\/fr\/#website","url":"https:\/\/3d-edu.ch\/fr\/","name":"3D-EDU GmbH","description":"Your Formlabs, UltiMaker and Raise3D Printer Support and Education Site in Switzerland. \/\/ Ihre Formlabs, UltiMaker and Raise3D Drucker Support und Bildungs Webseite der Schweiz.","publisher":{"@id":"https:\/\/3d-edu.ch\/fr\/#organization"},"potentialAction":[{"@type":"SearchAction","target":{"@type":"EntryPoint","urlTemplate":"https:\/\/3d-edu.ch\/fr\/?s={search_term_string}"},"query-input":{"@type":"PropertyValueSpecification","valueRequired":true,"valueName":"search_term_string"}}],"inLanguage":"fr-FR"},{"@type":["Organization","Place","ElectronicsStore"],"@id":"https:\/\/3d-edu.ch\/fr\/#organization","name":"3D-EDU GmbH","url":"https:\/\/3d-edu.ch\/fr\/","logo":{"@id":"https:\/\/3d-edu.ch\/fr\/boutique\/filament-nylon-ultimaker\/#local-main-organization-logo"},"image":{"@id":"https:\/\/3d-edu.ch\/fr\/boutique\/filament-nylon-ultimaker\/#local-main-organization-logo"},"sameAs":["https:\/\/www.facebook.com\/3d-educh-210277586064960\/","https:\/\/x.com\/3d_edu_ch"],"address":{"@id":"https:\/\/3d-edu.ch\/fr\/boutique\/filament-nylon-ultimaker\/#local-main-place-address"},"geo":{"@type":"GeoCoordinates","latitude":"47.38413","longitude":"8.49812"},"telephone":["+41 44 492 11 22"],"openingHoursSpecification":[{"@type":"OpeningHoursSpecification","dayOfWeek":["Monday","Tuesday","Wednesday","Thursday","Friday"],"opens":"08:30","closes":"18:00"},{"@type":"OpeningHoursSpecification","dayOfWeek":["Saturday","Sunday"],"opens":"00:00","closes":"00:00"}],"email":"info@3d-edu.ch","faxNumber":"+41 44 492 11 23","vatID":"CHE-184.499.491 MWST","priceRange":"$$$","currenciesAccepted":"CHF"},{"@type":"PostalAddress","@id":"https:\/\/3d-edu.ch\/fr\/boutique\/filament-nylon-ultimaker\/#local-main-place-address","streetAddress":"3D-EDU GmbH, Badenerstrasse 556","addressLocality":"Z\u00fcrich","postalCode":"8048","addressRegion":"Z\u00fcrich","addressCountry":"CH"},{"@type":"ImageObject","inLanguage":"fr-FR","@id":"https:\/\/3d-edu.ch\/fr\/boutique\/filament-nylon-ultimaker\/#local-main-organization-logo","url":"https:\/\/3d-edu.ch\/wp-content\/uploads\/2018\/10\/3d-drucker-makerbot-formlabs-professionelle-3d-drucker-e1546527990490.png","contentUrl":"https:\/\/3d-edu.ch\/wp-content\/uploads\/2018\/10\/3d-drucker-makerbot-formlabs-professionelle-3d-drucker-e1546527990490.png","width":275,"height":80,"caption":"3D-EDU GmbH"}]},"product_brand":"UltiMaker","og_availability":"backorder","product_availability":"available for order","product_condition":"new","geo.placename":"Z\u00fcrich","geo.position":{"lat":"47.38413","long":"8.49812"},"geo.region":"Suisse"},"_links":{"self":[{"href":"https:\/\/3d-edu.ch\/fr\/wp-json\/wp\/v2\/product\/76562","targetHints":{"allow":["GET"]}}],"collection":[{"href":"https:\/\/3d-edu.ch\/fr\/wp-json\/wp\/v2\/product"}],"about":[{"href":"https:\/\/3d-edu.ch\/fr\/wp-json\/wp\/v2\/types\/product"}],"replies":[{"embeddable":true,"href":"https:\/\/3d-edu.ch\/fr\/wp-json\/wp\/v2\/comments?post=76562"}],"wp:featuredmedia":[{"embeddable":true,"href":"https:\/\/3d-edu.ch\/fr\/wp-json\/wp\/v2\/media\/70646"}],"wp:attachment":[{"href":"https:\/\/3d-edu.ch\/fr\/wp-json\/wp\/v2\/media?parent=76562"}],"wp:term":[{"taxonomy":"product_brand","embeddable":true,"href":"https:\/\/3d-edu.ch\/fr\/wp-json\/wp\/v2\/product_brand?post=76562"},{"taxonomy":"product_cat","embeddable":true,"href":"https:\/\/3d-edu.ch\/fr\/wp-json\/wp\/v2\/product_cat?post=76562"},{"taxonomy":"product_tag","embeddable":true,"href":"https:\/\/3d-edu.ch\/fr\/wp-json\/wp\/v2\/product_tag?post=76562"}],"curies":[{"name":"wp","href":"https:\/\/api.w.org\/{rel}","templated":true}]}}