{"id":76559,"date":"2024-02-14T13:32:29","date_gmt":"2024-02-14T12:32:29","guid":{"rendered":"https:\/\/3d-edu.ch\/shop\/imprimante-3d-ultimaker-s3\/"},"modified":"2026-04-09T14:30:07","modified_gmt":"2026-04-09T12:30:07","slug":"imprimante-3d-ultimaker-s3","status":"publish","type":"product","link":"https:\/\/3d-edu.ch\/fr\/boutique\/imprimante-3d-ultimaker-s3\/","title":{"rendered":"Imprimante 3D UltiMaker S3"},"content":{"rendered":"<h2>UltiMaker S3 - Imprimante 3D compacte pour les d\u00e9butants en impression 3D professionnelle<\/h2>\n<p>L&rsquo;UltiMaker S3 est une imprimante 3D de pointe sp\u00e9cialement con\u00e7ue pour les professionnels. Elle offre la technologie FDM \u00e0 double extrusion dans une taille compacte et est compatible avec les mat\u00e9riaux composites. <\/p>\n<p><b>Contenu de la livraison :  <\/b><\/p>\n<ul>\n<li>1x Imprimante 3D Ultimaker S3<\/li>\n<li>1x Ultimaker Essentials<\/li>\n<li>1x Print Table Glas Plate (Plaque de verre)<\/li>\n<li>2x Printcore AA 0,4mm<\/li>\n<li>1x Printcore BB 0,4mm<\/li>\n<li>1x Ultimaker Tough PLA noir 750g<\/li>\n<li>1x Ultimaker PVA<\/li>\n<li>1x support de bobine<\/li>\n<li>1x guide de filament<\/li>\n<li>1x c\u00e2ble d&rsquo;alimentation froide<\/li>\n<li>1x c\u00e2ble r\u00e9seau<\/li>\n<li>1x Cl\u00e9 USB<\/li>\n<li>1x huile Unilube<\/li>\n<li>1x graisse Magnalube<\/li>\n<li>1x tournevis \u00e0 six pans creux de 2 mm<\/li>\n<li>1x Guide d&rsquo;\u00e9talonnage XY<\/li>\n<li>1x carte d&rsquo;\u00e9talonnage Z<\/li>\n<li>3x Silicone Nozzle Cover<\/li>\n<\/ul>\n<div class=\"accordion\">\n\t<div id=\"accordion-1111807483\" class=\"accordion-item\">\n\t\t<a id=\"accordion-1111807483-label\" class=\"accordion-title plain\" href=\"#accordion-item-plus-d&#039;informations\" aria-expanded=\"false\" aria-controls=\"accordion-1111807483-content\">\n\t\t\t<button class=\"toggle\" aria-label=\"Basculer\"><i class=\"icon-angle-down\" aria-hidden=\"true\"><\/i><\/button>\n\t\t\t<span>Plus d&#039;informations<\/span>\n\t\t<\/a>\n\t\t<div id=\"accordion-1111807483-content\" class=\"accordion-inner\" aria-labelledby=\"accordion-1111807483-label\">\n\t\t\t\n<p>La S3 combine la technologie de pointe de l&rsquo;Ultimaker S5 avec le design \u00e9prouv\u00e9 de l&rsquo;Ultimaker 3, offrant une solution rentable pour l&rsquo;utilisation de l&rsquo;impression 3D en entreprise.<\/p>\n<p>En adoptant la calibration du lit d&rsquo;impression de l&rsquo;Ultimaker S5, la pr\u00e9cision et la fiabilit\u00e9 de la premi\u00e8re couche d&rsquo;impression sont am\u00e9lior\u00e9es, ce qui garantit la stabilit\u00e9 du processus. Le syst\u00e8me d&rsquo;alimentation en mat\u00e9riau r\u00e9vis\u00e9 permet d&rsquo;utiliser des mat\u00e9riaux composites tels que la fibre de carbone, la fibre de verre et le Kevlar, ainsi que des processus d&rsquo;impression longs. Un capteur de filament interrompt l&rsquo;impression en cas de manque de mat\u00e9riau ou d&rsquo;autres probl\u00e8mes. Combin\u00e9e avec les profils de mat\u00e9riaux test\u00e9s dans Ultimaker Cura, l&rsquo;Ultimaker S3 est une r\u00e9f\u00e9rence en mati\u00e8re de fiabilit\u00e9.   <\/p>\n<p>L&rsquo;Ultimaker S3 offre non seulement une imprimante 3D de pointe, mais aussi des filaments sp\u00e9cialement adapt\u00e9s au mat\u00e9riel et au logiciel, ainsi que le logiciel Ultimaker Cura continuellement am\u00e9lior\u00e9.<\/p>\n<p>Principales caract\u00e9ristiques :<\/p>\n<ul>\n<li>R\u00e9seau : impression via WLAN, LAN, Ultimaker Cloud ou USB<\/li>\n<li>\u00c9cran tactile : Un panneau de commande intuitif pour une impression 3D encore plus facile<\/li>\n<li>Nivellement avanc\u00e9 du lit d&rsquo;impression : premi\u00e8re couche fiable \u00e0 chaque impression<\/li>\n<li>Frontcover : la porte avant vitr\u00e9e produit de meilleurs r\u00e9sultats d&rsquo;impression pour les mat\u00e9riaux techniques<\/li>\n<li>Capteur de mat\u00e9riau : le capteur de mat\u00e9riau \u00e9prouv\u00e9 fournit des informations sur l&rsquo;\u00e9tat de l&rsquo;impression et am\u00e9liore encore la fiabilit\u00e9.<\/li>\n<li>Configuration et contr\u00f4le intelligents : le capteur de bobine NFC d\u00e9tecte le type de filament et la webcam int\u00e9gr\u00e9e facilite la surveillance de l&rsquo;\u00e9tat de l&rsquo;impression, m\u00eame \u00e0 distance.<\/li>\n<li>Pr\u00eat pour les mat\u00e9riaux composites : la nouvelle avance de mati\u00e8re en acier tremp\u00e9 permet d&rsquo;utiliser des mat\u00e9riaux en fibre de carbone (carbone) ou m\u00eame en fibre de verre.<\/li>\n<\/ul>\n\t\t<\/div>\n\t<\/div>\n\t\n<\/div>\n","protected":false},"excerpt":{"rendered":"<h2>Imprimante 3D UltiMaker S3<\/h2>\n<table>\n<tbody>\n<tr>\n<td>Volume de construction<\/td>\n<td>230 x 190 x 200 mm<\/td>\n<\/tr>\n<tr>\n<td>Dimensions de la machine (assembl\u00e9e)<\/td>\n<td>394 x 489 x 637 mm (LxPxH)<\/td>\n<\/tr>\n<tr>\n<td>Technologie d&rsquo;impression<\/td>\n<td>Mod\u00e9lisation par d\u00e9p\u00f4t en fusion (Fused Deposition Modeling - FDM)<\/td>\n<\/tr>\n<tr>\n<td>Diam\u00e8tre de filament compatible<\/td>\n<td>2.85 mm<\/td>\n<\/tr>\n<tr>\n<td>Poids<\/td>\n<td>14.4 kg<\/td>\n<\/tr>\n<tr>\n<td>Puissance maximale absorb\u00e9e<\/td>\n<td>350 W<\/td>\n<\/tr>\n<tr>\n<td>Mat\u00e9riau<\/td>\n<td>Tous les filaments courants + composites<\/td>\n<\/tr>\n<\/tbody>\n<\/table>\n","protected":false},"featured_media":69320,"comment_status":"closed","ping_status":"closed","template":"","meta":[],"product_brand":[],"product_cat":[7915,7917,8206],"product_tag":[8316,8208,8821,8313],"class_list":{"0":"post-76559","1":"product","2":"type-product","3":"status-publish","4":"has-post-thumbnail","6":"product_cat-imprimantes-3d-fr-3","7":"product_cat-imprimantes-3d-de-la-serie-s-fr","8":"product_cat-ultimaker","9":"product_tag-fdm","10":"product_tag-imprimante-3d-fdm","11":"product_tag-s3","12":"product_tag-ultimaker","14":"first","15":"onbackorder","16":"taxable","17":"shipping-taxable","18":"purchasable","19":"product-type-simple"},"yoast_head":"<!-- This site is optimized with the Yoast SEO Premium plugin v27.4 (Yoast SEO v27.4) - https:\/\/yoast.com\/product\/yoast-seo-premium-wordpress\/ -->\n<title>Imprimante 3D UltiMaker S3 %%page% commander en ligne maintenant - 3D-EDU GmbH<\/title>\n<meta name=\"robots\" content=\"index, follow, max-snippet:-1, max-image-preview:large, max-video-preview:-1\" \/>\n<link rel=\"canonical\" href=\"https:\/\/3d-edu.ch\/fr\/boutique\/imprimante-3d-ultimaker-s3\/\" \/>\n<meta property=\"og:locale\" content=\"fr_FR\" \/>\n<meta property=\"og:type\" content=\"article\" \/>\n<meta property=\"og:title\" content=\"Imprimante 3D UltiMaker S3\" \/>\n<meta property=\"og:description\" content=\"Imprimante 3D UltiMaker S3  Volume de construction 230 x 190 x 200 mm  Dimensions de la machine (assembl\u00e9e) 394 x 489 x 637 mm (LxPxH)  Technologie d&#039;impression Mod\u00e9lisation par d\u00e9p\u00f4t en fusion (Fused Deposition Modeling - FDM)  Diam\u00e8tre de filament compatible 2.85 mm  Poids 14.4 kg  Puissance maximale absorb\u00e9e 350 W  Mat\u00e9riau Tous les filaments courants + composites\" \/>\n<meta property=\"og:url\" content=\"https:\/\/3d-edu.ch\/fr\/boutique\/imprimante-3d-ultimaker-s3\/\" \/>\n<meta property=\"og:site_name\" content=\"3D-EDU GmbH\" \/>\n<meta property=\"article:publisher\" content=\"https:\/\/www.facebook.com\/3d-educh-210277586064960\/\" \/>\n<meta property=\"article:modified_time\" content=\"2026-04-09T12:30:07+00:00\" \/>\n<meta property=\"og:image\" content=\"https:\/\/3d-edu.ch\/wp-content\/uploads\/2024\/02\/ultimaker-s3-3d-drucker.webp\" \/>\n\t<meta property=\"og:image:width\" content=\"380\" \/>\n\t<meta property=\"og:image:height\" content=\"380\" \/>\n\t<meta property=\"og:image:type\" content=\"image\/webp\" \/>\n<meta name=\"twitter:card\" content=\"summary_large_image\" \/>\n<meta name=\"twitter:site\" content=\"@3d_edu_ch\" \/>\n<meta name=\"twitter:label1\" content=\"Prix\" \/>\n\t<meta name=\"twitter:data1\" content=\"1&#039;661.52&nbsp;&#067;&#072;&#070; hors TVA\" \/>\n\t<meta name=\"twitter:label2\" content=\"Disponibilit\u00e9\" \/>\n\t<meta name=\"twitter:data2\" content=\"En r\u00e9assort\" \/>\n<script type=\"application\/ld+json\" class=\"yoast-schema-graph\">{\"@context\":\"https:\\\/\\\/schema.org\",\"@graph\":[{\"@type\":\"WebPage\",\"@id\":\"https:\\\/\\\/3d-edu.ch\\\/fr\\\/boutique\\\/imprimante-3d-ultimaker-s3\\\/\",\"url\":\"https:\\\/\\\/3d-edu.ch\\\/fr\\\/boutique\\\/imprimante-3d-ultimaker-s3\\\/\",\"name\":\"Imprimante 3D UltiMaker S3 %%page% commander en ligne maintenant - 3D-EDU GmbH\",\"isPartOf\":{\"@id\":\"https:\\\/\\\/3d-edu.ch\\\/fr\\\/#website\"},\"primaryImageOfPage\":{\"@id\":\"https:\\\/\\\/3d-edu.ch\\\/fr\\\/boutique\\\/imprimante-3d-ultimaker-s3\\\/#primaryimage\"},\"image\":{\"@id\":\"https:\\\/\\\/3d-edu.ch\\\/fr\\\/boutique\\\/imprimante-3d-ultimaker-s3\\\/#primaryimage\"},\"thumbnailUrl\":\"https:\\\/\\\/3d-edu.ch\\\/wp-content\\\/uploads\\\/2024\\\/02\\\/ultimaker-s3-3d-drucker.webp\",\"datePublished\":\"2024-02-14T12:32:29+00:00\",\"dateModified\":\"2026-04-09T12:30:07+00:00\",\"breadcrumb\":{\"@id\":\"https:\\\/\\\/3d-edu.ch\\\/fr\\\/boutique\\\/imprimante-3d-ultimaker-s3\\\/#breadcrumb\"},\"inLanguage\":\"fr-FR\",\"potentialAction\":[{\"@type\":\"ReadAction\",\"target\":[\"https:\\\/\\\/3d-edu.ch\\\/fr\\\/boutique\\\/imprimante-3d-ultimaker-s3\\\/\"]}]},{\"@type\":\"ImageObject\",\"inLanguage\":\"fr-FR\",\"@id\":\"https:\\\/\\\/3d-edu.ch\\\/fr\\\/boutique\\\/imprimante-3d-ultimaker-s3\\\/#primaryimage\",\"url\":\"https:\\\/\\\/3d-edu.ch\\\/wp-content\\\/uploads\\\/2024\\\/02\\\/ultimaker-s3-3d-drucker.webp\",\"contentUrl\":\"https:\\\/\\\/3d-edu.ch\\\/wp-content\\\/uploads\\\/2024\\\/02\\\/ultimaker-s3-3d-drucker.webp\",\"width\":380,\"height\":380,\"caption\":\"Imprimante 3D UltiMaker S3 1\"},{\"@type\":\"BreadcrumbList\",\"@id\":\"https:\\\/\\\/3d-edu.ch\\\/fr\\\/boutique\\\/imprimante-3d-ultimaker-s3\\\/#breadcrumb\",\"itemListElement\":[{\"@type\":\"ListItem\",\"position\":1,\"name\":\"Accueil\",\"item\":\"https:\\\/\\\/3d-edu.ch\\\/fr\\\/\"},{\"@type\":\"ListItem\",\"position\":2,\"name\":\"Boutique\",\"item\":\"https:\\\/\\\/3d-edu.ch\\\/fr\\\/boutique\\\/\"},{\"@type\":\"ListItem\",\"position\":3,\"name\":\"Imprimante 3D UltiMaker S3\"}]},{\"@type\":\"WebSite\",\"@id\":\"https:\\\/\\\/3d-edu.ch\\\/fr\\\/#website\",\"url\":\"https:\\\/\\\/3d-edu.ch\\\/fr\\\/\",\"name\":\"3D-EDU GmbH\",\"description\":\"Your Formlabs, UltiMaker and Raise3D Printer Support and Education Site in Switzerland. \\\/\\\/ Ihre Formlabs, UltiMaker and Raise3D Drucker Support und Bildungs Webseite der Schweiz.\",\"publisher\":{\"@id\":\"https:\\\/\\\/3d-edu.ch\\\/fr\\\/#organization\"},\"potentialAction\":[{\"@type\":\"SearchAction\",\"target\":{\"@type\":\"EntryPoint\",\"urlTemplate\":\"https:\\\/\\\/3d-edu.ch\\\/fr\\\/?s={search_term_string}\"},\"query-input\":{\"@type\":\"PropertyValueSpecification\",\"valueRequired\":true,\"valueName\":\"search_term_string\"}}],\"inLanguage\":\"fr-FR\"},{\"@type\":[\"Organization\",\"Place\",\"ElectronicsStore\"],\"@id\":\"https:\\\/\\\/3d-edu.ch\\\/fr\\\/#organization\",\"name\":\"3D-EDU GmbH\",\"url\":\"https:\\\/\\\/3d-edu.ch\\\/fr\\\/\",\"logo\":{\"@id\":\"https:\\\/\\\/3d-edu.ch\\\/fr\\\/boutique\\\/imprimante-3d-ultimaker-s3\\\/#local-main-organization-logo\"},\"image\":{\"@id\":\"https:\\\/\\\/3d-edu.ch\\\/fr\\\/boutique\\\/imprimante-3d-ultimaker-s3\\\/#local-main-organization-logo\"},\"sameAs\":[\"https:\\\/\\\/www.facebook.com\\\/3d-educh-210277586064960\\\/\",\"https:\\\/\\\/x.com\\\/3d_edu_ch\"],\"address\":{\"@id\":\"https:\\\/\\\/3d-edu.ch\\\/fr\\\/boutique\\\/imprimante-3d-ultimaker-s3\\\/#local-main-place-address\"},\"geo\":{\"@type\":\"GeoCoordinates\",\"latitude\":\"47.38413\",\"longitude\":\"8.49812\"},\"telephone\":[\"+41 44 492 11 22\"],\"openingHoursSpecification\":[{\"@type\":\"OpeningHoursSpecification\",\"dayOfWeek\":[\"Monday\",\"Tuesday\",\"Wednesday\",\"Thursday\",\"Friday\"],\"opens\":\"08:30\",\"closes\":\"18:00\"},{\"@type\":\"OpeningHoursSpecification\",\"dayOfWeek\":[\"Saturday\",\"Sunday\"],\"opens\":\"00:00\",\"closes\":\"00:00\"}],\"email\":\"info@3d-edu.ch\",\"faxNumber\":\"+41 44 492 11 23\",\"vatID\":\"CHE-184.499.491 MWST\",\"priceRange\":\"$$$\",\"currenciesAccepted\":\"CHF\"},{\"@type\":\"PostalAddress\",\"@id\":\"https:\\\/\\\/3d-edu.ch\\\/fr\\\/boutique\\\/imprimante-3d-ultimaker-s3\\\/#local-main-place-address\",\"streetAddress\":\"3D-EDU GmbH, Badenerstrasse 556\",\"addressLocality\":\"Z\u00fcrich\",\"postalCode\":\"8048\",\"addressRegion\":\"Z\u00fcrich\",\"addressCountry\":\"CH\"},{\"@type\":\"ImageObject\",\"inLanguage\":\"fr-FR\",\"@id\":\"https:\\\/\\\/3d-edu.ch\\\/fr\\\/boutique\\\/imprimante-3d-ultimaker-s3\\\/#local-main-organization-logo\",\"url\":\"https:\\\/\\\/3d-edu.ch\\\/wp-content\\\/uploads\\\/2018\\\/10\\\/3d-drucker-makerbot-formlabs-professionelle-3d-drucker-e1546527990490.png\",\"contentUrl\":\"https:\\\/\\\/3d-edu.ch\\\/wp-content\\\/uploads\\\/2018\\\/10\\\/3d-drucker-makerbot-formlabs-professionelle-3d-drucker-e1546527990490.png\",\"width\":275,\"height\":80,\"caption\":\"3D-EDU GmbH\"}]}<\/script>\n<meta property=\"product:brand\" content=\"UltiMaker\" \/>\n<meta property=\"product:price:amount\" content=\"1661.52\" \/>\n<meta property=\"product:price:currency\" content=\"CHF\" \/>\n<meta property=\"og:availability\" content=\"backorder\" \/>\n<meta property=\"product:availability\" content=\"available for order\" \/>\n<meta property=\"product:retailer_item_id\" content=\"216931\" \/>\n<meta property=\"product:condition\" content=\"new\" \/>\n<meta name=\"geo.placename\" content=\"Z\u00fcrich\" \/>\n<meta name=\"geo.position\" content=\"47.38413;8.49812\" \/>\n<meta name=\"geo.region\" content=\"Suisse\" \/>\n<!-- \/ Yoast SEO Premium plugin. -->","yoast_head_json":{"title":"Imprimante 3D UltiMaker S3 %%page% commander en ligne maintenant - 3D-EDU GmbH","robots":{"index":"index","follow":"follow","max-snippet":"max-snippet:-1","max-image-preview":"max-image-preview:large","max-video-preview":"max-video-preview:-1"},"canonical":"https:\/\/3d-edu.ch\/fr\/boutique\/imprimante-3d-ultimaker-s3\/","og_locale":"fr_FR","og_type":"article","og_title":"Imprimante 3D UltiMaker S3","og_description":"Imprimante 3D UltiMaker S3  Volume de construction 230 x 190 x 200 mm  Dimensions de la machine (assembl\u00e9e) 394 x 489 x 637 mm (LxPxH)  Technologie d'impression Mod\u00e9lisation par d\u00e9p\u00f4t en fusion (Fused Deposition Modeling - FDM)  Diam\u00e8tre de filament compatible 2.85 mm  Poids 14.4 kg  Puissance maximale absorb\u00e9e 350 W  Mat\u00e9riau Tous les filaments courants + composites","og_url":"https:\/\/3d-edu.ch\/fr\/boutique\/imprimante-3d-ultimaker-s3\/","og_site_name":"3D-EDU GmbH","article_publisher":"https:\/\/www.facebook.com\/3d-educh-210277586064960\/","article_modified_time":"2026-04-09T12:30:07+00:00","og_image":[{"width":380,"height":380,"url":"https:\/\/3d-edu.ch\/wp-content\/uploads\/2024\/02\/ultimaker-s3-3d-drucker.webp","type":"image\/webp"}],"twitter_card":"summary_large_image","twitter_site":"@3d_edu_ch","twitter_misc":{"Prix":"1'661.52&nbsp;&#67;&#72;&#70; hors TVA","Disponibilit\u00e9":"En r\u00e9assort"},"schema":{"@context":"https:\/\/schema.org","@graph":[{"@type":"WebPage","@id":"https:\/\/3d-edu.ch\/fr\/boutique\/imprimante-3d-ultimaker-s3\/","url":"https:\/\/3d-edu.ch\/fr\/boutique\/imprimante-3d-ultimaker-s3\/","name":"Imprimante 3D UltiMaker S3 %%page% commander en ligne maintenant - 3D-EDU GmbH","isPartOf":{"@id":"https:\/\/3d-edu.ch\/fr\/#website"},"primaryImageOfPage":{"@id":"https:\/\/3d-edu.ch\/fr\/boutique\/imprimante-3d-ultimaker-s3\/#primaryimage"},"image":{"@id":"https:\/\/3d-edu.ch\/fr\/boutique\/imprimante-3d-ultimaker-s3\/#primaryimage"},"thumbnailUrl":"https:\/\/3d-edu.ch\/wp-content\/uploads\/2024\/02\/ultimaker-s3-3d-drucker.webp","datePublished":"2024-02-14T12:32:29+00:00","dateModified":"2026-04-09T12:30:07+00:00","breadcrumb":{"@id":"https:\/\/3d-edu.ch\/fr\/boutique\/imprimante-3d-ultimaker-s3\/#breadcrumb"},"inLanguage":"fr-FR","potentialAction":[{"@type":"ReadAction","target":["https:\/\/3d-edu.ch\/fr\/boutique\/imprimante-3d-ultimaker-s3\/"]}]},{"@type":"ImageObject","inLanguage":"fr-FR","@id":"https:\/\/3d-edu.ch\/fr\/boutique\/imprimante-3d-ultimaker-s3\/#primaryimage","url":"https:\/\/3d-edu.ch\/wp-content\/uploads\/2024\/02\/ultimaker-s3-3d-drucker.webp","contentUrl":"https:\/\/3d-edu.ch\/wp-content\/uploads\/2024\/02\/ultimaker-s3-3d-drucker.webp","width":380,"height":380,"caption":"Imprimante 3D UltiMaker S3 1"},{"@type":"BreadcrumbList","@id":"https:\/\/3d-edu.ch\/fr\/boutique\/imprimante-3d-ultimaker-s3\/#breadcrumb","itemListElement":[{"@type":"ListItem","position":1,"name":"Accueil","item":"https:\/\/3d-edu.ch\/fr\/"},{"@type":"ListItem","position":2,"name":"Boutique","item":"https:\/\/3d-edu.ch\/fr\/boutique\/"},{"@type":"ListItem","position":3,"name":"Imprimante 3D UltiMaker S3"}]},{"@type":"WebSite","@id":"https:\/\/3d-edu.ch\/fr\/#website","url":"https:\/\/3d-edu.ch\/fr\/","name":"3D-EDU GmbH","description":"Your Formlabs, UltiMaker and Raise3D Printer Support and Education Site in Switzerland. \/\/ Ihre Formlabs, UltiMaker and Raise3D Drucker Support und Bildungs Webseite der Schweiz.","publisher":{"@id":"https:\/\/3d-edu.ch\/fr\/#organization"},"potentialAction":[{"@type":"SearchAction","target":{"@type":"EntryPoint","urlTemplate":"https:\/\/3d-edu.ch\/fr\/?s={search_term_string}"},"query-input":{"@type":"PropertyValueSpecification","valueRequired":true,"valueName":"search_term_string"}}],"inLanguage":"fr-FR"},{"@type":["Organization","Place","ElectronicsStore"],"@id":"https:\/\/3d-edu.ch\/fr\/#organization","name":"3D-EDU GmbH","url":"https:\/\/3d-edu.ch\/fr\/","logo":{"@id":"https:\/\/3d-edu.ch\/fr\/boutique\/imprimante-3d-ultimaker-s3\/#local-main-organization-logo"},"image":{"@id":"https:\/\/3d-edu.ch\/fr\/boutique\/imprimante-3d-ultimaker-s3\/#local-main-organization-logo"},"sameAs":["https:\/\/www.facebook.com\/3d-educh-210277586064960\/","https:\/\/x.com\/3d_edu_ch"],"address":{"@id":"https:\/\/3d-edu.ch\/fr\/boutique\/imprimante-3d-ultimaker-s3\/#local-main-place-address"},"geo":{"@type":"GeoCoordinates","latitude":"47.38413","longitude":"8.49812"},"telephone":["+41 44 492 11 22"],"openingHoursSpecification":[{"@type":"OpeningHoursSpecification","dayOfWeek":["Monday","Tuesday","Wednesday","Thursday","Friday"],"opens":"08:30","closes":"18:00"},{"@type":"OpeningHoursSpecification","dayOfWeek":["Saturday","Sunday"],"opens":"00:00","closes":"00:00"}],"email":"info@3d-edu.ch","faxNumber":"+41 44 492 11 23","vatID":"CHE-184.499.491 MWST","priceRange":"$$$","currenciesAccepted":"CHF"},{"@type":"PostalAddress","@id":"https:\/\/3d-edu.ch\/fr\/boutique\/imprimante-3d-ultimaker-s3\/#local-main-place-address","streetAddress":"3D-EDU GmbH, Badenerstrasse 556","addressLocality":"Z\u00fcrich","postalCode":"8048","addressRegion":"Z\u00fcrich","addressCountry":"CH"},{"@type":"ImageObject","inLanguage":"fr-FR","@id":"https:\/\/3d-edu.ch\/fr\/boutique\/imprimante-3d-ultimaker-s3\/#local-main-organization-logo","url":"https:\/\/3d-edu.ch\/wp-content\/uploads\/2018\/10\/3d-drucker-makerbot-formlabs-professionelle-3d-drucker-e1546527990490.png","contentUrl":"https:\/\/3d-edu.ch\/wp-content\/uploads\/2018\/10\/3d-drucker-makerbot-formlabs-professionelle-3d-drucker-e1546527990490.png","width":275,"height":80,"caption":"3D-EDU GmbH"}]},"product_brand":"UltiMaker","product_price_amount":"1661.52","product_price_currency":"CHF","og_availability":"backorder","product_availability":"available for order","product_retailer_item_id":"216931","product_condition":"new","geo.placename":"Z\u00fcrich","geo.position":{"lat":"47.38413","long":"8.49812"},"geo.region":"Suisse"},"_links":{"self":[{"href":"https:\/\/3d-edu.ch\/fr\/wp-json\/wp\/v2\/product\/76559","targetHints":{"allow":["GET"]}}],"collection":[{"href":"https:\/\/3d-edu.ch\/fr\/wp-json\/wp\/v2\/product"}],"about":[{"href":"https:\/\/3d-edu.ch\/fr\/wp-json\/wp\/v2\/types\/product"}],"replies":[{"embeddable":true,"href":"https:\/\/3d-edu.ch\/fr\/wp-json\/wp\/v2\/comments?post=76559"}],"wp:featuredmedia":[{"embeddable":true,"href":"https:\/\/3d-edu.ch\/fr\/wp-json\/wp\/v2\/media\/69320"}],"wp:attachment":[{"href":"https:\/\/3d-edu.ch\/fr\/wp-json\/wp\/v2\/media?parent=76559"}],"wp:term":[{"taxonomy":"product_brand","embeddable":true,"href":"https:\/\/3d-edu.ch\/fr\/wp-json\/wp\/v2\/product_brand?post=76559"},{"taxonomy":"product_cat","embeddable":true,"href":"https:\/\/3d-edu.ch\/fr\/wp-json\/wp\/v2\/product_cat?post=76559"},{"taxonomy":"product_tag","embeddable":true,"href":"https:\/\/3d-edu.ch\/fr\/wp-json\/wp\/v2\/product_tag?post=76559"}],"curies":[{"name":"wp","href":"https:\/\/api.w.org\/{rel}","templated":true}]}}