{"id":76543,"date":"2024-02-12T15:57:28","date_gmt":"2024-02-12T15:57:28","guid":{"rendered":"https:\/\/3d-edu.ch\/shop\/filament-petg-ultimaker\/"},"modified":"2026-04-20T17:05:02","modified_gmt":"2026-04-20T15:05:02","slug":"filament-petg-ultimaker","status":"publish","type":"product","link":"https:\/\/3d-edu.ch\/fr\/boutique\/filament-petg-ultimaker\/","title":{"rendered":"Filament PETG Ultimaker"},"content":{"rendered":"<h2>Filament PETG Ultimaker noir 2,85 mm 750 g<\/h2>\n<p>Le filament PETG Ultimaker est la norme pour les applications industrielles. Avec plusieurs variantes de couleurs, y compris des variantes translucides et fluorescentes, il offre une excellente imprimabilit\u00e9, t\u00e9nacit\u00e9, r\u00e9sistance chimique, r\u00e9sistance \u00e0 l&rsquo;usure et r\u00e9sistance \u00e0 la temp\u00e9rature. Cela le rend parfait pour diff\u00e9rentes applications.  <\/p>\n<p>Avantages du filament PETG Ultimaker :<\/p>\n<ul>\n<li>Bonne adh\u00e9rence et liaison fiable des couches, compatible avec les mat\u00e9riaux PVA et breakaway.<\/li>\n<li>D\u00e9tection NFC et profils d&rsquo;impression pour une utilisation facile, aussi bien pour les d\u00e9butants que pour les experts.<\/li>\n<li>Offre une large gamme d&rsquo;applications techniques, comparable au PLA et au Tough PLA, mais avec des caract\u00e9ristiques industrielles.<\/li>\n<li>\u00c9conomique, polyvalent, s\u00fbr et facile \u00e0 imprimer.<\/li>\n<\/ul>\n<p>Applications du filament PETG Ultimaker :<\/p>\n<ul>\n<li>Cr\u00e9ation d&rsquo;outillages personnalis\u00e9s pour l&rsquo;efficacit\u00e9, l&rsquo;ordre et la s\u00e9curit\u00e9 dans les environnements industriels.<\/li>\n<li>Id\u00e9al pour les pi\u00e8ces soumises \u00e0 de fortes contraintes dans diff\u00e9rents environnements industriels gr\u00e2ce \u00e0 sa r\u00e9sistance aux produits chimiques et \u00e0 la temp\u00e9rature.<\/li>\n<li>Parfait pour les prototypes fonctionnels avec une bonne imprimabilit\u00e9 et des propri\u00e9t\u00e9s de r\u00e9sistance.<\/li>\n<\/ul>\n<p>Ultimaker PETG est une option \u00e9conomique et polyvalente qui s&rsquo;int\u00e8gre facilement dans votre entreprise, ce qui signifie moins de changements et plus de standardisation.<\/p>\n","protected":false},"excerpt":{"rendered":"<h1>Filament PETG Ultimaker noir 2,85 mm 750 g<\/h1>\n<h3>Inclus dans la livraison<\/h3>\n<ul>\n<li>1 bobine de filament PETG Ultimaker noir 2,85 mm 750 g<\/li>\n<\/ul>\n<p><strong>Compatibilit\u00e9<\/strong><\/p>\n<p>Ultimaker 3, Ultimaker 3 Extended et Ultimaker S5.<\/p>\n","protected":false},"featured_media":70639,"comment_status":"closed","ping_status":"closed","template":"","meta":[],"product_brand":[],"product_cat":[7868,7922,7925,8206],"product_tag":[8820,8693,8819,8313],"class_list":{"0":"post-76543","1":"product","2":"type-product","3":"status-publish","4":"has-post-thumbnail","6":"product_cat-filament-petg-fr","7":"product_cat-filaments-fr-4","8":"product_cat-materiaux-pour-la-serie-s-fr","9":"product_cat-ultimaker","10":"product_tag-breakaway","11":"product_tag-filament","12":"product_tag-support","13":"product_tag-ultimaker","14":"yith_product_brand-ultimaker","16":"first","17":"onbackorder","18":"taxable","19":"shipping-taxable","20":"purchasable","21":"product-type-variable"},"yoast_head":"<!-- This site is optimized with the Yoast SEO Premium plugin v27.4 (Yoast SEO v27.4) - https:\/\/yoast.com\/product\/yoast-seo-premium-wordpress\/ -->\n<title>Filament PETG Ultimaker %%page% commander en ligne - %%nom du site<\/title>\n<meta name=\"description\" content=\"Le filament PETG Ultimaker est la norme pour les applications industrielles. Avec plusieurs variantes de couleurs, y compris des variantes translucides et fluorescentes, il offre une excellente imprimabilit\u00e9, t\u00e9nacit\u00e9, r\u00e9sistance chimique, r\u00e9sistance \u00e0 l&#039;usure et r\u00e9sistance \u00e0 la temp\u00e9rature. Cela le rend parfait pour diff\u00e9rentes applications.\" \/>\n<meta name=\"robots\" content=\"index, follow, max-snippet:-1, max-image-preview:large, max-video-preview:-1\" \/>\n<link rel=\"canonical\" href=\"https:\/\/3d-edu.ch\/fr\/boutique\/filament-petg-ultimaker\/\" \/>\n<meta property=\"og:locale\" content=\"fr_FR\" \/>\n<meta property=\"og:type\" content=\"article\" \/>\n<meta property=\"og:title\" content=\"Filament PETG Ultimaker\" \/>\n<meta property=\"og:description\" content=\"Le filament PETG Ultimaker est la norme pour les applications industrielles. Avec plusieurs variantes de couleurs, y compris des variantes translucides et fluorescentes, il offre une excellente imprimabilit\u00e9, t\u00e9nacit\u00e9, r\u00e9sistance chimique, r\u00e9sistance \u00e0 l&#039;usure et r\u00e9sistance \u00e0 la temp\u00e9rature. Cela le rend parfait pour diff\u00e9rentes applications.\" \/>\n<meta property=\"og:url\" content=\"https:\/\/3d-edu.ch\/fr\/boutique\/filament-petg-ultimaker\/\" \/>\n<meta property=\"og:site_name\" content=\"3D-EDU GmbH\" \/>\n<meta property=\"article:publisher\" content=\"https:\/\/www.facebook.com\/3d-educh-210277586064960\/\" \/>\n<meta property=\"article:modified_time\" content=\"2026-04-20T15:05:02+00:00\" \/>\n<meta property=\"og:image\" content=\"https:\/\/3d-edu.ch\/wp-content\/uploads\/2024\/02\/Ultimaker-PETG-Material.jpg\" \/>\n\t<meta property=\"og:image:width\" content=\"380\" \/>\n\t<meta property=\"og:image:height\" content=\"380\" \/>\n\t<meta property=\"og:image:type\" content=\"image\/jpeg\" \/>\n<meta name=\"twitter:card\" content=\"summary_large_image\" \/>\n<meta name=\"twitter:site\" content=\"@3d_edu_ch\" \/>\n<meta name=\"twitter:label1\" content=\"Disponibilit\u00e9\" \/>\n\t<meta name=\"twitter:data1\" content=\"En r\u00e9assort\" \/>\n<script type=\"application\/ld+json\" class=\"yoast-schema-graph\">{\"@context\":\"https:\\\/\\\/schema.org\",\"@graph\":[{\"@type\":\"WebPage\",\"@id\":\"https:\\\/\\\/3d-edu.ch\\\/fr\\\/boutique\\\/filament-petg-ultimaker\\\/\",\"url\":\"https:\\\/\\\/3d-edu.ch\\\/fr\\\/boutique\\\/filament-petg-ultimaker\\\/\",\"name\":\"Filament PETG Ultimaker %%page% commander en ligne - %%nom du site\",\"isPartOf\":{\"@id\":\"https:\\\/\\\/3d-edu.ch\\\/fr\\\/#website\"},\"primaryImageOfPage\":{\"@id\":\"https:\\\/\\\/3d-edu.ch\\\/fr\\\/boutique\\\/filament-petg-ultimaker\\\/#primaryimage\"},\"image\":{\"@id\":\"https:\\\/\\\/3d-edu.ch\\\/fr\\\/boutique\\\/filament-petg-ultimaker\\\/#primaryimage\"},\"thumbnailUrl\":\"https:\\\/\\\/3d-edu.ch\\\/wp-content\\\/uploads\\\/2024\\\/02\\\/Ultimaker-PETG-Material.jpg\",\"datePublished\":\"2024-02-12T15:57:28+00:00\",\"dateModified\":\"2026-04-20T15:05:02+00:00\",\"description\":\"Le filament PETG Ultimaker est la norme pour les applications industrielles. Avec plusieurs variantes de couleurs, y compris des variantes translucides et fluorescentes, il offre une excellente imprimabilit\u00e9, t\u00e9nacit\u00e9, r\u00e9sistance chimique, r\u00e9sistance \u00e0 l'usure et r\u00e9sistance \u00e0 la temp\u00e9rature. Cela le rend parfait pour diff\u00e9rentes applications.\",\"breadcrumb\":{\"@id\":\"https:\\\/\\\/3d-edu.ch\\\/fr\\\/boutique\\\/filament-petg-ultimaker\\\/#breadcrumb\"},\"inLanguage\":\"fr-FR\",\"potentialAction\":[{\"@type\":\"ReadAction\",\"target\":[\"https:\\\/\\\/3d-edu.ch\\\/fr\\\/boutique\\\/filament-petg-ultimaker\\\/\"]}]},{\"@type\":\"ImageObject\",\"inLanguage\":\"fr-FR\",\"@id\":\"https:\\\/\\\/3d-edu.ch\\\/fr\\\/boutique\\\/filament-petg-ultimaker\\\/#primaryimage\",\"url\":\"https:\\\/\\\/3d-edu.ch\\\/wp-content\\\/uploads\\\/2024\\\/02\\\/Ultimaker-PETG-Material.jpg\",\"contentUrl\":\"https:\\\/\\\/3d-edu.ch\\\/wp-content\\\/uploads\\\/2024\\\/02\\\/Ultimaker-PETG-Material.jpg\",\"width\":380,\"height\":380},{\"@type\":\"BreadcrumbList\",\"@id\":\"https:\\\/\\\/3d-edu.ch\\\/fr\\\/boutique\\\/filament-petg-ultimaker\\\/#breadcrumb\",\"itemListElement\":[{\"@type\":\"ListItem\",\"position\":1,\"name\":\"Accueil\",\"item\":\"https:\\\/\\\/3d-edu.ch\\\/fr\\\/\"},{\"@type\":\"ListItem\",\"position\":2,\"name\":\"Boutique\",\"item\":\"https:\\\/\\\/3d-edu.ch\\\/fr\\\/boutique\\\/\"},{\"@type\":\"ListItem\",\"position\":3,\"name\":\"Filament PETG Ultimaker\"}]},{\"@type\":\"WebSite\",\"@id\":\"https:\\\/\\\/3d-edu.ch\\\/fr\\\/#website\",\"url\":\"https:\\\/\\\/3d-edu.ch\\\/fr\\\/\",\"name\":\"3D-EDU GmbH\",\"description\":\"Your Formlabs, UltiMaker and Raise3D Printer Support and Education Site in Switzerland. \\\/\\\/ Ihre Formlabs, UltiMaker and Raise3D Drucker Support und Bildungs Webseite der Schweiz.\",\"publisher\":{\"@id\":\"https:\\\/\\\/3d-edu.ch\\\/fr\\\/#organization\"},\"potentialAction\":[{\"@type\":\"SearchAction\",\"target\":{\"@type\":\"EntryPoint\",\"urlTemplate\":\"https:\\\/\\\/3d-edu.ch\\\/fr\\\/?s={search_term_string}\"},\"query-input\":{\"@type\":\"PropertyValueSpecification\",\"valueRequired\":true,\"valueName\":\"search_term_string\"}}],\"inLanguage\":\"fr-FR\"},{\"@type\":[\"Organization\",\"Place\",\"ElectronicsStore\"],\"@id\":\"https:\\\/\\\/3d-edu.ch\\\/fr\\\/#organization\",\"name\":\"3D-EDU GmbH\",\"url\":\"https:\\\/\\\/3d-edu.ch\\\/fr\\\/\",\"logo\":{\"@id\":\"https:\\\/\\\/3d-edu.ch\\\/fr\\\/boutique\\\/filament-petg-ultimaker\\\/#local-main-organization-logo\"},\"image\":{\"@id\":\"https:\\\/\\\/3d-edu.ch\\\/fr\\\/boutique\\\/filament-petg-ultimaker\\\/#local-main-organization-logo\"},\"sameAs\":[\"https:\\\/\\\/www.facebook.com\\\/3d-educh-210277586064960\\\/\",\"https:\\\/\\\/x.com\\\/3d_edu_ch\"],\"address\":{\"@id\":\"https:\\\/\\\/3d-edu.ch\\\/fr\\\/boutique\\\/filament-petg-ultimaker\\\/#local-main-place-address\"},\"geo\":{\"@type\":\"GeoCoordinates\",\"latitude\":\"47.38413\",\"longitude\":\"8.49812\"},\"telephone\":[\"+41 44 492 11 22\"],\"openingHoursSpecification\":[{\"@type\":\"OpeningHoursSpecification\",\"dayOfWeek\":[\"Monday\",\"Tuesday\",\"Wednesday\",\"Thursday\",\"Friday\"],\"opens\":\"08:30\",\"closes\":\"18:00\"},{\"@type\":\"OpeningHoursSpecification\",\"dayOfWeek\":[\"Saturday\",\"Sunday\"],\"opens\":\"00:00\",\"closes\":\"00:00\"}],\"email\":\"info@3d-edu.ch\",\"faxNumber\":\"+41 44 492 11 23\",\"vatID\":\"CHE-184.499.491 MWST\",\"priceRange\":\"$$$\",\"currenciesAccepted\":\"CHF\"},{\"@type\":\"PostalAddress\",\"@id\":\"https:\\\/\\\/3d-edu.ch\\\/fr\\\/boutique\\\/filament-petg-ultimaker\\\/#local-main-place-address\",\"streetAddress\":\"3D-EDU GmbH, Badenerstrasse 556\",\"addressLocality\":\"Z\u00fcrich\",\"postalCode\":\"8048\",\"addressRegion\":\"Z\u00fcrich\",\"addressCountry\":\"CH\"},{\"@type\":\"ImageObject\",\"inLanguage\":\"fr-FR\",\"@id\":\"https:\\\/\\\/3d-edu.ch\\\/fr\\\/boutique\\\/filament-petg-ultimaker\\\/#local-main-organization-logo\",\"url\":\"https:\\\/\\\/3d-edu.ch\\\/wp-content\\\/uploads\\\/2018\\\/10\\\/3d-drucker-makerbot-formlabs-professionelle-3d-drucker-e1546527990490.png\",\"contentUrl\":\"https:\\\/\\\/3d-edu.ch\\\/wp-content\\\/uploads\\\/2018\\\/10\\\/3d-drucker-makerbot-formlabs-professionelle-3d-drucker-e1546527990490.png\",\"width\":275,\"height\":80,\"caption\":\"3D-EDU GmbH\"}]}<\/script>\n<meta property=\"product:brand\" content=\"UltiMaker\" \/>\n<meta property=\"og:availability\" content=\"backorder\" \/>\n<meta property=\"product:availability\" content=\"available for order\" \/>\n<meta property=\"product:retailer_item_id\" content=\"FIUM-BAM0-WH0-1\" \/>\n<meta property=\"product:condition\" content=\"new\" \/>\n<meta name=\"geo.placename\" content=\"Z\u00fcrich\" \/>\n<meta name=\"geo.position\" content=\"47.38413;8.49812\" \/>\n<meta name=\"geo.region\" content=\"Suisse\" \/>\n<!-- \/ Yoast SEO Premium plugin. -->","yoast_head_json":{"title":"Filament PETG Ultimaker %%page% commander en ligne - %%nom du site","description":"Le filament PETG Ultimaker est la norme pour les applications industrielles. Avec plusieurs variantes de couleurs, y compris des variantes translucides et fluorescentes, il offre une excellente imprimabilit\u00e9, t\u00e9nacit\u00e9, r\u00e9sistance chimique, r\u00e9sistance \u00e0 l'usure et r\u00e9sistance \u00e0 la temp\u00e9rature. Cela le rend parfait pour diff\u00e9rentes applications.","robots":{"index":"index","follow":"follow","max-snippet":"max-snippet:-1","max-image-preview":"max-image-preview:large","max-video-preview":"max-video-preview:-1"},"canonical":"https:\/\/3d-edu.ch\/fr\/boutique\/filament-petg-ultimaker\/","og_locale":"fr_FR","og_type":"article","og_title":"Filament PETG Ultimaker","og_description":"Le filament PETG Ultimaker est la norme pour les applications industrielles. Avec plusieurs variantes de couleurs, y compris des variantes translucides et fluorescentes, il offre une excellente imprimabilit\u00e9, t\u00e9nacit\u00e9, r\u00e9sistance chimique, r\u00e9sistance \u00e0 l'usure et r\u00e9sistance \u00e0 la temp\u00e9rature. Cela le rend parfait pour diff\u00e9rentes applications.","og_url":"https:\/\/3d-edu.ch\/fr\/boutique\/filament-petg-ultimaker\/","og_site_name":"3D-EDU GmbH","article_publisher":"https:\/\/www.facebook.com\/3d-educh-210277586064960\/","article_modified_time":"2026-04-20T15:05:02+00:00","og_image":[{"width":380,"height":380,"url":"https:\/\/3d-edu.ch\/wp-content\/uploads\/2024\/02\/Ultimaker-PETG-Material.jpg","type":"image\/jpeg"}],"twitter_card":"summary_large_image","twitter_site":"@3d_edu_ch","twitter_misc":{"Disponibilit\u00e9":"En r\u00e9assort"},"schema":{"@context":"https:\/\/schema.org","@graph":[{"@type":"WebPage","@id":"https:\/\/3d-edu.ch\/fr\/boutique\/filament-petg-ultimaker\/","url":"https:\/\/3d-edu.ch\/fr\/boutique\/filament-petg-ultimaker\/","name":"Filament PETG Ultimaker %%page% commander en ligne - %%nom du site","isPartOf":{"@id":"https:\/\/3d-edu.ch\/fr\/#website"},"primaryImageOfPage":{"@id":"https:\/\/3d-edu.ch\/fr\/boutique\/filament-petg-ultimaker\/#primaryimage"},"image":{"@id":"https:\/\/3d-edu.ch\/fr\/boutique\/filament-petg-ultimaker\/#primaryimage"},"thumbnailUrl":"https:\/\/3d-edu.ch\/wp-content\/uploads\/2024\/02\/Ultimaker-PETG-Material.jpg","datePublished":"2024-02-12T15:57:28+00:00","dateModified":"2026-04-20T15:05:02+00:00","description":"Le filament PETG Ultimaker est la norme pour les applications industrielles. Avec plusieurs variantes de couleurs, y compris des variantes translucides et fluorescentes, il offre une excellente imprimabilit\u00e9, t\u00e9nacit\u00e9, r\u00e9sistance chimique, r\u00e9sistance \u00e0 l'usure et r\u00e9sistance \u00e0 la temp\u00e9rature. Cela le rend parfait pour diff\u00e9rentes applications.","breadcrumb":{"@id":"https:\/\/3d-edu.ch\/fr\/boutique\/filament-petg-ultimaker\/#breadcrumb"},"inLanguage":"fr-FR","potentialAction":[{"@type":"ReadAction","target":["https:\/\/3d-edu.ch\/fr\/boutique\/filament-petg-ultimaker\/"]}]},{"@type":"ImageObject","inLanguage":"fr-FR","@id":"https:\/\/3d-edu.ch\/fr\/boutique\/filament-petg-ultimaker\/#primaryimage","url":"https:\/\/3d-edu.ch\/wp-content\/uploads\/2024\/02\/Ultimaker-PETG-Material.jpg","contentUrl":"https:\/\/3d-edu.ch\/wp-content\/uploads\/2024\/02\/Ultimaker-PETG-Material.jpg","width":380,"height":380},{"@type":"BreadcrumbList","@id":"https:\/\/3d-edu.ch\/fr\/boutique\/filament-petg-ultimaker\/#breadcrumb","itemListElement":[{"@type":"ListItem","position":1,"name":"Accueil","item":"https:\/\/3d-edu.ch\/fr\/"},{"@type":"ListItem","position":2,"name":"Boutique","item":"https:\/\/3d-edu.ch\/fr\/boutique\/"},{"@type":"ListItem","position":3,"name":"Filament PETG Ultimaker"}]},{"@type":"WebSite","@id":"https:\/\/3d-edu.ch\/fr\/#website","url":"https:\/\/3d-edu.ch\/fr\/","name":"3D-EDU GmbH","description":"Your Formlabs, UltiMaker and Raise3D Printer Support and Education Site in Switzerland. \/\/ Ihre Formlabs, UltiMaker and Raise3D Drucker Support und Bildungs Webseite der Schweiz.","publisher":{"@id":"https:\/\/3d-edu.ch\/fr\/#organization"},"potentialAction":[{"@type":"SearchAction","target":{"@type":"EntryPoint","urlTemplate":"https:\/\/3d-edu.ch\/fr\/?s={search_term_string}"},"query-input":{"@type":"PropertyValueSpecification","valueRequired":true,"valueName":"search_term_string"}}],"inLanguage":"fr-FR"},{"@type":["Organization","Place","ElectronicsStore"],"@id":"https:\/\/3d-edu.ch\/fr\/#organization","name":"3D-EDU GmbH","url":"https:\/\/3d-edu.ch\/fr\/","logo":{"@id":"https:\/\/3d-edu.ch\/fr\/boutique\/filament-petg-ultimaker\/#local-main-organization-logo"},"image":{"@id":"https:\/\/3d-edu.ch\/fr\/boutique\/filament-petg-ultimaker\/#local-main-organization-logo"},"sameAs":["https:\/\/www.facebook.com\/3d-educh-210277586064960\/","https:\/\/x.com\/3d_edu_ch"],"address":{"@id":"https:\/\/3d-edu.ch\/fr\/boutique\/filament-petg-ultimaker\/#local-main-place-address"},"geo":{"@type":"GeoCoordinates","latitude":"47.38413","longitude":"8.49812"},"telephone":["+41 44 492 11 22"],"openingHoursSpecification":[{"@type":"OpeningHoursSpecification","dayOfWeek":["Monday","Tuesday","Wednesday","Thursday","Friday"],"opens":"08:30","closes":"18:00"},{"@type":"OpeningHoursSpecification","dayOfWeek":["Saturday","Sunday"],"opens":"00:00","closes":"00:00"}],"email":"info@3d-edu.ch","faxNumber":"+41 44 492 11 23","vatID":"CHE-184.499.491 MWST","priceRange":"$$$","currenciesAccepted":"CHF"},{"@type":"PostalAddress","@id":"https:\/\/3d-edu.ch\/fr\/boutique\/filament-petg-ultimaker\/#local-main-place-address","streetAddress":"3D-EDU GmbH, Badenerstrasse 556","addressLocality":"Z\u00fcrich","postalCode":"8048","addressRegion":"Z\u00fcrich","addressCountry":"CH"},{"@type":"ImageObject","inLanguage":"fr-FR","@id":"https:\/\/3d-edu.ch\/fr\/boutique\/filament-petg-ultimaker\/#local-main-organization-logo","url":"https:\/\/3d-edu.ch\/wp-content\/uploads\/2018\/10\/3d-drucker-makerbot-formlabs-professionelle-3d-drucker-e1546527990490.png","contentUrl":"https:\/\/3d-edu.ch\/wp-content\/uploads\/2018\/10\/3d-drucker-makerbot-formlabs-professionelle-3d-drucker-e1546527990490.png","width":275,"height":80,"caption":"3D-EDU GmbH"}]},"product_brand":"UltiMaker","og_availability":"backorder","product_availability":"available for order","product_retailer_item_id":"FIUM-BAM0-WH0-1","product_condition":"new","geo.placename":"Z\u00fcrich","geo.position":{"lat":"47.38413","long":"8.49812"},"geo.region":"Suisse"},"_links":{"self":[{"href":"https:\/\/3d-edu.ch\/fr\/wp-json\/wp\/v2\/product\/76543","targetHints":{"allow":["GET"]}}],"collection":[{"href":"https:\/\/3d-edu.ch\/fr\/wp-json\/wp\/v2\/product"}],"about":[{"href":"https:\/\/3d-edu.ch\/fr\/wp-json\/wp\/v2\/types\/product"}],"replies":[{"embeddable":true,"href":"https:\/\/3d-edu.ch\/fr\/wp-json\/wp\/v2\/comments?post=76543"}],"wp:featuredmedia":[{"embeddable":true,"href":"https:\/\/3d-edu.ch\/fr\/wp-json\/wp\/v2\/media\/70639"}],"wp:attachment":[{"href":"https:\/\/3d-edu.ch\/fr\/wp-json\/wp\/v2\/media?parent=76543"}],"wp:term":[{"taxonomy":"product_brand","embeddable":true,"href":"https:\/\/3d-edu.ch\/fr\/wp-json\/wp\/v2\/product_brand?post=76543"},{"taxonomy":"product_cat","embeddable":true,"href":"https:\/\/3d-edu.ch\/fr\/wp-json\/wp\/v2\/product_cat?post=76543"},{"taxonomy":"product_tag","embeddable":true,"href":"https:\/\/3d-edu.ch\/fr\/wp-json\/wp\/v2\/product_tag?post=76543"}],"curies":[{"name":"wp","href":"https:\/\/api.w.org\/{rel}","templated":true}]}}