{"id":76535,"date":"2024-02-14T15:59:25","date_gmt":"2024-02-14T14:59:25","guid":{"rendered":"https:\/\/3d-edu.ch\/shop\/imprimante-3d-ultimaker-s5\/"},"modified":"2026-04-09T14:30:08","modified_gmt":"2026-04-09T12:30:08","slug":"imprimante-3d-ultimaker-s5","status":"publish","type":"product","link":"https:\/\/3d-edu.ch\/fr\/boutique\/imprimante-3d-ultimaker-s5\/","title":{"rendered":"Imprimante 3D UltiMaker S5"},"content":{"rendered":"<h2>UltiMaker S5 - Imprimante FDM double extrusion puissante<\/h2>\n<p>L&rsquo;UltiMaker S5 est une imprimante FDM \u00e0 double extrusion puissante qui se distingue par sa grande diversit\u00e9 de mat\u00e9riaux et sa fiabilit\u00e9. Elle dispose en outre de caract\u00e9ristiques telles qu&rsquo;un grand espace de montage, un \u00e9cran tactile et une d\u00e9tection de fin de filament. <\/p>\n<p><b>Contenu de la livraison :  <\/b><\/p>\n<ul>\n<li>1x Imprimante 3D Ultimaker S5<\/li>\n<li>1x Ultimaker Essentials<\/li>\n<li>1x Ultimaker Tough PLA 750g<\/li>\n<li>1x Ultimaker PVA 750g<\/li>\n<li>2x C\u0153ur d&rsquo;impression interchangeable 0.4mm AA<\/li>\n<li>1x noyau d&rsquo;impression interchangeable 0.4mm BB<\/li>\n<li>1x plaque de verre pour lit d&rsquo;impression<\/li>\n<li>1x c\u00e2ble r\u00e9seau<\/li>\n<li>1x cl\u00e9 USB, b\u00e2ton de colle, vis \u00e0 t\u00eate hexagonale, huile et graisse<\/li>\n<li>1x carte d&rsquo;\u00e9talonnage et feuille d&rsquo;\u00e9talonnage XY<\/li>\n<\/ul>\n<div class=\"accordion\">\n\t<div id=\"accordion-908785894\" class=\"accordion-item\">\n\t\t<a id=\"accordion-908785894-label\" class=\"accordion-title plain\" href=\"#accordion-item-plus-d&#039;informations\" aria-expanded=\"false\" aria-controls=\"accordion-908785894-content\">\n\t\t\t<button class=\"toggle\" aria-label=\"Basculer\"><i class=\"icon-angle-down\" aria-hidden=\"true\"><\/i><\/button>\n\t\t\t<span>Plus d&#039;informations<\/span>\n\t\t<\/a>\n\t\t<div id=\"accordion-908785894-content\" class=\"accordion-inner\" aria-labelledby=\"accordion-908785894-label\">\n\t\t\t\n<p>L&rsquo;Ultimaker S5 est une imprimante FDM de bureau sp\u00e9cialement con\u00e7ue pour une utilisation au bureau et disposant d&rsquo;un grand espace de montage. Elle peut produire des pi\u00e8ces pr\u00e9cises de qualit\u00e9 industrielle et se caract\u00e9rise par une grande facilit\u00e9 d&rsquo;utilisation. L&rsquo;imprimante offre de nombreuses fonctionnalit\u00e9s et am\u00e9liorations par rapport \u00e0 ses pr\u00e9d\u00e9cesseurs.  <\/p>\n<p>L&rsquo;une des principales nouveaut\u00e9s est l&rsquo;\u00e9cran tactile en couleurs, qui permet une utilisation intuitive, offre une configuration simple et fournit des informations d&rsquo;\u00e9tat d\u00e9taill\u00e9es \u00e0 l&rsquo;utilisateur. Un autre avantage est l&rsquo;augmentation de l&rsquo;espace de montage avec un lit d&rsquo;impression \u00e9quip\u00e9 d&rsquo;une plaque de verre. De plus, pour une plus grande facilit\u00e9 d&rsquo;utilisation, l&rsquo;appareil a \u00e9t\u00e9 \u00e9quip\u00e9 d&rsquo;un capteur de filament et d&rsquo;un changement de consommable simplifi\u00e9 afin de garantir une qualit\u00e9 de production et une fiabilit\u00e9 \u00e9lev\u00e9es.<\/p>\n\t\t<\/div>\n\t<\/div>\n\t\n<\/div>\n","protected":false},"excerpt":{"rendered":"<h2>Imprimante 3D UltiMaker S5<\/h2>\n<table>\n<tbody>\n<tr>\n<td>Volume de construction<\/td>\n<td>330 x 240 x 300 mm<\/td>\n<\/tr>\n<tr>\n<td>Dimensions de la machine (assembl\u00e9e)<\/td>\n<td>495 x 585 x 780 mm (LxPxH)<\/td>\n<\/tr>\n<tr>\n<td>Technologie d&rsquo;impression<\/td>\n<td>Mod\u00e9lisation par d\u00e9p\u00f4t en fusion (Fused Deposition Modeling - FDM)<\/td>\n<\/tr>\n<tr>\n<td>Diam\u00e8tre de filament compatible<\/td>\n<td>2.85 mm<\/td>\n<\/tr>\n<tr>\n<td>Poids<\/td>\n<td>29.1 kg<\/td>\n<\/tr>\n<tr>\n<td>Puissance maximale absorb\u00e9e<\/td>\n<td>500 W<\/td>\n<\/tr>\n<\/tbody>\n<\/table>\n","protected":false},"featured_media":69334,"comment_status":"closed","ping_status":"closed","template":"","meta":[],"product_brand":[],"product_cat":[7915,7917,8206],"product_tag":[8316,8208,8801,8313],"class_list":{"0":"post-76535","1":"product","2":"type-product","3":"status-publish","4":"has-post-thumbnail","6":"product_cat-imprimantes-3d-fr-3","7":"product_cat-imprimantes-3d-de-la-serie-s-fr","8":"product_cat-ultimaker","9":"product_tag-fdm","10":"product_tag-imprimante-3d-fdm","11":"product_tag-s5","12":"product_tag-ultimaker","14":"first","15":"onbackorder","16":"taxable","17":"shipping-taxable","18":"purchasable","19":"product-type-simple"},"yoast_head":"<!-- This site is optimized with the Yoast SEO Premium plugin v27.4 (Yoast SEO v27.4) - https:\/\/yoast.com\/product\/yoast-seo-premium-wordpress\/ -->\n<title>Imprimante 3D UltiMaker S5 %%page% commander en ligne maintenant - 3D-EDU GmbH<\/title>\n<meta name=\"description\" content=\"L&#039;UltiMaker S5 est une imprimante FDM \u00e0 double extrusion puissante qui se distingue par sa grande diversit\u00e9 de mat\u00e9riaux et sa fiabilit\u00e9. Elle dispose en outre de caract\u00e9ristiques telles qu&#039;un grand espace de montage, un \u00e9cran tactile et une d\u00e9tection de fin de filament.\" \/>\n<meta name=\"robots\" content=\"index, follow, max-snippet:-1, max-image-preview:large, max-video-preview:-1\" \/>\n<link rel=\"canonical\" href=\"https:\/\/3d-edu.ch\/fr\/boutique\/imprimante-3d-ultimaker-s5\/\" \/>\n<meta property=\"og:locale\" content=\"fr_FR\" \/>\n<meta property=\"og:type\" content=\"article\" \/>\n<meta property=\"og:title\" content=\"Imprimante 3D UltiMaker S5\" \/>\n<meta property=\"og:description\" content=\"L&#039;UltiMaker S5 est une imprimante FDM \u00e0 double extrusion puissante qui se distingue par sa grande diversit\u00e9 de mat\u00e9riaux et sa fiabilit\u00e9. Elle dispose en outre de caract\u00e9ristiques telles qu&#039;un grand espace de montage, un \u00e9cran tactile et une d\u00e9tection de fin de filament.\" \/>\n<meta property=\"og:url\" content=\"https:\/\/3d-edu.ch\/fr\/boutique\/imprimante-3d-ultimaker-s5\/\" \/>\n<meta property=\"og:site_name\" content=\"3D-EDU GmbH\" \/>\n<meta property=\"article:publisher\" content=\"https:\/\/www.facebook.com\/3d-educh-210277586064960\/\" \/>\n<meta property=\"article:modified_time\" content=\"2026-04-09T12:30:08+00:00\" \/>\n<meta property=\"og:image\" content=\"https:\/\/3d-edu.ch\/wp-content\/uploads\/2024\/02\/ultimaker-s5-3d-drucker.webp\" \/>\n\t<meta property=\"og:image:width\" content=\"380\" \/>\n\t<meta property=\"og:image:height\" content=\"380\" \/>\n\t<meta property=\"og:image:type\" content=\"image\/webp\" \/>\n<meta name=\"twitter:card\" content=\"summary_large_image\" \/>\n<meta name=\"twitter:site\" content=\"@3d_edu_ch\" \/>\n<meta name=\"twitter:label1\" content=\"Prix\" \/>\n\t<meta name=\"twitter:data1\" content=\"3&#039;087.47&nbsp;&#067;&#072;&#070; hors TVA\" \/>\n\t<meta name=\"twitter:label2\" content=\"Disponibilit\u00e9\" \/>\n\t<meta name=\"twitter:data2\" content=\"En r\u00e9assort\" \/>\n<script type=\"application\/ld+json\" class=\"yoast-schema-graph\">{\"@context\":\"https:\\\/\\\/schema.org\",\"@graph\":[{\"@type\":\"WebPage\",\"@id\":\"https:\\\/\\\/3d-edu.ch\\\/fr\\\/boutique\\\/imprimante-3d-ultimaker-s5\\\/\",\"url\":\"https:\\\/\\\/3d-edu.ch\\\/fr\\\/boutique\\\/imprimante-3d-ultimaker-s5\\\/\",\"name\":\"Imprimante 3D UltiMaker S5 %%page% commander en ligne maintenant - 3D-EDU GmbH\",\"isPartOf\":{\"@id\":\"https:\\\/\\\/3d-edu.ch\\\/fr\\\/#website\"},\"primaryImageOfPage\":{\"@id\":\"https:\\\/\\\/3d-edu.ch\\\/fr\\\/boutique\\\/imprimante-3d-ultimaker-s5\\\/#primaryimage\"},\"image\":{\"@id\":\"https:\\\/\\\/3d-edu.ch\\\/fr\\\/boutique\\\/imprimante-3d-ultimaker-s5\\\/#primaryimage\"},\"thumbnailUrl\":\"https:\\\/\\\/3d-edu.ch\\\/wp-content\\\/uploads\\\/2024\\\/02\\\/ultimaker-s5-3d-drucker.webp\",\"datePublished\":\"2024-02-14T14:59:25+00:00\",\"dateModified\":\"2026-04-09T12:30:08+00:00\",\"description\":\"L'UltiMaker S5 est une imprimante FDM \u00e0 double extrusion puissante qui se distingue par sa grande diversit\u00e9 de mat\u00e9riaux et sa fiabilit\u00e9. Elle dispose en outre de caract\u00e9ristiques telles qu'un grand espace de montage, un \u00e9cran tactile et une d\u00e9tection de fin de filament.\",\"breadcrumb\":{\"@id\":\"https:\\\/\\\/3d-edu.ch\\\/fr\\\/boutique\\\/imprimante-3d-ultimaker-s5\\\/#breadcrumb\"},\"inLanguage\":\"fr-FR\",\"potentialAction\":[{\"@type\":\"ReadAction\",\"target\":[\"https:\\\/\\\/3d-edu.ch\\\/fr\\\/boutique\\\/imprimante-3d-ultimaker-s5\\\/\"]}]},{\"@type\":\"ImageObject\",\"inLanguage\":\"fr-FR\",\"@id\":\"https:\\\/\\\/3d-edu.ch\\\/fr\\\/boutique\\\/imprimante-3d-ultimaker-s5\\\/#primaryimage\",\"url\":\"https:\\\/\\\/3d-edu.ch\\\/wp-content\\\/uploads\\\/2024\\\/02\\\/ultimaker-s5-3d-drucker.webp\",\"contentUrl\":\"https:\\\/\\\/3d-edu.ch\\\/wp-content\\\/uploads\\\/2024\\\/02\\\/ultimaker-s5-3d-drucker.webp\",\"width\":380,\"height\":380,\"caption\":\"Imprimante 3D UltiMaker S5 1\"},{\"@type\":\"BreadcrumbList\",\"@id\":\"https:\\\/\\\/3d-edu.ch\\\/fr\\\/boutique\\\/imprimante-3d-ultimaker-s5\\\/#breadcrumb\",\"itemListElement\":[{\"@type\":\"ListItem\",\"position\":1,\"name\":\"Accueil\",\"item\":\"https:\\\/\\\/3d-edu.ch\\\/fr\\\/\"},{\"@type\":\"ListItem\",\"position\":2,\"name\":\"Boutique\",\"item\":\"https:\\\/\\\/3d-edu.ch\\\/fr\\\/boutique\\\/\"},{\"@type\":\"ListItem\",\"position\":3,\"name\":\"Imprimante 3D UltiMaker S5\"}]},{\"@type\":\"WebSite\",\"@id\":\"https:\\\/\\\/3d-edu.ch\\\/fr\\\/#website\",\"url\":\"https:\\\/\\\/3d-edu.ch\\\/fr\\\/\",\"name\":\"3D-EDU GmbH\",\"description\":\"Your Formlabs, UltiMaker and Raise3D Printer Support and Education Site in Switzerland. \\\/\\\/ Ihre Formlabs, UltiMaker and Raise3D Drucker Support und Bildungs Webseite der Schweiz.\",\"publisher\":{\"@id\":\"https:\\\/\\\/3d-edu.ch\\\/fr\\\/#organization\"},\"potentialAction\":[{\"@type\":\"SearchAction\",\"target\":{\"@type\":\"EntryPoint\",\"urlTemplate\":\"https:\\\/\\\/3d-edu.ch\\\/fr\\\/?s={search_term_string}\"},\"query-input\":{\"@type\":\"PropertyValueSpecification\",\"valueRequired\":true,\"valueName\":\"search_term_string\"}}],\"inLanguage\":\"fr-FR\"},{\"@type\":[\"Organization\",\"Place\",\"ElectronicsStore\"],\"@id\":\"https:\\\/\\\/3d-edu.ch\\\/fr\\\/#organization\",\"name\":\"3D-EDU GmbH\",\"url\":\"https:\\\/\\\/3d-edu.ch\\\/fr\\\/\",\"logo\":{\"@id\":\"https:\\\/\\\/3d-edu.ch\\\/fr\\\/boutique\\\/imprimante-3d-ultimaker-s5\\\/#local-main-organization-logo\"},\"image\":{\"@id\":\"https:\\\/\\\/3d-edu.ch\\\/fr\\\/boutique\\\/imprimante-3d-ultimaker-s5\\\/#local-main-organization-logo\"},\"sameAs\":[\"https:\\\/\\\/www.facebook.com\\\/3d-educh-210277586064960\\\/\",\"https:\\\/\\\/x.com\\\/3d_edu_ch\"],\"address\":{\"@id\":\"https:\\\/\\\/3d-edu.ch\\\/fr\\\/boutique\\\/imprimante-3d-ultimaker-s5\\\/#local-main-place-address\"},\"geo\":{\"@type\":\"GeoCoordinates\",\"latitude\":\"47.38413\",\"longitude\":\"8.49812\"},\"telephone\":[\"+41 44 492 11 22\"],\"openingHoursSpecification\":[{\"@type\":\"OpeningHoursSpecification\",\"dayOfWeek\":[\"Monday\",\"Tuesday\",\"Wednesday\",\"Thursday\",\"Friday\"],\"opens\":\"08:30\",\"closes\":\"18:00\"},{\"@type\":\"OpeningHoursSpecification\",\"dayOfWeek\":[\"Saturday\",\"Sunday\"],\"opens\":\"00:00\",\"closes\":\"00:00\"}],\"email\":\"info@3d-edu.ch\",\"faxNumber\":\"+41 44 492 11 23\",\"vatID\":\"CHE-184.499.491 MWST\",\"priceRange\":\"$$$\",\"currenciesAccepted\":\"CHF\"},{\"@type\":\"PostalAddress\",\"@id\":\"https:\\\/\\\/3d-edu.ch\\\/fr\\\/boutique\\\/imprimante-3d-ultimaker-s5\\\/#local-main-place-address\",\"streetAddress\":\"3D-EDU GmbH, Badenerstrasse 556\",\"addressLocality\":\"Z\u00fcrich\",\"postalCode\":\"8048\",\"addressRegion\":\"Z\u00fcrich\",\"addressCountry\":\"CH\"},{\"@type\":\"ImageObject\",\"inLanguage\":\"fr-FR\",\"@id\":\"https:\\\/\\\/3d-edu.ch\\\/fr\\\/boutique\\\/imprimante-3d-ultimaker-s5\\\/#local-main-organization-logo\",\"url\":\"https:\\\/\\\/3d-edu.ch\\\/wp-content\\\/uploads\\\/2018\\\/10\\\/3d-drucker-makerbot-formlabs-professionelle-3d-drucker-e1546527990490.png\",\"contentUrl\":\"https:\\\/\\\/3d-edu.ch\\\/wp-content\\\/uploads\\\/2018\\\/10\\\/3d-drucker-makerbot-formlabs-professionelle-3d-drucker-e1546527990490.png\",\"width\":275,\"height\":80,\"caption\":\"3D-EDU GmbH\"}]}<\/script>\n<meta property=\"product:brand\" content=\"UltiMaker\" \/>\n<meta property=\"product:price:amount\" content=\"3087.47\" \/>\n<meta property=\"product:price:currency\" content=\"CHF\" \/>\n<meta property=\"og:availability\" content=\"backorder\" \/>\n<meta property=\"product:availability\" content=\"available for order\" \/>\n<meta property=\"product:retailer_item_id\" content=\"218251\" \/>\n<meta property=\"product:condition\" content=\"new\" \/>\n<meta name=\"geo.placename\" content=\"Z\u00fcrich\" \/>\n<meta name=\"geo.position\" content=\"47.38413;8.49812\" \/>\n<meta name=\"geo.region\" content=\"Suisse\" \/>\n<!-- \/ Yoast SEO Premium plugin. -->","yoast_head_json":{"title":"Imprimante 3D UltiMaker S5 %%page% commander en ligne maintenant - 3D-EDU GmbH","description":"L'UltiMaker S5 est une imprimante FDM \u00e0 double extrusion puissante qui se distingue par sa grande diversit\u00e9 de mat\u00e9riaux et sa fiabilit\u00e9. Elle dispose en outre de caract\u00e9ristiques telles qu'un grand espace de montage, un \u00e9cran tactile et une d\u00e9tection de fin de filament.","robots":{"index":"index","follow":"follow","max-snippet":"max-snippet:-1","max-image-preview":"max-image-preview:large","max-video-preview":"max-video-preview:-1"},"canonical":"https:\/\/3d-edu.ch\/fr\/boutique\/imprimante-3d-ultimaker-s5\/","og_locale":"fr_FR","og_type":"article","og_title":"Imprimante 3D UltiMaker S5","og_description":"L'UltiMaker S5 est une imprimante FDM \u00e0 double extrusion puissante qui se distingue par sa grande diversit\u00e9 de mat\u00e9riaux et sa fiabilit\u00e9. Elle dispose en outre de caract\u00e9ristiques telles qu'un grand espace de montage, un \u00e9cran tactile et une d\u00e9tection de fin de filament.","og_url":"https:\/\/3d-edu.ch\/fr\/boutique\/imprimante-3d-ultimaker-s5\/","og_site_name":"3D-EDU GmbH","article_publisher":"https:\/\/www.facebook.com\/3d-educh-210277586064960\/","article_modified_time":"2026-04-09T12:30:08+00:00","og_image":[{"width":380,"height":380,"url":"https:\/\/3d-edu.ch\/wp-content\/uploads\/2024\/02\/ultimaker-s5-3d-drucker.webp","type":"image\/webp"}],"twitter_card":"summary_large_image","twitter_site":"@3d_edu_ch","twitter_misc":{"Prix":"3'087.47&nbsp;&#67;&#72;&#70; hors TVA","Disponibilit\u00e9":"En r\u00e9assort"},"schema":{"@context":"https:\/\/schema.org","@graph":[{"@type":"WebPage","@id":"https:\/\/3d-edu.ch\/fr\/boutique\/imprimante-3d-ultimaker-s5\/","url":"https:\/\/3d-edu.ch\/fr\/boutique\/imprimante-3d-ultimaker-s5\/","name":"Imprimante 3D UltiMaker S5 %%page% commander en ligne maintenant - 3D-EDU GmbH","isPartOf":{"@id":"https:\/\/3d-edu.ch\/fr\/#website"},"primaryImageOfPage":{"@id":"https:\/\/3d-edu.ch\/fr\/boutique\/imprimante-3d-ultimaker-s5\/#primaryimage"},"image":{"@id":"https:\/\/3d-edu.ch\/fr\/boutique\/imprimante-3d-ultimaker-s5\/#primaryimage"},"thumbnailUrl":"https:\/\/3d-edu.ch\/wp-content\/uploads\/2024\/02\/ultimaker-s5-3d-drucker.webp","datePublished":"2024-02-14T14:59:25+00:00","dateModified":"2026-04-09T12:30:08+00:00","description":"L'UltiMaker S5 est une imprimante FDM \u00e0 double extrusion puissante qui se distingue par sa grande diversit\u00e9 de mat\u00e9riaux et sa fiabilit\u00e9. Elle dispose en outre de caract\u00e9ristiques telles qu'un grand espace de montage, un \u00e9cran tactile et une d\u00e9tection de fin de filament.","breadcrumb":{"@id":"https:\/\/3d-edu.ch\/fr\/boutique\/imprimante-3d-ultimaker-s5\/#breadcrumb"},"inLanguage":"fr-FR","potentialAction":[{"@type":"ReadAction","target":["https:\/\/3d-edu.ch\/fr\/boutique\/imprimante-3d-ultimaker-s5\/"]}]},{"@type":"ImageObject","inLanguage":"fr-FR","@id":"https:\/\/3d-edu.ch\/fr\/boutique\/imprimante-3d-ultimaker-s5\/#primaryimage","url":"https:\/\/3d-edu.ch\/wp-content\/uploads\/2024\/02\/ultimaker-s5-3d-drucker.webp","contentUrl":"https:\/\/3d-edu.ch\/wp-content\/uploads\/2024\/02\/ultimaker-s5-3d-drucker.webp","width":380,"height":380,"caption":"Imprimante 3D UltiMaker S5 1"},{"@type":"BreadcrumbList","@id":"https:\/\/3d-edu.ch\/fr\/boutique\/imprimante-3d-ultimaker-s5\/#breadcrumb","itemListElement":[{"@type":"ListItem","position":1,"name":"Accueil","item":"https:\/\/3d-edu.ch\/fr\/"},{"@type":"ListItem","position":2,"name":"Boutique","item":"https:\/\/3d-edu.ch\/fr\/boutique\/"},{"@type":"ListItem","position":3,"name":"Imprimante 3D UltiMaker S5"}]},{"@type":"WebSite","@id":"https:\/\/3d-edu.ch\/fr\/#website","url":"https:\/\/3d-edu.ch\/fr\/","name":"3D-EDU GmbH","description":"Your Formlabs, UltiMaker and Raise3D Printer Support and Education Site in Switzerland. \/\/ Ihre Formlabs, UltiMaker and Raise3D Drucker Support und Bildungs Webseite der Schweiz.","publisher":{"@id":"https:\/\/3d-edu.ch\/fr\/#organization"},"potentialAction":[{"@type":"SearchAction","target":{"@type":"EntryPoint","urlTemplate":"https:\/\/3d-edu.ch\/fr\/?s={search_term_string}"},"query-input":{"@type":"PropertyValueSpecification","valueRequired":true,"valueName":"search_term_string"}}],"inLanguage":"fr-FR"},{"@type":["Organization","Place","ElectronicsStore"],"@id":"https:\/\/3d-edu.ch\/fr\/#organization","name":"3D-EDU GmbH","url":"https:\/\/3d-edu.ch\/fr\/","logo":{"@id":"https:\/\/3d-edu.ch\/fr\/boutique\/imprimante-3d-ultimaker-s5\/#local-main-organization-logo"},"image":{"@id":"https:\/\/3d-edu.ch\/fr\/boutique\/imprimante-3d-ultimaker-s5\/#local-main-organization-logo"},"sameAs":["https:\/\/www.facebook.com\/3d-educh-210277586064960\/","https:\/\/x.com\/3d_edu_ch"],"address":{"@id":"https:\/\/3d-edu.ch\/fr\/boutique\/imprimante-3d-ultimaker-s5\/#local-main-place-address"},"geo":{"@type":"GeoCoordinates","latitude":"47.38413","longitude":"8.49812"},"telephone":["+41 44 492 11 22"],"openingHoursSpecification":[{"@type":"OpeningHoursSpecification","dayOfWeek":["Monday","Tuesday","Wednesday","Thursday","Friday"],"opens":"08:30","closes":"18:00"},{"@type":"OpeningHoursSpecification","dayOfWeek":["Saturday","Sunday"],"opens":"00:00","closes":"00:00"}],"email":"info@3d-edu.ch","faxNumber":"+41 44 492 11 23","vatID":"CHE-184.499.491 MWST","priceRange":"$$$","currenciesAccepted":"CHF"},{"@type":"PostalAddress","@id":"https:\/\/3d-edu.ch\/fr\/boutique\/imprimante-3d-ultimaker-s5\/#local-main-place-address","streetAddress":"3D-EDU GmbH, Badenerstrasse 556","addressLocality":"Z\u00fcrich","postalCode":"8048","addressRegion":"Z\u00fcrich","addressCountry":"CH"},{"@type":"ImageObject","inLanguage":"fr-FR","@id":"https:\/\/3d-edu.ch\/fr\/boutique\/imprimante-3d-ultimaker-s5\/#local-main-organization-logo","url":"https:\/\/3d-edu.ch\/wp-content\/uploads\/2018\/10\/3d-drucker-makerbot-formlabs-professionelle-3d-drucker-e1546527990490.png","contentUrl":"https:\/\/3d-edu.ch\/wp-content\/uploads\/2018\/10\/3d-drucker-makerbot-formlabs-professionelle-3d-drucker-e1546527990490.png","width":275,"height":80,"caption":"3D-EDU GmbH"}]},"product_brand":"UltiMaker","product_price_amount":"3087.47","product_price_currency":"CHF","og_availability":"backorder","product_availability":"available for order","product_retailer_item_id":"218251","product_condition":"new","geo.placename":"Z\u00fcrich","geo.position":{"lat":"47.38413","long":"8.49812"},"geo.region":"Suisse"},"_links":{"self":[{"href":"https:\/\/3d-edu.ch\/fr\/wp-json\/wp\/v2\/product\/76535","targetHints":{"allow":["GET"]}}],"collection":[{"href":"https:\/\/3d-edu.ch\/fr\/wp-json\/wp\/v2\/product"}],"about":[{"href":"https:\/\/3d-edu.ch\/fr\/wp-json\/wp\/v2\/types\/product"}],"replies":[{"embeddable":true,"href":"https:\/\/3d-edu.ch\/fr\/wp-json\/wp\/v2\/comments?post=76535"}],"wp:featuredmedia":[{"embeddable":true,"href":"https:\/\/3d-edu.ch\/fr\/wp-json\/wp\/v2\/media\/69334"}],"wp:attachment":[{"href":"https:\/\/3d-edu.ch\/fr\/wp-json\/wp\/v2\/media?parent=76535"}],"wp:term":[{"taxonomy":"product_brand","embeddable":true,"href":"https:\/\/3d-edu.ch\/fr\/wp-json\/wp\/v2\/product_brand?post=76535"},{"taxonomy":"product_cat","embeddable":true,"href":"https:\/\/3d-edu.ch\/fr\/wp-json\/wp\/v2\/product_cat?post=76535"},{"taxonomy":"product_tag","embeddable":true,"href":"https:\/\/3d-edu.ch\/fr\/wp-json\/wp\/v2\/product_tag?post=76535"}],"curies":[{"name":"wp","href":"https:\/\/api.w.org\/{rel}","templated":true}]}}