{"id":76529,"date":"2024-02-12T09:54:22","date_gmt":"2024-02-12T09:54:22","guid":{"rendered":"https:\/\/3d-edu.ch\/shop\/filament-ultimaker-cpe-2\/"},"modified":"2026-04-14T16:07:27","modified_gmt":"2026-04-14T14:07:27","slug":"filament-ultimaker-cpe-2","status":"publish","type":"product","link":"https:\/\/3d-edu.ch\/fr\/boutique\/filament-ultimaker-cpe-2\/","title":{"rendered":"Filament Ultimaker CPE+"},"content":{"rendered":"<h2>Filament Ultimaker CPE+ 2,85mm 700g<\/h2>\n<p>Par rapport au mat\u00e9riau CPE, le filament CPE+ poss\u00e8de une r\u00e9sistance \u00e0 la temp\u00e9rature et aux chocs encore plus \u00e9lev\u00e9e. Le filament CPE est id\u00e9al pour la fabrication de prototypes et de pi\u00e8ces m\u00e9caniques. Il a \u00e9t\u00e9 sp\u00e9cialement con\u00e7u pour les imprimantes 3D Ultimaker et se caract\u00e9rise par sa r\u00e9sistance et sa neutralit\u00e9 d&rsquo;odeur. La version Cura, publi\u00e9e simultan\u00e9ment, offre des profils de mat\u00e9riaux judicieux, ce qui permet une fabrication simple et fiable des mod\u00e8les les plus complexes.   <\/p>\n<p>La bobine de filament est \u00e9quip\u00e9e d&rsquo;une puce NFC int\u00e9gr\u00e9e qui transmet directement \u00e0 Cura les informations sur le mat\u00e9riau et la longueur restante du filament. Bien que le mat\u00e9riau CPE soit compatible avec les appareils Ultimaker, il peut \u00e9galement \u00eatre utilis\u00e9 par d&rsquo;autres imprimantes FDM. <\/p>\n","protected":false},"excerpt":{"rendered":"<h2>Filament Ultimaker CPE+ 2,85mm 700g<\/h2>\n<h3>Inclus dans la livraison<\/h3>\n<ul>\n<li>1 bobine de filament Ultimaker CPE+ 2,85mm 700g<\/li>\n<\/ul>\n<p><strong>Compatibilit\u00e9<\/strong><\/p>\n<p>Le filament Ultimaker CPE+ 2,85mm 700g est compatible avec l&rsquo;UltiMaker 3 et l&rsquo;UltiMaker S5.<\/p>\n","protected":false},"featured_media":69178,"comment_status":"closed","ping_status":"closed","template":"","meta":[],"product_brand":[],"product_cat":[7922,7925,8206],"product_tag":[8714,8693,8313],"class_list":{"0":"post-76529","1":"product","2":"type-product","3":"status-publish","4":"has-post-thumbnail","6":"product_cat-filaments-fr-4","7":"product_cat-materiaux-pour-la-serie-s-fr","8":"product_cat-ultimaker","9":"product_tag-cpe","10":"product_tag-filament","11":"product_tag-ultimaker","12":"yith_product_brand-ultimaker","14":"first","15":"onbackorder","16":"taxable","17":"shipping-taxable","18":"purchasable","19":"product-type-variable"},"yoast_head":"<!-- This site is optimized with the Yoast SEO Premium plugin v27.4 (Yoast SEO v27.4) - https:\/\/yoast.com\/product\/yoast-seo-premium-wordpress\/ -->\n<title>Filament Ultimaker CPE+ %%page% commander en ligne - %%nom du site<\/title>\n<meta name=\"description\" content=\"Avec un poids mol\u00e9culaire optimis\u00e9 et une fluidit\u00e9 ajust\u00e9e, le PLA Hyper Speed de Raise3D est capable d&#039;atteindre une fusion plus rapide \u00e0 chaud et un refroidissement beaucoup plus rapide apr\u00e8s l&#039;extrusion du mat\u00e9riau. En cons\u00e9quence, la qualit\u00e9 de surface des pi\u00e8ces imprim\u00e9es avec des filaments Hyper Speed est lisse et la plupart des d\u00e9tails nets sont pr\u00e9serv\u00e9s. Gr\u00e2ce \u00e0 son poids mol\u00e9culaire optimis\u00e9, l&#039;Hyper Speed PLA pr\u00e9sente une excellente qualit\u00e9 de collage inter-couche et une r\u00e9sistance \u00e9lev\u00e9e dans la direction Z. Par cons\u00e9quent, le PLA Hyper Speed peut \u00eatre utilis\u00e9 pour les mod\u00e8les conceptuels et les figurines, le prototypage, etc.\" \/>\n<meta name=\"robots\" content=\"index, follow, max-snippet:-1, max-image-preview:large, max-video-preview:-1\" \/>\n<link rel=\"canonical\" href=\"https:\/\/3d-edu.ch\/fr\/boutique\/filament-ultimaker-cpe-2\/\" \/>\n<meta property=\"og:locale\" content=\"fr_FR\" \/>\n<meta property=\"og:type\" content=\"article\" \/>\n<meta property=\"og:title\" content=\"Filament Ultimaker CPE+\" \/>\n<meta property=\"og:description\" content=\"Avec un poids mol\u00e9culaire optimis\u00e9 et une fluidit\u00e9 ajust\u00e9e, le PLA Hyper Speed de Raise3D est capable d&#039;atteindre une fusion plus rapide \u00e0 chaud et un refroidissement beaucoup plus rapide apr\u00e8s l&#039;extrusion du mat\u00e9riau. En cons\u00e9quence, la qualit\u00e9 de surface des pi\u00e8ces imprim\u00e9es avec des filaments Hyper Speed est lisse et la plupart des d\u00e9tails nets sont pr\u00e9serv\u00e9s. Gr\u00e2ce \u00e0 son poids mol\u00e9culaire optimis\u00e9, l&#039;Hyper Speed PLA pr\u00e9sente une excellente qualit\u00e9 de collage inter-couche et une r\u00e9sistance \u00e9lev\u00e9e dans la direction Z. Par cons\u00e9quent, le PLA Hyper Speed peut \u00eatre utilis\u00e9 pour les mod\u00e8les conceptuels et les figurines, le prototypage, etc.\" \/>\n<meta property=\"og:url\" content=\"https:\/\/3d-edu.ch\/fr\/boutique\/filament-ultimaker-cpe-2\/\" \/>\n<meta property=\"og:site_name\" content=\"3D-EDU GmbH\" \/>\n<meta property=\"article:publisher\" content=\"https:\/\/www.facebook.com\/3d-educh-210277586064960\/\" \/>\n<meta property=\"article:modified_time\" content=\"2026-04-14T14:07:27+00:00\" \/>\n<meta property=\"og:image\" content=\"https:\/\/3d-edu.ch\/wp-content\/uploads\/2024\/02\/Ultimaker-CPE-Material.webp\" \/>\n\t<meta property=\"og:image:width\" content=\"380\" \/>\n\t<meta property=\"og:image:height\" content=\"380\" \/>\n\t<meta property=\"og:image:type\" content=\"image\/webp\" \/>\n<meta name=\"twitter:card\" content=\"summary_large_image\" \/>\n<meta name=\"twitter:site\" content=\"@3d_edu_ch\" \/>\n<meta name=\"twitter:label1\" content=\"Disponibilit\u00e9\" \/>\n\t<meta name=\"twitter:data1\" content=\"En r\u00e9assort\" \/>\n<script type=\"application\/ld+json\" class=\"yoast-schema-graph\">{\"@context\":\"https:\\\/\\\/schema.org\",\"@graph\":[{\"@type\":\"WebPage\",\"@id\":\"https:\\\/\\\/3d-edu.ch\\\/fr\\\/boutique\\\/filament-ultimaker-cpe-2\\\/\",\"url\":\"https:\\\/\\\/3d-edu.ch\\\/fr\\\/boutique\\\/filament-ultimaker-cpe-2\\\/\",\"name\":\"Filament Ultimaker CPE+ %%page% commander en ligne - %%nom du site\",\"isPartOf\":{\"@id\":\"https:\\\/\\\/3d-edu.ch\\\/fr\\\/#website\"},\"primaryImageOfPage\":{\"@id\":\"https:\\\/\\\/3d-edu.ch\\\/fr\\\/boutique\\\/filament-ultimaker-cpe-2\\\/#primaryimage\"},\"image\":{\"@id\":\"https:\\\/\\\/3d-edu.ch\\\/fr\\\/boutique\\\/filament-ultimaker-cpe-2\\\/#primaryimage\"},\"thumbnailUrl\":\"https:\\\/\\\/3d-edu.ch\\\/wp-content\\\/uploads\\\/2024\\\/02\\\/Ultimaker-CPE-Material.webp\",\"datePublished\":\"2024-02-12T09:54:22+00:00\",\"dateModified\":\"2026-04-14T14:07:27+00:00\",\"description\":\"Avec un poids mol\u00e9culaire optimis\u00e9 et une fluidit\u00e9 ajust\u00e9e, le PLA Hyper Speed de Raise3D est capable d'atteindre une fusion plus rapide \u00e0 chaud et un refroidissement beaucoup plus rapide apr\u00e8s l'extrusion du mat\u00e9riau. En cons\u00e9quence, la qualit\u00e9 de surface des pi\u00e8ces imprim\u00e9es avec des filaments Hyper Speed est lisse et la plupart des d\u00e9tails nets sont pr\u00e9serv\u00e9s. Gr\u00e2ce \u00e0 son poids mol\u00e9culaire optimis\u00e9, l'Hyper Speed PLA pr\u00e9sente une excellente qualit\u00e9 de collage inter-couche et une r\u00e9sistance \u00e9lev\u00e9e dans la direction Z. Par cons\u00e9quent, le PLA Hyper Speed peut \u00eatre utilis\u00e9 pour les mod\u00e8les conceptuels et les figurines, le prototypage, etc.\",\"breadcrumb\":{\"@id\":\"https:\\\/\\\/3d-edu.ch\\\/fr\\\/boutique\\\/filament-ultimaker-cpe-2\\\/#breadcrumb\"},\"inLanguage\":\"fr-FR\",\"potentialAction\":[{\"@type\":\"ReadAction\",\"target\":[\"https:\\\/\\\/3d-edu.ch\\\/fr\\\/boutique\\\/filament-ultimaker-cpe-2\\\/\"]}]},{\"@type\":\"ImageObject\",\"inLanguage\":\"fr-FR\",\"@id\":\"https:\\\/\\\/3d-edu.ch\\\/fr\\\/boutique\\\/filament-ultimaker-cpe-2\\\/#primaryimage\",\"url\":\"https:\\\/\\\/3d-edu.ch\\\/wp-content\\\/uploads\\\/2024\\\/02\\\/Ultimaker-CPE-Material.webp\",\"contentUrl\":\"https:\\\/\\\/3d-edu.ch\\\/wp-content\\\/uploads\\\/2024\\\/02\\\/Ultimaker-CPE-Material.webp\",\"width\":380,\"height\":380,\"caption\":\"Mat\u00e9riau Ultimaker CPE+\"},{\"@type\":\"BreadcrumbList\",\"@id\":\"https:\\\/\\\/3d-edu.ch\\\/fr\\\/boutique\\\/filament-ultimaker-cpe-2\\\/#breadcrumb\",\"itemListElement\":[{\"@type\":\"ListItem\",\"position\":1,\"name\":\"Accueil\",\"item\":\"https:\\\/\\\/3d-edu.ch\\\/fr\\\/\"},{\"@type\":\"ListItem\",\"position\":2,\"name\":\"Boutique\",\"item\":\"https:\\\/\\\/3d-edu.ch\\\/fr\\\/boutique\\\/\"},{\"@type\":\"ListItem\",\"position\":3,\"name\":\"Filament Ultimaker CPE+\"}]},{\"@type\":\"WebSite\",\"@id\":\"https:\\\/\\\/3d-edu.ch\\\/fr\\\/#website\",\"url\":\"https:\\\/\\\/3d-edu.ch\\\/fr\\\/\",\"name\":\"3D-EDU GmbH\",\"description\":\"Your Formlabs, UltiMaker and Raise3D Printer Support and Education Site in Switzerland. \\\/\\\/ Ihre Formlabs, UltiMaker and Raise3D Drucker Support und Bildungs Webseite der Schweiz.\",\"publisher\":{\"@id\":\"https:\\\/\\\/3d-edu.ch\\\/fr\\\/#organization\"},\"potentialAction\":[{\"@type\":\"SearchAction\",\"target\":{\"@type\":\"EntryPoint\",\"urlTemplate\":\"https:\\\/\\\/3d-edu.ch\\\/fr\\\/?s={search_term_string}\"},\"query-input\":{\"@type\":\"PropertyValueSpecification\",\"valueRequired\":true,\"valueName\":\"search_term_string\"}}],\"inLanguage\":\"fr-FR\"},{\"@type\":[\"Organization\",\"Place\",\"ElectronicsStore\"],\"@id\":\"https:\\\/\\\/3d-edu.ch\\\/fr\\\/#organization\",\"name\":\"3D-EDU GmbH\",\"url\":\"https:\\\/\\\/3d-edu.ch\\\/fr\\\/\",\"logo\":{\"@id\":\"https:\\\/\\\/3d-edu.ch\\\/fr\\\/boutique\\\/filament-ultimaker-cpe-2\\\/#local-main-organization-logo\"},\"image\":{\"@id\":\"https:\\\/\\\/3d-edu.ch\\\/fr\\\/boutique\\\/filament-ultimaker-cpe-2\\\/#local-main-organization-logo\"},\"sameAs\":[\"https:\\\/\\\/www.facebook.com\\\/3d-educh-210277586064960\\\/\",\"https:\\\/\\\/x.com\\\/3d_edu_ch\"],\"address\":{\"@id\":\"https:\\\/\\\/3d-edu.ch\\\/fr\\\/boutique\\\/filament-ultimaker-cpe-2\\\/#local-main-place-address\"},\"geo\":{\"@type\":\"GeoCoordinates\",\"latitude\":\"47.38413\",\"longitude\":\"8.49812\"},\"telephone\":[\"+41 44 492 11 22\"],\"openingHoursSpecification\":[{\"@type\":\"OpeningHoursSpecification\",\"dayOfWeek\":[\"Monday\",\"Tuesday\",\"Wednesday\",\"Thursday\",\"Friday\"],\"opens\":\"08:30\",\"closes\":\"18:00\"},{\"@type\":\"OpeningHoursSpecification\",\"dayOfWeek\":[\"Saturday\",\"Sunday\"],\"opens\":\"00:00\",\"closes\":\"00:00\"}],\"email\":\"info@3d-edu.ch\",\"faxNumber\":\"+41 44 492 11 23\",\"vatID\":\"CHE-184.499.491 MWST\",\"priceRange\":\"$$$\",\"currenciesAccepted\":\"CHF\"},{\"@type\":\"PostalAddress\",\"@id\":\"https:\\\/\\\/3d-edu.ch\\\/fr\\\/boutique\\\/filament-ultimaker-cpe-2\\\/#local-main-place-address\",\"streetAddress\":\"3D-EDU GmbH, Badenerstrasse 556\",\"addressLocality\":\"Z\u00fcrich\",\"postalCode\":\"8048\",\"addressRegion\":\"Z\u00fcrich\",\"addressCountry\":\"CH\"},{\"@type\":\"ImageObject\",\"inLanguage\":\"fr-FR\",\"@id\":\"https:\\\/\\\/3d-edu.ch\\\/fr\\\/boutique\\\/filament-ultimaker-cpe-2\\\/#local-main-organization-logo\",\"url\":\"https:\\\/\\\/3d-edu.ch\\\/wp-content\\\/uploads\\\/2018\\\/10\\\/3d-drucker-makerbot-formlabs-professionelle-3d-drucker-e1546527990490.png\",\"contentUrl\":\"https:\\\/\\\/3d-edu.ch\\\/wp-content\\\/uploads\\\/2018\\\/10\\\/3d-drucker-makerbot-formlabs-professionelle-3d-drucker-e1546527990490.png\",\"width\":275,\"height\":80,\"caption\":\"3D-EDU GmbH\"}]}<\/script>\n<meta property=\"product:brand\" content=\"UltiMaker\" \/>\n<meta property=\"og:availability\" content=\"backorder\" \/>\n<meta property=\"product:availability\" content=\"available for order\" \/>\n<meta property=\"product:condition\" content=\"new\" \/>\n<meta name=\"geo.placename\" content=\"Z\u00fcrich\" \/>\n<meta name=\"geo.position\" content=\"47.38413;8.49812\" \/>\n<meta name=\"geo.region\" content=\"Suisse\" \/>\n<!-- \/ Yoast SEO Premium plugin. -->","yoast_head_json":{"title":"Filament Ultimaker CPE+ %%page% commander en ligne - %%nom du site","description":"Avec un poids mol\u00e9culaire optimis\u00e9 et une fluidit\u00e9 ajust\u00e9e, le PLA Hyper Speed de Raise3D est capable d'atteindre une fusion plus rapide \u00e0 chaud et un refroidissement beaucoup plus rapide apr\u00e8s l'extrusion du mat\u00e9riau. En cons\u00e9quence, la qualit\u00e9 de surface des pi\u00e8ces imprim\u00e9es avec des filaments Hyper Speed est lisse et la plupart des d\u00e9tails nets sont pr\u00e9serv\u00e9s. Gr\u00e2ce \u00e0 son poids mol\u00e9culaire optimis\u00e9, l'Hyper Speed PLA pr\u00e9sente une excellente qualit\u00e9 de collage inter-couche et une r\u00e9sistance \u00e9lev\u00e9e dans la direction Z. Par cons\u00e9quent, le PLA Hyper Speed peut \u00eatre utilis\u00e9 pour les mod\u00e8les conceptuels et les figurines, le prototypage, etc.","robots":{"index":"index","follow":"follow","max-snippet":"max-snippet:-1","max-image-preview":"max-image-preview:large","max-video-preview":"max-video-preview:-1"},"canonical":"https:\/\/3d-edu.ch\/fr\/boutique\/filament-ultimaker-cpe-2\/","og_locale":"fr_FR","og_type":"article","og_title":"Filament Ultimaker CPE+","og_description":"Avec un poids mol\u00e9culaire optimis\u00e9 et une fluidit\u00e9 ajust\u00e9e, le PLA Hyper Speed de Raise3D est capable d'atteindre une fusion plus rapide \u00e0 chaud et un refroidissement beaucoup plus rapide apr\u00e8s l'extrusion du mat\u00e9riau. En cons\u00e9quence, la qualit\u00e9 de surface des pi\u00e8ces imprim\u00e9es avec des filaments Hyper Speed est lisse et la plupart des d\u00e9tails nets sont pr\u00e9serv\u00e9s. Gr\u00e2ce \u00e0 son poids mol\u00e9culaire optimis\u00e9, l'Hyper Speed PLA pr\u00e9sente une excellente qualit\u00e9 de collage inter-couche et une r\u00e9sistance \u00e9lev\u00e9e dans la direction Z. Par cons\u00e9quent, le PLA Hyper Speed peut \u00eatre utilis\u00e9 pour les mod\u00e8les conceptuels et les figurines, le prototypage, etc.","og_url":"https:\/\/3d-edu.ch\/fr\/boutique\/filament-ultimaker-cpe-2\/","og_site_name":"3D-EDU GmbH","article_publisher":"https:\/\/www.facebook.com\/3d-educh-210277586064960\/","article_modified_time":"2026-04-14T14:07:27+00:00","og_image":[{"width":380,"height":380,"url":"https:\/\/3d-edu.ch\/wp-content\/uploads\/2024\/02\/Ultimaker-CPE-Material.webp","type":"image\/webp"}],"twitter_card":"summary_large_image","twitter_site":"@3d_edu_ch","twitter_misc":{"Disponibilit\u00e9":"En r\u00e9assort"},"schema":{"@context":"https:\/\/schema.org","@graph":[{"@type":"WebPage","@id":"https:\/\/3d-edu.ch\/fr\/boutique\/filament-ultimaker-cpe-2\/","url":"https:\/\/3d-edu.ch\/fr\/boutique\/filament-ultimaker-cpe-2\/","name":"Filament Ultimaker CPE+ %%page% commander en ligne - %%nom du site","isPartOf":{"@id":"https:\/\/3d-edu.ch\/fr\/#website"},"primaryImageOfPage":{"@id":"https:\/\/3d-edu.ch\/fr\/boutique\/filament-ultimaker-cpe-2\/#primaryimage"},"image":{"@id":"https:\/\/3d-edu.ch\/fr\/boutique\/filament-ultimaker-cpe-2\/#primaryimage"},"thumbnailUrl":"https:\/\/3d-edu.ch\/wp-content\/uploads\/2024\/02\/Ultimaker-CPE-Material.webp","datePublished":"2024-02-12T09:54:22+00:00","dateModified":"2026-04-14T14:07:27+00:00","description":"Avec un poids mol\u00e9culaire optimis\u00e9 et une fluidit\u00e9 ajust\u00e9e, le PLA Hyper Speed de Raise3D est capable d'atteindre une fusion plus rapide \u00e0 chaud et un refroidissement beaucoup plus rapide apr\u00e8s l'extrusion du mat\u00e9riau. En cons\u00e9quence, la qualit\u00e9 de surface des pi\u00e8ces imprim\u00e9es avec des filaments Hyper Speed est lisse et la plupart des d\u00e9tails nets sont pr\u00e9serv\u00e9s. Gr\u00e2ce \u00e0 son poids mol\u00e9culaire optimis\u00e9, l'Hyper Speed PLA pr\u00e9sente une excellente qualit\u00e9 de collage inter-couche et une r\u00e9sistance \u00e9lev\u00e9e dans la direction Z. Par cons\u00e9quent, le PLA Hyper Speed peut \u00eatre utilis\u00e9 pour les mod\u00e8les conceptuels et les figurines, le prototypage, etc.","breadcrumb":{"@id":"https:\/\/3d-edu.ch\/fr\/boutique\/filament-ultimaker-cpe-2\/#breadcrumb"},"inLanguage":"fr-FR","potentialAction":[{"@type":"ReadAction","target":["https:\/\/3d-edu.ch\/fr\/boutique\/filament-ultimaker-cpe-2\/"]}]},{"@type":"ImageObject","inLanguage":"fr-FR","@id":"https:\/\/3d-edu.ch\/fr\/boutique\/filament-ultimaker-cpe-2\/#primaryimage","url":"https:\/\/3d-edu.ch\/wp-content\/uploads\/2024\/02\/Ultimaker-CPE-Material.webp","contentUrl":"https:\/\/3d-edu.ch\/wp-content\/uploads\/2024\/02\/Ultimaker-CPE-Material.webp","width":380,"height":380,"caption":"Mat\u00e9riau Ultimaker CPE+"},{"@type":"BreadcrumbList","@id":"https:\/\/3d-edu.ch\/fr\/boutique\/filament-ultimaker-cpe-2\/#breadcrumb","itemListElement":[{"@type":"ListItem","position":1,"name":"Accueil","item":"https:\/\/3d-edu.ch\/fr\/"},{"@type":"ListItem","position":2,"name":"Boutique","item":"https:\/\/3d-edu.ch\/fr\/boutique\/"},{"@type":"ListItem","position":3,"name":"Filament Ultimaker CPE+"}]},{"@type":"WebSite","@id":"https:\/\/3d-edu.ch\/fr\/#website","url":"https:\/\/3d-edu.ch\/fr\/","name":"3D-EDU GmbH","description":"Your Formlabs, UltiMaker and Raise3D Printer Support and Education Site in Switzerland. \/\/ Ihre Formlabs, UltiMaker and Raise3D Drucker Support und Bildungs Webseite der Schweiz.","publisher":{"@id":"https:\/\/3d-edu.ch\/fr\/#organization"},"potentialAction":[{"@type":"SearchAction","target":{"@type":"EntryPoint","urlTemplate":"https:\/\/3d-edu.ch\/fr\/?s={search_term_string}"},"query-input":{"@type":"PropertyValueSpecification","valueRequired":true,"valueName":"search_term_string"}}],"inLanguage":"fr-FR"},{"@type":["Organization","Place","ElectronicsStore"],"@id":"https:\/\/3d-edu.ch\/fr\/#organization","name":"3D-EDU GmbH","url":"https:\/\/3d-edu.ch\/fr\/","logo":{"@id":"https:\/\/3d-edu.ch\/fr\/boutique\/filament-ultimaker-cpe-2\/#local-main-organization-logo"},"image":{"@id":"https:\/\/3d-edu.ch\/fr\/boutique\/filament-ultimaker-cpe-2\/#local-main-organization-logo"},"sameAs":["https:\/\/www.facebook.com\/3d-educh-210277586064960\/","https:\/\/x.com\/3d_edu_ch"],"address":{"@id":"https:\/\/3d-edu.ch\/fr\/boutique\/filament-ultimaker-cpe-2\/#local-main-place-address"},"geo":{"@type":"GeoCoordinates","latitude":"47.38413","longitude":"8.49812"},"telephone":["+41 44 492 11 22"],"openingHoursSpecification":[{"@type":"OpeningHoursSpecification","dayOfWeek":["Monday","Tuesday","Wednesday","Thursday","Friday"],"opens":"08:30","closes":"18:00"},{"@type":"OpeningHoursSpecification","dayOfWeek":["Saturday","Sunday"],"opens":"00:00","closes":"00:00"}],"email":"info@3d-edu.ch","faxNumber":"+41 44 492 11 23","vatID":"CHE-184.499.491 MWST","priceRange":"$$$","currenciesAccepted":"CHF"},{"@type":"PostalAddress","@id":"https:\/\/3d-edu.ch\/fr\/boutique\/filament-ultimaker-cpe-2\/#local-main-place-address","streetAddress":"3D-EDU GmbH, Badenerstrasse 556","addressLocality":"Z\u00fcrich","postalCode":"8048","addressRegion":"Z\u00fcrich","addressCountry":"CH"},{"@type":"ImageObject","inLanguage":"fr-FR","@id":"https:\/\/3d-edu.ch\/fr\/boutique\/filament-ultimaker-cpe-2\/#local-main-organization-logo","url":"https:\/\/3d-edu.ch\/wp-content\/uploads\/2018\/10\/3d-drucker-makerbot-formlabs-professionelle-3d-drucker-e1546527990490.png","contentUrl":"https:\/\/3d-edu.ch\/wp-content\/uploads\/2018\/10\/3d-drucker-makerbot-formlabs-professionelle-3d-drucker-e1546527990490.png","width":275,"height":80,"caption":"3D-EDU GmbH"}]},"product_brand":"UltiMaker","og_availability":"backorder","product_availability":"available for order","product_condition":"new","geo.placename":"Z\u00fcrich","geo.position":{"lat":"47.38413","long":"8.49812"},"geo.region":"Suisse"},"_links":{"self":[{"href":"https:\/\/3d-edu.ch\/fr\/wp-json\/wp\/v2\/product\/76529","targetHints":{"allow":["GET"]}}],"collection":[{"href":"https:\/\/3d-edu.ch\/fr\/wp-json\/wp\/v2\/product"}],"about":[{"href":"https:\/\/3d-edu.ch\/fr\/wp-json\/wp\/v2\/types\/product"}],"replies":[{"embeddable":true,"href":"https:\/\/3d-edu.ch\/fr\/wp-json\/wp\/v2\/comments?post=76529"}],"wp:featuredmedia":[{"embeddable":true,"href":"https:\/\/3d-edu.ch\/fr\/wp-json\/wp\/v2\/media\/69178"}],"wp:attachment":[{"href":"https:\/\/3d-edu.ch\/fr\/wp-json\/wp\/v2\/media?parent=76529"}],"wp:term":[{"taxonomy":"product_brand","embeddable":true,"href":"https:\/\/3d-edu.ch\/fr\/wp-json\/wp\/v2\/product_brand?post=76529"},{"taxonomy":"product_cat","embeddable":true,"href":"https:\/\/3d-edu.ch\/fr\/wp-json\/wp\/v2\/product_cat?post=76529"},{"taxonomy":"product_tag","embeddable":true,"href":"https:\/\/3d-edu.ch\/fr\/wp-json\/wp\/v2\/product_tag?post=76529"}],"curies":[{"name":"wp","href":"https:\/\/api.w.org\/{rel}","templated":true}]}}