{"id":76514,"date":"2024-03-05T15:03:26","date_gmt":"2024-03-05T15:03:26","guid":{"rendered":"https:\/\/3d-edu.ch\/shop\/filament-ultimaker-pet-cf\/"},"modified":"2026-04-20T16:46:43","modified_gmt":"2026-04-20T14:46:43","slug":"filament-ultimaker-pet-cf","status":"publish","type":"product","link":"https:\/\/3d-edu.ch\/fr\/boutique\/filament-ultimaker-pet-cf\/","title":{"rendered":"Filament Ultimaker PET CF"},"content":{"rendered":"<div class=\"product-headline\">\n<h1 class=\"fn product-title no-top-margin\">Ultimaker PET CF 2.85 mm 750 g<\/h1>\n<\/div>\n<h3>Inclus dans la livraison<\/h3>\n<ul>\n<li>1 bobine d&rsquo;Ultimaker PET CF 2.85 mm 750 g<\/li>\n<\/ul>\n<p><strong>Compatibilit\u00e9<\/strong><\/p>\n<p><a href=\"https:\/\/3d-edu.ch\/fr\/ultimaker\/imprimante-3d\/serie-s\/\">Ultimaker S-Series<\/a><\/p>\n","protected":false},"excerpt":{"rendered":"<h1>Ultimaker PET CF 2.85 mm 750 g<\/h1>\n<p>Ultimaker PET CF est le premier mat\u00e9riau composite sp\u00e9cialement con\u00e7u pour les imprimantes de la s\u00e9rie Ultimaker S et donne des r\u00e9sultats impressionnants. Avec la reconnaissance des mat\u00e9riaux NFC, un noyau d&rsquo;impression CC sp\u00e9cial, la compatibilit\u00e9 avec les mat\u00e9riaux de support et des profils d&rsquo;impression ajust\u00e9s de mani\u00e8re professionnelle, il offre une exp\u00e9rience d&rsquo;impression sans faille. Ces caract\u00e9ristiques, combin\u00e9es \u00e0 la faible sensibilit\u00e9 \u00e0 l&rsquo;humidit\u00e9 du PET CF, garantissent une impression simple et fiable pour des applications composites performantes.  <\/p>\n","protected":false},"featured_media":69443,"comment_status":"closed","ping_status":"closed","template":"","meta":[],"product_brand":[],"product_cat":[7868,7922,7925,8206],"product_tag":[8693,8784,8313],"class_list":{"0":"post-76514","1":"product","2":"type-product","3":"status-publish","4":"has-post-thumbnail","6":"product_cat-filament-petg-fr","7":"product_cat-filaments-fr-4","8":"product_cat-materiaux-pour-la-serie-s-fr","9":"product_cat-ultimaker","10":"product_tag-filament","11":"product_tag-pet-cf","12":"product_tag-ultimaker","13":"yith_product_brand-ultimaker","15":"first","16":"onbackorder","17":"taxable","18":"shipping-taxable","19":"purchasable","20":"product-type-variable"},"yoast_head":"<!-- This site is optimized with the Yoast SEO Premium plugin v27.4 (Yoast SEO v27.4) - https:\/\/yoast.com\/product\/yoast-seo-premium-wordpress\/ -->\n<title>Filament Ultimaker PET CF %%page% commander en ligne - %%nom du site<\/title>\n<meta name=\"description\" content=\"Ultimaker PET CF est le premier mat\u00e9riau composite sp\u00e9cialement con\u00e7u pour les imprimantes de la s\u00e9rie Ultimaker S et donne des r\u00e9sultats impressionnants. Avec la reconnaissance des mat\u00e9riaux NFC, un noyau d&#039;impression CC sp\u00e9cial, la compatibilit\u00e9 avec les mat\u00e9riaux de support et des profils d&#039;impression ajust\u00e9s de mani\u00e8re professionnelle, il offre une exp\u00e9rience d&#039;impression sans faille. Ces caract\u00e9ristiques, combin\u00e9es \u00e0 la faible sensibilit\u00e9 \u00e0 l&#039;humidit\u00e9 du PET CF, garantissent une impression simple et fiable pour des applications composites performantes.\" \/>\n<meta name=\"robots\" content=\"index, follow, max-snippet:-1, max-image-preview:large, max-video-preview:-1\" \/>\n<link rel=\"canonical\" href=\"https:\/\/3d-edu.ch\/fr\/boutique\/filament-ultimaker-pet-cf\/\" \/>\n<meta property=\"og:locale\" content=\"fr_FR\" \/>\n<meta property=\"og:type\" content=\"article\" \/>\n<meta property=\"og:title\" content=\"Filament Ultimaker PET CF\" \/>\n<meta property=\"og:description\" content=\"Ultimaker PET CF est le premier mat\u00e9riau composite sp\u00e9cialement con\u00e7u pour les imprimantes de la s\u00e9rie Ultimaker S et donne des r\u00e9sultats impressionnants. Avec la reconnaissance des mat\u00e9riaux NFC, un noyau d&#039;impression CC sp\u00e9cial, la compatibilit\u00e9 avec les mat\u00e9riaux de support et des profils d&#039;impression ajust\u00e9s de mani\u00e8re professionnelle, il offre une exp\u00e9rience d&#039;impression sans faille. Ces caract\u00e9ristiques, combin\u00e9es \u00e0 la faible sensibilit\u00e9 \u00e0 l&#039;humidit\u00e9 du PET CF, garantissent une impression simple et fiable pour des applications composites performantes.\" \/>\n<meta property=\"og:url\" content=\"https:\/\/3d-edu.ch\/fr\/boutique\/filament-ultimaker-pet-cf\/\" \/>\n<meta property=\"og:site_name\" content=\"3D-EDU GmbH\" \/>\n<meta property=\"article:publisher\" content=\"https:\/\/www.facebook.com\/3d-educh-210277586064960\/\" \/>\n<meta property=\"article:modified_time\" content=\"2026-04-20T14:46:43+00:00\" \/>\n<meta property=\"og:image\" content=\"https:\/\/3d-edu.ch\/wp-content\/uploads\/2024\/03\/Ultimaker-PET-CF.webp\" \/>\n\t<meta property=\"og:image:width\" content=\"380\" \/>\n\t<meta property=\"og:image:height\" content=\"380\" \/>\n\t<meta property=\"og:image:type\" content=\"image\/webp\" \/>\n<meta name=\"twitter:card\" content=\"summary_large_image\" \/>\n<meta name=\"twitter:site\" content=\"@3d_edu_ch\" \/>\n<meta name=\"twitter:label1\" content=\"Disponibilit\u00e9\" \/>\n\t<meta name=\"twitter:data1\" content=\"En r\u00e9assort\" \/>\n<script type=\"application\/ld+json\" class=\"yoast-schema-graph\">{\"@context\":\"https:\\\/\\\/schema.org\",\"@graph\":[{\"@type\":\"WebPage\",\"@id\":\"https:\\\/\\\/3d-edu.ch\\\/fr\\\/boutique\\\/filament-ultimaker-pet-cf\\\/\",\"url\":\"https:\\\/\\\/3d-edu.ch\\\/fr\\\/boutique\\\/filament-ultimaker-pet-cf\\\/\",\"name\":\"Filament Ultimaker PET CF %%page% commander en ligne - %%nom du site\",\"isPartOf\":{\"@id\":\"https:\\\/\\\/3d-edu.ch\\\/fr\\\/#website\"},\"primaryImageOfPage\":{\"@id\":\"https:\\\/\\\/3d-edu.ch\\\/fr\\\/boutique\\\/filament-ultimaker-pet-cf\\\/#primaryimage\"},\"image\":{\"@id\":\"https:\\\/\\\/3d-edu.ch\\\/fr\\\/boutique\\\/filament-ultimaker-pet-cf\\\/#primaryimage\"},\"thumbnailUrl\":\"https:\\\/\\\/3d-edu.ch\\\/wp-content\\\/uploads\\\/2024\\\/03\\\/Ultimaker-PET-CF.webp\",\"datePublished\":\"2024-03-05T15:03:26+00:00\",\"dateModified\":\"2026-04-20T14:46:43+00:00\",\"description\":\"Ultimaker PET CF est le premier mat\u00e9riau composite sp\u00e9cialement con\u00e7u pour les imprimantes de la s\u00e9rie Ultimaker S et donne des r\u00e9sultats impressionnants. Avec la reconnaissance des mat\u00e9riaux NFC, un noyau d'impression CC sp\u00e9cial, la compatibilit\u00e9 avec les mat\u00e9riaux de support et des profils d'impression ajust\u00e9s de mani\u00e8re professionnelle, il offre une exp\u00e9rience d'impression sans faille. Ces caract\u00e9ristiques, combin\u00e9es \u00e0 la faible sensibilit\u00e9 \u00e0 l'humidit\u00e9 du PET CF, garantissent une impression simple et fiable pour des applications composites performantes.\",\"breadcrumb\":{\"@id\":\"https:\\\/\\\/3d-edu.ch\\\/fr\\\/boutique\\\/filament-ultimaker-pet-cf\\\/#breadcrumb\"},\"inLanguage\":\"fr-FR\",\"potentialAction\":[{\"@type\":\"ReadAction\",\"target\":[\"https:\\\/\\\/3d-edu.ch\\\/fr\\\/boutique\\\/filament-ultimaker-pet-cf\\\/\"]}]},{\"@type\":\"ImageObject\",\"inLanguage\":\"fr-FR\",\"@id\":\"https:\\\/\\\/3d-edu.ch\\\/fr\\\/boutique\\\/filament-ultimaker-pet-cf\\\/#primaryimage\",\"url\":\"https:\\\/\\\/3d-edu.ch\\\/wp-content\\\/uploads\\\/2024\\\/03\\\/Ultimaker-PET-CF.webp\",\"contentUrl\":\"https:\\\/\\\/3d-edu.ch\\\/wp-content\\\/uploads\\\/2024\\\/03\\\/Ultimaker-PET-CF.webp\",\"width\":380,\"height\":380,\"caption\":\"Ultimaker PET CF\"},{\"@type\":\"BreadcrumbList\",\"@id\":\"https:\\\/\\\/3d-edu.ch\\\/fr\\\/boutique\\\/filament-ultimaker-pet-cf\\\/#breadcrumb\",\"itemListElement\":[{\"@type\":\"ListItem\",\"position\":1,\"name\":\"Accueil\",\"item\":\"https:\\\/\\\/3d-edu.ch\\\/fr\\\/\"},{\"@type\":\"ListItem\",\"position\":2,\"name\":\"Boutique\",\"item\":\"https:\\\/\\\/3d-edu.ch\\\/fr\\\/boutique\\\/\"},{\"@type\":\"ListItem\",\"position\":3,\"name\":\"Filament Ultimaker PET CF\"}]},{\"@type\":\"WebSite\",\"@id\":\"https:\\\/\\\/3d-edu.ch\\\/fr\\\/#website\",\"url\":\"https:\\\/\\\/3d-edu.ch\\\/fr\\\/\",\"name\":\"3D-EDU GmbH\",\"description\":\"Your Formlabs, UltiMaker and Raise3D Printer Support and Education Site in Switzerland. \\\/\\\/ Ihre Formlabs, UltiMaker and Raise3D Drucker Support und Bildungs Webseite der Schweiz.\",\"publisher\":{\"@id\":\"https:\\\/\\\/3d-edu.ch\\\/fr\\\/#organization\"},\"potentialAction\":[{\"@type\":\"SearchAction\",\"target\":{\"@type\":\"EntryPoint\",\"urlTemplate\":\"https:\\\/\\\/3d-edu.ch\\\/fr\\\/?s={search_term_string}\"},\"query-input\":{\"@type\":\"PropertyValueSpecification\",\"valueRequired\":true,\"valueName\":\"search_term_string\"}}],\"inLanguage\":\"fr-FR\"},{\"@type\":[\"Organization\",\"Place\",\"ElectronicsStore\"],\"@id\":\"https:\\\/\\\/3d-edu.ch\\\/fr\\\/#organization\",\"name\":\"3D-EDU GmbH\",\"url\":\"https:\\\/\\\/3d-edu.ch\\\/fr\\\/\",\"logo\":{\"@id\":\"https:\\\/\\\/3d-edu.ch\\\/fr\\\/boutique\\\/filament-ultimaker-pet-cf\\\/#local-main-organization-logo\"},\"image\":{\"@id\":\"https:\\\/\\\/3d-edu.ch\\\/fr\\\/boutique\\\/filament-ultimaker-pet-cf\\\/#local-main-organization-logo\"},\"sameAs\":[\"https:\\\/\\\/www.facebook.com\\\/3d-educh-210277586064960\\\/\",\"https:\\\/\\\/x.com\\\/3d_edu_ch\"],\"address\":{\"@id\":\"https:\\\/\\\/3d-edu.ch\\\/fr\\\/boutique\\\/filament-ultimaker-pet-cf\\\/#local-main-place-address\"},\"geo\":{\"@type\":\"GeoCoordinates\",\"latitude\":\"47.38413\",\"longitude\":\"8.49812\"},\"telephone\":[\"+41 44 492 11 22\"],\"openingHoursSpecification\":[{\"@type\":\"OpeningHoursSpecification\",\"dayOfWeek\":[\"Monday\",\"Tuesday\",\"Wednesday\",\"Thursday\",\"Friday\"],\"opens\":\"08:30\",\"closes\":\"18:00\"},{\"@type\":\"OpeningHoursSpecification\",\"dayOfWeek\":[\"Saturday\",\"Sunday\"],\"opens\":\"00:00\",\"closes\":\"00:00\"}],\"email\":\"info@3d-edu.ch\",\"faxNumber\":\"+41 44 492 11 23\",\"vatID\":\"CHE-184.499.491 MWST\",\"priceRange\":\"$$$\",\"currenciesAccepted\":\"CHF\"},{\"@type\":\"PostalAddress\",\"@id\":\"https:\\\/\\\/3d-edu.ch\\\/fr\\\/boutique\\\/filament-ultimaker-pet-cf\\\/#local-main-place-address\",\"streetAddress\":\"3D-EDU GmbH, Badenerstrasse 556\",\"addressLocality\":\"Z\u00fcrich\",\"postalCode\":\"8048\",\"addressRegion\":\"Z\u00fcrich\",\"addressCountry\":\"CH\"},{\"@type\":\"ImageObject\",\"inLanguage\":\"fr-FR\",\"@id\":\"https:\\\/\\\/3d-edu.ch\\\/fr\\\/boutique\\\/filament-ultimaker-pet-cf\\\/#local-main-organization-logo\",\"url\":\"https:\\\/\\\/3d-edu.ch\\\/wp-content\\\/uploads\\\/2018\\\/10\\\/3d-drucker-makerbot-formlabs-professionelle-3d-drucker-e1546527990490.png\",\"contentUrl\":\"https:\\\/\\\/3d-edu.ch\\\/wp-content\\\/uploads\\\/2018\\\/10\\\/3d-drucker-makerbot-formlabs-professionelle-3d-drucker-e1546527990490.png\",\"width\":275,\"height\":80,\"caption\":\"3D-EDU GmbH\"}]}<\/script>\n<meta property=\"product:brand\" content=\"UltiMaker\" \/>\n<meta property=\"og:availability\" content=\"backorder\" \/>\n<meta property=\"product:availability\" content=\"available for order\" \/>\n<meta property=\"product:retailer_item_id\" content=\"FIUM-BAM0-WH0-1-1\" \/>\n<meta property=\"product:condition\" content=\"new\" \/>\n<meta name=\"geo.placename\" content=\"Z\u00fcrich\" \/>\n<meta name=\"geo.position\" content=\"47.38413;8.49812\" \/>\n<meta name=\"geo.region\" content=\"Suisse\" \/>\n<!-- \/ Yoast SEO Premium plugin. -->","yoast_head_json":{"title":"Filament Ultimaker PET CF %%page% commander en ligne - %%nom du site","description":"Ultimaker PET CF est le premier mat\u00e9riau composite sp\u00e9cialement con\u00e7u pour les imprimantes de la s\u00e9rie Ultimaker S et donne des r\u00e9sultats impressionnants. Avec la reconnaissance des mat\u00e9riaux NFC, un noyau d'impression CC sp\u00e9cial, la compatibilit\u00e9 avec les mat\u00e9riaux de support et des profils d'impression ajust\u00e9s de mani\u00e8re professionnelle, il offre une exp\u00e9rience d'impression sans faille. Ces caract\u00e9ristiques, combin\u00e9es \u00e0 la faible sensibilit\u00e9 \u00e0 l'humidit\u00e9 du PET CF, garantissent une impression simple et fiable pour des applications composites performantes.","robots":{"index":"index","follow":"follow","max-snippet":"max-snippet:-1","max-image-preview":"max-image-preview:large","max-video-preview":"max-video-preview:-1"},"canonical":"https:\/\/3d-edu.ch\/fr\/boutique\/filament-ultimaker-pet-cf\/","og_locale":"fr_FR","og_type":"article","og_title":"Filament Ultimaker PET CF","og_description":"Ultimaker PET CF est le premier mat\u00e9riau composite sp\u00e9cialement con\u00e7u pour les imprimantes de la s\u00e9rie Ultimaker S et donne des r\u00e9sultats impressionnants. Avec la reconnaissance des mat\u00e9riaux NFC, un noyau d'impression CC sp\u00e9cial, la compatibilit\u00e9 avec les mat\u00e9riaux de support et des profils d'impression ajust\u00e9s de mani\u00e8re professionnelle, il offre une exp\u00e9rience d'impression sans faille. Ces caract\u00e9ristiques, combin\u00e9es \u00e0 la faible sensibilit\u00e9 \u00e0 l'humidit\u00e9 du PET CF, garantissent une impression simple et fiable pour des applications composites performantes.","og_url":"https:\/\/3d-edu.ch\/fr\/boutique\/filament-ultimaker-pet-cf\/","og_site_name":"3D-EDU GmbH","article_publisher":"https:\/\/www.facebook.com\/3d-educh-210277586064960\/","article_modified_time":"2026-04-20T14:46:43+00:00","og_image":[{"width":380,"height":380,"url":"https:\/\/3d-edu.ch\/wp-content\/uploads\/2024\/03\/Ultimaker-PET-CF.webp","type":"image\/webp"}],"twitter_card":"summary_large_image","twitter_site":"@3d_edu_ch","twitter_misc":{"Disponibilit\u00e9":"En r\u00e9assort"},"schema":{"@context":"https:\/\/schema.org","@graph":[{"@type":"WebPage","@id":"https:\/\/3d-edu.ch\/fr\/boutique\/filament-ultimaker-pet-cf\/","url":"https:\/\/3d-edu.ch\/fr\/boutique\/filament-ultimaker-pet-cf\/","name":"Filament Ultimaker PET CF %%page% commander en ligne - %%nom du site","isPartOf":{"@id":"https:\/\/3d-edu.ch\/fr\/#website"},"primaryImageOfPage":{"@id":"https:\/\/3d-edu.ch\/fr\/boutique\/filament-ultimaker-pet-cf\/#primaryimage"},"image":{"@id":"https:\/\/3d-edu.ch\/fr\/boutique\/filament-ultimaker-pet-cf\/#primaryimage"},"thumbnailUrl":"https:\/\/3d-edu.ch\/wp-content\/uploads\/2024\/03\/Ultimaker-PET-CF.webp","datePublished":"2024-03-05T15:03:26+00:00","dateModified":"2026-04-20T14:46:43+00:00","description":"Ultimaker PET CF est le premier mat\u00e9riau composite sp\u00e9cialement con\u00e7u pour les imprimantes de la s\u00e9rie Ultimaker S et donne des r\u00e9sultats impressionnants. Avec la reconnaissance des mat\u00e9riaux NFC, un noyau d'impression CC sp\u00e9cial, la compatibilit\u00e9 avec les mat\u00e9riaux de support et des profils d'impression ajust\u00e9s de mani\u00e8re professionnelle, il offre une exp\u00e9rience d'impression sans faille. Ces caract\u00e9ristiques, combin\u00e9es \u00e0 la faible sensibilit\u00e9 \u00e0 l'humidit\u00e9 du PET CF, garantissent une impression simple et fiable pour des applications composites performantes.","breadcrumb":{"@id":"https:\/\/3d-edu.ch\/fr\/boutique\/filament-ultimaker-pet-cf\/#breadcrumb"},"inLanguage":"fr-FR","potentialAction":[{"@type":"ReadAction","target":["https:\/\/3d-edu.ch\/fr\/boutique\/filament-ultimaker-pet-cf\/"]}]},{"@type":"ImageObject","inLanguage":"fr-FR","@id":"https:\/\/3d-edu.ch\/fr\/boutique\/filament-ultimaker-pet-cf\/#primaryimage","url":"https:\/\/3d-edu.ch\/wp-content\/uploads\/2024\/03\/Ultimaker-PET-CF.webp","contentUrl":"https:\/\/3d-edu.ch\/wp-content\/uploads\/2024\/03\/Ultimaker-PET-CF.webp","width":380,"height":380,"caption":"Ultimaker PET CF"},{"@type":"BreadcrumbList","@id":"https:\/\/3d-edu.ch\/fr\/boutique\/filament-ultimaker-pet-cf\/#breadcrumb","itemListElement":[{"@type":"ListItem","position":1,"name":"Accueil","item":"https:\/\/3d-edu.ch\/fr\/"},{"@type":"ListItem","position":2,"name":"Boutique","item":"https:\/\/3d-edu.ch\/fr\/boutique\/"},{"@type":"ListItem","position":3,"name":"Filament Ultimaker PET CF"}]},{"@type":"WebSite","@id":"https:\/\/3d-edu.ch\/fr\/#website","url":"https:\/\/3d-edu.ch\/fr\/","name":"3D-EDU GmbH","description":"Your Formlabs, UltiMaker and Raise3D Printer Support and Education Site in Switzerland. \/\/ Ihre Formlabs, UltiMaker and Raise3D Drucker Support und Bildungs Webseite der Schweiz.","publisher":{"@id":"https:\/\/3d-edu.ch\/fr\/#organization"},"potentialAction":[{"@type":"SearchAction","target":{"@type":"EntryPoint","urlTemplate":"https:\/\/3d-edu.ch\/fr\/?s={search_term_string}"},"query-input":{"@type":"PropertyValueSpecification","valueRequired":true,"valueName":"search_term_string"}}],"inLanguage":"fr-FR"},{"@type":["Organization","Place","ElectronicsStore"],"@id":"https:\/\/3d-edu.ch\/fr\/#organization","name":"3D-EDU GmbH","url":"https:\/\/3d-edu.ch\/fr\/","logo":{"@id":"https:\/\/3d-edu.ch\/fr\/boutique\/filament-ultimaker-pet-cf\/#local-main-organization-logo"},"image":{"@id":"https:\/\/3d-edu.ch\/fr\/boutique\/filament-ultimaker-pet-cf\/#local-main-organization-logo"},"sameAs":["https:\/\/www.facebook.com\/3d-educh-210277586064960\/","https:\/\/x.com\/3d_edu_ch"],"address":{"@id":"https:\/\/3d-edu.ch\/fr\/boutique\/filament-ultimaker-pet-cf\/#local-main-place-address"},"geo":{"@type":"GeoCoordinates","latitude":"47.38413","longitude":"8.49812"},"telephone":["+41 44 492 11 22"],"openingHoursSpecification":[{"@type":"OpeningHoursSpecification","dayOfWeek":["Monday","Tuesday","Wednesday","Thursday","Friday"],"opens":"08:30","closes":"18:00"},{"@type":"OpeningHoursSpecification","dayOfWeek":["Saturday","Sunday"],"opens":"00:00","closes":"00:00"}],"email":"info@3d-edu.ch","faxNumber":"+41 44 492 11 23","vatID":"CHE-184.499.491 MWST","priceRange":"$$$","currenciesAccepted":"CHF"},{"@type":"PostalAddress","@id":"https:\/\/3d-edu.ch\/fr\/boutique\/filament-ultimaker-pet-cf\/#local-main-place-address","streetAddress":"3D-EDU GmbH, Badenerstrasse 556","addressLocality":"Z\u00fcrich","postalCode":"8048","addressRegion":"Z\u00fcrich","addressCountry":"CH"},{"@type":"ImageObject","inLanguage":"fr-FR","@id":"https:\/\/3d-edu.ch\/fr\/boutique\/filament-ultimaker-pet-cf\/#local-main-organization-logo","url":"https:\/\/3d-edu.ch\/wp-content\/uploads\/2018\/10\/3d-drucker-makerbot-formlabs-professionelle-3d-drucker-e1546527990490.png","contentUrl":"https:\/\/3d-edu.ch\/wp-content\/uploads\/2018\/10\/3d-drucker-makerbot-formlabs-professionelle-3d-drucker-e1546527990490.png","width":275,"height":80,"caption":"3D-EDU GmbH"}]},"product_brand":"UltiMaker","og_availability":"backorder","product_availability":"available for order","product_retailer_item_id":"FIUM-BAM0-WH0-1-1","product_condition":"new","geo.placename":"Z\u00fcrich","geo.position":{"lat":"47.38413","long":"8.49812"},"geo.region":"Suisse"},"_links":{"self":[{"href":"https:\/\/3d-edu.ch\/fr\/wp-json\/wp\/v2\/product\/76514","targetHints":{"allow":["GET"]}}],"collection":[{"href":"https:\/\/3d-edu.ch\/fr\/wp-json\/wp\/v2\/product"}],"about":[{"href":"https:\/\/3d-edu.ch\/fr\/wp-json\/wp\/v2\/types\/product"}],"replies":[{"embeddable":true,"href":"https:\/\/3d-edu.ch\/fr\/wp-json\/wp\/v2\/comments?post=76514"}],"wp:featuredmedia":[{"embeddable":true,"href":"https:\/\/3d-edu.ch\/fr\/wp-json\/wp\/v2\/media\/69443"}],"wp:attachment":[{"href":"https:\/\/3d-edu.ch\/fr\/wp-json\/wp\/v2\/media?parent=76514"}],"wp:term":[{"taxonomy":"product_brand","embeddable":true,"href":"https:\/\/3d-edu.ch\/fr\/wp-json\/wp\/v2\/product_brand?post=76514"},{"taxonomy":"product_cat","embeddable":true,"href":"https:\/\/3d-edu.ch\/fr\/wp-json\/wp\/v2\/product_cat?post=76514"},{"taxonomy":"product_tag","embeddable":true,"href":"https:\/\/3d-edu.ch\/fr\/wp-json\/wp\/v2\/product_tag?post=76514"}],"curies":[{"name":"wp","href":"https:\/\/api.w.org\/{rel}","templated":true}]}}