{"id":76506,"date":"2024-02-15T15:58:45","date_gmt":"2024-02-15T14:58:45","guid":{"rendered":"https:\/\/3d-edu.ch\/shop\/station-de-retrait-ultimaker-pva\/"},"modified":"2026-04-09T14:31:53","modified_gmt":"2026-04-09T12:31:53","slug":"station-de-retrait-ultimaker-pva","status":"publish","type":"product","link":"https:\/\/3d-edu.ch\/fr\/boutique\/station-de-retrait-ultimaker-pva\/","title":{"rendered":"Station de retrait Ultimaker PVA"},"content":{"rendered":"<h2>Station d&rsquo;\u00e9limination des PVA UltiMaker<\/h2>\n<p><span style=\"color: #000000;\"><b>Contenu de la livraison :  <\/b><\/span><\/p>\n<ul>\n<li><span style=\"color: #000000;\">Module de base avec panneau de commande<\/span><\/li>\n<li><span style=\"color: #000000;\">C\u00e2ble d&rsquo;alimentation CH<\/span><\/li>\n<li><span style=\"color: #000000;\">R\u00e9servoir d&rsquo;eau avec rotor int\u00e9gr\u00e9<\/span><\/li>\n<li><span style=\"color: #000000;\">Panier de rin\u00e7age<\/span><\/li>\n<li><span style=\"color: #000000;\">Pincette<\/span><\/li>\n<\/ul>\n<div class=\"accordion\">\n\t<div id=\"accordion-690637594\" class=\"accordion-item\">\n\t\t<a id=\"accordion-690637594-label\" class=\"accordion-title plain\" href=\"#accordion-item-plus-d&#039;informations\" aria-expanded=\"false\" aria-controls=\"accordion-690637594-content\">\n\t\t\t<button class=\"toggle\" aria-label=\"Basculer\"><i class=\"icon-angle-down\" aria-hidden=\"true\"><\/i><\/button>\n\t\t\t<span>Plus d&#039;informations<\/span>\n\t\t<\/a>\n\t\t<div id=\"accordion-690637594-content\" class=\"accordion-inner\" aria-labelledby=\"accordion-690637594-label\">\n\t\t\t\n<div class=\"flex flex-grow flex-col max-w-full\">\n<div class=\"min-h-&#091;20px&#093; text-message flex flex-col items-start gap-3 whitespace-pre-wrap break-words &#091;.text-message+&amp;&#093;:mt-5 overflow-x-auto\" data-message-author-role=\"assistant\" data-message-id=\"f865fb70-6876-4392-9ab3-3e85e51e0ad1\">\n<div class=\"markdown prose w-full break-words dark:prose-invert dark\">\n<p><span style=\"color: #000000;\">La Station de retrait Ultimaker PVA offre un certain nombre d&rsquo;avantages :<\/span><\/p>\n<ul>\n<li><span style=\"color: #000000;\">\u00c9limination plus rapide du PVA : gr\u00e2ce \u00e0 un processus de dissolution \u00e0 grande vitesse entra\u00een\u00e9 par un rotor magn\u00e9tique, la station peut \u00e9liminer le PVA jusqu&rsquo;\u00e0 4 fois plus rapidement que les m\u00e9thodes traditionnelles. M\u00eame les cavit\u00e9s difficiles d&rsquo;acc\u00e8s des conceptions complexes sont trait\u00e9es efficacement, ce qui vous permet d&rsquo;utiliser vos pi\u00e8ces le plus rapidement possible. <\/span><\/li>\n<li><span style=\"color: #000000;\">Productivit\u00e9 accrue avec moins d&rsquo;efforts : par rapport aux solutions improvis\u00e9es, la Station de retrait Ultimaker PVA r\u00e9duit les efforts de l&rsquo;op\u00e9rateur de 80%. Elle ne n\u00e9cessite qu&rsquo;un entretien et un nettoyage minimum, ce qui vous permet de vous concentrer sur des t\u00e2ches plus importantes pendant que le post-traitement de vos impressions 3D se d\u00e9roule sans probl\u00e8me. <\/span><\/li>\n<li><span style=\"color: #000000;\">Un environnement de travail d\u00e9tendu : la station d&rsquo;\u00e9limination des PVA, facile \u00e0 utiliser et fiable, vous permet de travailler dans un environnement d\u00e9tendu. Il suffit d&rsquo;appuyer sur le bouton de d\u00e9marrage et la station fait le reste. Vous pouvez ainsi vous consacrer \u00e0 d&rsquo;autres t\u00e2ches en toute s\u00e9r\u00e9nit\u00e9 en attendant un r\u00e9sultat final de haute qualit\u00e9.  <\/span><\/li>\n<\/ul>\n<\/div>\n<\/div>\n<\/div>\n\t\t<\/div>\n\t<\/div>\n\t\n<\/div>\n","protected":false},"excerpt":{"rendered":"<h2><span style=\"color: #000000;\">Station de retrait Ultimaker PVA<\/span><\/h2>\n<div class=\"flex flex-grow flex-col max-w-full\">\n<div class=\"min-h-[20px] text-message flex flex-col items-start gap-3 whitespace-pre-wrap break-words [.text-message+&amp;]:mt-5 overflow-x-auto\" data-message-author-role=\"assistant\" data-message-id=\"e9fbfe32-55ea-49fe-b0a8-cfeb5d1621d8\">\n<div class=\"markdown prose w-full break-words dark:prose-invert dark\">\n<p><span style=\"color: #000000;\">Acc\u00e9l\u00e9rez la cr\u00e9ation de pi\u00e8ces complexes et de prototypes impressionnants avec la station d&rsquo;\u00e9limination du PVA Ultimaker. Cette station sophistiqu\u00e9e est \u00e9quip\u00e9e d&rsquo;un rotor magn\u00e9tique et d&rsquo;une vitesse r\u00e9glable pour dissoudre le mat\u00e9riau de support PVA en quelques heures - par simple ajout d&rsquo;eau. En tant que partie int\u00e9grante de la plateforme d&rsquo;impression 3D Ultimaker, cette solution compl\u00e8te permet des it\u00e9rations de conception plus rapides avec un minimum de temps pour l&rsquo;op\u00e9rateur.  <\/span><\/p>\n<\/div>\n<\/div>\n<\/div>\n","protected":false},"featured_media":69372,"comment_status":"closed","ping_status":"closed","template":"","meta":[],"product_brand":[],"product_cat":[7915,8678,8677,8676,8206],"product_tag":[8772,8679,8770,8313],"class_list":{"0":"post-76506","1":"product","2":"type-product","3":"status-publish","4":"has-post-thumbnail","6":"product_cat-imprimantes-3d-fr-3","7":"product_cat-s3","8":"product_cat-s5","9":"product_cat-s7","10":"product_cat-ultimaker","11":"product_tag-elimination-du-pva","12":"product_tag-pva-le-pva","13":"product_tag-station-de-retrait","14":"product_tag-ultimaker","15":"yith_product_brand-ultimaker","17":"first","18":"onbackorder","19":"taxable","20":"shipping-taxable","21":"purchasable","22":"product-type-simple"},"yoast_head":"<!-- This site is optimized with the Yoast SEO Premium plugin v27.4 (Yoast SEO v27.4) - https:\/\/yoast.com\/product\/yoast-seo-premium-wordpress\/ -->\n<title>Station de retrait Ultimaker PVA %%page% commander en ligne maintenant - 3D-EDU GmbH<\/title>\n<meta name=\"description\" content=\"Acc\u00e9l\u00e9rez la cr\u00e9ation de pi\u00e8ces complexes et de prototypes impressionnants avec la station de retrait PVA Ultimaker. Cette station sophistiqu\u00e9e dispose d&#039;un rotor magn\u00e9tique et d&#039;une vitesse r\u00e9glable pour dissoudre le mat\u00e9riau de support PVA en quelques heures.\" \/>\n<meta name=\"robots\" content=\"index, follow, max-snippet:-1, max-image-preview:large, max-video-preview:-1\" \/>\n<link rel=\"canonical\" href=\"https:\/\/3d-edu.ch\/fr\/boutique\/station-de-retrait-ultimaker-pva\/\" \/>\n<meta property=\"og:locale\" content=\"fr_FR\" \/>\n<meta property=\"og:type\" content=\"article\" \/>\n<meta property=\"og:title\" content=\"Station de retrait Ultimaker PVA\" \/>\n<meta property=\"og:description\" content=\"Acc\u00e9l\u00e9rez la cr\u00e9ation de pi\u00e8ces complexes et de prototypes impressionnants avec la station de retrait PVA Ultimaker. Cette station sophistiqu\u00e9e dispose d&#039;un rotor magn\u00e9tique et d&#039;une vitesse r\u00e9glable pour dissoudre le mat\u00e9riau de support PVA en quelques heures.\" \/>\n<meta property=\"og:url\" content=\"https:\/\/3d-edu.ch\/fr\/boutique\/station-de-retrait-ultimaker-pva\/\" \/>\n<meta property=\"og:site_name\" content=\"3D-EDU GmbH\" \/>\n<meta property=\"article:publisher\" content=\"https:\/\/www.facebook.com\/3d-educh-210277586064960\/\" \/>\n<meta property=\"article:modified_time\" content=\"2026-04-09T12:31:53+00:00\" \/>\n<meta property=\"og:image\" content=\"https:\/\/3d-edu.ch\/wp-content\/uploads\/2024\/02\/ultimaker-pva-removal-station-de_1.webp\" \/>\n\t<meta property=\"og:image:width\" content=\"380\" \/>\n\t<meta property=\"og:image:height\" content=\"380\" \/>\n\t<meta property=\"og:image:type\" content=\"image\/webp\" \/>\n<meta name=\"twitter:card\" content=\"summary_large_image\" \/>\n<meta name=\"twitter:site\" content=\"@3d_edu_ch\" \/>\n<meta name=\"twitter:label1\" content=\"Prix\" \/>\n\t<meta name=\"twitter:data1\" content=\"712.50&nbsp;&#067;&#072;&#070; hors TVA\" \/>\n\t<meta name=\"twitter:label2\" content=\"Disponibilit\u00e9\" \/>\n\t<meta name=\"twitter:data2\" content=\"En r\u00e9assort\" \/>\n<script type=\"application\/ld+json\" class=\"yoast-schema-graph\">{\"@context\":\"https:\\\/\\\/schema.org\",\"@graph\":[{\"@type\":\"WebPage\",\"@id\":\"https:\\\/\\\/3d-edu.ch\\\/fr\\\/boutique\\\/station-de-retrait-ultimaker-pva\\\/\",\"url\":\"https:\\\/\\\/3d-edu.ch\\\/fr\\\/boutique\\\/station-de-retrait-ultimaker-pva\\\/\",\"name\":\"Station de retrait Ultimaker PVA %%page% commander en ligne maintenant - 3D-EDU GmbH\",\"isPartOf\":{\"@id\":\"https:\\\/\\\/3d-edu.ch\\\/fr\\\/#website\"},\"primaryImageOfPage\":{\"@id\":\"https:\\\/\\\/3d-edu.ch\\\/fr\\\/boutique\\\/station-de-retrait-ultimaker-pva\\\/#primaryimage\"},\"image\":{\"@id\":\"https:\\\/\\\/3d-edu.ch\\\/fr\\\/boutique\\\/station-de-retrait-ultimaker-pva\\\/#primaryimage\"},\"thumbnailUrl\":\"https:\\\/\\\/3d-edu.ch\\\/wp-content\\\/uploads\\\/2024\\\/02\\\/ultimaker-pva-removal-station-de_1.webp\",\"datePublished\":\"2024-02-15T14:58:45+00:00\",\"dateModified\":\"2026-04-09T12:31:53+00:00\",\"description\":\"Acc\u00e9l\u00e9rez la cr\u00e9ation de pi\u00e8ces complexes et de prototypes impressionnants avec la station de retrait PVA Ultimaker. Cette station sophistiqu\u00e9e dispose d'un rotor magn\u00e9tique et d'une vitesse r\u00e9glable pour dissoudre le mat\u00e9riau de support PVA en quelques heures.\",\"breadcrumb\":{\"@id\":\"https:\\\/\\\/3d-edu.ch\\\/fr\\\/boutique\\\/station-de-retrait-ultimaker-pva\\\/#breadcrumb\"},\"inLanguage\":\"fr-FR\",\"potentialAction\":[{\"@type\":\"ReadAction\",\"target\":[\"https:\\\/\\\/3d-edu.ch\\\/fr\\\/boutique\\\/station-de-retrait-ultimaker-pva\\\/\"]}]},{\"@type\":\"ImageObject\",\"inLanguage\":\"fr-FR\",\"@id\":\"https:\\\/\\\/3d-edu.ch\\\/fr\\\/boutique\\\/station-de-retrait-ultimaker-pva\\\/#primaryimage\",\"url\":\"https:\\\/\\\/3d-edu.ch\\\/wp-content\\\/uploads\\\/2024\\\/02\\\/ultimaker-pva-removal-station-de_1.webp\",\"contentUrl\":\"https:\\\/\\\/3d-edu.ch\\\/wp-content\\\/uploads\\\/2024\\\/02\\\/ultimaker-pva-removal-station-de_1.webp\",\"width\":380,\"height\":380,\"caption\":\"Station de retrait PVA Ultimaker 1\"},{\"@type\":\"BreadcrumbList\",\"@id\":\"https:\\\/\\\/3d-edu.ch\\\/fr\\\/boutique\\\/station-de-retrait-ultimaker-pva\\\/#breadcrumb\",\"itemListElement\":[{\"@type\":\"ListItem\",\"position\":1,\"name\":\"Accueil\",\"item\":\"https:\\\/\\\/3d-edu.ch\\\/fr\\\/\"},{\"@type\":\"ListItem\",\"position\":2,\"name\":\"Boutique\",\"item\":\"https:\\\/\\\/3d-edu.ch\\\/fr\\\/boutique\\\/\"},{\"@type\":\"ListItem\",\"position\":3,\"name\":\"Station de retrait Ultimaker PVA\"}]},{\"@type\":\"WebSite\",\"@id\":\"https:\\\/\\\/3d-edu.ch\\\/fr\\\/#website\",\"url\":\"https:\\\/\\\/3d-edu.ch\\\/fr\\\/\",\"name\":\"3D-EDU GmbH\",\"description\":\"Your Formlabs, UltiMaker and Raise3D Printer Support and Education Site in Switzerland. \\\/\\\/ Ihre Formlabs, UltiMaker and Raise3D Drucker Support und Bildungs Webseite der Schweiz.\",\"publisher\":{\"@id\":\"https:\\\/\\\/3d-edu.ch\\\/fr\\\/#organization\"},\"potentialAction\":[{\"@type\":\"SearchAction\",\"target\":{\"@type\":\"EntryPoint\",\"urlTemplate\":\"https:\\\/\\\/3d-edu.ch\\\/fr\\\/?s={search_term_string}\"},\"query-input\":{\"@type\":\"PropertyValueSpecification\",\"valueRequired\":true,\"valueName\":\"search_term_string\"}}],\"inLanguage\":\"fr-FR\"},{\"@type\":[\"Organization\",\"Place\",\"ElectronicsStore\"],\"@id\":\"https:\\\/\\\/3d-edu.ch\\\/fr\\\/#organization\",\"name\":\"3D-EDU GmbH\",\"url\":\"https:\\\/\\\/3d-edu.ch\\\/fr\\\/\",\"logo\":{\"@id\":\"https:\\\/\\\/3d-edu.ch\\\/fr\\\/boutique\\\/station-de-retrait-ultimaker-pva\\\/#local-main-organization-logo\"},\"image\":{\"@id\":\"https:\\\/\\\/3d-edu.ch\\\/fr\\\/boutique\\\/station-de-retrait-ultimaker-pva\\\/#local-main-organization-logo\"},\"sameAs\":[\"https:\\\/\\\/www.facebook.com\\\/3d-educh-210277586064960\\\/\",\"https:\\\/\\\/x.com\\\/3d_edu_ch\"],\"address\":{\"@id\":\"https:\\\/\\\/3d-edu.ch\\\/fr\\\/boutique\\\/station-de-retrait-ultimaker-pva\\\/#local-main-place-address\"},\"geo\":{\"@type\":\"GeoCoordinates\",\"latitude\":\"47.38413\",\"longitude\":\"8.49812\"},\"telephone\":[\"+41 44 492 11 22\"],\"openingHoursSpecification\":[{\"@type\":\"OpeningHoursSpecification\",\"dayOfWeek\":[\"Monday\",\"Tuesday\",\"Wednesday\",\"Thursday\",\"Friday\"],\"opens\":\"08:30\",\"closes\":\"18:00\"},{\"@type\":\"OpeningHoursSpecification\",\"dayOfWeek\":[\"Saturday\",\"Sunday\"],\"opens\":\"00:00\",\"closes\":\"00:00\"}],\"email\":\"info@3d-edu.ch\",\"faxNumber\":\"+41 44 492 11 23\",\"vatID\":\"CHE-184.499.491 MWST\",\"priceRange\":\"$$$\",\"currenciesAccepted\":\"CHF\"},{\"@type\":\"PostalAddress\",\"@id\":\"https:\\\/\\\/3d-edu.ch\\\/fr\\\/boutique\\\/station-de-retrait-ultimaker-pva\\\/#local-main-place-address\",\"streetAddress\":\"3D-EDU GmbH, Badenerstrasse 556\",\"addressLocality\":\"Z\u00fcrich\",\"postalCode\":\"8048\",\"addressRegion\":\"Z\u00fcrich\",\"addressCountry\":\"CH\"},{\"@type\":\"ImageObject\",\"inLanguage\":\"fr-FR\",\"@id\":\"https:\\\/\\\/3d-edu.ch\\\/fr\\\/boutique\\\/station-de-retrait-ultimaker-pva\\\/#local-main-organization-logo\",\"url\":\"https:\\\/\\\/3d-edu.ch\\\/wp-content\\\/uploads\\\/2018\\\/10\\\/3d-drucker-makerbot-formlabs-professionelle-3d-drucker-e1546527990490.png\",\"contentUrl\":\"https:\\\/\\\/3d-edu.ch\\\/wp-content\\\/uploads\\\/2018\\\/10\\\/3d-drucker-makerbot-formlabs-professionelle-3d-drucker-e1546527990490.png\",\"width\":275,\"height\":80,\"caption\":\"3D-EDU GmbH\"}]}<\/script>\n<meta property=\"product:brand\" content=\"UltiMaker\" \/>\n<meta property=\"product:price:amount\" content=\"712.50\" \/>\n<meta property=\"product:price:currency\" content=\"CHF\" \/>\n<meta property=\"og:availability\" content=\"backorder\" \/>\n<meta property=\"product:availability\" content=\"available for order\" \/>\n<meta property=\"product:retailer_item_id\" content=\"220994\" \/>\n<meta property=\"product:condition\" content=\"new\" \/>\n<meta name=\"geo.placename\" content=\"Z\u00fcrich\" \/>\n<meta name=\"geo.position\" content=\"47.38413;8.49812\" \/>\n<meta name=\"geo.region\" content=\"Suisse\" \/>\n<!-- \/ Yoast SEO Premium plugin. -->","yoast_head_json":{"title":"Station de retrait Ultimaker PVA %%page% commander en ligne maintenant - 3D-EDU GmbH","description":"Acc\u00e9l\u00e9rez la cr\u00e9ation de pi\u00e8ces complexes et de prototypes impressionnants avec la station de retrait PVA Ultimaker. Cette station sophistiqu\u00e9e dispose d'un rotor magn\u00e9tique et d'une vitesse r\u00e9glable pour dissoudre le mat\u00e9riau de support PVA en quelques heures.","robots":{"index":"index","follow":"follow","max-snippet":"max-snippet:-1","max-image-preview":"max-image-preview:large","max-video-preview":"max-video-preview:-1"},"canonical":"https:\/\/3d-edu.ch\/fr\/boutique\/station-de-retrait-ultimaker-pva\/","og_locale":"fr_FR","og_type":"article","og_title":"Station de retrait Ultimaker PVA","og_description":"Acc\u00e9l\u00e9rez la cr\u00e9ation de pi\u00e8ces complexes et de prototypes impressionnants avec la station de retrait PVA Ultimaker. Cette station sophistiqu\u00e9e dispose d'un rotor magn\u00e9tique et d'une vitesse r\u00e9glable pour dissoudre le mat\u00e9riau de support PVA en quelques heures.","og_url":"https:\/\/3d-edu.ch\/fr\/boutique\/station-de-retrait-ultimaker-pva\/","og_site_name":"3D-EDU GmbH","article_publisher":"https:\/\/www.facebook.com\/3d-educh-210277586064960\/","article_modified_time":"2026-04-09T12:31:53+00:00","og_image":[{"width":380,"height":380,"url":"https:\/\/3d-edu.ch\/wp-content\/uploads\/2024\/02\/ultimaker-pva-removal-station-de_1.webp","type":"image\/webp"}],"twitter_card":"summary_large_image","twitter_site":"@3d_edu_ch","twitter_misc":{"Prix":"712.50&nbsp;&#67;&#72;&#70; hors TVA","Disponibilit\u00e9":"En r\u00e9assort"},"schema":{"@context":"https:\/\/schema.org","@graph":[{"@type":"WebPage","@id":"https:\/\/3d-edu.ch\/fr\/boutique\/station-de-retrait-ultimaker-pva\/","url":"https:\/\/3d-edu.ch\/fr\/boutique\/station-de-retrait-ultimaker-pva\/","name":"Station de retrait Ultimaker PVA %%page% commander en ligne maintenant - 3D-EDU GmbH","isPartOf":{"@id":"https:\/\/3d-edu.ch\/fr\/#website"},"primaryImageOfPage":{"@id":"https:\/\/3d-edu.ch\/fr\/boutique\/station-de-retrait-ultimaker-pva\/#primaryimage"},"image":{"@id":"https:\/\/3d-edu.ch\/fr\/boutique\/station-de-retrait-ultimaker-pva\/#primaryimage"},"thumbnailUrl":"https:\/\/3d-edu.ch\/wp-content\/uploads\/2024\/02\/ultimaker-pva-removal-station-de_1.webp","datePublished":"2024-02-15T14:58:45+00:00","dateModified":"2026-04-09T12:31:53+00:00","description":"Acc\u00e9l\u00e9rez la cr\u00e9ation de pi\u00e8ces complexes et de prototypes impressionnants avec la station de retrait PVA Ultimaker. Cette station sophistiqu\u00e9e dispose d'un rotor magn\u00e9tique et d'une vitesse r\u00e9glable pour dissoudre le mat\u00e9riau de support PVA en quelques heures.","breadcrumb":{"@id":"https:\/\/3d-edu.ch\/fr\/boutique\/station-de-retrait-ultimaker-pva\/#breadcrumb"},"inLanguage":"fr-FR","potentialAction":[{"@type":"ReadAction","target":["https:\/\/3d-edu.ch\/fr\/boutique\/station-de-retrait-ultimaker-pva\/"]}]},{"@type":"ImageObject","inLanguage":"fr-FR","@id":"https:\/\/3d-edu.ch\/fr\/boutique\/station-de-retrait-ultimaker-pva\/#primaryimage","url":"https:\/\/3d-edu.ch\/wp-content\/uploads\/2024\/02\/ultimaker-pva-removal-station-de_1.webp","contentUrl":"https:\/\/3d-edu.ch\/wp-content\/uploads\/2024\/02\/ultimaker-pva-removal-station-de_1.webp","width":380,"height":380,"caption":"Station de retrait PVA Ultimaker 1"},{"@type":"BreadcrumbList","@id":"https:\/\/3d-edu.ch\/fr\/boutique\/station-de-retrait-ultimaker-pva\/#breadcrumb","itemListElement":[{"@type":"ListItem","position":1,"name":"Accueil","item":"https:\/\/3d-edu.ch\/fr\/"},{"@type":"ListItem","position":2,"name":"Boutique","item":"https:\/\/3d-edu.ch\/fr\/boutique\/"},{"@type":"ListItem","position":3,"name":"Station de retrait Ultimaker PVA"}]},{"@type":"WebSite","@id":"https:\/\/3d-edu.ch\/fr\/#website","url":"https:\/\/3d-edu.ch\/fr\/","name":"3D-EDU GmbH","description":"Your Formlabs, UltiMaker and Raise3D Printer Support and Education Site in Switzerland. \/\/ Ihre Formlabs, UltiMaker and Raise3D Drucker Support und Bildungs Webseite der Schweiz.","publisher":{"@id":"https:\/\/3d-edu.ch\/fr\/#organization"},"potentialAction":[{"@type":"SearchAction","target":{"@type":"EntryPoint","urlTemplate":"https:\/\/3d-edu.ch\/fr\/?s={search_term_string}"},"query-input":{"@type":"PropertyValueSpecification","valueRequired":true,"valueName":"search_term_string"}}],"inLanguage":"fr-FR"},{"@type":["Organization","Place","ElectronicsStore"],"@id":"https:\/\/3d-edu.ch\/fr\/#organization","name":"3D-EDU GmbH","url":"https:\/\/3d-edu.ch\/fr\/","logo":{"@id":"https:\/\/3d-edu.ch\/fr\/boutique\/station-de-retrait-ultimaker-pva\/#local-main-organization-logo"},"image":{"@id":"https:\/\/3d-edu.ch\/fr\/boutique\/station-de-retrait-ultimaker-pva\/#local-main-organization-logo"},"sameAs":["https:\/\/www.facebook.com\/3d-educh-210277586064960\/","https:\/\/x.com\/3d_edu_ch"],"address":{"@id":"https:\/\/3d-edu.ch\/fr\/boutique\/station-de-retrait-ultimaker-pva\/#local-main-place-address"},"geo":{"@type":"GeoCoordinates","latitude":"47.38413","longitude":"8.49812"},"telephone":["+41 44 492 11 22"],"openingHoursSpecification":[{"@type":"OpeningHoursSpecification","dayOfWeek":["Monday","Tuesday","Wednesday","Thursday","Friday"],"opens":"08:30","closes":"18:00"},{"@type":"OpeningHoursSpecification","dayOfWeek":["Saturday","Sunday"],"opens":"00:00","closes":"00:00"}],"email":"info@3d-edu.ch","faxNumber":"+41 44 492 11 23","vatID":"CHE-184.499.491 MWST","priceRange":"$$$","currenciesAccepted":"CHF"},{"@type":"PostalAddress","@id":"https:\/\/3d-edu.ch\/fr\/boutique\/station-de-retrait-ultimaker-pva\/#local-main-place-address","streetAddress":"3D-EDU GmbH, Badenerstrasse 556","addressLocality":"Z\u00fcrich","postalCode":"8048","addressRegion":"Z\u00fcrich","addressCountry":"CH"},{"@type":"ImageObject","inLanguage":"fr-FR","@id":"https:\/\/3d-edu.ch\/fr\/boutique\/station-de-retrait-ultimaker-pva\/#local-main-organization-logo","url":"https:\/\/3d-edu.ch\/wp-content\/uploads\/2018\/10\/3d-drucker-makerbot-formlabs-professionelle-3d-drucker-e1546527990490.png","contentUrl":"https:\/\/3d-edu.ch\/wp-content\/uploads\/2018\/10\/3d-drucker-makerbot-formlabs-professionelle-3d-drucker-e1546527990490.png","width":275,"height":80,"caption":"3D-EDU GmbH"}]},"product_brand":"UltiMaker","product_price_amount":"712.50","product_price_currency":"CHF","og_availability":"backorder","product_availability":"available for order","product_retailer_item_id":"220994","product_condition":"new","geo.placename":"Z\u00fcrich","geo.position":{"lat":"47.38413","long":"8.49812"},"geo.region":"Suisse"},"_links":{"self":[{"href":"https:\/\/3d-edu.ch\/fr\/wp-json\/wp\/v2\/product\/76506","targetHints":{"allow":["GET"]}}],"collection":[{"href":"https:\/\/3d-edu.ch\/fr\/wp-json\/wp\/v2\/product"}],"about":[{"href":"https:\/\/3d-edu.ch\/fr\/wp-json\/wp\/v2\/types\/product"}],"replies":[{"embeddable":true,"href":"https:\/\/3d-edu.ch\/fr\/wp-json\/wp\/v2\/comments?post=76506"}],"wp:featuredmedia":[{"embeddable":true,"href":"https:\/\/3d-edu.ch\/fr\/wp-json\/wp\/v2\/media\/69372"}],"wp:attachment":[{"href":"https:\/\/3d-edu.ch\/fr\/wp-json\/wp\/v2\/media?parent=76506"}],"wp:term":[{"taxonomy":"product_brand","embeddable":true,"href":"https:\/\/3d-edu.ch\/fr\/wp-json\/wp\/v2\/product_brand?post=76506"},{"taxonomy":"product_cat","embeddable":true,"href":"https:\/\/3d-edu.ch\/fr\/wp-json\/wp\/v2\/product_cat?post=76506"},{"taxonomy":"product_tag","embeddable":true,"href":"https:\/\/3d-edu.ch\/fr\/wp-json\/wp\/v2\/product_tag?post=76506"}],"curies":[{"name":"wp","href":"https:\/\/api.w.org\/{rel}","templated":true}]}}