{"id":76468,"date":"2024-04-16T14:19:51","date_gmt":"2024-04-16T14:19:51","guid":{"rendered":"https:\/\/3d-edu.ch\/shop\/formlabs-form-4b-basic-package\/"},"modified":"2026-04-09T13:19:52","modified_gmt":"2026-04-09T11:19:52","slug":"formlabs-form-4b-basic-package","status":"publish","type":"product","link":"https:\/\/3d-edu.ch\/fr\/boutique\/formlabs-form-4b-basic-package\/","title":{"rendered":"Formlabs Form 4B Basic Package"},"content":{"rendered":"<h2>La Form 4B de Formlabs est la nouvelle imprimante 3D Desktop SLA de Formlabs.<\/h2>\n<p>La Form 4B de Formlabs utilise la technologie Low Force Display&#x2122; (LFD). Elle est ainsi incroyablement rapide, encore plus pr\u00e9cise et encore plus fiable que toutes ses pr\u00e9d\u00e9cesseurs.  Nous sommes un <a href=\"https:\/\/formlabs.com\/company\/partners\/\" target=\"_blank\" rel=\"noopener noreferrer\">revendeur certifi\u00e9 de Formabs<\/a>, ce qui nous permet de vous offrir un excellent service pour les produits Formlabs.<\/p>\n<p>Le Form 4B Basic Package de Formlabs comprend :<\/p>\n<ul>\n<li>Imprimante 3D Form 4B de Formlabs<\/li>\n<li>Forme 4 R\u00e9servoir de r\u00e9sine avec m\u00e9langeur<\/li>\n<li>Form 4 Plate-forme de construction Flex<\/li>\n<li>Form 4 Finish Kit (Nouveau)<\/li>\n<li>1x logiciel PreForm<\/li>\n<li>1x Licence de mode mat\u00e9riel ouvert<\/li>\n<li>Garantie d&rsquo;un an<\/li>\n<\/ul>\n<div class=\"accordion\">\n\t<div id=\"accordion-2262903075\" class=\"accordion-item\">\n\t\t<a id=\"accordion-2262903075-label\" class=\"accordion-title plain\" href=\"#accordion-item-plus-d&#039;informations\" aria-expanded=\"false\" aria-controls=\"accordion-2262903075-content\">\n\t\t\t<button class=\"toggle\" aria-label=\"Basculer\"><i class=\"icon-angle-down\" aria-hidden=\"true\"><\/i><\/button>\n\t\t\t<span>Plus d&#039;informations<\/span>\n\t\t<\/a>\n\t\t<div id=\"accordion-2262903075-content\" class=\"accordion-inner\" aria-labelledby=\"accordion-2262903075-label\">\n\t\t\t\n<h5><strong>Form 4B de Formlabs - Impression \u00e0 grande vitesse<\/strong><\/h5>\n<p>Avec la Form 4B de Formlabs, vous imprimez un mod\u00e8le dentaire toutes les 49 secondes. Par exemple, vous pouvez produire 8 guides chirurgicaux en 48 minutes ou 11 mod\u00e8les d&rsquo;aligneurs en 9 minutes. Vous pouvez \u00e9galement r\u00e9aliser 8 greffons (goutti\u00e8res) en 49 minutes et plus de 100 couronnes en moins de 20 minutes.     <\/p>\n<h5><strong>La Form 4B est tr\u00e8s polyvalente<\/strong><\/h5>\n<p>Comme les pr\u00e9c\u00e9dentes imprimantes 3D SLA de Formlabs, la Form 4B offre des mat\u00e9riaux avanc\u00e9s pour chaque application. Vous avez acc\u00e8s \u00e0 tous les mat\u00e9riaux, y compris 15+ mat\u00e9riaux dentaires, y compris les r\u00e9sines biocompatibles, qui ont \u00e9t\u00e9 d\u00e9velopp\u00e9s et valid\u00e9s dans le cadre d&rsquo;un QMS rigoureux et qui sont fabriqu\u00e9s dans une installation certifi\u00e9e ISO 13485, pour que vous n&rsquo;ayez pas \u00e0 vous inqui\u00e9ter. <\/p>\n<h5><strong>La Form 4B est encore plus intuitive<\/strong><\/h5>\n<p>La Form 4B de Formlabs a \u00e9galement \u00e9t\u00e9 con\u00e7ue pour \u00eatre facile \u00e0 utiliser. La Form 4B s&rsquo;apprend en 15 minutes. <\/p>\n<h5><strong>La Form 4B est extr\u00eamement fiable<\/strong><\/h5>\n<p>Jamais une imprimante 3D SLA n&rsquo;a \u00e9t\u00e9 test\u00e9e aussi intensivement avant sa sortie que la Form 4B de Formlabs. C&rsquo;est pourquoi nous pouvons d&rsquo;ores et d\u00e9j\u00e0 affirmer que la Form 4B offre un taux de r\u00e9ussite d&rsquo;impression in\u00e9gal\u00e9 d\u00e8s le d\u00e9part. <\/p>\n<h5><strong>Une pr\u00e9cision maximale \u00e0 une vitesse maximale<\/strong><\/h5>\n<p>M\u00eame \u00e0 ces vitesses d&rsquo;impression \u00e9lev\u00e9es de 40 \u00e0 100 mm\/h, la Form 4B de Formlabs atteint une pr\u00e9cision incroyable. Avec la Form 4B, vous produisez les surfaces les plus lisses avec une taille de pixel de 50 \u03bcm, soutenue par un lissage avanc\u00e9 des bords pour une r\u00e9solution sub-pixel. Cela vous permet d&rsquo;imprimer des pi\u00e8ces dentaires avec la meilleure pr\u00e9cision de surface du secteur, soit plus de 95 % des points de donn\u00e9es dans les 50 \u03bcm des donn\u00e9es CAO d&rsquo;origine, de mani\u00e8re coh\u00e9rente sur toute la plateforme de construction.  <\/p>\n<h5><strong>Mode mat\u00e9riel ouvert<\/strong><\/h5>\n<p>L&rsquo;Open Material Mode (OMM) de Formlab vous donne un acc\u00e8s total \u00e0 l&rsquo;utilisation avec des mat\u00e9riaux tiers, ce qui vous permet d&rsquo;explorer sans fin de nouvelles possibilit\u00e9s sur l&rsquo;\u00e9cosyst\u00e8me SLA professionnel le plus fiable du secteur. Imprimez avec n&rsquo;importe quelle autre r\u00e9sine photopolym\u00e8re (durcissant \u00e0 405 nm). <\/p>\n<p>Comme il n&rsquo;existe pas de cartouches utilisables pour des mat\u00e9riaux tiers, la r\u00e9sine est vers\u00e9e manuellement dans le r\u00e9servoir de r\u00e9sine. Celui-ci doit toujours \u00eatre v\u00e9rifi\u00e9 pour s&rsquo;assurer qu&rsquo;il est suffisamment rempli. La pr\u00e9paration de l&rsquo;impression en pr\u00e9forme et le post-traitement restent identiques en termes de flux de travail - seuls les param\u00e8tres doivent \u00eatre adapt\u00e9s en fonction de votre mat\u00e9riau.<\/p>\n\t\t<\/div>\n\t<\/div>\n\t\n<\/div>\n","protected":false},"excerpt":{"rendered":"<h2><strong>Formlabs Form 4B LFD Imprimante 3D de bureau<\/strong><\/h2>\n<table>\n<tbody>\n<tr>\n<td width=\"100\">Fabricant<\/td>\n<td>Formlabs<\/td>\n<\/tr>\n<tr>\n<td>Proc\u00e9dure<\/td>\n<td>Affichage \u00e0 faible force&#x2122; (LFD)<\/td>\n<\/tr>\n<tr>\n<td>Mat\u00e9riau<\/td>\n<td>Formlabs Form 4\/B Resins<\/td>\n<\/tr>\n<tr>\n<td>\u00c9paisseur de la couche<\/td>\n<td>25-300 <span class=\"st\">\u00b5m<\/span><\/td>\n<\/tr>\n<tr>\n<td>R\u00e9solution XY<\/td>\n<td>50 \u00b5m<\/td>\n<\/tr>\n<tr>\n<td>Espace d&rsquo;installation<\/td>\n<td>200 \u00d7 125 \u00d7 210 mm<\/td>\n<\/tr>\n<\/tbody>\n<\/table>\n<p>Associ\u00e9e au catalogue de mat\u00e9riaux polyvalents de Formlabs, la Form 4B ouvre de nouvelles possibilit\u00e9s d&rsquo;innovation et de production. Avec une vitesse d&rsquo;impression jusqu&rsquo;\u00e0 5 fois plus rapide que les pr\u00e9c\u00e9dentes imprimantes Form 3\/B et un volume de construction 30 % plus important, la Form 4B repr\u00e9sente la prochaine \u00e9tape vers l&rsquo;impression 3D en r\u00e9sine. <\/p>\n<p><strong>Rapide comme l&rsquo;\u00e9clair :<\/strong> 10 mod\u00e8les dentaires en moins de 10 minutes<br \/>\n<strong>Polyvalent :<\/strong> des mat\u00e9riaux biocompatibles et leaders du secteur pour chaque application<br \/>\n<strong>Intuitif :<\/strong> tout le monde peut l&rsquo;apprendre en 15 minutes<br \/>\n<strong>Une fiabilit\u00e9 \u00e0 toute \u00e9preuve :<\/strong> Taux de r\u00e9ussite in\u00e9gal\u00e9 en mati\u00e8re d&rsquo;impression<br \/>\n<strong>Des pi\u00e8ces impressionnantes :<\/strong> Aussi bonne ou meilleure que les imprimantes 3D dentaires DLP \u00e0 LED co\u00fbteuses<\/p>\n","protected":false},"featured_media":69531,"comment_status":"closed","ping_status":"closed","template":"","meta":[],"product_brand":[],"product_cat":[7780,7877,7876],"product_tag":[8302,7784,8246,8085,8736],"class_list":{"0":"post-76468","1":"product","2":"type-product","3":"status-publish","4":"has-post-thumbnail","6":"product_cat-formlabs-fr","7":"product_cat-imprimante-3d-sla-lfs-fr","8":"product_cat-imprimantes-3d-fr","9":"product_tag-forme-4b","10":"product_tag-formlabs-fr","11":"product_tag-formlabs-form-4","12":"product_tag-imprimante-3d-sla","13":"product_tag-plan-de-service-medical","15":"first","16":"instock","17":"taxable","18":"shipping-taxable","19":"purchasable","20":"product-type-variable","21":"has-default-attributes"},"yoast_head":"<!-- This site is optimized with the Yoast SEO Premium plugin v27.4 (Yoast SEO v27.4) - https:\/\/yoast.com\/product\/yoast-seo-premium-wordpress\/ -->\n<title>Formlabs Form 4B - L&#039;imprimante 3D LFD de Formlabs - 3D-EDU<\/title>\n<meta name=\"robots\" content=\"index, follow, max-snippet:-1, max-image-preview:large, max-video-preview:-1\" \/>\n<link rel=\"canonical\" href=\"https:\/\/3d-edu.ch\/fr\/boutique\/formlabs-form-4b-basic-package\/\" \/>\n<meta property=\"og:locale\" content=\"fr_FR\" \/>\n<meta property=\"og:type\" content=\"article\" \/>\n<meta property=\"og:title\" content=\"Acheter une Form 3 de Formlabs - La nouvelle imprimante 3D LFS de Formlabs - 3D-EDU GmbH\" \/>\n<meta property=\"og:description\" content=\"Formlabs Form 4B LFD Imprimante 3D de bureau  Fabricant Formlabs  Proc\u00e9dure Affichage \u00e0 faible force&#x2122; (LFD)  Mat\u00e9riau Formlabs Form 4\/B Resins  \u00c9paisseur de la couche 25-300 \u00b5m  R\u00e9solution XY 50 \u00b5m  Espace d&#039;installation 200 \u00d7 125 \u00d7 210 mm  Associ\u00e9e au catalogue de mat\u00e9riaux polyvalents de Formlabs, la Form 4B ouvre de nouvelles possibilit\u00e9s d&#039;innovation et de production. Avec une vitesse d&#039;impression jusqu&#039;\u00e0 5 fois plus rapide que les pr\u00e9c\u00e9dentes imprimantes Form 3\/B et un volume de construction 30 % plus important, la Form 4B repr\u00e9sente la prochaine \u00e9tape vers l&#039;impression 3D en r\u00e9sine.  Rapide comme l&#039;\u00e9clair : 10 mod\u00e8les dentaires en moins de 10 minutes Polyvalent : des mat\u00e9riaux biocompatibles et leaders du secteur pour chaque application Intuitif : tout le monde peut l&#039;apprendre en 15 minutes Une fiabilit\u00e9 \u00e0 toute \u00e9preuve : Taux de r\u00e9ussite in\u00e9gal\u00e9 en mati\u00e8re d&#039;impression Des pi\u00e8ces impressionnantes : Aussi bonne ou meilleure que les imprimantes 3D dentaires DLP \u00e0 LED co\u00fbteuses\" \/>\n<meta property=\"og:url\" content=\"https:\/\/3d-edu.ch\/fr\/boutique\/formlabs-form-4b-basic-package\/\" \/>\n<meta property=\"og:site_name\" content=\"3D-EDU GmbH\" \/>\n<meta property=\"article:publisher\" content=\"https:\/\/www.facebook.com\/3d-educh-210277586064960\/\" \/>\n<meta property=\"article:modified_time\" content=\"2026-04-09T11:19:52+00:00\" \/>\n<meta property=\"og:image\" content=\"https:\/\/dedune53.myhostpoint.ch\/wp-content\/uploads\/2019\/04\/formlabs-form-3-integration-neu.jpg\" \/>\n<meta name=\"twitter:card\" content=\"summary_large_image\" \/>\n<meta name=\"twitter:title\" content=\"Acheter une Form 3 de Formlabs - La nouvelle imprimante 3D LFS de Formlabs\" \/>\n<meta name=\"twitter:site\" content=\"@3d_edu_ch\" \/>\n<meta name=\"twitter:label1\" content=\"Disponibilit\u00e9\" \/>\n\t<meta name=\"twitter:data1\" content=\"En stock\" \/>\n<script type=\"application\/ld+json\" class=\"yoast-schema-graph\">{\"@context\":\"https:\\\/\\\/schema.org\",\"@graph\":[{\"@type\":\"WebPage\",\"@id\":\"https:\\\/\\\/3d-edu.ch\\\/fr\\\/boutique\\\/formlabs-form-4b-basic-package\\\/\",\"url\":\"https:\\\/\\\/3d-edu.ch\\\/fr\\\/boutique\\\/formlabs-form-4b-basic-package\\\/\",\"name\":\"Formlabs Form 4B - L'imprimante 3D LFD de Formlabs - 3D-EDU\",\"isPartOf\":{\"@id\":\"https:\\\/\\\/3d-edu.ch\\\/fr\\\/#website\"},\"primaryImageOfPage\":{\"@id\":\"https:\\\/\\\/3d-edu.ch\\\/fr\\\/boutique\\\/formlabs-form-4b-basic-package\\\/#primaryimage\"},\"image\":{\"@id\":\"https:\\\/\\\/3d-edu.ch\\\/fr\\\/boutique\\\/formlabs-form-4b-basic-package\\\/#primaryimage\"},\"thumbnailUrl\":\"https:\\\/\\\/3d-edu.ch\\\/wp-content\\\/uploads\\\/2024\\\/04\\\/formlabs-form-4b.webp\",\"datePublished\":\"2024-04-16T14:19:51+00:00\",\"dateModified\":\"2026-04-09T11:19:52+00:00\",\"breadcrumb\":{\"@id\":\"https:\\\/\\\/3d-edu.ch\\\/fr\\\/boutique\\\/formlabs-form-4b-basic-package\\\/#breadcrumb\"},\"inLanguage\":\"fr-FR\",\"potentialAction\":[{\"@type\":\"ReadAction\",\"target\":[\"https:\\\/\\\/3d-edu.ch\\\/fr\\\/boutique\\\/formlabs-form-4b-basic-package\\\/\"]}]},{\"@type\":\"ImageObject\",\"inLanguage\":\"fr-FR\",\"@id\":\"https:\\\/\\\/3d-edu.ch\\\/fr\\\/boutique\\\/formlabs-form-4b-basic-package\\\/#primaryimage\",\"url\":\"https:\\\/\\\/3d-edu.ch\\\/wp-content\\\/uploads\\\/2024\\\/04\\\/formlabs-form-4b.webp\",\"contentUrl\":\"https:\\\/\\\/3d-edu.ch\\\/wp-content\\\/uploads\\\/2024\\\/04\\\/formlabs-form-4b.webp\",\"width\":1080,\"height\":1080,\"caption\":\"Formlabs Form 4B\"},{\"@type\":\"BreadcrumbList\",\"@id\":\"https:\\\/\\\/3d-edu.ch\\\/fr\\\/boutique\\\/formlabs-form-4b-basic-package\\\/#breadcrumb\",\"itemListElement\":[{\"@type\":\"ListItem\",\"position\":1,\"name\":\"Accueil\",\"item\":\"https:\\\/\\\/3d-edu.ch\\\/fr\\\/\"},{\"@type\":\"ListItem\",\"position\":2,\"name\":\"Boutique\",\"item\":\"https:\\\/\\\/3d-edu.ch\\\/fr\\\/boutique\\\/\"},{\"@type\":\"ListItem\",\"position\":3,\"name\":\"Formlabs Form 4B Basic Package\"}]},{\"@type\":\"WebSite\",\"@id\":\"https:\\\/\\\/3d-edu.ch\\\/fr\\\/#website\",\"url\":\"https:\\\/\\\/3d-edu.ch\\\/fr\\\/\",\"name\":\"3D-EDU GmbH\",\"description\":\"Your Formlabs, UltiMaker and Raise3D Printer Support and Education Site in Switzerland. \\\/\\\/ Ihre Formlabs, UltiMaker and Raise3D Drucker Support und Bildungs Webseite der Schweiz.\",\"publisher\":{\"@id\":\"https:\\\/\\\/3d-edu.ch\\\/fr\\\/#organization\"},\"potentialAction\":[{\"@type\":\"SearchAction\",\"target\":{\"@type\":\"EntryPoint\",\"urlTemplate\":\"https:\\\/\\\/3d-edu.ch\\\/fr\\\/?s={search_term_string}\"},\"query-input\":{\"@type\":\"PropertyValueSpecification\",\"valueRequired\":true,\"valueName\":\"search_term_string\"}}],\"inLanguage\":\"fr-FR\"},{\"@type\":[\"Organization\",\"Place\",\"ElectronicsStore\"],\"@id\":\"https:\\\/\\\/3d-edu.ch\\\/fr\\\/#organization\",\"name\":\"3D-EDU GmbH\",\"url\":\"https:\\\/\\\/3d-edu.ch\\\/fr\\\/\",\"logo\":{\"@id\":\"https:\\\/\\\/3d-edu.ch\\\/fr\\\/boutique\\\/formlabs-form-4b-basic-package\\\/#local-main-organization-logo\"},\"image\":{\"@id\":\"https:\\\/\\\/3d-edu.ch\\\/fr\\\/boutique\\\/formlabs-form-4b-basic-package\\\/#local-main-organization-logo\"},\"sameAs\":[\"https:\\\/\\\/www.facebook.com\\\/3d-educh-210277586064960\\\/\",\"https:\\\/\\\/x.com\\\/3d_edu_ch\"],\"address\":{\"@id\":\"https:\\\/\\\/3d-edu.ch\\\/fr\\\/boutique\\\/formlabs-form-4b-basic-package\\\/#local-main-place-address\"},\"geo\":{\"@type\":\"GeoCoordinates\",\"latitude\":\"47.38413\",\"longitude\":\"8.49812\"},\"telephone\":[\"+41 44 492 11 22\"],\"openingHoursSpecification\":[{\"@type\":\"OpeningHoursSpecification\",\"dayOfWeek\":[\"Monday\",\"Tuesday\",\"Wednesday\",\"Thursday\",\"Friday\"],\"opens\":\"08:30\",\"closes\":\"18:00\"},{\"@type\":\"OpeningHoursSpecification\",\"dayOfWeek\":[\"Saturday\",\"Sunday\"],\"opens\":\"00:00\",\"closes\":\"00:00\"}],\"email\":\"info@3d-edu.ch\",\"faxNumber\":\"+41 44 492 11 23\",\"vatID\":\"CHE-184.499.491 MWST\",\"priceRange\":\"$$$\",\"currenciesAccepted\":\"CHF\"},{\"@type\":\"PostalAddress\",\"@id\":\"https:\\\/\\\/3d-edu.ch\\\/fr\\\/boutique\\\/formlabs-form-4b-basic-package\\\/#local-main-place-address\",\"streetAddress\":\"3D-EDU GmbH, Badenerstrasse 556\",\"addressLocality\":\"Z\u00fcrich\",\"postalCode\":\"8048\",\"addressRegion\":\"Z\u00fcrich\",\"addressCountry\":\"CH\"},{\"@type\":\"ImageObject\",\"inLanguage\":\"fr-FR\",\"@id\":\"https:\\\/\\\/3d-edu.ch\\\/fr\\\/boutique\\\/formlabs-form-4b-basic-package\\\/#local-main-organization-logo\",\"url\":\"https:\\\/\\\/3d-edu.ch\\\/wp-content\\\/uploads\\\/2018\\\/10\\\/3d-drucker-makerbot-formlabs-professionelle-3d-drucker-e1546527990490.png\",\"contentUrl\":\"https:\\\/\\\/3d-edu.ch\\\/wp-content\\\/uploads\\\/2018\\\/10\\\/3d-drucker-makerbot-formlabs-professionelle-3d-drucker-e1546527990490.png\",\"width\":275,\"height\":80,\"caption\":\"3D-EDU GmbH\"}]}<\/script>\n<meta property=\"product:brand\" content=\"Formlabs\" \/>\n<meta property=\"og:availability\" content=\"instock\" \/>\n<meta property=\"product:availability\" content=\"instock\" \/>\n<meta property=\"product:retailer_item_id\" content=\"PKG-F4B-WSVC-MSP-BASIC\" \/>\n<meta property=\"product:condition\" content=\"new\" \/>\n<meta name=\"geo.placename\" content=\"Z\u00fcrich\" \/>\n<meta name=\"geo.position\" content=\"47.38413;8.49812\" \/>\n<meta name=\"geo.region\" content=\"Suisse\" \/>\n<!-- \/ Yoast SEO Premium plugin. -->","yoast_head_json":{"title":"Formlabs Form 4B - L'imprimante 3D LFD de Formlabs - 3D-EDU","robots":{"index":"index","follow":"follow","max-snippet":"max-snippet:-1","max-image-preview":"max-image-preview:large","max-video-preview":"max-video-preview:-1"},"canonical":"https:\/\/3d-edu.ch\/fr\/boutique\/formlabs-form-4b-basic-package\/","og_locale":"fr_FR","og_type":"article","og_title":"Acheter une Form 3 de Formlabs - La nouvelle imprimante 3D LFS de Formlabs - 3D-EDU GmbH","og_description":"Formlabs Form 4B LFD Imprimante 3D de bureau  Fabricant Formlabs  Proc\u00e9dure Affichage \u00e0 faible force&#x2122; (LFD)  Mat\u00e9riau Formlabs Form 4\/B Resins  \u00c9paisseur de la couche 25-300 \u00b5m  R\u00e9solution XY 50 \u00b5m  Espace d'installation 200 \u00d7 125 \u00d7 210 mm  Associ\u00e9e au catalogue de mat\u00e9riaux polyvalents de Formlabs, la Form 4B ouvre de nouvelles possibilit\u00e9s d'innovation et de production. Avec une vitesse d'impression jusqu'\u00e0 5 fois plus rapide que les pr\u00e9c\u00e9dentes imprimantes Form 3\/B et un volume de construction 30 % plus important, la Form 4B repr\u00e9sente la prochaine \u00e9tape vers l'impression 3D en r\u00e9sine.  Rapide comme l'\u00e9clair : 10 mod\u00e8les dentaires en moins de 10 minutes Polyvalent : des mat\u00e9riaux biocompatibles et leaders du secteur pour chaque application Intuitif : tout le monde peut l'apprendre en 15 minutes Une fiabilit\u00e9 \u00e0 toute \u00e9preuve : Taux de r\u00e9ussite in\u00e9gal\u00e9 en mati\u00e8re d'impression Des pi\u00e8ces impressionnantes : Aussi bonne ou meilleure que les imprimantes 3D dentaires DLP \u00e0 LED co\u00fbteuses","og_url":"https:\/\/3d-edu.ch\/fr\/boutique\/formlabs-form-4b-basic-package\/","og_site_name":"3D-EDU GmbH","article_publisher":"https:\/\/www.facebook.com\/3d-educh-210277586064960\/","article_modified_time":"2026-04-09T11:19:52+00:00","og_image":[{"url":"https:\/\/dedune53.myhostpoint.ch\/wp-content\/uploads\/2019\/04\/formlabs-form-3-integration-neu.jpg","type":"","width":"","height":""}],"twitter_card":"summary_large_image","twitter_title":"Acheter une Form 3 de Formlabs - La nouvelle imprimante 3D LFS de Formlabs","twitter_site":"@3d_edu_ch","twitter_misc":{"Disponibilit\u00e9":"En stock"},"schema":{"@context":"https:\/\/schema.org","@graph":[{"@type":"WebPage","@id":"https:\/\/3d-edu.ch\/fr\/boutique\/formlabs-form-4b-basic-package\/","url":"https:\/\/3d-edu.ch\/fr\/boutique\/formlabs-form-4b-basic-package\/","name":"Formlabs Form 4B - L'imprimante 3D LFD de Formlabs - 3D-EDU","isPartOf":{"@id":"https:\/\/3d-edu.ch\/fr\/#website"},"primaryImageOfPage":{"@id":"https:\/\/3d-edu.ch\/fr\/boutique\/formlabs-form-4b-basic-package\/#primaryimage"},"image":{"@id":"https:\/\/3d-edu.ch\/fr\/boutique\/formlabs-form-4b-basic-package\/#primaryimage"},"thumbnailUrl":"https:\/\/3d-edu.ch\/wp-content\/uploads\/2024\/04\/formlabs-form-4b.webp","datePublished":"2024-04-16T14:19:51+00:00","dateModified":"2026-04-09T11:19:52+00:00","breadcrumb":{"@id":"https:\/\/3d-edu.ch\/fr\/boutique\/formlabs-form-4b-basic-package\/#breadcrumb"},"inLanguage":"fr-FR","potentialAction":[{"@type":"ReadAction","target":["https:\/\/3d-edu.ch\/fr\/boutique\/formlabs-form-4b-basic-package\/"]}]},{"@type":"ImageObject","inLanguage":"fr-FR","@id":"https:\/\/3d-edu.ch\/fr\/boutique\/formlabs-form-4b-basic-package\/#primaryimage","url":"https:\/\/3d-edu.ch\/wp-content\/uploads\/2024\/04\/formlabs-form-4b.webp","contentUrl":"https:\/\/3d-edu.ch\/wp-content\/uploads\/2024\/04\/formlabs-form-4b.webp","width":1080,"height":1080,"caption":"Formlabs Form 4B"},{"@type":"BreadcrumbList","@id":"https:\/\/3d-edu.ch\/fr\/boutique\/formlabs-form-4b-basic-package\/#breadcrumb","itemListElement":[{"@type":"ListItem","position":1,"name":"Accueil","item":"https:\/\/3d-edu.ch\/fr\/"},{"@type":"ListItem","position":2,"name":"Boutique","item":"https:\/\/3d-edu.ch\/fr\/boutique\/"},{"@type":"ListItem","position":3,"name":"Formlabs Form 4B Basic Package"}]},{"@type":"WebSite","@id":"https:\/\/3d-edu.ch\/fr\/#website","url":"https:\/\/3d-edu.ch\/fr\/","name":"3D-EDU GmbH","description":"Your Formlabs, UltiMaker and Raise3D Printer Support and Education Site in Switzerland. \/\/ Ihre Formlabs, UltiMaker and Raise3D Drucker Support und Bildungs Webseite der Schweiz.","publisher":{"@id":"https:\/\/3d-edu.ch\/fr\/#organization"},"potentialAction":[{"@type":"SearchAction","target":{"@type":"EntryPoint","urlTemplate":"https:\/\/3d-edu.ch\/fr\/?s={search_term_string}"},"query-input":{"@type":"PropertyValueSpecification","valueRequired":true,"valueName":"search_term_string"}}],"inLanguage":"fr-FR"},{"@type":["Organization","Place","ElectronicsStore"],"@id":"https:\/\/3d-edu.ch\/fr\/#organization","name":"3D-EDU GmbH","url":"https:\/\/3d-edu.ch\/fr\/","logo":{"@id":"https:\/\/3d-edu.ch\/fr\/boutique\/formlabs-form-4b-basic-package\/#local-main-organization-logo"},"image":{"@id":"https:\/\/3d-edu.ch\/fr\/boutique\/formlabs-form-4b-basic-package\/#local-main-organization-logo"},"sameAs":["https:\/\/www.facebook.com\/3d-educh-210277586064960\/","https:\/\/x.com\/3d_edu_ch"],"address":{"@id":"https:\/\/3d-edu.ch\/fr\/boutique\/formlabs-form-4b-basic-package\/#local-main-place-address"},"geo":{"@type":"GeoCoordinates","latitude":"47.38413","longitude":"8.49812"},"telephone":["+41 44 492 11 22"],"openingHoursSpecification":[{"@type":"OpeningHoursSpecification","dayOfWeek":["Monday","Tuesday","Wednesday","Thursday","Friday"],"opens":"08:30","closes":"18:00"},{"@type":"OpeningHoursSpecification","dayOfWeek":["Saturday","Sunday"],"opens":"00:00","closes":"00:00"}],"email":"info@3d-edu.ch","faxNumber":"+41 44 492 11 23","vatID":"CHE-184.499.491 MWST","priceRange":"$$$","currenciesAccepted":"CHF"},{"@type":"PostalAddress","@id":"https:\/\/3d-edu.ch\/fr\/boutique\/formlabs-form-4b-basic-package\/#local-main-place-address","streetAddress":"3D-EDU GmbH, Badenerstrasse 556","addressLocality":"Z\u00fcrich","postalCode":"8048","addressRegion":"Z\u00fcrich","addressCountry":"CH"},{"@type":"ImageObject","inLanguage":"fr-FR","@id":"https:\/\/3d-edu.ch\/fr\/boutique\/formlabs-form-4b-basic-package\/#local-main-organization-logo","url":"https:\/\/3d-edu.ch\/wp-content\/uploads\/2018\/10\/3d-drucker-makerbot-formlabs-professionelle-3d-drucker-e1546527990490.png","contentUrl":"https:\/\/3d-edu.ch\/wp-content\/uploads\/2018\/10\/3d-drucker-makerbot-formlabs-professionelle-3d-drucker-e1546527990490.png","width":275,"height":80,"caption":"3D-EDU GmbH"}]},"product_brand":"Formlabs","og_availability":"instock","product_availability":"instock","product_retailer_item_id":"PKG-F4B-WSVC-MSP-BASIC","product_condition":"new","geo.placename":"Z\u00fcrich","geo.position":{"lat":"47.38413","long":"8.49812"},"geo.region":"Suisse"},"_links":{"self":[{"href":"https:\/\/3d-edu.ch\/fr\/wp-json\/wp\/v2\/product\/76468","targetHints":{"allow":["GET"]}}],"collection":[{"href":"https:\/\/3d-edu.ch\/fr\/wp-json\/wp\/v2\/product"}],"about":[{"href":"https:\/\/3d-edu.ch\/fr\/wp-json\/wp\/v2\/types\/product"}],"replies":[{"embeddable":true,"href":"https:\/\/3d-edu.ch\/fr\/wp-json\/wp\/v2\/comments?post=76468"}],"wp:featuredmedia":[{"embeddable":true,"href":"https:\/\/3d-edu.ch\/fr\/wp-json\/wp\/v2\/media\/69531"}],"wp:attachment":[{"href":"https:\/\/3d-edu.ch\/fr\/wp-json\/wp\/v2\/media?parent=76468"}],"wp:term":[{"taxonomy":"product_brand","embeddable":true,"href":"https:\/\/3d-edu.ch\/fr\/wp-json\/wp\/v2\/product_brand?post=76468"},{"taxonomy":"product_cat","embeddable":true,"href":"https:\/\/3d-edu.ch\/fr\/wp-json\/wp\/v2\/product_cat?post=76468"},{"taxonomy":"product_tag","embeddable":true,"href":"https:\/\/3d-edu.ch\/fr\/wp-json\/wp\/v2\/product_tag?post=76468"}],"curies":[{"name":"wp","href":"https:\/\/api.w.org\/{rel}","templated":true}]}}