{"id":76450,"date":"2024-03-19T14:33:18","date_gmt":"2024-03-19T14:33:18","guid":{"rendered":"https:\/\/3d-edu.ch\/shop\/ultimaker-printcore-cc\/"},"modified":"2026-04-09T14:22:20","modified_gmt":"2026-04-09T12:22:20","slug":"ultimaker-printcore-cc","status":"publish","type":"product","link":"https:\/\/3d-edu.ch\/fr\/boutique\/ultimaker-printcore-cc\/","title":{"rendered":"Ultimaker Printcore CC"},"content":{"rendered":"<div class=\"product-headline\">\n<h1 class=\"fn product-title no-top-margin\">Ultimaker Printcore CC<\/h1>\n<\/div>\n<h3>Inclus dans la livraison<\/h3>\n<ul>\n<li>1 Ultimaker Printcore CC<\/li>\n<\/ul>\n<p><strong>Compatibilit\u00e9<\/strong><\/p>\n<p><a href=\"https:\/\/3d-edu.ch\/fr\/ultimaker\/imprimante-3d\/serie-s\/\">UltiMaker S-Series S3, S5, S7<\/a><\/p>\n<p>Disponible en 0.4mm, 0.6mm<\/p>\n","protected":false},"excerpt":{"rendered":"<h1 class=\"fn product-title no-top-margin\">Ultimaker Printcore CC<\/h1>\n<div class=\"flex flex-grow flex-col max-w-full\">\n<div class=\"min-h-[20px] text-message flex flex-col items-start gap-3 whitespace-pre-wrap break-words [.text-message+&amp;]:mt-5 overflow-x-auto\" data-message-author-role=\"assistant\" data-message-id=\"5e041ebe-84ac-47b5-83f4-f141c35a2802\">\n<div class=\"markdown prose w-full break-words dark:prose-invert dark\">\n<div class=\"flex flex-grow flex-col max-w-full\">\n<div class=\"min-h-[20px] text-message flex flex-col items-start gap-3 whitespace-pre-wrap break-words [.text-message+&amp;]:mt-5 overflow-x-auto\" data-message-author-role=\"assistant\" data-message-id=\"41696dae-05e1-4ad7-a44b-86480194ed9b\">\n<div class=\"markdown prose w-full break-words dark:prose-invert dark\">\n<p><span style=\"color: #000000;\">Con\u00e7u pour des applications de haute qualit\u00e9, l&rsquo;Ultimaker Printcore CC est disponible en deux diam\u00e8tres : 0,4 mm pour des pi\u00e8ces d\u00e9taill\u00e9es, des outils ou des prototypes et 0,6 mm pour des temps d&rsquo;impression plus courts et une efficacit\u00e9 am\u00e9lior\u00e9e - une optimisation facile de vos applications composites.<\/span><\/p>\n<p><span style=\"color: #000000;\">Avec la taille de buse plus petite de l&rsquo;Ultimaker Printcore CC 0,4, vous pouvez obtenir des impressions plus d\u00e9taill\u00e9es avec des lignes fines et une finition lisse, ce qui vous permet de cr\u00e9er des pi\u00e8ces ou des prototypes avec la qualit\u00e9 visuelle souhait\u00e9e. L&rsquo;Ultimaker Printcore CC 0,6 imprime avec des lignes plus \u00e9paisses, ce qui permet des temps d&rsquo;impression plus rapides. <\/span><\/p>\n<p><span style=\"color: #000000;\">Le Printcore CC pr\u00e9sente un tout nouveau design avec une buse en acier tremp\u00e9 r\u00e9sistant \u00e0 l&rsquo;abrasion et un frein thermique en titane. Fiable, robuste et compatible avec une grande vari\u00e9t\u00e9 de mat\u00e9riaux composites pour l&rsquo;impression 3D - utilisez le pouvoir d&rsquo;imprimer des applications solides pr\u00eates \u00e0 l&rsquo;emploi <\/span><\/p>\n<\/div>\n<\/div>\n<\/div>\n<\/div>\n<\/div>\n<\/div>\n","protected":false},"featured_media":70685,"comment_status":"closed","ping_status":"closed","template":"","meta":[],"product_brand":[],"product_cat":[8678,8677,8676,8206],"product_tag":[8680,8703,8702,8313],"class_list":{"0":"post-76450","1":"product","2":"type-product","3":"status-publish","4":"has-post-thumbnail","6":"product_cat-s3","7":"product_cat-s5","8":"product_cat-s7","9":"product_cat-ultimaker","10":"product_tag-0-4","11":"product_tag-0-6","12":"product_tag-printcore-cc","13":"product_tag-ultimaker","14":"yith_product_brand-ultimaker","16":"first","17":"onbackorder","18":"taxable","19":"shipping-taxable","20":"purchasable","21":"product-type-variable"},"yoast_head":"<!-- This site is optimized with the Yoast SEO Premium plugin v27.4 (Yoast SEO v27.4) - https:\/\/yoast.com\/product\/yoast-seo-premium-wordpress\/ -->\n<title>Ultimaker Printcore CC %%page% commander en ligne - %%nom du site<\/title>\n<meta name=\"description\" content=\"Con\u00e7u pour des applications de haute qualit\u00e9, l&#039;Ultimaker Printcore CC est disponible en deux diam\u00e8tres : 0,4 mm pour des pi\u00e8ces d\u00e9taill\u00e9es, des outils ou des prototypes et 0,6 mm pour des temps d&#039;impression plus courts et une efficacit\u00e9 am\u00e9lior\u00e9e - une optimisation facile de vos applications composites.\" \/>\n<meta name=\"robots\" content=\"index, follow, max-snippet:-1, max-image-preview:large, max-video-preview:-1\" \/>\n<link rel=\"canonical\" href=\"https:\/\/3d-edu.ch\/fr\/boutique\/ultimaker-printcore-cc\/\" \/>\n<meta property=\"og:locale\" content=\"fr_FR\" \/>\n<meta property=\"og:type\" content=\"article\" \/>\n<meta property=\"og:title\" content=\"Ultimaker Printcore CC\" \/>\n<meta property=\"og:description\" content=\"Con\u00e7u pour des applications de haute qualit\u00e9, l&#039;Ultimaker Printcore CC est disponible en deux diam\u00e8tres : 0,4 mm pour des pi\u00e8ces d\u00e9taill\u00e9es, des outils ou des prototypes et 0,6 mm pour des temps d&#039;impression plus courts et une efficacit\u00e9 am\u00e9lior\u00e9e - une optimisation facile de vos applications composites.\" \/>\n<meta property=\"og:url\" content=\"https:\/\/3d-edu.ch\/fr\/boutique\/ultimaker-printcore-cc\/\" \/>\n<meta property=\"og:site_name\" content=\"3D-EDU GmbH\" \/>\n<meta property=\"article:publisher\" content=\"https:\/\/www.facebook.com\/3d-educh-210277586064960\/\" \/>\n<meta property=\"article:modified_time\" content=\"2026-04-09T12:22:20+00:00\" \/>\n<meta property=\"og:image\" content=\"https:\/\/3d-edu.ch\/wp-content\/uploads\/2024\/03\/ultimaker-printcore-cc-1.webp\" \/>\n\t<meta property=\"og:image:width\" content=\"380\" \/>\n\t<meta property=\"og:image:height\" content=\"380\" \/>\n\t<meta property=\"og:image:type\" content=\"image\/webp\" \/>\n<meta name=\"twitter:card\" content=\"summary_large_image\" \/>\n<meta name=\"twitter:site\" content=\"@3d_edu_ch\" \/>\n<meta name=\"twitter:label1\" content=\"Disponibilit\u00e9\" \/>\n\t<meta name=\"twitter:data1\" content=\"En r\u00e9assort\" \/>\n<script type=\"application\/ld+json\" class=\"yoast-schema-graph\">{\"@context\":\"https:\\\/\\\/schema.org\",\"@graph\":[{\"@type\":\"WebPage\",\"@id\":\"https:\\\/\\\/3d-edu.ch\\\/fr\\\/boutique\\\/ultimaker-printcore-cc\\\/\",\"url\":\"https:\\\/\\\/3d-edu.ch\\\/fr\\\/boutique\\\/ultimaker-printcore-cc\\\/\",\"name\":\"Ultimaker Printcore CC %%page% commander en ligne - %%nom du site\",\"isPartOf\":{\"@id\":\"https:\\\/\\\/3d-edu.ch\\\/fr\\\/#website\"},\"primaryImageOfPage\":{\"@id\":\"https:\\\/\\\/3d-edu.ch\\\/fr\\\/boutique\\\/ultimaker-printcore-cc\\\/#primaryimage\"},\"image\":{\"@id\":\"https:\\\/\\\/3d-edu.ch\\\/fr\\\/boutique\\\/ultimaker-printcore-cc\\\/#primaryimage\"},\"thumbnailUrl\":\"https:\\\/\\\/3d-edu.ch\\\/wp-content\\\/uploads\\\/2024\\\/03\\\/ultimaker-printcore-cc-1.webp\",\"datePublished\":\"2024-03-19T14:33:18+00:00\",\"dateModified\":\"2026-04-09T12:22:20+00:00\",\"description\":\"Con\u00e7u pour des applications de haute qualit\u00e9, l'Ultimaker Printcore CC est disponible en deux diam\u00e8tres : 0,4 mm pour des pi\u00e8ces d\u00e9taill\u00e9es, des outils ou des prototypes et 0,6 mm pour des temps d'impression plus courts et une efficacit\u00e9 am\u00e9lior\u00e9e - une optimisation facile de vos applications composites.\",\"breadcrumb\":{\"@id\":\"https:\\\/\\\/3d-edu.ch\\\/fr\\\/boutique\\\/ultimaker-printcore-cc\\\/#breadcrumb\"},\"inLanguage\":\"fr-FR\",\"potentialAction\":[{\"@type\":\"ReadAction\",\"target\":[\"https:\\\/\\\/3d-edu.ch\\\/fr\\\/boutique\\\/ultimaker-printcore-cc\\\/\"]}]},{\"@type\":\"ImageObject\",\"inLanguage\":\"fr-FR\",\"@id\":\"https:\\\/\\\/3d-edu.ch\\\/fr\\\/boutique\\\/ultimaker-printcore-cc\\\/#primaryimage\",\"url\":\"https:\\\/\\\/3d-edu.ch\\\/wp-content\\\/uploads\\\/2024\\\/03\\\/ultimaker-printcore-cc-1.webp\",\"contentUrl\":\"https:\\\/\\\/3d-edu.ch\\\/wp-content\\\/uploads\\\/2024\\\/03\\\/ultimaker-printcore-cc-1.webp\",\"width\":380,\"height\":380,\"caption\":\"UltiMaker Printcore CC\"},{\"@type\":\"BreadcrumbList\",\"@id\":\"https:\\\/\\\/3d-edu.ch\\\/fr\\\/boutique\\\/ultimaker-printcore-cc\\\/#breadcrumb\",\"itemListElement\":[{\"@type\":\"ListItem\",\"position\":1,\"name\":\"Accueil\",\"item\":\"https:\\\/\\\/3d-edu.ch\\\/fr\\\/\"},{\"@type\":\"ListItem\",\"position\":2,\"name\":\"Boutique\",\"item\":\"https:\\\/\\\/3d-edu.ch\\\/fr\\\/boutique\\\/\"},{\"@type\":\"ListItem\",\"position\":3,\"name\":\"Ultimaker Printcore CC\"}]},{\"@type\":\"WebSite\",\"@id\":\"https:\\\/\\\/3d-edu.ch\\\/fr\\\/#website\",\"url\":\"https:\\\/\\\/3d-edu.ch\\\/fr\\\/\",\"name\":\"3D-EDU GmbH\",\"description\":\"Your Formlabs, UltiMaker and Raise3D Printer Support and Education Site in Switzerland. \\\/\\\/ Ihre Formlabs, UltiMaker and Raise3D Drucker Support und Bildungs Webseite der Schweiz.\",\"publisher\":{\"@id\":\"https:\\\/\\\/3d-edu.ch\\\/fr\\\/#organization\"},\"potentialAction\":[{\"@type\":\"SearchAction\",\"target\":{\"@type\":\"EntryPoint\",\"urlTemplate\":\"https:\\\/\\\/3d-edu.ch\\\/fr\\\/?s={search_term_string}\"},\"query-input\":{\"@type\":\"PropertyValueSpecification\",\"valueRequired\":true,\"valueName\":\"search_term_string\"}}],\"inLanguage\":\"fr-FR\"},{\"@type\":[\"Organization\",\"Place\",\"ElectronicsStore\"],\"@id\":\"https:\\\/\\\/3d-edu.ch\\\/fr\\\/#organization\",\"name\":\"3D-EDU GmbH\",\"url\":\"https:\\\/\\\/3d-edu.ch\\\/fr\\\/\",\"logo\":{\"@id\":\"https:\\\/\\\/3d-edu.ch\\\/fr\\\/boutique\\\/ultimaker-printcore-cc\\\/#local-main-organization-logo\"},\"image\":{\"@id\":\"https:\\\/\\\/3d-edu.ch\\\/fr\\\/boutique\\\/ultimaker-printcore-cc\\\/#local-main-organization-logo\"},\"sameAs\":[\"https:\\\/\\\/www.facebook.com\\\/3d-educh-210277586064960\\\/\",\"https:\\\/\\\/x.com\\\/3d_edu_ch\"],\"address\":{\"@id\":\"https:\\\/\\\/3d-edu.ch\\\/fr\\\/boutique\\\/ultimaker-printcore-cc\\\/#local-main-place-address\"},\"geo\":{\"@type\":\"GeoCoordinates\",\"latitude\":\"47.38413\",\"longitude\":\"8.49812\"},\"telephone\":[\"+41 44 492 11 22\"],\"openingHoursSpecification\":[{\"@type\":\"OpeningHoursSpecification\",\"dayOfWeek\":[\"Monday\",\"Tuesday\",\"Wednesday\",\"Thursday\",\"Friday\"],\"opens\":\"08:30\",\"closes\":\"18:00\"},{\"@type\":\"OpeningHoursSpecification\",\"dayOfWeek\":[\"Saturday\",\"Sunday\"],\"opens\":\"00:00\",\"closes\":\"00:00\"}],\"email\":\"info@3d-edu.ch\",\"faxNumber\":\"+41 44 492 11 23\",\"vatID\":\"CHE-184.499.491 MWST\",\"priceRange\":\"$$$\",\"currenciesAccepted\":\"CHF\"},{\"@type\":\"PostalAddress\",\"@id\":\"https:\\\/\\\/3d-edu.ch\\\/fr\\\/boutique\\\/ultimaker-printcore-cc\\\/#local-main-place-address\",\"streetAddress\":\"3D-EDU GmbH, Badenerstrasse 556\",\"addressLocality\":\"Z\u00fcrich\",\"postalCode\":\"8048\",\"addressRegion\":\"Z\u00fcrich\",\"addressCountry\":\"CH\"},{\"@type\":\"ImageObject\",\"inLanguage\":\"fr-FR\",\"@id\":\"https:\\\/\\\/3d-edu.ch\\\/fr\\\/boutique\\\/ultimaker-printcore-cc\\\/#local-main-organization-logo\",\"url\":\"https:\\\/\\\/3d-edu.ch\\\/wp-content\\\/uploads\\\/2018\\\/10\\\/3d-drucker-makerbot-formlabs-professionelle-3d-drucker-e1546527990490.png\",\"contentUrl\":\"https:\\\/\\\/3d-edu.ch\\\/wp-content\\\/uploads\\\/2018\\\/10\\\/3d-drucker-makerbot-formlabs-professionelle-3d-drucker-e1546527990490.png\",\"width\":275,\"height\":80,\"caption\":\"3D-EDU GmbH\"}]}<\/script>\n<meta property=\"product:brand\" content=\"UltiMaker\" \/>\n<meta property=\"og:availability\" content=\"backorder\" \/>\n<meta property=\"product:availability\" content=\"available for order\" \/>\n<meta property=\"product:condition\" content=\"new\" \/>\n<meta name=\"geo.placename\" content=\"Z\u00fcrich\" \/>\n<meta name=\"geo.position\" content=\"47.38413;8.49812\" \/>\n<meta name=\"geo.region\" content=\"Suisse\" \/>\n<!-- \/ Yoast SEO Premium plugin. -->","yoast_head_json":{"title":"Ultimaker Printcore CC %%page% commander en ligne - %%nom du site","description":"Con\u00e7u pour des applications de haute qualit\u00e9, l'Ultimaker Printcore CC est disponible en deux diam\u00e8tres : 0,4 mm pour des pi\u00e8ces d\u00e9taill\u00e9es, des outils ou des prototypes et 0,6 mm pour des temps d'impression plus courts et une efficacit\u00e9 am\u00e9lior\u00e9e - une optimisation facile de vos applications composites.","robots":{"index":"index","follow":"follow","max-snippet":"max-snippet:-1","max-image-preview":"max-image-preview:large","max-video-preview":"max-video-preview:-1"},"canonical":"https:\/\/3d-edu.ch\/fr\/boutique\/ultimaker-printcore-cc\/","og_locale":"fr_FR","og_type":"article","og_title":"Ultimaker Printcore CC","og_description":"Con\u00e7u pour des applications de haute qualit\u00e9, l'Ultimaker Printcore CC est disponible en deux diam\u00e8tres : 0,4 mm pour des pi\u00e8ces d\u00e9taill\u00e9es, des outils ou des prototypes et 0,6 mm pour des temps d'impression plus courts et une efficacit\u00e9 am\u00e9lior\u00e9e - une optimisation facile de vos applications composites.","og_url":"https:\/\/3d-edu.ch\/fr\/boutique\/ultimaker-printcore-cc\/","og_site_name":"3D-EDU GmbH","article_publisher":"https:\/\/www.facebook.com\/3d-educh-210277586064960\/","article_modified_time":"2026-04-09T12:22:20+00:00","og_image":[{"width":380,"height":380,"url":"https:\/\/3d-edu.ch\/wp-content\/uploads\/2024\/03\/ultimaker-printcore-cc-1.webp","type":"image\/webp"}],"twitter_card":"summary_large_image","twitter_site":"@3d_edu_ch","twitter_misc":{"Disponibilit\u00e9":"En r\u00e9assort"},"schema":{"@context":"https:\/\/schema.org","@graph":[{"@type":"WebPage","@id":"https:\/\/3d-edu.ch\/fr\/boutique\/ultimaker-printcore-cc\/","url":"https:\/\/3d-edu.ch\/fr\/boutique\/ultimaker-printcore-cc\/","name":"Ultimaker Printcore CC %%page% commander en ligne - %%nom du site","isPartOf":{"@id":"https:\/\/3d-edu.ch\/fr\/#website"},"primaryImageOfPage":{"@id":"https:\/\/3d-edu.ch\/fr\/boutique\/ultimaker-printcore-cc\/#primaryimage"},"image":{"@id":"https:\/\/3d-edu.ch\/fr\/boutique\/ultimaker-printcore-cc\/#primaryimage"},"thumbnailUrl":"https:\/\/3d-edu.ch\/wp-content\/uploads\/2024\/03\/ultimaker-printcore-cc-1.webp","datePublished":"2024-03-19T14:33:18+00:00","dateModified":"2026-04-09T12:22:20+00:00","description":"Con\u00e7u pour des applications de haute qualit\u00e9, l'Ultimaker Printcore CC est disponible en deux diam\u00e8tres : 0,4 mm pour des pi\u00e8ces d\u00e9taill\u00e9es, des outils ou des prototypes et 0,6 mm pour des temps d'impression plus courts et une efficacit\u00e9 am\u00e9lior\u00e9e - une optimisation facile de vos applications composites.","breadcrumb":{"@id":"https:\/\/3d-edu.ch\/fr\/boutique\/ultimaker-printcore-cc\/#breadcrumb"},"inLanguage":"fr-FR","potentialAction":[{"@type":"ReadAction","target":["https:\/\/3d-edu.ch\/fr\/boutique\/ultimaker-printcore-cc\/"]}]},{"@type":"ImageObject","inLanguage":"fr-FR","@id":"https:\/\/3d-edu.ch\/fr\/boutique\/ultimaker-printcore-cc\/#primaryimage","url":"https:\/\/3d-edu.ch\/wp-content\/uploads\/2024\/03\/ultimaker-printcore-cc-1.webp","contentUrl":"https:\/\/3d-edu.ch\/wp-content\/uploads\/2024\/03\/ultimaker-printcore-cc-1.webp","width":380,"height":380,"caption":"UltiMaker Printcore CC"},{"@type":"BreadcrumbList","@id":"https:\/\/3d-edu.ch\/fr\/boutique\/ultimaker-printcore-cc\/#breadcrumb","itemListElement":[{"@type":"ListItem","position":1,"name":"Accueil","item":"https:\/\/3d-edu.ch\/fr\/"},{"@type":"ListItem","position":2,"name":"Boutique","item":"https:\/\/3d-edu.ch\/fr\/boutique\/"},{"@type":"ListItem","position":3,"name":"Ultimaker Printcore CC"}]},{"@type":"WebSite","@id":"https:\/\/3d-edu.ch\/fr\/#website","url":"https:\/\/3d-edu.ch\/fr\/","name":"3D-EDU GmbH","description":"Your Formlabs, UltiMaker and Raise3D Printer Support and Education Site in Switzerland. \/\/ Ihre Formlabs, UltiMaker and Raise3D Drucker Support und Bildungs Webseite der Schweiz.","publisher":{"@id":"https:\/\/3d-edu.ch\/fr\/#organization"},"potentialAction":[{"@type":"SearchAction","target":{"@type":"EntryPoint","urlTemplate":"https:\/\/3d-edu.ch\/fr\/?s={search_term_string}"},"query-input":{"@type":"PropertyValueSpecification","valueRequired":true,"valueName":"search_term_string"}}],"inLanguage":"fr-FR"},{"@type":["Organization","Place","ElectronicsStore"],"@id":"https:\/\/3d-edu.ch\/fr\/#organization","name":"3D-EDU GmbH","url":"https:\/\/3d-edu.ch\/fr\/","logo":{"@id":"https:\/\/3d-edu.ch\/fr\/boutique\/ultimaker-printcore-cc\/#local-main-organization-logo"},"image":{"@id":"https:\/\/3d-edu.ch\/fr\/boutique\/ultimaker-printcore-cc\/#local-main-organization-logo"},"sameAs":["https:\/\/www.facebook.com\/3d-educh-210277586064960\/","https:\/\/x.com\/3d_edu_ch"],"address":{"@id":"https:\/\/3d-edu.ch\/fr\/boutique\/ultimaker-printcore-cc\/#local-main-place-address"},"geo":{"@type":"GeoCoordinates","latitude":"47.38413","longitude":"8.49812"},"telephone":["+41 44 492 11 22"],"openingHoursSpecification":[{"@type":"OpeningHoursSpecification","dayOfWeek":["Monday","Tuesday","Wednesday","Thursday","Friday"],"opens":"08:30","closes":"18:00"},{"@type":"OpeningHoursSpecification","dayOfWeek":["Saturday","Sunday"],"opens":"00:00","closes":"00:00"}],"email":"info@3d-edu.ch","faxNumber":"+41 44 492 11 23","vatID":"CHE-184.499.491 MWST","priceRange":"$$$","currenciesAccepted":"CHF"},{"@type":"PostalAddress","@id":"https:\/\/3d-edu.ch\/fr\/boutique\/ultimaker-printcore-cc\/#local-main-place-address","streetAddress":"3D-EDU GmbH, Badenerstrasse 556","addressLocality":"Z\u00fcrich","postalCode":"8048","addressRegion":"Z\u00fcrich","addressCountry":"CH"},{"@type":"ImageObject","inLanguage":"fr-FR","@id":"https:\/\/3d-edu.ch\/fr\/boutique\/ultimaker-printcore-cc\/#local-main-organization-logo","url":"https:\/\/3d-edu.ch\/wp-content\/uploads\/2018\/10\/3d-drucker-makerbot-formlabs-professionelle-3d-drucker-e1546527990490.png","contentUrl":"https:\/\/3d-edu.ch\/wp-content\/uploads\/2018\/10\/3d-drucker-makerbot-formlabs-professionelle-3d-drucker-e1546527990490.png","width":275,"height":80,"caption":"3D-EDU GmbH"}]},"product_brand":"UltiMaker","og_availability":"backorder","product_availability":"available for order","product_condition":"new","geo.placename":"Z\u00fcrich","geo.position":{"lat":"47.38413","long":"8.49812"},"geo.region":"Suisse"},"_links":{"self":[{"href":"https:\/\/3d-edu.ch\/fr\/wp-json\/wp\/v2\/product\/76450","targetHints":{"allow":["GET"]}}],"collection":[{"href":"https:\/\/3d-edu.ch\/fr\/wp-json\/wp\/v2\/product"}],"about":[{"href":"https:\/\/3d-edu.ch\/fr\/wp-json\/wp\/v2\/types\/product"}],"replies":[{"embeddable":true,"href":"https:\/\/3d-edu.ch\/fr\/wp-json\/wp\/v2\/comments?post=76450"}],"wp:featuredmedia":[{"embeddable":true,"href":"https:\/\/3d-edu.ch\/fr\/wp-json\/wp\/v2\/media\/70685"}],"wp:attachment":[{"href":"https:\/\/3d-edu.ch\/fr\/wp-json\/wp\/v2\/media?parent=76450"}],"wp:term":[{"taxonomy":"product_brand","embeddable":true,"href":"https:\/\/3d-edu.ch\/fr\/wp-json\/wp\/v2\/product_brand?post=76450"},{"taxonomy":"product_cat","embeddable":true,"href":"https:\/\/3d-edu.ch\/fr\/wp-json\/wp\/v2\/product_cat?post=76450"},{"taxonomy":"product_tag","embeddable":true,"href":"https:\/\/3d-edu.ch\/fr\/wp-json\/wp\/v2\/product_tag?post=76450"}],"curies":[{"name":"wp","href":"https:\/\/api.w.org\/{rel}","templated":true}]}}