{"id":76449,"date":"2024-02-15T15:38:13","date_gmt":"2024-02-15T14:38:13","guid":{"rendered":"https:\/\/3d-edu.ch\/shop\/ultimaker-s7-pro-bundle\/"},"modified":"2026-04-09T14:31:49","modified_gmt":"2026-04-09T12:31:49","slug":"ultimaker-s7-pro-bundle","status":"publish","type":"product","link":"https:\/\/3d-edu.ch\/fr\/boutique\/ultimaker-s7-pro-bundle\/","title":{"rendered":"UltiMaker S7 Pro Bundle"},"content":{"rendered":"<h2>UltiMaker S7 Pro Bundle<\/h2>\n<p>L&rsquo;UltiMaker S7 est dot\u00e9e d&rsquo;une technologie de pointe qui rend encore plus facile la production de pi\u00e8ces de haute qualit\u00e9. La Material Station incluse dans le bundle transforme la derni\u00e8re imprimante 3D de la gamme S en une v\u00e9ritable centrale de production. Cette mise \u00e0 niveau unique facilite consid\u00e9rablement l&rsquo;impression 3D en permettant de passer automatiquement d&rsquo;un maximum de 6 bobines \u00e0 l&rsquo;autre. De plus, un contr\u00f4le de l&rsquo;humidit\u00e9 garantit en permanence que le mat\u00e9riau d&rsquo;impression est fourni dans un \u00e9tat optimal pour des impressions 3D de haute qualit\u00e9.   <\/p>\n<p><strong>Contenu de la livraison<\/strong><\/p>\n<ul>\n<li>Imprimante 3D UltiMaker S7<\/li>\n<li>Station de mat\u00e9riaux Ultimaker<\/li>\n<li>1x UltiMaker Essentials<\/li>\n<li>1x Plaque de pression flexible<\/li>\n<li>2x Print core AA 0.4<\/li>\n<li>1x Print core BB 0.4<\/li>\n<li>1x porte-bobine avec guide de support et capteur NFC<\/li>\n<li>1x c\u00e2ble d&rsquo;alimentation<\/li>\n<li>1x c\u00e2ble Ethernet<\/li>\n<li>1x cl\u00e9 USB<\/li>\n<li>1x XY fiche d&rsquo;\u00e9talonnage (Calibration Sheet)<\/li>\n<li>1x c\u00e2ble d&rsquo;alimentation<\/li>\n<li>1x Tournevis \u00e0 six pans creux 2mm<\/li>\n<li>1x huile pour essieu<\/li>\n<li>1x graisse pour broche<\/li>\n<li>1x UltiMaker Tough PLA (750g)<\/li>\n<li>1x UltiMaker PVA (750g)<\/li>\n<li>Logiciel de pr\u00e9paration \u00e0 l&rsquo;impression Cura<\/li>\n<li>Guide de d\u00e9marrage rapide<\/li>\n<li>Carte de s\u00e9curit\u00e9 et de garantie<\/li>\n<\/ul>\n<div class=\"accordion\">\n\t<div id=\"accordion-4095013360\" class=\"accordion-item\">\n\t\t<a id=\"accordion-4095013360-label\" class=\"accordion-title plain\" href=\"#accordion-item-plus-d&#039;informations\" aria-expanded=\"false\" aria-controls=\"accordion-4095013360-content\">\n\t\t\t<button class=\"toggle\" aria-label=\"Basculer\"><i class=\"icon-angle-down\" aria-hidden=\"true\"><\/i><\/button>\n\t\t\t<span>Plus d&#039;informations<\/span>\n\t\t<\/a>\n\t\t<div id=\"accordion-4095013360-content\" class=\"accordion-inner\" aria-labelledby=\"accordion-4095013360-label\">\n\t\t\t\n<h3>Caract\u00e9ristiques du bundle UltiMaker S7 Pro<\/h3>\n<div class=\"row article-row\">\n<div class=\"col-sm-4 col-xs-12\">\n<div>\n<p>&nbsp;<\/p>\n<ul>\n<li>Changement de mat\u00e9riau enti\u00e8rement automatique<\/li>\n<li>Stockage parfait des filaments gr\u00e2ce \u00e0 un contr\u00f4le intelligent de l&rsquo;humidit\u00e9<\/li>\n<li>Optimal pour les filaments hygroscopiques (PVA et polyamides)<\/li>\n<li>Stockage de jusqu&rsquo;\u00e0 six bobines<\/li>\n<li>Une impression sans faille malgr\u00e9 le changement de filament<\/li>\n<li>Commercialisation de filaments abrasifs<\/li>\n<li>Reconnaissance NFC des filaments UltiMaker<\/li>\n<li>Possibilit\u00e9 de n\u00e9gocier des filaments tiers<\/li>\n<\/ul>\n<\/div>\n<\/div>\n<\/div>\n\t\t<\/div>\n\t<\/div>\n\t\n<\/div>\n","protected":false},"excerpt":{"rendered":"<h2>Imprimante 3D UltiMaker S7<\/h2>\n<table>\n<tbody>\n<tr>\n<td>Volume de construction<\/td>\n<td>330 x 240 x 300 mm<\/td>\n<\/tr>\n<tr>\n<td>Dimensions de la machine (assembl\u00e9e)<\/td>\n<td>495 x 585 x 800 mm (LxPxH)<\/td>\n<\/tr>\n<tr>\n<td>Technologie d&rsquo;impression<\/td>\n<td>Mod\u00e9lisation par d\u00e9p\u00f4t en fusion (Fused Deposition Modeling - FDM)<\/td>\n<\/tr>\n<tr>\n<td>Diam\u00e8tre de filament compatible<\/td>\n<td>2.85 mm<\/td>\n<\/tr>\n<tr>\n<td>Poids<\/td>\n<td>29.1 kg<\/td>\n<\/tr>\n<tr>\n<td>Puissance maximale absorb\u00e9e<\/td>\n<td>500 W<\/td>\n<\/tr>\n<\/tbody>\n<\/table>\n","protected":false},"featured_media":69364,"comment_status":"closed","ping_status":"closed","template":"","meta":[],"product_brand":[],"product_cat":[7915,7917,8206],"product_tag":[8314,8316,8208,8699,8315,8313],"class_list":{"0":"post-76449","1":"product","2":"type-product","3":"status-publish","4":"has-post-thumbnail","6":"product_cat-imprimantes-3d-fr-3","7":"product_cat-imprimantes-3d-de-la-serie-s-fr","8":"product_cat-ultimaker","9":"product_tag-bundle","10":"product_tag-fdm","11":"product_tag-imprimante-3d-fdm","12":"product_tag-s7","13":"product_tag-station-de-materiel","14":"product_tag-ultimaker","16":"first","17":"instock","18":"taxable","19":"shipping-taxable","20":"purchasable","21":"product-type-simple"},"yoast_head":"<!-- This site is optimized with the Yoast SEO Premium plugin v27.4 (Yoast SEO v27.4) - https:\/\/yoast.com\/product\/yoast-seo-premium-wordpress\/ -->\n<title>UltiMaker S7 Pro Bundle %%page% commander en ligne maintenant - 3D-EDU GmbH<\/title>\n<meta name=\"description\" content=\"La station de mat\u00e9riaux incluse dans le bundle UltiMaker S7 Pro transforme la derni\u00e8re imprimante 3D de la s\u00e9rie S en une v\u00e9ritable centrale de production. Si un autre mat\u00e9riau doit \u00eatre charg\u00e9 pendant un travail d&#039;impression ou si une bobine est \u00e9puis\u00e9e, la Material Station passe automatiquement \u00e0 une nouvelle bobine.\" \/>\n<meta name=\"robots\" content=\"index, follow, max-snippet:-1, max-image-preview:large, max-video-preview:-1\" \/>\n<link rel=\"canonical\" href=\"https:\/\/3d-edu.ch\/fr\/boutique\/ultimaker-s7-pro-bundle\/\" \/>\n<meta property=\"og:locale\" content=\"fr_FR\" \/>\n<meta property=\"og:type\" content=\"article\" \/>\n<meta property=\"og:title\" content=\"UltiMaker S7 Pro Bundle\" \/>\n<meta property=\"og:description\" content=\"La station de mat\u00e9riaux incluse dans le bundle UltiMaker S7 Pro transforme la derni\u00e8re imprimante 3D de la s\u00e9rie S en une v\u00e9ritable centrale de production. Si un autre mat\u00e9riau doit \u00eatre charg\u00e9 pendant un travail d&#039;impression ou si une bobine est \u00e9puis\u00e9e, la Material Station passe automatiquement \u00e0 une nouvelle bobine.\" \/>\n<meta property=\"og:url\" content=\"https:\/\/3d-edu.ch\/fr\/boutique\/ultimaker-s7-pro-bundle\/\" \/>\n<meta property=\"og:site_name\" content=\"3D-EDU GmbH\" \/>\n<meta property=\"article:publisher\" content=\"https:\/\/www.facebook.com\/3d-educh-210277586064960\/\" \/>\n<meta property=\"article:modified_time\" content=\"2026-04-09T12:31:49+00:00\" \/>\n<meta property=\"og:image\" content=\"https:\/\/3d-edu.ch\/wp-content\/uploads\/2024\/02\/ultimaker-s7-pro-bundle.webp\" \/>\n\t<meta property=\"og:image:width\" content=\"380\" \/>\n\t<meta property=\"og:image:height\" content=\"380\" \/>\n\t<meta property=\"og:image:type\" content=\"image\/webp\" \/>\n<meta name=\"twitter:card\" content=\"summary_large_image\" \/>\n<meta name=\"twitter:site\" content=\"@3d_edu_ch\" \/>\n<meta name=\"twitter:label1\" content=\"Prix\" \/>\n\t<meta name=\"twitter:data1\" content=\"7&#039;276.21&nbsp;&#067;&#072;&#070; hors TVA\" \/>\n\t<meta name=\"twitter:label2\" content=\"Disponibilit\u00e9\" \/>\n\t<meta name=\"twitter:data2\" content=\"En stock\" \/>\n<script type=\"application\/ld+json\" class=\"yoast-schema-graph\">{\"@context\":\"https:\\\/\\\/schema.org\",\"@graph\":[{\"@type\":\"WebPage\",\"@id\":\"https:\\\/\\\/3d-edu.ch\\\/fr\\\/boutique\\\/ultimaker-s7-pro-bundle\\\/\",\"url\":\"https:\\\/\\\/3d-edu.ch\\\/fr\\\/boutique\\\/ultimaker-s7-pro-bundle\\\/\",\"name\":\"UltiMaker S7 Pro Bundle %%page% commander en ligne maintenant - 3D-EDU GmbH\",\"isPartOf\":{\"@id\":\"https:\\\/\\\/3d-edu.ch\\\/fr\\\/#website\"},\"primaryImageOfPage\":{\"@id\":\"https:\\\/\\\/3d-edu.ch\\\/fr\\\/boutique\\\/ultimaker-s7-pro-bundle\\\/#primaryimage\"},\"image\":{\"@id\":\"https:\\\/\\\/3d-edu.ch\\\/fr\\\/boutique\\\/ultimaker-s7-pro-bundle\\\/#primaryimage\"},\"thumbnailUrl\":\"https:\\\/\\\/3d-edu.ch\\\/wp-content\\\/uploads\\\/2024\\\/02\\\/ultimaker-s7-pro-bundle.webp\",\"datePublished\":\"2024-02-15T14:38:13+00:00\",\"dateModified\":\"2026-04-09T12:31:49+00:00\",\"description\":\"La station de mat\u00e9riaux incluse dans le bundle UltiMaker S7 Pro transforme la derni\u00e8re imprimante 3D de la s\u00e9rie S en une v\u00e9ritable centrale de production. Si un autre mat\u00e9riau doit \u00eatre charg\u00e9 pendant un travail d'impression ou si une bobine est \u00e9puis\u00e9e, la Material Station passe automatiquement \u00e0 une nouvelle bobine.\",\"breadcrumb\":{\"@id\":\"https:\\\/\\\/3d-edu.ch\\\/fr\\\/boutique\\\/ultimaker-s7-pro-bundle\\\/#breadcrumb\"},\"inLanguage\":\"fr-FR\",\"potentialAction\":[{\"@type\":\"ReadAction\",\"target\":[\"https:\\\/\\\/3d-edu.ch\\\/fr\\\/boutique\\\/ultimaker-s7-pro-bundle\\\/\"]}]},{\"@type\":\"ImageObject\",\"inLanguage\":\"fr-FR\",\"@id\":\"https:\\\/\\\/3d-edu.ch\\\/fr\\\/boutique\\\/ultimaker-s7-pro-bundle\\\/#primaryimage\",\"url\":\"https:\\\/\\\/3d-edu.ch\\\/wp-content\\\/uploads\\\/2024\\\/02\\\/ultimaker-s7-pro-bundle.webp\",\"contentUrl\":\"https:\\\/\\\/3d-edu.ch\\\/wp-content\\\/uploads\\\/2024\\\/02\\\/ultimaker-s7-pro-bundle.webp\",\"width\":380,\"height\":380,\"caption\":\"UltiMaker S7 Pro Bundle\"},{\"@type\":\"BreadcrumbList\",\"@id\":\"https:\\\/\\\/3d-edu.ch\\\/fr\\\/boutique\\\/ultimaker-s7-pro-bundle\\\/#breadcrumb\",\"itemListElement\":[{\"@type\":\"ListItem\",\"position\":1,\"name\":\"Accueil\",\"item\":\"https:\\\/\\\/3d-edu.ch\\\/fr\\\/\"},{\"@type\":\"ListItem\",\"position\":2,\"name\":\"Boutique\",\"item\":\"https:\\\/\\\/3d-edu.ch\\\/fr\\\/boutique\\\/\"},{\"@type\":\"ListItem\",\"position\":3,\"name\":\"UltiMaker S7 Pro Bundle\"}]},{\"@type\":\"WebSite\",\"@id\":\"https:\\\/\\\/3d-edu.ch\\\/fr\\\/#website\",\"url\":\"https:\\\/\\\/3d-edu.ch\\\/fr\\\/\",\"name\":\"3D-EDU GmbH\",\"description\":\"Your Formlabs, UltiMaker and Raise3D Printer Support and Education Site in Switzerland. \\\/\\\/ Ihre Formlabs, UltiMaker and Raise3D Drucker Support und Bildungs Webseite der Schweiz.\",\"publisher\":{\"@id\":\"https:\\\/\\\/3d-edu.ch\\\/fr\\\/#organization\"},\"potentialAction\":[{\"@type\":\"SearchAction\",\"target\":{\"@type\":\"EntryPoint\",\"urlTemplate\":\"https:\\\/\\\/3d-edu.ch\\\/fr\\\/?s={search_term_string}\"},\"query-input\":{\"@type\":\"PropertyValueSpecification\",\"valueRequired\":true,\"valueName\":\"search_term_string\"}}],\"inLanguage\":\"fr-FR\"},{\"@type\":[\"Organization\",\"Place\",\"ElectronicsStore\"],\"@id\":\"https:\\\/\\\/3d-edu.ch\\\/fr\\\/#organization\",\"name\":\"3D-EDU GmbH\",\"url\":\"https:\\\/\\\/3d-edu.ch\\\/fr\\\/\",\"logo\":{\"@id\":\"https:\\\/\\\/3d-edu.ch\\\/fr\\\/boutique\\\/ultimaker-s7-pro-bundle\\\/#local-main-organization-logo\"},\"image\":{\"@id\":\"https:\\\/\\\/3d-edu.ch\\\/fr\\\/boutique\\\/ultimaker-s7-pro-bundle\\\/#local-main-organization-logo\"},\"sameAs\":[\"https:\\\/\\\/www.facebook.com\\\/3d-educh-210277586064960\\\/\",\"https:\\\/\\\/x.com\\\/3d_edu_ch\"],\"address\":{\"@id\":\"https:\\\/\\\/3d-edu.ch\\\/fr\\\/boutique\\\/ultimaker-s7-pro-bundle\\\/#local-main-place-address\"},\"geo\":{\"@type\":\"GeoCoordinates\",\"latitude\":\"47.38413\",\"longitude\":\"8.49812\"},\"telephone\":[\"+41 44 492 11 22\"],\"openingHoursSpecification\":[{\"@type\":\"OpeningHoursSpecification\",\"dayOfWeek\":[\"Monday\",\"Tuesday\",\"Wednesday\",\"Thursday\",\"Friday\"],\"opens\":\"08:30\",\"closes\":\"18:00\"},{\"@type\":\"OpeningHoursSpecification\",\"dayOfWeek\":[\"Saturday\",\"Sunday\"],\"opens\":\"00:00\",\"closes\":\"00:00\"}],\"email\":\"info@3d-edu.ch\",\"faxNumber\":\"+41 44 492 11 23\",\"vatID\":\"CHE-184.499.491 MWST\",\"priceRange\":\"$$$\",\"currenciesAccepted\":\"CHF\"},{\"@type\":\"PostalAddress\",\"@id\":\"https:\\\/\\\/3d-edu.ch\\\/fr\\\/boutique\\\/ultimaker-s7-pro-bundle\\\/#local-main-place-address\",\"streetAddress\":\"3D-EDU GmbH, Badenerstrasse 556\",\"addressLocality\":\"Z\u00fcrich\",\"postalCode\":\"8048\",\"addressRegion\":\"Z\u00fcrich\",\"addressCountry\":\"CH\"},{\"@type\":\"ImageObject\",\"inLanguage\":\"fr-FR\",\"@id\":\"https:\\\/\\\/3d-edu.ch\\\/fr\\\/boutique\\\/ultimaker-s7-pro-bundle\\\/#local-main-organization-logo\",\"url\":\"https:\\\/\\\/3d-edu.ch\\\/wp-content\\\/uploads\\\/2018\\\/10\\\/3d-drucker-makerbot-formlabs-professionelle-3d-drucker-e1546527990490.png\",\"contentUrl\":\"https:\\\/\\\/3d-edu.ch\\\/wp-content\\\/uploads\\\/2018\\\/10\\\/3d-drucker-makerbot-formlabs-professionelle-3d-drucker-e1546527990490.png\",\"width\":275,\"height\":80,\"caption\":\"3D-EDU GmbH\"}]}<\/script>\n<meta property=\"product:brand\" content=\"UltiMaker\" \/>\n<meta property=\"product:price:amount\" content=\"7276.21\" \/>\n<meta property=\"product:price:currency\" content=\"CHF\" \/>\n<meta property=\"og:availability\" content=\"instock\" \/>\n<meta property=\"product:availability\" content=\"instock\" \/>\n<meta property=\"product:retailer_item_id\" content=\"234151PB0\" \/>\n<meta property=\"product:condition\" content=\"new\" \/>\n<meta name=\"geo.placename\" content=\"Z\u00fcrich\" \/>\n<meta name=\"geo.position\" content=\"47.38413;8.49812\" \/>\n<meta name=\"geo.region\" content=\"Suisse\" \/>\n<!-- \/ Yoast SEO Premium plugin. -->","yoast_head_json":{"title":"UltiMaker S7 Pro Bundle %%page% commander en ligne maintenant - 3D-EDU GmbH","description":"La station de mat\u00e9riaux incluse dans le bundle UltiMaker S7 Pro transforme la derni\u00e8re imprimante 3D de la s\u00e9rie S en une v\u00e9ritable centrale de production. Si un autre mat\u00e9riau doit \u00eatre charg\u00e9 pendant un travail d'impression ou si une bobine est \u00e9puis\u00e9e, la Material Station passe automatiquement \u00e0 une nouvelle bobine.","robots":{"index":"index","follow":"follow","max-snippet":"max-snippet:-1","max-image-preview":"max-image-preview:large","max-video-preview":"max-video-preview:-1"},"canonical":"https:\/\/3d-edu.ch\/fr\/boutique\/ultimaker-s7-pro-bundle\/","og_locale":"fr_FR","og_type":"article","og_title":"UltiMaker S7 Pro Bundle","og_description":"La station de mat\u00e9riaux incluse dans le bundle UltiMaker S7 Pro transforme la derni\u00e8re imprimante 3D de la s\u00e9rie S en une v\u00e9ritable centrale de production. Si un autre mat\u00e9riau doit \u00eatre charg\u00e9 pendant un travail d'impression ou si une bobine est \u00e9puis\u00e9e, la Material Station passe automatiquement \u00e0 une nouvelle bobine.","og_url":"https:\/\/3d-edu.ch\/fr\/boutique\/ultimaker-s7-pro-bundle\/","og_site_name":"3D-EDU GmbH","article_publisher":"https:\/\/www.facebook.com\/3d-educh-210277586064960\/","article_modified_time":"2026-04-09T12:31:49+00:00","og_image":[{"width":380,"height":380,"url":"https:\/\/3d-edu.ch\/wp-content\/uploads\/2024\/02\/ultimaker-s7-pro-bundle.webp","type":"image\/webp"}],"twitter_card":"summary_large_image","twitter_site":"@3d_edu_ch","twitter_misc":{"Prix":"7'276.21&nbsp;&#67;&#72;&#70; hors TVA","Disponibilit\u00e9":"En stock"},"schema":{"@context":"https:\/\/schema.org","@graph":[{"@type":"WebPage","@id":"https:\/\/3d-edu.ch\/fr\/boutique\/ultimaker-s7-pro-bundle\/","url":"https:\/\/3d-edu.ch\/fr\/boutique\/ultimaker-s7-pro-bundle\/","name":"UltiMaker S7 Pro Bundle %%page% commander en ligne maintenant - 3D-EDU GmbH","isPartOf":{"@id":"https:\/\/3d-edu.ch\/fr\/#website"},"primaryImageOfPage":{"@id":"https:\/\/3d-edu.ch\/fr\/boutique\/ultimaker-s7-pro-bundle\/#primaryimage"},"image":{"@id":"https:\/\/3d-edu.ch\/fr\/boutique\/ultimaker-s7-pro-bundle\/#primaryimage"},"thumbnailUrl":"https:\/\/3d-edu.ch\/wp-content\/uploads\/2024\/02\/ultimaker-s7-pro-bundle.webp","datePublished":"2024-02-15T14:38:13+00:00","dateModified":"2026-04-09T12:31:49+00:00","description":"La station de mat\u00e9riaux incluse dans le bundle UltiMaker S7 Pro transforme la derni\u00e8re imprimante 3D de la s\u00e9rie S en une v\u00e9ritable centrale de production. Si un autre mat\u00e9riau doit \u00eatre charg\u00e9 pendant un travail d'impression ou si une bobine est \u00e9puis\u00e9e, la Material Station passe automatiquement \u00e0 une nouvelle bobine.","breadcrumb":{"@id":"https:\/\/3d-edu.ch\/fr\/boutique\/ultimaker-s7-pro-bundle\/#breadcrumb"},"inLanguage":"fr-FR","potentialAction":[{"@type":"ReadAction","target":["https:\/\/3d-edu.ch\/fr\/boutique\/ultimaker-s7-pro-bundle\/"]}]},{"@type":"ImageObject","inLanguage":"fr-FR","@id":"https:\/\/3d-edu.ch\/fr\/boutique\/ultimaker-s7-pro-bundle\/#primaryimage","url":"https:\/\/3d-edu.ch\/wp-content\/uploads\/2024\/02\/ultimaker-s7-pro-bundle.webp","contentUrl":"https:\/\/3d-edu.ch\/wp-content\/uploads\/2024\/02\/ultimaker-s7-pro-bundle.webp","width":380,"height":380,"caption":"UltiMaker S7 Pro Bundle"},{"@type":"BreadcrumbList","@id":"https:\/\/3d-edu.ch\/fr\/boutique\/ultimaker-s7-pro-bundle\/#breadcrumb","itemListElement":[{"@type":"ListItem","position":1,"name":"Accueil","item":"https:\/\/3d-edu.ch\/fr\/"},{"@type":"ListItem","position":2,"name":"Boutique","item":"https:\/\/3d-edu.ch\/fr\/boutique\/"},{"@type":"ListItem","position":3,"name":"UltiMaker S7 Pro Bundle"}]},{"@type":"WebSite","@id":"https:\/\/3d-edu.ch\/fr\/#website","url":"https:\/\/3d-edu.ch\/fr\/","name":"3D-EDU GmbH","description":"Your Formlabs, UltiMaker and Raise3D Printer Support and Education Site in Switzerland. \/\/ Ihre Formlabs, UltiMaker and Raise3D Drucker Support und Bildungs Webseite der Schweiz.","publisher":{"@id":"https:\/\/3d-edu.ch\/fr\/#organization"},"potentialAction":[{"@type":"SearchAction","target":{"@type":"EntryPoint","urlTemplate":"https:\/\/3d-edu.ch\/fr\/?s={search_term_string}"},"query-input":{"@type":"PropertyValueSpecification","valueRequired":true,"valueName":"search_term_string"}}],"inLanguage":"fr-FR"},{"@type":["Organization","Place","ElectronicsStore"],"@id":"https:\/\/3d-edu.ch\/fr\/#organization","name":"3D-EDU GmbH","url":"https:\/\/3d-edu.ch\/fr\/","logo":{"@id":"https:\/\/3d-edu.ch\/fr\/boutique\/ultimaker-s7-pro-bundle\/#local-main-organization-logo"},"image":{"@id":"https:\/\/3d-edu.ch\/fr\/boutique\/ultimaker-s7-pro-bundle\/#local-main-organization-logo"},"sameAs":["https:\/\/www.facebook.com\/3d-educh-210277586064960\/","https:\/\/x.com\/3d_edu_ch"],"address":{"@id":"https:\/\/3d-edu.ch\/fr\/boutique\/ultimaker-s7-pro-bundle\/#local-main-place-address"},"geo":{"@type":"GeoCoordinates","latitude":"47.38413","longitude":"8.49812"},"telephone":["+41 44 492 11 22"],"openingHoursSpecification":[{"@type":"OpeningHoursSpecification","dayOfWeek":["Monday","Tuesday","Wednesday","Thursday","Friday"],"opens":"08:30","closes":"18:00"},{"@type":"OpeningHoursSpecification","dayOfWeek":["Saturday","Sunday"],"opens":"00:00","closes":"00:00"}],"email":"info@3d-edu.ch","faxNumber":"+41 44 492 11 23","vatID":"CHE-184.499.491 MWST","priceRange":"$$$","currenciesAccepted":"CHF"},{"@type":"PostalAddress","@id":"https:\/\/3d-edu.ch\/fr\/boutique\/ultimaker-s7-pro-bundle\/#local-main-place-address","streetAddress":"3D-EDU GmbH, Badenerstrasse 556","addressLocality":"Z\u00fcrich","postalCode":"8048","addressRegion":"Z\u00fcrich","addressCountry":"CH"},{"@type":"ImageObject","inLanguage":"fr-FR","@id":"https:\/\/3d-edu.ch\/fr\/boutique\/ultimaker-s7-pro-bundle\/#local-main-organization-logo","url":"https:\/\/3d-edu.ch\/wp-content\/uploads\/2018\/10\/3d-drucker-makerbot-formlabs-professionelle-3d-drucker-e1546527990490.png","contentUrl":"https:\/\/3d-edu.ch\/wp-content\/uploads\/2018\/10\/3d-drucker-makerbot-formlabs-professionelle-3d-drucker-e1546527990490.png","width":275,"height":80,"caption":"3D-EDU GmbH"}]},"product_brand":"UltiMaker","product_price_amount":"7276.21","product_price_currency":"CHF","og_availability":"instock","product_availability":"instock","product_retailer_item_id":"234151PB0","product_condition":"new","geo.placename":"Z\u00fcrich","geo.position":{"lat":"47.38413","long":"8.49812"},"geo.region":"Suisse"},"_links":{"self":[{"href":"https:\/\/3d-edu.ch\/fr\/wp-json\/wp\/v2\/product\/76449","targetHints":{"allow":["GET"]}}],"collection":[{"href":"https:\/\/3d-edu.ch\/fr\/wp-json\/wp\/v2\/product"}],"about":[{"href":"https:\/\/3d-edu.ch\/fr\/wp-json\/wp\/v2\/types\/product"}],"replies":[{"embeddable":true,"href":"https:\/\/3d-edu.ch\/fr\/wp-json\/wp\/v2\/comments?post=76449"}],"wp:featuredmedia":[{"embeddable":true,"href":"https:\/\/3d-edu.ch\/fr\/wp-json\/wp\/v2\/media\/69364"}],"wp:attachment":[{"href":"https:\/\/3d-edu.ch\/fr\/wp-json\/wp\/v2\/media?parent=76449"}],"wp:term":[{"taxonomy":"product_brand","embeddable":true,"href":"https:\/\/3d-edu.ch\/fr\/wp-json\/wp\/v2\/product_brand?post=76449"},{"taxonomy":"product_cat","embeddable":true,"href":"https:\/\/3d-edu.ch\/fr\/wp-json\/wp\/v2\/product_cat?post=76449"},{"taxonomy":"product_tag","embeddable":true,"href":"https:\/\/3d-edu.ch\/fr\/wp-json\/wp\/v2\/product_tag?post=76449"}],"curies":[{"name":"wp","href":"https:\/\/api.w.org\/{rel}","templated":true}]}}