{"id":76442,"date":"2024-04-16T15:08:54","date_gmt":"2024-04-16T13:08:54","guid":{"rendered":"https:\/\/3d-edu.ch\/shop\/form-wash-v2\/"},"modified":"2026-04-20T19:37:08","modified_gmt":"2026-04-20T17:37:08","slug":"form-wash-v2","status":"publish","type":"product","link":"https:\/\/3d-edu.ch\/fr\/boutique\/form-wash-v2\/","title":{"rendered":"Form Wash V2"},"content":{"rendered":"<h3>Formlabs Form Wash (2\u00e8me g\u00e9n\u00e9ration)\/ Station de nettoyage SLA<\/h3>\n<p>Form Wash automatise le processus de nettoyage des composants apr\u00e8s l&rsquo;impression.<br \/>\nLes pi\u00e8ces passent directement du Form 2-4 au Form Wash (2e g\u00e9n\u00e9ration). Le Form Wash (2e g\u00e9n\u00e9ration) nettoie les pi\u00e8ces imprim\u00e9es en profondeur et efficacement avec de l&rsquo;IPA ou un autre produit de nettoyage, de mani\u00e8re enti\u00e8rement automatique. Vous pouvez simplement laisser vos pi\u00e8ces imprim\u00e9es sur la plate-forme ou les retirer du lit d&rsquo;impression et les placer dans le panier de lavage. Les pi\u00e8ces sont soigneusement rinc\u00e9es avec le d\u00e9tergent afin de nettoyer m\u00eame les plus petites fentes et les plus petits trous - et ce automatiquement pendant la dur\u00e9e appropri\u00e9e. Une fois le lavage termin\u00e9, le Form Wash soul\u00e8ve automatiquement les pi\u00e8ces hors de l&rsquo;IPA pour qu&rsquo;elles puissent s\u00e9cher \u00e0 l&rsquo;air libre.<br \/>\n<div class=\"accordion\"><\/div>\n\t<div id=\"accordion-1301759939\" class=\"accordion-item\">\n\t\t<a id=\"accordion-1301759939-label\" class=\"accordion-title plain\" href=\"#accordion-item-plus-d&#039;informations\" aria-expanded=\"false\" aria-controls=\"accordion-1301759939-content\">\n\t\t\t<button class=\"toggle\" aria-label=\"Basculer\"><i class=\"icon-angle-down\" aria-hidden=\"true\"><\/i><\/button>\n\t\t\t<span>Plus d&#039;informations<\/span>\n\t\t<\/a>\n\t\t<div id=\"accordion-1301759939-content\" class=\"accordion-inner\" aria-labelledby=\"accordion-1301759939-label\">\n\t\t\t\t\t<\/div>\n\t<\/div>\n\t\n<h4>Nettoyage propre avec le Form Wash (2e g\u00e9n\u00e9ration)<\/h4>\n<p>Vous pouvez laisser les composants sur la plateforme de construction et les retirer de Formlabs Form 2-4 sans gants de protection. Vous pouvez ensuite ins\u00e9rer la plate-forme de construction directement dans le Formlabs Form Wash (2\u00e8me g\u00e9n\u00e9ration) pour le nettoyage. <\/p>\n<h4>Adaptable aux composants et \u00e0 la plateforme de construction<\/h4>\n<p>Le Form Wash (2\u00e8me g\u00e9n\u00e9ration) peut contenir la plateforme de construction et le volume de construction complet du Form 4 de Formlab, mais le support de la plateforme de construction peut \u00e9galement \u00eatre adapt\u00e9 aux plateformes de construction du Form 2\/3. Si vous imprimez des mod\u00e8les de petite taille ou des mod\u00e8les dentaires, le support peut \u00eatre abaiss\u00e9 de mani\u00e8re \u00e0 ce que vous n&rsquo;ayez \u00e0 remplir qu&rsquo;une fraction du Form Wash (2\u00e8me g\u00e9n\u00e9ration) de solvant pour nettoyer les mod\u00e8les sur la plateforme de construction. <\/p>\n<h4>Nettoyage automatique IPA<\/h4>\n<p>Une fois le temps \u00e9coul\u00e9, la plate-forme de construction contenant les composants est automatiquement soulev\u00e9e hors du bain par le Form Wash de Formlabs. De cette mani\u00e8re, ils ne restent pas trop longtemps dans l&rsquo;IPA, o\u00f9 ils se d\u00e9formeraient. Les pi\u00e8ces imprim\u00e9es s\u00e8chent ainsi \u00e0 l&rsquo;air libre. Ils sont ensuite pr\u00eats \u00e0 \u00eatre r\u00e9cup\u00e9r\u00e9s. Le Form Wash (2\u00e8me g\u00e9n\u00e9ration) dispose en outre d&rsquo;un meilleur joint d&rsquo;\u00e9tanch\u00e9it\u00e9, qui r\u00e9duit consid\u00e9rablement l&rsquo;\u00e9vaporation de l&rsquo;IPA par rapport au Form Wash.    <\/p>\n<p><a href=\"https:\/\/dedune53.myhostpoint.ch\/formlabs\/nachbearbeitung\/form-wash-form-cure\/\">Pour plus d&rsquo;informations sur le produit, cliquez ici.<\/a><\/p>\n","protected":false},"excerpt":{"rendered":"<h2><strong>Formlabs Form 2-4 Accessoires<\/strong><\/h2>\n<p class=\"muted\">Le nettoyage (Formlabs Form Wash 2. Gen.) et la polym\u00e9risation (Formlabs Form Cure) sont des \u00e9l\u00e9ments essentiels du post-traitement.<\/p>\n<h2><strong>Formlabs Form Wash 2\u00e8me g\u00e9n\u00e9ration<\/strong><\/h2>\n<p>Le Form Wash 2\u00e8me g\u00e9n\u00e9ration de Formlabs assure un nettoyage parfait et automatis\u00e9 des pi\u00e8ces que vous produisez avec le Form 2-4 de Formlabs.<\/p>\n","protected":false},"featured_media":69535,"comment_status":"closed","ping_status":"closed","template":"","meta":[],"product_brand":[],"product_cat":[7780,7896,7897],"product_tag":[7785,8694,8688,7784,8246],"class_list":{"0":"post-76442","1":"product","2":"type-product","3":"status-publish","4":"has-post-thumbnail","6":"product_cat-formlabs-fr","7":"product_cat-post-traitement-fr","8":"product_cat-sla-lfs-post-traitement-fr","9":"product_tag-accessoires-formlabs","10":"product_tag-fh-wa-02","11":"product_tag-form-wash-2eme-generation","12":"product_tag-formlabs-fr","13":"product_tag-formlabs-form-4","15":"first","16":"instock","17":"taxable","18":"shipping-taxable","19":"purchasable","20":"product-type-simple"},"yoast_head":"<!-- This site is optimized with the Yoast SEO Premium plugin v27.4 (Yoast SEO v27.4) - https:\/\/yoast.com\/product\/yoast-seo-premium-wordpress\/ -->\n<title>Formlabs %%title% %%page% Station de nettoyage IPA - Accessoires Formlabs - 3D-EDU<\/title>\n<meta name=\"robots\" content=\"index, follow, max-snippet:-1, max-image-preview:large, max-video-preview:-1\" \/>\n<link rel=\"canonical\" href=\"https:\/\/3d-edu.ch\/fr\/boutique\/form-wash-v2\/\" \/>\n<meta property=\"og:locale\" content=\"fr_FR\" \/>\n<meta property=\"og:type\" content=\"article\" \/>\n<meta property=\"og:title\" content=\"Form Wash V2\" \/>\n<meta property=\"og:description\" content=\"Formlabs Form 2-4 Accessoires Le nettoyage (Formlabs Form Wash 2. Gen.) et la polym\u00e9risation (Formlabs Form Cure) sont des \u00e9l\u00e9ments essentiels du post-traitement. Formlabs Form Wash 2\u00e8me g\u00e9n\u00e9ration Le Form Wash 2\u00e8me g\u00e9n\u00e9ration de Formlabs assure un nettoyage parfait et automatis\u00e9 des pi\u00e8ces que vous produisez avec le Form 2-4 de Formlabs.\" \/>\n<meta property=\"og:url\" content=\"https:\/\/3d-edu.ch\/fr\/boutique\/form-wash-v2\/\" \/>\n<meta property=\"og:site_name\" content=\"3D-EDU GmbH\" \/>\n<meta property=\"article:publisher\" content=\"https:\/\/www.facebook.com\/3d-educh-210277586064960\/\" \/>\n<meta property=\"article:modified_time\" content=\"2026-04-20T17:37:08+00:00\" \/>\n<meta property=\"og:image\" content=\"https:\/\/dedune53.myhostpoint.ch\/wp-content\/uploads\/2017\/05\/wash.png\" \/>\n<meta name=\"twitter:card\" content=\"summary_large_image\" \/>\n<meta name=\"twitter:image\" content=\"https:\/\/dedune53.myhostpoint.ch\/wp-content\/uploads\/2019\/01\/formlabs-form-wash-formlabs-form-cure.jpg\" \/>\n<meta name=\"twitter:site\" content=\"@3d_edu_ch\" \/>\n<meta name=\"twitter:label1\" content=\"Prix\" \/>\n\t<meta name=\"twitter:data1\" content=\"688.83&nbsp;&#067;&#072;&#070; hors TVA\" \/>\n\t<meta name=\"twitter:label2\" content=\"Disponibilit\u00e9\" \/>\n\t<meta name=\"twitter:data2\" content=\"En stock\" \/>\n<script type=\"application\/ld+json\" class=\"yoast-schema-graph\">{\"@context\":\"https:\\\/\\\/schema.org\",\"@graph\":[{\"@type\":\"WebPage\",\"@id\":\"https:\\\/\\\/3d-edu.ch\\\/fr\\\/boutique\\\/form-wash-v2\\\/\",\"url\":\"https:\\\/\\\/3d-edu.ch\\\/fr\\\/boutique\\\/form-wash-v2\\\/\",\"name\":\"Formlabs %%title% %%page% Station de nettoyage IPA - Accessoires Formlabs - 3D-EDU\",\"isPartOf\":{\"@id\":\"https:\\\/\\\/3d-edu.ch\\\/fr\\\/#website\"},\"primaryImageOfPage\":{\"@id\":\"https:\\\/\\\/3d-edu.ch\\\/fr\\\/boutique\\\/form-wash-v2\\\/#primaryimage\"},\"image\":{\"@id\":\"https:\\\/\\\/3d-edu.ch\\\/fr\\\/boutique\\\/form-wash-v2\\\/#primaryimage\"},\"thumbnailUrl\":\"https:\\\/\\\/3d-edu.ch\\\/wp-content\\\/uploads\\\/2024\\\/04\\\/formlabs-form-wash-2-generation.webp\",\"datePublished\":\"2024-04-16T13:08:54+00:00\",\"dateModified\":\"2026-04-20T17:37:08+00:00\",\"breadcrumb\":{\"@id\":\"https:\\\/\\\/3d-edu.ch\\\/fr\\\/boutique\\\/form-wash-v2\\\/#breadcrumb\"},\"inLanguage\":\"fr-FR\",\"potentialAction\":[{\"@type\":\"ReadAction\",\"target\":[\"https:\\\/\\\/3d-edu.ch\\\/fr\\\/boutique\\\/form-wash-v2\\\/\"]}]},{\"@type\":\"ImageObject\",\"inLanguage\":\"fr-FR\",\"@id\":\"https:\\\/\\\/3d-edu.ch\\\/fr\\\/boutique\\\/form-wash-v2\\\/#primaryimage\",\"url\":\"https:\\\/\\\/3d-edu.ch\\\/wp-content\\\/uploads\\\/2024\\\/04\\\/formlabs-form-wash-2-generation.webp\",\"contentUrl\":\"https:\\\/\\\/3d-edu.ch\\\/wp-content\\\/uploads\\\/2024\\\/04\\\/formlabs-form-wash-2-generation.webp\",\"width\":1080,\"height\":1080,\"caption\":\"Formlabs Form Wash 2\u00e8me g\u00e9n\u00e9ration\"},{\"@type\":\"BreadcrumbList\",\"@id\":\"https:\\\/\\\/3d-edu.ch\\\/fr\\\/boutique\\\/form-wash-v2\\\/#breadcrumb\",\"itemListElement\":[{\"@type\":\"ListItem\",\"position\":1,\"name\":\"Accueil\",\"item\":\"https:\\\/\\\/3d-edu.ch\\\/fr\\\/\"},{\"@type\":\"ListItem\",\"position\":2,\"name\":\"Boutique\",\"item\":\"https:\\\/\\\/3d-edu.ch\\\/fr\\\/boutique\\\/\"},{\"@type\":\"ListItem\",\"position\":3,\"name\":\"Form Wash V2\"}]},{\"@type\":\"WebSite\",\"@id\":\"https:\\\/\\\/3d-edu.ch\\\/fr\\\/#website\",\"url\":\"https:\\\/\\\/3d-edu.ch\\\/fr\\\/\",\"name\":\"3D-EDU GmbH\",\"description\":\"Your Formlabs, UltiMaker and Raise3D Printer Support and Education Site in Switzerland. \\\/\\\/ Ihre Formlabs, UltiMaker and Raise3D Drucker Support und Bildungs Webseite der Schweiz.\",\"publisher\":{\"@id\":\"https:\\\/\\\/3d-edu.ch\\\/fr\\\/#organization\"},\"potentialAction\":[{\"@type\":\"SearchAction\",\"target\":{\"@type\":\"EntryPoint\",\"urlTemplate\":\"https:\\\/\\\/3d-edu.ch\\\/fr\\\/?s={search_term_string}\"},\"query-input\":{\"@type\":\"PropertyValueSpecification\",\"valueRequired\":true,\"valueName\":\"search_term_string\"}}],\"inLanguage\":\"fr-FR\"},{\"@type\":[\"Organization\",\"Place\",\"ElectronicsStore\"],\"@id\":\"https:\\\/\\\/3d-edu.ch\\\/fr\\\/#organization\",\"name\":\"3D-EDU GmbH\",\"url\":\"https:\\\/\\\/3d-edu.ch\\\/fr\\\/\",\"logo\":{\"@id\":\"https:\\\/\\\/3d-edu.ch\\\/fr\\\/boutique\\\/form-wash-v2\\\/#local-main-organization-logo\"},\"image\":{\"@id\":\"https:\\\/\\\/3d-edu.ch\\\/fr\\\/boutique\\\/form-wash-v2\\\/#local-main-organization-logo\"},\"sameAs\":[\"https:\\\/\\\/www.facebook.com\\\/3d-educh-210277586064960\\\/\",\"https:\\\/\\\/x.com\\\/3d_edu_ch\"],\"address\":{\"@id\":\"https:\\\/\\\/3d-edu.ch\\\/fr\\\/boutique\\\/form-wash-v2\\\/#local-main-place-address\"},\"geo\":{\"@type\":\"GeoCoordinates\",\"latitude\":\"47.38413\",\"longitude\":\"8.49812\"},\"telephone\":[\"+41 44 492 11 22\"],\"openingHoursSpecification\":[{\"@type\":\"OpeningHoursSpecification\",\"dayOfWeek\":[\"Monday\",\"Tuesday\",\"Wednesday\",\"Thursday\",\"Friday\"],\"opens\":\"08:30\",\"closes\":\"18:00\"},{\"@type\":\"OpeningHoursSpecification\",\"dayOfWeek\":[\"Saturday\",\"Sunday\"],\"opens\":\"00:00\",\"closes\":\"00:00\"}],\"email\":\"info@3d-edu.ch\",\"faxNumber\":\"+41 44 492 11 23\",\"vatID\":\"CHE-184.499.491 MWST\",\"priceRange\":\"$$$\",\"currenciesAccepted\":\"CHF\"},{\"@type\":\"PostalAddress\",\"@id\":\"https:\\\/\\\/3d-edu.ch\\\/fr\\\/boutique\\\/form-wash-v2\\\/#local-main-place-address\",\"streetAddress\":\"3D-EDU GmbH, Badenerstrasse 556\",\"addressLocality\":\"Z\u00fcrich\",\"postalCode\":\"8048\",\"addressRegion\":\"Z\u00fcrich\",\"addressCountry\":\"CH\"},{\"@type\":\"ImageObject\",\"inLanguage\":\"fr-FR\",\"@id\":\"https:\\\/\\\/3d-edu.ch\\\/fr\\\/boutique\\\/form-wash-v2\\\/#local-main-organization-logo\",\"url\":\"https:\\\/\\\/3d-edu.ch\\\/wp-content\\\/uploads\\\/2018\\\/10\\\/3d-drucker-makerbot-formlabs-professionelle-3d-drucker-e1546527990490.png\",\"contentUrl\":\"https:\\\/\\\/3d-edu.ch\\\/wp-content\\\/uploads\\\/2018\\\/10\\\/3d-drucker-makerbot-formlabs-professionelle-3d-drucker-e1546527990490.png\",\"width\":275,\"height\":80,\"caption\":\"3D-EDU GmbH\"}]}<\/script>\n<meta property=\"product:brand\" content=\"Formlabs\" \/>\n<meta property=\"product:price:amount\" content=\"688.83\" \/>\n<meta property=\"product:price:currency\" content=\"CHF\" \/>\n<meta property=\"og:availability\" content=\"instock\" \/>\n<meta property=\"product:availability\" content=\"instock\" \/>\n<meta property=\"product:retailer_item_id\" content=\"FH-WA-03\" \/>\n<meta property=\"product:condition\" content=\"new\" \/>\n<meta name=\"geo.placename\" content=\"Z\u00fcrich\" \/>\n<meta name=\"geo.position\" content=\"47.38413;8.49812\" \/>\n<meta name=\"geo.region\" content=\"Suisse\" \/>\n<!-- \/ Yoast SEO Premium plugin. -->","yoast_head_json":{"title":"Formlabs %%title% %%page% Station de nettoyage IPA - Accessoires Formlabs - 3D-EDU","robots":{"index":"index","follow":"follow","max-snippet":"max-snippet:-1","max-image-preview":"max-image-preview:large","max-video-preview":"max-video-preview:-1"},"canonical":"https:\/\/3d-edu.ch\/fr\/boutique\/form-wash-v2\/","og_locale":"fr_FR","og_type":"article","og_title":"Form Wash V2","og_description":"Formlabs Form 2-4 Accessoires Le nettoyage (Formlabs Form Wash 2. Gen.) et la polym\u00e9risation (Formlabs Form Cure) sont des \u00e9l\u00e9ments essentiels du post-traitement. Formlabs Form Wash 2\u00e8me g\u00e9n\u00e9ration Le Form Wash 2\u00e8me g\u00e9n\u00e9ration de Formlabs assure un nettoyage parfait et automatis\u00e9 des pi\u00e8ces que vous produisez avec le Form 2-4 de Formlabs.","og_url":"https:\/\/3d-edu.ch\/fr\/boutique\/form-wash-v2\/","og_site_name":"3D-EDU GmbH","article_publisher":"https:\/\/www.facebook.com\/3d-educh-210277586064960\/","article_modified_time":"2026-04-20T17:37:08+00:00","og_image":[{"url":"https:\/\/dedune53.myhostpoint.ch\/wp-content\/uploads\/2017\/05\/wash.png","type":"","width":"","height":""}],"twitter_card":"summary_large_image","twitter_image":"https:\/\/dedune53.myhostpoint.ch\/wp-content\/uploads\/2019\/01\/formlabs-form-wash-formlabs-form-cure.jpg","twitter_site":"@3d_edu_ch","twitter_misc":{"Prix":"688.83&nbsp;&#67;&#72;&#70; hors TVA","Disponibilit\u00e9":"En stock"},"schema":{"@context":"https:\/\/schema.org","@graph":[{"@type":"WebPage","@id":"https:\/\/3d-edu.ch\/fr\/boutique\/form-wash-v2\/","url":"https:\/\/3d-edu.ch\/fr\/boutique\/form-wash-v2\/","name":"Formlabs %%title% %%page% Station de nettoyage IPA - Accessoires Formlabs - 3D-EDU","isPartOf":{"@id":"https:\/\/3d-edu.ch\/fr\/#website"},"primaryImageOfPage":{"@id":"https:\/\/3d-edu.ch\/fr\/boutique\/form-wash-v2\/#primaryimage"},"image":{"@id":"https:\/\/3d-edu.ch\/fr\/boutique\/form-wash-v2\/#primaryimage"},"thumbnailUrl":"https:\/\/3d-edu.ch\/wp-content\/uploads\/2024\/04\/formlabs-form-wash-2-generation.webp","datePublished":"2024-04-16T13:08:54+00:00","dateModified":"2026-04-20T17:37:08+00:00","breadcrumb":{"@id":"https:\/\/3d-edu.ch\/fr\/boutique\/form-wash-v2\/#breadcrumb"},"inLanguage":"fr-FR","potentialAction":[{"@type":"ReadAction","target":["https:\/\/3d-edu.ch\/fr\/boutique\/form-wash-v2\/"]}]},{"@type":"ImageObject","inLanguage":"fr-FR","@id":"https:\/\/3d-edu.ch\/fr\/boutique\/form-wash-v2\/#primaryimage","url":"https:\/\/3d-edu.ch\/wp-content\/uploads\/2024\/04\/formlabs-form-wash-2-generation.webp","contentUrl":"https:\/\/3d-edu.ch\/wp-content\/uploads\/2024\/04\/formlabs-form-wash-2-generation.webp","width":1080,"height":1080,"caption":"Formlabs Form Wash 2\u00e8me g\u00e9n\u00e9ration"},{"@type":"BreadcrumbList","@id":"https:\/\/3d-edu.ch\/fr\/boutique\/form-wash-v2\/#breadcrumb","itemListElement":[{"@type":"ListItem","position":1,"name":"Accueil","item":"https:\/\/3d-edu.ch\/fr\/"},{"@type":"ListItem","position":2,"name":"Boutique","item":"https:\/\/3d-edu.ch\/fr\/boutique\/"},{"@type":"ListItem","position":3,"name":"Form Wash V2"}]},{"@type":"WebSite","@id":"https:\/\/3d-edu.ch\/fr\/#website","url":"https:\/\/3d-edu.ch\/fr\/","name":"3D-EDU GmbH","description":"Your Formlabs, UltiMaker and Raise3D Printer Support and Education Site in Switzerland. \/\/ Ihre Formlabs, UltiMaker and Raise3D Drucker Support und Bildungs Webseite der Schweiz.","publisher":{"@id":"https:\/\/3d-edu.ch\/fr\/#organization"},"potentialAction":[{"@type":"SearchAction","target":{"@type":"EntryPoint","urlTemplate":"https:\/\/3d-edu.ch\/fr\/?s={search_term_string}"},"query-input":{"@type":"PropertyValueSpecification","valueRequired":true,"valueName":"search_term_string"}}],"inLanguage":"fr-FR"},{"@type":["Organization","Place","ElectronicsStore"],"@id":"https:\/\/3d-edu.ch\/fr\/#organization","name":"3D-EDU GmbH","url":"https:\/\/3d-edu.ch\/fr\/","logo":{"@id":"https:\/\/3d-edu.ch\/fr\/boutique\/form-wash-v2\/#local-main-organization-logo"},"image":{"@id":"https:\/\/3d-edu.ch\/fr\/boutique\/form-wash-v2\/#local-main-organization-logo"},"sameAs":["https:\/\/www.facebook.com\/3d-educh-210277586064960\/","https:\/\/x.com\/3d_edu_ch"],"address":{"@id":"https:\/\/3d-edu.ch\/fr\/boutique\/form-wash-v2\/#local-main-place-address"},"geo":{"@type":"GeoCoordinates","latitude":"47.38413","longitude":"8.49812"},"telephone":["+41 44 492 11 22"],"openingHoursSpecification":[{"@type":"OpeningHoursSpecification","dayOfWeek":["Monday","Tuesday","Wednesday","Thursday","Friday"],"opens":"08:30","closes":"18:00"},{"@type":"OpeningHoursSpecification","dayOfWeek":["Saturday","Sunday"],"opens":"00:00","closes":"00:00"}],"email":"info@3d-edu.ch","faxNumber":"+41 44 492 11 23","vatID":"CHE-184.499.491 MWST","priceRange":"$$$","currenciesAccepted":"CHF"},{"@type":"PostalAddress","@id":"https:\/\/3d-edu.ch\/fr\/boutique\/form-wash-v2\/#local-main-place-address","streetAddress":"3D-EDU GmbH, Badenerstrasse 556","addressLocality":"Z\u00fcrich","postalCode":"8048","addressRegion":"Z\u00fcrich","addressCountry":"CH"},{"@type":"ImageObject","inLanguage":"fr-FR","@id":"https:\/\/3d-edu.ch\/fr\/boutique\/form-wash-v2\/#local-main-organization-logo","url":"https:\/\/3d-edu.ch\/wp-content\/uploads\/2018\/10\/3d-drucker-makerbot-formlabs-professionelle-3d-drucker-e1546527990490.png","contentUrl":"https:\/\/3d-edu.ch\/wp-content\/uploads\/2018\/10\/3d-drucker-makerbot-formlabs-professionelle-3d-drucker-e1546527990490.png","width":275,"height":80,"caption":"3D-EDU GmbH"}]},"product_brand":"Formlabs","product_price_amount":"688.83","product_price_currency":"CHF","og_availability":"instock","product_availability":"instock","product_retailer_item_id":"FH-WA-03","product_condition":"new","geo.placename":"Z\u00fcrich","geo.position":{"lat":"47.38413","long":"8.49812"},"geo.region":"Suisse"},"_links":{"self":[{"href":"https:\/\/3d-edu.ch\/fr\/wp-json\/wp\/v2\/product\/76442","targetHints":{"allow":["GET"]}}],"collection":[{"href":"https:\/\/3d-edu.ch\/fr\/wp-json\/wp\/v2\/product"}],"about":[{"href":"https:\/\/3d-edu.ch\/fr\/wp-json\/wp\/v2\/types\/product"}],"replies":[{"embeddable":true,"href":"https:\/\/3d-edu.ch\/fr\/wp-json\/wp\/v2\/comments?post=76442"}],"wp:featuredmedia":[{"embeddable":true,"href":"https:\/\/3d-edu.ch\/fr\/wp-json\/wp\/v2\/media\/69535"}],"wp:attachment":[{"href":"https:\/\/3d-edu.ch\/fr\/wp-json\/wp\/v2\/media?parent=76442"}],"wp:term":[{"taxonomy":"product_brand","embeddable":true,"href":"https:\/\/3d-edu.ch\/fr\/wp-json\/wp\/v2\/product_brand?post=76442"},{"taxonomy":"product_cat","embeddable":true,"href":"https:\/\/3d-edu.ch\/fr\/wp-json\/wp\/v2\/product_cat?post=76442"},{"taxonomy":"product_tag","embeddable":true,"href":"https:\/\/3d-edu.ch\/fr\/wp-json\/wp\/v2\/product_tag?post=76442"}],"curies":[{"name":"wp","href":"https:\/\/api.w.org\/{rel}","templated":true}]}}