{"id":76437,"date":"2024-04-16T12:19:57","date_gmt":"2024-04-16T12:19:57","guid":{"rendered":"https:\/\/3d-edu.ch\/shop\/formlabs-form-4-basic-package\/"},"modified":"2026-04-09T13:19:52","modified_gmt":"2026-04-09T11:19:52","slug":"formlabs-form-4-basic-package","status":"publish","type":"product","link":"https:\/\/3d-edu.ch\/fr\/boutique\/formlabs-form-4-basic-package\/","title":{"rendered":"Formlabs Form 4 Basic Package"},"content":{"rendered":"<h2>La Form 4 de Formlabs est la nouvelle imprimante 3D Desktop SLA de Formlabs.<\/h2>\n<p>La Form 4 de Formlabs utilise la technologie Low Force Display&#x2122; (LFD). Cela le rend incroyablement rapide, encore plus pr\u00e9cis et encore plus fiable que tous ses pr\u00e9d\u00e9cesseurs.  Nous sommes un <a href=\"https:\/\/formlabs.com\/company\/partners\/\" target=\"_blank\" rel=\"noopener noreferrer\">revendeur certifi\u00e9 de Formabs<\/a>, ce qui nous permet de vous offrir un excellent service pour les produits Formlabs.<\/p>\n<p>Le Form 4 Basic Package de Formlabs comprend :<\/p>\n<ul>\n<li>Imprimante 3D Form 4 de Formlabs<\/li>\n<li>Forme 4 R\u00e9servoir de r\u00e9sine avec m\u00e9langeur<\/li>\n<li>Forme 4 Plate-forme de construction<\/li>\n<li>Form 4 Finish Kit (Nouveau)<\/li>\n<li>Logiciel<\/li>\n<li>Garantie d&rsquo;un an<\/li>\n<\/ul>\n<div class=\"accordion\">\n\t<div id=\"accordion-3754986396\" class=\"accordion-item\">\n\t\t<a id=\"accordion-3754986396-label\" class=\"accordion-title plain\" href=\"#accordion-item-plus-d&#039;informations\" aria-expanded=\"false\" aria-controls=\"accordion-3754986396-content\">\n\t\t\t<button class=\"toggle\" aria-label=\"Basculer\"><i class=\"icon-angle-down\" aria-hidden=\"true\"><\/i><\/button>\n\t\t\t<span>Plus d&#039;informations<\/span>\n\t\t<\/a>\n\t\t<div id=\"accordion-3754986396-content\" class=\"accordion-inner\" aria-labelledby=\"accordion-3754986396-label\">\n\t\t\t\n<h5><strong>Formlabs Form 4 - Impression \u00e0 grande vitesse<\/strong><\/h5>\n<p>Avec la Form 4 de Formlabs, vous ma\u00eetrisez la majorit\u00e9 des impressions en moins de 2 heures.<\/p>\n<h5><strong>Le Form 4 est tr\u00e8s polyvalent<\/strong><\/h5>\n<p>Comme les pr\u00e9c\u00e9dentes imprimantes 3D SLA de Formlabs, la Form 4 offre des mat\u00e9riaux avanc\u00e9s pour chaque application. Vous avez acc\u00e8s \u00e0 des mat\u00e9riaux optimis\u00e9s pour la r\u00e9sistance aux chocs, la rigidit\u00e9, la r\u00e9sistance aux flammes, la flexibilit\u00e9 et plus encore. Vous pouvez \u00e9galement choisir des mat\u00e9riaux avec des compositions chimiques sans acrylique, comme le v\u00e9ritable silicone, la c\u00e9ramique (Alumina 4N) ou le polyur\u00e9thane.  <\/p>\n<h5><strong>Le Form 4 est encore plus intuitif<\/strong><\/h5>\n<p>La Form 4 de Formlabs a \u00e9galement \u00e9t\u00e9 con\u00e7ue pour \u00eatre facile \u00e0 utiliser. Ainsi, l&rsquo;utilisation de la Form 4 de Formlabs peut \u00eatre apprise en 15 minutes. <\/p>\n<h5><strong>La Form 4 est extr\u00eamement fiable<\/strong><\/h5>\n<p>Jamais une imprimante 3D SLA n&rsquo;a \u00e9t\u00e9 test\u00e9e aussi intensivement avant sa sortie que la Form 4 de Formlabs. C&rsquo;est pourquoi on peut d&rsquo;ores et d\u00e9j\u00e0 affirmer que la Form 4 offre d\u00e8s le d\u00e9part un taux de r\u00e9ussite d&rsquo;impression in\u00e9gal\u00e9.<\/p>\n<h5><strong>Une pr\u00e9cision maximale \u00e0 une vitesse maximale<\/strong><\/h5>\n<p>M\u00eame \u00e0 ces vitesses d&rsquo;impression \u00e9lev\u00e9es de 40 \u00e0 100 mm\/h, la Form 4 de Formlabs atteint une pr\u00e9cision comparable \u00e0 celle des pi\u00e8ces moul\u00e9es par injection. Avec la Form 4, vous produisez les surfaces les plus lisses avec une taille de pixel de 50 \u03bcm, soutenue par un lissage avanc\u00e9 des bords pour une r\u00e9solution sub-pixel. Vous produisez ainsi des assemblages pr\u00e9cis avec des tol\u00e9rances \u00e9troites qui garantissent toujours un ajustement pr\u00e9cis.<\/p>\n\t\t<\/div>\n\t<\/div>\n\t\n<\/div>\n","protected":false},"excerpt":{"rendered":"<h2><strong>Formlabs Form 4 LFD Imprimante 3D de bureau<\/strong><\/h2>\n<table>\n<tbody>\n<tr>\n<td width=\"100\">Fabricant<\/td>\n<td>Formlabs<\/td>\n<\/tr>\n<tr>\n<td>Proc\u00e9dure<\/td>\n<td>Affichage \u00e0 faible force&#x2122; (LFD)<\/td>\n<\/tr>\n<tr>\n<td>Mat\u00e9riau<\/td>\n<td>Formlabs Form 4 Resins<\/td>\n<\/tr>\n<tr>\n<td>\u00c9paisseur de la couche<\/td>\n<td>25-300 <span class=\"st\">\u00b5m<\/span><\/td>\n<\/tr>\n<tr>\n<td>R\u00e9solution XY<\/td>\n<td>50 \u00b5m<\/td>\n<\/tr>\n<tr>\n<td>Espace d&rsquo;installation<\/td>\n<td>200 \u00d7 125 \u00d7 210 mm<\/td>\n<\/tr>\n<\/tbody>\n<\/table>\n<p>Associ\u00e9e au catalogue de mat\u00e9riaux polyvalents de Formlabs, la Form 4 ouvre de nouvelles possibilit\u00e9s d&rsquo;innovation et de production. Avec une vitesse d&rsquo;impression jusqu&rsquo;\u00e0 5 fois plus rapide que les pr\u00e9c\u00e9dentes imprimantes Form 3\/B et un volume de construction 30% plus grand, la Form 4 est la prochaine \u00e9tape vers l&rsquo;impression 3D en r\u00e9sine. <\/p>\n<p><strong>Rapide :<\/strong> la plupart des impressions en moins de 2 heures<br \/>\n<strong>Polyvalence :<\/strong> des mat\u00e9riaux de pointe pour chaque application<br \/>\n<strong>Intuitif :<\/strong> tout le monde peut l&rsquo;apprendre en 15 minutes<br \/>\n<strong>Une fiabilit\u00e9 \u00e0 toute \u00e9preuve :<\/strong> Taux de r\u00e9ussite in\u00e9gal\u00e9 en mati\u00e8re d&rsquo;impression<br \/>\n<strong>Des pi\u00e8ces impressionnantes :<\/strong> Concurrence avec les pi\u00e8ces moul\u00e9es par injection<\/p>\n","protected":false},"featured_media":69527,"comment_status":"closed","ping_status":"closed","template":"","meta":[],"product_brand":[],"product_cat":[7780,7877,7876],"product_tag":[7784,8246,8085],"class_list":{"0":"post-76437","1":"product","2":"type-product","3":"status-publish","4":"has-post-thumbnail","6":"product_cat-formlabs-fr","7":"product_cat-imprimante-3d-sla-lfs-fr","8":"product_cat-imprimantes-3d-fr","9":"product_tag-formlabs-fr","10":"product_tag-formlabs-form-4","11":"product_tag-imprimante-3d-sla","13":"first","14":"instock","15":"taxable","16":"shipping-taxable","17":"purchasable","18":"product-type-variable","19":"has-default-attributes"},"yoast_head":"<!-- This site is optimized with the Yoast SEO Premium plugin v27.4 (Yoast SEO v27.4) - https:\/\/yoast.com\/product\/yoast-seo-premium-wordpress\/ -->\n<title>Formlabs Form 4 - L&#039;imprimante 3D LFD de Formlabs - 3D-EDU<\/title>\n<meta name=\"robots\" content=\"index, follow, max-snippet:-1, max-image-preview:large, max-video-preview:-1\" \/>\n<link rel=\"canonical\" href=\"https:\/\/3d-edu.ch\/fr\/boutique\/formlabs-form-4-basic-package\/\" \/>\n<meta property=\"og:locale\" content=\"fr_FR\" \/>\n<meta property=\"og:type\" content=\"article\" \/>\n<meta property=\"og:title\" content=\"Acheter une Form 3 de Formlabs - La nouvelle imprimante 3D LFS de Formlabs - 3D-EDU GmbH\" \/>\n<meta property=\"og:description\" content=\"Formlabs Form 4 LFD Imprimante 3D de bureau  Fabricant Formlabs  Proc\u00e9dure Affichage \u00e0 faible force&#x2122; (LFD)  Mat\u00e9riau Formlabs Form 4 Resins  \u00c9paisseur de la couche 25-300 \u00b5m  R\u00e9solution XY 50 \u00b5m  Espace d&#039;installation 200 \u00d7 125 \u00d7 210 mm  Associ\u00e9e au catalogue de mat\u00e9riaux polyvalents de Formlabs, la Form 4 ouvre de nouvelles possibilit\u00e9s d&#039;innovation et de production. Avec une vitesse d&#039;impression jusqu&#039;\u00e0 5 fois plus rapide que les pr\u00e9c\u00e9dentes imprimantes Form 3\/B et un volume de construction 30% plus grand, la Form 4 est la prochaine \u00e9tape vers l&#039;impression 3D en r\u00e9sine.  Rapide : la plupart des impressions en moins de 2 heures Polyvalence : des mat\u00e9riaux de pointe pour chaque application Intuitif : tout le monde peut l&#039;apprendre en 15 minutes Une fiabilit\u00e9 \u00e0 toute \u00e9preuve : Taux de r\u00e9ussite in\u00e9gal\u00e9 en mati\u00e8re d&#039;impression Des pi\u00e8ces impressionnantes : Concurrence avec les pi\u00e8ces moul\u00e9es par injection\" \/>\n<meta property=\"og:url\" content=\"https:\/\/3d-edu.ch\/fr\/boutique\/formlabs-form-4-basic-package\/\" \/>\n<meta property=\"og:site_name\" content=\"3D-EDU GmbH\" \/>\n<meta property=\"article:publisher\" content=\"https:\/\/www.facebook.com\/3d-educh-210277586064960\/\" \/>\n<meta property=\"article:modified_time\" content=\"2026-04-09T11:19:52+00:00\" \/>\n<meta property=\"og:image\" content=\"https:\/\/dedune53.myhostpoint.ch\/wp-content\/uploads\/2019\/04\/formlabs-form-3-integration-neu.jpg\" \/>\n<meta name=\"twitter:card\" content=\"summary_large_image\" \/>\n<meta name=\"twitter:title\" content=\"Acheter une Form 3 de Formlabs - La nouvelle imprimante 3D LFS de Formlabs\" \/>\n<meta name=\"twitter:site\" content=\"@3d_edu_ch\" \/>\n<meta name=\"twitter:label1\" content=\"Disponibilit\u00e9\" \/>\n\t<meta name=\"twitter:data1\" content=\"En stock\" \/>\n<script type=\"application\/ld+json\" class=\"yoast-schema-graph\">{\"@context\":\"https:\\\/\\\/schema.org\",\"@graph\":[{\"@type\":\"WebPage\",\"@id\":\"https:\\\/\\\/3d-edu.ch\\\/fr\\\/boutique\\\/formlabs-form-4-basic-package\\\/\",\"url\":\"https:\\\/\\\/3d-edu.ch\\\/fr\\\/boutique\\\/formlabs-form-4-basic-package\\\/\",\"name\":\"Formlabs Form 4 - L'imprimante 3D LFD de Formlabs - 3D-EDU\",\"isPartOf\":{\"@id\":\"https:\\\/\\\/3d-edu.ch\\\/fr\\\/#website\"},\"primaryImageOfPage\":{\"@id\":\"https:\\\/\\\/3d-edu.ch\\\/fr\\\/boutique\\\/formlabs-form-4-basic-package\\\/#primaryimage\"},\"image\":{\"@id\":\"https:\\\/\\\/3d-edu.ch\\\/fr\\\/boutique\\\/formlabs-form-4-basic-package\\\/#primaryimage\"},\"thumbnailUrl\":\"https:\\\/\\\/3d-edu.ch\\\/wp-content\\\/uploads\\\/2024\\\/04\\\/formlabs-form-4.webp\",\"datePublished\":\"2024-04-16T12:19:57+00:00\",\"dateModified\":\"2026-04-09T11:19:52+00:00\",\"breadcrumb\":{\"@id\":\"https:\\\/\\\/3d-edu.ch\\\/fr\\\/boutique\\\/formlabs-form-4-basic-package\\\/#breadcrumb\"},\"inLanguage\":\"fr-FR\",\"potentialAction\":[{\"@type\":\"ReadAction\",\"target\":[\"https:\\\/\\\/3d-edu.ch\\\/fr\\\/boutique\\\/formlabs-form-4-basic-package\\\/\"]}]},{\"@type\":\"ImageObject\",\"inLanguage\":\"fr-FR\",\"@id\":\"https:\\\/\\\/3d-edu.ch\\\/fr\\\/boutique\\\/formlabs-form-4-basic-package\\\/#primaryimage\",\"url\":\"https:\\\/\\\/3d-edu.ch\\\/wp-content\\\/uploads\\\/2024\\\/04\\\/formlabs-form-4.webp\",\"contentUrl\":\"https:\\\/\\\/3d-edu.ch\\\/wp-content\\\/uploads\\\/2024\\\/04\\\/formlabs-form-4.webp\",\"width\":1080,\"height\":1080,\"caption\":\"Formlabs Form 4\"},{\"@type\":\"BreadcrumbList\",\"@id\":\"https:\\\/\\\/3d-edu.ch\\\/fr\\\/boutique\\\/formlabs-form-4-basic-package\\\/#breadcrumb\",\"itemListElement\":[{\"@type\":\"ListItem\",\"position\":1,\"name\":\"Accueil\",\"item\":\"https:\\\/\\\/3d-edu.ch\\\/fr\\\/\"},{\"@type\":\"ListItem\",\"position\":2,\"name\":\"Boutique\",\"item\":\"https:\\\/\\\/3d-edu.ch\\\/fr\\\/boutique\\\/\"},{\"@type\":\"ListItem\",\"position\":3,\"name\":\"Formlabs Form 4 Basic Package\"}]},{\"@type\":\"WebSite\",\"@id\":\"https:\\\/\\\/3d-edu.ch\\\/fr\\\/#website\",\"url\":\"https:\\\/\\\/3d-edu.ch\\\/fr\\\/\",\"name\":\"3D-EDU GmbH\",\"description\":\"Your Formlabs, UltiMaker and Raise3D Printer Support and Education Site in Switzerland. \\\/\\\/ Ihre Formlabs, UltiMaker and Raise3D Drucker Support und Bildungs Webseite der Schweiz.\",\"publisher\":{\"@id\":\"https:\\\/\\\/3d-edu.ch\\\/fr\\\/#organization\"},\"potentialAction\":[{\"@type\":\"SearchAction\",\"target\":{\"@type\":\"EntryPoint\",\"urlTemplate\":\"https:\\\/\\\/3d-edu.ch\\\/fr\\\/?s={search_term_string}\"},\"query-input\":{\"@type\":\"PropertyValueSpecification\",\"valueRequired\":true,\"valueName\":\"search_term_string\"}}],\"inLanguage\":\"fr-FR\"},{\"@type\":[\"Organization\",\"Place\",\"ElectronicsStore\"],\"@id\":\"https:\\\/\\\/3d-edu.ch\\\/fr\\\/#organization\",\"name\":\"3D-EDU GmbH\",\"url\":\"https:\\\/\\\/3d-edu.ch\\\/fr\\\/\",\"logo\":{\"@id\":\"https:\\\/\\\/3d-edu.ch\\\/fr\\\/boutique\\\/formlabs-form-4-basic-package\\\/#local-main-organization-logo\"},\"image\":{\"@id\":\"https:\\\/\\\/3d-edu.ch\\\/fr\\\/boutique\\\/formlabs-form-4-basic-package\\\/#local-main-organization-logo\"},\"sameAs\":[\"https:\\\/\\\/www.facebook.com\\\/3d-educh-210277586064960\\\/\",\"https:\\\/\\\/x.com\\\/3d_edu_ch\"],\"address\":{\"@id\":\"https:\\\/\\\/3d-edu.ch\\\/fr\\\/boutique\\\/formlabs-form-4-basic-package\\\/#local-main-place-address\"},\"geo\":{\"@type\":\"GeoCoordinates\",\"latitude\":\"47.38413\",\"longitude\":\"8.49812\"},\"telephone\":[\"+41 44 492 11 22\"],\"openingHoursSpecification\":[{\"@type\":\"OpeningHoursSpecification\",\"dayOfWeek\":[\"Monday\",\"Tuesday\",\"Wednesday\",\"Thursday\",\"Friday\"],\"opens\":\"08:30\",\"closes\":\"18:00\"},{\"@type\":\"OpeningHoursSpecification\",\"dayOfWeek\":[\"Saturday\",\"Sunday\"],\"opens\":\"00:00\",\"closes\":\"00:00\"}],\"email\":\"info@3d-edu.ch\",\"faxNumber\":\"+41 44 492 11 23\",\"vatID\":\"CHE-184.499.491 MWST\",\"priceRange\":\"$$$\",\"currenciesAccepted\":\"CHF\"},{\"@type\":\"PostalAddress\",\"@id\":\"https:\\\/\\\/3d-edu.ch\\\/fr\\\/boutique\\\/formlabs-form-4-basic-package\\\/#local-main-place-address\",\"streetAddress\":\"3D-EDU GmbH, Badenerstrasse 556\",\"addressLocality\":\"Z\u00fcrich\",\"postalCode\":\"8048\",\"addressRegion\":\"Z\u00fcrich\",\"addressCountry\":\"CH\"},{\"@type\":\"ImageObject\",\"inLanguage\":\"fr-FR\",\"@id\":\"https:\\\/\\\/3d-edu.ch\\\/fr\\\/boutique\\\/formlabs-form-4-basic-package\\\/#local-main-organization-logo\",\"url\":\"https:\\\/\\\/3d-edu.ch\\\/wp-content\\\/uploads\\\/2018\\\/10\\\/3d-drucker-makerbot-formlabs-professionelle-3d-drucker-e1546527990490.png\",\"contentUrl\":\"https:\\\/\\\/3d-edu.ch\\\/wp-content\\\/uploads\\\/2018\\\/10\\\/3d-drucker-makerbot-formlabs-professionelle-3d-drucker-e1546527990490.png\",\"width\":275,\"height\":80,\"caption\":\"3D-EDU GmbH\"}]}<\/script>\n<meta property=\"product:brand\" content=\"Formlabs\" \/>\n<meta property=\"og:availability\" content=\"instock\" \/>\n<meta property=\"product:availability\" content=\"instock\" \/>\n<meta property=\"product:condition\" content=\"new\" \/>\n<meta name=\"geo.placename\" content=\"Z\u00fcrich\" \/>\n<meta name=\"geo.position\" content=\"47.38413;8.49812\" \/>\n<meta name=\"geo.region\" content=\"Suisse\" \/>\n<!-- \/ Yoast SEO Premium plugin. -->","yoast_head_json":{"title":"Formlabs Form 4 - L'imprimante 3D LFD de Formlabs - 3D-EDU","robots":{"index":"index","follow":"follow","max-snippet":"max-snippet:-1","max-image-preview":"max-image-preview:large","max-video-preview":"max-video-preview:-1"},"canonical":"https:\/\/3d-edu.ch\/fr\/boutique\/formlabs-form-4-basic-package\/","og_locale":"fr_FR","og_type":"article","og_title":"Acheter une Form 3 de Formlabs - La nouvelle imprimante 3D LFS de Formlabs - 3D-EDU GmbH","og_description":"Formlabs Form 4 LFD Imprimante 3D de bureau  Fabricant Formlabs  Proc\u00e9dure Affichage \u00e0 faible force&#x2122; (LFD)  Mat\u00e9riau Formlabs Form 4 Resins  \u00c9paisseur de la couche 25-300 \u00b5m  R\u00e9solution XY 50 \u00b5m  Espace d'installation 200 \u00d7 125 \u00d7 210 mm  Associ\u00e9e au catalogue de mat\u00e9riaux polyvalents de Formlabs, la Form 4 ouvre de nouvelles possibilit\u00e9s d'innovation et de production. Avec une vitesse d'impression jusqu'\u00e0 5 fois plus rapide que les pr\u00e9c\u00e9dentes imprimantes Form 3\/B et un volume de construction 30% plus grand, la Form 4 est la prochaine \u00e9tape vers l'impression 3D en r\u00e9sine.  Rapide : la plupart des impressions en moins de 2 heures Polyvalence : des mat\u00e9riaux de pointe pour chaque application Intuitif : tout le monde peut l'apprendre en 15 minutes Une fiabilit\u00e9 \u00e0 toute \u00e9preuve : Taux de r\u00e9ussite in\u00e9gal\u00e9 en mati\u00e8re d'impression Des pi\u00e8ces impressionnantes : Concurrence avec les pi\u00e8ces moul\u00e9es par injection","og_url":"https:\/\/3d-edu.ch\/fr\/boutique\/formlabs-form-4-basic-package\/","og_site_name":"3D-EDU GmbH","article_publisher":"https:\/\/www.facebook.com\/3d-educh-210277586064960\/","article_modified_time":"2026-04-09T11:19:52+00:00","og_image":[{"url":"https:\/\/dedune53.myhostpoint.ch\/wp-content\/uploads\/2019\/04\/formlabs-form-3-integration-neu.jpg","type":"","width":"","height":""}],"twitter_card":"summary_large_image","twitter_title":"Acheter une Form 3 de Formlabs - La nouvelle imprimante 3D LFS de Formlabs","twitter_site":"@3d_edu_ch","twitter_misc":{"Disponibilit\u00e9":"En stock"},"schema":{"@context":"https:\/\/schema.org","@graph":[{"@type":"WebPage","@id":"https:\/\/3d-edu.ch\/fr\/boutique\/formlabs-form-4-basic-package\/","url":"https:\/\/3d-edu.ch\/fr\/boutique\/formlabs-form-4-basic-package\/","name":"Formlabs Form 4 - L'imprimante 3D LFD de Formlabs - 3D-EDU","isPartOf":{"@id":"https:\/\/3d-edu.ch\/fr\/#website"},"primaryImageOfPage":{"@id":"https:\/\/3d-edu.ch\/fr\/boutique\/formlabs-form-4-basic-package\/#primaryimage"},"image":{"@id":"https:\/\/3d-edu.ch\/fr\/boutique\/formlabs-form-4-basic-package\/#primaryimage"},"thumbnailUrl":"https:\/\/3d-edu.ch\/wp-content\/uploads\/2024\/04\/formlabs-form-4.webp","datePublished":"2024-04-16T12:19:57+00:00","dateModified":"2026-04-09T11:19:52+00:00","breadcrumb":{"@id":"https:\/\/3d-edu.ch\/fr\/boutique\/formlabs-form-4-basic-package\/#breadcrumb"},"inLanguage":"fr-FR","potentialAction":[{"@type":"ReadAction","target":["https:\/\/3d-edu.ch\/fr\/boutique\/formlabs-form-4-basic-package\/"]}]},{"@type":"ImageObject","inLanguage":"fr-FR","@id":"https:\/\/3d-edu.ch\/fr\/boutique\/formlabs-form-4-basic-package\/#primaryimage","url":"https:\/\/3d-edu.ch\/wp-content\/uploads\/2024\/04\/formlabs-form-4.webp","contentUrl":"https:\/\/3d-edu.ch\/wp-content\/uploads\/2024\/04\/formlabs-form-4.webp","width":1080,"height":1080,"caption":"Formlabs Form 4"},{"@type":"BreadcrumbList","@id":"https:\/\/3d-edu.ch\/fr\/boutique\/formlabs-form-4-basic-package\/#breadcrumb","itemListElement":[{"@type":"ListItem","position":1,"name":"Accueil","item":"https:\/\/3d-edu.ch\/fr\/"},{"@type":"ListItem","position":2,"name":"Boutique","item":"https:\/\/3d-edu.ch\/fr\/boutique\/"},{"@type":"ListItem","position":3,"name":"Formlabs Form 4 Basic Package"}]},{"@type":"WebSite","@id":"https:\/\/3d-edu.ch\/fr\/#website","url":"https:\/\/3d-edu.ch\/fr\/","name":"3D-EDU GmbH","description":"Your Formlabs, UltiMaker and Raise3D Printer Support and Education Site in Switzerland. \/\/ Ihre Formlabs, UltiMaker and Raise3D Drucker Support und Bildungs Webseite der Schweiz.","publisher":{"@id":"https:\/\/3d-edu.ch\/fr\/#organization"},"potentialAction":[{"@type":"SearchAction","target":{"@type":"EntryPoint","urlTemplate":"https:\/\/3d-edu.ch\/fr\/?s={search_term_string}"},"query-input":{"@type":"PropertyValueSpecification","valueRequired":true,"valueName":"search_term_string"}}],"inLanguage":"fr-FR"},{"@type":["Organization","Place","ElectronicsStore"],"@id":"https:\/\/3d-edu.ch\/fr\/#organization","name":"3D-EDU GmbH","url":"https:\/\/3d-edu.ch\/fr\/","logo":{"@id":"https:\/\/3d-edu.ch\/fr\/boutique\/formlabs-form-4-basic-package\/#local-main-organization-logo"},"image":{"@id":"https:\/\/3d-edu.ch\/fr\/boutique\/formlabs-form-4-basic-package\/#local-main-organization-logo"},"sameAs":["https:\/\/www.facebook.com\/3d-educh-210277586064960\/","https:\/\/x.com\/3d_edu_ch"],"address":{"@id":"https:\/\/3d-edu.ch\/fr\/boutique\/formlabs-form-4-basic-package\/#local-main-place-address"},"geo":{"@type":"GeoCoordinates","latitude":"47.38413","longitude":"8.49812"},"telephone":["+41 44 492 11 22"],"openingHoursSpecification":[{"@type":"OpeningHoursSpecification","dayOfWeek":["Monday","Tuesday","Wednesday","Thursday","Friday"],"opens":"08:30","closes":"18:00"},{"@type":"OpeningHoursSpecification","dayOfWeek":["Saturday","Sunday"],"opens":"00:00","closes":"00:00"}],"email":"info@3d-edu.ch","faxNumber":"+41 44 492 11 23","vatID":"CHE-184.499.491 MWST","priceRange":"$$$","currenciesAccepted":"CHF"},{"@type":"PostalAddress","@id":"https:\/\/3d-edu.ch\/fr\/boutique\/formlabs-form-4-basic-package\/#local-main-place-address","streetAddress":"3D-EDU GmbH, Badenerstrasse 556","addressLocality":"Z\u00fcrich","postalCode":"8048","addressRegion":"Z\u00fcrich","addressCountry":"CH"},{"@type":"ImageObject","inLanguage":"fr-FR","@id":"https:\/\/3d-edu.ch\/fr\/boutique\/formlabs-form-4-basic-package\/#local-main-organization-logo","url":"https:\/\/3d-edu.ch\/wp-content\/uploads\/2018\/10\/3d-drucker-makerbot-formlabs-professionelle-3d-drucker-e1546527990490.png","contentUrl":"https:\/\/3d-edu.ch\/wp-content\/uploads\/2018\/10\/3d-drucker-makerbot-formlabs-professionelle-3d-drucker-e1546527990490.png","width":275,"height":80,"caption":"3D-EDU GmbH"}]},"product_brand":"Formlabs","og_availability":"instock","product_availability":"instock","product_condition":"new","geo.placename":"Z\u00fcrich","geo.position":{"lat":"47.38413","long":"8.49812"},"geo.region":"Suisse"},"_links":{"self":[{"href":"https:\/\/3d-edu.ch\/fr\/wp-json\/wp\/v2\/product\/76437","targetHints":{"allow":["GET"]}}],"collection":[{"href":"https:\/\/3d-edu.ch\/fr\/wp-json\/wp\/v2\/product"}],"about":[{"href":"https:\/\/3d-edu.ch\/fr\/wp-json\/wp\/v2\/types\/product"}],"replies":[{"embeddable":true,"href":"https:\/\/3d-edu.ch\/fr\/wp-json\/wp\/v2\/comments?post=76437"}],"wp:featuredmedia":[{"embeddable":true,"href":"https:\/\/3d-edu.ch\/fr\/wp-json\/wp\/v2\/media\/69527"}],"wp:attachment":[{"href":"https:\/\/3d-edu.ch\/fr\/wp-json\/wp\/v2\/media?parent=76437"}],"wp:term":[{"taxonomy":"product_brand","embeddable":true,"href":"https:\/\/3d-edu.ch\/fr\/wp-json\/wp\/v2\/product_brand?post=76437"},{"taxonomy":"product_cat","embeddable":true,"href":"https:\/\/3d-edu.ch\/fr\/wp-json\/wp\/v2\/product_cat?post=76437"},{"taxonomy":"product_tag","embeddable":true,"href":"https:\/\/3d-edu.ch\/fr\/wp-json\/wp\/v2\/product_tag?post=76437"}],"curies":[{"name":"wp","href":"https:\/\/api.w.org\/{rel}","templated":true}]}}