{"id":76403,"date":"2024-05-23T12:18:41","date_gmt":"2024-05-23T12:18:41","guid":{"rendered":"https:\/\/3d-edu.ch\/shop\/formlabs-form-4-rigid-10k-resin-resine-1l\/"},"modified":"2026-05-05T16:59:19","modified_gmt":"2026-05-05T14:59:19","slug":"formlabs-form-4-rigid-10k-resin-resine-1l","status":"publish","type":"product","link":"https:\/\/3d-edu.ch\/fr\/boutique\/formlabs-form-4-rigid-10k-resin-resine-1l\/","title":{"rendered":"Formlabs Form 4 Rigid 10K Resin \/ R\u00e9sine 1L"},"content":{"rendered":"<h3>Formlabs Form 4 Rigid 10K Resin \/ R\u00e9sine 1L Cartouche<\/h3>\n<p>La Form 4 Rigid 10K Resin de Formlabs est enrichie d&rsquo;une forte proportion de verre, ce qui en fait le mat\u00e9riau le plus rigide de la gamme de mat\u00e9riaux techniques de Formlabs. La r\u00e9sine Rigid 10K convient aux composants industriels pr\u00e9cis qui doivent r\u00e9sister \u00e0 une charge \u00e9lev\u00e9e sans se d\u00e9former. La r\u00e9sine Rigid 10K pr\u00e9sente une surface lisse et mate et est tr\u00e8s r\u00e9sistante \u00e0 la chaleur et aux produits chimiques.  <\/p>\n<p>Le \u00ab\u00a010K\u00a0\u00bb (10&rsquo;000) dans le nom repr\u00e9sente le module de traction du mat\u00e9riau. Si vous avez besoin d&rsquo;un mat\u00e9riau moins rigide, essayez la r\u00e9sine Rigid 4000.<\/p>\n<div class=\"accordion\">\n\t<div id=\"accordion-140469824\" class=\"accordion-item\">\n\t\t<a id=\"accordion-140469824-label\" class=\"accordion-title plain\" href=\"#accordion-item-plus-d&#039;informations\" aria-expanded=\"false\" aria-controls=\"accordion-140469824-content\">\n\t\t\t<button class=\"toggle\" aria-label=\"Basculer\"><i class=\"icon-angle-down\" aria-hidden=\"true\"><\/i><\/button>\n\t\t\t<span>Plus d&#039;informations<\/span>\n\t\t<\/a>\n\t\t<div id=\"accordion-140469824-content\" class=\"accordion-inner\" aria-labelledby=\"accordion-140469824-label\">\n\t\t\t\n<h5>Contenu de la livraison<\/h5>\n<p>1x Formlabs Form 4 Rigid 10K Resin \/ R\u00e9sine 1L<\/p>\n<p><!--\n\nUnterst\u00fctzte Druckaufl\u00f6sungen: 100, 50, und 25 Mikrometer.\nNachh\u00e4rtung erforderlich.\nVerf\u00fcgbar f\u00fcr Form 3, Form 3L, Form 3B, Form 3BL, Form 2.\n\n\n<h5>Weitere Informationen<\/h5>\n\n\nWeitere Informationen zum Formlabs Clear Material finden Sie unter <a href=\"https:\/\/3d-edu.ch\/fr\/formlabs\/resine-formlabs\/standard\/\">Formlabs Standard Resin<\/a>.\n\n\n<h2>Formlabs Resin \/ Kunstharz<\/h2>\n\n\nFormlabs Resin \/ Kunstharz liefert formvollendete Ergebnisse mit den <a href=\"https:\/\/3d-edu.ch\/fr\/formlabs\/imprimante-3d-formlabs\/\">Formlabs SLA\/LFS 3D-Druckern<\/a>. Die Material-Bibliothek umfasst rund 20 Resins und wird stets verbessert und erweitert. Neben den <a href=\"https:\/\/3d-edu.ch\/fr\/formlabs\/resine-formlabs\/standard\/\">Standard-Resins<\/a> bietet Fromlabs Spezialkunstharze f\u00fcr <a href=\"https:\/\/3d-edu.ch\/fr\/formlabs\/resine-formlabs\/ingenierie\/\">Engineering<\/a>, <a href=\"https:\/\/3d-edu.ch\/fr\/formlabs\/resine-formlabs\/castable\/\">Schmuckdesign<\/a>, <a href=\"https:\/\/3d-edu.ch\/fr\/formlabs\/resine-formlabs\/dentaire\/\">Zahnmedizin<\/a> und <a href=\"https:\/\/3d-edu.ch\/fr\/formlabs\/resine-formlabs\/medical\/\">Medizin<\/a>.\n\n\n<h3>Formlabs Standard Resin \/ Standardkunstharze<\/h3>\n\n\n\n\n<h4>Formlabs Clear, Formlabs White, Formlabs Grey, Formalbs Black Resin, Formlabs Color Kit<\/h4>\n\n\nDiese Resins erzielen h\u00f6chste Leistung und beste Oberfl\u00e4chenqualit\u00e4t. Die Formlabs Standard-Resins \/ Standardkunstharze sind auf die Fertigung in h\u00f6chster Qualit\u00e4t zugeschnittenen und bilden erstaunlich viele Details ab, ohne Abstriche in Bezug auf die Festigkeit zu machen.\n\n--><\/p>\n\t\t<\/div>\n\t<\/div>\n\t\n<\/div>\n","protected":false},"excerpt":{"rendered":"<h2><strong>Formlabs Form 4 Rigid 10K Resin R\u00e9sine \/ R\u00e9sine synth\u00e9tique 1L<\/strong><\/h2>\n<p>La r\u00e9sine Formlabs Rigid 10K est une r\u00e9sine synth\u00e9tique charg\u00e9e d&rsquo;une forte proportion de verre. C&rsquo;est le mat\u00e9riau le plus rigide de Formlabs pour l&rsquo;ing\u00e9nierie. <\/p>\n","protected":false},"featured_media":69950,"comment_status":"closed","ping_status":"closed","template":"","meta":[],"product_brand":[],"product_cat":[],"product_tag":[7784,8055,8053,8644,8645],"class_list":{"0":"post-76403","1":"product","2":"type-product","3":"status-publish","4":"has-post-thumbnail","6":"product_tag-formlabs-fr","7":"product_tag-formlabs-form-4-resine","8":"product_tag-resine-formlabs","9":"product_tag-rigide-10k","10":"product_tag-rs-c2-rg10-11","12":"first","13":"instock","14":"taxable","15":"shipping-taxable","16":"purchasable","17":"product-type-simple"},"yoast_head":"<!-- This site is optimized with the Yoast SEO Premium plugin v27.5 (Yoast SEO v27.5) - https:\/\/yoast.com\/product\/yoast-seo-premium-wordpress\/ -->\n<title>Formlabs Form 4 Rigid 10K Resin \/ R\u00e9sine 1L %sepsepsitename%%%%.<\/title>\n<meta name=\"robots\" content=\"index, follow, max-snippet:-1, max-image-preview:large, max-video-preview:-1\" \/>\n<link rel=\"canonical\" href=\"https:\/\/3d-edu.ch\/fr\/boutique\/formlabs-form-4-rigid-10k-resin-resine-1l\/\" \/>\n<meta property=\"og:locale\" content=\"fr_FR\" \/>\n<meta property=\"og:type\" content=\"article\" \/>\n<meta property=\"og:title\" content=\"Formlabs Form 4 Rigid 10K Resin \/ R\u00e9sine 1L\" \/>\n<meta property=\"og:description\" content=\"Formlabs Form 4 Rigid 10K Resin R\u00e9sine \/ R\u00e9sine synth\u00e9tique 1L La r\u00e9sine Formlabs Rigid 10K est une r\u00e9sine synth\u00e9tique charg\u00e9e d&#039;une forte proportion de verre. C&#039;est le mat\u00e9riau le plus rigide de Formlabs pour l&#039;ing\u00e9nierie.\" \/>\n<meta property=\"og:url\" content=\"https:\/\/3d-edu.ch\/fr\/boutique\/formlabs-form-4-rigid-10k-resin-resine-1l\/\" \/>\n<meta property=\"og:site_name\" content=\"3D-EDU GmbH\" \/>\n<meta property=\"article:publisher\" content=\"https:\/\/www.facebook.com\/3d-educh-210277586064960\/\" \/>\n<meta property=\"article:modified_time\" content=\"2026-05-05T14:59:19+00:00\" \/>\n<meta property=\"og:image\" content=\"https:\/\/3d-edu.ch\/wp-content\/uploads\/2024\/05\/formlabs-form-4-rigid-10k-resin.webp\" \/>\n\t<meta property=\"og:image:width\" content=\"380\" \/>\n\t<meta property=\"og:image:height\" content=\"380\" \/>\n\t<meta property=\"og:image:type\" content=\"image\/webp\" \/>\n<meta name=\"twitter:card\" content=\"summary_large_image\" \/>\n<meta name=\"twitter:site\" content=\"@3d_edu_ch\" \/>\n<meta name=\"twitter:label1\" content=\"Prix\" \/>\n\t<meta name=\"twitter:data1\" content=\"305.12&nbsp;&#067;&#072;&#070; hors TVA\" \/>\n\t<meta name=\"twitter:label2\" content=\"Disponibilit\u00e9\" \/>\n\t<meta name=\"twitter:data2\" content=\"En stock\" \/>\n<script type=\"application\/ld+json\" class=\"yoast-schema-graph\">{\"@context\":\"https:\\\/\\\/schema.org\",\"@graph\":[{\"@type\":\"WebPage\",\"@id\":\"https:\\\/\\\/3d-edu.ch\\\/fr\\\/boutique\\\/formlabs-form-4-rigid-10k-resin-resine-1l\\\/\",\"url\":\"https:\\\/\\\/3d-edu.ch\\\/fr\\\/boutique\\\/formlabs-form-4-rigid-10k-resin-resine-1l\\\/\",\"name\":\"Formlabs Form 4 Rigid 10K Resin \\\/ R\u00e9sine 1L %sepsepsitename%%%%.\",\"isPartOf\":{\"@id\":\"https:\\\/\\\/3d-edu.ch\\\/fr\\\/#website\"},\"primaryImageOfPage\":{\"@id\":\"https:\\\/\\\/3d-edu.ch\\\/fr\\\/boutique\\\/formlabs-form-4-rigid-10k-resin-resine-1l\\\/#primaryimage\"},\"image\":{\"@id\":\"https:\\\/\\\/3d-edu.ch\\\/fr\\\/boutique\\\/formlabs-form-4-rigid-10k-resin-resine-1l\\\/#primaryimage\"},\"thumbnailUrl\":\"https:\\\/\\\/3d-edu.ch\\\/wp-content\\\/uploads\\\/2024\\\/05\\\/formlabs-form-4-rigid-10k-resin.webp\",\"datePublished\":\"2024-05-23T12:18:41+00:00\",\"dateModified\":\"2026-05-05T14:59:19+00:00\",\"breadcrumb\":{\"@id\":\"https:\\\/\\\/3d-edu.ch\\\/fr\\\/boutique\\\/formlabs-form-4-rigid-10k-resin-resine-1l\\\/#breadcrumb\"},\"inLanguage\":\"fr-FR\",\"potentialAction\":[{\"@type\":\"ReadAction\",\"target\":[\"https:\\\/\\\/3d-edu.ch\\\/fr\\\/boutique\\\/formlabs-form-4-rigid-10k-resin-resine-1l\\\/\"]}]},{\"@type\":\"ImageObject\",\"inLanguage\":\"fr-FR\",\"@id\":\"https:\\\/\\\/3d-edu.ch\\\/fr\\\/boutique\\\/formlabs-form-4-rigid-10k-resin-resine-1l\\\/#primaryimage\",\"url\":\"https:\\\/\\\/3d-edu.ch\\\/wp-content\\\/uploads\\\/2024\\\/05\\\/formlabs-form-4-rigid-10k-resin.webp\",\"contentUrl\":\"https:\\\/\\\/3d-edu.ch\\\/wp-content\\\/uploads\\\/2024\\\/05\\\/formlabs-form-4-rigid-10k-resin.webp\",\"width\":380,\"height\":380,\"caption\":\"Formlabs Form 4 Rigide 10K Resin\"},{\"@type\":\"BreadcrumbList\",\"@id\":\"https:\\\/\\\/3d-edu.ch\\\/fr\\\/boutique\\\/formlabs-form-4-rigid-10k-resin-resine-1l\\\/#breadcrumb\",\"itemListElement\":[{\"@type\":\"ListItem\",\"position\":1,\"name\":\"Accueil\",\"item\":\"https:\\\/\\\/3d-edu.ch\\\/fr\\\/\"},{\"@type\":\"ListItem\",\"position\":2,\"name\":\"Boutique\",\"item\":\"https:\\\/\\\/3d-edu.ch\\\/fr\\\/boutique\\\/\"},{\"@type\":\"ListItem\",\"position\":3,\"name\":\"Formlabs Form 4 Rigid 10K Resin \\\/ R\u00e9sine 1L\"}]},{\"@type\":\"WebSite\",\"@id\":\"https:\\\/\\\/3d-edu.ch\\\/fr\\\/#website\",\"url\":\"https:\\\/\\\/3d-edu.ch\\\/fr\\\/\",\"name\":\"3D-EDU GmbH\",\"description\":\"Your Formlabs, UltiMaker and Raise3D Printer Support and Education Site in Switzerland. \\\/\\\/ Ihre Formlabs, UltiMaker and Raise3D Drucker Support und Bildungs Webseite der Schweiz.\",\"publisher\":{\"@id\":\"https:\\\/\\\/3d-edu.ch\\\/fr\\\/#organization\"},\"potentialAction\":[{\"@type\":\"SearchAction\",\"target\":{\"@type\":\"EntryPoint\",\"urlTemplate\":\"https:\\\/\\\/3d-edu.ch\\\/fr\\\/?s={search_term_string}\"},\"query-input\":{\"@type\":\"PropertyValueSpecification\",\"valueRequired\":true,\"valueName\":\"search_term_string\"}}],\"inLanguage\":\"fr-FR\"},{\"@type\":[\"Organization\",\"Place\",\"ElectronicsStore\"],\"@id\":\"https:\\\/\\\/3d-edu.ch\\\/fr\\\/#organization\",\"name\":\"3D-EDU GmbH\",\"url\":\"https:\\\/\\\/3d-edu.ch\\\/fr\\\/\",\"logo\":{\"@id\":\"https:\\\/\\\/3d-edu.ch\\\/fr\\\/boutique\\\/formlabs-form-4-rigid-10k-resin-resine-1l\\\/#local-main-organization-logo\"},\"image\":{\"@id\":\"https:\\\/\\\/3d-edu.ch\\\/fr\\\/boutique\\\/formlabs-form-4-rigid-10k-resin-resine-1l\\\/#local-main-organization-logo\"},\"sameAs\":[\"https:\\\/\\\/www.facebook.com\\\/3d-educh-210277586064960\\\/\",\"https:\\\/\\\/x.com\\\/3d_edu_ch\"],\"address\":{\"@id\":\"https:\\\/\\\/3d-edu.ch\\\/fr\\\/boutique\\\/formlabs-form-4-rigid-10k-resin-resine-1l\\\/#local-main-place-address\"},\"geo\":{\"@type\":\"GeoCoordinates\",\"latitude\":\"47.38413\",\"longitude\":\"8.49812\"},\"telephone\":[\"+41 44 492 11 22\"],\"openingHoursSpecification\":[{\"@type\":\"OpeningHoursSpecification\",\"dayOfWeek\":[\"Monday\",\"Tuesday\",\"Wednesday\",\"Thursday\",\"Friday\"],\"opens\":\"08:30\",\"closes\":\"18:00\"},{\"@type\":\"OpeningHoursSpecification\",\"dayOfWeek\":[\"Saturday\",\"Sunday\"],\"opens\":\"00:00\",\"closes\":\"00:00\"}],\"email\":\"info@3d-edu.ch\",\"faxNumber\":\"+41 44 492 11 23\",\"vatID\":\"CHE-184.499.491 MWST\",\"priceRange\":\"$$$\",\"currenciesAccepted\":\"CHF\"},{\"@type\":\"PostalAddress\",\"@id\":\"https:\\\/\\\/3d-edu.ch\\\/fr\\\/boutique\\\/formlabs-form-4-rigid-10k-resin-resine-1l\\\/#local-main-place-address\",\"streetAddress\":\"3D-EDU GmbH, Badenerstrasse 556\",\"addressLocality\":\"Z\u00fcrich\",\"postalCode\":\"8048\",\"addressRegion\":\"Z\u00fcrich\",\"addressCountry\":\"CH\"},{\"@type\":\"ImageObject\",\"inLanguage\":\"fr-FR\",\"@id\":\"https:\\\/\\\/3d-edu.ch\\\/fr\\\/boutique\\\/formlabs-form-4-rigid-10k-resin-resine-1l\\\/#local-main-organization-logo\",\"url\":\"https:\\\/\\\/3d-edu.ch\\\/wp-content\\\/uploads\\\/2018\\\/10\\\/3d-drucker-makerbot-formlabs-professionelle-3d-drucker-e1546527990490.png\",\"contentUrl\":\"https:\\\/\\\/3d-edu.ch\\\/wp-content\\\/uploads\\\/2018\\\/10\\\/3d-drucker-makerbot-formlabs-professionelle-3d-drucker-e1546527990490.png\",\"width\":275,\"height\":80,\"caption\":\"3D-EDU GmbH\"}]}<\/script>\n<meta property=\"product:price:amount\" content=\"305.12\" \/>\n<meta property=\"product:price:currency\" content=\"CHF\" \/>\n<meta property=\"og:availability\" content=\"instock\" \/>\n<meta property=\"product:availability\" content=\"instock\" \/>\n<meta property=\"product:retailer_item_id\" content=\"RS-C2-RG10-11\" \/>\n<meta property=\"product:condition\" content=\"new\" \/>\n<meta name=\"geo.placename\" content=\"Z\u00fcrich\" \/>\n<meta name=\"geo.position\" content=\"47.38413;8.49812\" \/>\n<meta name=\"geo.region\" content=\"Suisse\" \/>\n<!-- \/ Yoast SEO Premium plugin. -->","yoast_head_json":{"title":"Formlabs Form 4 Rigid 10K Resin \/ R\u00e9sine 1L %sepsepsitename%%%%.","robots":{"index":"index","follow":"follow","max-snippet":"max-snippet:-1","max-image-preview":"max-image-preview:large","max-video-preview":"max-video-preview:-1"},"canonical":"https:\/\/3d-edu.ch\/fr\/boutique\/formlabs-form-4-rigid-10k-resin-resine-1l\/","og_locale":"fr_FR","og_type":"article","og_title":"Formlabs Form 4 Rigid 10K Resin \/ R\u00e9sine 1L","og_description":"Formlabs Form 4 Rigid 10K Resin R\u00e9sine \/ R\u00e9sine synth\u00e9tique 1L La r\u00e9sine Formlabs Rigid 10K est une r\u00e9sine synth\u00e9tique charg\u00e9e d'une forte proportion de verre. C'est le mat\u00e9riau le plus rigide de Formlabs pour l'ing\u00e9nierie.","og_url":"https:\/\/3d-edu.ch\/fr\/boutique\/formlabs-form-4-rigid-10k-resin-resine-1l\/","og_site_name":"3D-EDU GmbH","article_publisher":"https:\/\/www.facebook.com\/3d-educh-210277586064960\/","article_modified_time":"2026-05-05T14:59:19+00:00","og_image":[{"width":380,"height":380,"url":"https:\/\/3d-edu.ch\/wp-content\/uploads\/2024\/05\/formlabs-form-4-rigid-10k-resin.webp","type":"image\/webp"}],"twitter_card":"summary_large_image","twitter_site":"@3d_edu_ch","twitter_misc":{"Prix":"305.12&nbsp;&#67;&#72;&#70; hors TVA","Disponibilit\u00e9":"En stock"},"schema":{"@context":"https:\/\/schema.org","@graph":[{"@type":"WebPage","@id":"https:\/\/3d-edu.ch\/fr\/boutique\/formlabs-form-4-rigid-10k-resin-resine-1l\/","url":"https:\/\/3d-edu.ch\/fr\/boutique\/formlabs-form-4-rigid-10k-resin-resine-1l\/","name":"Formlabs Form 4 Rigid 10K Resin \/ R\u00e9sine 1L %sepsepsitename%%%%.","isPartOf":{"@id":"https:\/\/3d-edu.ch\/fr\/#website"},"primaryImageOfPage":{"@id":"https:\/\/3d-edu.ch\/fr\/boutique\/formlabs-form-4-rigid-10k-resin-resine-1l\/#primaryimage"},"image":{"@id":"https:\/\/3d-edu.ch\/fr\/boutique\/formlabs-form-4-rigid-10k-resin-resine-1l\/#primaryimage"},"thumbnailUrl":"https:\/\/3d-edu.ch\/wp-content\/uploads\/2024\/05\/formlabs-form-4-rigid-10k-resin.webp","datePublished":"2024-05-23T12:18:41+00:00","dateModified":"2026-05-05T14:59:19+00:00","breadcrumb":{"@id":"https:\/\/3d-edu.ch\/fr\/boutique\/formlabs-form-4-rigid-10k-resin-resine-1l\/#breadcrumb"},"inLanguage":"fr-FR","potentialAction":[{"@type":"ReadAction","target":["https:\/\/3d-edu.ch\/fr\/boutique\/formlabs-form-4-rigid-10k-resin-resine-1l\/"]}]},{"@type":"ImageObject","inLanguage":"fr-FR","@id":"https:\/\/3d-edu.ch\/fr\/boutique\/formlabs-form-4-rigid-10k-resin-resine-1l\/#primaryimage","url":"https:\/\/3d-edu.ch\/wp-content\/uploads\/2024\/05\/formlabs-form-4-rigid-10k-resin.webp","contentUrl":"https:\/\/3d-edu.ch\/wp-content\/uploads\/2024\/05\/formlabs-form-4-rigid-10k-resin.webp","width":380,"height":380,"caption":"Formlabs Form 4 Rigide 10K Resin"},{"@type":"BreadcrumbList","@id":"https:\/\/3d-edu.ch\/fr\/boutique\/formlabs-form-4-rigid-10k-resin-resine-1l\/#breadcrumb","itemListElement":[{"@type":"ListItem","position":1,"name":"Accueil","item":"https:\/\/3d-edu.ch\/fr\/"},{"@type":"ListItem","position":2,"name":"Boutique","item":"https:\/\/3d-edu.ch\/fr\/boutique\/"},{"@type":"ListItem","position":3,"name":"Formlabs Form 4 Rigid 10K Resin \/ R\u00e9sine 1L"}]},{"@type":"WebSite","@id":"https:\/\/3d-edu.ch\/fr\/#website","url":"https:\/\/3d-edu.ch\/fr\/","name":"3D-EDU GmbH","description":"Your Formlabs, UltiMaker and Raise3D Printer Support and Education Site in Switzerland. \/\/ Ihre Formlabs, UltiMaker and Raise3D Drucker Support und Bildungs Webseite der Schweiz.","publisher":{"@id":"https:\/\/3d-edu.ch\/fr\/#organization"},"potentialAction":[{"@type":"SearchAction","target":{"@type":"EntryPoint","urlTemplate":"https:\/\/3d-edu.ch\/fr\/?s={search_term_string}"},"query-input":{"@type":"PropertyValueSpecification","valueRequired":true,"valueName":"search_term_string"}}],"inLanguage":"fr-FR"},{"@type":["Organization","Place","ElectronicsStore"],"@id":"https:\/\/3d-edu.ch\/fr\/#organization","name":"3D-EDU GmbH","url":"https:\/\/3d-edu.ch\/fr\/","logo":{"@id":"https:\/\/3d-edu.ch\/fr\/boutique\/formlabs-form-4-rigid-10k-resin-resine-1l\/#local-main-organization-logo"},"image":{"@id":"https:\/\/3d-edu.ch\/fr\/boutique\/formlabs-form-4-rigid-10k-resin-resine-1l\/#local-main-organization-logo"},"sameAs":["https:\/\/www.facebook.com\/3d-educh-210277586064960\/","https:\/\/x.com\/3d_edu_ch"],"address":{"@id":"https:\/\/3d-edu.ch\/fr\/boutique\/formlabs-form-4-rigid-10k-resin-resine-1l\/#local-main-place-address"},"geo":{"@type":"GeoCoordinates","latitude":"47.38413","longitude":"8.49812"},"telephone":["+41 44 492 11 22"],"openingHoursSpecification":[{"@type":"OpeningHoursSpecification","dayOfWeek":["Monday","Tuesday","Wednesday","Thursday","Friday"],"opens":"08:30","closes":"18:00"},{"@type":"OpeningHoursSpecification","dayOfWeek":["Saturday","Sunday"],"opens":"00:00","closes":"00:00"}],"email":"info@3d-edu.ch","faxNumber":"+41 44 492 11 23","vatID":"CHE-184.499.491 MWST","priceRange":"$$$","currenciesAccepted":"CHF"},{"@type":"PostalAddress","@id":"https:\/\/3d-edu.ch\/fr\/boutique\/formlabs-form-4-rigid-10k-resin-resine-1l\/#local-main-place-address","streetAddress":"3D-EDU GmbH, Badenerstrasse 556","addressLocality":"Z\u00fcrich","postalCode":"8048","addressRegion":"Z\u00fcrich","addressCountry":"CH"},{"@type":"ImageObject","inLanguage":"fr-FR","@id":"https:\/\/3d-edu.ch\/fr\/boutique\/formlabs-form-4-rigid-10k-resin-resine-1l\/#local-main-organization-logo","url":"https:\/\/3d-edu.ch\/wp-content\/uploads\/2018\/10\/3d-drucker-makerbot-formlabs-professionelle-3d-drucker-e1546527990490.png","contentUrl":"https:\/\/3d-edu.ch\/wp-content\/uploads\/2018\/10\/3d-drucker-makerbot-formlabs-professionelle-3d-drucker-e1546527990490.png","width":275,"height":80,"caption":"3D-EDU GmbH"}]},"product_price_amount":"305.12","product_price_currency":"CHF","og_availability":"instock","product_availability":"instock","product_retailer_item_id":"RS-C2-RG10-11","product_condition":"new","geo.placename":"Z\u00fcrich","geo.position":{"lat":"47.38413","long":"8.49812"},"geo.region":"Suisse"},"_links":{"self":[{"href":"https:\/\/3d-edu.ch\/fr\/wp-json\/wp\/v2\/product\/76403","targetHints":{"allow":["GET"]}}],"collection":[{"href":"https:\/\/3d-edu.ch\/fr\/wp-json\/wp\/v2\/product"}],"about":[{"href":"https:\/\/3d-edu.ch\/fr\/wp-json\/wp\/v2\/types\/product"}],"replies":[{"embeddable":true,"href":"https:\/\/3d-edu.ch\/fr\/wp-json\/wp\/v2\/comments?post=76403"}],"wp:featuredmedia":[{"embeddable":true,"href":"https:\/\/3d-edu.ch\/fr\/wp-json\/wp\/v2\/media\/69950"}],"wp:attachment":[{"href":"https:\/\/3d-edu.ch\/fr\/wp-json\/wp\/v2\/media?parent=76403"}],"wp:term":[{"taxonomy":"product_brand","embeddable":true,"href":"https:\/\/3d-edu.ch\/fr\/wp-json\/wp\/v2\/product_brand?post=76403"},{"taxonomy":"product_cat","embeddable":true,"href":"https:\/\/3d-edu.ch\/fr\/wp-json\/wp\/v2\/product_cat?post=76403"},{"taxonomy":"product_tag","embeddable":true,"href":"https:\/\/3d-edu.ch\/fr\/wp-json\/wp\/v2\/product_tag?post=76403"}],"curies":[{"name":"wp","href":"https:\/\/api.w.org\/{rel}","templated":true}]}}