{"id":76400,"date":"2024-05-22T13:04:52","date_gmt":"2024-05-22T13:04:52","guid":{"rendered":"https:\/\/3d-edu.ch\/shop\/graisse-silicone-synco-lube-85g-pour-pro3-plus\/"},"modified":"2026-04-20T20:34:58","modified_gmt":"2026-04-20T18:34:58","slug":"graisse-silicone-synco-lube-85g-pour-pro3-plus","status":"publish","type":"product","link":"https:\/\/3d-edu.ch\/fr\/boutique\/graisse-silicone-synco-lube-85g-pour-pro3-plus\/","title":{"rendered":"Graisse silicone SYNCO LUBE\u00ae 85g pour Pro3\/Plus"},"content":{"rendered":"<div class=\"Accordion_body__Bbs1D\">\n<div class=\"ProductDetailPlugin_long-desc__5cqfb\">\n<h2>Graisse silicone SYNCO LUBE\u00ae 85g pour Pro3\/Plus<\/h2>\n<\/div>\n<\/div>\n<div class=\"Accordion_body__Bbs1D\">\n<p><strong>Contenu de la livraison<\/strong><\/p>\n<ul>\n<li>1 tube de graisse silicone SYNCO LUBE\u00ae 85g pour Pro 3\/Plus<\/li>\n<\/ul>\n<\/div>\n","protected":false},"excerpt":{"rendered":"<h2>Graisse silicone SYNCO LUBE\u00ae 85g pour Pro3\/Plus<\/h2>\n<p>SYNCO LUBE\u00ae est un lubrifiant synth\u00e9tique brevet\u00e9 \u00e0 hautes performances et \u00e0 usages multiples. Il combine des fluides de base synth\u00e9tiques avec des microparticules de SYNCOLON\u00ae (PTFE) pour cr\u00e9er un lubrifiant de premi\u00e8re qualit\u00e9 qui minimise le frottement, l&rsquo;usure, la rouille et la corrosion et augmente la productivit\u00e9 en r\u00e9duisant les temps d&rsquo;arr\u00eat.<\/p>\n<p><strong>Caract\u00e9ristiques :<\/strong><\/p>\n<ul>\n<li>Ne forme pas de d\u00e9p\u00f4ts, ne s&rsquo;\u00e9vapore pas, ne fond pas et ne se s\u00e9pare pas.<\/li>\n<li>Pr\u00e9vient la rouille et la corrosion et r\u00e9duit consid\u00e9rablement les frottements.<\/li>\n<li>Offre une dur\u00e9e de lubrification 3 \u00e0 4 fois plus longue que les graisses traditionnelles.<\/li>\n<li>Fonctionne dans une large gamme de temp\u00e9ratures.<\/li>\n<\/ul>\n<p>Convient pour <a href=\"https:\/\/3d-edu.ch\/fr\/shop\/raise3d-pro-3\/\">Raise 3D Pro3<\/a> et <a href=\"https:\/\/3d-edu.ch\/shop\/raise3d-pro-3-plus\/\">Pro3 Plus.<\/a><\/p>\n","protected":false},"featured_media":70659,"comment_status":"closed","ping_status":"closed","template":"","meta":[],"product_brand":[],"product_cat":[8142,8143,7908,8079,7909],"product_tag":[7784,8148,8146,8145,8149,8119,8144],"class_list":{"0":"post-76400","1":"product","2":"type-product","3":"status-publish","4":"has-post-thumbnail","6":"product_cat-e2","7":"product_cat-e2cf","8":"product_cat-pieces-de-rechange-accessoires-fr","9":"product_cat-raise3d","10":"product_cat-serie-pro-3-fr","11":"product_tag-formlabs-fr","12":"product_tag-graisse-lubrifiante","13":"product_tag-grease","14":"product_tag-magnalube","15":"product_tag-magnalube-g","16":"product_tag-sla","17":"product_tag-sls","18":"yith_product_brand-formlabs-fr","20":"first","21":"instock","22":"taxable","23":"shipping-taxable","24":"purchasable","25":"product-type-simple"},"yoast_head":"<!-- This site is optimized with the Yoast SEO Premium plugin v27.4 (Yoast SEO v27.4) - https:\/\/yoast.com\/product\/yoast-seo-premium-wordpress\/ -->\n<title>Graisse silicone SYNCO LUBE\u00ae 85g pour Pro3\/Plus - 3D-EDU GmbH<\/title>\n<meta name=\"description\" content=\"SYNCO LUBE\u00ae est un lubrifiant synth\u00e9tique brevet\u00e9 \u00e0 hautes performances et \u00e0 usages multiples.\" \/>\n<meta name=\"robots\" content=\"index, follow, max-snippet:-1, max-image-preview:large, max-video-preview:-1\" \/>\n<link rel=\"canonical\" href=\"https:\/\/3d-edu.ch\/fr\/boutique\/graisse-silicone-synco-lube-85g-pour-pro3-plus\/\" \/>\n<meta property=\"og:locale\" content=\"fr_FR\" \/>\n<meta property=\"og:type\" content=\"article\" \/>\n<meta property=\"og:title\" content=\"Graisse silicone SYNCO LUBE\u00ae 85g pour Pro3\/Plus\" \/>\n<meta property=\"og:description\" content=\"SYNCO LUBE\u00ae est un lubrifiant synth\u00e9tique brevet\u00e9 \u00e0 hautes performances et \u00e0 usages multiples.\" \/>\n<meta property=\"og:url\" content=\"https:\/\/3d-edu.ch\/fr\/boutique\/graisse-silicone-synco-lube-85g-pour-pro3-plus\/\" \/>\n<meta property=\"og:site_name\" content=\"3D-EDU GmbH\" \/>\n<meta property=\"article:publisher\" content=\"https:\/\/www.facebook.com\/3d-educh-210277586064960\/\" \/>\n<meta property=\"article:modified_time\" content=\"2026-04-20T18:34:58+00:00\" \/>\n<meta property=\"og:image\" content=\"https:\/\/3d-edu.ch\/wp-content\/uploads\/2024\/05\/synco-lube-silikon-schmierfett-85g-1.jpg\" \/>\n\t<meta property=\"og:image:width\" content=\"380\" \/>\n\t<meta property=\"og:image:height\" content=\"380\" \/>\n\t<meta property=\"og:image:type\" content=\"image\/jpeg\" \/>\n<meta name=\"twitter:card\" content=\"summary_large_image\" \/>\n<meta name=\"twitter:site\" content=\"@3d_edu_ch\" \/>\n<meta name=\"twitter:label1\" content=\"Prix\" \/>\n\t<meta name=\"twitter:data1\" content=\"26.36&nbsp;&#067;&#072;&#070; hors TVA\" \/>\n\t<meta name=\"twitter:label2\" content=\"Disponibilit\u00e9\" \/>\n\t<meta name=\"twitter:data2\" content=\"En stock\" \/>\n<script type=\"application\/ld+json\" class=\"yoast-schema-graph\">{\"@context\":\"https:\\\/\\\/schema.org\",\"@graph\":[{\"@type\":\"WebPage\",\"@id\":\"https:\\\/\\\/3d-edu.ch\\\/fr\\\/boutique\\\/graisse-silicone-synco-lube-85g-pour-pro3-plus\\\/\",\"url\":\"https:\\\/\\\/3d-edu.ch\\\/fr\\\/boutique\\\/graisse-silicone-synco-lube-85g-pour-pro3-plus\\\/\",\"name\":\"Graisse silicone SYNCO LUBE\u00ae 85g pour Pro3\\\/Plus - 3D-EDU GmbH\",\"isPartOf\":{\"@id\":\"https:\\\/\\\/3d-edu.ch\\\/fr\\\/#website\"},\"primaryImageOfPage\":{\"@id\":\"https:\\\/\\\/3d-edu.ch\\\/fr\\\/boutique\\\/graisse-silicone-synco-lube-85g-pour-pro3-plus\\\/#primaryimage\"},\"image\":{\"@id\":\"https:\\\/\\\/3d-edu.ch\\\/fr\\\/boutique\\\/graisse-silicone-synco-lube-85g-pour-pro3-plus\\\/#primaryimage\"},\"thumbnailUrl\":\"https:\\\/\\\/3d-edu.ch\\\/wp-content\\\/uploads\\\/2024\\\/05\\\/synco-lube-silikon-schmierfett-85g-1.jpg\",\"datePublished\":\"2024-05-22T13:04:52+00:00\",\"dateModified\":\"2026-04-20T18:34:58+00:00\",\"description\":\"SYNCO LUBE\u00ae est un lubrifiant synth\u00e9tique brevet\u00e9 \u00e0 hautes performances et \u00e0 usages multiples.\",\"breadcrumb\":{\"@id\":\"https:\\\/\\\/3d-edu.ch\\\/fr\\\/boutique\\\/graisse-silicone-synco-lube-85g-pour-pro3-plus\\\/#breadcrumb\"},\"inLanguage\":\"fr-FR\",\"potentialAction\":[{\"@type\":\"ReadAction\",\"target\":[\"https:\\\/\\\/3d-edu.ch\\\/fr\\\/boutique\\\/graisse-silicone-synco-lube-85g-pour-pro3-plus\\\/\"]}]},{\"@type\":\"ImageObject\",\"inLanguage\":\"fr-FR\",\"@id\":\"https:\\\/\\\/3d-edu.ch\\\/fr\\\/boutique\\\/graisse-silicone-synco-lube-85g-pour-pro3-plus\\\/#primaryimage\",\"url\":\"https:\\\/\\\/3d-edu.ch\\\/wp-content\\\/uploads\\\/2024\\\/05\\\/synco-lube-silikon-schmierfett-85g-1.jpg\",\"contentUrl\":\"https:\\\/\\\/3d-edu.ch\\\/wp-content\\\/uploads\\\/2024\\\/05\\\/synco-lube-silikon-schmierfett-85g-1.jpg\",\"width\":380,\"height\":380},{\"@type\":\"BreadcrumbList\",\"@id\":\"https:\\\/\\\/3d-edu.ch\\\/fr\\\/boutique\\\/graisse-silicone-synco-lube-85g-pour-pro3-plus\\\/#breadcrumb\",\"itemListElement\":[{\"@type\":\"ListItem\",\"position\":1,\"name\":\"Accueil\",\"item\":\"https:\\\/\\\/3d-edu.ch\\\/fr\\\/\"},{\"@type\":\"ListItem\",\"position\":2,\"name\":\"Boutique\",\"item\":\"https:\\\/\\\/3d-edu.ch\\\/fr\\\/boutique\\\/\"},{\"@type\":\"ListItem\",\"position\":3,\"name\":\"Graisse silicone SYNCO LUBE\u00ae 85g pour Pro3\\\/Plus\"}]},{\"@type\":\"WebSite\",\"@id\":\"https:\\\/\\\/3d-edu.ch\\\/fr\\\/#website\",\"url\":\"https:\\\/\\\/3d-edu.ch\\\/fr\\\/\",\"name\":\"3D-EDU GmbH\",\"description\":\"Your Formlabs, UltiMaker and Raise3D Printer Support and Education Site in Switzerland. \\\/\\\/ Ihre Formlabs, UltiMaker and Raise3D Drucker Support und Bildungs Webseite der Schweiz.\",\"publisher\":{\"@id\":\"https:\\\/\\\/3d-edu.ch\\\/fr\\\/#organization\"},\"potentialAction\":[{\"@type\":\"SearchAction\",\"target\":{\"@type\":\"EntryPoint\",\"urlTemplate\":\"https:\\\/\\\/3d-edu.ch\\\/fr\\\/?s={search_term_string}\"},\"query-input\":{\"@type\":\"PropertyValueSpecification\",\"valueRequired\":true,\"valueName\":\"search_term_string\"}}],\"inLanguage\":\"fr-FR\"},{\"@type\":[\"Organization\",\"Place\",\"ElectronicsStore\"],\"@id\":\"https:\\\/\\\/3d-edu.ch\\\/fr\\\/#organization\",\"name\":\"3D-EDU GmbH\",\"url\":\"https:\\\/\\\/3d-edu.ch\\\/fr\\\/\",\"logo\":{\"@id\":\"https:\\\/\\\/3d-edu.ch\\\/fr\\\/boutique\\\/graisse-silicone-synco-lube-85g-pour-pro3-plus\\\/#local-main-organization-logo\"},\"image\":{\"@id\":\"https:\\\/\\\/3d-edu.ch\\\/fr\\\/boutique\\\/graisse-silicone-synco-lube-85g-pour-pro3-plus\\\/#local-main-organization-logo\"},\"sameAs\":[\"https:\\\/\\\/www.facebook.com\\\/3d-educh-210277586064960\\\/\",\"https:\\\/\\\/x.com\\\/3d_edu_ch\"],\"address\":{\"@id\":\"https:\\\/\\\/3d-edu.ch\\\/fr\\\/boutique\\\/graisse-silicone-synco-lube-85g-pour-pro3-plus\\\/#local-main-place-address\"},\"geo\":{\"@type\":\"GeoCoordinates\",\"latitude\":\"47.38413\",\"longitude\":\"8.49812\"},\"telephone\":[\"+41 44 492 11 22\"],\"openingHoursSpecification\":[{\"@type\":\"OpeningHoursSpecification\",\"dayOfWeek\":[\"Monday\",\"Tuesday\",\"Wednesday\",\"Thursday\",\"Friday\"],\"opens\":\"08:30\",\"closes\":\"18:00\"},{\"@type\":\"OpeningHoursSpecification\",\"dayOfWeek\":[\"Saturday\",\"Sunday\"],\"opens\":\"00:00\",\"closes\":\"00:00\"}],\"email\":\"info@3d-edu.ch\",\"faxNumber\":\"+41 44 492 11 23\",\"vatID\":\"CHE-184.499.491 MWST\",\"priceRange\":\"$$$\",\"currenciesAccepted\":\"CHF\"},{\"@type\":\"PostalAddress\",\"@id\":\"https:\\\/\\\/3d-edu.ch\\\/fr\\\/boutique\\\/graisse-silicone-synco-lube-85g-pour-pro3-plus\\\/#local-main-place-address\",\"streetAddress\":\"3D-EDU GmbH, Badenerstrasse 556\",\"addressLocality\":\"Z\u00fcrich\",\"postalCode\":\"8048\",\"addressRegion\":\"Z\u00fcrich\",\"addressCountry\":\"CH\"},{\"@type\":\"ImageObject\",\"inLanguage\":\"fr-FR\",\"@id\":\"https:\\\/\\\/3d-edu.ch\\\/fr\\\/boutique\\\/graisse-silicone-synco-lube-85g-pour-pro3-plus\\\/#local-main-organization-logo\",\"url\":\"https:\\\/\\\/3d-edu.ch\\\/wp-content\\\/uploads\\\/2018\\\/10\\\/3d-drucker-makerbot-formlabs-professionelle-3d-drucker-e1546527990490.png\",\"contentUrl\":\"https:\\\/\\\/3d-edu.ch\\\/wp-content\\\/uploads\\\/2018\\\/10\\\/3d-drucker-makerbot-formlabs-professionelle-3d-drucker-e1546527990490.png\",\"width\":275,\"height\":80,\"caption\":\"3D-EDU GmbH\"}]}<\/script>\n<meta property=\"product:brand\" content=\"Raise3D\" \/>\n<meta property=\"product:price:amount\" content=\"26.36\" \/>\n<meta property=\"product:price:currency\" content=\"CHF\" \/>\n<meta property=\"og:availability\" content=\"instock\" \/>\n<meta property=\"product:availability\" content=\"instock\" \/>\n<meta property=\"product:retailer_item_id\" content=\"3DP-3945\" \/>\n<meta property=\"product:condition\" content=\"new\" \/>\n<meta name=\"geo.placename\" content=\"Z\u00fcrich\" \/>\n<meta name=\"geo.position\" content=\"47.38413;8.49812\" \/>\n<meta name=\"geo.region\" content=\"Suisse\" \/>\n<!-- \/ Yoast SEO Premium plugin. -->","yoast_head_json":{"title":"Graisse silicone SYNCO LUBE\u00ae 85g pour Pro3\/Plus - 3D-EDU GmbH","description":"SYNCO LUBE\u00ae est un lubrifiant synth\u00e9tique brevet\u00e9 \u00e0 hautes performances et \u00e0 usages multiples.","robots":{"index":"index","follow":"follow","max-snippet":"max-snippet:-1","max-image-preview":"max-image-preview:large","max-video-preview":"max-video-preview:-1"},"canonical":"https:\/\/3d-edu.ch\/fr\/boutique\/graisse-silicone-synco-lube-85g-pour-pro3-plus\/","og_locale":"fr_FR","og_type":"article","og_title":"Graisse silicone SYNCO LUBE\u00ae 85g pour Pro3\/Plus","og_description":"SYNCO LUBE\u00ae est un lubrifiant synth\u00e9tique brevet\u00e9 \u00e0 hautes performances et \u00e0 usages multiples.","og_url":"https:\/\/3d-edu.ch\/fr\/boutique\/graisse-silicone-synco-lube-85g-pour-pro3-plus\/","og_site_name":"3D-EDU GmbH","article_publisher":"https:\/\/www.facebook.com\/3d-educh-210277586064960\/","article_modified_time":"2026-04-20T18:34:58+00:00","og_image":[{"width":380,"height":380,"url":"https:\/\/3d-edu.ch\/wp-content\/uploads\/2024\/05\/synco-lube-silikon-schmierfett-85g-1.jpg","type":"image\/jpeg"}],"twitter_card":"summary_large_image","twitter_site":"@3d_edu_ch","twitter_misc":{"Prix":"26.36&nbsp;&#67;&#72;&#70; hors TVA","Disponibilit\u00e9":"En stock"},"schema":{"@context":"https:\/\/schema.org","@graph":[{"@type":"WebPage","@id":"https:\/\/3d-edu.ch\/fr\/boutique\/graisse-silicone-synco-lube-85g-pour-pro3-plus\/","url":"https:\/\/3d-edu.ch\/fr\/boutique\/graisse-silicone-synco-lube-85g-pour-pro3-plus\/","name":"Graisse silicone SYNCO LUBE\u00ae 85g pour Pro3\/Plus - 3D-EDU GmbH","isPartOf":{"@id":"https:\/\/3d-edu.ch\/fr\/#website"},"primaryImageOfPage":{"@id":"https:\/\/3d-edu.ch\/fr\/boutique\/graisse-silicone-synco-lube-85g-pour-pro3-plus\/#primaryimage"},"image":{"@id":"https:\/\/3d-edu.ch\/fr\/boutique\/graisse-silicone-synco-lube-85g-pour-pro3-plus\/#primaryimage"},"thumbnailUrl":"https:\/\/3d-edu.ch\/wp-content\/uploads\/2024\/05\/synco-lube-silikon-schmierfett-85g-1.jpg","datePublished":"2024-05-22T13:04:52+00:00","dateModified":"2026-04-20T18:34:58+00:00","description":"SYNCO LUBE\u00ae est un lubrifiant synth\u00e9tique brevet\u00e9 \u00e0 hautes performances et \u00e0 usages multiples.","breadcrumb":{"@id":"https:\/\/3d-edu.ch\/fr\/boutique\/graisse-silicone-synco-lube-85g-pour-pro3-plus\/#breadcrumb"},"inLanguage":"fr-FR","potentialAction":[{"@type":"ReadAction","target":["https:\/\/3d-edu.ch\/fr\/boutique\/graisse-silicone-synco-lube-85g-pour-pro3-plus\/"]}]},{"@type":"ImageObject","inLanguage":"fr-FR","@id":"https:\/\/3d-edu.ch\/fr\/boutique\/graisse-silicone-synco-lube-85g-pour-pro3-plus\/#primaryimage","url":"https:\/\/3d-edu.ch\/wp-content\/uploads\/2024\/05\/synco-lube-silikon-schmierfett-85g-1.jpg","contentUrl":"https:\/\/3d-edu.ch\/wp-content\/uploads\/2024\/05\/synco-lube-silikon-schmierfett-85g-1.jpg","width":380,"height":380},{"@type":"BreadcrumbList","@id":"https:\/\/3d-edu.ch\/fr\/boutique\/graisse-silicone-synco-lube-85g-pour-pro3-plus\/#breadcrumb","itemListElement":[{"@type":"ListItem","position":1,"name":"Accueil","item":"https:\/\/3d-edu.ch\/fr\/"},{"@type":"ListItem","position":2,"name":"Boutique","item":"https:\/\/3d-edu.ch\/fr\/boutique\/"},{"@type":"ListItem","position":3,"name":"Graisse silicone SYNCO LUBE\u00ae 85g pour Pro3\/Plus"}]},{"@type":"WebSite","@id":"https:\/\/3d-edu.ch\/fr\/#website","url":"https:\/\/3d-edu.ch\/fr\/","name":"3D-EDU GmbH","description":"Your Formlabs, UltiMaker and Raise3D Printer Support and Education Site in Switzerland. \/\/ Ihre Formlabs, UltiMaker and Raise3D Drucker Support und Bildungs Webseite der Schweiz.","publisher":{"@id":"https:\/\/3d-edu.ch\/fr\/#organization"},"potentialAction":[{"@type":"SearchAction","target":{"@type":"EntryPoint","urlTemplate":"https:\/\/3d-edu.ch\/fr\/?s={search_term_string}"},"query-input":{"@type":"PropertyValueSpecification","valueRequired":true,"valueName":"search_term_string"}}],"inLanguage":"fr-FR"},{"@type":["Organization","Place","ElectronicsStore"],"@id":"https:\/\/3d-edu.ch\/fr\/#organization","name":"3D-EDU GmbH","url":"https:\/\/3d-edu.ch\/fr\/","logo":{"@id":"https:\/\/3d-edu.ch\/fr\/boutique\/graisse-silicone-synco-lube-85g-pour-pro3-plus\/#local-main-organization-logo"},"image":{"@id":"https:\/\/3d-edu.ch\/fr\/boutique\/graisse-silicone-synco-lube-85g-pour-pro3-plus\/#local-main-organization-logo"},"sameAs":["https:\/\/www.facebook.com\/3d-educh-210277586064960\/","https:\/\/x.com\/3d_edu_ch"],"address":{"@id":"https:\/\/3d-edu.ch\/fr\/boutique\/graisse-silicone-synco-lube-85g-pour-pro3-plus\/#local-main-place-address"},"geo":{"@type":"GeoCoordinates","latitude":"47.38413","longitude":"8.49812"},"telephone":["+41 44 492 11 22"],"openingHoursSpecification":[{"@type":"OpeningHoursSpecification","dayOfWeek":["Monday","Tuesday","Wednesday","Thursday","Friday"],"opens":"08:30","closes":"18:00"},{"@type":"OpeningHoursSpecification","dayOfWeek":["Saturday","Sunday"],"opens":"00:00","closes":"00:00"}],"email":"info@3d-edu.ch","faxNumber":"+41 44 492 11 23","vatID":"CHE-184.499.491 MWST","priceRange":"$$$","currenciesAccepted":"CHF"},{"@type":"PostalAddress","@id":"https:\/\/3d-edu.ch\/fr\/boutique\/graisse-silicone-synco-lube-85g-pour-pro3-plus\/#local-main-place-address","streetAddress":"3D-EDU GmbH, Badenerstrasse 556","addressLocality":"Z\u00fcrich","postalCode":"8048","addressRegion":"Z\u00fcrich","addressCountry":"CH"},{"@type":"ImageObject","inLanguage":"fr-FR","@id":"https:\/\/3d-edu.ch\/fr\/boutique\/graisse-silicone-synco-lube-85g-pour-pro3-plus\/#local-main-organization-logo","url":"https:\/\/3d-edu.ch\/wp-content\/uploads\/2018\/10\/3d-drucker-makerbot-formlabs-professionelle-3d-drucker-e1546527990490.png","contentUrl":"https:\/\/3d-edu.ch\/wp-content\/uploads\/2018\/10\/3d-drucker-makerbot-formlabs-professionelle-3d-drucker-e1546527990490.png","width":275,"height":80,"caption":"3D-EDU GmbH"}]},"product_brand":"Raise3D","product_price_amount":"26.36","product_price_currency":"CHF","og_availability":"instock","product_availability":"instock","product_retailer_item_id":"3DP-3945","product_condition":"new","geo.placename":"Z\u00fcrich","geo.position":{"lat":"47.38413","long":"8.49812"},"geo.region":"Suisse"},"_links":{"self":[{"href":"https:\/\/3d-edu.ch\/fr\/wp-json\/wp\/v2\/product\/76400","targetHints":{"allow":["GET"]}}],"collection":[{"href":"https:\/\/3d-edu.ch\/fr\/wp-json\/wp\/v2\/product"}],"about":[{"href":"https:\/\/3d-edu.ch\/fr\/wp-json\/wp\/v2\/types\/product"}],"replies":[{"embeddable":true,"href":"https:\/\/3d-edu.ch\/fr\/wp-json\/wp\/v2\/comments?post=76400"}],"wp:featuredmedia":[{"embeddable":true,"href":"https:\/\/3d-edu.ch\/fr\/wp-json\/wp\/v2\/media\/70659"}],"wp:attachment":[{"href":"https:\/\/3d-edu.ch\/fr\/wp-json\/wp\/v2\/media?parent=76400"}],"wp:term":[{"taxonomy":"product_brand","embeddable":true,"href":"https:\/\/3d-edu.ch\/fr\/wp-json\/wp\/v2\/product_brand?post=76400"},{"taxonomy":"product_cat","embeddable":true,"href":"https:\/\/3d-edu.ch\/fr\/wp-json\/wp\/v2\/product_cat?post=76400"},{"taxonomy":"product_tag","embeddable":true,"href":"https:\/\/3d-edu.ch\/fr\/wp-json\/wp\/v2\/product_tag?post=76400"}],"curies":[{"name":"wp","href":"https:\/\/api.w.org\/{rel}","templated":true}]}}