{"id":76261,"date":"2024-06-03T13:19:06","date_gmt":"2024-06-03T13:19:06","guid":{"rendered":"https:\/\/3d-edu.ch\/shop\/formlabs-form-4-elastic-50a-resin-resine-1l-v2\/"},"modified":"2026-05-05T16:59:17","modified_gmt":"2026-05-05T14:59:17","slug":"formlabs-form-4-elastic-50a-resin-resine-1l-v2","status":"publish","type":"product","link":"https:\/\/3d-edu.ch\/fr\/boutique\/formlabs-form-4-elastic-50a-resin-resine-1l-v2\/","title":{"rendered":"Formlabs Form 4 Elastic 50A Resin \/ R\u00e9sine 1L V2"},"content":{"rendered":"<h3>Formlabs Form 4 Elastic 50A Resin \/ R\u00e9sine 1L V2<\/h3>\n<p>Elastic 50A Resin V2 est un mat\u00e9riau technique souple qui simule le silicone. Le mat\u00e9riau a une duret\u00e9 Shore de 50A. Il est con\u00e7u pour le prototypage de composants qui sont traditionnellement moul\u00e9s en silicone. Elastic 50A Resin V2 peut \u00eatre \u00e9tir\u00e9 et comprim\u00e9 sans se fissurer.   <\/p>\n<p>Le \u00ab\u00a050A\u00a0\u00bb dans le nom indique la duret\u00e9 shore du mat\u00e9riau. Si vous avez besoin d&rsquo;un mat\u00e9riau plus dur et plus flexible, essayez la r\u00e9sine Flexible 80A. <\/p>\n<p>Elastic 50A Resin V2 est la nouvelle formulation de l&rsquo;Elastic Resin et offre de nombreuses am\u00e9liorations telles qu&rsquo;un retrait plus facile des supports, un temps d&rsquo;impression plus court et des pi\u00e8ces plus transparentes apr\u00e8s le durcissement. De plus, l&rsquo;odeur d\u00e9gag\u00e9e pendant l&rsquo;impression a \u00e9t\u00e9 r\u00e9duite par rapport \u00e0 la r\u00e9sine pr\u00e9c\u00e9dente. <\/p>\n<p>Bien que l&rsquo;Elastic 50A Resin V2 pr\u00e9sente une r\u00e9sistance \u00e0 la traction plus faible et une l\u00e9g\u00e8re perte d&rsquo;odeur apr\u00e8s durcissement, elle offre de nombreux avantages. Elastic 50A Resin V2 est d\u00e9sormais recommand\u00e9e pour le prototypage de pi\u00e8ces qui doivent se plier, s&rsquo;\u00e9tirer et se comprimer et qui n\u00e9cessitent un aspect transparent. <\/p>\n<p><strong>Elastic 50A Resin V2 n\u00e9cessite une polym\u00e9risation dans un bassin d&rsquo;eau comme pour le <\/strong><a href=\"https:\/\/3d-edu.ch\/fr\/boutique\/formlabs-silicone-40a-resin-1l\/\"><strong>Silicone 40A.<\/strong><\/a><\/p>\n<div class=\"accordion\">\n\t<div id=\"accordion-4050961810\" class=\"accordion-item\">\n\t\t<a id=\"accordion-4050961810-label\" class=\"accordion-title plain\" href=\"#accordion-item-plus-d&#039;informations\" aria-expanded=\"false\" aria-controls=\"accordion-4050961810-content\">\n\t\t\t<button class=\"toggle\" aria-label=\"Basculer\"><i class=\"icon-angle-down\" aria-hidden=\"true\"><\/i><\/button>\n\t\t\t<span>Plus d&#039;informations<\/span>\n\t\t<\/a>\n\t\t<div id=\"accordion-4050961810-content\" class=\"accordion-inner\" aria-labelledby=\"accordion-4050961810-label\">\n\t\t\t\n<h5>Contenu de la livraison<\/h5>\n<p>1x Formlabs Form 4 Elastic 50A Resin \/ R\u00e9sine 1L V2<\/p>\n<p>R\u00e9solutions d&rsquo;impression prises en charge : 100 microns.<br \/>\nPost-traitement n\u00e9cessaire.<br \/>\n<a href=\"https:\/\/3d-edu.ch\/fr\/boutique\/form-4-resin-tank-reservoir-de-resine-et-melangeur\/\">R\u00e9servoir en r\u00e9sine Form 4<\/a> requis.<br \/>\nDisponible pour Form 4.<\/p>\n\t\t<\/div>\n\t<\/div>\n\t\n<\/div>\n","protected":false},"excerpt":{"rendered":"<h2><strong>Formlabs Form 4 Elastic 50A Resin \/ R\u00e9sine 1L V2<\/strong><\/h2>\n<p>Ce mat\u00e9riau d&rsquo;une duret\u00e9 Shore de 50A est adapt\u00e9 aux prototypes normalement fabriqu\u00e9s en silicone.<\/p>\n","protected":false},"featured_media":70511,"comment_status":"closed","ping_status":"closed","template":"","meta":[],"product_brand":[],"product_cat":[],"product_tag":[8588,8057,7784,8055,8053,8587],"class_list":{"0":"post-76261","1":"product","2":"type-product","3":"status-publish","4":"has-post-thumbnail","6":"product_tag-elastique-50a","7":"product_tag-forme-4","8":"product_tag-formlabs-fr","9":"product_tag-formlabs-form-4-resine","10":"product_tag-resine-formlabs","11":"product_tag-rs-c2-elcl-02","12":"yith_product_brand-formlabs-fr","14":"first","15":"instock","16":"taxable","17":"shipping-taxable","18":"purchasable","19":"product-type-simple"},"yoast_head":"<!-- This site is optimized with the Yoast SEO Premium plugin v27.5 (Yoast SEO v27.5) - https:\/\/yoast.com\/product\/yoast-seo-premium-wordpress\/ -->\n<title>Formlabs Form 4 Elastic 50A Resin \/ R\u00e9sine 1L V2 %%page% - 3D-EDU GmbH%<\/title>\n<meta name=\"description\" content=\"Ce mat\u00e9riau d&#039;une duret\u00e9 Shore de 50A est adapt\u00e9 aux prototypes habituellement r\u00e9alis\u00e9s en silicone. Elastic 50A Resin V2 est la nouvelle formulation de l&#039;Elastic Resin et offre de nombreuses am\u00e9liorations telles qu&#039;un retrait plus facile des supports, un temps d&#039;impression plus court et des pi\u00e8ces plus transparentes apr\u00e8s durcissement. De plus, l&#039;odeur d\u00e9gag\u00e9e pendant l&#039;impression a \u00e9t\u00e9 r\u00e9duite par rapport \u00e0 la r\u00e9sine pr\u00e9c\u00e9dente.\" \/>\n<meta name=\"robots\" content=\"index, follow, max-snippet:-1, max-image-preview:large, max-video-preview:-1\" \/>\n<link rel=\"canonical\" href=\"https:\/\/3d-edu.ch\/fr\/boutique\/formlabs-form-4-elastic-50a-resin-resine-1l-v2\/\" \/>\n<meta property=\"og:locale\" content=\"fr_FR\" \/>\n<meta property=\"og:type\" content=\"article\" \/>\n<meta property=\"og:title\" content=\"Formlabs Form 4 Elastic 50A Resin \/ R\u00e9sine 1L V2\" \/>\n<meta property=\"og:description\" content=\"Ce mat\u00e9riau d&#039;une duret\u00e9 Shore de 50A est adapt\u00e9 aux prototypes habituellement r\u00e9alis\u00e9s en silicone. Elastic 50A Resin V2 est la nouvelle formulation de l&#039;Elastic Resin et offre de nombreuses am\u00e9liorations telles qu&#039;un retrait plus facile des supports, un temps d&#039;impression plus court et des pi\u00e8ces plus transparentes apr\u00e8s durcissement. De plus, l&#039;odeur d\u00e9gag\u00e9e pendant l&#039;impression a \u00e9t\u00e9 r\u00e9duite par rapport \u00e0 la r\u00e9sine pr\u00e9c\u00e9dente.\" \/>\n<meta property=\"og:url\" content=\"https:\/\/3d-edu.ch\/fr\/boutique\/formlabs-form-4-elastic-50a-resin-resine-1l-v2\/\" \/>\n<meta property=\"og:site_name\" content=\"3D-EDU GmbH\" \/>\n<meta property=\"article:publisher\" content=\"https:\/\/www.facebook.com\/3d-educh-210277586064960\/\" \/>\n<meta property=\"article:modified_time\" content=\"2026-05-05T14:59:17+00:00\" \/>\n<meta property=\"og:image\" content=\"https:\/\/3d-edu.ch\/wp-content\/uploads\/2024\/06\/formlabs-form4-elastic-50a-resin.webp\" \/>\n\t<meta property=\"og:image:width\" content=\"380\" \/>\n\t<meta property=\"og:image:height\" content=\"380\" \/>\n\t<meta property=\"og:image:type\" content=\"image\/webp\" \/>\n<meta name=\"twitter:card\" content=\"summary_large_image\" \/>\n<meta name=\"twitter:site\" content=\"@3d_edu_ch\" \/>\n<meta name=\"twitter:label1\" content=\"Prix\" \/>\n\t<meta name=\"twitter:data1\" content=\"203.41&nbsp;&#067;&#072;&#070; hors TVA\" \/>\n\t<meta name=\"twitter:label2\" content=\"Disponibilit\u00e9\" \/>\n\t<meta name=\"twitter:data2\" content=\"En stock\" \/>\n<script type=\"application\/ld+json\" class=\"yoast-schema-graph\">{\"@context\":\"https:\\\/\\\/schema.org\",\"@graph\":[{\"@type\":\"WebPage\",\"@id\":\"https:\\\/\\\/3d-edu.ch\\\/fr\\\/boutique\\\/formlabs-form-4-elastic-50a-resin-resine-1l-v2\\\/\",\"url\":\"https:\\\/\\\/3d-edu.ch\\\/fr\\\/boutique\\\/formlabs-form-4-elastic-50a-resin-resine-1l-v2\\\/\",\"name\":\"Formlabs Form 4 Elastic 50A Resin \\\/ R\u00e9sine 1L V2 %%page% - 3D-EDU GmbH%\",\"isPartOf\":{\"@id\":\"https:\\\/\\\/3d-edu.ch\\\/fr\\\/#website\"},\"primaryImageOfPage\":{\"@id\":\"https:\\\/\\\/3d-edu.ch\\\/fr\\\/boutique\\\/formlabs-form-4-elastic-50a-resin-resine-1l-v2\\\/#primaryimage\"},\"image\":{\"@id\":\"https:\\\/\\\/3d-edu.ch\\\/fr\\\/boutique\\\/formlabs-form-4-elastic-50a-resin-resine-1l-v2\\\/#primaryimage\"},\"thumbnailUrl\":\"https:\\\/\\\/3d-edu.ch\\\/wp-content\\\/uploads\\\/2024\\\/06\\\/formlabs-form4-elastic-50a-resin.webp\",\"datePublished\":\"2024-06-03T13:19:06+00:00\",\"dateModified\":\"2026-05-05T14:59:17+00:00\",\"description\":\"Ce mat\u00e9riau d'une duret\u00e9 Shore de 50A est adapt\u00e9 aux prototypes habituellement r\u00e9alis\u00e9s en silicone. Elastic 50A Resin V2 est la nouvelle formulation de l'Elastic Resin et offre de nombreuses am\u00e9liorations telles qu'un retrait plus facile des supports, un temps d'impression plus court et des pi\u00e8ces plus transparentes apr\u00e8s durcissement. De plus, l'odeur d\u00e9gag\u00e9e pendant l'impression a \u00e9t\u00e9 r\u00e9duite par rapport \u00e0 la r\u00e9sine pr\u00e9c\u00e9dente.\",\"breadcrumb\":{\"@id\":\"https:\\\/\\\/3d-edu.ch\\\/fr\\\/boutique\\\/formlabs-form-4-elastic-50a-resin-resine-1l-v2\\\/#breadcrumb\"},\"inLanguage\":\"fr-FR\",\"potentialAction\":[{\"@type\":\"ReadAction\",\"target\":[\"https:\\\/\\\/3d-edu.ch\\\/fr\\\/boutique\\\/formlabs-form-4-elastic-50a-resin-resine-1l-v2\\\/\"]}]},{\"@type\":\"ImageObject\",\"inLanguage\":\"fr-FR\",\"@id\":\"https:\\\/\\\/3d-edu.ch\\\/fr\\\/boutique\\\/formlabs-form-4-elastic-50a-resin-resine-1l-v2\\\/#primaryimage\",\"url\":\"https:\\\/\\\/3d-edu.ch\\\/wp-content\\\/uploads\\\/2024\\\/06\\\/formlabs-form4-elastic-50a-resin.webp\",\"contentUrl\":\"https:\\\/\\\/3d-edu.ch\\\/wp-content\\\/uploads\\\/2024\\\/06\\\/formlabs-form4-elastic-50a-resin.webp\",\"width\":380,\"height\":380},{\"@type\":\"BreadcrumbList\",\"@id\":\"https:\\\/\\\/3d-edu.ch\\\/fr\\\/boutique\\\/formlabs-form-4-elastic-50a-resin-resine-1l-v2\\\/#breadcrumb\",\"itemListElement\":[{\"@type\":\"ListItem\",\"position\":1,\"name\":\"Accueil\",\"item\":\"https:\\\/\\\/3d-edu.ch\\\/fr\\\/\"},{\"@type\":\"ListItem\",\"position\":2,\"name\":\"Boutique\",\"item\":\"https:\\\/\\\/3d-edu.ch\\\/fr\\\/boutique\\\/\"},{\"@type\":\"ListItem\",\"position\":3,\"name\":\"Formlabs Form 4 Elastic 50A Resin \\\/ R\u00e9sine 1L V2\"}]},{\"@type\":\"WebSite\",\"@id\":\"https:\\\/\\\/3d-edu.ch\\\/fr\\\/#website\",\"url\":\"https:\\\/\\\/3d-edu.ch\\\/fr\\\/\",\"name\":\"3D-EDU GmbH\",\"description\":\"Your Formlabs, UltiMaker and Raise3D Printer Support and Education Site in Switzerland. \\\/\\\/ Ihre Formlabs, UltiMaker and Raise3D Drucker Support und Bildungs Webseite der Schweiz.\",\"publisher\":{\"@id\":\"https:\\\/\\\/3d-edu.ch\\\/fr\\\/#organization\"},\"potentialAction\":[{\"@type\":\"SearchAction\",\"target\":{\"@type\":\"EntryPoint\",\"urlTemplate\":\"https:\\\/\\\/3d-edu.ch\\\/fr\\\/?s={search_term_string}\"},\"query-input\":{\"@type\":\"PropertyValueSpecification\",\"valueRequired\":true,\"valueName\":\"search_term_string\"}}],\"inLanguage\":\"fr-FR\"},{\"@type\":[\"Organization\",\"Place\",\"ElectronicsStore\"],\"@id\":\"https:\\\/\\\/3d-edu.ch\\\/fr\\\/#organization\",\"name\":\"3D-EDU GmbH\",\"url\":\"https:\\\/\\\/3d-edu.ch\\\/fr\\\/\",\"logo\":{\"@id\":\"https:\\\/\\\/3d-edu.ch\\\/fr\\\/boutique\\\/formlabs-form-4-elastic-50a-resin-resine-1l-v2\\\/#local-main-organization-logo\"},\"image\":{\"@id\":\"https:\\\/\\\/3d-edu.ch\\\/fr\\\/boutique\\\/formlabs-form-4-elastic-50a-resin-resine-1l-v2\\\/#local-main-organization-logo\"},\"sameAs\":[\"https:\\\/\\\/www.facebook.com\\\/3d-educh-210277586064960\\\/\",\"https:\\\/\\\/x.com\\\/3d_edu_ch\"],\"address\":{\"@id\":\"https:\\\/\\\/3d-edu.ch\\\/fr\\\/boutique\\\/formlabs-form-4-elastic-50a-resin-resine-1l-v2\\\/#local-main-place-address\"},\"geo\":{\"@type\":\"GeoCoordinates\",\"latitude\":\"47.38413\",\"longitude\":\"8.49812\"},\"telephone\":[\"+41 44 492 11 22\"],\"openingHoursSpecification\":[{\"@type\":\"OpeningHoursSpecification\",\"dayOfWeek\":[\"Monday\",\"Tuesday\",\"Wednesday\",\"Thursday\",\"Friday\"],\"opens\":\"08:30\",\"closes\":\"18:00\"},{\"@type\":\"OpeningHoursSpecification\",\"dayOfWeek\":[\"Saturday\",\"Sunday\"],\"opens\":\"00:00\",\"closes\":\"00:00\"}],\"email\":\"info@3d-edu.ch\",\"faxNumber\":\"+41 44 492 11 23\",\"vatID\":\"CHE-184.499.491 MWST\",\"priceRange\":\"$$$\",\"currenciesAccepted\":\"CHF\"},{\"@type\":\"PostalAddress\",\"@id\":\"https:\\\/\\\/3d-edu.ch\\\/fr\\\/boutique\\\/formlabs-form-4-elastic-50a-resin-resine-1l-v2\\\/#local-main-place-address\",\"streetAddress\":\"3D-EDU GmbH, Badenerstrasse 556\",\"addressLocality\":\"Z\u00fcrich\",\"postalCode\":\"8048\",\"addressRegion\":\"Z\u00fcrich\",\"addressCountry\":\"CH\"},{\"@type\":\"ImageObject\",\"inLanguage\":\"fr-FR\",\"@id\":\"https:\\\/\\\/3d-edu.ch\\\/fr\\\/boutique\\\/formlabs-form-4-elastic-50a-resin-resine-1l-v2\\\/#local-main-organization-logo\",\"url\":\"https:\\\/\\\/3d-edu.ch\\\/wp-content\\\/uploads\\\/2018\\\/10\\\/3d-drucker-makerbot-formlabs-professionelle-3d-drucker-e1546527990490.png\",\"contentUrl\":\"https:\\\/\\\/3d-edu.ch\\\/wp-content\\\/uploads\\\/2018\\\/10\\\/3d-drucker-makerbot-formlabs-professionelle-3d-drucker-e1546527990490.png\",\"width\":275,\"height\":80,\"caption\":\"3D-EDU GmbH\"}]}<\/script>\n<meta property=\"product:price:amount\" content=\"203.41\" \/>\n<meta property=\"product:price:currency\" content=\"CHF\" \/>\n<meta property=\"og:availability\" content=\"instock\" \/>\n<meta property=\"product:availability\" content=\"instock\" \/>\n<meta property=\"product:retailer_item_id\" content=\"RS-C2-ELCL-02\" \/>\n<meta property=\"product:condition\" content=\"new\" \/>\n<meta name=\"geo.placename\" content=\"Z\u00fcrich\" \/>\n<meta name=\"geo.position\" content=\"47.38413;8.49812\" \/>\n<meta name=\"geo.region\" content=\"Suisse\" \/>\n<!-- \/ Yoast SEO Premium plugin. -->","yoast_head_json":{"title":"Formlabs Form 4 Elastic 50A Resin \/ R\u00e9sine 1L V2 %%page% - 3D-EDU GmbH%","description":"Ce mat\u00e9riau d'une duret\u00e9 Shore de 50A est adapt\u00e9 aux prototypes habituellement r\u00e9alis\u00e9s en silicone. Elastic 50A Resin V2 est la nouvelle formulation de l'Elastic Resin et offre de nombreuses am\u00e9liorations telles qu'un retrait plus facile des supports, un temps d'impression plus court et des pi\u00e8ces plus transparentes apr\u00e8s durcissement. De plus, l'odeur d\u00e9gag\u00e9e pendant l'impression a \u00e9t\u00e9 r\u00e9duite par rapport \u00e0 la r\u00e9sine pr\u00e9c\u00e9dente.","robots":{"index":"index","follow":"follow","max-snippet":"max-snippet:-1","max-image-preview":"max-image-preview:large","max-video-preview":"max-video-preview:-1"},"canonical":"https:\/\/3d-edu.ch\/fr\/boutique\/formlabs-form-4-elastic-50a-resin-resine-1l-v2\/","og_locale":"fr_FR","og_type":"article","og_title":"Formlabs Form 4 Elastic 50A Resin \/ R\u00e9sine 1L V2","og_description":"Ce mat\u00e9riau d'une duret\u00e9 Shore de 50A est adapt\u00e9 aux prototypes habituellement r\u00e9alis\u00e9s en silicone. Elastic 50A Resin V2 est la nouvelle formulation de l'Elastic Resin et offre de nombreuses am\u00e9liorations telles qu'un retrait plus facile des supports, un temps d'impression plus court et des pi\u00e8ces plus transparentes apr\u00e8s durcissement. De plus, l'odeur d\u00e9gag\u00e9e pendant l'impression a \u00e9t\u00e9 r\u00e9duite par rapport \u00e0 la r\u00e9sine pr\u00e9c\u00e9dente.","og_url":"https:\/\/3d-edu.ch\/fr\/boutique\/formlabs-form-4-elastic-50a-resin-resine-1l-v2\/","og_site_name":"3D-EDU GmbH","article_publisher":"https:\/\/www.facebook.com\/3d-educh-210277586064960\/","article_modified_time":"2026-05-05T14:59:17+00:00","og_image":[{"width":380,"height":380,"url":"https:\/\/3d-edu.ch\/wp-content\/uploads\/2024\/06\/formlabs-form4-elastic-50a-resin.webp","type":"image\/webp"}],"twitter_card":"summary_large_image","twitter_site":"@3d_edu_ch","twitter_misc":{"Prix":"203.41&nbsp;&#67;&#72;&#70; hors TVA","Disponibilit\u00e9":"En stock"},"schema":{"@context":"https:\/\/schema.org","@graph":[{"@type":"WebPage","@id":"https:\/\/3d-edu.ch\/fr\/boutique\/formlabs-form-4-elastic-50a-resin-resine-1l-v2\/","url":"https:\/\/3d-edu.ch\/fr\/boutique\/formlabs-form-4-elastic-50a-resin-resine-1l-v2\/","name":"Formlabs Form 4 Elastic 50A Resin \/ R\u00e9sine 1L V2 %%page% - 3D-EDU GmbH%","isPartOf":{"@id":"https:\/\/3d-edu.ch\/fr\/#website"},"primaryImageOfPage":{"@id":"https:\/\/3d-edu.ch\/fr\/boutique\/formlabs-form-4-elastic-50a-resin-resine-1l-v2\/#primaryimage"},"image":{"@id":"https:\/\/3d-edu.ch\/fr\/boutique\/formlabs-form-4-elastic-50a-resin-resine-1l-v2\/#primaryimage"},"thumbnailUrl":"https:\/\/3d-edu.ch\/wp-content\/uploads\/2024\/06\/formlabs-form4-elastic-50a-resin.webp","datePublished":"2024-06-03T13:19:06+00:00","dateModified":"2026-05-05T14:59:17+00:00","description":"Ce mat\u00e9riau d'une duret\u00e9 Shore de 50A est adapt\u00e9 aux prototypes habituellement r\u00e9alis\u00e9s en silicone. Elastic 50A Resin V2 est la nouvelle formulation de l'Elastic Resin et offre de nombreuses am\u00e9liorations telles qu'un retrait plus facile des supports, un temps d'impression plus court et des pi\u00e8ces plus transparentes apr\u00e8s durcissement. De plus, l'odeur d\u00e9gag\u00e9e pendant l'impression a \u00e9t\u00e9 r\u00e9duite par rapport \u00e0 la r\u00e9sine pr\u00e9c\u00e9dente.","breadcrumb":{"@id":"https:\/\/3d-edu.ch\/fr\/boutique\/formlabs-form-4-elastic-50a-resin-resine-1l-v2\/#breadcrumb"},"inLanguage":"fr-FR","potentialAction":[{"@type":"ReadAction","target":["https:\/\/3d-edu.ch\/fr\/boutique\/formlabs-form-4-elastic-50a-resin-resine-1l-v2\/"]}]},{"@type":"ImageObject","inLanguage":"fr-FR","@id":"https:\/\/3d-edu.ch\/fr\/boutique\/formlabs-form-4-elastic-50a-resin-resine-1l-v2\/#primaryimage","url":"https:\/\/3d-edu.ch\/wp-content\/uploads\/2024\/06\/formlabs-form4-elastic-50a-resin.webp","contentUrl":"https:\/\/3d-edu.ch\/wp-content\/uploads\/2024\/06\/formlabs-form4-elastic-50a-resin.webp","width":380,"height":380},{"@type":"BreadcrumbList","@id":"https:\/\/3d-edu.ch\/fr\/boutique\/formlabs-form-4-elastic-50a-resin-resine-1l-v2\/#breadcrumb","itemListElement":[{"@type":"ListItem","position":1,"name":"Accueil","item":"https:\/\/3d-edu.ch\/fr\/"},{"@type":"ListItem","position":2,"name":"Boutique","item":"https:\/\/3d-edu.ch\/fr\/boutique\/"},{"@type":"ListItem","position":3,"name":"Formlabs Form 4 Elastic 50A Resin \/ R\u00e9sine 1L V2"}]},{"@type":"WebSite","@id":"https:\/\/3d-edu.ch\/fr\/#website","url":"https:\/\/3d-edu.ch\/fr\/","name":"3D-EDU GmbH","description":"Your Formlabs, UltiMaker and Raise3D Printer Support and Education Site in Switzerland. \/\/ Ihre Formlabs, UltiMaker and Raise3D Drucker Support und Bildungs Webseite der Schweiz.","publisher":{"@id":"https:\/\/3d-edu.ch\/fr\/#organization"},"potentialAction":[{"@type":"SearchAction","target":{"@type":"EntryPoint","urlTemplate":"https:\/\/3d-edu.ch\/fr\/?s={search_term_string}"},"query-input":{"@type":"PropertyValueSpecification","valueRequired":true,"valueName":"search_term_string"}}],"inLanguage":"fr-FR"},{"@type":["Organization","Place","ElectronicsStore"],"@id":"https:\/\/3d-edu.ch\/fr\/#organization","name":"3D-EDU GmbH","url":"https:\/\/3d-edu.ch\/fr\/","logo":{"@id":"https:\/\/3d-edu.ch\/fr\/boutique\/formlabs-form-4-elastic-50a-resin-resine-1l-v2\/#local-main-organization-logo"},"image":{"@id":"https:\/\/3d-edu.ch\/fr\/boutique\/formlabs-form-4-elastic-50a-resin-resine-1l-v2\/#local-main-organization-logo"},"sameAs":["https:\/\/www.facebook.com\/3d-educh-210277586064960\/","https:\/\/x.com\/3d_edu_ch"],"address":{"@id":"https:\/\/3d-edu.ch\/fr\/boutique\/formlabs-form-4-elastic-50a-resin-resine-1l-v2\/#local-main-place-address"},"geo":{"@type":"GeoCoordinates","latitude":"47.38413","longitude":"8.49812"},"telephone":["+41 44 492 11 22"],"openingHoursSpecification":[{"@type":"OpeningHoursSpecification","dayOfWeek":["Monday","Tuesday","Wednesday","Thursday","Friday"],"opens":"08:30","closes":"18:00"},{"@type":"OpeningHoursSpecification","dayOfWeek":["Saturday","Sunday"],"opens":"00:00","closes":"00:00"}],"email":"info@3d-edu.ch","faxNumber":"+41 44 492 11 23","vatID":"CHE-184.499.491 MWST","priceRange":"$$$","currenciesAccepted":"CHF"},{"@type":"PostalAddress","@id":"https:\/\/3d-edu.ch\/fr\/boutique\/formlabs-form-4-elastic-50a-resin-resine-1l-v2\/#local-main-place-address","streetAddress":"3D-EDU GmbH, Badenerstrasse 556","addressLocality":"Z\u00fcrich","postalCode":"8048","addressRegion":"Z\u00fcrich","addressCountry":"CH"},{"@type":"ImageObject","inLanguage":"fr-FR","@id":"https:\/\/3d-edu.ch\/fr\/boutique\/formlabs-form-4-elastic-50a-resin-resine-1l-v2\/#local-main-organization-logo","url":"https:\/\/3d-edu.ch\/wp-content\/uploads\/2018\/10\/3d-drucker-makerbot-formlabs-professionelle-3d-drucker-e1546527990490.png","contentUrl":"https:\/\/3d-edu.ch\/wp-content\/uploads\/2018\/10\/3d-drucker-makerbot-formlabs-professionelle-3d-drucker-e1546527990490.png","width":275,"height":80,"caption":"3D-EDU GmbH"}]},"product_price_amount":"203.41","product_price_currency":"CHF","og_availability":"instock","product_availability":"instock","product_retailer_item_id":"RS-C2-ELCL-02","product_condition":"new","geo.placename":"Z\u00fcrich","geo.position":{"lat":"47.38413","long":"8.49812"},"geo.region":"Suisse"},"_links":{"self":[{"href":"https:\/\/3d-edu.ch\/fr\/wp-json\/wp\/v2\/product\/76261","targetHints":{"allow":["GET"]}}],"collection":[{"href":"https:\/\/3d-edu.ch\/fr\/wp-json\/wp\/v2\/product"}],"about":[{"href":"https:\/\/3d-edu.ch\/fr\/wp-json\/wp\/v2\/types\/product"}],"replies":[{"embeddable":true,"href":"https:\/\/3d-edu.ch\/fr\/wp-json\/wp\/v2\/comments?post=76261"}],"wp:featuredmedia":[{"embeddable":true,"href":"https:\/\/3d-edu.ch\/fr\/wp-json\/wp\/v2\/media\/70511"}],"wp:attachment":[{"href":"https:\/\/3d-edu.ch\/fr\/wp-json\/wp\/v2\/media?parent=76261"}],"wp:term":[{"taxonomy":"product_brand","embeddable":true,"href":"https:\/\/3d-edu.ch\/fr\/wp-json\/wp\/v2\/product_brand?post=76261"},{"taxonomy":"product_cat","embeddable":true,"href":"https:\/\/3d-edu.ch\/fr\/wp-json\/wp\/v2\/product_cat?post=76261"},{"taxonomy":"product_tag","embeddable":true,"href":"https:\/\/3d-edu.ch\/fr\/wp-json\/wp\/v2\/product_tag?post=76261"}],"curies":[{"name":"wp","href":"https:\/\/api.w.org\/{rel}","templated":true}]}}