{"id":76188,"date":"2024-06-24T09:51:30","date_gmt":"2024-06-24T09:51:30","guid":{"rendered":"https:\/\/3d-edu.ch\/shop\/formlabs-open-material-mode\/"},"modified":"2026-04-09T13:05:36","modified_gmt":"2026-04-09T11:05:36","slug":"formlabs-open-material-mode","status":"publish","type":"product","link":"https:\/\/3d-edu.ch\/fr\/boutique\/formlabs-open-material-mode\/","title":{"rendered":"Formlabs Open Material Mode"},"content":{"rendered":"<h2><strong>Formlabs Open Material Mode<\/strong><\/h2>\n<p>Contenu de la livraison :<\/p>\n<ul>\n<li>1x Formlabs Open Material Mode, activable sur une imprimante (Form 3\/Form 3+\/Form 3B, Form 3B+\/Form 3L\/Form 3BL, Form 4\/Form 4B) apr\u00e8s l&rsquo;achat de la cl\u00e9 de licence num\u00e9rique).<\/li>\n<\/ul>\n","protected":false},"excerpt":{"rendered":"<h2><strong>Formlabs Open Material Mode<\/strong><\/h2>\n<p>Formlabs offre un acc\u00e8s ouvert \u00e0 son \u00e9cosyst\u00e8me SLA aux utilisateurs exp\u00e9riment\u00e9s gr\u00e2ce \u00e0 l&rsquo;Open Material Mode. L&rsquo;Open Material Mode (OMM) de Formlabs vous donne un acc\u00e8s complet \u00e0 l&rsquo;utilisation de mat\u00e9riaux tiers, ce qui vous permet d&rsquo;explorer sans fin de nouvelles possibilit\u00e9s sur l&rsquo;\u00e9cosyst\u00e8me SLA professionnel le plus fiable du secteur. Imprimez avec n&rsquo;importe quelle autre r\u00e9sine photopolym\u00e8re (polym\u00e9risation \u00e0 405 nm).  <\/p>\n<p>Comme il n&rsquo;existe pas de cartouches utilisables pour des mat\u00e9riaux tiers, la r\u00e9sine est vers\u00e9e manuellement dans le r\u00e9servoir de r\u00e9sine. Celui-ci doit toujours \u00eatre v\u00e9rifi\u00e9 pour s&rsquo;assurer qu&rsquo;il est suffisamment rempli. La pr\u00e9paration de l&rsquo;impression en pr\u00e9forme et le post-traitement restent identiques en termes de flux de travail - seuls les param\u00e8tres doivent \u00eatre adapt\u00e9s en fonction de votre mat\u00e9riau.  <\/p>\n<p>Compatible avec :<\/p>\n<ul>\n<li><strong>Forme 3\/Form 3+\/Form 3B\/Form 3B+<\/strong><\/li>\n<li><strong>Forme 3L\/ Forme 3BL<\/strong><\/li>\n<li><strong>Forme 4\/Form 4B<\/strong><\/li>\n<\/ul>\n<p>&nbsp;<\/p>\n","protected":false},"featured_media":70318,"comment_status":"closed","ping_status":"closed","template":"","meta":[],"product_brand":[],"product_cat":[],"product_tag":[7785,7784,8548,8553,8552,8550,8554],"class_list":{"0":"post-76188","1":"product","2":"type-product","3":"status-publish","4":"has-post-thumbnail","6":"product_tag-accessoires-formlabs","7":"product_tag-formlabs-fr","8":"product_tag-licence-de-materiel-libre","9":"product_tag-mode-materiel-ouvert","10":"product_tag-sft-oml-f3-1","11":"product_tag-sft-oml-f3l-1","12":"product_tag-sft-omm-f4-1","13":"yith_product_brand-formlabs-fr","15":"first","16":"instock","17":"taxable","18":"shipping-taxable","19":"purchasable","20":"product-type-variable"},"yoast_head":"<!-- This site is optimized with the Yoast SEO Premium plugin v27.5 (Yoast SEO v27.5) - https:\/\/yoast.com\/product\/yoast-seo-premium-wordpress\/ -->\n<title>Formlabs Open Material Mode %%page% Chambre de durcissement UV - de Formlabs - 3D-EDU GmbH<\/title>\n<meta name=\"robots\" content=\"index, follow, max-snippet:-1, max-image-preview:large, max-video-preview:-1\" \/>\n<link rel=\"canonical\" href=\"https:\/\/3d-edu.ch\/fr\/boutique\/formlabs-open-material-mode\/\" \/>\n<meta property=\"og:locale\" content=\"fr_FR\" \/>\n<meta property=\"og:type\" content=\"article\" \/>\n<meta property=\"og:title\" content=\"Formlabs Open Material Mode\" \/>\n<meta property=\"og:description\" content=\"Formlabs Open Material Mode Formlabs offre un acc\u00e8s ouvert \u00e0 son \u00e9cosyst\u00e8me SLA aux utilisateurs exp\u00e9riment\u00e9s gr\u00e2ce \u00e0 l&#039;Open Material Mode. L&#039;Open Material Mode (OMM) de Formlabs vous donne un acc\u00e8s complet \u00e0 l&#039;utilisation de mat\u00e9riaux tiers, ce qui vous permet d&#039;explorer sans fin de nouvelles possibilit\u00e9s sur l&#039;\u00e9cosyst\u00e8me SLA professionnel le plus fiable du secteur. Imprimez avec n&#039;importe quelle autre r\u00e9sine photopolym\u00e8re (polym\u00e9risation \u00e0 405 nm).  Comme il n&#039;existe pas de cartouches utilisables pour des mat\u00e9riaux tiers, la r\u00e9sine est vers\u00e9e manuellement dans le r\u00e9servoir de r\u00e9sine. Celui-ci doit toujours \u00eatre v\u00e9rifi\u00e9 pour s&#039;assurer qu&#039;il est suffisamment rempli. La pr\u00e9paration de l&#039;impression en pr\u00e9forme et le post-traitement restent identiques en termes de flux de travail - seuls les param\u00e8tres doivent \u00eatre adapt\u00e9s en fonction de votre mat\u00e9riau.  Compatible avec :  Forme 3\/Form 3+\/Form 3B\/Form 3B+  Forme 3L\/ Forme 3BL  Forme 4\/Form 4B &nbsp;\" \/>\n<meta property=\"og:url\" content=\"https:\/\/3d-edu.ch\/fr\/boutique\/formlabs-open-material-mode\/\" \/>\n<meta property=\"og:site_name\" content=\"3D-EDU GmbH\" \/>\n<meta property=\"article:publisher\" content=\"https:\/\/www.facebook.com\/3d-educh-210277586064960\/\" \/>\n<meta property=\"article:modified_time\" content=\"2026-04-09T11:05:36+00:00\" \/>\n<meta property=\"og:image\" content=\"https:\/\/dedune53.myhostpoint.ch\/wp-content\/uploads\/2019\/01\/form-2-3d-printer.jpg\" \/>\n<meta name=\"twitter:card\" content=\"summary_large_image\" \/>\n<meta name=\"twitter:image\" content=\"https:\/\/dedune53.myhostpoint.ch\/wp-content\/uploads\/2019\/01\/formlabs-form-wash-formlabs-form-cure.jpg\" \/>\n<meta name=\"twitter:site\" content=\"@3d_edu_ch\" \/>\n<meta name=\"twitter:label1\" content=\"Disponibilit\u00e9\" \/>\n\t<meta name=\"twitter:data1\" content=\"En stock\" \/>\n<script type=\"application\/ld+json\" class=\"yoast-schema-graph\">{\"@context\":\"https:\\\/\\\/schema.org\",\"@graph\":[{\"@type\":\"WebPage\",\"@id\":\"https:\\\/\\\/3d-edu.ch\\\/fr\\\/boutique\\\/formlabs-open-material-mode\\\/\",\"url\":\"https:\\\/\\\/3d-edu.ch\\\/fr\\\/boutique\\\/formlabs-open-material-mode\\\/\",\"name\":\"Formlabs Open Material Mode %%page% Chambre de durcissement UV - de Formlabs - 3D-EDU GmbH\",\"isPartOf\":{\"@id\":\"https:\\\/\\\/3d-edu.ch\\\/fr\\\/#website\"},\"primaryImageOfPage\":{\"@id\":\"https:\\\/\\\/3d-edu.ch\\\/fr\\\/boutique\\\/formlabs-open-material-mode\\\/#primaryimage\"},\"image\":{\"@id\":\"https:\\\/\\\/3d-edu.ch\\\/fr\\\/boutique\\\/formlabs-open-material-mode\\\/#primaryimage\"},\"thumbnailUrl\":\"https:\\\/\\\/3d-edu.ch\\\/wp-content\\\/uploads\\\/2024\\\/06\\\/formlabs-open-material-license-form-3.webp\",\"datePublished\":\"2024-06-24T09:51:30+00:00\",\"dateModified\":\"2026-04-09T11:05:36+00:00\",\"breadcrumb\":{\"@id\":\"https:\\\/\\\/3d-edu.ch\\\/fr\\\/boutique\\\/formlabs-open-material-mode\\\/#breadcrumb\"},\"inLanguage\":\"fr-FR\",\"potentialAction\":[{\"@type\":\"ReadAction\",\"target\":[\"https:\\\/\\\/3d-edu.ch\\\/fr\\\/boutique\\\/formlabs-open-material-mode\\\/\"]}]},{\"@type\":\"ImageObject\",\"inLanguage\":\"fr-FR\",\"@id\":\"https:\\\/\\\/3d-edu.ch\\\/fr\\\/boutique\\\/formlabs-open-material-mode\\\/#primaryimage\",\"url\":\"https:\\\/\\\/3d-edu.ch\\\/wp-content\\\/uploads\\\/2024\\\/06\\\/formlabs-open-material-license-form-3.webp\",\"contentUrl\":\"https:\\\/\\\/3d-edu.ch\\\/wp-content\\\/uploads\\\/2024\\\/06\\\/formlabs-open-material-license-form-3.webp\",\"width\":380,\"height\":380,\"caption\":\"Formlabs Open Material License Form 3\"},{\"@type\":\"BreadcrumbList\",\"@id\":\"https:\\\/\\\/3d-edu.ch\\\/fr\\\/boutique\\\/formlabs-open-material-mode\\\/#breadcrumb\",\"itemListElement\":[{\"@type\":\"ListItem\",\"position\":1,\"name\":\"Accueil\",\"item\":\"https:\\\/\\\/3d-edu.ch\\\/fr\\\/\"},{\"@type\":\"ListItem\",\"position\":2,\"name\":\"Boutique\",\"item\":\"https:\\\/\\\/3d-edu.ch\\\/fr\\\/boutique\\\/\"},{\"@type\":\"ListItem\",\"position\":3,\"name\":\"Formlabs Open Material Mode\"}]},{\"@type\":\"WebSite\",\"@id\":\"https:\\\/\\\/3d-edu.ch\\\/fr\\\/#website\",\"url\":\"https:\\\/\\\/3d-edu.ch\\\/fr\\\/\",\"name\":\"3D-EDU GmbH\",\"description\":\"Your Formlabs, UltiMaker and Raise3D Printer Support and Education Site in Switzerland. \\\/\\\/ Ihre Formlabs, UltiMaker and Raise3D Drucker Support und Bildungs Webseite der Schweiz.\",\"publisher\":{\"@id\":\"https:\\\/\\\/3d-edu.ch\\\/fr\\\/#organization\"},\"potentialAction\":[{\"@type\":\"SearchAction\",\"target\":{\"@type\":\"EntryPoint\",\"urlTemplate\":\"https:\\\/\\\/3d-edu.ch\\\/fr\\\/?s={search_term_string}\"},\"query-input\":{\"@type\":\"PropertyValueSpecification\",\"valueRequired\":true,\"valueName\":\"search_term_string\"}}],\"inLanguage\":\"fr-FR\"},{\"@type\":[\"Organization\",\"Place\",\"ElectronicsStore\"],\"@id\":\"https:\\\/\\\/3d-edu.ch\\\/fr\\\/#organization\",\"name\":\"3D-EDU GmbH\",\"url\":\"https:\\\/\\\/3d-edu.ch\\\/fr\\\/\",\"logo\":{\"@id\":\"https:\\\/\\\/3d-edu.ch\\\/fr\\\/boutique\\\/formlabs-open-material-mode\\\/#local-main-organization-logo\"},\"image\":{\"@id\":\"https:\\\/\\\/3d-edu.ch\\\/fr\\\/boutique\\\/formlabs-open-material-mode\\\/#local-main-organization-logo\"},\"sameAs\":[\"https:\\\/\\\/www.facebook.com\\\/3d-educh-210277586064960\\\/\",\"https:\\\/\\\/x.com\\\/3d_edu_ch\"],\"address\":{\"@id\":\"https:\\\/\\\/3d-edu.ch\\\/fr\\\/boutique\\\/formlabs-open-material-mode\\\/#local-main-place-address\"},\"geo\":{\"@type\":\"GeoCoordinates\",\"latitude\":\"47.38413\",\"longitude\":\"8.49812\"},\"telephone\":[\"+41 44 492 11 22\"],\"openingHoursSpecification\":[{\"@type\":\"OpeningHoursSpecification\",\"dayOfWeek\":[\"Monday\",\"Tuesday\",\"Wednesday\",\"Thursday\",\"Friday\"],\"opens\":\"08:30\",\"closes\":\"18:00\"},{\"@type\":\"OpeningHoursSpecification\",\"dayOfWeek\":[\"Saturday\",\"Sunday\"],\"opens\":\"00:00\",\"closes\":\"00:00\"}],\"email\":\"info@3d-edu.ch\",\"faxNumber\":\"+41 44 492 11 23\",\"vatID\":\"CHE-184.499.491 MWST\",\"priceRange\":\"$$$\",\"currenciesAccepted\":\"CHF\"},{\"@type\":\"PostalAddress\",\"@id\":\"https:\\\/\\\/3d-edu.ch\\\/fr\\\/boutique\\\/formlabs-open-material-mode\\\/#local-main-place-address\",\"streetAddress\":\"3D-EDU GmbH, Badenerstrasse 556\",\"addressLocality\":\"Z\u00fcrich\",\"postalCode\":\"8048\",\"addressRegion\":\"Z\u00fcrich\",\"addressCountry\":\"CH\"},{\"@type\":\"ImageObject\",\"inLanguage\":\"fr-FR\",\"@id\":\"https:\\\/\\\/3d-edu.ch\\\/fr\\\/boutique\\\/formlabs-open-material-mode\\\/#local-main-organization-logo\",\"url\":\"https:\\\/\\\/3d-edu.ch\\\/wp-content\\\/uploads\\\/2018\\\/10\\\/3d-drucker-makerbot-formlabs-professionelle-3d-drucker-e1546527990490.png\",\"contentUrl\":\"https:\\\/\\\/3d-edu.ch\\\/wp-content\\\/uploads\\\/2018\\\/10\\\/3d-drucker-makerbot-formlabs-professionelle-3d-drucker-e1546527990490.png\",\"width\":275,\"height\":80,\"caption\":\"3D-EDU GmbH\"}]}<\/script>\n<meta property=\"og:availability\" content=\"instock\" \/>\n<meta property=\"product:availability\" content=\"instock\" \/>\n<meta property=\"product:condition\" content=\"new\" \/>\n<meta name=\"geo.placename\" content=\"Z\u00fcrich\" \/>\n<meta name=\"geo.position\" content=\"47.38413;8.49812\" \/>\n<meta name=\"geo.region\" content=\"Suisse\" \/>\n<!-- \/ Yoast SEO Premium plugin. -->","yoast_head_json":{"title":"Formlabs Open Material Mode %%page% Chambre de durcissement UV - de Formlabs - 3D-EDU GmbH","robots":{"index":"index","follow":"follow","max-snippet":"max-snippet:-1","max-image-preview":"max-image-preview:large","max-video-preview":"max-video-preview:-1"},"canonical":"https:\/\/3d-edu.ch\/fr\/boutique\/formlabs-open-material-mode\/","og_locale":"fr_FR","og_type":"article","og_title":"Formlabs Open Material Mode","og_description":"Formlabs Open Material Mode Formlabs offre un acc\u00e8s ouvert \u00e0 son \u00e9cosyst\u00e8me SLA aux utilisateurs exp\u00e9riment\u00e9s gr\u00e2ce \u00e0 l'Open Material Mode. L'Open Material Mode (OMM) de Formlabs vous donne un acc\u00e8s complet \u00e0 l'utilisation de mat\u00e9riaux tiers, ce qui vous permet d'explorer sans fin de nouvelles possibilit\u00e9s sur l'\u00e9cosyst\u00e8me SLA professionnel le plus fiable du secteur. Imprimez avec n'importe quelle autre r\u00e9sine photopolym\u00e8re (polym\u00e9risation \u00e0 405 nm).  Comme il n'existe pas de cartouches utilisables pour des mat\u00e9riaux tiers, la r\u00e9sine est vers\u00e9e manuellement dans le r\u00e9servoir de r\u00e9sine. Celui-ci doit toujours \u00eatre v\u00e9rifi\u00e9 pour s'assurer qu'il est suffisamment rempli. La pr\u00e9paration de l'impression en pr\u00e9forme et le post-traitement restent identiques en termes de flux de travail - seuls les param\u00e8tres doivent \u00eatre adapt\u00e9s en fonction de votre mat\u00e9riau.  Compatible avec :  Forme 3\/Form 3+\/Form 3B\/Form 3B+  Forme 3L\/ Forme 3BL  Forme 4\/Form 4B &nbsp;","og_url":"https:\/\/3d-edu.ch\/fr\/boutique\/formlabs-open-material-mode\/","og_site_name":"3D-EDU GmbH","article_publisher":"https:\/\/www.facebook.com\/3d-educh-210277586064960\/","article_modified_time":"2026-04-09T11:05:36+00:00","og_image":[{"url":"https:\/\/dedune53.myhostpoint.ch\/wp-content\/uploads\/2019\/01\/form-2-3d-printer.jpg","type":"","width":"","height":""}],"twitter_card":"summary_large_image","twitter_image":"https:\/\/dedune53.myhostpoint.ch\/wp-content\/uploads\/2019\/01\/formlabs-form-wash-formlabs-form-cure.jpg","twitter_site":"@3d_edu_ch","twitter_misc":{"Disponibilit\u00e9":"En stock"},"schema":{"@context":"https:\/\/schema.org","@graph":[{"@type":"WebPage","@id":"https:\/\/3d-edu.ch\/fr\/boutique\/formlabs-open-material-mode\/","url":"https:\/\/3d-edu.ch\/fr\/boutique\/formlabs-open-material-mode\/","name":"Formlabs Open Material Mode %%page% Chambre de durcissement UV - de Formlabs - 3D-EDU GmbH","isPartOf":{"@id":"https:\/\/3d-edu.ch\/fr\/#website"},"primaryImageOfPage":{"@id":"https:\/\/3d-edu.ch\/fr\/boutique\/formlabs-open-material-mode\/#primaryimage"},"image":{"@id":"https:\/\/3d-edu.ch\/fr\/boutique\/formlabs-open-material-mode\/#primaryimage"},"thumbnailUrl":"https:\/\/3d-edu.ch\/wp-content\/uploads\/2024\/06\/formlabs-open-material-license-form-3.webp","datePublished":"2024-06-24T09:51:30+00:00","dateModified":"2026-04-09T11:05:36+00:00","breadcrumb":{"@id":"https:\/\/3d-edu.ch\/fr\/boutique\/formlabs-open-material-mode\/#breadcrumb"},"inLanguage":"fr-FR","potentialAction":[{"@type":"ReadAction","target":["https:\/\/3d-edu.ch\/fr\/boutique\/formlabs-open-material-mode\/"]}]},{"@type":"ImageObject","inLanguage":"fr-FR","@id":"https:\/\/3d-edu.ch\/fr\/boutique\/formlabs-open-material-mode\/#primaryimage","url":"https:\/\/3d-edu.ch\/wp-content\/uploads\/2024\/06\/formlabs-open-material-license-form-3.webp","contentUrl":"https:\/\/3d-edu.ch\/wp-content\/uploads\/2024\/06\/formlabs-open-material-license-form-3.webp","width":380,"height":380,"caption":"Formlabs Open Material License Form 3"},{"@type":"BreadcrumbList","@id":"https:\/\/3d-edu.ch\/fr\/boutique\/formlabs-open-material-mode\/#breadcrumb","itemListElement":[{"@type":"ListItem","position":1,"name":"Accueil","item":"https:\/\/3d-edu.ch\/fr\/"},{"@type":"ListItem","position":2,"name":"Boutique","item":"https:\/\/3d-edu.ch\/fr\/boutique\/"},{"@type":"ListItem","position":3,"name":"Formlabs Open Material Mode"}]},{"@type":"WebSite","@id":"https:\/\/3d-edu.ch\/fr\/#website","url":"https:\/\/3d-edu.ch\/fr\/","name":"3D-EDU GmbH","description":"Your Formlabs, UltiMaker and Raise3D Printer Support and Education Site in Switzerland. \/\/ Ihre Formlabs, UltiMaker and Raise3D Drucker Support und Bildungs Webseite der Schweiz.","publisher":{"@id":"https:\/\/3d-edu.ch\/fr\/#organization"},"potentialAction":[{"@type":"SearchAction","target":{"@type":"EntryPoint","urlTemplate":"https:\/\/3d-edu.ch\/fr\/?s={search_term_string}"},"query-input":{"@type":"PropertyValueSpecification","valueRequired":true,"valueName":"search_term_string"}}],"inLanguage":"fr-FR"},{"@type":["Organization","Place","ElectronicsStore"],"@id":"https:\/\/3d-edu.ch\/fr\/#organization","name":"3D-EDU GmbH","url":"https:\/\/3d-edu.ch\/fr\/","logo":{"@id":"https:\/\/3d-edu.ch\/fr\/boutique\/formlabs-open-material-mode\/#local-main-organization-logo"},"image":{"@id":"https:\/\/3d-edu.ch\/fr\/boutique\/formlabs-open-material-mode\/#local-main-organization-logo"},"sameAs":["https:\/\/www.facebook.com\/3d-educh-210277586064960\/","https:\/\/x.com\/3d_edu_ch"],"address":{"@id":"https:\/\/3d-edu.ch\/fr\/boutique\/formlabs-open-material-mode\/#local-main-place-address"},"geo":{"@type":"GeoCoordinates","latitude":"47.38413","longitude":"8.49812"},"telephone":["+41 44 492 11 22"],"openingHoursSpecification":[{"@type":"OpeningHoursSpecification","dayOfWeek":["Monday","Tuesday","Wednesday","Thursday","Friday"],"opens":"08:30","closes":"18:00"},{"@type":"OpeningHoursSpecification","dayOfWeek":["Saturday","Sunday"],"opens":"00:00","closes":"00:00"}],"email":"info@3d-edu.ch","faxNumber":"+41 44 492 11 23","vatID":"CHE-184.499.491 MWST","priceRange":"$$$","currenciesAccepted":"CHF"},{"@type":"PostalAddress","@id":"https:\/\/3d-edu.ch\/fr\/boutique\/formlabs-open-material-mode\/#local-main-place-address","streetAddress":"3D-EDU GmbH, Badenerstrasse 556","addressLocality":"Z\u00fcrich","postalCode":"8048","addressRegion":"Z\u00fcrich","addressCountry":"CH"},{"@type":"ImageObject","inLanguage":"fr-FR","@id":"https:\/\/3d-edu.ch\/fr\/boutique\/formlabs-open-material-mode\/#local-main-organization-logo","url":"https:\/\/3d-edu.ch\/wp-content\/uploads\/2018\/10\/3d-drucker-makerbot-formlabs-professionelle-3d-drucker-e1546527990490.png","contentUrl":"https:\/\/3d-edu.ch\/wp-content\/uploads\/2018\/10\/3d-drucker-makerbot-formlabs-professionelle-3d-drucker-e1546527990490.png","width":275,"height":80,"caption":"3D-EDU GmbH"}]},"og_availability":"instock","product_availability":"instock","product_condition":"new","geo.placename":"Z\u00fcrich","geo.position":{"lat":"47.38413","long":"8.49812"},"geo.region":"Suisse"},"_links":{"self":[{"href":"https:\/\/3d-edu.ch\/fr\/wp-json\/wp\/v2\/product\/76188","targetHints":{"allow":["GET"]}}],"collection":[{"href":"https:\/\/3d-edu.ch\/fr\/wp-json\/wp\/v2\/product"}],"about":[{"href":"https:\/\/3d-edu.ch\/fr\/wp-json\/wp\/v2\/types\/product"}],"replies":[{"embeddable":true,"href":"https:\/\/3d-edu.ch\/fr\/wp-json\/wp\/v2\/comments?post=76188"}],"wp:featuredmedia":[{"embeddable":true,"href":"https:\/\/3d-edu.ch\/fr\/wp-json\/wp\/v2\/media\/70318"}],"wp:attachment":[{"href":"https:\/\/3d-edu.ch\/fr\/wp-json\/wp\/v2\/media?parent=76188"}],"wp:term":[{"taxonomy":"product_brand","embeddable":true,"href":"https:\/\/3d-edu.ch\/fr\/wp-json\/wp\/v2\/product_brand?post=76188"},{"taxonomy":"product_cat","embeddable":true,"href":"https:\/\/3d-edu.ch\/fr\/wp-json\/wp\/v2\/product_cat?post=76188"},{"taxonomy":"product_tag","embeddable":true,"href":"https:\/\/3d-edu.ch\/fr\/wp-json\/wp\/v2\/product_tag?post=76188"}],"curies":[{"name":"wp","href":"https:\/\/api.w.org\/{rel}","templated":true}]}}