{"id":76184,"date":"2024-06-13T09:45:10","date_gmt":"2024-06-13T07:45:10","guid":{"rendered":"https:\/\/3d-edu.ch\/shop\/raise3d-pro3-plus-hs\/"},"modified":"2026-01-27T16:11:00","modified_gmt":"2026-01-27T15:11:00","slug":"raise3d-pro3-plus-hs","status":"publish","type":"product","link":"https:\/\/3d-edu.ch\/fr\/boutique\/raise3d-pro3-plus-hs\/","title":{"rendered":"Raise3D Pro3 Plus HS"},"content":{"rendered":"<h2>Raise3D Pro3 Plus HS<\/h2>\n<p>La technologie HyperFFF\u00ae am\u00e9liore consid\u00e9rablement les performances d&rsquo;impression gr\u00e2ce \u00e0 un nouveau design de la t\u00eate d&rsquo;impression qui r\u00e9sout les probl\u00e8mes de pliage. Cette technologie est d\u00e9sormais \u00e9galement compatible avec la s\u00e9rie Pro3 normale. <\/p>\n<p><strong>HyperCore et mat\u00e9riaux haute performance :<\/strong><\/p>\n<ul>\n<li><strong>Nouveau design du hotend :<\/strong> le hotend dispose d&rsquo;une buse SiC (carbure de silicium) sp\u00e9cialement con\u00e7ue pour \u00eatre utilis\u00e9e avec les filaments HyperCore\u00ae.<\/li>\n<li><strong>Compatibilit\u00e9 :<\/strong> ce hotend est \u00e9galement compatible avec la s\u00e9rie Pro3, ce qui \u00e9largit la flexibilit\u00e9 d&rsquo;impression et le choix des mat\u00e9riaux.<\/li>\n<\/ul>\n<p><strong>Temp\u00e9rature d&rsquo;extrusion \u00e9lev\u00e9e :<\/strong><\/p>\n<ul>\n<li><strong>Temp\u00e9rature maximale :<\/strong> la temp\u00e9rature d&rsquo;extrusion a \u00e9t\u00e9 augment\u00e9e \u00e0 320 \u00baC pour permettre l&rsquo;impression de mat\u00e9riaux plus exigeants. Cela am\u00e9liore consid\u00e9rablement les performances et la polyvalence de l&rsquo;imprimante. <\/li>\n<\/ul>\n<p><strong>Augmentation du temps de fonctionnement de l&rsquo;imprimante :<\/strong><\/p>\n<ul>\n<li><strong>T\u00eates d&rsquo;impression doubles :<\/strong> la s\u00e9rie Pro3 est \u00e9quip\u00e9e de deux t\u00eates d&rsquo;impression qui se relaient sans interruption. Lorsque le support de la premi\u00e8re t\u00eate d&rsquo;impression est \u00e9puis\u00e9, la seconde prend automatiquement le relais, ce qui permet au processus d&rsquo;impression de se poursuivre sans interruption. <\/li>\n<\/ul>\n<p><strong>Optimisation du syst\u00e8me d&rsquo;entra\u00eenement :<\/strong><\/p>\n<ul>\n<li><strong>Moteurs pas \u00e0 pas en boucle ferm\u00e9e :<\/strong> de nouveaux moteurs pas \u00e0 pas en boucle ferm\u00e9e ont \u00e9t\u00e9 mis en place pour am\u00e9liorer la pr\u00e9cision du mouvement de l&rsquo;extrudeuse. Cela garantit une plus grande stabilit\u00e9 et \u00e9limine les pertes de pas, ce qui se traduit par une meilleure qualit\u00e9 d&rsquo;impression. <\/li>\n<\/ul>\n<p><strong>Nouveau capteur RFID :<\/strong><\/p>\n<ul>\n<li><strong>Marquage RFID :<\/strong> un capteur RFID int\u00e9gr\u00e9 pr\u00e9pare le syst\u00e8me \u00e0 de futures am\u00e9liorations, comme le marquage RFID du filament. Cela simplifiera le suivi et la gestion des mat\u00e9riaux et optimisera encore le processus d&rsquo;impression. <\/li>\n<\/ul>\n<h3>R\u00e9sum\u00e9<\/h3>\n<p>La s\u00e9rie Pro3 avec technologie HyperFFF\u00ae offre de nombreux avantages, notamment<\/p>\n<ul>\n<li><strong>Am\u00e9lioration des performances et de la pr\u00e9cision d&rsquo;impression<\/strong><\/li>\n<li><strong>Diversit\u00e9 et flexibilit\u00e9 accrues des mat\u00e9riaux<\/strong><\/li>\n<li><strong>Temps de fonctionnement plus long sans interruption<\/strong><\/li>\n<li><strong>Des fonctions d&rsquo;avenir comme l&rsquo;identification RFID<\/strong><\/li>\n<\/ul>\n<p>Ces nouvelles fonctionnalit\u00e9s et am\u00e9liorations font de la s\u00e9rie Pro3 un choix puissant et polyvalent pour l&rsquo;impression 3D industrielle et d&rsquo;autres applications exigeantes.<\/p>\n<p>Nous sommes un <a href=\"https:\/\/www.raise3d.eu\/reseller\/\" target=\"_blank\" rel=\"noopener noreferrer\">revendeur certifi\u00e9 Raise3D<\/a>, ce qui nous permet de vous offrir un excellent service autour des produits Raise3D.<\/p>\n<div class=\"accordion\">\n\t<div id=\"accordion-3485806780\" class=\"accordion-item\">\n\t\t<a id=\"accordion-3485806780-label\" class=\"accordion-title plain\" href=\"#accordion-item-contenu-de-la-livraison\" aria-expanded=\"false\" aria-controls=\"accordion-3485806780-content\">\n\t\t\t<button class=\"toggle\" aria-label=\"Basculer\"><i class=\"icon-angle-down\" aria-hidden=\"true\"><\/i><\/button>\n\t\t\t<span>Contenu de la livraison<\/span>\n\t\t<\/a>\n\t\t<div id=\"accordion-3485806780-content\" class=\"accordion-inner\" aria-labelledby=\"accordion-3485806780-label\">\n\t\t\t\n<ul>\n<li>Technologie HyperFFF\u00ae int\u00e9gr\u00e9e<\/li>\n<li>HyperCore et mat\u00e9riaux industriels haute performance<\/li>\n<li>Temp\u00e9rature d&rsquo;extrusion \u00e9lev\u00e9e<\/li>\n<li>Optimisation du syst\u00e8me d&rsquo;entra\u00eenement<\/li>\n<li>Volume d&rsquo;impression 300 \u00d7 300 \u00d7 605 mm<\/li>\n<li>Extrudeuse double<\/li>\n<\/ul>\n\t\t<\/div>\n\t<\/div>\n\t\n<\/div>\n","protected":false},"excerpt":{"rendered":"<h2><strong>Imprimante 3D Raise3D Pro3 HS FFF avec double extrudeur<\/strong><\/h2>\n<table>\n<tbody>\n<tr>\n<td width=\"100\">Fabricant<\/td>\n<td>Raise3D<\/td>\n<\/tr>\n<tr>\n<td>Proc\u00e9dure<\/td>\n<td>FFF - Fabrication de filament fondu<\/td>\n<\/tr>\n<tr>\n<td>Mat\u00e9riau<\/td>\n<td>Filaments Raise3D ou tiers <a href=\"https:\/\/3d-edu.ch\/fr\/raise3d\/filaments\/programme-de-filaments-ouverts-ofp\/\">(OFP)<\/a><\/td>\n<\/tr>\n<tr>\n<td>\u00c9paisseur de la couche<\/td>\n<td>10-250 <span class=\"st\">\u00b5m<\/span><\/td>\n<\/tr>\n<tr>\n<td>XYZ Taille du pas<\/td>\n<td>0.78125, 0.78125, 0.078125 \u00b5m<\/td>\n<\/tr>\n<tr>\n<td>Espace d&rsquo;installation<\/td>\n<td>Single : 300 \u00d7 300 \u00d7 605 mm \/ Dual : 255 \u00d7 300 \u00d7 605 mm<\/td>\n<\/tr>\n<\/tbody>\n<\/table>\n<p><strong><span style=\"color: #ed1c24;\">Disponible \u00e0 partir du T4 2024.<\/span><\/strong><\/p>\n","protected":false},"featured_media":51045,"comment_status":"closed","ping_status":"closed","template":"","meta":[],"product_brand":[],"product_cat":[7910,8079],"product_tag":[8538,8536,8535,8084,8080],"class_list":{"0":"post-76184","1":"product","2":"type-product","3":"status-publish","4":"has-post-thumbnail","6":"product_cat-imprimante-3d-fff-fr","7":"product_cat-raise3d","8":"product_tag-1-01-045-007a01","9":"product_tag-hyper-core","10":"product_tag-hyper-vitesse","11":"product_tag-pro3-hs","12":"product_tag-raise3d","13":"yith_product_brand-raise3d","15":"first","16":"instock","17":"taxable","18":"shipping-taxable","19":"purchasable","20":"product-type-simple"},"yoast_head":"<!-- This site is optimized with the Yoast SEO Premium plugin v27.4 (Yoast SEO v27.4) - https:\/\/yoast.com\/product\/yoast-seo-premium-wordpress\/ -->\n<title>Raise3D Pro 3 - La nouvelle imprimante 3D Raise3D FFF - 3D-EDU<\/title>\n<meta name=\"description\" content=\"La technologie HyperFFF\u00ae am\u00e9liore consid\u00e9rablement les performances d&#039;impression gr\u00e2ce \u00e0 un nouveau design de la t\u00eate d&#039;impression qui r\u00e9sout les probl\u00e8mes de pliage. Cette technologie est d\u00e9sormais \u00e9galement compatible avec la s\u00e9rie Pro3 normale.\" \/>\n<meta name=\"robots\" content=\"index, follow, max-snippet:-1, max-image-preview:large, max-video-preview:-1\" \/>\n<link rel=\"canonical\" href=\"https:\/\/3d-edu.ch\/fr\/boutique\/raise3d-pro3-plus-hs\/\" \/>\n<meta property=\"og:locale\" content=\"fr_FR\" \/>\n<meta property=\"og:type\" content=\"article\" \/>\n<meta property=\"og:title\" content=\"Acheter une Form 3 de Formlabs - La nouvelle imprimante 3D LFS de Formlabs - 3D-EDU GmbH\" \/>\n<meta property=\"og:description\" content=\"La technologie HyperFFF\u00ae am\u00e9liore consid\u00e9rablement les performances d&#039;impression gr\u00e2ce \u00e0 un nouveau design de la t\u00eate d&#039;impression qui r\u00e9sout les probl\u00e8mes de pliage. Cette technologie est d\u00e9sormais \u00e9galement compatible avec la s\u00e9rie Pro3 normale.\" \/>\n<meta property=\"og:url\" content=\"https:\/\/3d-edu.ch\/fr\/boutique\/raise3d-pro3-plus-hs\/\" \/>\n<meta property=\"og:site_name\" content=\"3D-EDU GmbH\" \/>\n<meta property=\"article:publisher\" content=\"https:\/\/www.facebook.com\/3d-educh-210277586064960\/\" \/>\n<meta property=\"article:modified_time\" content=\"2026-01-27T15:11:00+00:00\" \/>\n<meta property=\"og:image\" content=\"https:\/\/dedune53.myhostpoint.ch\/wp-content\/uploads\/2019\/04\/formlabs-form-3-integration-neu.jpg\" \/>\n<meta name=\"twitter:card\" content=\"summary_large_image\" \/>\n<meta name=\"twitter:title\" content=\"Acheter une Form 3 de Formlabs - La nouvelle imprimante 3D LFS de Formlabs\" \/>\n<meta name=\"twitter:site\" content=\"@3d_edu_ch\" \/>\n<meta name=\"twitter:label1\" content=\"Prix\" \/>\n\t<meta name=\"twitter:data1\" content=\"6&#039;570.85&nbsp;&#067;&#072;&#070; hors TVA\" \/>\n\t<meta name=\"twitter:label2\" content=\"Disponibilit\u00e9\" \/>\n\t<meta name=\"twitter:data2\" content=\"En stock\" \/>\n<script type=\"application\/ld+json\" class=\"yoast-schema-graph\">{\"@context\":\"https:\\\/\\\/schema.org\",\"@graph\":[{\"@type\":\"WebPage\",\"@id\":\"https:\\\/\\\/3d-edu.ch\\\/fr\\\/boutique\\\/raise3d-pro3-plus-hs\\\/\",\"url\":\"https:\\\/\\\/3d-edu.ch\\\/fr\\\/boutique\\\/raise3d-pro3-plus-hs\\\/\",\"name\":\"Raise3D Pro 3 - La nouvelle imprimante 3D Raise3D FFF - 3D-EDU\",\"isPartOf\":{\"@id\":\"https:\\\/\\\/3d-edu.ch\\\/fr\\\/#website\"},\"primaryImageOfPage\":{\"@id\":\"https:\\\/\\\/3d-edu.ch\\\/fr\\\/boutique\\\/raise3d-pro3-plus-hs\\\/#primaryimage\"},\"image\":{\"@id\":\"https:\\\/\\\/3d-edu.ch\\\/fr\\\/boutique\\\/raise3d-pro3-plus-hs\\\/#primaryimage\"},\"thumbnailUrl\":\"https:\\\/\\\/3d-edu.ch\\\/wp-content\\\/uploads\\\/2024\\\/06\\\/Pro3-Plus-HS-Right.jpg\",\"datePublished\":\"2024-06-13T07:45:10+00:00\",\"dateModified\":\"2026-01-27T15:11:00+00:00\",\"description\":\"La technologie HyperFFF\u00ae am\u00e9liore consid\u00e9rablement les performances d'impression gr\u00e2ce \u00e0 un nouveau design de la t\u00eate d'impression qui r\u00e9sout les probl\u00e8mes de pliage. Cette technologie est d\u00e9sormais \u00e9galement compatible avec la s\u00e9rie Pro3 normale.\",\"breadcrumb\":{\"@id\":\"https:\\\/\\\/3d-edu.ch\\\/fr\\\/boutique\\\/raise3d-pro3-plus-hs\\\/#breadcrumb\"},\"inLanguage\":\"fr-FR\",\"potentialAction\":[{\"@type\":\"ReadAction\",\"target\":[\"https:\\\/\\\/3d-edu.ch\\\/fr\\\/boutique\\\/raise3d-pro3-plus-hs\\\/\"]}]},{\"@type\":\"ImageObject\",\"inLanguage\":\"fr-FR\",\"@id\":\"https:\\\/\\\/3d-edu.ch\\\/fr\\\/boutique\\\/raise3d-pro3-plus-hs\\\/#primaryimage\",\"url\":\"https:\\\/\\\/3d-edu.ch\\\/wp-content\\\/uploads\\\/2024\\\/06\\\/Pro3-Plus-HS-Right.jpg\",\"contentUrl\":\"https:\\\/\\\/3d-edu.ch\\\/wp-content\\\/uploads\\\/2024\\\/06\\\/Pro3-Plus-HS-Right.jpg\",\"width\":1626,\"height\":1626},{\"@type\":\"BreadcrumbList\",\"@id\":\"https:\\\/\\\/3d-edu.ch\\\/fr\\\/boutique\\\/raise3d-pro3-plus-hs\\\/#breadcrumb\",\"itemListElement\":[{\"@type\":\"ListItem\",\"position\":1,\"name\":\"Accueil\",\"item\":\"https:\\\/\\\/3d-edu.ch\\\/fr\\\/\"},{\"@type\":\"ListItem\",\"position\":2,\"name\":\"Boutique\",\"item\":\"https:\\\/\\\/3d-edu.ch\\\/fr\\\/boutique\\\/\"},{\"@type\":\"ListItem\",\"position\":3,\"name\":\"Raise3D Pro3 Plus HS\"}]},{\"@type\":\"WebSite\",\"@id\":\"https:\\\/\\\/3d-edu.ch\\\/fr\\\/#website\",\"url\":\"https:\\\/\\\/3d-edu.ch\\\/fr\\\/\",\"name\":\"3D-EDU GmbH\",\"description\":\"Your Formlabs, UltiMaker and Raise3D Printer Support and Education Site in Switzerland. \\\/\\\/ Ihre Formlabs, UltiMaker and Raise3D Drucker Support und Bildungs Webseite der Schweiz.\",\"publisher\":{\"@id\":\"https:\\\/\\\/3d-edu.ch\\\/fr\\\/#organization\"},\"potentialAction\":[{\"@type\":\"SearchAction\",\"target\":{\"@type\":\"EntryPoint\",\"urlTemplate\":\"https:\\\/\\\/3d-edu.ch\\\/fr\\\/?s={search_term_string}\"},\"query-input\":{\"@type\":\"PropertyValueSpecification\",\"valueRequired\":true,\"valueName\":\"search_term_string\"}}],\"inLanguage\":\"fr-FR\"},{\"@type\":[\"Organization\",\"Place\",\"ElectronicsStore\"],\"@id\":\"https:\\\/\\\/3d-edu.ch\\\/fr\\\/#organization\",\"name\":\"3D-EDU GmbH\",\"url\":\"https:\\\/\\\/3d-edu.ch\\\/fr\\\/\",\"logo\":{\"@id\":\"https:\\\/\\\/3d-edu.ch\\\/fr\\\/boutique\\\/raise3d-pro3-plus-hs\\\/#local-main-organization-logo\"},\"image\":{\"@id\":\"https:\\\/\\\/3d-edu.ch\\\/fr\\\/boutique\\\/raise3d-pro3-plus-hs\\\/#local-main-organization-logo\"},\"sameAs\":[\"https:\\\/\\\/www.facebook.com\\\/3d-educh-210277586064960\\\/\",\"https:\\\/\\\/x.com\\\/3d_edu_ch\"],\"address\":{\"@id\":\"https:\\\/\\\/3d-edu.ch\\\/fr\\\/boutique\\\/raise3d-pro3-plus-hs\\\/#local-main-place-address\"},\"geo\":{\"@type\":\"GeoCoordinates\",\"latitude\":\"47.38413\",\"longitude\":\"8.49812\"},\"telephone\":[\"+41 44 492 11 22\"],\"openingHoursSpecification\":[{\"@type\":\"OpeningHoursSpecification\",\"dayOfWeek\":[\"Monday\",\"Tuesday\",\"Wednesday\",\"Thursday\",\"Friday\"],\"opens\":\"08:30\",\"closes\":\"18:00\"},{\"@type\":\"OpeningHoursSpecification\",\"dayOfWeek\":[\"Saturday\",\"Sunday\"],\"opens\":\"00:00\",\"closes\":\"00:00\"}],\"email\":\"info@3d-edu.ch\",\"faxNumber\":\"+41 44 492 11 23\",\"vatID\":\"CHE-184.499.491 MWST\",\"priceRange\":\"$$$\",\"currenciesAccepted\":\"CHF\"},{\"@type\":\"PostalAddress\",\"@id\":\"https:\\\/\\\/3d-edu.ch\\\/fr\\\/boutique\\\/raise3d-pro3-plus-hs\\\/#local-main-place-address\",\"streetAddress\":\"3D-EDU GmbH, Badenerstrasse 556\",\"addressLocality\":\"Z\u00fcrich\",\"postalCode\":\"8048\",\"addressRegion\":\"Z\u00fcrich\",\"addressCountry\":\"CH\"},{\"@type\":\"ImageObject\",\"inLanguage\":\"fr-FR\",\"@id\":\"https:\\\/\\\/3d-edu.ch\\\/fr\\\/boutique\\\/raise3d-pro3-plus-hs\\\/#local-main-organization-logo\",\"url\":\"https:\\\/\\\/3d-edu.ch\\\/wp-content\\\/uploads\\\/2018\\\/10\\\/3d-drucker-makerbot-formlabs-professionelle-3d-drucker-e1546527990490.png\",\"contentUrl\":\"https:\\\/\\\/3d-edu.ch\\\/wp-content\\\/uploads\\\/2018\\\/10\\\/3d-drucker-makerbot-formlabs-professionelle-3d-drucker-e1546527990490.png\",\"width\":275,\"height\":80,\"caption\":\"3D-EDU GmbH\"}]}<\/script>\n<meta property=\"product:brand\" content=\"Raise3D\" \/>\n<meta property=\"product:price:amount\" content=\"6570.85\" \/>\n<meta property=\"product:price:currency\" content=\"CHF\" \/>\n<meta property=\"og:availability\" content=\"instock\" \/>\n<meta property=\"product:availability\" content=\"instock\" \/>\n<meta property=\"product:retailer_item_id\" content=\"1.01.045.007A01\" \/>\n<meta property=\"product:condition\" content=\"new\" \/>\n<meta name=\"geo.placename\" content=\"Z\u00fcrich\" \/>\n<meta name=\"geo.position\" content=\"47.38413;8.49812\" \/>\n<meta name=\"geo.region\" content=\"Suisse\" \/>\n<!-- \/ Yoast SEO Premium plugin. -->","yoast_head_json":{"title":"Raise3D Pro 3 - La nouvelle imprimante 3D Raise3D FFF - 3D-EDU","description":"La technologie HyperFFF\u00ae am\u00e9liore consid\u00e9rablement les performances d'impression gr\u00e2ce \u00e0 un nouveau design de la t\u00eate d'impression qui r\u00e9sout les probl\u00e8mes de pliage. Cette technologie est d\u00e9sormais \u00e9galement compatible avec la s\u00e9rie Pro3 normale.","robots":{"index":"index","follow":"follow","max-snippet":"max-snippet:-1","max-image-preview":"max-image-preview:large","max-video-preview":"max-video-preview:-1"},"canonical":"https:\/\/3d-edu.ch\/fr\/boutique\/raise3d-pro3-plus-hs\/","og_locale":"fr_FR","og_type":"article","og_title":"Acheter une Form 3 de Formlabs - La nouvelle imprimante 3D LFS de Formlabs - 3D-EDU GmbH","og_description":"La technologie HyperFFF\u00ae am\u00e9liore consid\u00e9rablement les performances d'impression gr\u00e2ce \u00e0 un nouveau design de la t\u00eate d'impression qui r\u00e9sout les probl\u00e8mes de pliage. Cette technologie est d\u00e9sormais \u00e9galement compatible avec la s\u00e9rie Pro3 normale.","og_url":"https:\/\/3d-edu.ch\/fr\/boutique\/raise3d-pro3-plus-hs\/","og_site_name":"3D-EDU GmbH","article_publisher":"https:\/\/www.facebook.com\/3d-educh-210277586064960\/","article_modified_time":"2026-01-27T15:11:00+00:00","og_image":[{"url":"https:\/\/dedune53.myhostpoint.ch\/wp-content\/uploads\/2019\/04\/formlabs-form-3-integration-neu.jpg","type":"","width":"","height":""}],"twitter_card":"summary_large_image","twitter_title":"Acheter une Form 3 de Formlabs - La nouvelle imprimante 3D LFS de Formlabs","twitter_site":"@3d_edu_ch","twitter_misc":{"Prix":"6'570.85&nbsp;&#67;&#72;&#70; hors TVA","Disponibilit\u00e9":"En stock"},"schema":{"@context":"https:\/\/schema.org","@graph":[{"@type":"WebPage","@id":"https:\/\/3d-edu.ch\/fr\/boutique\/raise3d-pro3-plus-hs\/","url":"https:\/\/3d-edu.ch\/fr\/boutique\/raise3d-pro3-plus-hs\/","name":"Raise3D Pro 3 - La nouvelle imprimante 3D Raise3D FFF - 3D-EDU","isPartOf":{"@id":"https:\/\/3d-edu.ch\/fr\/#website"},"primaryImageOfPage":{"@id":"https:\/\/3d-edu.ch\/fr\/boutique\/raise3d-pro3-plus-hs\/#primaryimage"},"image":{"@id":"https:\/\/3d-edu.ch\/fr\/boutique\/raise3d-pro3-plus-hs\/#primaryimage"},"thumbnailUrl":"https:\/\/3d-edu.ch\/wp-content\/uploads\/2024\/06\/Pro3-Plus-HS-Right.jpg","datePublished":"2024-06-13T07:45:10+00:00","dateModified":"2026-01-27T15:11:00+00:00","description":"La technologie HyperFFF\u00ae am\u00e9liore consid\u00e9rablement les performances d'impression gr\u00e2ce \u00e0 un nouveau design de la t\u00eate d'impression qui r\u00e9sout les probl\u00e8mes de pliage. Cette technologie est d\u00e9sormais \u00e9galement compatible avec la s\u00e9rie Pro3 normale.","breadcrumb":{"@id":"https:\/\/3d-edu.ch\/fr\/boutique\/raise3d-pro3-plus-hs\/#breadcrumb"},"inLanguage":"fr-FR","potentialAction":[{"@type":"ReadAction","target":["https:\/\/3d-edu.ch\/fr\/boutique\/raise3d-pro3-plus-hs\/"]}]},{"@type":"ImageObject","inLanguage":"fr-FR","@id":"https:\/\/3d-edu.ch\/fr\/boutique\/raise3d-pro3-plus-hs\/#primaryimage","url":"https:\/\/3d-edu.ch\/wp-content\/uploads\/2024\/06\/Pro3-Plus-HS-Right.jpg","contentUrl":"https:\/\/3d-edu.ch\/wp-content\/uploads\/2024\/06\/Pro3-Plus-HS-Right.jpg","width":1626,"height":1626},{"@type":"BreadcrumbList","@id":"https:\/\/3d-edu.ch\/fr\/boutique\/raise3d-pro3-plus-hs\/#breadcrumb","itemListElement":[{"@type":"ListItem","position":1,"name":"Accueil","item":"https:\/\/3d-edu.ch\/fr\/"},{"@type":"ListItem","position":2,"name":"Boutique","item":"https:\/\/3d-edu.ch\/fr\/boutique\/"},{"@type":"ListItem","position":3,"name":"Raise3D Pro3 Plus HS"}]},{"@type":"WebSite","@id":"https:\/\/3d-edu.ch\/fr\/#website","url":"https:\/\/3d-edu.ch\/fr\/","name":"3D-EDU GmbH","description":"Your Formlabs, UltiMaker and Raise3D Printer Support and Education Site in Switzerland. \/\/ Ihre Formlabs, UltiMaker and Raise3D Drucker Support und Bildungs Webseite der Schweiz.","publisher":{"@id":"https:\/\/3d-edu.ch\/fr\/#organization"},"potentialAction":[{"@type":"SearchAction","target":{"@type":"EntryPoint","urlTemplate":"https:\/\/3d-edu.ch\/fr\/?s={search_term_string}"},"query-input":{"@type":"PropertyValueSpecification","valueRequired":true,"valueName":"search_term_string"}}],"inLanguage":"fr-FR"},{"@type":["Organization","Place","ElectronicsStore"],"@id":"https:\/\/3d-edu.ch\/fr\/#organization","name":"3D-EDU GmbH","url":"https:\/\/3d-edu.ch\/fr\/","logo":{"@id":"https:\/\/3d-edu.ch\/fr\/boutique\/raise3d-pro3-plus-hs\/#local-main-organization-logo"},"image":{"@id":"https:\/\/3d-edu.ch\/fr\/boutique\/raise3d-pro3-plus-hs\/#local-main-organization-logo"},"sameAs":["https:\/\/www.facebook.com\/3d-educh-210277586064960\/","https:\/\/x.com\/3d_edu_ch"],"address":{"@id":"https:\/\/3d-edu.ch\/fr\/boutique\/raise3d-pro3-plus-hs\/#local-main-place-address"},"geo":{"@type":"GeoCoordinates","latitude":"47.38413","longitude":"8.49812"},"telephone":["+41 44 492 11 22"],"openingHoursSpecification":[{"@type":"OpeningHoursSpecification","dayOfWeek":["Monday","Tuesday","Wednesday","Thursday","Friday"],"opens":"08:30","closes":"18:00"},{"@type":"OpeningHoursSpecification","dayOfWeek":["Saturday","Sunday"],"opens":"00:00","closes":"00:00"}],"email":"info@3d-edu.ch","faxNumber":"+41 44 492 11 23","vatID":"CHE-184.499.491 MWST","priceRange":"$$$","currenciesAccepted":"CHF"},{"@type":"PostalAddress","@id":"https:\/\/3d-edu.ch\/fr\/boutique\/raise3d-pro3-plus-hs\/#local-main-place-address","streetAddress":"3D-EDU GmbH, Badenerstrasse 556","addressLocality":"Z\u00fcrich","postalCode":"8048","addressRegion":"Z\u00fcrich","addressCountry":"CH"},{"@type":"ImageObject","inLanguage":"fr-FR","@id":"https:\/\/3d-edu.ch\/fr\/boutique\/raise3d-pro3-plus-hs\/#local-main-organization-logo","url":"https:\/\/3d-edu.ch\/wp-content\/uploads\/2018\/10\/3d-drucker-makerbot-formlabs-professionelle-3d-drucker-e1546527990490.png","contentUrl":"https:\/\/3d-edu.ch\/wp-content\/uploads\/2018\/10\/3d-drucker-makerbot-formlabs-professionelle-3d-drucker-e1546527990490.png","width":275,"height":80,"caption":"3D-EDU GmbH"}]},"product_brand":"Raise3D","product_price_amount":"6570.85","product_price_currency":"CHF","og_availability":"instock","product_availability":"instock","product_retailer_item_id":"1.01.045.007A01","product_condition":"new","geo.placename":"Z\u00fcrich","geo.position":{"lat":"47.38413","long":"8.49812"},"geo.region":"Suisse"},"_links":{"self":[{"href":"https:\/\/3d-edu.ch\/fr\/wp-json\/wp\/v2\/product\/76184","targetHints":{"allow":["GET"]}}],"collection":[{"href":"https:\/\/3d-edu.ch\/fr\/wp-json\/wp\/v2\/product"}],"about":[{"href":"https:\/\/3d-edu.ch\/fr\/wp-json\/wp\/v2\/types\/product"}],"replies":[{"embeddable":true,"href":"https:\/\/3d-edu.ch\/fr\/wp-json\/wp\/v2\/comments?post=76184"}],"wp:featuredmedia":[{"embeddable":true,"href":"https:\/\/3d-edu.ch\/fr\/wp-json\/wp\/v2\/media\/51045"}],"wp:attachment":[{"href":"https:\/\/3d-edu.ch\/fr\/wp-json\/wp\/v2\/media?parent=76184"}],"wp:term":[{"taxonomy":"product_brand","embeddable":true,"href":"https:\/\/3d-edu.ch\/fr\/wp-json\/wp\/v2\/product_brand?post=76184"},{"taxonomy":"product_cat","embeddable":true,"href":"https:\/\/3d-edu.ch\/fr\/wp-json\/wp\/v2\/product_cat?post=76184"},{"taxonomy":"product_tag","embeddable":true,"href":"https:\/\/3d-edu.ch\/fr\/wp-json\/wp\/v2\/product_tag?post=76184"}],"curies":[{"name":"wp","href":"https:\/\/api.w.org\/{rel}","templated":true}]}}