{"id":76180,"date":"2024-06-13T08:58:32","date_gmt":"2024-06-13T08:58:32","guid":{"rendered":"https:\/\/3d-edu.ch\/shop\/filament-raise3d-hyper-core-abs-cf15\/"},"modified":"2024-06-13T08:58:32","modified_gmt":"2024-06-13T06:58:32","slug":"filament-raise3d-hyper-core-abs-cf15","status":"publish","type":"product","link":"https:\/\/3d-edu.ch\/fr\/boutique\/filament-raise3d-hyper-core-abs-cf15\/","title":{"rendered":"Filament Raise3D Hyper Core ABS CF15"},"content":{"rendered":"<h2>Filament Raise3D Hyper Core ABS CF15<\/h2>\n<p>La ligne de filaments Hyper Core est ax\u00e9e sur une nouvelle g\u00e9n\u00e9ration de filaments composites professionnels et industriels renforc\u00e9s de fibres pour Hyper FFF\u00ae.<\/p>\n<p>Les filaments composites renforc\u00e9s par des fibres sont le mat\u00e9riau id\u00e9al pour la production de pi\u00e8ces industrielles et de pi\u00e8ces finales, ainsi que pour les applications \u00e0 haute performance pr\u00e9sentant une solidit\u00e9, une rigidit\u00e9 et une r\u00e9sistance \u00e0 la chaleur \u00e9lev\u00e9es. Cependant, l&rsquo;impression \u00e0 grande vitesse avec des filaments renforc\u00e9s de fibres pr\u00e9sente de nombreux d\u00e9fis, tels qu&rsquo;une fluidit\u00e9 moindre et une moins bonne qualit\u00e9 de collage entre les couches, ainsi qu&rsquo;une usure plus rapide de la buse. <\/p>\n<div id=\"benefits_tab\" class=\"collapse show\" role=\"tabpanel\" data-bs-parent=\"#vorteile\">\n<div class=\"card-body\">\n<div id=\"product_benefits\" class=\"oe_structure oe_empty\">\n<section class=\"s_text_block o_colored_level\">\n<div class=\"container s_allow_columns\"><\/div>\n<\/section>\n<\/div>\n<\/div>\n<\/div>\n<h3>Inclus dans la livraison<\/h3>\n<ul>\n<li>1 bobine de filament Raise3D Hyper Core ABS CF15<\/li>\n<\/ul>\n<p><strong>Compatibilit\u00e9<\/strong><\/p>\n<ul>\n<li><a href=\"https:\/\/3d-edu.ch\/fr\/pro3-hs-series\/\">Raise Pro3 HS Series<\/a><\/li>\n<li><a href=\"https:\/\/3d-edu.ch\/fr\/raise3d\/imprimante-3d-raise3d\/serie-pro3\/\">Raise3D Pro 3 Series<\/a> avec le <a href=\"https:\/\/3d-edu.ch\/boutique\/raise3d-hyper-speed-upgrade-kit-pro3-serie\/\">kit de mise \u00e0 niveau Hyper Speed<\/a><\/li>\n<li><a href=\"https:\/\/3d-edu.ch\/fr\/raise3d\/imprimante-3d-raise3d\/rmf500\/\">RMF500<\/a><\/li>\n<\/ul>\n","protected":false},"excerpt":{"rendered":"<h2>Filament Raise3D Hyper Core PPA GF25 1.0kg 1.75mm<\/h2>\n","protected":false},"featured_media":50604,"comment_status":"closed","ping_status":"closed","template":"","meta":[],"product_brand":[],"product_cat":[10391,10516,10402,10385,10372],"product_tag":[8534,8510,8527,8508,8509,8511,8080],"class_list":{"0":"post-76180","1":"product","2":"type-product","3":"status-publish","4":"has-post-thumbnail","6":"product_cat-filament-composite","7":"product_cat-filaments-raise3d-2","8":"product_cat-filaments-hyper-core","9":"product_cat-filaments-raise3d","10":"product_cat-raise3d","11":"product_tag-abs-cf-15","12":"product_tag-kit-de-mise-a-niveau-hyper-speed","13":"product_tag-ppa-gf-25","14":"product_tag-pro-3","15":"product_tag-pro-3-plus","16":"product_tag-pro-3-series","17":"product_tag-raise3d","18":"yith_product_brand-raise3d","20":"first","21":"onbackorder","22":"taxable","23":"shipping-taxable","24":"purchasable","25":"product-type-variable"},"yoast_head":"<!-- This site is optimized with the Yoast SEO Premium plugin v27.5 (Yoast SEO v27.5) - https:\/\/yoast.com\/product\/yoast-seo-premium-wordpress\/ -->\n<title>Filament Raise3D Hyper Core ABS CF15 %%page% commander en ligne - %%nom du site<\/title>\n<meta name=\"description\" content=\"Hyper Core PPA GF25 pr\u00e9sente une rigidit\u00e9 \u00e9lev\u00e9e (6,6 GPa), une solidit\u00e9 (98 MPa), une r\u00e9sistance \u00e0 la chaleur (189 \u2103) et une excellente qualit\u00e9 d&#039;impression. Hyper Core PPA GF25 est le choix id\u00e9al pour diverses applications industrielles n\u00e9cessitant de hautes performances, une grande stabilit\u00e9 et un bon rapport co\u00fbt-efficacit\u00e9.\" \/>\n<meta name=\"robots\" content=\"index, follow, max-snippet:-1, max-image-preview:large, max-video-preview:-1\" \/>\n<link rel=\"canonical\" href=\"https:\/\/3d-edu.ch\/fr\/boutique\/filament-raise3d-hyper-core-abs-cf15\/\" \/>\n<meta property=\"og:locale\" content=\"fr_FR\" \/>\n<meta property=\"og:type\" content=\"article\" \/>\n<meta property=\"og:title\" content=\"Filament Raise3D Hyper Core ABS CF15\" \/>\n<meta property=\"og:description\" content=\"Hyper Core PPA GF25 pr\u00e9sente une rigidit\u00e9 \u00e9lev\u00e9e (6,6 GPa), une solidit\u00e9 (98 MPa), une r\u00e9sistance \u00e0 la chaleur (189 \u2103) et une excellente qualit\u00e9 d&#039;impression. Hyper Core PPA GF25 est le choix id\u00e9al pour diverses applications industrielles n\u00e9cessitant de hautes performances, une grande stabilit\u00e9 et un bon rapport co\u00fbt-efficacit\u00e9.\" \/>\n<meta property=\"og:url\" content=\"https:\/\/3d-edu.ch\/fr\/boutique\/filament-raise3d-hyper-core-abs-cf15\/\" \/>\n<meta property=\"og:site_name\" content=\"3D-EDU GmbH\" \/>\n<meta property=\"article:publisher\" content=\"https:\/\/www.facebook.com\/3d-educh-210277586064960\/\" \/>\n<meta property=\"og:image\" content=\"https:\/\/3d-edu.ch\/wp-content\/uploads\/2024\/06\/Raise3D-ABS-CF15-Filament.webp\" \/>\n\t<meta property=\"og:image:width\" content=\"380\" \/>\n\t<meta property=\"og:image:height\" content=\"380\" \/>\n\t<meta property=\"og:image:type\" content=\"image\/webp\" \/>\n<meta name=\"twitter:card\" content=\"summary_large_image\" \/>\n<meta name=\"twitter:site\" content=\"@3d_edu_ch\" \/>\n<meta name=\"twitter:label1\" content=\"Disponibilit\u00e9\" \/>\n\t<meta name=\"twitter:data1\" content=\"En r\u00e9assort\" \/>\n<script type=\"application\/ld+json\" class=\"yoast-schema-graph\">{\"@context\":\"https:\\\/\\\/schema.org\",\"@graph\":[{\"@type\":\"WebPage\",\"@id\":\"https:\\\/\\\/3d-edu.ch\\\/fr\\\/boutique\\\/filament-raise3d-hyper-core-abs-cf15\\\/\",\"url\":\"https:\\\/\\\/3d-edu.ch\\\/fr\\\/boutique\\\/filament-raise3d-hyper-core-abs-cf15\\\/\",\"name\":\"Filament Raise3D Hyper Core ABS CF15 %%page% commander en ligne - %%nom du site\",\"isPartOf\":{\"@id\":\"https:\\\/\\\/3d-edu.ch\\\/fr\\\/#website\"},\"primaryImageOfPage\":{\"@id\":\"https:\\\/\\\/3d-edu.ch\\\/fr\\\/boutique\\\/filament-raise3d-hyper-core-abs-cf15\\\/#primaryimage\"},\"image\":{\"@id\":\"https:\\\/\\\/3d-edu.ch\\\/fr\\\/boutique\\\/filament-raise3d-hyper-core-abs-cf15\\\/#primaryimage\"},\"thumbnailUrl\":\"https:\\\/\\\/3d-edu.ch\\\/wp-content\\\/uploads\\\/2024\\\/06\\\/Raise3D-ABS-CF15-Filament.webp\",\"datePublished\":\"2024-06-13T08:58:32+00:00\",\"description\":\"Hyper Core PPA GF25 pr\u00e9sente une rigidit\u00e9 \u00e9lev\u00e9e (6,6 GPa), une solidit\u00e9 (98 MPa), une r\u00e9sistance \u00e0 la chaleur (189 \u2103) et une excellente qualit\u00e9 d'impression. Hyper Core PPA GF25 est le choix id\u00e9al pour diverses applications industrielles n\u00e9cessitant de hautes performances, une grande stabilit\u00e9 et un bon rapport co\u00fbt-efficacit\u00e9.\",\"breadcrumb\":{\"@id\":\"https:\\\/\\\/3d-edu.ch\\\/fr\\\/boutique\\\/filament-raise3d-hyper-core-abs-cf15\\\/#breadcrumb\"},\"inLanguage\":\"fr-FR\",\"potentialAction\":[{\"@type\":\"ReadAction\",\"target\":[\"https:\\\/\\\/3d-edu.ch\\\/fr\\\/boutique\\\/filament-raise3d-hyper-core-abs-cf15\\\/\"]}]},{\"@type\":\"ImageObject\",\"inLanguage\":\"fr-FR\",\"@id\":\"https:\\\/\\\/3d-edu.ch\\\/fr\\\/boutique\\\/filament-raise3d-hyper-core-abs-cf15\\\/#primaryimage\",\"url\":\"https:\\\/\\\/3d-edu.ch\\\/wp-content\\\/uploads\\\/2024\\\/06\\\/Raise3D-ABS-CF15-Filament.webp\",\"contentUrl\":\"https:\\\/\\\/3d-edu.ch\\\/wp-content\\\/uploads\\\/2024\\\/06\\\/Raise3D-ABS-CF15-Filament.webp\",\"width\":380,\"height\":380,\"caption\":\"Raise3D ABS CF15 Filament\"},{\"@type\":\"BreadcrumbList\",\"@id\":\"https:\\\/\\\/3d-edu.ch\\\/fr\\\/boutique\\\/filament-raise3d-hyper-core-abs-cf15\\\/#breadcrumb\",\"itemListElement\":[{\"@type\":\"ListItem\",\"position\":1,\"name\":\"Accueil\",\"item\":\"https:\\\/\\\/3d-edu.ch\\\/fr\\\/\"},{\"@type\":\"ListItem\",\"position\":2,\"name\":\"Boutique\",\"item\":\"https:\\\/\\\/3d-edu.ch\\\/fr\\\/boutique\\\/\"},{\"@type\":\"ListItem\",\"position\":3,\"name\":\"Filament Raise3D Hyper Core ABS CF15\"}]},{\"@type\":\"WebSite\",\"@id\":\"https:\\\/\\\/3d-edu.ch\\\/fr\\\/#website\",\"url\":\"https:\\\/\\\/3d-edu.ch\\\/fr\\\/\",\"name\":\"3D-EDU GmbH\",\"description\":\"Your Formlabs, UltiMaker and Raise3D Printer Support and Education Site in Switzerland. \\\/\\\/ Ihre Formlabs, UltiMaker and Raise3D Drucker Support und Bildungs Webseite der Schweiz.\",\"publisher\":{\"@id\":\"https:\\\/\\\/3d-edu.ch\\\/fr\\\/#organization\"},\"potentialAction\":[{\"@type\":\"SearchAction\",\"target\":{\"@type\":\"EntryPoint\",\"urlTemplate\":\"https:\\\/\\\/3d-edu.ch\\\/fr\\\/?s={search_term_string}\"},\"query-input\":{\"@type\":\"PropertyValueSpecification\",\"valueRequired\":true,\"valueName\":\"search_term_string\"}}],\"inLanguage\":\"fr-FR\"},{\"@type\":[\"Organization\",\"Place\",\"ElectronicsStore\"],\"@id\":\"https:\\\/\\\/3d-edu.ch\\\/fr\\\/#organization\",\"name\":\"3D-EDU GmbH\",\"url\":\"https:\\\/\\\/3d-edu.ch\\\/fr\\\/\",\"logo\":{\"@id\":\"https:\\\/\\\/3d-edu.ch\\\/fr\\\/boutique\\\/filament-raise3d-hyper-core-abs-cf15\\\/#local-main-organization-logo\"},\"image\":{\"@id\":\"https:\\\/\\\/3d-edu.ch\\\/fr\\\/boutique\\\/filament-raise3d-hyper-core-abs-cf15\\\/#local-main-organization-logo\"},\"sameAs\":[\"https:\\\/\\\/www.facebook.com\\\/3d-educh-210277586064960\\\/\",\"https:\\\/\\\/x.com\\\/3d_edu_ch\"],\"address\":{\"@id\":\"https:\\\/\\\/3d-edu.ch\\\/fr\\\/boutique\\\/filament-raise3d-hyper-core-abs-cf15\\\/#local-main-place-address\"},\"geo\":{\"@type\":\"GeoCoordinates\",\"latitude\":\"47.38413\",\"longitude\":\"8.49812\"},\"telephone\":[\"+41 44 492 11 22\"],\"openingHoursSpecification\":[{\"@type\":\"OpeningHoursSpecification\",\"dayOfWeek\":[\"Monday\",\"Tuesday\",\"Wednesday\",\"Thursday\",\"Friday\"],\"opens\":\"08:30\",\"closes\":\"18:00\"},{\"@type\":\"OpeningHoursSpecification\",\"dayOfWeek\":[\"Saturday\",\"Sunday\"],\"opens\":\"00:00\",\"closes\":\"00:00\"}],\"email\":\"info@3d-edu.ch\",\"faxNumber\":\"+41 44 492 11 23\",\"vatID\":\"CHE-184.499.491 MWST\",\"priceRange\":\"$$$\",\"currenciesAccepted\":\"CHF\"},{\"@type\":\"PostalAddress\",\"@id\":\"https:\\\/\\\/3d-edu.ch\\\/fr\\\/boutique\\\/filament-raise3d-hyper-core-abs-cf15\\\/#local-main-place-address\",\"streetAddress\":\"3D-EDU GmbH, Badenerstrasse 556\",\"addressLocality\":\"Z\u00fcrich\",\"postalCode\":\"8048\",\"addressRegion\":\"Z\u00fcrich\",\"addressCountry\":\"CH\"},{\"@type\":\"ImageObject\",\"inLanguage\":\"fr-FR\",\"@id\":\"https:\\\/\\\/3d-edu.ch\\\/fr\\\/boutique\\\/filament-raise3d-hyper-core-abs-cf15\\\/#local-main-organization-logo\",\"url\":\"https:\\\/\\\/3d-edu.ch\\\/wp-content\\\/uploads\\\/2018\\\/10\\\/3d-drucker-makerbot-formlabs-professionelle-3d-drucker-e1546527990490.png\",\"contentUrl\":\"https:\\\/\\\/3d-edu.ch\\\/wp-content\\\/uploads\\\/2018\\\/10\\\/3d-drucker-makerbot-formlabs-professionelle-3d-drucker-e1546527990490.png\",\"width\":275,\"height\":80,\"caption\":\"3D-EDU GmbH\"}]}<\/script>\n<meta property=\"product:brand\" content=\"Filament composite\" \/>\n<meta property=\"og:availability\" content=\"backorder\" \/>\n<meta property=\"product:availability\" content=\"available for order\" \/>\n<meta property=\"product:condition\" content=\"new\" \/>\n<meta name=\"geo.placename\" content=\"Z\u00fcrich\" \/>\n<meta name=\"geo.position\" content=\"47.38413;8.49812\" \/>\n<meta name=\"geo.region\" content=\"Suisse\" \/>\n<!-- \/ Yoast SEO Premium plugin. -->","yoast_head_json":{"title":"Filament Raise3D Hyper Core ABS CF15 %%page% commander en ligne - %%nom du site","description":"Hyper Core PPA GF25 pr\u00e9sente une rigidit\u00e9 \u00e9lev\u00e9e (6,6 GPa), une solidit\u00e9 (98 MPa), une r\u00e9sistance \u00e0 la chaleur (189 \u2103) et une excellente qualit\u00e9 d'impression. Hyper Core PPA GF25 est le choix id\u00e9al pour diverses applications industrielles n\u00e9cessitant de hautes performances, une grande stabilit\u00e9 et un bon rapport co\u00fbt-efficacit\u00e9.","robots":{"index":"index","follow":"follow","max-snippet":"max-snippet:-1","max-image-preview":"max-image-preview:large","max-video-preview":"max-video-preview:-1"},"canonical":"https:\/\/3d-edu.ch\/fr\/boutique\/filament-raise3d-hyper-core-abs-cf15\/","og_locale":"fr_FR","og_type":"article","og_title":"Filament Raise3D Hyper Core ABS CF15","og_description":"Hyper Core PPA GF25 pr\u00e9sente une rigidit\u00e9 \u00e9lev\u00e9e (6,6 GPa), une solidit\u00e9 (98 MPa), une r\u00e9sistance \u00e0 la chaleur (189 \u2103) et une excellente qualit\u00e9 d'impression. Hyper Core PPA GF25 est le choix id\u00e9al pour diverses applications industrielles n\u00e9cessitant de hautes performances, une grande stabilit\u00e9 et un bon rapport co\u00fbt-efficacit\u00e9.","og_url":"https:\/\/3d-edu.ch\/fr\/boutique\/filament-raise3d-hyper-core-abs-cf15\/","og_site_name":"3D-EDU GmbH","article_publisher":"https:\/\/www.facebook.com\/3d-educh-210277586064960\/","og_image":[{"width":380,"height":380,"url":"https:\/\/3d-edu.ch\/wp-content\/uploads\/2024\/06\/Raise3D-ABS-CF15-Filament.webp","type":"image\/webp"}],"twitter_card":"summary_large_image","twitter_site":"@3d_edu_ch","twitter_misc":{"Disponibilit\u00e9":"En r\u00e9assort"},"schema":{"@context":"https:\/\/schema.org","@graph":[{"@type":"WebPage","@id":"https:\/\/3d-edu.ch\/fr\/boutique\/filament-raise3d-hyper-core-abs-cf15\/","url":"https:\/\/3d-edu.ch\/fr\/boutique\/filament-raise3d-hyper-core-abs-cf15\/","name":"Filament Raise3D Hyper Core ABS CF15 %%page% commander en ligne - %%nom du site","isPartOf":{"@id":"https:\/\/3d-edu.ch\/fr\/#website"},"primaryImageOfPage":{"@id":"https:\/\/3d-edu.ch\/fr\/boutique\/filament-raise3d-hyper-core-abs-cf15\/#primaryimage"},"image":{"@id":"https:\/\/3d-edu.ch\/fr\/boutique\/filament-raise3d-hyper-core-abs-cf15\/#primaryimage"},"thumbnailUrl":"https:\/\/3d-edu.ch\/wp-content\/uploads\/2024\/06\/Raise3D-ABS-CF15-Filament.webp","datePublished":"2024-06-13T08:58:32+00:00","description":"Hyper Core PPA GF25 pr\u00e9sente une rigidit\u00e9 \u00e9lev\u00e9e (6,6 GPa), une solidit\u00e9 (98 MPa), une r\u00e9sistance \u00e0 la chaleur (189 \u2103) et une excellente qualit\u00e9 d'impression. Hyper Core PPA GF25 est le choix id\u00e9al pour diverses applications industrielles n\u00e9cessitant de hautes performances, une grande stabilit\u00e9 et un bon rapport co\u00fbt-efficacit\u00e9.","breadcrumb":{"@id":"https:\/\/3d-edu.ch\/fr\/boutique\/filament-raise3d-hyper-core-abs-cf15\/#breadcrumb"},"inLanguage":"fr-FR","potentialAction":[{"@type":"ReadAction","target":["https:\/\/3d-edu.ch\/fr\/boutique\/filament-raise3d-hyper-core-abs-cf15\/"]}]},{"@type":"ImageObject","inLanguage":"fr-FR","@id":"https:\/\/3d-edu.ch\/fr\/boutique\/filament-raise3d-hyper-core-abs-cf15\/#primaryimage","url":"https:\/\/3d-edu.ch\/wp-content\/uploads\/2024\/06\/Raise3D-ABS-CF15-Filament.webp","contentUrl":"https:\/\/3d-edu.ch\/wp-content\/uploads\/2024\/06\/Raise3D-ABS-CF15-Filament.webp","width":380,"height":380,"caption":"Raise3D ABS CF15 Filament"},{"@type":"BreadcrumbList","@id":"https:\/\/3d-edu.ch\/fr\/boutique\/filament-raise3d-hyper-core-abs-cf15\/#breadcrumb","itemListElement":[{"@type":"ListItem","position":1,"name":"Accueil","item":"https:\/\/3d-edu.ch\/fr\/"},{"@type":"ListItem","position":2,"name":"Boutique","item":"https:\/\/3d-edu.ch\/fr\/boutique\/"},{"@type":"ListItem","position":3,"name":"Filament Raise3D Hyper Core ABS CF15"}]},{"@type":"WebSite","@id":"https:\/\/3d-edu.ch\/fr\/#website","url":"https:\/\/3d-edu.ch\/fr\/","name":"3D-EDU GmbH","description":"Your Formlabs, UltiMaker and Raise3D Printer Support and Education Site in Switzerland. \/\/ Ihre Formlabs, UltiMaker and Raise3D Drucker Support und Bildungs Webseite der Schweiz.","publisher":{"@id":"https:\/\/3d-edu.ch\/fr\/#organization"},"potentialAction":[{"@type":"SearchAction","target":{"@type":"EntryPoint","urlTemplate":"https:\/\/3d-edu.ch\/fr\/?s={search_term_string}"},"query-input":{"@type":"PropertyValueSpecification","valueRequired":true,"valueName":"search_term_string"}}],"inLanguage":"fr-FR"},{"@type":["Organization","Place","ElectronicsStore"],"@id":"https:\/\/3d-edu.ch\/fr\/#organization","name":"3D-EDU GmbH","url":"https:\/\/3d-edu.ch\/fr\/","logo":{"@id":"https:\/\/3d-edu.ch\/fr\/boutique\/filament-raise3d-hyper-core-abs-cf15\/#local-main-organization-logo"},"image":{"@id":"https:\/\/3d-edu.ch\/fr\/boutique\/filament-raise3d-hyper-core-abs-cf15\/#local-main-organization-logo"},"sameAs":["https:\/\/www.facebook.com\/3d-educh-210277586064960\/","https:\/\/x.com\/3d_edu_ch"],"address":{"@id":"https:\/\/3d-edu.ch\/fr\/boutique\/filament-raise3d-hyper-core-abs-cf15\/#local-main-place-address"},"geo":{"@type":"GeoCoordinates","latitude":"47.38413","longitude":"8.49812"},"telephone":["+41 44 492 11 22"],"openingHoursSpecification":[{"@type":"OpeningHoursSpecification","dayOfWeek":["Monday","Tuesday","Wednesday","Thursday","Friday"],"opens":"08:30","closes":"18:00"},{"@type":"OpeningHoursSpecification","dayOfWeek":["Saturday","Sunday"],"opens":"00:00","closes":"00:00"}],"email":"info@3d-edu.ch","faxNumber":"+41 44 492 11 23","vatID":"CHE-184.499.491 MWST","priceRange":"$$$","currenciesAccepted":"CHF"},{"@type":"PostalAddress","@id":"https:\/\/3d-edu.ch\/fr\/boutique\/filament-raise3d-hyper-core-abs-cf15\/#local-main-place-address","streetAddress":"3D-EDU GmbH, Badenerstrasse 556","addressLocality":"Z\u00fcrich","postalCode":"8048","addressRegion":"Z\u00fcrich","addressCountry":"CH"},{"@type":"ImageObject","inLanguage":"fr-FR","@id":"https:\/\/3d-edu.ch\/fr\/boutique\/filament-raise3d-hyper-core-abs-cf15\/#local-main-organization-logo","url":"https:\/\/3d-edu.ch\/wp-content\/uploads\/2018\/10\/3d-drucker-makerbot-formlabs-professionelle-3d-drucker-e1546527990490.png","contentUrl":"https:\/\/3d-edu.ch\/wp-content\/uploads\/2018\/10\/3d-drucker-makerbot-formlabs-professionelle-3d-drucker-e1546527990490.png","width":275,"height":80,"caption":"3D-EDU GmbH"}]},"product_brand":"Filament composite","og_availability":"backorder","product_availability":"available for order","product_condition":"new","geo.placename":"Z\u00fcrich","geo.position":{"lat":"47.38413","long":"8.49812"},"geo.region":"Suisse"},"_links":{"self":[{"href":"https:\/\/3d-edu.ch\/fr\/wp-json\/wp\/v2\/product\/76180","targetHints":{"allow":["GET"]}}],"collection":[{"href":"https:\/\/3d-edu.ch\/fr\/wp-json\/wp\/v2\/product"}],"about":[{"href":"https:\/\/3d-edu.ch\/fr\/wp-json\/wp\/v2\/types\/product"}],"replies":[{"embeddable":true,"href":"https:\/\/3d-edu.ch\/fr\/wp-json\/wp\/v2\/comments?post=76180"}],"wp:featuredmedia":[{"embeddable":true,"href":"https:\/\/3d-edu.ch\/fr\/wp-json\/wp\/v2\/media\/50604"}],"wp:attachment":[{"href":"https:\/\/3d-edu.ch\/fr\/wp-json\/wp\/v2\/media?parent=76180"}],"wp:term":[{"taxonomy":"product_brand","embeddable":true,"href":"https:\/\/3d-edu.ch\/fr\/wp-json\/wp\/v2\/product_brand?post=76180"},{"taxonomy":"product_cat","embeddable":true,"href":"https:\/\/3d-edu.ch\/fr\/wp-json\/wp\/v2\/product_cat?post=76180"},{"taxonomy":"product_tag","embeddable":true,"href":"https:\/\/3d-edu.ch\/fr\/wp-json\/wp\/v2\/product_tag?post=76180"}],"curies":[{"name":"wp","href":"https:\/\/api.w.org\/{rel}","templated":true}]}}