{"id":75949,"date":"2024-10-10T13:27:43","date_gmt":"2024-10-10T13:27:43","guid":{"rendered":"https:\/\/3d-edu.ch\/shop\/formlabs-form-4bl-package-de-base\/"},"modified":"2026-04-14T16:54:46","modified_gmt":"2026-04-14T14:54:46","slug":"formlabs-form-4bl-package-de-base","status":"publish","type":"product","link":"https:\/\/3d-edu.ch\/fr\/boutique\/formlabs-form-4bl-package-de-base\/","title":{"rendered":"Formlabs Form 4BL Package de base"},"content":{"rendered":"<h2>La Form 4BL de Formlabs est une imprimante 3D MSLA de bureau grand format.<\/h2>\n<p>La Form 4BL est une imprimante 3D dentaire grand format \u00e0 la vitesse record, qui offre la gamme de mat\u00e9riaux la plus compl\u00e8te pour la dentisterie et l&rsquo;orthodontie. Cr\u00e9ez rapidement des mod\u00e8les dentaires de haute qualit\u00e9 et des applications biocompatibles, avec un flux de travail simple, une fiabilit\u00e9 in\u00e9gal\u00e9e et une qualit\u00e9 de pi\u00e8ces imprim\u00e9es sup\u00e9rieure, gr\u00e2ce \u00e0 l&rsquo;\u00e9cosyst\u00e8me de la Form 4BL. <\/p>\n<p>La rapidit\u00e9 de la Form 4BL repose sur la nouvelle technologie Low Force Display&#x2122; de Formlabs, un syst\u00e8me d&rsquo;impression puissant compos\u00e9 de LED haute performance, de lentilles collimatrices, de filtres optiques et d&rsquo;un \u00e9cran \u00e0 cristaux liquides robuste. Ces composants combin\u00e9s assurent un durcissement ultra-rapide de chaque couche de r\u00e9sine, quels que soient la taille et le nombre de pi\u00e8ces. Une pr\u00e9cision de surface constante garantit que vos mod\u00e8les, applications et proth\u00e8ses s&rsquo;adaptent parfaitement \u00e0 chaque fois.  <\/p>\n<p>Nous sommes un <a href=\"https:\/\/formlabs.com\/company\/partners\/\" target=\"_blank\" rel=\"noopener noreferrer\">revendeur certifi\u00e9 de Formabs<\/a>, ce qui nous permet de vous offrir un excellent service pour les produits Formlabs.<\/p>\n<p>Le Form 4BL Basic Package de Formlabs comprend :<\/p>\n<ul>\n<li>Imprimante 3D Form 4BL de Formlabs<\/li>\n<li>R\u00e9servoir de r\u00e9sine<\/li>\n<li>Mixeur<\/li>\n<li>Plate-forme de construction L<\/li>\n<li>Kit de finition : Rinse Bucket<\/li>\n<li>Kit de finition : Outils de nettoyage<\/li>\n<li>Garantie fabricant d&rsquo;un an<\/li>\n<\/ul>\n<div class=\"accordion\">\n\t<div id=\"accordion-1958631658\" class=\"accordion-item\">\n\t\t<a id=\"accordion-1958631658-label\" class=\"accordion-title plain\" href=\"#accordion-item-plus-d&#039;informations\" aria-expanded=\"false\" aria-controls=\"accordion-1958631658-content\">\n\t\t\t<button class=\"toggle\" aria-label=\"Basculer\"><i class=\"icon-angle-down\" aria-hidden=\"true\"><\/i><\/button>\n\t\t\t<span>Plus d&#039;informations<\/span>\n\t\t<\/a>\n\t\t<div id=\"accordion-1958631658-content\" class=\"accordion-inner\" aria-labelledby=\"accordion-1958631658-label\">\n\t\t\t\n<p>La Form 4BL de Formlabs utilise la technologie Low Force Display&#x2122; (LFD). Cela la rend incroyablement rapide, encore plus pr\u00e9cise et encore plus fiable que toutes ses pr\u00e9d\u00e9cesseurs <a href=\"https:\/\/3d-edu.ch\/shop\/formlabs-form-3bl-basic-package\/\">Form 3BL<\/a>. Le puissant syst\u00e8me d&rsquo;impression, compos\u00e9 de LED haute performance, de lentilles collimatrices, de filtres optiques et d&rsquo;un robuste \u00e9cran \u00e0 cristaux liquides, assure de mani\u00e8re combin\u00e9e une polym\u00e9risation ultra-rapide de chaque couche de r\u00e9sine, quels que soient la taille et le nombre de pi\u00e8ces. En respectant des tol\u00e9rances strictes, la Form 4BL fournit toujours des pi\u00e8ces conformes \u00e0 vos param\u00e8tres de conception, quelle que soit la r\u00e9sine utilis\u00e9e et quelle que soit l&rsquo;impression.   <\/p>\n<h5><strong>Form 4B de Formlabs - Impression \u00e0 grande vitesse<\/strong><\/h5>\n<p>Avec la Form 4B de Formlabs, vous imprimez un mod\u00e8le dentaire toutes les 49 secondes. Par exemple, vous pouvez produire 8 guides chirurgicaux en 48 minutes ou 11 mod\u00e8les d&rsquo;aligneurs en 9 minutes. Vous pouvez \u00e9galement r\u00e9aliser 8 greffons (goutti\u00e8res) en 49 minutes et plus de 100 couronnes en moins de 20 minutes.     <\/p>\n<h5><strong>La Form 4L est tr\u00e8s polyvalente<\/strong><\/h5>\n<p>Comme les pr\u00e9c\u00e9dentes imprimantes 3D SLA de Formlabs, la Form 4BL de Formlabs offre des mat\u00e9riaux avanc\u00e9s pour chaque application. Vous avez acc\u00e8s \u00e0 tous les mat\u00e9riaux, y compris 15+ mat\u00e9riaux dentaires, y compris les r\u00e9sines biocompatibles, qui ont \u00e9t\u00e9 d\u00e9velopp\u00e9s et valid\u00e9s dans le cadre d&rsquo;un QMS rigoureux et qui sont fabriqu\u00e9s dans une installation certifi\u00e9e ISO 13485, pour que vous n&rsquo;ayez pas \u00e0 vous inqui\u00e9ter. <\/p>\n<h5><strong>La Form 4L est encore plus intuitive<\/strong><\/h5>\n<p>La Form 4BL de Formlabs a \u00e9galement \u00e9t\u00e9 con\u00e7ue pour \u00eatre facile \u00e0 utiliser. Ainsi, la Form 4BL de Formlabs s&rsquo;apprend en 15 minutes. <\/p>\n<h5><strong>La Form 4L est extr\u00eamement fiable<\/strong><\/h5>\n<p>Jamais une imprimante 3D SLA n&rsquo;a \u00e9t\u00e9 test\u00e9e aussi intensivement avant sa sortie que la Form 4BL de Formlabs. C&rsquo;est pourquoi nous pouvons d&rsquo;ores et d\u00e9j\u00e0 affirmer que la Form 4BL offre d\u00e8s le d\u00e9part un taux de r\u00e9ussite d&rsquo;impression in\u00e9gal\u00e9. <\/p>\n<h5><strong>Une pr\u00e9cision maximale \u00e0 une vitesse maximale<\/strong><\/h5>\n<p>M\u00eame \u00e0 ces vitesses d&rsquo;impression \u00e9lev\u00e9es de 40 \u00e0 100 mm\/h, la Form 4B de Formlabs atteint une pr\u00e9cision incroyable. Avec la Form 4B, vous produisez les surfaces les plus lisses avec une taille de pixel de 46 \u03bcm, soutenue par un lissage avanc\u00e9 des bords pour une r\u00e9solution sub-pixel. Cela vous permet d&rsquo;imprimer des pi\u00e8ces dentaires avec la meilleure pr\u00e9cision de surface du secteur, soit plus de 95 % des points de donn\u00e9es dans les 46 \u03bcm des donn\u00e9es CAO d&rsquo;origine, de mani\u00e8re coh\u00e9rente sur toute la plateforme de construction.<\/p>\n\t\t<\/div>\n\t<\/div>\n\t\n<\/div>\n","protected":false},"excerpt":{"rendered":"<h2><strong>Formlabs Form 4BL LFS Imprimante 3D de bureau<\/strong><\/h2>\n<table>\n<tbody>\n<tr>\n<td width=\"100\">Fabricant<\/td>\n<td>Formlabs<\/td>\n<\/tr>\n<tr>\n<td>Proc\u00e9dure<\/td>\n<td>LFD - Affichage \u00e0 faible force<\/td>\n<\/tr>\n<tr>\n<td>Mat\u00e9riau<\/td>\n<td>R\u00e9sines synth\u00e9tiques Formlabs<\/td>\n<\/tr>\n<tr>\n<td>\u00c9paisseur de la couche<\/td>\n<td>25-200 \u00b5m<\/td>\n<\/tr>\n<tr>\n<td>R\u00e9solution XY<\/td>\n<td>46 \u00b5m<\/td>\n<\/tr>\n<tr>\n<td>Espace d&rsquo;installation<\/td>\n<td>353 x 196 x 350 mm<\/td>\n<\/tr>\n<\/tbody>\n<\/table>\n","protected":false},"featured_media":71151,"comment_status":"closed","ping_status":"closed","template":"","meta":[],"product_brand":[],"product_cat":[7780,7877,7876],"product_tag":[8449,8448,7784,8246,8161,8159,8207,8429,8430,8431],"class_list":{"0":"post-75949","1":"product","2":"type-product","3":"status-publish","4":"has-post-thumbnail","6":"product_cat-formlabs-fr","7":"product_cat-imprimante-3d-sla-lfs-fr","8":"product_cat-imprimantes-3d-fr","9":"product_tag-biocompatible","10":"product_tag-biomed","11":"product_tag-formlabs-fr","12":"product_tag-formlabs-form-4","13":"product_tag-formlabs-form-4bl","14":"product_tag-formlabs-form-4l","15":"product_tag-imprimante-3d","16":"product_tag-imprimante-3d-continue","17":"product_tag-imprimante-3d-msla","18":"product_tag-sla-grand-format","20":"first","21":"onbackorder","22":"taxable","23":"shipping-taxable","24":"purchasable","25":"product-type-variable"},"yoast_head":"<!-- This site is optimized with the Yoast SEO Premium plugin v27.4 (Yoast SEO v27.4) - https:\/\/yoast.com\/product\/yoast-seo-premium-wordpress\/ -->\n<title>Acheter Form 4L de Formlabs - Imprimante 3D Resin grand format - 3D-EDU<\/title>\n<meta name=\"description\" content=\"La Form 4BL est une imprimante 3D dentaire grand format \u00e0 la vitesse record, qui offre la gamme de mat\u00e9riaux la plus compl\u00e8te pour la dentisterie et l&#039;orthodontie.\" \/>\n<meta name=\"robots\" content=\"index, follow, max-snippet:-1, max-image-preview:large, max-video-preview:-1\" \/>\n<link rel=\"canonical\" href=\"https:\/\/3d-edu.ch\/fr\/boutique\/formlabs-form-4bl-package-de-base\/\" \/>\n<meta property=\"og:locale\" content=\"fr_FR\" \/>\n<meta property=\"og:type\" content=\"article\" \/>\n<meta property=\"og:title\" content=\"Acheter une Form 3 de Formlabs - La nouvelle imprimante 3D LFS de Formlabs - 3D-EDU GmbH\" \/>\n<meta property=\"og:description\" content=\"La Form 4BL est une imprimante 3D dentaire grand format \u00e0 la vitesse record, qui offre la gamme de mat\u00e9riaux la plus compl\u00e8te pour la dentisterie et l&#039;orthodontie.\" \/>\n<meta property=\"og:url\" content=\"https:\/\/3d-edu.ch\/fr\/boutique\/formlabs-form-4bl-package-de-base\/\" \/>\n<meta property=\"og:site_name\" content=\"3D-EDU GmbH\" \/>\n<meta property=\"article:publisher\" content=\"https:\/\/www.facebook.com\/3d-educh-210277586064960\/\" \/>\n<meta property=\"article:modified_time\" content=\"2026-04-14T14:54:46+00:00\" \/>\n<meta property=\"og:image\" content=\"https:\/\/dedune53.myhostpoint.ch\/wp-content\/uploads\/2019\/04\/formlabs-form-3-integration-neu.jpg\" \/>\n<meta name=\"twitter:card\" content=\"summary_large_image\" \/>\n<meta name=\"twitter:title\" content=\"Acheter une Form 3 de Formlabs - La nouvelle imprimante 3D LFS de Formlabs\" \/>\n<meta name=\"twitter:site\" content=\"@3d_edu_ch\" \/>\n<meta name=\"twitter:label1\" content=\"Disponibilit\u00e9\" \/>\n\t<meta name=\"twitter:data1\" content=\"En r\u00e9assort\" \/>\n<script type=\"application\/ld+json\" class=\"yoast-schema-graph\">{\"@context\":\"https:\\\/\\\/schema.org\",\"@graph\":[{\"@type\":\"WebPage\",\"@id\":\"https:\\\/\\\/3d-edu.ch\\\/fr\\\/boutique\\\/formlabs-form-4bl-package-de-base\\\/\",\"url\":\"https:\\\/\\\/3d-edu.ch\\\/fr\\\/boutique\\\/formlabs-form-4bl-package-de-base\\\/\",\"name\":\"Acheter Form 4L de Formlabs - Imprimante 3D Resin grand format - 3D-EDU\",\"isPartOf\":{\"@id\":\"https:\\\/\\\/3d-edu.ch\\\/fr\\\/#website\"},\"primaryImageOfPage\":{\"@id\":\"https:\\\/\\\/3d-edu.ch\\\/fr\\\/boutique\\\/formlabs-form-4bl-package-de-base\\\/#primaryimage\"},\"image\":{\"@id\":\"https:\\\/\\\/3d-edu.ch\\\/fr\\\/boutique\\\/formlabs-form-4bl-package-de-base\\\/#primaryimage\"},\"thumbnailUrl\":\"https:\\\/\\\/3d-edu.ch\\\/wp-content\\\/uploads\\\/2024\\\/10\\\/formlabs-form-4l-basic-package.jpg\",\"datePublished\":\"2024-10-10T13:27:43+00:00\",\"dateModified\":\"2026-04-14T14:54:46+00:00\",\"description\":\"La Form 4BL est une imprimante 3D dentaire grand format \u00e0 la vitesse record, qui offre la gamme de mat\u00e9riaux la plus compl\u00e8te pour la dentisterie et l'orthodontie.\",\"breadcrumb\":{\"@id\":\"https:\\\/\\\/3d-edu.ch\\\/fr\\\/boutique\\\/formlabs-form-4bl-package-de-base\\\/#breadcrumb\"},\"inLanguage\":\"fr-FR\",\"potentialAction\":[{\"@type\":\"ReadAction\",\"target\":[\"https:\\\/\\\/3d-edu.ch\\\/fr\\\/boutique\\\/formlabs-form-4bl-package-de-base\\\/\"]}]},{\"@type\":\"ImageObject\",\"inLanguage\":\"fr-FR\",\"@id\":\"https:\\\/\\\/3d-edu.ch\\\/fr\\\/boutique\\\/formlabs-form-4bl-package-de-base\\\/#primaryimage\",\"url\":\"https:\\\/\\\/3d-edu.ch\\\/wp-content\\\/uploads\\\/2024\\\/10\\\/formlabs-form-4l-basic-package.jpg\",\"contentUrl\":\"https:\\\/\\\/3d-edu.ch\\\/wp-content\\\/uploads\\\/2024\\\/10\\\/formlabs-form-4l-basic-package.jpg\",\"width\":600,\"height\":600},{\"@type\":\"BreadcrumbList\",\"@id\":\"https:\\\/\\\/3d-edu.ch\\\/fr\\\/boutique\\\/formlabs-form-4bl-package-de-base\\\/#breadcrumb\",\"itemListElement\":[{\"@type\":\"ListItem\",\"position\":1,\"name\":\"Accueil\",\"item\":\"https:\\\/\\\/3d-edu.ch\\\/fr\\\/\"},{\"@type\":\"ListItem\",\"position\":2,\"name\":\"Boutique\",\"item\":\"https:\\\/\\\/3d-edu.ch\\\/fr\\\/boutique\\\/\"},{\"@type\":\"ListItem\",\"position\":3,\"name\":\"Formlabs Form 4BL Package de base\"}]},{\"@type\":\"WebSite\",\"@id\":\"https:\\\/\\\/3d-edu.ch\\\/fr\\\/#website\",\"url\":\"https:\\\/\\\/3d-edu.ch\\\/fr\\\/\",\"name\":\"3D-EDU GmbH\",\"description\":\"Your Formlabs, UltiMaker and Raise3D Printer Support and Education Site in Switzerland. \\\/\\\/ Ihre Formlabs, UltiMaker and Raise3D Drucker Support und Bildungs Webseite der Schweiz.\",\"publisher\":{\"@id\":\"https:\\\/\\\/3d-edu.ch\\\/fr\\\/#organization\"},\"potentialAction\":[{\"@type\":\"SearchAction\",\"target\":{\"@type\":\"EntryPoint\",\"urlTemplate\":\"https:\\\/\\\/3d-edu.ch\\\/fr\\\/?s={search_term_string}\"},\"query-input\":{\"@type\":\"PropertyValueSpecification\",\"valueRequired\":true,\"valueName\":\"search_term_string\"}}],\"inLanguage\":\"fr-FR\"},{\"@type\":[\"Organization\",\"Place\",\"ElectronicsStore\"],\"@id\":\"https:\\\/\\\/3d-edu.ch\\\/fr\\\/#organization\",\"name\":\"3D-EDU GmbH\",\"url\":\"https:\\\/\\\/3d-edu.ch\\\/fr\\\/\",\"logo\":{\"@id\":\"https:\\\/\\\/3d-edu.ch\\\/fr\\\/boutique\\\/formlabs-form-4bl-package-de-base\\\/#local-main-organization-logo\"},\"image\":{\"@id\":\"https:\\\/\\\/3d-edu.ch\\\/fr\\\/boutique\\\/formlabs-form-4bl-package-de-base\\\/#local-main-organization-logo\"},\"sameAs\":[\"https:\\\/\\\/www.facebook.com\\\/3d-educh-210277586064960\\\/\",\"https:\\\/\\\/x.com\\\/3d_edu_ch\"],\"address\":{\"@id\":\"https:\\\/\\\/3d-edu.ch\\\/fr\\\/boutique\\\/formlabs-form-4bl-package-de-base\\\/#local-main-place-address\"},\"geo\":{\"@type\":\"GeoCoordinates\",\"latitude\":\"47.38413\",\"longitude\":\"8.49812\"},\"telephone\":[\"+41 44 492 11 22\"],\"openingHoursSpecification\":[{\"@type\":\"OpeningHoursSpecification\",\"dayOfWeek\":[\"Monday\",\"Tuesday\",\"Wednesday\",\"Thursday\",\"Friday\"],\"opens\":\"08:30\",\"closes\":\"18:00\"},{\"@type\":\"OpeningHoursSpecification\",\"dayOfWeek\":[\"Saturday\",\"Sunday\"],\"opens\":\"00:00\",\"closes\":\"00:00\"}],\"email\":\"info@3d-edu.ch\",\"faxNumber\":\"+41 44 492 11 23\",\"vatID\":\"CHE-184.499.491 MWST\",\"priceRange\":\"$$$\",\"currenciesAccepted\":\"CHF\"},{\"@type\":\"PostalAddress\",\"@id\":\"https:\\\/\\\/3d-edu.ch\\\/fr\\\/boutique\\\/formlabs-form-4bl-package-de-base\\\/#local-main-place-address\",\"streetAddress\":\"3D-EDU GmbH, Badenerstrasse 556\",\"addressLocality\":\"Z\u00fcrich\",\"postalCode\":\"8048\",\"addressRegion\":\"Z\u00fcrich\",\"addressCountry\":\"CH\"},{\"@type\":\"ImageObject\",\"inLanguage\":\"fr-FR\",\"@id\":\"https:\\\/\\\/3d-edu.ch\\\/fr\\\/boutique\\\/formlabs-form-4bl-package-de-base\\\/#local-main-organization-logo\",\"url\":\"https:\\\/\\\/3d-edu.ch\\\/wp-content\\\/uploads\\\/2018\\\/10\\\/3d-drucker-makerbot-formlabs-professionelle-3d-drucker-e1546527990490.png\",\"contentUrl\":\"https:\\\/\\\/3d-edu.ch\\\/wp-content\\\/uploads\\\/2018\\\/10\\\/3d-drucker-makerbot-formlabs-professionelle-3d-drucker-e1546527990490.png\",\"width\":275,\"height\":80,\"caption\":\"3D-EDU GmbH\"}]}<\/script>\n<meta property=\"product:brand\" content=\"Formlabs\" \/>\n<meta property=\"og:availability\" content=\"backorder\" \/>\n<meta property=\"product:availability\" content=\"available for order\" \/>\n<meta property=\"product:condition\" content=\"new\" \/>\n<meta name=\"geo.placename\" content=\"Z\u00fcrich\" \/>\n<meta name=\"geo.position\" content=\"47.38413;8.49812\" \/>\n<meta name=\"geo.region\" content=\"Suisse\" \/>\n<!-- \/ Yoast SEO Premium plugin. -->","yoast_head_json":{"title":"Acheter Form 4L de Formlabs - Imprimante 3D Resin grand format - 3D-EDU","description":"La Form 4BL est une imprimante 3D dentaire grand format \u00e0 la vitesse record, qui offre la gamme de mat\u00e9riaux la plus compl\u00e8te pour la dentisterie et l'orthodontie.","robots":{"index":"index","follow":"follow","max-snippet":"max-snippet:-1","max-image-preview":"max-image-preview:large","max-video-preview":"max-video-preview:-1"},"canonical":"https:\/\/3d-edu.ch\/fr\/boutique\/formlabs-form-4bl-package-de-base\/","og_locale":"fr_FR","og_type":"article","og_title":"Acheter une Form 3 de Formlabs - La nouvelle imprimante 3D LFS de Formlabs - 3D-EDU GmbH","og_description":"La Form 4BL est une imprimante 3D dentaire grand format \u00e0 la vitesse record, qui offre la gamme de mat\u00e9riaux la plus compl\u00e8te pour la dentisterie et l'orthodontie.","og_url":"https:\/\/3d-edu.ch\/fr\/boutique\/formlabs-form-4bl-package-de-base\/","og_site_name":"3D-EDU GmbH","article_publisher":"https:\/\/www.facebook.com\/3d-educh-210277586064960\/","article_modified_time":"2026-04-14T14:54:46+00:00","og_image":[{"url":"https:\/\/dedune53.myhostpoint.ch\/wp-content\/uploads\/2019\/04\/formlabs-form-3-integration-neu.jpg","type":"","width":"","height":""}],"twitter_card":"summary_large_image","twitter_title":"Acheter une Form 3 de Formlabs - La nouvelle imprimante 3D LFS de Formlabs","twitter_site":"@3d_edu_ch","twitter_misc":{"Disponibilit\u00e9":"En r\u00e9assort"},"schema":{"@context":"https:\/\/schema.org","@graph":[{"@type":"WebPage","@id":"https:\/\/3d-edu.ch\/fr\/boutique\/formlabs-form-4bl-package-de-base\/","url":"https:\/\/3d-edu.ch\/fr\/boutique\/formlabs-form-4bl-package-de-base\/","name":"Acheter Form 4L de Formlabs - Imprimante 3D Resin grand format - 3D-EDU","isPartOf":{"@id":"https:\/\/3d-edu.ch\/fr\/#website"},"primaryImageOfPage":{"@id":"https:\/\/3d-edu.ch\/fr\/boutique\/formlabs-form-4bl-package-de-base\/#primaryimage"},"image":{"@id":"https:\/\/3d-edu.ch\/fr\/boutique\/formlabs-form-4bl-package-de-base\/#primaryimage"},"thumbnailUrl":"https:\/\/3d-edu.ch\/wp-content\/uploads\/2024\/10\/formlabs-form-4l-basic-package.jpg","datePublished":"2024-10-10T13:27:43+00:00","dateModified":"2026-04-14T14:54:46+00:00","description":"La Form 4BL est une imprimante 3D dentaire grand format \u00e0 la vitesse record, qui offre la gamme de mat\u00e9riaux la plus compl\u00e8te pour la dentisterie et l'orthodontie.","breadcrumb":{"@id":"https:\/\/3d-edu.ch\/fr\/boutique\/formlabs-form-4bl-package-de-base\/#breadcrumb"},"inLanguage":"fr-FR","potentialAction":[{"@type":"ReadAction","target":["https:\/\/3d-edu.ch\/fr\/boutique\/formlabs-form-4bl-package-de-base\/"]}]},{"@type":"ImageObject","inLanguage":"fr-FR","@id":"https:\/\/3d-edu.ch\/fr\/boutique\/formlabs-form-4bl-package-de-base\/#primaryimage","url":"https:\/\/3d-edu.ch\/wp-content\/uploads\/2024\/10\/formlabs-form-4l-basic-package.jpg","contentUrl":"https:\/\/3d-edu.ch\/wp-content\/uploads\/2024\/10\/formlabs-form-4l-basic-package.jpg","width":600,"height":600},{"@type":"BreadcrumbList","@id":"https:\/\/3d-edu.ch\/fr\/boutique\/formlabs-form-4bl-package-de-base\/#breadcrumb","itemListElement":[{"@type":"ListItem","position":1,"name":"Accueil","item":"https:\/\/3d-edu.ch\/fr\/"},{"@type":"ListItem","position":2,"name":"Boutique","item":"https:\/\/3d-edu.ch\/fr\/boutique\/"},{"@type":"ListItem","position":3,"name":"Formlabs Form 4BL Package de base"}]},{"@type":"WebSite","@id":"https:\/\/3d-edu.ch\/fr\/#website","url":"https:\/\/3d-edu.ch\/fr\/","name":"3D-EDU GmbH","description":"Your Formlabs, UltiMaker and Raise3D Printer Support and Education Site in Switzerland. \/\/ Ihre Formlabs, UltiMaker and Raise3D Drucker Support und Bildungs Webseite der Schweiz.","publisher":{"@id":"https:\/\/3d-edu.ch\/fr\/#organization"},"potentialAction":[{"@type":"SearchAction","target":{"@type":"EntryPoint","urlTemplate":"https:\/\/3d-edu.ch\/fr\/?s={search_term_string}"},"query-input":{"@type":"PropertyValueSpecification","valueRequired":true,"valueName":"search_term_string"}}],"inLanguage":"fr-FR"},{"@type":["Organization","Place","ElectronicsStore"],"@id":"https:\/\/3d-edu.ch\/fr\/#organization","name":"3D-EDU GmbH","url":"https:\/\/3d-edu.ch\/fr\/","logo":{"@id":"https:\/\/3d-edu.ch\/fr\/boutique\/formlabs-form-4bl-package-de-base\/#local-main-organization-logo"},"image":{"@id":"https:\/\/3d-edu.ch\/fr\/boutique\/formlabs-form-4bl-package-de-base\/#local-main-organization-logo"},"sameAs":["https:\/\/www.facebook.com\/3d-educh-210277586064960\/","https:\/\/x.com\/3d_edu_ch"],"address":{"@id":"https:\/\/3d-edu.ch\/fr\/boutique\/formlabs-form-4bl-package-de-base\/#local-main-place-address"},"geo":{"@type":"GeoCoordinates","latitude":"47.38413","longitude":"8.49812"},"telephone":["+41 44 492 11 22"],"openingHoursSpecification":[{"@type":"OpeningHoursSpecification","dayOfWeek":["Monday","Tuesday","Wednesday","Thursday","Friday"],"opens":"08:30","closes":"18:00"},{"@type":"OpeningHoursSpecification","dayOfWeek":["Saturday","Sunday"],"opens":"00:00","closes":"00:00"}],"email":"info@3d-edu.ch","faxNumber":"+41 44 492 11 23","vatID":"CHE-184.499.491 MWST","priceRange":"$$$","currenciesAccepted":"CHF"},{"@type":"PostalAddress","@id":"https:\/\/3d-edu.ch\/fr\/boutique\/formlabs-form-4bl-package-de-base\/#local-main-place-address","streetAddress":"3D-EDU GmbH, Badenerstrasse 556","addressLocality":"Z\u00fcrich","postalCode":"8048","addressRegion":"Z\u00fcrich","addressCountry":"CH"},{"@type":"ImageObject","inLanguage":"fr-FR","@id":"https:\/\/3d-edu.ch\/fr\/boutique\/formlabs-form-4bl-package-de-base\/#local-main-organization-logo","url":"https:\/\/3d-edu.ch\/wp-content\/uploads\/2018\/10\/3d-drucker-makerbot-formlabs-professionelle-3d-drucker-e1546527990490.png","contentUrl":"https:\/\/3d-edu.ch\/wp-content\/uploads\/2018\/10\/3d-drucker-makerbot-formlabs-professionelle-3d-drucker-e1546527990490.png","width":275,"height":80,"caption":"3D-EDU GmbH"}]},"product_brand":"Formlabs","og_availability":"backorder","product_availability":"available for order","product_condition":"new","geo.placename":"Z\u00fcrich","geo.position":{"lat":"47.38413","long":"8.49812"},"geo.region":"Suisse"},"_links":{"self":[{"href":"https:\/\/3d-edu.ch\/fr\/wp-json\/wp\/v2\/product\/75949","targetHints":{"allow":["GET"]}}],"collection":[{"href":"https:\/\/3d-edu.ch\/fr\/wp-json\/wp\/v2\/product"}],"about":[{"href":"https:\/\/3d-edu.ch\/fr\/wp-json\/wp\/v2\/types\/product"}],"replies":[{"embeddable":true,"href":"https:\/\/3d-edu.ch\/fr\/wp-json\/wp\/v2\/comments?post=75949"}],"wp:featuredmedia":[{"embeddable":true,"href":"https:\/\/3d-edu.ch\/fr\/wp-json\/wp\/v2\/media\/71151"}],"wp:attachment":[{"href":"https:\/\/3d-edu.ch\/fr\/wp-json\/wp\/v2\/media?parent=75949"}],"wp:term":[{"taxonomy":"product_brand","embeddable":true,"href":"https:\/\/3d-edu.ch\/fr\/wp-json\/wp\/v2\/product_brand?post=75949"},{"taxonomy":"product_cat","embeddable":true,"href":"https:\/\/3d-edu.ch\/fr\/wp-json\/wp\/v2\/product_cat?post=75949"},{"taxonomy":"product_tag","embeddable":true,"href":"https:\/\/3d-edu.ch\/fr\/wp-json\/wp\/v2\/product_tag?post=75949"}],"curies":[{"name":"wp","href":"https:\/\/api.w.org\/{rel}","templated":true}]}}