{"id":75942,"date":"2024-10-07T12:40:16","date_gmt":"2024-10-07T12:40:16","guid":{"rendered":"https:\/\/3d-edu.ch\/shop\/formlabs-form-4l-package-de-base\/"},"modified":"2026-04-14T16:54:59","modified_gmt":"2026-04-14T14:54:59","slug":"formlabs-form-4l-package-de-base","status":"publish","type":"product","link":"https:\/\/3d-edu.ch\/fr\/boutique\/formlabs-form-4l-package-de-base\/","title":{"rendered":"Formlabs Form 4L Package de base"},"content":{"rendered":"<h2>La Form 4L de Formlabs est une imprimante 3D MSLA de bureau grand format.<\/h2>\n<p>La Form 4L est une imprimante 3D MSLA grand format \u00e0 la vitesse record, qui associe une biblioth\u00e8que de mat\u00e9riaux \u00e0 la pointe de l&rsquo;industrie \u00e0 un syst\u00e8me d&rsquo;impression fiable et pr\u00e9cis. Faites de vos plus grandes id\u00e9es une r\u00e9alit\u00e9 plus rapidement que jamais, gr\u00e2ce \u00e0 un flux de travail simple, une fiabilit\u00e9 in\u00e9gal\u00e9e et une qualit\u00e9 de pi\u00e8ces imprim\u00e9es sup\u00e9rieure sur l&rsquo;\u00e9cosyst\u00e8me de la Form 4L.  Nous sommes un <a href=\"https:\/\/formlabs.com\/company\/partners\/\" target=\"_blank\" rel=\"noopener noreferrer\">revendeur certifi\u00e9 de Formabs<\/a>, ce qui nous permet de vous offrir un excellent service pour les produits Formlabs.<\/p>\n<p>Le Form 4L Basic Package de Formlabs comprend :<\/p>\n<ul>\n<li>Imprimante 3D Form 4L de Formlabs<\/li>\n<li>R\u00e9servoir de r\u00e9sine<\/li>\n<li>Mixeur<\/li>\n<li>Plate-forme de construction L<\/li>\n<li>Kit de finition : Rinse Bucket<\/li>\n<li>Kit de finition : Outils de nettoyage<\/li>\n<li>Garantie fabricant d&rsquo;un an<\/li>\n<\/ul>\n<div class=\"accordion\">\n\t<div id=\"accordion-1449795200\" class=\"accordion-item\">\n\t\t<a id=\"accordion-1449795200-label\" class=\"accordion-title plain\" href=\"#accordion-item-plus-d&#039;informations\" aria-expanded=\"false\" aria-controls=\"accordion-1449795200-content\">\n\t\t\t<button class=\"toggle\" aria-label=\"Basculer\"><i class=\"icon-angle-down\" aria-hidden=\"true\"><\/i><\/button>\n\t\t\t<span>Plus d&#039;informations<\/span>\n\t\t<\/a>\n\t\t<div id=\"accordion-1449795200-content\" class=\"accordion-inner\" aria-labelledby=\"accordion-1449795200-label\">\n\t\t\t\n<p>La Form 4L de Formlabs utilise la technologie Low Force Display&#x2122; (LFD). Cela la rend incroyablement rapide, encore plus pr\u00e9cise et encore plus fiable que toutes ses pr\u00e9d\u00e9cesseurs <a href=\"https:\/\/3d-edu.ch\/fr\/boutique\/formlabs-form-3l-package-complet\/\">Form 3L<\/a>. Le puissant syst\u00e8me d&rsquo;impression, compos\u00e9 de LED haute performance, de lentilles collimatrices, de filtres optiques et d&rsquo;un robuste \u00e9cran \u00e0 cristaux liquides, assure de mani\u00e8re combin\u00e9e un durcissement ultra-rapide de chaque couche de r\u00e9sine, quels que soient la taille et le nombre de pi\u00e8ces. En respectant des tol\u00e9rances strictes, la Form 4L fournit toujours des pi\u00e8ces conformes \u00e0 vos param\u00e8tres de conception, quelle que soit la r\u00e9sine utilis\u00e9e et quelle que soit l&rsquo;impression.   <\/p>\n<p>Vous souhaitez imprimer avec des mat\u00e9riaux biocompatibles ? D\u00e9couvrez la <strong><a href=\"https:\/\/3d-edu.ch\/fr\/boutique\/formlabs-form-4bl-package-de-base\/\">Form 4BL<\/a>.<br \/>\n<\/strong> <\/p>\n<h5><strong>Form 4L de Formlabs - des impressions de haute pr\u00e9cision et de grande taille - \u00e0 chaque travail d&rsquo;impression<\/strong><\/h5>\n<p>R\u00e9alisez facilement et en temps voulu le prototypage et la production dans votre entreprise avec l&rsquo;imprimante 3D Form 4L MSLA de Formlabs. Son syst\u00e8me bien con\u00e7u et sa grande capacit\u00e9 garantissent une utilisation rapide et efficace. <\/p>\n<h5><strong>La Form 4L est tr\u00e8s polyvalente<\/strong><\/h5>\n<p>Comme les pr\u00e9c\u00e9dentes imprimantes 3D SLA de Formlabs, la Form 4L offre des mat\u00e9riaux avanc\u00e9s pour chaque application. Vous avez acc\u00e8s \u00e0 des mat\u00e9riaux optimis\u00e9s pour la r\u00e9sistance aux chocs, la rigidit\u00e9, la r\u00e9sistance aux flammes, la flexibilit\u00e9 et bien plus encore. <\/p>\n<h5><strong>La Form 4L est encore plus intuitive<\/strong><\/h5>\n<p>La Form 4L de Formlabs a \u00e9galement \u00e9t\u00e9 con\u00e7ue pour \u00eatre facile \u00e0 utiliser. La Form 4L s&rsquo;apprend en 15 minutes. <\/p>\n<h5><strong>La Form 4L est extr\u00eamement fiable<\/strong><\/h5>\n<p>Jamais une imprimante 3D SLA n&rsquo;a \u00e9t\u00e9 test\u00e9e aussi intensivement avant sa sortie que la Form 4L de Formlabs. C&rsquo;est pourquoi nous pouvons d&rsquo;ores et d\u00e9j\u00e0 affirmer que la Form 4L offre un taux de r\u00e9ussite d&rsquo;impression in\u00e9gal\u00e9 d\u00e8s le d\u00e9part. <\/p>\n<h5><strong>Une pr\u00e9cision maximale \u00e0 une vitesse maximale<\/strong><\/h5>\n<p>M\u00eame \u00e0 ces vitesses d&rsquo;impression \u00e9lev\u00e9es de 40 \u00e0 100 mm\/h, la Form 4L de Formlabs atteint une pr\u00e9cision comparable \u00e0 celle des pi\u00e8ces moul\u00e9es par injection. Avec la Form 4L, vous produisez les surfaces les plus lisses avec une taille de pixel de 46 \u03bcm, soutenue par un lissage avanc\u00e9 des bords pour une r\u00e9solution sub-pixel. Vous produisez ainsi des assemblages pr\u00e9cis avec des tol\u00e9rances \u00e9troites qui garantissent toujours un ajustement pr\u00e9cis.<\/p>\n\t\t<\/div>\n\t<\/div>\n\t\n<\/div>\n","protected":false},"excerpt":{"rendered":"<h2><strong>Formlabs Form 4L LFS Imprimante 3D de bureau<\/strong><\/h2>\n<table>\n<tbody>\n<tr>\n<td width=\"100\">Fabricant<\/td>\n<td>Formlabs<\/td>\n<\/tr>\n<tr>\n<td>Proc\u00e9dure<\/td>\n<td>LFD - Affichage \u00e0 faible force<\/td>\n<\/tr>\n<tr>\n<td>Mat\u00e9riau<\/td>\n<td>R\u00e9sines synth\u00e9tiques Formlabs<\/td>\n<\/tr>\n<tr>\n<td>\u00c9paisseur de la couche<\/td>\n<td>25-200 \u00b5m<\/td>\n<\/tr>\n<tr>\n<td>R\u00e9solution XY<\/td>\n<td>46 \u00b5m<\/td>\n<\/tr>\n<tr>\n<td>Espace d&rsquo;installation<\/td>\n<td>353 x 196 x 350 mm<\/td>\n<\/tr>\n<\/tbody>\n<\/table>\n","protected":false},"featured_media":71151,"comment_status":"closed","ping_status":"closed","template":"","meta":[],"product_brand":[],"product_cat":[7780,7877,7876],"product_tag":[7784,8246,8159,8207,8429,8430,8431],"class_list":{"0":"post-75942","1":"product","2":"type-product","3":"status-publish","4":"has-post-thumbnail","6":"product_cat-formlabs-fr","7":"product_cat-imprimante-3d-sla-lfs-fr","8":"product_cat-imprimantes-3d-fr","9":"product_tag-formlabs-fr","10":"product_tag-formlabs-form-4","11":"product_tag-formlabs-form-4l","12":"product_tag-imprimante-3d","13":"product_tag-imprimante-3d-continue","14":"product_tag-imprimante-3d-msla","15":"product_tag-sla-grand-format","17":"first","18":"onbackorder","19":"taxable","20":"shipping-taxable","21":"purchasable","22":"product-type-variable"},"yoast_head":"<!-- This site is optimized with the Yoast SEO Premium plugin v27.4 (Yoast SEO v27.4) - https:\/\/yoast.com\/product\/yoast-seo-premium-wordpress\/ -->\n<title>Acheter Form 4L de Formlabs - Imprimante 3D Resin grand format - 3D-EDU<\/title>\n<meta name=\"description\" content=\"La Form 4L est une imprimante 3D grand format \u00e0 la vitesse record qui associe une biblioth\u00e8que de mat\u00e9riaux \u00e0 la pointe de l&#039;industrie \u00e0 un syst\u00e8me d&#039;impression fiable et pr\u00e9cis.\" \/>\n<meta name=\"robots\" content=\"index, follow, max-snippet:-1, max-image-preview:large, max-video-preview:-1\" \/>\n<link rel=\"canonical\" href=\"https:\/\/3d-edu.ch\/fr\/boutique\/formlabs-form-4l-package-de-base\/\" \/>\n<meta property=\"og:locale\" content=\"fr_FR\" \/>\n<meta property=\"og:type\" content=\"article\" \/>\n<meta property=\"og:title\" content=\"Acheter une Form 3 de Formlabs - La nouvelle imprimante 3D LFS de Formlabs - 3D-EDU GmbH\" \/>\n<meta property=\"og:description\" content=\"La Form 4L est une imprimante 3D grand format \u00e0 la vitesse record qui associe une biblioth\u00e8que de mat\u00e9riaux \u00e0 la pointe de l&#039;industrie \u00e0 un syst\u00e8me d&#039;impression fiable et pr\u00e9cis.\" \/>\n<meta property=\"og:url\" content=\"https:\/\/3d-edu.ch\/fr\/boutique\/formlabs-form-4l-package-de-base\/\" \/>\n<meta property=\"og:site_name\" content=\"3D-EDU GmbH\" \/>\n<meta property=\"article:publisher\" content=\"https:\/\/www.facebook.com\/3d-educh-210277586064960\/\" \/>\n<meta property=\"article:modified_time\" content=\"2026-04-14T14:54:59+00:00\" \/>\n<meta property=\"og:image\" content=\"https:\/\/dedune53.myhostpoint.ch\/wp-content\/uploads\/2019\/04\/formlabs-form-3-integration-neu.jpg\" \/>\n<meta name=\"twitter:card\" content=\"summary_large_image\" \/>\n<meta name=\"twitter:title\" content=\"Acheter une Form 3 de Formlabs - La nouvelle imprimante 3D LFS de Formlabs\" \/>\n<meta name=\"twitter:site\" content=\"@3d_edu_ch\" \/>\n<meta name=\"twitter:label1\" content=\"Disponibilit\u00e9\" \/>\n\t<meta name=\"twitter:data1\" content=\"En r\u00e9assort\" \/>\n<script type=\"application\/ld+json\" class=\"yoast-schema-graph\">{\"@context\":\"https:\\\/\\\/schema.org\",\"@graph\":[{\"@type\":\"WebPage\",\"@id\":\"https:\\\/\\\/3d-edu.ch\\\/fr\\\/boutique\\\/formlabs-form-4l-package-de-base\\\/\",\"url\":\"https:\\\/\\\/3d-edu.ch\\\/fr\\\/boutique\\\/formlabs-form-4l-package-de-base\\\/\",\"name\":\"Acheter Form 4L de Formlabs - Imprimante 3D Resin grand format - 3D-EDU\",\"isPartOf\":{\"@id\":\"https:\\\/\\\/3d-edu.ch\\\/fr\\\/#website\"},\"primaryImageOfPage\":{\"@id\":\"https:\\\/\\\/3d-edu.ch\\\/fr\\\/boutique\\\/formlabs-form-4l-package-de-base\\\/#primaryimage\"},\"image\":{\"@id\":\"https:\\\/\\\/3d-edu.ch\\\/fr\\\/boutique\\\/formlabs-form-4l-package-de-base\\\/#primaryimage\"},\"thumbnailUrl\":\"https:\\\/\\\/3d-edu.ch\\\/wp-content\\\/uploads\\\/2024\\\/10\\\/formlabs-form-4l-basic-package.jpg\",\"datePublished\":\"2024-10-07T12:40:16+00:00\",\"dateModified\":\"2026-04-14T14:54:59+00:00\",\"description\":\"La Form 4L est une imprimante 3D grand format \u00e0 la vitesse record qui associe une biblioth\u00e8que de mat\u00e9riaux \u00e0 la pointe de l'industrie \u00e0 un syst\u00e8me d'impression fiable et pr\u00e9cis.\",\"breadcrumb\":{\"@id\":\"https:\\\/\\\/3d-edu.ch\\\/fr\\\/boutique\\\/formlabs-form-4l-package-de-base\\\/#breadcrumb\"},\"inLanguage\":\"fr-FR\",\"potentialAction\":[{\"@type\":\"ReadAction\",\"target\":[\"https:\\\/\\\/3d-edu.ch\\\/fr\\\/boutique\\\/formlabs-form-4l-package-de-base\\\/\"]}]},{\"@type\":\"ImageObject\",\"inLanguage\":\"fr-FR\",\"@id\":\"https:\\\/\\\/3d-edu.ch\\\/fr\\\/boutique\\\/formlabs-form-4l-package-de-base\\\/#primaryimage\",\"url\":\"https:\\\/\\\/3d-edu.ch\\\/wp-content\\\/uploads\\\/2024\\\/10\\\/formlabs-form-4l-basic-package.jpg\",\"contentUrl\":\"https:\\\/\\\/3d-edu.ch\\\/wp-content\\\/uploads\\\/2024\\\/10\\\/formlabs-form-4l-basic-package.jpg\",\"width\":600,\"height\":600},{\"@type\":\"BreadcrumbList\",\"@id\":\"https:\\\/\\\/3d-edu.ch\\\/fr\\\/boutique\\\/formlabs-form-4l-package-de-base\\\/#breadcrumb\",\"itemListElement\":[{\"@type\":\"ListItem\",\"position\":1,\"name\":\"Accueil\",\"item\":\"https:\\\/\\\/3d-edu.ch\\\/fr\\\/\"},{\"@type\":\"ListItem\",\"position\":2,\"name\":\"Boutique\",\"item\":\"https:\\\/\\\/3d-edu.ch\\\/fr\\\/boutique\\\/\"},{\"@type\":\"ListItem\",\"position\":3,\"name\":\"Formlabs Form 4L Package de base\"}]},{\"@type\":\"WebSite\",\"@id\":\"https:\\\/\\\/3d-edu.ch\\\/fr\\\/#website\",\"url\":\"https:\\\/\\\/3d-edu.ch\\\/fr\\\/\",\"name\":\"3D-EDU GmbH\",\"description\":\"Your Formlabs, UltiMaker and Raise3D Printer Support and Education Site in Switzerland. \\\/\\\/ Ihre Formlabs, UltiMaker and Raise3D Drucker Support und Bildungs Webseite der Schweiz.\",\"publisher\":{\"@id\":\"https:\\\/\\\/3d-edu.ch\\\/fr\\\/#organization\"},\"potentialAction\":[{\"@type\":\"SearchAction\",\"target\":{\"@type\":\"EntryPoint\",\"urlTemplate\":\"https:\\\/\\\/3d-edu.ch\\\/fr\\\/?s={search_term_string}\"},\"query-input\":{\"@type\":\"PropertyValueSpecification\",\"valueRequired\":true,\"valueName\":\"search_term_string\"}}],\"inLanguage\":\"fr-FR\"},{\"@type\":[\"Organization\",\"Place\",\"ElectronicsStore\"],\"@id\":\"https:\\\/\\\/3d-edu.ch\\\/fr\\\/#organization\",\"name\":\"3D-EDU GmbH\",\"url\":\"https:\\\/\\\/3d-edu.ch\\\/fr\\\/\",\"logo\":{\"@id\":\"https:\\\/\\\/3d-edu.ch\\\/fr\\\/boutique\\\/formlabs-form-4l-package-de-base\\\/#local-main-organization-logo\"},\"image\":{\"@id\":\"https:\\\/\\\/3d-edu.ch\\\/fr\\\/boutique\\\/formlabs-form-4l-package-de-base\\\/#local-main-organization-logo\"},\"sameAs\":[\"https:\\\/\\\/www.facebook.com\\\/3d-educh-210277586064960\\\/\",\"https:\\\/\\\/x.com\\\/3d_edu_ch\"],\"address\":{\"@id\":\"https:\\\/\\\/3d-edu.ch\\\/fr\\\/boutique\\\/formlabs-form-4l-package-de-base\\\/#local-main-place-address\"},\"geo\":{\"@type\":\"GeoCoordinates\",\"latitude\":\"47.38413\",\"longitude\":\"8.49812\"},\"telephone\":[\"+41 44 492 11 22\"],\"openingHoursSpecification\":[{\"@type\":\"OpeningHoursSpecification\",\"dayOfWeek\":[\"Monday\",\"Tuesday\",\"Wednesday\",\"Thursday\",\"Friday\"],\"opens\":\"08:30\",\"closes\":\"18:00\"},{\"@type\":\"OpeningHoursSpecification\",\"dayOfWeek\":[\"Saturday\",\"Sunday\"],\"opens\":\"00:00\",\"closes\":\"00:00\"}],\"email\":\"info@3d-edu.ch\",\"faxNumber\":\"+41 44 492 11 23\",\"vatID\":\"CHE-184.499.491 MWST\",\"priceRange\":\"$$$\",\"currenciesAccepted\":\"CHF\"},{\"@type\":\"PostalAddress\",\"@id\":\"https:\\\/\\\/3d-edu.ch\\\/fr\\\/boutique\\\/formlabs-form-4l-package-de-base\\\/#local-main-place-address\",\"streetAddress\":\"3D-EDU GmbH, Badenerstrasse 556\",\"addressLocality\":\"Z\u00fcrich\",\"postalCode\":\"8048\",\"addressRegion\":\"Z\u00fcrich\",\"addressCountry\":\"CH\"},{\"@type\":\"ImageObject\",\"inLanguage\":\"fr-FR\",\"@id\":\"https:\\\/\\\/3d-edu.ch\\\/fr\\\/boutique\\\/formlabs-form-4l-package-de-base\\\/#local-main-organization-logo\",\"url\":\"https:\\\/\\\/3d-edu.ch\\\/wp-content\\\/uploads\\\/2018\\\/10\\\/3d-drucker-makerbot-formlabs-professionelle-3d-drucker-e1546527990490.png\",\"contentUrl\":\"https:\\\/\\\/3d-edu.ch\\\/wp-content\\\/uploads\\\/2018\\\/10\\\/3d-drucker-makerbot-formlabs-professionelle-3d-drucker-e1546527990490.png\",\"width\":275,\"height\":80,\"caption\":\"3D-EDU GmbH\"}]}<\/script>\n<meta property=\"product:brand\" content=\"Formlabs\" \/>\n<meta property=\"og:availability\" content=\"backorder\" \/>\n<meta property=\"product:availability\" content=\"available for order\" \/>\n<meta property=\"product:condition\" content=\"new\" \/>\n<meta name=\"geo.placename\" content=\"Z\u00fcrich\" \/>\n<meta name=\"geo.position\" content=\"47.38413;8.49812\" \/>\n<meta name=\"geo.region\" content=\"Suisse\" \/>\n<!-- \/ Yoast SEO Premium plugin. -->","yoast_head_json":{"title":"Acheter Form 4L de Formlabs - Imprimante 3D Resin grand format - 3D-EDU","description":"La Form 4L est une imprimante 3D grand format \u00e0 la vitesse record qui associe une biblioth\u00e8que de mat\u00e9riaux \u00e0 la pointe de l'industrie \u00e0 un syst\u00e8me d'impression fiable et pr\u00e9cis.","robots":{"index":"index","follow":"follow","max-snippet":"max-snippet:-1","max-image-preview":"max-image-preview:large","max-video-preview":"max-video-preview:-1"},"canonical":"https:\/\/3d-edu.ch\/fr\/boutique\/formlabs-form-4l-package-de-base\/","og_locale":"fr_FR","og_type":"article","og_title":"Acheter une Form 3 de Formlabs - La nouvelle imprimante 3D LFS de Formlabs - 3D-EDU GmbH","og_description":"La Form 4L est une imprimante 3D grand format \u00e0 la vitesse record qui associe une biblioth\u00e8que de mat\u00e9riaux \u00e0 la pointe de l'industrie \u00e0 un syst\u00e8me d'impression fiable et pr\u00e9cis.","og_url":"https:\/\/3d-edu.ch\/fr\/boutique\/formlabs-form-4l-package-de-base\/","og_site_name":"3D-EDU GmbH","article_publisher":"https:\/\/www.facebook.com\/3d-educh-210277586064960\/","article_modified_time":"2026-04-14T14:54:59+00:00","og_image":[{"url":"https:\/\/dedune53.myhostpoint.ch\/wp-content\/uploads\/2019\/04\/formlabs-form-3-integration-neu.jpg","type":"","width":"","height":""}],"twitter_card":"summary_large_image","twitter_title":"Acheter une Form 3 de Formlabs - La nouvelle imprimante 3D LFS de Formlabs","twitter_site":"@3d_edu_ch","twitter_misc":{"Disponibilit\u00e9":"En r\u00e9assort"},"schema":{"@context":"https:\/\/schema.org","@graph":[{"@type":"WebPage","@id":"https:\/\/3d-edu.ch\/fr\/boutique\/formlabs-form-4l-package-de-base\/","url":"https:\/\/3d-edu.ch\/fr\/boutique\/formlabs-form-4l-package-de-base\/","name":"Acheter Form 4L de Formlabs - Imprimante 3D Resin grand format - 3D-EDU","isPartOf":{"@id":"https:\/\/3d-edu.ch\/fr\/#website"},"primaryImageOfPage":{"@id":"https:\/\/3d-edu.ch\/fr\/boutique\/formlabs-form-4l-package-de-base\/#primaryimage"},"image":{"@id":"https:\/\/3d-edu.ch\/fr\/boutique\/formlabs-form-4l-package-de-base\/#primaryimage"},"thumbnailUrl":"https:\/\/3d-edu.ch\/wp-content\/uploads\/2024\/10\/formlabs-form-4l-basic-package.jpg","datePublished":"2024-10-07T12:40:16+00:00","dateModified":"2026-04-14T14:54:59+00:00","description":"La Form 4L est une imprimante 3D grand format \u00e0 la vitesse record qui associe une biblioth\u00e8que de mat\u00e9riaux \u00e0 la pointe de l'industrie \u00e0 un syst\u00e8me d'impression fiable et pr\u00e9cis.","breadcrumb":{"@id":"https:\/\/3d-edu.ch\/fr\/boutique\/formlabs-form-4l-package-de-base\/#breadcrumb"},"inLanguage":"fr-FR","potentialAction":[{"@type":"ReadAction","target":["https:\/\/3d-edu.ch\/fr\/boutique\/formlabs-form-4l-package-de-base\/"]}]},{"@type":"ImageObject","inLanguage":"fr-FR","@id":"https:\/\/3d-edu.ch\/fr\/boutique\/formlabs-form-4l-package-de-base\/#primaryimage","url":"https:\/\/3d-edu.ch\/wp-content\/uploads\/2024\/10\/formlabs-form-4l-basic-package.jpg","contentUrl":"https:\/\/3d-edu.ch\/wp-content\/uploads\/2024\/10\/formlabs-form-4l-basic-package.jpg","width":600,"height":600},{"@type":"BreadcrumbList","@id":"https:\/\/3d-edu.ch\/fr\/boutique\/formlabs-form-4l-package-de-base\/#breadcrumb","itemListElement":[{"@type":"ListItem","position":1,"name":"Accueil","item":"https:\/\/3d-edu.ch\/fr\/"},{"@type":"ListItem","position":2,"name":"Boutique","item":"https:\/\/3d-edu.ch\/fr\/boutique\/"},{"@type":"ListItem","position":3,"name":"Formlabs Form 4L Package de base"}]},{"@type":"WebSite","@id":"https:\/\/3d-edu.ch\/fr\/#website","url":"https:\/\/3d-edu.ch\/fr\/","name":"3D-EDU GmbH","description":"Your Formlabs, UltiMaker and Raise3D Printer Support and Education Site in Switzerland. \/\/ Ihre Formlabs, UltiMaker and Raise3D Drucker Support und Bildungs Webseite der Schweiz.","publisher":{"@id":"https:\/\/3d-edu.ch\/fr\/#organization"},"potentialAction":[{"@type":"SearchAction","target":{"@type":"EntryPoint","urlTemplate":"https:\/\/3d-edu.ch\/fr\/?s={search_term_string}"},"query-input":{"@type":"PropertyValueSpecification","valueRequired":true,"valueName":"search_term_string"}}],"inLanguage":"fr-FR"},{"@type":["Organization","Place","ElectronicsStore"],"@id":"https:\/\/3d-edu.ch\/fr\/#organization","name":"3D-EDU GmbH","url":"https:\/\/3d-edu.ch\/fr\/","logo":{"@id":"https:\/\/3d-edu.ch\/fr\/boutique\/formlabs-form-4l-package-de-base\/#local-main-organization-logo"},"image":{"@id":"https:\/\/3d-edu.ch\/fr\/boutique\/formlabs-form-4l-package-de-base\/#local-main-organization-logo"},"sameAs":["https:\/\/www.facebook.com\/3d-educh-210277586064960\/","https:\/\/x.com\/3d_edu_ch"],"address":{"@id":"https:\/\/3d-edu.ch\/fr\/boutique\/formlabs-form-4l-package-de-base\/#local-main-place-address"},"geo":{"@type":"GeoCoordinates","latitude":"47.38413","longitude":"8.49812"},"telephone":["+41 44 492 11 22"],"openingHoursSpecification":[{"@type":"OpeningHoursSpecification","dayOfWeek":["Monday","Tuesday","Wednesday","Thursday","Friday"],"opens":"08:30","closes":"18:00"},{"@type":"OpeningHoursSpecification","dayOfWeek":["Saturday","Sunday"],"opens":"00:00","closes":"00:00"}],"email":"info@3d-edu.ch","faxNumber":"+41 44 492 11 23","vatID":"CHE-184.499.491 MWST","priceRange":"$$$","currenciesAccepted":"CHF"},{"@type":"PostalAddress","@id":"https:\/\/3d-edu.ch\/fr\/boutique\/formlabs-form-4l-package-de-base\/#local-main-place-address","streetAddress":"3D-EDU GmbH, Badenerstrasse 556","addressLocality":"Z\u00fcrich","postalCode":"8048","addressRegion":"Z\u00fcrich","addressCountry":"CH"},{"@type":"ImageObject","inLanguage":"fr-FR","@id":"https:\/\/3d-edu.ch\/fr\/boutique\/formlabs-form-4l-package-de-base\/#local-main-organization-logo","url":"https:\/\/3d-edu.ch\/wp-content\/uploads\/2018\/10\/3d-drucker-makerbot-formlabs-professionelle-3d-drucker-e1546527990490.png","contentUrl":"https:\/\/3d-edu.ch\/wp-content\/uploads\/2018\/10\/3d-drucker-makerbot-formlabs-professionelle-3d-drucker-e1546527990490.png","width":275,"height":80,"caption":"3D-EDU GmbH"}]},"product_brand":"Formlabs","og_availability":"backorder","product_availability":"available for order","product_condition":"new","geo.placename":"Z\u00fcrich","geo.position":{"lat":"47.38413","long":"8.49812"},"geo.region":"Suisse"},"_links":{"self":[{"href":"https:\/\/3d-edu.ch\/fr\/wp-json\/wp\/v2\/product\/75942","targetHints":{"allow":["GET"]}}],"collection":[{"href":"https:\/\/3d-edu.ch\/fr\/wp-json\/wp\/v2\/product"}],"about":[{"href":"https:\/\/3d-edu.ch\/fr\/wp-json\/wp\/v2\/types\/product"}],"replies":[{"embeddable":true,"href":"https:\/\/3d-edu.ch\/fr\/wp-json\/wp\/v2\/comments?post=75942"}],"wp:featuredmedia":[{"embeddable":true,"href":"https:\/\/3d-edu.ch\/fr\/wp-json\/wp\/v2\/media\/71151"}],"wp:attachment":[{"href":"https:\/\/3d-edu.ch\/fr\/wp-json\/wp\/v2\/media?parent=75942"}],"wp:term":[{"taxonomy":"product_brand","embeddable":true,"href":"https:\/\/3d-edu.ch\/fr\/wp-json\/wp\/v2\/product_brand?post=75942"},{"taxonomy":"product_cat","embeddable":true,"href":"https:\/\/3d-edu.ch\/fr\/wp-json\/wp\/v2\/product_cat?post=75942"},{"taxonomy":"product_tag","embeddable":true,"href":"https:\/\/3d-edu.ch\/fr\/wp-json\/wp\/v2\/product_tag?post=75942"}],"curies":[{"name":"wp","href":"https:\/\/api.w.org\/{rel}","templated":true}]}}