{"id":75924,"date":"2024-09-19T08:24:25","date_gmt":"2024-09-19T08:24:25","guid":{"rendered":"https:\/\/3d-edu.ch\/shop\/formlabs-fuse-sift-boite-a-gants-bundle\/"},"modified":"2026-04-09T13:02:35","modified_gmt":"2026-04-09T11:02:35","slug":"formlabs-fuse-sift-boite-a-gants-bundle","status":"publish","type":"product","link":"https:\/\/3d-edu.ch\/fr\/boutique\/formlabs-fuse-sift-boite-a-gants-bundle\/","title":{"rendered":"Formlabs Fuse Sift Bo\u00eete \u00e0 gants Bundle"},"content":{"rendered":"<h2><strong>Bo\u00eete \u00e0 gants Fuse Sift Bundle<\/strong><\/h2>\n<div>\n<div><\/div>\n<\/div>\n<p><strong>Panneau de bo\u00eete \u00e0 gants Fuse Sift<\/strong><\/p>\n<p>Simplifiez vos op\u00e9rations de retrait des pi\u00e8ces imprim\u00e9es avec le panneau de bo\u00eete \u00e0 gants Fuse Sift, qui transforme votre \u00e9cosyst\u00e8me Fuse en un espace de travail ferm\u00e9. Le panneau s&rsquo;installe facilement sur le Fuse Sift et cr\u00e9e un espace clos pour un travail ergonomique sans contact avec la poudre. Cette conception innovante offre ainsi une protection contre la dispersion ind\u00e9sirable de poudre sur votre lieu de travail.  <\/p>\n<p><strong>Fuse Parts Carrier<\/strong><\/p>\n<p>Le Fuse Parts Carrier est un conteneur de collecte pour les pi\u00e8ces d\u00e9poudr\u00e9es du Fuse Sift. Apr\u00e8s le d\u00e9poussi\u00e9rage, il suffit de le glisser dans le bo\u00eetier de la chambre de construction pour r\u00e9cup\u00e9rer facilement vos pi\u00e8ces sans avoir \u00e0 ouvrir la bo\u00eete \u00e0 gants. Vous gardez ainsi votre espace de travail toujours propre gr\u00e2ce \u00e0 un syst\u00e8me de d\u00e9poussi\u00e9rage ferm\u00e9.  <\/p>\n","protected":false},"excerpt":{"rendered":"<h2><strong>Formlabs Fuse Sift Bo\u00eete \u00e0 gants Bundle<\/strong><\/h2>\n<div>\n<div>\n<p>Rendez votre flux de travail SLS compatible avec le poste de travail gr\u00e2ce au bundle bo\u00eete \u00e0 gants Fuse Sift : cette solution compl\u00e8te comprenant le panneau de bo\u00eete \u00e0 gants Fuse Sift et le support de pi\u00e8ces Fuse Parts optimise le pr\u00e9l\u00e8vement de vos pi\u00e8ces et minimise le contact avec la poudre.<\/p>\n<\/div>\n<\/div>\n<div>\n<div class=\"mb-4 mt-10 text-xl font-bold\">Inclus dans la livraison<\/div>\n<ul class=\"list-inside list-disc pl-3\">\n<li>1 x Panneau de bo\u00eete \u00e0 gants Fuse Sift<\/li>\n<li>1 x Porte-pi\u00e8ces Fuse<\/li>\n<\/ul>\n<\/div>\n<p>Disponible pour <a href=\"https:\/\/3d-edu.ch\/fr\/boutique\/formlabs-fuse-sift-230v\/\">Fuse Sift.<\/a><\/p>\n","protected":false},"featured_media":71084,"comment_status":"closed","ping_status":"closed","template":"","meta":[],"product_brand":[],"product_cat":[7780,7896,7898],"product_tag":[8404,7784,8056,8058,8405,8169,8406],"class_list":{"0":"post-75924","1":"product","2":"type-product","3":"status-publish","4":"has-post-thumbnail","6":"product_cat-formlabs-fr","7":"product_cat-post-traitement-fr","8":"product_cat-sls-post-traitement-fr","9":"product_tag-boite-a-gants-bundle","10":"product_tag-formlabs-fr","11":"product_tag-formlabs-fuse-1","12":"product_tag-formlabs-fuse-1-30w","13":"product_tag-fuse-parts-carrier","14":"product_tag-fuse-sift","15":"product_tag-panneau-de-boite-a-gants-fuse-sift","17":"first","18":"instock","19":"taxable","20":"shipping-taxable","21":"purchasable","22":"product-type-variable"},"yoast_head":"<!-- This site is optimized with the Yoast SEO Premium plugin v27.4 (Yoast SEO v27.4) - https:\/\/yoast.com\/product\/yoast-seo-premium-wordpress\/ -->\n<title>Formlabs Fuse Sift Bo\u00eete \u00e0 gants Bundle %%page% commander en ligne - %%nom du site<\/title>\n<meta name=\"description\" content=\"Rendez votre flux de travail SLS compatible avec le poste de travail gr\u00e2ce au bundle bo\u00eete \u00e0 gants Fuse Sift : cette solution compl\u00e8te comprenant le panneau de bo\u00eete \u00e0 gants Fuse Sift et le support de pi\u00e8ces Fuse Parts optimise le pr\u00e9l\u00e8vement de vos pi\u00e8ces et minimise le contact avec la poudre.\" \/>\n<meta name=\"robots\" content=\"index, follow, max-snippet:-1, max-image-preview:large, max-video-preview:-1\" \/>\n<link rel=\"canonical\" href=\"https:\/\/3d-edu.ch\/fr\/boutique\/formlabs-fuse-sift-boite-a-gants-bundle\/\" \/>\n<meta property=\"og:locale\" content=\"fr_FR\" \/>\n<meta property=\"og:type\" content=\"article\" \/>\n<meta property=\"og:title\" content=\"Formlabs Fuse Sift Bo\u00eete \u00e0 gants Bundle\" \/>\n<meta property=\"og:description\" content=\"Rendez votre flux de travail SLS compatible avec le poste de travail gr\u00e2ce au bundle bo\u00eete \u00e0 gants Fuse Sift : cette solution compl\u00e8te comprenant le panneau de bo\u00eete \u00e0 gants Fuse Sift et le support de pi\u00e8ces Fuse Parts optimise le pr\u00e9l\u00e8vement de vos pi\u00e8ces et minimise le contact avec la poudre.\" \/>\n<meta property=\"og:url\" content=\"https:\/\/3d-edu.ch\/fr\/boutique\/formlabs-fuse-sift-boite-a-gants-bundle\/\" \/>\n<meta property=\"og:site_name\" content=\"3D-EDU GmbH\" \/>\n<meta property=\"article:publisher\" content=\"https:\/\/www.facebook.com\/3d-educh-210277586064960\/\" \/>\n<meta property=\"article:modified_time\" content=\"2026-04-09T11:02:35+00:00\" \/>\n<meta property=\"og:image\" content=\"https:\/\/3d-edu.ch\/wp-content\/uploads\/2024\/09\/formlabs-fuse-sift-glovebox-bundle.jpg\" \/>\n\t<meta property=\"og:image:width\" content=\"380\" \/>\n\t<meta property=\"og:image:height\" content=\"380\" \/>\n\t<meta property=\"og:image:type\" content=\"image\/jpeg\" \/>\n<meta name=\"twitter:card\" content=\"summary_large_image\" \/>\n<meta name=\"twitter:site\" content=\"@3d_edu_ch\" \/>\n<meta name=\"twitter:label1\" content=\"Disponibilit\u00e9\" \/>\n\t<meta name=\"twitter:data1\" content=\"En stock\" \/>\n<script type=\"application\/ld+json\" class=\"yoast-schema-graph\">{\"@context\":\"https:\\\/\\\/schema.org\",\"@graph\":[{\"@type\":\"WebPage\",\"@id\":\"https:\\\/\\\/3d-edu.ch\\\/fr\\\/boutique\\\/formlabs-fuse-sift-boite-a-gants-bundle\\\/\",\"url\":\"https:\\\/\\\/3d-edu.ch\\\/fr\\\/boutique\\\/formlabs-fuse-sift-boite-a-gants-bundle\\\/\",\"name\":\"Formlabs Fuse Sift Bo\u00eete \u00e0 gants Bundle %%page% commander en ligne - %%nom du site\",\"isPartOf\":{\"@id\":\"https:\\\/\\\/3d-edu.ch\\\/fr\\\/#website\"},\"primaryImageOfPage\":{\"@id\":\"https:\\\/\\\/3d-edu.ch\\\/fr\\\/boutique\\\/formlabs-fuse-sift-boite-a-gants-bundle\\\/#primaryimage\"},\"image\":{\"@id\":\"https:\\\/\\\/3d-edu.ch\\\/fr\\\/boutique\\\/formlabs-fuse-sift-boite-a-gants-bundle\\\/#primaryimage\"},\"thumbnailUrl\":\"https:\\\/\\\/3d-edu.ch\\\/wp-content\\\/uploads\\\/2024\\\/09\\\/formlabs-fuse-sift-glovebox-bundle.jpg\",\"datePublished\":\"2024-09-19T08:24:25+00:00\",\"dateModified\":\"2026-04-09T11:02:35+00:00\",\"description\":\"Rendez votre flux de travail SLS compatible avec le poste de travail gr\u00e2ce au bundle bo\u00eete \u00e0 gants Fuse Sift : cette solution compl\u00e8te comprenant le panneau de bo\u00eete \u00e0 gants Fuse Sift et le support de pi\u00e8ces Fuse Parts optimise le pr\u00e9l\u00e8vement de vos pi\u00e8ces et minimise le contact avec la poudre.\",\"breadcrumb\":{\"@id\":\"https:\\\/\\\/3d-edu.ch\\\/fr\\\/boutique\\\/formlabs-fuse-sift-boite-a-gants-bundle\\\/#breadcrumb\"},\"inLanguage\":\"fr-FR\",\"potentialAction\":[{\"@type\":\"ReadAction\",\"target\":[\"https:\\\/\\\/3d-edu.ch\\\/fr\\\/boutique\\\/formlabs-fuse-sift-boite-a-gants-bundle\\\/\"]}]},{\"@type\":\"ImageObject\",\"inLanguage\":\"fr-FR\",\"@id\":\"https:\\\/\\\/3d-edu.ch\\\/fr\\\/boutique\\\/formlabs-fuse-sift-boite-a-gants-bundle\\\/#primaryimage\",\"url\":\"https:\\\/\\\/3d-edu.ch\\\/wp-content\\\/uploads\\\/2024\\\/09\\\/formlabs-fuse-sift-glovebox-bundle.jpg\",\"contentUrl\":\"https:\\\/\\\/3d-edu.ch\\\/wp-content\\\/uploads\\\/2024\\\/09\\\/formlabs-fuse-sift-glovebox-bundle.jpg\",\"width\":380,\"height\":380},{\"@type\":\"BreadcrumbList\",\"@id\":\"https:\\\/\\\/3d-edu.ch\\\/fr\\\/boutique\\\/formlabs-fuse-sift-boite-a-gants-bundle\\\/#breadcrumb\",\"itemListElement\":[{\"@type\":\"ListItem\",\"position\":1,\"name\":\"Accueil\",\"item\":\"https:\\\/\\\/3d-edu.ch\\\/fr\\\/\"},{\"@type\":\"ListItem\",\"position\":2,\"name\":\"Boutique\",\"item\":\"https:\\\/\\\/3d-edu.ch\\\/fr\\\/boutique\\\/\"},{\"@type\":\"ListItem\",\"position\":3,\"name\":\"Formlabs Fuse Sift Bo\u00eete \u00e0 gants Bundle\"}]},{\"@type\":\"WebSite\",\"@id\":\"https:\\\/\\\/3d-edu.ch\\\/fr\\\/#website\",\"url\":\"https:\\\/\\\/3d-edu.ch\\\/fr\\\/\",\"name\":\"3D-EDU GmbH\",\"description\":\"Your Formlabs, UltiMaker and Raise3D Printer Support and Education Site in Switzerland. \\\/\\\/ Ihre Formlabs, UltiMaker and Raise3D Drucker Support und Bildungs Webseite der Schweiz.\",\"publisher\":{\"@id\":\"https:\\\/\\\/3d-edu.ch\\\/fr\\\/#organization\"},\"potentialAction\":[{\"@type\":\"SearchAction\",\"target\":{\"@type\":\"EntryPoint\",\"urlTemplate\":\"https:\\\/\\\/3d-edu.ch\\\/fr\\\/?s={search_term_string}\"},\"query-input\":{\"@type\":\"PropertyValueSpecification\",\"valueRequired\":true,\"valueName\":\"search_term_string\"}}],\"inLanguage\":\"fr-FR\"},{\"@type\":[\"Organization\",\"Place\",\"ElectronicsStore\"],\"@id\":\"https:\\\/\\\/3d-edu.ch\\\/fr\\\/#organization\",\"name\":\"3D-EDU GmbH\",\"url\":\"https:\\\/\\\/3d-edu.ch\\\/fr\\\/\",\"logo\":{\"@id\":\"https:\\\/\\\/3d-edu.ch\\\/fr\\\/boutique\\\/formlabs-fuse-sift-boite-a-gants-bundle\\\/#local-main-organization-logo\"},\"image\":{\"@id\":\"https:\\\/\\\/3d-edu.ch\\\/fr\\\/boutique\\\/formlabs-fuse-sift-boite-a-gants-bundle\\\/#local-main-organization-logo\"},\"sameAs\":[\"https:\\\/\\\/www.facebook.com\\\/3d-educh-210277586064960\\\/\",\"https:\\\/\\\/x.com\\\/3d_edu_ch\"],\"address\":{\"@id\":\"https:\\\/\\\/3d-edu.ch\\\/fr\\\/boutique\\\/formlabs-fuse-sift-boite-a-gants-bundle\\\/#local-main-place-address\"},\"geo\":{\"@type\":\"GeoCoordinates\",\"latitude\":\"47.38413\",\"longitude\":\"8.49812\"},\"telephone\":[\"+41 44 492 11 22\"],\"openingHoursSpecification\":[{\"@type\":\"OpeningHoursSpecification\",\"dayOfWeek\":[\"Monday\",\"Tuesday\",\"Wednesday\",\"Thursday\",\"Friday\"],\"opens\":\"08:30\",\"closes\":\"18:00\"},{\"@type\":\"OpeningHoursSpecification\",\"dayOfWeek\":[\"Saturday\",\"Sunday\"],\"opens\":\"00:00\",\"closes\":\"00:00\"}],\"email\":\"info@3d-edu.ch\",\"faxNumber\":\"+41 44 492 11 23\",\"vatID\":\"CHE-184.499.491 MWST\",\"priceRange\":\"$$$\",\"currenciesAccepted\":\"CHF\"},{\"@type\":\"PostalAddress\",\"@id\":\"https:\\\/\\\/3d-edu.ch\\\/fr\\\/boutique\\\/formlabs-fuse-sift-boite-a-gants-bundle\\\/#local-main-place-address\",\"streetAddress\":\"3D-EDU GmbH, Badenerstrasse 556\",\"addressLocality\":\"Z\u00fcrich\",\"postalCode\":\"8048\",\"addressRegion\":\"Z\u00fcrich\",\"addressCountry\":\"CH\"},{\"@type\":\"ImageObject\",\"inLanguage\":\"fr-FR\",\"@id\":\"https:\\\/\\\/3d-edu.ch\\\/fr\\\/boutique\\\/formlabs-fuse-sift-boite-a-gants-bundle\\\/#local-main-organization-logo\",\"url\":\"https:\\\/\\\/3d-edu.ch\\\/wp-content\\\/uploads\\\/2018\\\/10\\\/3d-drucker-makerbot-formlabs-professionelle-3d-drucker-e1546527990490.png\",\"contentUrl\":\"https:\\\/\\\/3d-edu.ch\\\/wp-content\\\/uploads\\\/2018\\\/10\\\/3d-drucker-makerbot-formlabs-professionelle-3d-drucker-e1546527990490.png\",\"width\":275,\"height\":80,\"caption\":\"3D-EDU GmbH\"}]}<\/script>\n<meta property=\"product:brand\" content=\"Formlabs\" \/>\n<meta property=\"og:availability\" content=\"instock\" \/>\n<meta property=\"product:availability\" content=\"instock\" \/>\n<meta property=\"product:condition\" content=\"new\" \/>\n<meta name=\"geo.placename\" content=\"Z\u00fcrich\" \/>\n<meta name=\"geo.position\" content=\"47.38413;8.49812\" \/>\n<meta name=\"geo.region\" content=\"Suisse\" \/>\n<!-- \/ Yoast SEO Premium plugin. -->","yoast_head_json":{"title":"Formlabs Fuse Sift Bo\u00eete \u00e0 gants Bundle %%page% commander en ligne - %%nom du site","description":"Rendez votre flux de travail SLS compatible avec le poste de travail gr\u00e2ce au bundle bo\u00eete \u00e0 gants Fuse Sift : cette solution compl\u00e8te comprenant le panneau de bo\u00eete \u00e0 gants Fuse Sift et le support de pi\u00e8ces Fuse Parts optimise le pr\u00e9l\u00e8vement de vos pi\u00e8ces et minimise le contact avec la poudre.","robots":{"index":"index","follow":"follow","max-snippet":"max-snippet:-1","max-image-preview":"max-image-preview:large","max-video-preview":"max-video-preview:-1"},"canonical":"https:\/\/3d-edu.ch\/fr\/boutique\/formlabs-fuse-sift-boite-a-gants-bundle\/","og_locale":"fr_FR","og_type":"article","og_title":"Formlabs Fuse Sift Bo\u00eete \u00e0 gants Bundle","og_description":"Rendez votre flux de travail SLS compatible avec le poste de travail gr\u00e2ce au bundle bo\u00eete \u00e0 gants Fuse Sift : cette solution compl\u00e8te comprenant le panneau de bo\u00eete \u00e0 gants Fuse Sift et le support de pi\u00e8ces Fuse Parts optimise le pr\u00e9l\u00e8vement de vos pi\u00e8ces et minimise le contact avec la poudre.","og_url":"https:\/\/3d-edu.ch\/fr\/boutique\/formlabs-fuse-sift-boite-a-gants-bundle\/","og_site_name":"3D-EDU GmbH","article_publisher":"https:\/\/www.facebook.com\/3d-educh-210277586064960\/","article_modified_time":"2026-04-09T11:02:35+00:00","og_image":[{"width":380,"height":380,"url":"https:\/\/3d-edu.ch\/wp-content\/uploads\/2024\/09\/formlabs-fuse-sift-glovebox-bundle.jpg","type":"image\/jpeg"}],"twitter_card":"summary_large_image","twitter_site":"@3d_edu_ch","twitter_misc":{"Disponibilit\u00e9":"En stock"},"schema":{"@context":"https:\/\/schema.org","@graph":[{"@type":"WebPage","@id":"https:\/\/3d-edu.ch\/fr\/boutique\/formlabs-fuse-sift-boite-a-gants-bundle\/","url":"https:\/\/3d-edu.ch\/fr\/boutique\/formlabs-fuse-sift-boite-a-gants-bundle\/","name":"Formlabs Fuse Sift Bo\u00eete \u00e0 gants Bundle %%page% commander en ligne - %%nom du site","isPartOf":{"@id":"https:\/\/3d-edu.ch\/fr\/#website"},"primaryImageOfPage":{"@id":"https:\/\/3d-edu.ch\/fr\/boutique\/formlabs-fuse-sift-boite-a-gants-bundle\/#primaryimage"},"image":{"@id":"https:\/\/3d-edu.ch\/fr\/boutique\/formlabs-fuse-sift-boite-a-gants-bundle\/#primaryimage"},"thumbnailUrl":"https:\/\/3d-edu.ch\/wp-content\/uploads\/2024\/09\/formlabs-fuse-sift-glovebox-bundle.jpg","datePublished":"2024-09-19T08:24:25+00:00","dateModified":"2026-04-09T11:02:35+00:00","description":"Rendez votre flux de travail SLS compatible avec le poste de travail gr\u00e2ce au bundle bo\u00eete \u00e0 gants Fuse Sift : cette solution compl\u00e8te comprenant le panneau de bo\u00eete \u00e0 gants Fuse Sift et le support de pi\u00e8ces Fuse Parts optimise le pr\u00e9l\u00e8vement de vos pi\u00e8ces et minimise le contact avec la poudre.","breadcrumb":{"@id":"https:\/\/3d-edu.ch\/fr\/boutique\/formlabs-fuse-sift-boite-a-gants-bundle\/#breadcrumb"},"inLanguage":"fr-FR","potentialAction":[{"@type":"ReadAction","target":["https:\/\/3d-edu.ch\/fr\/boutique\/formlabs-fuse-sift-boite-a-gants-bundle\/"]}]},{"@type":"ImageObject","inLanguage":"fr-FR","@id":"https:\/\/3d-edu.ch\/fr\/boutique\/formlabs-fuse-sift-boite-a-gants-bundle\/#primaryimage","url":"https:\/\/3d-edu.ch\/wp-content\/uploads\/2024\/09\/formlabs-fuse-sift-glovebox-bundle.jpg","contentUrl":"https:\/\/3d-edu.ch\/wp-content\/uploads\/2024\/09\/formlabs-fuse-sift-glovebox-bundle.jpg","width":380,"height":380},{"@type":"BreadcrumbList","@id":"https:\/\/3d-edu.ch\/fr\/boutique\/formlabs-fuse-sift-boite-a-gants-bundle\/#breadcrumb","itemListElement":[{"@type":"ListItem","position":1,"name":"Accueil","item":"https:\/\/3d-edu.ch\/fr\/"},{"@type":"ListItem","position":2,"name":"Boutique","item":"https:\/\/3d-edu.ch\/fr\/boutique\/"},{"@type":"ListItem","position":3,"name":"Formlabs Fuse Sift Bo\u00eete \u00e0 gants Bundle"}]},{"@type":"WebSite","@id":"https:\/\/3d-edu.ch\/fr\/#website","url":"https:\/\/3d-edu.ch\/fr\/","name":"3D-EDU GmbH","description":"Your Formlabs, UltiMaker and Raise3D Printer Support and Education Site in Switzerland. \/\/ Ihre Formlabs, UltiMaker and Raise3D Drucker Support und Bildungs Webseite der Schweiz.","publisher":{"@id":"https:\/\/3d-edu.ch\/fr\/#organization"},"potentialAction":[{"@type":"SearchAction","target":{"@type":"EntryPoint","urlTemplate":"https:\/\/3d-edu.ch\/fr\/?s={search_term_string}"},"query-input":{"@type":"PropertyValueSpecification","valueRequired":true,"valueName":"search_term_string"}}],"inLanguage":"fr-FR"},{"@type":["Organization","Place","ElectronicsStore"],"@id":"https:\/\/3d-edu.ch\/fr\/#organization","name":"3D-EDU GmbH","url":"https:\/\/3d-edu.ch\/fr\/","logo":{"@id":"https:\/\/3d-edu.ch\/fr\/boutique\/formlabs-fuse-sift-boite-a-gants-bundle\/#local-main-organization-logo"},"image":{"@id":"https:\/\/3d-edu.ch\/fr\/boutique\/formlabs-fuse-sift-boite-a-gants-bundle\/#local-main-organization-logo"},"sameAs":["https:\/\/www.facebook.com\/3d-educh-210277586064960\/","https:\/\/x.com\/3d_edu_ch"],"address":{"@id":"https:\/\/3d-edu.ch\/fr\/boutique\/formlabs-fuse-sift-boite-a-gants-bundle\/#local-main-place-address"},"geo":{"@type":"GeoCoordinates","latitude":"47.38413","longitude":"8.49812"},"telephone":["+41 44 492 11 22"],"openingHoursSpecification":[{"@type":"OpeningHoursSpecification","dayOfWeek":["Monday","Tuesday","Wednesday","Thursday","Friday"],"opens":"08:30","closes":"18:00"},{"@type":"OpeningHoursSpecification","dayOfWeek":["Saturday","Sunday"],"opens":"00:00","closes":"00:00"}],"email":"info@3d-edu.ch","faxNumber":"+41 44 492 11 23","vatID":"CHE-184.499.491 MWST","priceRange":"$$$","currenciesAccepted":"CHF"},{"@type":"PostalAddress","@id":"https:\/\/3d-edu.ch\/fr\/boutique\/formlabs-fuse-sift-boite-a-gants-bundle\/#local-main-place-address","streetAddress":"3D-EDU GmbH, Badenerstrasse 556","addressLocality":"Z\u00fcrich","postalCode":"8048","addressRegion":"Z\u00fcrich","addressCountry":"CH"},{"@type":"ImageObject","inLanguage":"fr-FR","@id":"https:\/\/3d-edu.ch\/fr\/boutique\/formlabs-fuse-sift-boite-a-gants-bundle\/#local-main-organization-logo","url":"https:\/\/3d-edu.ch\/wp-content\/uploads\/2018\/10\/3d-drucker-makerbot-formlabs-professionelle-3d-drucker-e1546527990490.png","contentUrl":"https:\/\/3d-edu.ch\/wp-content\/uploads\/2018\/10\/3d-drucker-makerbot-formlabs-professionelle-3d-drucker-e1546527990490.png","width":275,"height":80,"caption":"3D-EDU GmbH"}]},"product_brand":"Formlabs","og_availability":"instock","product_availability":"instock","product_condition":"new","geo.placename":"Z\u00fcrich","geo.position":{"lat":"47.38413","long":"8.49812"},"geo.region":"Suisse"},"_links":{"self":[{"href":"https:\/\/3d-edu.ch\/fr\/wp-json\/wp\/v2\/product\/75924","targetHints":{"allow":["GET"]}}],"collection":[{"href":"https:\/\/3d-edu.ch\/fr\/wp-json\/wp\/v2\/product"}],"about":[{"href":"https:\/\/3d-edu.ch\/fr\/wp-json\/wp\/v2\/types\/product"}],"replies":[{"embeddable":true,"href":"https:\/\/3d-edu.ch\/fr\/wp-json\/wp\/v2\/comments?post=75924"}],"wp:featuredmedia":[{"embeddable":true,"href":"https:\/\/3d-edu.ch\/fr\/wp-json\/wp\/v2\/media\/71084"}],"wp:attachment":[{"href":"https:\/\/3d-edu.ch\/fr\/wp-json\/wp\/v2\/media?parent=75924"}],"wp:term":[{"taxonomy":"product_brand","embeddable":true,"href":"https:\/\/3d-edu.ch\/fr\/wp-json\/wp\/v2\/product_brand?post=75924"},{"taxonomy":"product_cat","embeddable":true,"href":"https:\/\/3d-edu.ch\/fr\/wp-json\/wp\/v2\/product_cat?post=75924"},{"taxonomy":"product_tag","embeddable":true,"href":"https:\/\/3d-edu.ch\/fr\/wp-json\/wp\/v2\/product_tag?post=75924"}],"curies":[{"name":"wp","href":"https:\/\/api.w.org\/{rel}","templated":true}]}}