{"id":75909,"date":"2024-09-04T14:49:23","date_gmt":"2024-09-04T14:49:23","guid":{"rendered":"https:\/\/3d-edu.ch\/shop\/systeme-de-polissage-fuse-blast-de-formlabs\/"},"modified":"2026-04-14T17:00:14","modified_gmt":"2026-04-14T15:00:14","slug":"systeme-de-polissage-fuse-blast-de-formlabs","status":"publish","type":"product","link":"https:\/\/3d-edu.ch\/fr\/boutique\/systeme-de-polissage-fuse-blast-de-formlabs\/","title":{"rendered":"Syst\u00e8me de polissage Fuse Blast de Formlabs"},"content":{"rendered":"<h2>Syst\u00e8me de polissage Fuse Blast de Formlabs<\/h2>\n<p>Le syst\u00e8me de polissage Fuse Blast est une mise \u00e0 niveau drop-in du <a href=\"https:\/\/3d-edu.ch\/fr\/boutique\/formlabs-fuse-blast\/\">Fuse Blast<\/a> qui vous permet de donner \u00e0 vos pi\u00e8ces imprim\u00e9es SLS une surface lisse, semi-brillante et r\u00e9sistante \u00e0 l&rsquo;abrasion, pr\u00eate \u00e0 \u00eatre color\u00e9e.<\/p>\n<p>Cette extension simple pour le Fuse Blast effectue \u00e0 la fois le nettoyage et le polissage de vos pi\u00e8ces directement apr\u00e8s le d\u00e9poussi\u00e9rage dans le Fuse Sift - dans le m\u00eame appareil. Le syst\u00e8me de polissage est compatible avec tous les Fuse Blast et comprend les \u00e9l\u00e9ments suivants : <\/p>\n<ul>\n<li>1 module de polissage Fuse Blast<\/li>\n<li>2 bidons de <a href=\"https:\/\/3d-edu.ch\/fr\/boutique\/formlabs-fuse-blast-polishing-media-4-l-2-5-kg\/\">Fuse Blast Polishing Media<\/a><\/li>\n<li>1 bouteille d&rsquo;<a href=\"https:\/\/3d-edu.ch\/fr\/boutique\/formlabs-fuse-blast-agent-de-polissage-115-ml\/\">agent de polissage Fuse Blast<\/a><\/li>\n<\/ul>\n<p><strong>Contenu de la livraison :<\/strong><\/p>\n<ul>\n<li>1x module de polissage Fuse Blast<\/li>\n<li>2x <a href=\"https:\/\/3d-edu.ch\/fr\/boutique\/formlabs-fuse-blast-polishing-media-4-l-2-5-kg\/\">Fuse Blast Polishing Media 4 L (2.5 kg)<\/a><\/li>\n<li>1x <a href=\"https:\/\/3d-edu.ch\/fr\/boutique\/formlabs-fuse-blast-agent-de-polissage-115-ml\/\">agent de polissage Fuse Blast<\/a><\/li>\n<li>1x maille de polissage Fuse Blast<\/li>\n<\/ul>\n<p>Disponible pour <a href=\"https:\/\/3d-edu.ch\/fr\/boutique\/formlabs-fuse-blast\/\">Formlabs Fuse Blast<\/a>.<\/p>\n","protected":false},"excerpt":{"rendered":"<h2><strong>Syst\u00e8me de polissage Fuse Blast de Formlabs<\/strong><\/h2>\n<p><strong>Module de polissage Fuse Blast<\/strong><\/p>\n<p>Le module de polissage est une extension de la grenailleuse Fuse Blast qui permet d&rsquo;obtenir des pi\u00e8ces de qualit\u00e9 produit fini avec des surfaces lisses et semi-brillantes pr\u00eates \u00e0 \u00eatre color\u00e9es, et ce en une seule \u00e9tape automatis\u00e9e.<\/p>\n<p>Destin\u00e9 \u00e0 \u00eatre utilis\u00e9 dans le syst\u00e8me de polissage Fuse Blast.<\/p>\n<p><a href=\"https:\/\/3d-edu.ch\/fr\/boutique\/formlabs-fuse-blast-polishing-media-4-l-2-5-kg\/\"><strong>M\u00e9dia de polissage Fuse Blast<\/strong><\/a><\/p>\n<p>Le Fuse Blast Polishing Media est compos\u00e9 de billes en plastique sp\u00e9cialement formul\u00e9es pour \u00eatre utilis\u00e9es dans le Fuse Blast afin de produire des pi\u00e8ces SLS lisses, semi-brillantes et pr\u00eates \u00e0 \u00eatre color\u00e9es.<\/p>\n<p>Contrairement aux produits de polissage abrasifs ou \u00e0 la fusion chimique des surfaces, le m\u00e9dia de polissage Fuse Blast lisse les pi\u00e8ces en densifiant leur surface. Con\u00e7u pour durer, le m\u00e9dia de sablage dure plus d&rsquo;une centaine de cycles de sablage sans pr\u00e9senter la d\u00e9gradation caract\u00e9ristique des billes de verre. Le Fuse Blast Polishing Media est compos\u00e9 de pi\u00e8ces plus grandes qui sont grenaill\u00e9es \u00e0 une pression plus \u00e9lev\u00e9e que l&rsquo;abrasif standard en verre.  <\/p>\n<p>Destin\u00e9 \u00e0 \u00eatre utilis\u00e9 dans le syst\u00e8me de polissage Fuse Blast.<\/p>\n<p><a href=\"https:\/\/3d-edu.ch\/fr\/boutique\/formlabs-fuse-blast-agent-de-polissage-115-ml\/\"><strong>Agent de polissage Fuse Blast<\/strong><\/a><\/p>\n<p>L&rsquo;agent de polissage Fuse Blast conditionne le m\u00e9dia de polissage Fuse Blast afin d&rsquo;am\u00e9liorer la qualit\u00e9 du polissage et d&rsquo;\u00e9viter le colmatage de l&rsquo;abrasif. Il s&rsquo;agit d&rsquo;un solvant liquide qui se dilue dans l&rsquo;eau dans le r\u00e9servoir d&rsquo;eau du Polishing Module. 7 ml d&rsquo;agent de polissage dilu\u00e9s dans 750 ml d&rsquo;eau suffisent pour environ 6 heures de sablage.  <\/p>\n<p>Destin\u00e9 \u00e0 \u00eatre utilis\u00e9 dans le syst\u00e8me de polissage Fuse Blast.<\/p>\n","protected":false},"featured_media":71041,"comment_status":"closed","ping_status":"closed","template":"","meta":[],"product_brand":[],"product_cat":[10352,10370],"product_tag":[8056,8217,8381],"class_list":{"0":"post-75909","1":"product","2":"type-product","3":"status-publish","4":"has-post-thumbnail","6":"product_cat-formlabs","7":"product_cat-post-traitement-sls","8":"product_tag-formlabs-fuse-1","9":"product_tag-formlabs-fuse-blast","10":"product_tag-systeme-de-polissage","11":"yith_product_brand-formlabs-fr","13":"first","14":"instock","15":"taxable","16":"shipping-taxable","17":"purchasable","18":"product-type-simple"},"yoast_head":"<!-- This site is optimized with the Yoast SEO Premium plugin v27.5 (Yoast SEO v27.5) - https:\/\/yoast.com\/product\/yoast-seo-premium-wordpress\/ -->\n<title>Syst\u00e8me de polissage Fuse Blast de Formlabs %%page% commander en ligne - %%nom du site<\/title>\n<meta name=\"description\" content=\"Le syst\u00e8me de polissage Fuse Blast est une mise \u00e0 niveau drop-in du Fuse Blast qui vous permet de donner \u00e0 vos pi\u00e8ces imprim\u00e9es SLS une surface lisse, semi-brillante et r\u00e9sistante \u00e0 l&#039;abrasion, pr\u00eate \u00e0 \u00eatre color\u00e9e.\" \/>\n<meta name=\"robots\" content=\"index, follow, max-snippet:-1, max-image-preview:large, max-video-preview:-1\" \/>\n<link rel=\"canonical\" href=\"https:\/\/3d-edu.ch\/fr\/boutique\/systeme-de-polissage-fuse-blast-de-formlabs\/\" \/>\n<meta property=\"og:locale\" content=\"fr_FR\" \/>\n<meta property=\"og:type\" content=\"article\" \/>\n<meta property=\"og:title\" content=\"Syst\u00e8me de polissage Fuse Blast de Formlabs\" \/>\n<meta property=\"og:description\" content=\"Le syst\u00e8me de polissage Fuse Blast est une mise \u00e0 niveau drop-in du Fuse Blast qui vous permet de donner \u00e0 vos pi\u00e8ces imprim\u00e9es SLS une surface lisse, semi-brillante et r\u00e9sistante \u00e0 l&#039;abrasion, pr\u00eate \u00e0 \u00eatre color\u00e9e.\" \/>\n<meta property=\"og:url\" content=\"https:\/\/3d-edu.ch\/fr\/boutique\/systeme-de-polissage-fuse-blast-de-formlabs\/\" \/>\n<meta property=\"og:site_name\" content=\"3D-EDU GmbH\" \/>\n<meta property=\"article:publisher\" content=\"https:\/\/www.facebook.com\/3d-educh-210277586064960\/\" \/>\n<meta property=\"article:modified_time\" content=\"2026-04-14T15:00:14+00:00\" \/>\n<meta property=\"og:image\" content=\"https:\/\/3d-edu.ch\/wp-content\/uploads\/2024\/09\/formlabs-fuse-blast-polishing-system.jpg\" \/>\n\t<meta property=\"og:image:width\" content=\"380\" \/>\n\t<meta property=\"og:image:height\" content=\"380\" \/>\n\t<meta property=\"og:image:type\" content=\"image\/jpeg\" \/>\n<meta name=\"twitter:card\" content=\"summary_large_image\" \/>\n<meta name=\"twitter:site\" content=\"@3d_edu_ch\" \/>\n<meta name=\"twitter:label1\" content=\"Prix\" \/>\n\t<meta name=\"twitter:data1\" content=\"2&#039;722.30&nbsp;&#067;&#072;&#070; hors TVA\" \/>\n\t<meta name=\"twitter:label2\" content=\"Disponibilit\u00e9\" \/>\n\t<meta name=\"twitter:data2\" content=\"En stock\" \/>\n<script type=\"application\/ld+json\" class=\"yoast-schema-graph\">{\"@context\":\"https:\\\/\\\/schema.org\",\"@graph\":[{\"@type\":\"WebPage\",\"@id\":\"https:\\\/\\\/3d-edu.ch\\\/fr\\\/boutique\\\/systeme-de-polissage-fuse-blast-de-formlabs\\\/\",\"url\":\"https:\\\/\\\/3d-edu.ch\\\/fr\\\/boutique\\\/systeme-de-polissage-fuse-blast-de-formlabs\\\/\",\"name\":\"Syst\u00e8me de polissage Fuse Blast de Formlabs %%page% commander en ligne - %%nom du site\",\"isPartOf\":{\"@id\":\"https:\\\/\\\/3d-edu.ch\\\/fr\\\/#website\"},\"primaryImageOfPage\":{\"@id\":\"https:\\\/\\\/3d-edu.ch\\\/fr\\\/boutique\\\/systeme-de-polissage-fuse-blast-de-formlabs\\\/#primaryimage\"},\"image\":{\"@id\":\"https:\\\/\\\/3d-edu.ch\\\/fr\\\/boutique\\\/systeme-de-polissage-fuse-blast-de-formlabs\\\/#primaryimage\"},\"thumbnailUrl\":\"https:\\\/\\\/3d-edu.ch\\\/wp-content\\\/uploads\\\/2024\\\/09\\\/formlabs-fuse-blast-polishing-system.jpg\",\"datePublished\":\"2024-09-04T14:49:23+00:00\",\"dateModified\":\"2026-04-14T15:00:14+00:00\",\"description\":\"Le syst\u00e8me de polissage Fuse Blast est une mise \u00e0 niveau drop-in du Fuse Blast qui vous permet de donner \u00e0 vos pi\u00e8ces imprim\u00e9es SLS une surface lisse, semi-brillante et r\u00e9sistante \u00e0 l'abrasion, pr\u00eate \u00e0 \u00eatre color\u00e9e.\",\"breadcrumb\":{\"@id\":\"https:\\\/\\\/3d-edu.ch\\\/fr\\\/boutique\\\/systeme-de-polissage-fuse-blast-de-formlabs\\\/#breadcrumb\"},\"inLanguage\":\"fr-FR\",\"potentialAction\":[{\"@type\":\"ReadAction\",\"target\":[\"https:\\\/\\\/3d-edu.ch\\\/fr\\\/boutique\\\/systeme-de-polissage-fuse-blast-de-formlabs\\\/\"]}]},{\"@type\":\"ImageObject\",\"inLanguage\":\"fr-FR\",\"@id\":\"https:\\\/\\\/3d-edu.ch\\\/fr\\\/boutique\\\/systeme-de-polissage-fuse-blast-de-formlabs\\\/#primaryimage\",\"url\":\"https:\\\/\\\/3d-edu.ch\\\/wp-content\\\/uploads\\\/2024\\\/09\\\/formlabs-fuse-blast-polishing-system.jpg\",\"contentUrl\":\"https:\\\/\\\/3d-edu.ch\\\/wp-content\\\/uploads\\\/2024\\\/09\\\/formlabs-fuse-blast-polishing-system.jpg\",\"width\":380,\"height\":380},{\"@type\":\"BreadcrumbList\",\"@id\":\"https:\\\/\\\/3d-edu.ch\\\/fr\\\/boutique\\\/systeme-de-polissage-fuse-blast-de-formlabs\\\/#breadcrumb\",\"itemListElement\":[{\"@type\":\"ListItem\",\"position\":1,\"name\":\"Accueil\",\"item\":\"https:\\\/\\\/3d-edu.ch\\\/fr\\\/\"},{\"@type\":\"ListItem\",\"position\":2,\"name\":\"Boutique\",\"item\":\"https:\\\/\\\/3d-edu.ch\\\/fr\\\/boutique\\\/\"},{\"@type\":\"ListItem\",\"position\":3,\"name\":\"Syst\u00e8me de polissage Fuse Blast de Formlabs\"}]},{\"@type\":\"WebSite\",\"@id\":\"https:\\\/\\\/3d-edu.ch\\\/fr\\\/#website\",\"url\":\"https:\\\/\\\/3d-edu.ch\\\/fr\\\/\",\"name\":\"3D-EDU GmbH\",\"description\":\"Your Formlabs, UltiMaker and Raise3D Printer Support and Education Site in Switzerland. \\\/\\\/ Ihre Formlabs, UltiMaker and Raise3D Drucker Support und Bildungs Webseite der Schweiz.\",\"publisher\":{\"@id\":\"https:\\\/\\\/3d-edu.ch\\\/fr\\\/#organization\"},\"potentialAction\":[{\"@type\":\"SearchAction\",\"target\":{\"@type\":\"EntryPoint\",\"urlTemplate\":\"https:\\\/\\\/3d-edu.ch\\\/fr\\\/?s={search_term_string}\"},\"query-input\":{\"@type\":\"PropertyValueSpecification\",\"valueRequired\":true,\"valueName\":\"search_term_string\"}}],\"inLanguage\":\"fr-FR\"},{\"@type\":[\"Organization\",\"Place\",\"ElectronicsStore\"],\"@id\":\"https:\\\/\\\/3d-edu.ch\\\/fr\\\/#organization\",\"name\":\"3D-EDU GmbH\",\"url\":\"https:\\\/\\\/3d-edu.ch\\\/fr\\\/\",\"logo\":{\"@id\":\"https:\\\/\\\/3d-edu.ch\\\/fr\\\/boutique\\\/systeme-de-polissage-fuse-blast-de-formlabs\\\/#local-main-organization-logo\"},\"image\":{\"@id\":\"https:\\\/\\\/3d-edu.ch\\\/fr\\\/boutique\\\/systeme-de-polissage-fuse-blast-de-formlabs\\\/#local-main-organization-logo\"},\"sameAs\":[\"https:\\\/\\\/www.facebook.com\\\/3d-educh-210277586064960\\\/\",\"https:\\\/\\\/x.com\\\/3d_edu_ch\"],\"address\":{\"@id\":\"https:\\\/\\\/3d-edu.ch\\\/fr\\\/boutique\\\/systeme-de-polissage-fuse-blast-de-formlabs\\\/#local-main-place-address\"},\"geo\":{\"@type\":\"GeoCoordinates\",\"latitude\":\"47.38413\",\"longitude\":\"8.49812\"},\"telephone\":[\"+41 44 492 11 22\"],\"openingHoursSpecification\":[{\"@type\":\"OpeningHoursSpecification\",\"dayOfWeek\":[\"Monday\",\"Tuesday\",\"Wednesday\",\"Thursday\",\"Friday\"],\"opens\":\"08:30\",\"closes\":\"18:00\"},{\"@type\":\"OpeningHoursSpecification\",\"dayOfWeek\":[\"Saturday\",\"Sunday\"],\"opens\":\"00:00\",\"closes\":\"00:00\"}],\"email\":\"info@3d-edu.ch\",\"faxNumber\":\"+41 44 492 11 23\",\"vatID\":\"CHE-184.499.491 MWST\",\"priceRange\":\"$$$\",\"currenciesAccepted\":\"CHF\"},{\"@type\":\"PostalAddress\",\"@id\":\"https:\\\/\\\/3d-edu.ch\\\/fr\\\/boutique\\\/systeme-de-polissage-fuse-blast-de-formlabs\\\/#local-main-place-address\",\"streetAddress\":\"3D-EDU GmbH, Badenerstrasse 556\",\"addressLocality\":\"Z\u00fcrich\",\"postalCode\":\"8048\",\"addressRegion\":\"Z\u00fcrich\",\"addressCountry\":\"CH\"},{\"@type\":\"ImageObject\",\"inLanguage\":\"fr-FR\",\"@id\":\"https:\\\/\\\/3d-edu.ch\\\/fr\\\/boutique\\\/systeme-de-polissage-fuse-blast-de-formlabs\\\/#local-main-organization-logo\",\"url\":\"https:\\\/\\\/3d-edu.ch\\\/wp-content\\\/uploads\\\/2018\\\/10\\\/3d-drucker-makerbot-formlabs-professionelle-3d-drucker-e1546527990490.png\",\"contentUrl\":\"https:\\\/\\\/3d-edu.ch\\\/wp-content\\\/uploads\\\/2018\\\/10\\\/3d-drucker-makerbot-formlabs-professionelle-3d-drucker-e1546527990490.png\",\"width\":275,\"height\":80,\"caption\":\"3D-EDU GmbH\"}]}<\/script>\n<meta property=\"product:brand\" content=\"Formlabs\" \/>\n<meta property=\"product:price:amount\" content=\"2722.30\" \/>\n<meta property=\"product:price:currency\" content=\"CHF\" \/>\n<meta property=\"og:availability\" content=\"instock\" \/>\n<meta property=\"product:availability\" content=\"instock\" \/>\n<meta property=\"product:retailer_item_id\" content=\"PKG-FS1-FB-PS-01\" \/>\n<meta property=\"product:condition\" content=\"new\" \/>\n<meta name=\"geo.placename\" content=\"Z\u00fcrich\" \/>\n<meta name=\"geo.position\" content=\"47.38413;8.49812\" \/>\n<meta name=\"geo.region\" content=\"Suisse\" \/>\n<!-- \/ Yoast SEO Premium plugin. -->","yoast_head_json":{"title":"Syst\u00e8me de polissage Fuse Blast de Formlabs %%page% commander en ligne - %%nom du site","description":"Le syst\u00e8me de polissage Fuse Blast est une mise \u00e0 niveau drop-in du Fuse Blast qui vous permet de donner \u00e0 vos pi\u00e8ces imprim\u00e9es SLS une surface lisse, semi-brillante et r\u00e9sistante \u00e0 l'abrasion, pr\u00eate \u00e0 \u00eatre color\u00e9e.","robots":{"index":"index","follow":"follow","max-snippet":"max-snippet:-1","max-image-preview":"max-image-preview:large","max-video-preview":"max-video-preview:-1"},"canonical":"https:\/\/3d-edu.ch\/fr\/boutique\/systeme-de-polissage-fuse-blast-de-formlabs\/","og_locale":"fr_FR","og_type":"article","og_title":"Syst\u00e8me de polissage Fuse Blast de Formlabs","og_description":"Le syst\u00e8me de polissage Fuse Blast est une mise \u00e0 niveau drop-in du Fuse Blast qui vous permet de donner \u00e0 vos pi\u00e8ces imprim\u00e9es SLS une surface lisse, semi-brillante et r\u00e9sistante \u00e0 l'abrasion, pr\u00eate \u00e0 \u00eatre color\u00e9e.","og_url":"https:\/\/3d-edu.ch\/fr\/boutique\/systeme-de-polissage-fuse-blast-de-formlabs\/","og_site_name":"3D-EDU GmbH","article_publisher":"https:\/\/www.facebook.com\/3d-educh-210277586064960\/","article_modified_time":"2026-04-14T15:00:14+00:00","og_image":[{"width":380,"height":380,"url":"https:\/\/3d-edu.ch\/wp-content\/uploads\/2024\/09\/formlabs-fuse-blast-polishing-system.jpg","type":"image\/jpeg"}],"twitter_card":"summary_large_image","twitter_site":"@3d_edu_ch","twitter_misc":{"Prix":"2'722.30&nbsp;&#67;&#72;&#70; hors TVA","Disponibilit\u00e9":"En stock"},"schema":{"@context":"https:\/\/schema.org","@graph":[{"@type":"WebPage","@id":"https:\/\/3d-edu.ch\/fr\/boutique\/systeme-de-polissage-fuse-blast-de-formlabs\/","url":"https:\/\/3d-edu.ch\/fr\/boutique\/systeme-de-polissage-fuse-blast-de-formlabs\/","name":"Syst\u00e8me de polissage Fuse Blast de Formlabs %%page% commander en ligne - %%nom du site","isPartOf":{"@id":"https:\/\/3d-edu.ch\/fr\/#website"},"primaryImageOfPage":{"@id":"https:\/\/3d-edu.ch\/fr\/boutique\/systeme-de-polissage-fuse-blast-de-formlabs\/#primaryimage"},"image":{"@id":"https:\/\/3d-edu.ch\/fr\/boutique\/systeme-de-polissage-fuse-blast-de-formlabs\/#primaryimage"},"thumbnailUrl":"https:\/\/3d-edu.ch\/wp-content\/uploads\/2024\/09\/formlabs-fuse-blast-polishing-system.jpg","datePublished":"2024-09-04T14:49:23+00:00","dateModified":"2026-04-14T15:00:14+00:00","description":"Le syst\u00e8me de polissage Fuse Blast est une mise \u00e0 niveau drop-in du Fuse Blast qui vous permet de donner \u00e0 vos pi\u00e8ces imprim\u00e9es SLS une surface lisse, semi-brillante et r\u00e9sistante \u00e0 l'abrasion, pr\u00eate \u00e0 \u00eatre color\u00e9e.","breadcrumb":{"@id":"https:\/\/3d-edu.ch\/fr\/boutique\/systeme-de-polissage-fuse-blast-de-formlabs\/#breadcrumb"},"inLanguage":"fr-FR","potentialAction":[{"@type":"ReadAction","target":["https:\/\/3d-edu.ch\/fr\/boutique\/systeme-de-polissage-fuse-blast-de-formlabs\/"]}]},{"@type":"ImageObject","inLanguage":"fr-FR","@id":"https:\/\/3d-edu.ch\/fr\/boutique\/systeme-de-polissage-fuse-blast-de-formlabs\/#primaryimage","url":"https:\/\/3d-edu.ch\/wp-content\/uploads\/2024\/09\/formlabs-fuse-blast-polishing-system.jpg","contentUrl":"https:\/\/3d-edu.ch\/wp-content\/uploads\/2024\/09\/formlabs-fuse-blast-polishing-system.jpg","width":380,"height":380},{"@type":"BreadcrumbList","@id":"https:\/\/3d-edu.ch\/fr\/boutique\/systeme-de-polissage-fuse-blast-de-formlabs\/#breadcrumb","itemListElement":[{"@type":"ListItem","position":1,"name":"Accueil","item":"https:\/\/3d-edu.ch\/fr\/"},{"@type":"ListItem","position":2,"name":"Boutique","item":"https:\/\/3d-edu.ch\/fr\/boutique\/"},{"@type":"ListItem","position":3,"name":"Syst\u00e8me de polissage Fuse Blast de Formlabs"}]},{"@type":"WebSite","@id":"https:\/\/3d-edu.ch\/fr\/#website","url":"https:\/\/3d-edu.ch\/fr\/","name":"3D-EDU GmbH","description":"Your Formlabs, UltiMaker and Raise3D Printer Support and Education Site in Switzerland. \/\/ Ihre Formlabs, UltiMaker and Raise3D Drucker Support und Bildungs Webseite der Schweiz.","publisher":{"@id":"https:\/\/3d-edu.ch\/fr\/#organization"},"potentialAction":[{"@type":"SearchAction","target":{"@type":"EntryPoint","urlTemplate":"https:\/\/3d-edu.ch\/fr\/?s={search_term_string}"},"query-input":{"@type":"PropertyValueSpecification","valueRequired":true,"valueName":"search_term_string"}}],"inLanguage":"fr-FR"},{"@type":["Organization","Place","ElectronicsStore"],"@id":"https:\/\/3d-edu.ch\/fr\/#organization","name":"3D-EDU GmbH","url":"https:\/\/3d-edu.ch\/fr\/","logo":{"@id":"https:\/\/3d-edu.ch\/fr\/boutique\/systeme-de-polissage-fuse-blast-de-formlabs\/#local-main-organization-logo"},"image":{"@id":"https:\/\/3d-edu.ch\/fr\/boutique\/systeme-de-polissage-fuse-blast-de-formlabs\/#local-main-organization-logo"},"sameAs":["https:\/\/www.facebook.com\/3d-educh-210277586064960\/","https:\/\/x.com\/3d_edu_ch"],"address":{"@id":"https:\/\/3d-edu.ch\/fr\/boutique\/systeme-de-polissage-fuse-blast-de-formlabs\/#local-main-place-address"},"geo":{"@type":"GeoCoordinates","latitude":"47.38413","longitude":"8.49812"},"telephone":["+41 44 492 11 22"],"openingHoursSpecification":[{"@type":"OpeningHoursSpecification","dayOfWeek":["Monday","Tuesday","Wednesday","Thursday","Friday"],"opens":"08:30","closes":"18:00"},{"@type":"OpeningHoursSpecification","dayOfWeek":["Saturday","Sunday"],"opens":"00:00","closes":"00:00"}],"email":"info@3d-edu.ch","faxNumber":"+41 44 492 11 23","vatID":"CHE-184.499.491 MWST","priceRange":"$$$","currenciesAccepted":"CHF"},{"@type":"PostalAddress","@id":"https:\/\/3d-edu.ch\/fr\/boutique\/systeme-de-polissage-fuse-blast-de-formlabs\/#local-main-place-address","streetAddress":"3D-EDU GmbH, Badenerstrasse 556","addressLocality":"Z\u00fcrich","postalCode":"8048","addressRegion":"Z\u00fcrich","addressCountry":"CH"},{"@type":"ImageObject","inLanguage":"fr-FR","@id":"https:\/\/3d-edu.ch\/fr\/boutique\/systeme-de-polissage-fuse-blast-de-formlabs\/#local-main-organization-logo","url":"https:\/\/3d-edu.ch\/wp-content\/uploads\/2018\/10\/3d-drucker-makerbot-formlabs-professionelle-3d-drucker-e1546527990490.png","contentUrl":"https:\/\/3d-edu.ch\/wp-content\/uploads\/2018\/10\/3d-drucker-makerbot-formlabs-professionelle-3d-drucker-e1546527990490.png","width":275,"height":80,"caption":"3D-EDU GmbH"}]},"product_brand":"Formlabs","product_price_amount":"2722.30","product_price_currency":"CHF","og_availability":"instock","product_availability":"instock","product_retailer_item_id":"PKG-FS1-FB-PS-01","product_condition":"new","geo.placename":"Z\u00fcrich","geo.position":{"lat":"47.38413","long":"8.49812"},"geo.region":"Suisse"},"_links":{"self":[{"href":"https:\/\/3d-edu.ch\/fr\/wp-json\/wp\/v2\/product\/75909","targetHints":{"allow":["GET"]}}],"collection":[{"href":"https:\/\/3d-edu.ch\/fr\/wp-json\/wp\/v2\/product"}],"about":[{"href":"https:\/\/3d-edu.ch\/fr\/wp-json\/wp\/v2\/types\/product"}],"replies":[{"embeddable":true,"href":"https:\/\/3d-edu.ch\/fr\/wp-json\/wp\/v2\/comments?post=75909"}],"wp:featuredmedia":[{"embeddable":true,"href":"https:\/\/3d-edu.ch\/fr\/wp-json\/wp\/v2\/media\/71041"}],"wp:attachment":[{"href":"https:\/\/3d-edu.ch\/fr\/wp-json\/wp\/v2\/media?parent=75909"}],"wp:term":[{"taxonomy":"product_brand","embeddable":true,"href":"https:\/\/3d-edu.ch\/fr\/wp-json\/wp\/v2\/product_brand?post=75909"},{"taxonomy":"product_cat","embeddable":true,"href":"https:\/\/3d-edu.ch\/fr\/wp-json\/wp\/v2\/product_cat?post=75909"},{"taxonomy":"product_tag","embeddable":true,"href":"https:\/\/3d-edu.ch\/fr\/wp-json\/wp\/v2\/product_tag?post=75909"}],"curies":[{"name":"wp","href":"https:\/\/api.w.org\/{rel}","templated":true}]}}