{"id":75803,"date":"2024-10-10T13:47:47","date_gmt":"2024-10-10T13:47:47","guid":{"rendered":"https:\/\/3d-edu.ch\/shop\/formlabs-form-4l-reservoir-en-resine\/"},"modified":"2026-05-11T19:23:08","modified_gmt":"2026-05-11T17:23:08","slug":"formlabs-form-4l-reservoir-en-resine","status":"publish","type":"product","link":"https:\/\/3d-edu.ch\/fr\/boutique\/formlabs-form-4l-reservoir-en-resine\/","title":{"rendered":"Formlabs Form 4L R\u00e9servoir en r\u00e9sine"},"content":{"rendered":"<h3>Formlabs Form 4L Resin Tank \/ R\u00e9servoir de r\u00e9sine<\/h3>\n<p>Le r\u00e9servoir de r\u00e9sine pour l&rsquo;<a href=\"https:\/\/3d-edu.ch\/boutique\/formlabs-form-4l-basic-package\/\">imprimante Form 4L 3D<\/a> et <a href=\"https:\/\/3d-edu.ch\/boutique\/formlabs-form-4bl-basic-package-medical-dental-3d-drucker-sla-lfd\/\">Form 4BL<\/a> de Formlabs r\u00e9duit \u00e9norm\u00e9ment les forces de d\u00e9collement pendant le processus d&rsquo;impression gr\u00e2ce \u00e0 sa plaque de fond flexible. Le film robuste au fond du r\u00e9servoir de r\u00e9sine de la Form 4L est un \u00e9l\u00e9ment important du processus LFD et permet un processus d&rsquo;impression dynamique et pr\u00e9cis, m\u00eame pour l&rsquo;impression grand format. Pour une gestion encore plus simple des mat\u00e9riaux, nous recommandons d&rsquo;utiliser un r\u00e9servoir de r\u00e9sine Form 4L s\u00e9par\u00e9 pour chaque <a href=\"https:\/\/3d-edu.ch\/formlabs\/resin\/\">r\u00e9sine<\/a> ou encre de r\u00e9sine.  <\/p>\n<p>Remarque : Le r\u00e9servoir de r\u00e9sine Form 4L offre un taux de r\u00e9ussite d&rsquo;impression am\u00e9lior\u00e9 par rapport \u00e0 la version pr\u00e9c\u00e9dente du r\u00e9servoir de r\u00e9sine Form 3L et n&rsquo;a pas de dur\u00e9e d&rsquo;expiration pour les mat\u00e9riaux corrosifs. Les r\u00e9servoirs de r\u00e9sine sont con\u00e7us pour durer et offrent des performances constantes pendant au moins 75 000 couches d&rsquo;impression (g\u00e9n\u00e9ralement 1 \u00e0 2 ans pour l&rsquo;utilisateur moyen). <\/p>\n<p><strong>Un <a href=\"https:\/\/3d-edu.ch\/boutique\/form-4-mixer\/\">m\u00e9langeur Form 4L<\/a> est toujours n\u00e9cessaire pour l&rsquo;impression. En r\u00e8gle g\u00e9n\u00e9rale, les m\u00e9langeurs de r\u00e9sine durent toute la vie d&rsquo;une imprimante. Pour des raisons pratiques, nous recommandons d&rsquo;utiliser un m\u00e9langeur de r\u00e9sine s\u00e9par\u00e9 par r\u00e9servoir de r\u00e9sine.  <\/strong><\/p>\n","protected":false},"excerpt":{"rendered":"<h3><strong>Formlabs Form 4L Accessoires<\/strong><\/h3>\n<p>Le r\u00e9servoir de r\u00e9sine et la plate-forme de construction sont des consommables et doivent \u00eatre remplac\u00e9s r\u00e9guli\u00e8rement.<\/p>\n<h2><strong>Form 4L R\u00e9servoir de r\u00e9sine<\/strong><\/h2>\n<p>Le r\u00e9servoir de r\u00e9sine de la Form 4L de Formlabs est une coque amovible et interchangeable qui sert de r\u00e9servoir de r\u00e9sine pour le processus d&rsquo;impression. Ce r\u00e9servoir de r\u00e9sine est un composant cl\u00e9 du processus d&rsquo;impression LFD de l&rsquo;imprimante 3D Form 4L de Formlabs. <\/p>\n","protected":false},"featured_media":71225,"comment_status":"closed","ping_status":"closed","template":"","meta":[],"product_brand":[],"product_cat":[10506,10366,10352,10364],"product_tag":[7785,7784,8159,8157,8160],"class_list":{"0":"post-75803","1":"product","2":"type-product","3":"status-publish","4":"has-post-thumbnail","6":"product_cat-accessoires-peel-3d","7":"product_cat-form-4-4l-accessoires","8":"product_cat-formlabs","9":"product_cat-sla-lfs-accessoires","10":"product_tag-accessoires-formlabs","11":"product_tag-formlabs-fr","12":"product_tag-formlabs-form-4l","13":"product_tag-reservoir-formlabs","14":"product_tag-rt-f4l-01","16":"first","17":"instock","18":"taxable","19":"shipping-taxable","20":"purchasable","21":"product-type-simple"},"yoast_head":"<!-- This site is optimized with the Yoast SEO Premium plugin v27.5 (Yoast SEO v27.5) - https:\/\/yoast.com\/product\/yoast-seo-premium-wordpress\/ -->\n<title>Formlabs Formlabs Form 4L R\u00e9servoir en r\u00e9sine acheter - 3D-EDU GmbH<\/title>\n<meta name=\"robots\" content=\"index, follow, max-snippet:-1, max-image-preview:large, max-video-preview:-1\" \/>\n<link rel=\"canonical\" href=\"https:\/\/3d-edu.ch\/fr\/boutique\/formlabs-form-4l-reservoir-en-resine\/\" \/>\n<meta property=\"og:locale\" content=\"fr_FR\" \/>\n<meta property=\"og:type\" content=\"article\" \/>\n<meta property=\"og:title\" content=\"Formlabs Form 4L R\u00e9servoir en r\u00e9sine\" \/>\n<meta property=\"og:description\" content=\"Formlabs Form 4L Accessoires Le r\u00e9servoir de r\u00e9sine et la plate-forme de construction sont des consommables et doivent \u00eatre remplac\u00e9s r\u00e9guli\u00e8rement. Form 4L R\u00e9servoir de r\u00e9sine Le r\u00e9servoir de r\u00e9sine de la Form 4L de Formlabs est une coque amovible et interchangeable qui sert de r\u00e9servoir de r\u00e9sine pour le processus d&#039;impression. Ce r\u00e9servoir de r\u00e9sine est un composant cl\u00e9 du processus d&#039;impression LFD de l&#039;imprimante 3D Form 4L de Formlabs.\" \/>\n<meta property=\"og:url\" content=\"https:\/\/3d-edu.ch\/fr\/boutique\/formlabs-form-4l-reservoir-en-resine\/\" \/>\n<meta property=\"og:site_name\" content=\"3D-EDU GmbH\" \/>\n<meta property=\"article:publisher\" content=\"https:\/\/www.facebook.com\/3d-educh-210277586064960\/\" \/>\n<meta property=\"article:modified_time\" content=\"2026-05-11T17:23:08+00:00\" \/>\n<meta property=\"og:image\" content=\"https:\/\/dedune53.myhostpoint.ch\/wp-content\/uploads\/2019\/09\/formlabs-form-3-resin-tank.jpg\" \/>\n<meta name=\"twitter:card\" content=\"summary_large_image\" \/>\n<meta name=\"twitter:site\" content=\"@3d_edu_ch\" \/>\n<meta name=\"twitter:label1\" content=\"Prix\" \/>\n\t<meta name=\"twitter:data1\" content=\"297.44&nbsp;&#067;&#072;&#070; hors TVA\" \/>\n\t<meta name=\"twitter:label2\" content=\"Disponibilit\u00e9\" \/>\n\t<meta name=\"twitter:data2\" content=\"En stock\" \/>\n<script type=\"application\/ld+json\" class=\"yoast-schema-graph\">{\"@context\":\"https:\\\/\\\/schema.org\",\"@graph\":[{\"@type\":\"WebPage\",\"@id\":\"https:\\\/\\\/3d-edu.ch\\\/fr\\\/boutique\\\/formlabs-form-4l-reservoir-en-resine\\\/\",\"url\":\"https:\\\/\\\/3d-edu.ch\\\/fr\\\/boutique\\\/formlabs-form-4l-reservoir-en-resine\\\/\",\"name\":\"Formlabs Formlabs Form 4L R\u00e9servoir en r\u00e9sine acheter - 3D-EDU GmbH\",\"isPartOf\":{\"@id\":\"https:\\\/\\\/3d-edu.ch\\\/fr\\\/#website\"},\"primaryImageOfPage\":{\"@id\":\"https:\\\/\\\/3d-edu.ch\\\/fr\\\/boutique\\\/formlabs-form-4l-reservoir-en-resine\\\/#primaryimage\"},\"image\":{\"@id\":\"https:\\\/\\\/3d-edu.ch\\\/fr\\\/boutique\\\/formlabs-form-4l-reservoir-en-resine\\\/#primaryimage\"},\"thumbnailUrl\":\"https:\\\/\\\/3d-edu.ch\\\/wp-content\\\/uploads\\\/2024\\\/10\\\/formlabs-form-4L-resin-tank-1.jpg\",\"datePublished\":\"2024-10-10T13:47:47+00:00\",\"dateModified\":\"2026-05-11T17:23:08+00:00\",\"breadcrumb\":{\"@id\":\"https:\\\/\\\/3d-edu.ch\\\/fr\\\/boutique\\\/formlabs-form-4l-reservoir-en-resine\\\/#breadcrumb\"},\"inLanguage\":\"fr-FR\",\"potentialAction\":[{\"@type\":\"ReadAction\",\"target\":[\"https:\\\/\\\/3d-edu.ch\\\/fr\\\/boutique\\\/formlabs-form-4l-reservoir-en-resine\\\/\"]}]},{\"@type\":\"ImageObject\",\"inLanguage\":\"fr-FR\",\"@id\":\"https:\\\/\\\/3d-edu.ch\\\/fr\\\/boutique\\\/formlabs-form-4l-reservoir-en-resine\\\/#primaryimage\",\"url\":\"https:\\\/\\\/3d-edu.ch\\\/wp-content\\\/uploads\\\/2024\\\/10\\\/formlabs-form-4L-resin-tank-1.jpg\",\"contentUrl\":\"https:\\\/\\\/3d-edu.ch\\\/wp-content\\\/uploads\\\/2024\\\/10\\\/formlabs-form-4L-resin-tank-1.jpg\",\"width\":300,\"height\":300,\"caption\":\"Formlabs Form 4L Resin Tank 1\"},{\"@type\":\"BreadcrumbList\",\"@id\":\"https:\\\/\\\/3d-edu.ch\\\/fr\\\/boutique\\\/formlabs-form-4l-reservoir-en-resine\\\/#breadcrumb\",\"itemListElement\":[{\"@type\":\"ListItem\",\"position\":1,\"name\":\"Accueil\",\"item\":\"https:\\\/\\\/3d-edu.ch\\\/fr\\\/\"},{\"@type\":\"ListItem\",\"position\":2,\"name\":\"Boutique\",\"item\":\"https:\\\/\\\/3d-edu.ch\\\/fr\\\/boutique\\\/\"},{\"@type\":\"ListItem\",\"position\":3,\"name\":\"Formlabs Form 4L R\u00e9servoir en r\u00e9sine\"}]},{\"@type\":\"WebSite\",\"@id\":\"https:\\\/\\\/3d-edu.ch\\\/fr\\\/#website\",\"url\":\"https:\\\/\\\/3d-edu.ch\\\/fr\\\/\",\"name\":\"3D-EDU GmbH\",\"description\":\"Your Formlabs, UltiMaker and Raise3D Printer Support and Education Site in Switzerland. \\\/\\\/ Ihre Formlabs, UltiMaker and Raise3D Drucker Support und Bildungs Webseite der Schweiz.\",\"publisher\":{\"@id\":\"https:\\\/\\\/3d-edu.ch\\\/fr\\\/#organization\"},\"potentialAction\":[{\"@type\":\"SearchAction\",\"target\":{\"@type\":\"EntryPoint\",\"urlTemplate\":\"https:\\\/\\\/3d-edu.ch\\\/fr\\\/?s={search_term_string}\"},\"query-input\":{\"@type\":\"PropertyValueSpecification\",\"valueRequired\":true,\"valueName\":\"search_term_string\"}}],\"inLanguage\":\"fr-FR\"},{\"@type\":[\"Organization\",\"Place\",\"ElectronicsStore\"],\"@id\":\"https:\\\/\\\/3d-edu.ch\\\/fr\\\/#organization\",\"name\":\"3D-EDU GmbH\",\"url\":\"https:\\\/\\\/3d-edu.ch\\\/fr\\\/\",\"logo\":{\"@id\":\"https:\\\/\\\/3d-edu.ch\\\/fr\\\/boutique\\\/formlabs-form-4l-reservoir-en-resine\\\/#local-main-organization-logo\"},\"image\":{\"@id\":\"https:\\\/\\\/3d-edu.ch\\\/fr\\\/boutique\\\/formlabs-form-4l-reservoir-en-resine\\\/#local-main-organization-logo\"},\"sameAs\":[\"https:\\\/\\\/www.facebook.com\\\/3d-educh-210277586064960\\\/\",\"https:\\\/\\\/x.com\\\/3d_edu_ch\"],\"address\":{\"@id\":\"https:\\\/\\\/3d-edu.ch\\\/fr\\\/boutique\\\/formlabs-form-4l-reservoir-en-resine\\\/#local-main-place-address\"},\"geo\":{\"@type\":\"GeoCoordinates\",\"latitude\":\"47.38413\",\"longitude\":\"8.49812\"},\"telephone\":[\"+41 44 492 11 22\"],\"openingHoursSpecification\":[{\"@type\":\"OpeningHoursSpecification\",\"dayOfWeek\":[\"Monday\",\"Tuesday\",\"Wednesday\",\"Thursday\",\"Friday\"],\"opens\":\"08:30\",\"closes\":\"18:00\"},{\"@type\":\"OpeningHoursSpecification\",\"dayOfWeek\":[\"Saturday\",\"Sunday\"],\"opens\":\"00:00\",\"closes\":\"00:00\"}],\"email\":\"info@3d-edu.ch\",\"faxNumber\":\"+41 44 492 11 23\",\"vatID\":\"CHE-184.499.491 MWST\",\"priceRange\":\"$$$\",\"currenciesAccepted\":\"CHF\"},{\"@type\":\"PostalAddress\",\"@id\":\"https:\\\/\\\/3d-edu.ch\\\/fr\\\/boutique\\\/formlabs-form-4l-reservoir-en-resine\\\/#local-main-place-address\",\"streetAddress\":\"3D-EDU GmbH, Badenerstrasse 556\",\"addressLocality\":\"Z\u00fcrich\",\"postalCode\":\"8048\",\"addressRegion\":\"Z\u00fcrich\",\"addressCountry\":\"CH\"},{\"@type\":\"ImageObject\",\"inLanguage\":\"fr-FR\",\"@id\":\"https:\\\/\\\/3d-edu.ch\\\/fr\\\/boutique\\\/formlabs-form-4l-reservoir-en-resine\\\/#local-main-organization-logo\",\"url\":\"https:\\\/\\\/3d-edu.ch\\\/wp-content\\\/uploads\\\/2018\\\/10\\\/3d-drucker-makerbot-formlabs-professionelle-3d-drucker-e1546527990490.png\",\"contentUrl\":\"https:\\\/\\\/3d-edu.ch\\\/wp-content\\\/uploads\\\/2018\\\/10\\\/3d-drucker-makerbot-formlabs-professionelle-3d-drucker-e1546527990490.png\",\"width\":275,\"height\":80,\"caption\":\"3D-EDU GmbH\"}]}<\/script>\n<meta property=\"product:brand\" content=\"Accessoires\" \/>\n<meta property=\"product:price:amount\" content=\"297.44\" \/>\n<meta property=\"product:price:currency\" content=\"CHF\" \/>\n<meta property=\"og:availability\" content=\"instock\" \/>\n<meta property=\"product:availability\" content=\"instock\" \/>\n<meta property=\"product:retailer_item_id\" content=\"RT-F4L-01\" \/>\n<meta property=\"product:condition\" content=\"new\" \/>\n<meta name=\"geo.placename\" content=\"Z\u00fcrich\" \/>\n<meta name=\"geo.position\" content=\"47.38413;8.49812\" \/>\n<meta name=\"geo.region\" content=\"Suisse\" \/>\n<!-- \/ Yoast SEO Premium plugin. -->","yoast_head_json":{"title":"Formlabs Formlabs Form 4L R\u00e9servoir en r\u00e9sine acheter - 3D-EDU GmbH","robots":{"index":"index","follow":"follow","max-snippet":"max-snippet:-1","max-image-preview":"max-image-preview:large","max-video-preview":"max-video-preview:-1"},"canonical":"https:\/\/3d-edu.ch\/fr\/boutique\/formlabs-form-4l-reservoir-en-resine\/","og_locale":"fr_FR","og_type":"article","og_title":"Formlabs Form 4L R\u00e9servoir en r\u00e9sine","og_description":"Formlabs Form 4L Accessoires Le r\u00e9servoir de r\u00e9sine et la plate-forme de construction sont des consommables et doivent \u00eatre remplac\u00e9s r\u00e9guli\u00e8rement. Form 4L R\u00e9servoir de r\u00e9sine Le r\u00e9servoir de r\u00e9sine de la Form 4L de Formlabs est une coque amovible et interchangeable qui sert de r\u00e9servoir de r\u00e9sine pour le processus d'impression. Ce r\u00e9servoir de r\u00e9sine est un composant cl\u00e9 du processus d'impression LFD de l'imprimante 3D Form 4L de Formlabs.","og_url":"https:\/\/3d-edu.ch\/fr\/boutique\/formlabs-form-4l-reservoir-en-resine\/","og_site_name":"3D-EDU GmbH","article_publisher":"https:\/\/www.facebook.com\/3d-educh-210277586064960\/","article_modified_time":"2026-05-11T17:23:08+00:00","og_image":[{"url":"https:\/\/dedune53.myhostpoint.ch\/wp-content\/uploads\/2019\/09\/formlabs-form-3-resin-tank.jpg","type":"","width":"","height":""}],"twitter_card":"summary_large_image","twitter_site":"@3d_edu_ch","twitter_misc":{"Prix":"297.44&nbsp;&#67;&#72;&#70; hors TVA","Disponibilit\u00e9":"En stock"},"schema":{"@context":"https:\/\/schema.org","@graph":[{"@type":"WebPage","@id":"https:\/\/3d-edu.ch\/fr\/boutique\/formlabs-form-4l-reservoir-en-resine\/","url":"https:\/\/3d-edu.ch\/fr\/boutique\/formlabs-form-4l-reservoir-en-resine\/","name":"Formlabs Formlabs Form 4L R\u00e9servoir en r\u00e9sine acheter - 3D-EDU GmbH","isPartOf":{"@id":"https:\/\/3d-edu.ch\/fr\/#website"},"primaryImageOfPage":{"@id":"https:\/\/3d-edu.ch\/fr\/boutique\/formlabs-form-4l-reservoir-en-resine\/#primaryimage"},"image":{"@id":"https:\/\/3d-edu.ch\/fr\/boutique\/formlabs-form-4l-reservoir-en-resine\/#primaryimage"},"thumbnailUrl":"https:\/\/3d-edu.ch\/wp-content\/uploads\/2024\/10\/formlabs-form-4L-resin-tank-1.jpg","datePublished":"2024-10-10T13:47:47+00:00","dateModified":"2026-05-11T17:23:08+00:00","breadcrumb":{"@id":"https:\/\/3d-edu.ch\/fr\/boutique\/formlabs-form-4l-reservoir-en-resine\/#breadcrumb"},"inLanguage":"fr-FR","potentialAction":[{"@type":"ReadAction","target":["https:\/\/3d-edu.ch\/fr\/boutique\/formlabs-form-4l-reservoir-en-resine\/"]}]},{"@type":"ImageObject","inLanguage":"fr-FR","@id":"https:\/\/3d-edu.ch\/fr\/boutique\/formlabs-form-4l-reservoir-en-resine\/#primaryimage","url":"https:\/\/3d-edu.ch\/wp-content\/uploads\/2024\/10\/formlabs-form-4L-resin-tank-1.jpg","contentUrl":"https:\/\/3d-edu.ch\/wp-content\/uploads\/2024\/10\/formlabs-form-4L-resin-tank-1.jpg","width":300,"height":300,"caption":"Formlabs Form 4L Resin Tank 1"},{"@type":"BreadcrumbList","@id":"https:\/\/3d-edu.ch\/fr\/boutique\/formlabs-form-4l-reservoir-en-resine\/#breadcrumb","itemListElement":[{"@type":"ListItem","position":1,"name":"Accueil","item":"https:\/\/3d-edu.ch\/fr\/"},{"@type":"ListItem","position":2,"name":"Boutique","item":"https:\/\/3d-edu.ch\/fr\/boutique\/"},{"@type":"ListItem","position":3,"name":"Formlabs Form 4L R\u00e9servoir en r\u00e9sine"}]},{"@type":"WebSite","@id":"https:\/\/3d-edu.ch\/fr\/#website","url":"https:\/\/3d-edu.ch\/fr\/","name":"3D-EDU GmbH","description":"Your Formlabs, UltiMaker and Raise3D Printer Support and Education Site in Switzerland. \/\/ Ihre Formlabs, UltiMaker and Raise3D Drucker Support und Bildungs Webseite der Schweiz.","publisher":{"@id":"https:\/\/3d-edu.ch\/fr\/#organization"},"potentialAction":[{"@type":"SearchAction","target":{"@type":"EntryPoint","urlTemplate":"https:\/\/3d-edu.ch\/fr\/?s={search_term_string}"},"query-input":{"@type":"PropertyValueSpecification","valueRequired":true,"valueName":"search_term_string"}}],"inLanguage":"fr-FR"},{"@type":["Organization","Place","ElectronicsStore"],"@id":"https:\/\/3d-edu.ch\/fr\/#organization","name":"3D-EDU GmbH","url":"https:\/\/3d-edu.ch\/fr\/","logo":{"@id":"https:\/\/3d-edu.ch\/fr\/boutique\/formlabs-form-4l-reservoir-en-resine\/#local-main-organization-logo"},"image":{"@id":"https:\/\/3d-edu.ch\/fr\/boutique\/formlabs-form-4l-reservoir-en-resine\/#local-main-organization-logo"},"sameAs":["https:\/\/www.facebook.com\/3d-educh-210277586064960\/","https:\/\/x.com\/3d_edu_ch"],"address":{"@id":"https:\/\/3d-edu.ch\/fr\/boutique\/formlabs-form-4l-reservoir-en-resine\/#local-main-place-address"},"geo":{"@type":"GeoCoordinates","latitude":"47.38413","longitude":"8.49812"},"telephone":["+41 44 492 11 22"],"openingHoursSpecification":[{"@type":"OpeningHoursSpecification","dayOfWeek":["Monday","Tuesday","Wednesday","Thursday","Friday"],"opens":"08:30","closes":"18:00"},{"@type":"OpeningHoursSpecification","dayOfWeek":["Saturday","Sunday"],"opens":"00:00","closes":"00:00"}],"email":"info@3d-edu.ch","faxNumber":"+41 44 492 11 23","vatID":"CHE-184.499.491 MWST","priceRange":"$$$","currenciesAccepted":"CHF"},{"@type":"PostalAddress","@id":"https:\/\/3d-edu.ch\/fr\/boutique\/formlabs-form-4l-reservoir-en-resine\/#local-main-place-address","streetAddress":"3D-EDU GmbH, Badenerstrasse 556","addressLocality":"Z\u00fcrich","postalCode":"8048","addressRegion":"Z\u00fcrich","addressCountry":"CH"},{"@type":"ImageObject","inLanguage":"fr-FR","@id":"https:\/\/3d-edu.ch\/fr\/boutique\/formlabs-form-4l-reservoir-en-resine\/#local-main-organization-logo","url":"https:\/\/3d-edu.ch\/wp-content\/uploads\/2018\/10\/3d-drucker-makerbot-formlabs-professionelle-3d-drucker-e1546527990490.png","contentUrl":"https:\/\/3d-edu.ch\/wp-content\/uploads\/2018\/10\/3d-drucker-makerbot-formlabs-professionelle-3d-drucker-e1546527990490.png","width":275,"height":80,"caption":"3D-EDU GmbH"}]},"product_brand":"Accessoires","product_price_amount":"297.44","product_price_currency":"CHF","og_availability":"instock","product_availability":"instock","product_retailer_item_id":"RT-F4L-01","product_condition":"new","geo.placename":"Z\u00fcrich","geo.position":{"lat":"47.38413","long":"8.49812"},"geo.region":"Suisse"},"_links":{"self":[{"href":"https:\/\/3d-edu.ch\/fr\/wp-json\/wp\/v2\/product\/75803","targetHints":{"allow":["GET"]}}],"collection":[{"href":"https:\/\/3d-edu.ch\/fr\/wp-json\/wp\/v2\/product"}],"about":[{"href":"https:\/\/3d-edu.ch\/fr\/wp-json\/wp\/v2\/types\/product"}],"replies":[{"embeddable":true,"href":"https:\/\/3d-edu.ch\/fr\/wp-json\/wp\/v2\/comments?post=75803"}],"wp:featuredmedia":[{"embeddable":true,"href":"https:\/\/3d-edu.ch\/fr\/wp-json\/wp\/v2\/media\/71225"}],"wp:attachment":[{"href":"https:\/\/3d-edu.ch\/fr\/wp-json\/wp\/v2\/media?parent=75803"}],"wp:term":[{"taxonomy":"product_brand","embeddable":true,"href":"https:\/\/3d-edu.ch\/fr\/wp-json\/wp\/v2\/product_brand?post=75803"},{"taxonomy":"product_cat","embeddable":true,"href":"https:\/\/3d-edu.ch\/fr\/wp-json\/wp\/v2\/product_cat?post=75803"},{"taxonomy":"product_tag","embeddable":true,"href":"https:\/\/3d-edu.ch\/fr\/wp-json\/wp\/v2\/product_tag?post=75803"}],"curies":[{"name":"wp","href":"https:\/\/api.w.org\/{rel}","templated":true}]}}