{"id":75797,"date":"2024-08-06T11:17:43","date_gmt":"2024-08-06T11:17:43","guid":{"rendered":"https:\/\/3d-edu.ch\/shop\/formlabs-form-4-premium-teeth-resin-1l\/"},"modified":"2026-04-14T16:57:31","modified_gmt":"2026-04-14T14:57:31","slug":"formlabs-form-4-premium-teeth-resin-1l","status":"publish","type":"product","link":"https:\/\/3d-edu.ch\/fr\/boutique\/formlabs-form-4-premium-teeth-resin-1l\/","title":{"rendered":"Formlabs Form 4 Premium Teeth Resin 1L"},"content":{"rendered":"<h3>Formlabs Form 4 Premium Teeth Resin 1L<\/h3>\n<p>Form 4 Premium Teeth Resin de Formlabs est un mat\u00e9riau biocompatible enrichi en nanoc\u00e9ramique qui offre une esth\u00e9tique am\u00e9lior\u00e9e, des propri\u00e9t\u00e9s m\u00e9caniques accrues et une durabilit\u00e9 valid\u00e9e, garantissant des performances cliniques optimales. Elle permet d&rsquo;imprimer en 3D des dents proth\u00e9tiques, des restaurations provisoires en arcade compl\u00e8te sur implants (All-on-X), des restaurations provisoires unitaires (couronnes, inlays, onlays et facettes) et des bridges jusqu&rsquo;\u00e0 sept \u00e9l\u00e9ments, sans aucun compromis sur la m\u00e9canique intra-orale, l&rsquo;esth\u00e9tique fid\u00e8le et les proc\u00e9dures simplifi\u00e9es.<\/p>\n<div class=\"accordion\">\n\t<div id=\"accordion-862157559\" class=\"accordion-item\">\n\t\t<a id=\"accordion-862157559-label\" class=\"accordion-title plain\" href=\"#accordion-item-plus-d&#039;informations\" aria-expanded=\"false\" aria-controls=\"accordion-862157559-content\">\n\t\t\t<button class=\"toggle\" aria-label=\"Basculer\"><i class=\"icon-angle-down\" aria-hidden=\"true\"><\/i><\/button>\n\t\t\t<span>Plus d&#039;informations<\/span>\n\t\t<\/a>\n\t\t<div id=\"accordion-862157559-content\" class=\"accordion-inner\" aria-labelledby=\"accordion-862157559-label\">\n\t\t\t\n<h5>Contenu de la livraison<\/h5>\n<p>1x Formlabs Premium Teeth Resin 1L de la couleur de votre choix<\/p>\n<p>R\u00e9solutions d&rsquo;impression prises en charge : 50 microns.<br \/>\nPost-traitement n\u00e9cessaire.<br \/>\n<a href=\"https:\/\/3d-edu.ch\/fr\/formlabs\/imprimante-3d-formlabs\/forme-4b\/\">Disponible pour la forme 4B.<\/a><\/p>\n<h5>Instructions<\/h5>\n<p>T\u00e9l\u00e9chargez le <a href=\"https:\/\/3d-edu.ch\/wp-content\/uploads\/2024\/08\/2302881-GD-ENUS-0.pdf\">guide d&rsquo;application<\/a> pour d\u00e9couvrir l&rsquo;ensemble du processus de travail num\u00e9rique et les meilleures pratiques pour la fabrication de proth\u00e8ses dentaires imprim\u00e9es en 3D sur les imprimantes dentaires Formlabs.<\/p>\n\t\t<\/div>\n\t<\/div>\n\t\n<\/div>\n","protected":false},"excerpt":{"rendered":"<h2><strong>Formlabs Premium Teeth Resin 1L<\/strong><\/h2>\n<p>Premium Teeth Resin est adapt\u00e9 aux applications suivantes :<\/p>\n<ul>\n<li>Restaurations provisoires unitaires (couronnes, inlays, onlays, facettes)<br \/>\net bridges (jusqu&rsquo;\u00e0 sept \u00e9l\u00e9ments)*.<\/li>\n<li>Dents de proth\u00e8se pour proth\u00e8ses compl\u00e8tes et partielles<\/li>\n<li>Restaurations provisoires en arc complet sur implants (All-on-X)<\/li>\n<li>Proth\u00e8ses dentaires \u00e0 l&rsquo;essai<\/li>\n<\/ul>\n<p>Cette r\u00e9sine est disponible en quatre teintes : A2, A3, B2, Bleach<\/p>\n","protected":false},"featured_media":70827,"comment_status":"closed","ping_status":"closed","template":"","meta":[],"product_brand":[],"product_cat":[],"product_tag":[8328,8057,7784,8329,8053],"class_list":{"0":"post-75797","1":"product","2":"type-product","3":"status-publish","4":"has-post-thumbnail","6":"product_tag-dents-premium","7":"product_tag-forme-4","8":"product_tag-formlabs-fr","9":"product_tag-formlabs-premium-teeth-ht-resin-1l","10":"product_tag-resine-formlabs","12":"first","13":"onbackorder","14":"taxable","15":"shipping-taxable","16":"purchasable","17":"product-type-variable"},"yoast_head":"<!-- This site is optimized with the Yoast SEO Premium plugin v27.5 (Yoast SEO v27.5) - https:\/\/yoast.com\/product\/yoast-seo-premium-wordpress\/ -->\n<title>Formlabs Form 4 Premium Teeth Resin 1L %%page% - Impression 3D de couronnes permanentes<\/title>\n<meta name=\"description\" content=\"Premium Teeth Resin est un mat\u00e9riau biocompatible enrichi en nanoc\u00e9ramique qui offre une esth\u00e9tique am\u00e9lior\u00e9e, des propri\u00e9t\u00e9s m\u00e9caniques accrues et une durabilit\u00e9 valid\u00e9e, garantissant des performances cliniques optimales.\" \/>\n<meta name=\"robots\" content=\"index, follow, max-snippet:-1, max-image-preview:large, max-video-preview:-1\" \/>\n<link rel=\"canonical\" href=\"https:\/\/3d-edu.ch\/fr\/boutique\/formlabs-form-4-premium-teeth-resin-1l\/\" \/>\n<meta property=\"og:locale\" content=\"fr_FR\" \/>\n<meta property=\"og:type\" content=\"article\" \/>\n<meta property=\"og:title\" content=\"Formlabs Form 4 Premium Teeth Resin 1L\" \/>\n<meta property=\"og:description\" content=\"Premium Teeth Resin est un mat\u00e9riau biocompatible enrichi en nanoc\u00e9ramique qui offre une esth\u00e9tique am\u00e9lior\u00e9e, des propri\u00e9t\u00e9s m\u00e9caniques accrues et une durabilit\u00e9 valid\u00e9e, garantissant des performances cliniques optimales.\" \/>\n<meta property=\"og:url\" content=\"https:\/\/3d-edu.ch\/fr\/boutique\/formlabs-form-4-premium-teeth-resin-1l\/\" \/>\n<meta property=\"og:site_name\" content=\"3D-EDU GmbH\" \/>\n<meta property=\"article:publisher\" content=\"https:\/\/www.facebook.com\/3d-educh-210277586064960\/\" \/>\n<meta property=\"article:modified_time\" content=\"2026-04-14T14:57:31+00:00\" \/>\n<meta property=\"og:image\" content=\"https:\/\/3d-edu.ch\/wp-content\/uploads\/2024\/08\/formlabs-premium-teeth-ht-resin-form-4-collection.jpg\" \/>\n\t<meta property=\"og:image:width\" content=\"380\" \/>\n\t<meta property=\"og:image:height\" content=\"380\" \/>\n\t<meta property=\"og:image:type\" content=\"image\/jpeg\" \/>\n<meta name=\"twitter:card\" content=\"summary_large_image\" \/>\n<meta name=\"twitter:site\" content=\"@3d_edu_ch\" \/>\n<meta name=\"twitter:label1\" content=\"Disponibilit\u00e9\" \/>\n\t<meta name=\"twitter:data1\" content=\"En r\u00e9assort\" \/>\n<script type=\"application\/ld+json\" class=\"yoast-schema-graph\">{\"@context\":\"https:\\\/\\\/schema.org\",\"@graph\":[{\"@type\":\"WebPage\",\"@id\":\"https:\\\/\\\/3d-edu.ch\\\/fr\\\/boutique\\\/formlabs-form-4-premium-teeth-resin-1l\\\/\",\"url\":\"https:\\\/\\\/3d-edu.ch\\\/fr\\\/boutique\\\/formlabs-form-4-premium-teeth-resin-1l\\\/\",\"name\":\"Formlabs Form 4 Premium Teeth Resin 1L %%page% - Impression 3D de couronnes permanentes\",\"isPartOf\":{\"@id\":\"https:\\\/\\\/3d-edu.ch\\\/fr\\\/#website\"},\"primaryImageOfPage\":{\"@id\":\"https:\\\/\\\/3d-edu.ch\\\/fr\\\/boutique\\\/formlabs-form-4-premium-teeth-resin-1l\\\/#primaryimage\"},\"image\":{\"@id\":\"https:\\\/\\\/3d-edu.ch\\\/fr\\\/boutique\\\/formlabs-form-4-premium-teeth-resin-1l\\\/#primaryimage\"},\"thumbnailUrl\":\"https:\\\/\\\/3d-edu.ch\\\/wp-content\\\/uploads\\\/2024\\\/08\\\/formlabs-premium-teeth-ht-resin-form-4-collection.jpg\",\"datePublished\":\"2024-08-06T11:17:43+00:00\",\"dateModified\":\"2026-04-14T14:57:31+00:00\",\"description\":\"Premium Teeth Resin est un mat\u00e9riau biocompatible enrichi en nanoc\u00e9ramique qui offre une esth\u00e9tique am\u00e9lior\u00e9e, des propri\u00e9t\u00e9s m\u00e9caniques accrues et une durabilit\u00e9 valid\u00e9e, garantissant des performances cliniques optimales.\",\"breadcrumb\":{\"@id\":\"https:\\\/\\\/3d-edu.ch\\\/fr\\\/boutique\\\/formlabs-form-4-premium-teeth-resin-1l\\\/#breadcrumb\"},\"inLanguage\":\"fr-FR\",\"potentialAction\":[{\"@type\":\"ReadAction\",\"target\":[\"https:\\\/\\\/3d-edu.ch\\\/fr\\\/boutique\\\/formlabs-form-4-premium-teeth-resin-1l\\\/\"]}]},{\"@type\":\"ImageObject\",\"inLanguage\":\"fr-FR\",\"@id\":\"https:\\\/\\\/3d-edu.ch\\\/fr\\\/boutique\\\/formlabs-form-4-premium-teeth-resin-1l\\\/#primaryimage\",\"url\":\"https:\\\/\\\/3d-edu.ch\\\/wp-content\\\/uploads\\\/2024\\\/08\\\/formlabs-premium-teeth-ht-resin-form-4-collection.jpg\",\"contentUrl\":\"https:\\\/\\\/3d-edu.ch\\\/wp-content\\\/uploads\\\/2024\\\/08\\\/formlabs-premium-teeth-ht-resin-form-4-collection.jpg\",\"width\":380,\"height\":380},{\"@type\":\"BreadcrumbList\",\"@id\":\"https:\\\/\\\/3d-edu.ch\\\/fr\\\/boutique\\\/formlabs-form-4-premium-teeth-resin-1l\\\/#breadcrumb\",\"itemListElement\":[{\"@type\":\"ListItem\",\"position\":1,\"name\":\"Accueil\",\"item\":\"https:\\\/\\\/3d-edu.ch\\\/fr\\\/\"},{\"@type\":\"ListItem\",\"position\":2,\"name\":\"Boutique\",\"item\":\"https:\\\/\\\/3d-edu.ch\\\/fr\\\/boutique\\\/\"},{\"@type\":\"ListItem\",\"position\":3,\"name\":\"Formlabs Form 4 Premium Teeth Resin 1L\"}]},{\"@type\":\"WebSite\",\"@id\":\"https:\\\/\\\/3d-edu.ch\\\/fr\\\/#website\",\"url\":\"https:\\\/\\\/3d-edu.ch\\\/fr\\\/\",\"name\":\"3D-EDU GmbH\",\"description\":\"Your Formlabs, UltiMaker and Raise3D Printer Support and Education Site in Switzerland. \\\/\\\/ Ihre Formlabs, UltiMaker and Raise3D Drucker Support und Bildungs Webseite der Schweiz.\",\"publisher\":{\"@id\":\"https:\\\/\\\/3d-edu.ch\\\/fr\\\/#organization\"},\"potentialAction\":[{\"@type\":\"SearchAction\",\"target\":{\"@type\":\"EntryPoint\",\"urlTemplate\":\"https:\\\/\\\/3d-edu.ch\\\/fr\\\/?s={search_term_string}\"},\"query-input\":{\"@type\":\"PropertyValueSpecification\",\"valueRequired\":true,\"valueName\":\"search_term_string\"}}],\"inLanguage\":\"fr-FR\"},{\"@type\":[\"Organization\",\"Place\",\"ElectronicsStore\"],\"@id\":\"https:\\\/\\\/3d-edu.ch\\\/fr\\\/#organization\",\"name\":\"3D-EDU GmbH\",\"url\":\"https:\\\/\\\/3d-edu.ch\\\/fr\\\/\",\"logo\":{\"@id\":\"https:\\\/\\\/3d-edu.ch\\\/fr\\\/boutique\\\/formlabs-form-4-premium-teeth-resin-1l\\\/#local-main-organization-logo\"},\"image\":{\"@id\":\"https:\\\/\\\/3d-edu.ch\\\/fr\\\/boutique\\\/formlabs-form-4-premium-teeth-resin-1l\\\/#local-main-organization-logo\"},\"sameAs\":[\"https:\\\/\\\/www.facebook.com\\\/3d-educh-210277586064960\\\/\",\"https:\\\/\\\/x.com\\\/3d_edu_ch\"],\"address\":{\"@id\":\"https:\\\/\\\/3d-edu.ch\\\/fr\\\/boutique\\\/formlabs-form-4-premium-teeth-resin-1l\\\/#local-main-place-address\"},\"geo\":{\"@type\":\"GeoCoordinates\",\"latitude\":\"47.38413\",\"longitude\":\"8.49812\"},\"telephone\":[\"+41 44 492 11 22\"],\"openingHoursSpecification\":[{\"@type\":\"OpeningHoursSpecification\",\"dayOfWeek\":[\"Monday\",\"Tuesday\",\"Wednesday\",\"Thursday\",\"Friday\"],\"opens\":\"08:30\",\"closes\":\"18:00\"},{\"@type\":\"OpeningHoursSpecification\",\"dayOfWeek\":[\"Saturday\",\"Sunday\"],\"opens\":\"00:00\",\"closes\":\"00:00\"}],\"email\":\"info@3d-edu.ch\",\"faxNumber\":\"+41 44 492 11 23\",\"vatID\":\"CHE-184.499.491 MWST\",\"priceRange\":\"$$$\",\"currenciesAccepted\":\"CHF\"},{\"@type\":\"PostalAddress\",\"@id\":\"https:\\\/\\\/3d-edu.ch\\\/fr\\\/boutique\\\/formlabs-form-4-premium-teeth-resin-1l\\\/#local-main-place-address\",\"streetAddress\":\"3D-EDU GmbH, Badenerstrasse 556\",\"addressLocality\":\"Z\u00fcrich\",\"postalCode\":\"8048\",\"addressRegion\":\"Z\u00fcrich\",\"addressCountry\":\"CH\"},{\"@type\":\"ImageObject\",\"inLanguage\":\"fr-FR\",\"@id\":\"https:\\\/\\\/3d-edu.ch\\\/fr\\\/boutique\\\/formlabs-form-4-premium-teeth-resin-1l\\\/#local-main-organization-logo\",\"url\":\"https:\\\/\\\/3d-edu.ch\\\/wp-content\\\/uploads\\\/2018\\\/10\\\/3d-drucker-makerbot-formlabs-professionelle-3d-drucker-e1546527990490.png\",\"contentUrl\":\"https:\\\/\\\/3d-edu.ch\\\/wp-content\\\/uploads\\\/2018\\\/10\\\/3d-drucker-makerbot-formlabs-professionelle-3d-drucker-e1546527990490.png\",\"width\":275,\"height\":80,\"caption\":\"3D-EDU GmbH\"}]}<\/script>\n<meta property=\"og:availability\" content=\"backorder\" \/>\n<meta property=\"product:availability\" content=\"available for order\" \/>\n<meta property=\"product:condition\" content=\"new\" \/>\n<meta name=\"geo.placename\" content=\"Z\u00fcrich\" \/>\n<meta name=\"geo.position\" content=\"47.38413;8.49812\" \/>\n<meta name=\"geo.region\" content=\"Suisse\" \/>\n<!-- \/ Yoast SEO Premium plugin. -->","yoast_head_json":{"title":"Formlabs Form 4 Premium Teeth Resin 1L %%page% - Impression 3D de couronnes permanentes","description":"Premium Teeth Resin est un mat\u00e9riau biocompatible enrichi en nanoc\u00e9ramique qui offre une esth\u00e9tique am\u00e9lior\u00e9e, des propri\u00e9t\u00e9s m\u00e9caniques accrues et une durabilit\u00e9 valid\u00e9e, garantissant des performances cliniques optimales.","robots":{"index":"index","follow":"follow","max-snippet":"max-snippet:-1","max-image-preview":"max-image-preview:large","max-video-preview":"max-video-preview:-1"},"canonical":"https:\/\/3d-edu.ch\/fr\/boutique\/formlabs-form-4-premium-teeth-resin-1l\/","og_locale":"fr_FR","og_type":"article","og_title":"Formlabs Form 4 Premium Teeth Resin 1L","og_description":"Premium Teeth Resin est un mat\u00e9riau biocompatible enrichi en nanoc\u00e9ramique qui offre une esth\u00e9tique am\u00e9lior\u00e9e, des propri\u00e9t\u00e9s m\u00e9caniques accrues et une durabilit\u00e9 valid\u00e9e, garantissant des performances cliniques optimales.","og_url":"https:\/\/3d-edu.ch\/fr\/boutique\/formlabs-form-4-premium-teeth-resin-1l\/","og_site_name":"3D-EDU GmbH","article_publisher":"https:\/\/www.facebook.com\/3d-educh-210277586064960\/","article_modified_time":"2026-04-14T14:57:31+00:00","og_image":[{"width":380,"height":380,"url":"https:\/\/3d-edu.ch\/wp-content\/uploads\/2024\/08\/formlabs-premium-teeth-ht-resin-form-4-collection.jpg","type":"image\/jpeg"}],"twitter_card":"summary_large_image","twitter_site":"@3d_edu_ch","twitter_misc":{"Disponibilit\u00e9":"En r\u00e9assort"},"schema":{"@context":"https:\/\/schema.org","@graph":[{"@type":"WebPage","@id":"https:\/\/3d-edu.ch\/fr\/boutique\/formlabs-form-4-premium-teeth-resin-1l\/","url":"https:\/\/3d-edu.ch\/fr\/boutique\/formlabs-form-4-premium-teeth-resin-1l\/","name":"Formlabs Form 4 Premium Teeth Resin 1L %%page% - Impression 3D de couronnes permanentes","isPartOf":{"@id":"https:\/\/3d-edu.ch\/fr\/#website"},"primaryImageOfPage":{"@id":"https:\/\/3d-edu.ch\/fr\/boutique\/formlabs-form-4-premium-teeth-resin-1l\/#primaryimage"},"image":{"@id":"https:\/\/3d-edu.ch\/fr\/boutique\/formlabs-form-4-premium-teeth-resin-1l\/#primaryimage"},"thumbnailUrl":"https:\/\/3d-edu.ch\/wp-content\/uploads\/2024\/08\/formlabs-premium-teeth-ht-resin-form-4-collection.jpg","datePublished":"2024-08-06T11:17:43+00:00","dateModified":"2026-04-14T14:57:31+00:00","description":"Premium Teeth Resin est un mat\u00e9riau biocompatible enrichi en nanoc\u00e9ramique qui offre une esth\u00e9tique am\u00e9lior\u00e9e, des propri\u00e9t\u00e9s m\u00e9caniques accrues et une durabilit\u00e9 valid\u00e9e, garantissant des performances cliniques optimales.","breadcrumb":{"@id":"https:\/\/3d-edu.ch\/fr\/boutique\/formlabs-form-4-premium-teeth-resin-1l\/#breadcrumb"},"inLanguage":"fr-FR","potentialAction":[{"@type":"ReadAction","target":["https:\/\/3d-edu.ch\/fr\/boutique\/formlabs-form-4-premium-teeth-resin-1l\/"]}]},{"@type":"ImageObject","inLanguage":"fr-FR","@id":"https:\/\/3d-edu.ch\/fr\/boutique\/formlabs-form-4-premium-teeth-resin-1l\/#primaryimage","url":"https:\/\/3d-edu.ch\/wp-content\/uploads\/2024\/08\/formlabs-premium-teeth-ht-resin-form-4-collection.jpg","contentUrl":"https:\/\/3d-edu.ch\/wp-content\/uploads\/2024\/08\/formlabs-premium-teeth-ht-resin-form-4-collection.jpg","width":380,"height":380},{"@type":"BreadcrumbList","@id":"https:\/\/3d-edu.ch\/fr\/boutique\/formlabs-form-4-premium-teeth-resin-1l\/#breadcrumb","itemListElement":[{"@type":"ListItem","position":1,"name":"Accueil","item":"https:\/\/3d-edu.ch\/fr\/"},{"@type":"ListItem","position":2,"name":"Boutique","item":"https:\/\/3d-edu.ch\/fr\/boutique\/"},{"@type":"ListItem","position":3,"name":"Formlabs Form 4 Premium Teeth Resin 1L"}]},{"@type":"WebSite","@id":"https:\/\/3d-edu.ch\/fr\/#website","url":"https:\/\/3d-edu.ch\/fr\/","name":"3D-EDU GmbH","description":"Your Formlabs, UltiMaker and Raise3D Printer Support and Education Site in Switzerland. \/\/ Ihre Formlabs, UltiMaker and Raise3D Drucker Support und Bildungs Webseite der Schweiz.","publisher":{"@id":"https:\/\/3d-edu.ch\/fr\/#organization"},"potentialAction":[{"@type":"SearchAction","target":{"@type":"EntryPoint","urlTemplate":"https:\/\/3d-edu.ch\/fr\/?s={search_term_string}"},"query-input":{"@type":"PropertyValueSpecification","valueRequired":true,"valueName":"search_term_string"}}],"inLanguage":"fr-FR"},{"@type":["Organization","Place","ElectronicsStore"],"@id":"https:\/\/3d-edu.ch\/fr\/#organization","name":"3D-EDU GmbH","url":"https:\/\/3d-edu.ch\/fr\/","logo":{"@id":"https:\/\/3d-edu.ch\/fr\/boutique\/formlabs-form-4-premium-teeth-resin-1l\/#local-main-organization-logo"},"image":{"@id":"https:\/\/3d-edu.ch\/fr\/boutique\/formlabs-form-4-premium-teeth-resin-1l\/#local-main-organization-logo"},"sameAs":["https:\/\/www.facebook.com\/3d-educh-210277586064960\/","https:\/\/x.com\/3d_edu_ch"],"address":{"@id":"https:\/\/3d-edu.ch\/fr\/boutique\/formlabs-form-4-premium-teeth-resin-1l\/#local-main-place-address"},"geo":{"@type":"GeoCoordinates","latitude":"47.38413","longitude":"8.49812"},"telephone":["+41 44 492 11 22"],"openingHoursSpecification":[{"@type":"OpeningHoursSpecification","dayOfWeek":["Monday","Tuesday","Wednesday","Thursday","Friday"],"opens":"08:30","closes":"18:00"},{"@type":"OpeningHoursSpecification","dayOfWeek":["Saturday","Sunday"],"opens":"00:00","closes":"00:00"}],"email":"info@3d-edu.ch","faxNumber":"+41 44 492 11 23","vatID":"CHE-184.499.491 MWST","priceRange":"$$$","currenciesAccepted":"CHF"},{"@type":"PostalAddress","@id":"https:\/\/3d-edu.ch\/fr\/boutique\/formlabs-form-4-premium-teeth-resin-1l\/#local-main-place-address","streetAddress":"3D-EDU GmbH, Badenerstrasse 556","addressLocality":"Z\u00fcrich","postalCode":"8048","addressRegion":"Z\u00fcrich","addressCountry":"CH"},{"@type":"ImageObject","inLanguage":"fr-FR","@id":"https:\/\/3d-edu.ch\/fr\/boutique\/formlabs-form-4-premium-teeth-resin-1l\/#local-main-organization-logo","url":"https:\/\/3d-edu.ch\/wp-content\/uploads\/2018\/10\/3d-drucker-makerbot-formlabs-professionelle-3d-drucker-e1546527990490.png","contentUrl":"https:\/\/3d-edu.ch\/wp-content\/uploads\/2018\/10\/3d-drucker-makerbot-formlabs-professionelle-3d-drucker-e1546527990490.png","width":275,"height":80,"caption":"3D-EDU GmbH"}]},"og_availability":"backorder","product_availability":"available for order","product_condition":"new","geo.placename":"Z\u00fcrich","geo.position":{"lat":"47.38413","long":"8.49812"},"geo.region":"Suisse"},"_links":{"self":[{"href":"https:\/\/3d-edu.ch\/fr\/wp-json\/wp\/v2\/product\/75797","targetHints":{"allow":["GET"]}}],"collection":[{"href":"https:\/\/3d-edu.ch\/fr\/wp-json\/wp\/v2\/product"}],"about":[{"href":"https:\/\/3d-edu.ch\/fr\/wp-json\/wp\/v2\/types\/product"}],"replies":[{"embeddable":true,"href":"https:\/\/3d-edu.ch\/fr\/wp-json\/wp\/v2\/comments?post=75797"}],"wp:featuredmedia":[{"embeddable":true,"href":"https:\/\/3d-edu.ch\/fr\/wp-json\/wp\/v2\/media\/70827"}],"wp:attachment":[{"href":"https:\/\/3d-edu.ch\/fr\/wp-json\/wp\/v2\/media?parent=75797"}],"wp:term":[{"taxonomy":"product_brand","embeddable":true,"href":"https:\/\/3d-edu.ch\/fr\/wp-json\/wp\/v2\/product_brand?post=75797"},{"taxonomy":"product_cat","embeddable":true,"href":"https:\/\/3d-edu.ch\/fr\/wp-json\/wp\/v2\/product_cat?post=75797"},{"taxonomy":"product_tag","embeddable":true,"href":"https:\/\/3d-edu.ch\/fr\/wp-json\/wp\/v2\/product_tag?post=75797"}],"curies":[{"name":"wp","href":"https:\/\/api.w.org\/{rel}","templated":true}]}}