{"id":75675,"date":"2025-04-16T12:23:51","date_gmt":"2025-04-16T12:23:51","guid":{"rendered":"https:\/\/3d-edu.ch\/shop\/imprimante-3d-ultimaker-s8\/"},"modified":"2026-04-14T16:54:49","modified_gmt":"2026-04-14T14:54:49","slug":"imprimante-3d-ultimaker-s8","status":"publish","type":"product","link":"https:\/\/3d-edu.ch\/fr\/boutique\/imprimante-3d-ultimaker-s8\/","title":{"rendered":"Imprimante 3D UltiMaker S8"},"content":{"rendered":"<h2>Imprimante 3D UltiMaker S8<\/h2>\n<p>L&rsquo;UltiMaker S8 multiplie la productivit\u00e9 par quatre par rapport au mod\u00e8le pr\u00e9c\u00e9dent, tout en am\u00e9liorant la qualit\u00e9 d&rsquo;impression \u00e0 0,15 mm \u00b1 0,15 %. Pour y parvenir, l&rsquo;UltiMaker S8 a \u00e9t\u00e9 \u00e9quip\u00e9e du planificateur de mouvements innovant UltiMaker Cheetah, de nouveaux noyaux \u00e0 haut d\u00e9bit et d&rsquo;un syst\u00e8me d&rsquo;alimentation am\u00e9lior\u00e9. <\/p>\n<p><strong>Contenu de la livraison<\/strong><\/p>\n<ul>\n<li>Imprimante 3D UltiMaker S8<\/li>\n<li>C\u00e2ble d&rsquo;alimentation suisse<\/li>\n<li>C\u00e2ble r\u00e9seau<\/li>\n<li>Guide d&rsquo;utilisation en ligne et guide de d\u00e9marrage rapide<\/li>\n<li>Cl\u00e9 USB<\/li>\n<li>Plaque interchangeable rev\u00eatue de PEI pour lit chauffant<\/li>\n<li>1 rouleau de filament PLA Tough (750g) et 1 rouleau de filament PVA Support (750g)<\/li>\n<li>Graisse, huile pour machine et cl\u00e9 Allen<\/li>\n<li>un Printcore AA+ 0.4 (mat\u00e9riaux principaux non abrasifs) et un Printcore CC+ 0.4 (mat\u00e9riaux principaux abrasifs)<\/li>\n<li>Filtre \u00e0 particules fines E10<\/li>\n<li>Carte d&rsquo;\u00e9talonnage<\/li>\n<li style=\"list-style-type: none;\">\n<\/li>\n<\/ul>\n<ul>\n<li>Logiciel de tranchage UltiMaker CURA (t\u00e9l\u00e9chargement)<\/li>\n<\/ul>\n<div class=\"accordion\">\n\t<div id=\"accordion-2008363431\" class=\"accordion-item\">\n\t\t<a id=\"accordion-2008363431-label\" class=\"accordion-title plain\" href=\"#accordion-item-plus-d&#039;informations\" aria-expanded=\"false\" aria-controls=\"accordion-2008363431-content\">\n\t\t\t<button class=\"toggle\" aria-label=\"Basculer\"><i class=\"icon-angle-down\" aria-hidden=\"true\"><\/i><\/button>\n\t\t\t<span>Plus d&#039;informations<\/span>\n\t\t<\/a>\n\t\t<div id=\"accordion-2008363431-content\" class=\"accordion-inner\" aria-labelledby=\"accordion-2008363431-label\">\n\t\t\t\n<h3>Caract\u00e9ristiques de l&rsquo;imprimante 3D UltiMaker S8<\/h3>\n<div class=\"row article-row\">\n<div class=\"col-sm-4 col-xs-12\">\n<div>\n<ul>\n<li>Impression jusqu&rsquo;\u00e0 4 fois plus rapide que son pr\u00e9d\u00e9cesseur<\/li>\n<li>Technologie de double extrusion pour les composants complexes multi-mat\u00e9riaux<\/li>\n<li>Plateforme de mat\u00e9riaux ouverte pour une flexibilit\u00e9 maximale<\/li>\n<li>Int\u00e9gration transparente des logiciels et du cloud pour une productivit\u00e9 optimale<\/li>\n<li>Qualit\u00e9 europ\u00e9enne avec plus de 10 ans d&rsquo;exp\u00e9rience<\/li>\n<li>Stockage parfait des filaments gr\u00e2ce \u00e0 un contr\u00f4le intelligent de l&rsquo;humidit\u00e9<\/li>\n<li>Optimal pour les filaments hygroscopiques (PVA et polyamides)<\/li>\n<\/ul>\n<\/div>\n<\/div>\n<\/div>\n\t\t<\/div>\n\t<\/div>\n\t\n<\/div>\n","protected":false},"excerpt":{"rendered":"<h2>Imprimante 3D UltiMaker S8<\/h2>\n<table>\n<tbody>\n<tr>\n<td>Volume de construction<\/td>\n<td>330 x 240 x 300 mm<\/td>\n<\/tr>\n<tr>\n<td>Dimensions de la machine (assembl\u00e9e)<\/td>\n<td>495 x 585 x 800 mm (LxPxH)<\/td>\n<\/tr>\n<tr>\n<td>Technologie d&rsquo;impression<\/td>\n<td>Mod\u00e9lisation par d\u00e9p\u00f4t en fusion (Fused Deposition Modeling - FDM)<\/td>\n<\/tr>\n<tr>\n<td>Diam\u00e8tre de filament compatible<\/td>\n<td>2.85 mm<\/td>\n<\/tr>\n<tr>\n<td>Poids<\/td>\n<td>30 kg<\/td>\n<\/tr>\n<tr>\n<td>Puissance maximale absorb\u00e9e<\/td>\n<td>500 W<\/td>\n<\/tr>\n<\/tbody>\n<\/table>\n","protected":false},"featured_media":72653,"comment_status":"closed","ping_status":"closed","template":"","meta":[],"product_brand":[],"product_cat":[7915,7917,8206],"product_tag":[8316,8208,8317,8313],"class_list":{"0":"post-75675","1":"product","2":"type-product","3":"status-publish","4":"has-post-thumbnail","6":"product_cat-imprimantes-3d-fr-3","7":"product_cat-imprimantes-3d-de-la-serie-s-fr","8":"product_cat-ultimaker","9":"product_tag-fdm","10":"product_tag-imprimante-3d-fdm","11":"product_tag-s8","12":"product_tag-ultimaker","14":"first","15":"onbackorder","16":"taxable","17":"shipping-taxable","18":"purchasable","19":"product-type-simple"},"yoast_head":"<!-- This site is optimized with the Yoast SEO Premium plugin v27.4 (Yoast SEO v27.4) - https:\/\/yoast.com\/product\/yoast-seo-premium-wordpress\/ -->\n<title>Imprimante 3D UltiMaker S8 %%page% commander en ligne maintenant - 3D-EDU GmbH<\/title>\n<meta name=\"description\" content=\"L&#039;UltiMaker S8 multiplie la productivit\u00e9 par quatre par rapport au mod\u00e8le pr\u00e9c\u00e9dent, tout en am\u00e9liorant la qualit\u00e9 d&#039;impression. Pour y parvenir, l&#039;UltiMaker S8 a \u00e9t\u00e9 \u00e9quip\u00e9e du planificateur de mouvements innovant UltiMaker Cheetah, de nouveaux noyaux \u00e0 haut d\u00e9bit et d&#039;un syst\u00e8me d&#039;alimentation am\u00e9lior\u00e9.\" \/>\n<meta name=\"robots\" content=\"index, follow, max-snippet:-1, max-image-preview:large, max-video-preview:-1\" \/>\n<link rel=\"canonical\" href=\"https:\/\/3d-edu.ch\/fr\/boutique\/imprimante-3d-ultimaker-s8\/\" \/>\n<meta property=\"og:locale\" content=\"fr_FR\" \/>\n<meta property=\"og:type\" content=\"article\" \/>\n<meta property=\"og:title\" content=\"Imprimante 3D UltiMaker S8\" \/>\n<meta property=\"og:description\" content=\"L&#039;UltiMaker S8 multiplie la productivit\u00e9 par quatre par rapport au mod\u00e8le pr\u00e9c\u00e9dent, tout en am\u00e9liorant la qualit\u00e9 d&#039;impression. Pour y parvenir, l&#039;UltiMaker S8 a \u00e9t\u00e9 \u00e9quip\u00e9e du planificateur de mouvements innovant UltiMaker Cheetah, de nouveaux noyaux \u00e0 haut d\u00e9bit et d&#039;un syst\u00e8me d&#039;alimentation am\u00e9lior\u00e9.\" \/>\n<meta property=\"og:url\" content=\"https:\/\/3d-edu.ch\/fr\/boutique\/imprimante-3d-ultimaker-s8\/\" \/>\n<meta property=\"og:site_name\" content=\"3D-EDU GmbH\" \/>\n<meta property=\"article:publisher\" content=\"https:\/\/www.facebook.com\/3d-educh-210277586064960\/\" \/>\n<meta property=\"article:modified_time\" content=\"2026-04-14T14:54:49+00:00\" \/>\n<meta property=\"og:image\" content=\"https:\/\/3d-edu.ch\/wp-content\/uploads\/2025\/04\/UltiMaker-S8-Pro-Bundle-3D-Printer-3D-EDU-2.jpg\" \/>\n\t<meta property=\"og:image:width\" content=\"900\" \/>\n\t<meta property=\"og:image:height\" content=\"900\" \/>\n\t<meta property=\"og:image:type\" content=\"image\/jpeg\" \/>\n<meta name=\"twitter:card\" content=\"summary_large_image\" \/>\n<meta name=\"twitter:site\" content=\"@3d_edu_ch\" \/>\n<meta name=\"twitter:label1\" content=\"Prix\" \/>\n\t<meta name=\"twitter:data1\" content=\"6&#039;507.86&nbsp;&#067;&#072;&#070; hors TVA\" \/>\n\t<meta name=\"twitter:label2\" content=\"Disponibilit\u00e9\" \/>\n\t<meta name=\"twitter:data2\" content=\"En r\u00e9assort\" \/>\n<script type=\"application\/ld+json\" class=\"yoast-schema-graph\">{\"@context\":\"https:\\\/\\\/schema.org\",\"@graph\":[{\"@type\":\"WebPage\",\"@id\":\"https:\\\/\\\/3d-edu.ch\\\/fr\\\/boutique\\\/imprimante-3d-ultimaker-s8\\\/\",\"url\":\"https:\\\/\\\/3d-edu.ch\\\/fr\\\/boutique\\\/imprimante-3d-ultimaker-s8\\\/\",\"name\":\"Imprimante 3D UltiMaker S8 %%page% commander en ligne maintenant - 3D-EDU GmbH\",\"isPartOf\":{\"@id\":\"https:\\\/\\\/3d-edu.ch\\\/fr\\\/#website\"},\"primaryImageOfPage\":{\"@id\":\"https:\\\/\\\/3d-edu.ch\\\/fr\\\/boutique\\\/imprimante-3d-ultimaker-s8\\\/#primaryimage\"},\"image\":{\"@id\":\"https:\\\/\\\/3d-edu.ch\\\/fr\\\/boutique\\\/imprimante-3d-ultimaker-s8\\\/#primaryimage\"},\"thumbnailUrl\":\"https:\\\/\\\/3d-edu.ch\\\/wp-content\\\/uploads\\\/2025\\\/04\\\/UltiMaker-S8-Pro-Bundle-3D-Printer-3D-EDU-2.jpg\",\"datePublished\":\"2025-04-16T12:23:51+00:00\",\"dateModified\":\"2026-04-14T14:54:49+00:00\",\"description\":\"L'UltiMaker S8 multiplie la productivit\u00e9 par quatre par rapport au mod\u00e8le pr\u00e9c\u00e9dent, tout en am\u00e9liorant la qualit\u00e9 d'impression. Pour y parvenir, l'UltiMaker S8 a \u00e9t\u00e9 \u00e9quip\u00e9e du planificateur de mouvements innovant UltiMaker Cheetah, de nouveaux noyaux \u00e0 haut d\u00e9bit et d'un syst\u00e8me d'alimentation am\u00e9lior\u00e9.\",\"breadcrumb\":{\"@id\":\"https:\\\/\\\/3d-edu.ch\\\/fr\\\/boutique\\\/imprimante-3d-ultimaker-s8\\\/#breadcrumb\"},\"inLanguage\":\"fr-FR\",\"potentialAction\":[{\"@type\":\"ReadAction\",\"target\":[\"https:\\\/\\\/3d-edu.ch\\\/fr\\\/boutique\\\/imprimante-3d-ultimaker-s8\\\/\"]}]},{\"@type\":\"ImageObject\",\"inLanguage\":\"fr-FR\",\"@id\":\"https:\\\/\\\/3d-edu.ch\\\/fr\\\/boutique\\\/imprimante-3d-ultimaker-s8\\\/#primaryimage\",\"url\":\"https:\\\/\\\/3d-edu.ch\\\/wp-content\\\/uploads\\\/2025\\\/04\\\/UltiMaker-S8-Pro-Bundle-3D-Printer-3D-EDU-2.jpg\",\"contentUrl\":\"https:\\\/\\\/3d-edu.ch\\\/wp-content\\\/uploads\\\/2025\\\/04\\\/UltiMaker-S8-Pro-Bundle-3D-Printer-3D-EDU-2.jpg\",\"width\":900,\"height\":900},{\"@type\":\"BreadcrumbList\",\"@id\":\"https:\\\/\\\/3d-edu.ch\\\/fr\\\/boutique\\\/imprimante-3d-ultimaker-s8\\\/#breadcrumb\",\"itemListElement\":[{\"@type\":\"ListItem\",\"position\":1,\"name\":\"Accueil\",\"item\":\"https:\\\/\\\/3d-edu.ch\\\/fr\\\/\"},{\"@type\":\"ListItem\",\"position\":2,\"name\":\"Boutique\",\"item\":\"https:\\\/\\\/3d-edu.ch\\\/fr\\\/boutique\\\/\"},{\"@type\":\"ListItem\",\"position\":3,\"name\":\"Imprimante 3D UltiMaker S8\"}]},{\"@type\":\"WebSite\",\"@id\":\"https:\\\/\\\/3d-edu.ch\\\/fr\\\/#website\",\"url\":\"https:\\\/\\\/3d-edu.ch\\\/fr\\\/\",\"name\":\"3D-EDU GmbH\",\"description\":\"Your Formlabs, UltiMaker and Raise3D Printer Support and Education Site in Switzerland. \\\/\\\/ Ihre Formlabs, UltiMaker and Raise3D Drucker Support und Bildungs Webseite der Schweiz.\",\"publisher\":{\"@id\":\"https:\\\/\\\/3d-edu.ch\\\/fr\\\/#organization\"},\"potentialAction\":[{\"@type\":\"SearchAction\",\"target\":{\"@type\":\"EntryPoint\",\"urlTemplate\":\"https:\\\/\\\/3d-edu.ch\\\/fr\\\/?s={search_term_string}\"},\"query-input\":{\"@type\":\"PropertyValueSpecification\",\"valueRequired\":true,\"valueName\":\"search_term_string\"}}],\"inLanguage\":\"fr-FR\"},{\"@type\":[\"Organization\",\"Place\",\"ElectronicsStore\"],\"@id\":\"https:\\\/\\\/3d-edu.ch\\\/fr\\\/#organization\",\"name\":\"3D-EDU GmbH\",\"url\":\"https:\\\/\\\/3d-edu.ch\\\/fr\\\/\",\"logo\":{\"@id\":\"https:\\\/\\\/3d-edu.ch\\\/fr\\\/boutique\\\/imprimante-3d-ultimaker-s8\\\/#local-main-organization-logo\"},\"image\":{\"@id\":\"https:\\\/\\\/3d-edu.ch\\\/fr\\\/boutique\\\/imprimante-3d-ultimaker-s8\\\/#local-main-organization-logo\"},\"sameAs\":[\"https:\\\/\\\/www.facebook.com\\\/3d-educh-210277586064960\\\/\",\"https:\\\/\\\/x.com\\\/3d_edu_ch\"],\"address\":{\"@id\":\"https:\\\/\\\/3d-edu.ch\\\/fr\\\/boutique\\\/imprimante-3d-ultimaker-s8\\\/#local-main-place-address\"},\"geo\":{\"@type\":\"GeoCoordinates\",\"latitude\":\"47.38413\",\"longitude\":\"8.49812\"},\"telephone\":[\"+41 44 492 11 22\"],\"openingHoursSpecification\":[{\"@type\":\"OpeningHoursSpecification\",\"dayOfWeek\":[\"Monday\",\"Tuesday\",\"Wednesday\",\"Thursday\",\"Friday\"],\"opens\":\"08:30\",\"closes\":\"18:00\"},{\"@type\":\"OpeningHoursSpecification\",\"dayOfWeek\":[\"Saturday\",\"Sunday\"],\"opens\":\"00:00\",\"closes\":\"00:00\"}],\"email\":\"info@3d-edu.ch\",\"faxNumber\":\"+41 44 492 11 23\",\"vatID\":\"CHE-184.499.491 MWST\",\"priceRange\":\"$$$\",\"currenciesAccepted\":\"CHF\"},{\"@type\":\"PostalAddress\",\"@id\":\"https:\\\/\\\/3d-edu.ch\\\/fr\\\/boutique\\\/imprimante-3d-ultimaker-s8\\\/#local-main-place-address\",\"streetAddress\":\"3D-EDU GmbH, Badenerstrasse 556\",\"addressLocality\":\"Z\u00fcrich\",\"postalCode\":\"8048\",\"addressRegion\":\"Z\u00fcrich\",\"addressCountry\":\"CH\"},{\"@type\":\"ImageObject\",\"inLanguage\":\"fr-FR\",\"@id\":\"https:\\\/\\\/3d-edu.ch\\\/fr\\\/boutique\\\/imprimante-3d-ultimaker-s8\\\/#local-main-organization-logo\",\"url\":\"https:\\\/\\\/3d-edu.ch\\\/wp-content\\\/uploads\\\/2018\\\/10\\\/3d-drucker-makerbot-formlabs-professionelle-3d-drucker-e1546527990490.png\",\"contentUrl\":\"https:\\\/\\\/3d-edu.ch\\\/wp-content\\\/uploads\\\/2018\\\/10\\\/3d-drucker-makerbot-formlabs-professionelle-3d-drucker-e1546527990490.png\",\"width\":275,\"height\":80,\"caption\":\"3D-EDU GmbH\"}]}<\/script>\n<meta property=\"product:brand\" content=\"UltiMaker\" \/>\n<meta property=\"product:price:amount\" content=\"6507.86\" \/>\n<meta property=\"product:price:currency\" content=\"CHF\" \/>\n<meta property=\"og:availability\" content=\"backorder\" \/>\n<meta property=\"product:availability\" content=\"available for order\" \/>\n<meta property=\"product:retailer_item_id\" content=\"PRUM-1007\" \/>\n<meta property=\"product:condition\" content=\"new\" \/>\n<meta name=\"geo.placename\" content=\"Z\u00fcrich\" \/>\n<meta name=\"geo.position\" content=\"47.38413;8.49812\" \/>\n<meta name=\"geo.region\" content=\"Suisse\" \/>\n<!-- \/ Yoast SEO Premium plugin. -->","yoast_head_json":{"title":"Imprimante 3D UltiMaker S8 %%page% commander en ligne maintenant - 3D-EDU GmbH","description":"L'UltiMaker S8 multiplie la productivit\u00e9 par quatre par rapport au mod\u00e8le pr\u00e9c\u00e9dent, tout en am\u00e9liorant la qualit\u00e9 d'impression. Pour y parvenir, l'UltiMaker S8 a \u00e9t\u00e9 \u00e9quip\u00e9e du planificateur de mouvements innovant UltiMaker Cheetah, de nouveaux noyaux \u00e0 haut d\u00e9bit et d'un syst\u00e8me d'alimentation am\u00e9lior\u00e9.","robots":{"index":"index","follow":"follow","max-snippet":"max-snippet:-1","max-image-preview":"max-image-preview:large","max-video-preview":"max-video-preview:-1"},"canonical":"https:\/\/3d-edu.ch\/fr\/boutique\/imprimante-3d-ultimaker-s8\/","og_locale":"fr_FR","og_type":"article","og_title":"Imprimante 3D UltiMaker S8","og_description":"L'UltiMaker S8 multiplie la productivit\u00e9 par quatre par rapport au mod\u00e8le pr\u00e9c\u00e9dent, tout en am\u00e9liorant la qualit\u00e9 d'impression. Pour y parvenir, l'UltiMaker S8 a \u00e9t\u00e9 \u00e9quip\u00e9e du planificateur de mouvements innovant UltiMaker Cheetah, de nouveaux noyaux \u00e0 haut d\u00e9bit et d'un syst\u00e8me d'alimentation am\u00e9lior\u00e9.","og_url":"https:\/\/3d-edu.ch\/fr\/boutique\/imprimante-3d-ultimaker-s8\/","og_site_name":"3D-EDU GmbH","article_publisher":"https:\/\/www.facebook.com\/3d-educh-210277586064960\/","article_modified_time":"2026-04-14T14:54:49+00:00","og_image":[{"width":900,"height":900,"url":"https:\/\/3d-edu.ch\/wp-content\/uploads\/2025\/04\/UltiMaker-S8-Pro-Bundle-3D-Printer-3D-EDU-2.jpg","type":"image\/jpeg"}],"twitter_card":"summary_large_image","twitter_site":"@3d_edu_ch","twitter_misc":{"Prix":"6'507.86&nbsp;&#67;&#72;&#70; hors TVA","Disponibilit\u00e9":"En r\u00e9assort"},"schema":{"@context":"https:\/\/schema.org","@graph":[{"@type":"WebPage","@id":"https:\/\/3d-edu.ch\/fr\/boutique\/imprimante-3d-ultimaker-s8\/","url":"https:\/\/3d-edu.ch\/fr\/boutique\/imprimante-3d-ultimaker-s8\/","name":"Imprimante 3D UltiMaker S8 %%page% commander en ligne maintenant - 3D-EDU GmbH","isPartOf":{"@id":"https:\/\/3d-edu.ch\/fr\/#website"},"primaryImageOfPage":{"@id":"https:\/\/3d-edu.ch\/fr\/boutique\/imprimante-3d-ultimaker-s8\/#primaryimage"},"image":{"@id":"https:\/\/3d-edu.ch\/fr\/boutique\/imprimante-3d-ultimaker-s8\/#primaryimage"},"thumbnailUrl":"https:\/\/3d-edu.ch\/wp-content\/uploads\/2025\/04\/UltiMaker-S8-Pro-Bundle-3D-Printer-3D-EDU-2.jpg","datePublished":"2025-04-16T12:23:51+00:00","dateModified":"2026-04-14T14:54:49+00:00","description":"L'UltiMaker S8 multiplie la productivit\u00e9 par quatre par rapport au mod\u00e8le pr\u00e9c\u00e9dent, tout en am\u00e9liorant la qualit\u00e9 d'impression. Pour y parvenir, l'UltiMaker S8 a \u00e9t\u00e9 \u00e9quip\u00e9e du planificateur de mouvements innovant UltiMaker Cheetah, de nouveaux noyaux \u00e0 haut d\u00e9bit et d'un syst\u00e8me d'alimentation am\u00e9lior\u00e9.","breadcrumb":{"@id":"https:\/\/3d-edu.ch\/fr\/boutique\/imprimante-3d-ultimaker-s8\/#breadcrumb"},"inLanguage":"fr-FR","potentialAction":[{"@type":"ReadAction","target":["https:\/\/3d-edu.ch\/fr\/boutique\/imprimante-3d-ultimaker-s8\/"]}]},{"@type":"ImageObject","inLanguage":"fr-FR","@id":"https:\/\/3d-edu.ch\/fr\/boutique\/imprimante-3d-ultimaker-s8\/#primaryimage","url":"https:\/\/3d-edu.ch\/wp-content\/uploads\/2025\/04\/UltiMaker-S8-Pro-Bundle-3D-Printer-3D-EDU-2.jpg","contentUrl":"https:\/\/3d-edu.ch\/wp-content\/uploads\/2025\/04\/UltiMaker-S8-Pro-Bundle-3D-Printer-3D-EDU-2.jpg","width":900,"height":900},{"@type":"BreadcrumbList","@id":"https:\/\/3d-edu.ch\/fr\/boutique\/imprimante-3d-ultimaker-s8\/#breadcrumb","itemListElement":[{"@type":"ListItem","position":1,"name":"Accueil","item":"https:\/\/3d-edu.ch\/fr\/"},{"@type":"ListItem","position":2,"name":"Boutique","item":"https:\/\/3d-edu.ch\/fr\/boutique\/"},{"@type":"ListItem","position":3,"name":"Imprimante 3D UltiMaker S8"}]},{"@type":"WebSite","@id":"https:\/\/3d-edu.ch\/fr\/#website","url":"https:\/\/3d-edu.ch\/fr\/","name":"3D-EDU GmbH","description":"Your Formlabs, UltiMaker and Raise3D Printer Support and Education Site in Switzerland. \/\/ Ihre Formlabs, UltiMaker and Raise3D Drucker Support und Bildungs Webseite der Schweiz.","publisher":{"@id":"https:\/\/3d-edu.ch\/fr\/#organization"},"potentialAction":[{"@type":"SearchAction","target":{"@type":"EntryPoint","urlTemplate":"https:\/\/3d-edu.ch\/fr\/?s={search_term_string}"},"query-input":{"@type":"PropertyValueSpecification","valueRequired":true,"valueName":"search_term_string"}}],"inLanguage":"fr-FR"},{"@type":["Organization","Place","ElectronicsStore"],"@id":"https:\/\/3d-edu.ch\/fr\/#organization","name":"3D-EDU GmbH","url":"https:\/\/3d-edu.ch\/fr\/","logo":{"@id":"https:\/\/3d-edu.ch\/fr\/boutique\/imprimante-3d-ultimaker-s8\/#local-main-organization-logo"},"image":{"@id":"https:\/\/3d-edu.ch\/fr\/boutique\/imprimante-3d-ultimaker-s8\/#local-main-organization-logo"},"sameAs":["https:\/\/www.facebook.com\/3d-educh-210277586064960\/","https:\/\/x.com\/3d_edu_ch"],"address":{"@id":"https:\/\/3d-edu.ch\/fr\/boutique\/imprimante-3d-ultimaker-s8\/#local-main-place-address"},"geo":{"@type":"GeoCoordinates","latitude":"47.38413","longitude":"8.49812"},"telephone":["+41 44 492 11 22"],"openingHoursSpecification":[{"@type":"OpeningHoursSpecification","dayOfWeek":["Monday","Tuesday","Wednesday","Thursday","Friday"],"opens":"08:30","closes":"18:00"},{"@type":"OpeningHoursSpecification","dayOfWeek":["Saturday","Sunday"],"opens":"00:00","closes":"00:00"}],"email":"info@3d-edu.ch","faxNumber":"+41 44 492 11 23","vatID":"CHE-184.499.491 MWST","priceRange":"$$$","currenciesAccepted":"CHF"},{"@type":"PostalAddress","@id":"https:\/\/3d-edu.ch\/fr\/boutique\/imprimante-3d-ultimaker-s8\/#local-main-place-address","streetAddress":"3D-EDU GmbH, Badenerstrasse 556","addressLocality":"Z\u00fcrich","postalCode":"8048","addressRegion":"Z\u00fcrich","addressCountry":"CH"},{"@type":"ImageObject","inLanguage":"fr-FR","@id":"https:\/\/3d-edu.ch\/fr\/boutique\/imprimante-3d-ultimaker-s8\/#local-main-organization-logo","url":"https:\/\/3d-edu.ch\/wp-content\/uploads\/2018\/10\/3d-drucker-makerbot-formlabs-professionelle-3d-drucker-e1546527990490.png","contentUrl":"https:\/\/3d-edu.ch\/wp-content\/uploads\/2018\/10\/3d-drucker-makerbot-formlabs-professionelle-3d-drucker-e1546527990490.png","width":275,"height":80,"caption":"3D-EDU GmbH"}]},"product_brand":"UltiMaker","product_price_amount":"6507.86","product_price_currency":"CHF","og_availability":"backorder","product_availability":"available for order","product_retailer_item_id":"PRUM-1007","product_condition":"new","geo.placename":"Z\u00fcrich","geo.position":{"lat":"47.38413","long":"8.49812"},"geo.region":"Suisse"},"_links":{"self":[{"href":"https:\/\/3d-edu.ch\/fr\/wp-json\/wp\/v2\/product\/75675","targetHints":{"allow":["GET"]}}],"collection":[{"href":"https:\/\/3d-edu.ch\/fr\/wp-json\/wp\/v2\/product"}],"about":[{"href":"https:\/\/3d-edu.ch\/fr\/wp-json\/wp\/v2\/types\/product"}],"replies":[{"embeddable":true,"href":"https:\/\/3d-edu.ch\/fr\/wp-json\/wp\/v2\/comments?post=75675"}],"wp:featuredmedia":[{"embeddable":true,"href":"https:\/\/3d-edu.ch\/fr\/wp-json\/wp\/v2\/media\/72653"}],"wp:attachment":[{"href":"https:\/\/3d-edu.ch\/fr\/wp-json\/wp\/v2\/media?parent=75675"}],"wp:term":[{"taxonomy":"product_brand","embeddable":true,"href":"https:\/\/3d-edu.ch\/fr\/wp-json\/wp\/v2\/product_brand?post=75675"},{"taxonomy":"product_cat","embeddable":true,"href":"https:\/\/3d-edu.ch\/fr\/wp-json\/wp\/v2\/product_cat?post=75675"},{"taxonomy":"product_tag","embeddable":true,"href":"https:\/\/3d-edu.ch\/fr\/wp-json\/wp\/v2\/product_tag?post=75675"}],"curies":[{"name":"wp","href":"https:\/\/api.w.org\/{rel}","templated":true}]}}