{"id":75665,"date":"2025-04-02T09:30:56","date_gmt":"2025-04-02T09:30:56","guid":{"rendered":"https:\/\/3d-edu.ch\/shop\/peel-3-pro-cad\/"},"modified":"2026-05-11T11:00:34","modified_gmt":"2026-05-11T09:00:34","slug":"peel-3-pro-cad","status":"publish","type":"product","link":"https:\/\/3d-edu.ch\/fr\/boutique\/peel-3-pro-cad\/","title":{"rendered":"peel 3 Pro.CAD"},"content":{"rendered":"<h2>peel 3 Pro.CAD Kit de num\u00e9risation 3D<\/h2>\n<p><strong>Le package de num\u00e9risation 3D peel 3 Pro.CAD comprend :<\/strong><\/p>\n<ul>\n<li>peel 3 scanner 3D<\/li>\n<li>Logiciel de retour de surface peel.CAD Pro<\/li>\n<li>Logiciel d&rsquo;acquisition de donn\u00e9es peel.OS<\/li>\n<li>Licence permanente &amp; mises \u00e0 jour du logiciel<\/li>\n<li>Autocollant de positionnement<\/li>\n<li>Plaque d&rsquo;\u00e9talonnage<\/li>\n<li>Mallette de transport l\u00e9g\u00e8re en mousse<\/li>\n<li>Alimentation 24 V avec adaptateur de prise locale<\/li>\n<li>C\u00e2ble USB 3.0 (4m)<\/li>\n<li>Acc\u00e8s \u00e0 la base de connaissances via l&rsquo;espace client<\/li>\n<li>1 an de garantie pi\u00e8ces et main-d&rsquo;\u0153uvre, mises \u00e0 jour logicielles et support technique<\/li>\n<\/ul>\n","protected":false},"excerpt":{"rendered":"<h2>peel 3 Pro.CAD Kit de num\u00e9risation 3D<\/h2>\n<p>Avec le nouveau Peel 3 Pro.CAD, la num\u00e9risation 3D et la cr\u00e9ation de mod\u00e8les CAO deviennent instantan\u00e9ment un jeu d&rsquo;enfant. Ce logiciel innovant vous permet de convertir facilement les donn\u00e9es de num\u00e9risation en mod\u00e8les CAO pr\u00e9cis et pr\u00eats \u00e0 l&rsquo;emploi, ce qui vous fait gagner du temps et r\u00e9duit les retouches. <\/p>\n<p>Con\u00e7u pour les projets de r\u00e9tro-ing\u00e9nierie, de conception de produits et de MRO, Peel.CAD Pro offre des outils puissants tels que des fonctions avanc\u00e9es d&rsquo;esquisse et de mod\u00e9lisation. Quel que soit le niveau de connaissance, cette solution permet aux techniciens d&rsquo;effectuer des analyses en temps r\u00e9el pour comparer les mod\u00e8les 3D aux donn\u00e9es num\u00e9ris\u00e9es originales. <\/p>\n<p>Fabriqu\u00e9 au Canada et exploit\u00e9 par Creaform, vous avez l&rsquo;assurance d&rsquo;investir dans un scanner 3D haut de gamme.<\/p>\n<p>Le scanner 3D Peel 3 est un v\u00e9ritable multitalent \u00e0 tous points de vue. Vous serez enthousiasm\u00e9 par ses performances pour son prix : design ergonomique repens\u00e9, \u00e9cran tactile multifonctions intuitif, premi\u00e8re communication haptique avec l&rsquo;utilisateur par vibration de l&rsquo;industrie, r\u00e9solution am\u00e9lior\u00e9e, performances accrues pour les objets et les couleurs complexes et logiciel d&rsquo;acquisition de donn\u00e9es inclus. <\/p>\n<p><strong>Comparer les fonctionnalit\u00e9s des diff\u00e9rentes applications Peel3 :<\/strong><\/p>\n<table style=\"height: 274px;\" width=\"577\">\n<thead>\n<tr>\n<th>Fonctionnalit\u00e9<\/th>\n<th>Peel 3<\/th>\n<th>Peel 3.CAD<\/th>\n<th>Peel3.CAD Pro<\/th>\n<\/tr>\n<\/thead>\n<tbody>\n<tr>\n<td style=\"text-align: left;\">Scan<\/td>\n<td><strong><span style=\"color: #00a859;\">\u2713<\/span><\/strong><\/td>\n<td><strong><span style=\"color: #00a859;\">\u2713<\/span><\/strong><\/td>\n<td><strong><span style=\"color: #00a859;\">\u2713<\/span><\/strong><\/td>\n<\/tr>\n<tr>\n<td>Align<\/td>\n<td>Basic<\/td>\n<td><span style=\"color: #00a859;\">Complete<\/span><\/td>\n<td><span style=\"color: #00a859;\">Complete<\/span><\/td>\n<\/tr>\n<tr>\n<td>Am\u00e9liorer<\/td>\n<td>Basic<\/td>\n<td><span style=\"color: #00a859;\">Complete<\/span><\/td>\n<td><span style=\"color: #00a859;\">Complete<\/span><\/td>\n<\/tr>\n<tr>\n<td>Extraire &amp; Mesurer<\/td>\n<td><span style=\"color: #ed1c24;\"><strong>X<\/strong><\/span><\/td>\n<td><strong><span style=\"color: #00a859;\">\u2713<\/span><\/strong><\/td>\n<td><strong><span style=\"color: #00a859;\">\u2713<\/span><\/strong><\/td>\n<\/tr>\n<tr>\n<td>Sketching<\/td>\n<td><span style=\"color: #ed1c24;\"><strong>X<\/strong><\/span><\/td>\n<td><span style=\"color: #ed1c24;\"><strong>X<\/strong><\/span><\/td>\n<td><strong><span style=\"color: #00a859;\">\u2713<\/span><\/strong><\/td>\n<\/tr>\n<tr>\n<td>Mod\u00e9lisation<\/td>\n<td><span style=\"color: #ed1c24;\"><strong>X<\/strong><\/span><\/td>\n<td><span style=\"color: #ed1c24;\"><strong>X<\/strong><\/span><\/td>\n<td><strong><span style=\"color: #00a859;\">\u2713<\/span><\/strong><\/td>\n<\/tr>\n<tr>\n<td>Cr\u00e9ation de mod\u00e8les CAO<\/td>\n<td><span style=\"color: #ed1c24;\"><strong>X<\/strong><\/span><\/td>\n<td><span style=\"color: #ed1c24;\"><strong>X<\/strong><\/span><\/td>\n<td><strong><span style=\"color: #00a859;\">\u2713<\/span><\/strong><\/td>\n<\/tr>\n<tr>\n<td>Importation<\/td>\n<td>Fichier Peel\/Creaform<\/td>\n<td>Fichier Peel\/Creaform<\/td>\n<td><span style=\"color: #00a859;\">Fichier Peel\/Creaform<\/span><br \/>\n<span style=\"color: #00a859;\">STL<\/span><br \/>\n<span style=\"color: #00a859;\">Mod\u00e8le CAO 3D<\/span><\/td>\n<\/tr>\n<tr>\n<td>Exportation<\/td>\n<td>Mesh<\/td>\n<td>Mesh<br \/>\nTransfert d&rsquo;entit\u00e9s vers la CAO<\/td>\n<td><span style=\"color: #00a859;\">Maille<\/span><br \/>\n<span style=\"color: #00a859;\">Transfert d&rsquo;entit\u00e9s vers la CAO<\/span><br \/>\n<span style=\"color: #00a859;\">Mod\u00e8le CAO 3D<\/span><br \/>\n<span style=\"color: #00a859;\">Ligne de temps de mod\u00e9lisation vers Solidworks<\/span><\/td>\n<\/tr>\n<tr>\n<td>Formats d&rsquo;exportation<\/td>\n<td>.dae, .fbx, .ma, .obj, .ply, .stl, .txt, .wrl, .x3d, .x3dz, .zpr, .dxf, .3mf, .iges (1)(2), .step (1)(2)<\/td>\n<\/tr>\n<\/tbody>\n<\/table>\n<p><span style=\"font-size: 75%;\">(1) Uniquement pour Peel 3.CAD<\/span><br \/>\n<span style=\"font-size: 75%;\">(2) Uniquement pour Peel 3 Pro.CAD<\/span><\/p>\n","protected":false},"featured_media":72403,"comment_status":"closed","ping_status":"closed","template":"","meta":[],"product_brand":[],"product_cat":[10378,10508],"product_tag":[8284,8310,8282,8285,8309,8286,8287,8283],"class_list":{"0":"post-75665","1":"product","2":"type-product","3":"status-publish","4":"has-post-thumbnail","6":"product_cat-peel-3d","7":"product_cat-scanner-3d-peel-3d","8":"product_tag-cad","9":"product_tag-cad-pro","10":"product_tag-peel-3","11":"product_tag-peel-cad","12":"product_tag-peel-cad-pro","13":"product_tag-peel-os","14":"product_tag-peel3d","15":"product_tag-scanners-3d","17":"first","18":"instock","19":"taxable","20":"shipping-taxable","21":"purchasable","22":"product-type-simple"},"yoast_head":"<!-- This site is optimized with the Yoast SEO Premium plugin v27.5 (Yoast SEO v27.5) - https:\/\/yoast.com\/product\/yoast-seo-premium-wordpress\/ -->\n<title>peel 3 Pro.CAD - La solution de num\u00e9risation 3D scan-to-CAD - 3D-EDU<\/title>\n<meta name=\"description\" content=\"Le scanner 3D Peel3 avec le logiciel Peel.CAD Pro constitue une solution de scan-to-CAD &amp; vous permet de faire de la r\u00e9tro-ing\u00e9nierie dans un seul logiciel.\" \/>\n<meta name=\"robots\" content=\"index, follow, max-snippet:-1, max-image-preview:large, max-video-preview:-1\" \/>\n<link rel=\"canonical\" href=\"https:\/\/3d-edu.ch\/fr\/boutique\/peel-3-pro-cad\/\" \/>\n<meta property=\"og:locale\" content=\"fr_FR\" \/>\n<meta property=\"og:type\" content=\"article\" \/>\n<meta property=\"og:title\" content=\"peel 3 Pro.CAD\" \/>\n<meta property=\"og:description\" content=\"Le scanner 3D Peel3 avec le logiciel Peel.CAD Pro constitue une solution de scan-to-CAD &amp; vous permet de faire de la r\u00e9tro-ing\u00e9nierie dans un seul logiciel.\" \/>\n<meta property=\"og:url\" content=\"https:\/\/3d-edu.ch\/fr\/boutique\/peel-3-pro-cad\/\" \/>\n<meta property=\"og:site_name\" content=\"3D-EDU GmbH\" \/>\n<meta property=\"article:publisher\" content=\"https:\/\/www.facebook.com\/3d-educh-210277586064960\/\" \/>\n<meta property=\"article:modified_time\" content=\"2026-05-11T09:00:34+00:00\" \/>\n<meta property=\"og:image\" content=\"https:\/\/3d-edu.ch\/wp-content\/uploads\/2025\/04\/peel-3-CAD-pro-3d-scanner-package-1.jpg\" \/>\n\t<meta property=\"og:image:width\" content=\"500\" \/>\n\t<meta property=\"og:image:height\" content=\"500\" \/>\n\t<meta property=\"og:image:type\" content=\"image\/jpeg\" \/>\n<meta name=\"twitter:card\" content=\"summary_large_image\" \/>\n<meta name=\"twitter:site\" content=\"@3d_edu_ch\" \/>\n<meta name=\"twitter:label1\" content=\"Prix\" \/>\n\t<meta name=\"twitter:data1\" content=\"11&#039;813.95&nbsp;&#067;&#072;&#070; hors TVA\" \/>\n\t<meta name=\"twitter:label2\" content=\"Disponibilit\u00e9\" \/>\n\t<meta name=\"twitter:data2\" content=\"En stock\" \/>\n<script type=\"application\/ld+json\" class=\"yoast-schema-graph\">{\"@context\":\"https:\\\/\\\/schema.org\",\"@graph\":[{\"@type\":\"WebPage\",\"@id\":\"https:\\\/\\\/3d-edu.ch\\\/fr\\\/boutique\\\/peel-3-pro-cad\\\/\",\"url\":\"https:\\\/\\\/3d-edu.ch\\\/fr\\\/boutique\\\/peel-3-pro-cad\\\/\",\"name\":\"peel 3 Pro.CAD - La solution de num\u00e9risation 3D scan-to-CAD - 3D-EDU\",\"isPartOf\":{\"@id\":\"https:\\\/\\\/3d-edu.ch\\\/fr\\\/#website\"},\"primaryImageOfPage\":{\"@id\":\"https:\\\/\\\/3d-edu.ch\\\/fr\\\/boutique\\\/peel-3-pro-cad\\\/#primaryimage\"},\"image\":{\"@id\":\"https:\\\/\\\/3d-edu.ch\\\/fr\\\/boutique\\\/peel-3-pro-cad\\\/#primaryimage\"},\"thumbnailUrl\":\"https:\\\/\\\/3d-edu.ch\\\/wp-content\\\/uploads\\\/2025\\\/04\\\/peel-3-CAD-pro-3d-scanner-package-1.jpg\",\"datePublished\":\"2025-04-02T09:30:56+00:00\",\"dateModified\":\"2026-05-11T09:00:34+00:00\",\"description\":\"Le scanner 3D Peel3 avec le logiciel Peel.CAD Pro constitue une solution de scan-to-CAD & vous permet de faire de la r\u00e9tro-ing\u00e9nierie dans un seul logiciel.\",\"breadcrumb\":{\"@id\":\"https:\\\/\\\/3d-edu.ch\\\/fr\\\/boutique\\\/peel-3-pro-cad\\\/#breadcrumb\"},\"inLanguage\":\"fr-FR\",\"potentialAction\":[{\"@type\":\"ReadAction\",\"target\":[\"https:\\\/\\\/3d-edu.ch\\\/fr\\\/boutique\\\/peel-3-pro-cad\\\/\"]}]},{\"@type\":\"ImageObject\",\"inLanguage\":\"fr-FR\",\"@id\":\"https:\\\/\\\/3d-edu.ch\\\/fr\\\/boutique\\\/peel-3-pro-cad\\\/#primaryimage\",\"url\":\"https:\\\/\\\/3d-edu.ch\\\/wp-content\\\/uploads\\\/2025\\\/04\\\/peel-3-CAD-pro-3d-scanner-package-1.jpg\",\"contentUrl\":\"https:\\\/\\\/3d-edu.ch\\\/wp-content\\\/uploads\\\/2025\\\/04\\\/peel-3-CAD-pro-3d-scanner-package-1.jpg\",\"width\":500,\"height\":500},{\"@type\":\"BreadcrumbList\",\"@id\":\"https:\\\/\\\/3d-edu.ch\\\/fr\\\/boutique\\\/peel-3-pro-cad\\\/#breadcrumb\",\"itemListElement\":[{\"@type\":\"ListItem\",\"position\":1,\"name\":\"Accueil\",\"item\":\"https:\\\/\\\/3d-edu.ch\\\/fr\\\/\"},{\"@type\":\"ListItem\",\"position\":2,\"name\":\"Boutique\",\"item\":\"https:\\\/\\\/3d-edu.ch\\\/fr\\\/boutique\\\/\"},{\"@type\":\"ListItem\",\"position\":3,\"name\":\"peel 3 Pro.CAD\"}]},{\"@type\":\"WebSite\",\"@id\":\"https:\\\/\\\/3d-edu.ch\\\/fr\\\/#website\",\"url\":\"https:\\\/\\\/3d-edu.ch\\\/fr\\\/\",\"name\":\"3D-EDU GmbH\",\"description\":\"Your Formlabs, UltiMaker and Raise3D Printer Support and Education Site in Switzerland. \\\/\\\/ Ihre Formlabs, UltiMaker and Raise3D Drucker Support und Bildungs Webseite der Schweiz.\",\"publisher\":{\"@id\":\"https:\\\/\\\/3d-edu.ch\\\/fr\\\/#organization\"},\"potentialAction\":[{\"@type\":\"SearchAction\",\"target\":{\"@type\":\"EntryPoint\",\"urlTemplate\":\"https:\\\/\\\/3d-edu.ch\\\/fr\\\/?s={search_term_string}\"},\"query-input\":{\"@type\":\"PropertyValueSpecification\",\"valueRequired\":true,\"valueName\":\"search_term_string\"}}],\"inLanguage\":\"fr-FR\"},{\"@type\":[\"Organization\",\"Place\",\"ElectronicsStore\"],\"@id\":\"https:\\\/\\\/3d-edu.ch\\\/fr\\\/#organization\",\"name\":\"3D-EDU GmbH\",\"url\":\"https:\\\/\\\/3d-edu.ch\\\/fr\\\/\",\"logo\":{\"@id\":\"https:\\\/\\\/3d-edu.ch\\\/fr\\\/boutique\\\/peel-3-pro-cad\\\/#local-main-organization-logo\"},\"image\":{\"@id\":\"https:\\\/\\\/3d-edu.ch\\\/fr\\\/boutique\\\/peel-3-pro-cad\\\/#local-main-organization-logo\"},\"sameAs\":[\"https:\\\/\\\/www.facebook.com\\\/3d-educh-210277586064960\\\/\",\"https:\\\/\\\/x.com\\\/3d_edu_ch\"],\"address\":{\"@id\":\"https:\\\/\\\/3d-edu.ch\\\/fr\\\/boutique\\\/peel-3-pro-cad\\\/#local-main-place-address\"},\"geo\":{\"@type\":\"GeoCoordinates\",\"latitude\":\"47.38413\",\"longitude\":\"8.49812\"},\"telephone\":[\"+41 44 492 11 22\"],\"openingHoursSpecification\":[{\"@type\":\"OpeningHoursSpecification\",\"dayOfWeek\":[\"Monday\",\"Tuesday\",\"Wednesday\",\"Thursday\",\"Friday\"],\"opens\":\"08:30\",\"closes\":\"18:00\"},{\"@type\":\"OpeningHoursSpecification\",\"dayOfWeek\":[\"Saturday\",\"Sunday\"],\"opens\":\"00:00\",\"closes\":\"00:00\"}],\"email\":\"info@3d-edu.ch\",\"faxNumber\":\"+41 44 492 11 23\",\"vatID\":\"CHE-184.499.491 MWST\",\"priceRange\":\"$$$\",\"currenciesAccepted\":\"CHF\"},{\"@type\":\"PostalAddress\",\"@id\":\"https:\\\/\\\/3d-edu.ch\\\/fr\\\/boutique\\\/peel-3-pro-cad\\\/#local-main-place-address\",\"streetAddress\":\"3D-EDU GmbH, Badenerstrasse 556\",\"addressLocality\":\"Z\u00fcrich\",\"postalCode\":\"8048\",\"addressRegion\":\"Z\u00fcrich\",\"addressCountry\":\"CH\"},{\"@type\":\"ImageObject\",\"inLanguage\":\"fr-FR\",\"@id\":\"https:\\\/\\\/3d-edu.ch\\\/fr\\\/boutique\\\/peel-3-pro-cad\\\/#local-main-organization-logo\",\"url\":\"https:\\\/\\\/3d-edu.ch\\\/wp-content\\\/uploads\\\/2018\\\/10\\\/3d-drucker-makerbot-formlabs-professionelle-3d-drucker-e1546527990490.png\",\"contentUrl\":\"https:\\\/\\\/3d-edu.ch\\\/wp-content\\\/uploads\\\/2018\\\/10\\\/3d-drucker-makerbot-formlabs-professionelle-3d-drucker-e1546527990490.png\",\"width\":275,\"height\":80,\"caption\":\"3D-EDU GmbH\"}]}<\/script>\n<meta property=\"product:brand\" content=\"Peel 3D\" \/>\n<meta property=\"product:price:amount\" content=\"11813.95\" \/>\n<meta property=\"product:price:currency\" content=\"CHF\" \/>\n<meta property=\"og:availability\" content=\"instock\" \/>\n<meta property=\"product:availability\" content=\"instock\" \/>\n<meta property=\"product:retailer_item_id\" content=\"SYS-P3D-P3-CAD-PRO\" \/>\n<meta property=\"product:condition\" content=\"new\" \/>\n<meta name=\"geo.placename\" content=\"Z\u00fcrich\" \/>\n<meta name=\"geo.position\" content=\"47.38413;8.49812\" \/>\n<meta name=\"geo.region\" content=\"Suisse\" \/>\n<!-- \/ Yoast SEO Premium plugin. -->","yoast_head_json":{"title":"peel 3 Pro.CAD - La solution de num\u00e9risation 3D scan-to-CAD - 3D-EDU","description":"Le scanner 3D Peel3 avec le logiciel Peel.CAD Pro constitue une solution de scan-to-CAD & vous permet de faire de la r\u00e9tro-ing\u00e9nierie dans un seul logiciel.","robots":{"index":"index","follow":"follow","max-snippet":"max-snippet:-1","max-image-preview":"max-image-preview:large","max-video-preview":"max-video-preview:-1"},"canonical":"https:\/\/3d-edu.ch\/fr\/boutique\/peel-3-pro-cad\/","og_locale":"fr_FR","og_type":"article","og_title":"peel 3 Pro.CAD","og_description":"Le scanner 3D Peel3 avec le logiciel Peel.CAD Pro constitue une solution de scan-to-CAD & vous permet de faire de la r\u00e9tro-ing\u00e9nierie dans un seul logiciel.","og_url":"https:\/\/3d-edu.ch\/fr\/boutique\/peel-3-pro-cad\/","og_site_name":"3D-EDU GmbH","article_publisher":"https:\/\/www.facebook.com\/3d-educh-210277586064960\/","article_modified_time":"2026-05-11T09:00:34+00:00","og_image":[{"width":500,"height":500,"url":"https:\/\/3d-edu.ch\/wp-content\/uploads\/2025\/04\/peel-3-CAD-pro-3d-scanner-package-1.jpg","type":"image\/jpeg"}],"twitter_card":"summary_large_image","twitter_site":"@3d_edu_ch","twitter_misc":{"Prix":"11'813.95&nbsp;&#67;&#72;&#70; hors TVA","Disponibilit\u00e9":"En stock"},"schema":{"@context":"https:\/\/schema.org","@graph":[{"@type":"WebPage","@id":"https:\/\/3d-edu.ch\/fr\/boutique\/peel-3-pro-cad\/","url":"https:\/\/3d-edu.ch\/fr\/boutique\/peel-3-pro-cad\/","name":"peel 3 Pro.CAD - La solution de num\u00e9risation 3D scan-to-CAD - 3D-EDU","isPartOf":{"@id":"https:\/\/3d-edu.ch\/fr\/#website"},"primaryImageOfPage":{"@id":"https:\/\/3d-edu.ch\/fr\/boutique\/peel-3-pro-cad\/#primaryimage"},"image":{"@id":"https:\/\/3d-edu.ch\/fr\/boutique\/peel-3-pro-cad\/#primaryimage"},"thumbnailUrl":"https:\/\/3d-edu.ch\/wp-content\/uploads\/2025\/04\/peel-3-CAD-pro-3d-scanner-package-1.jpg","datePublished":"2025-04-02T09:30:56+00:00","dateModified":"2026-05-11T09:00:34+00:00","description":"Le scanner 3D Peel3 avec le logiciel Peel.CAD Pro constitue une solution de scan-to-CAD & vous permet de faire de la r\u00e9tro-ing\u00e9nierie dans un seul logiciel.","breadcrumb":{"@id":"https:\/\/3d-edu.ch\/fr\/boutique\/peel-3-pro-cad\/#breadcrumb"},"inLanguage":"fr-FR","potentialAction":[{"@type":"ReadAction","target":["https:\/\/3d-edu.ch\/fr\/boutique\/peel-3-pro-cad\/"]}]},{"@type":"ImageObject","inLanguage":"fr-FR","@id":"https:\/\/3d-edu.ch\/fr\/boutique\/peel-3-pro-cad\/#primaryimage","url":"https:\/\/3d-edu.ch\/wp-content\/uploads\/2025\/04\/peel-3-CAD-pro-3d-scanner-package-1.jpg","contentUrl":"https:\/\/3d-edu.ch\/wp-content\/uploads\/2025\/04\/peel-3-CAD-pro-3d-scanner-package-1.jpg","width":500,"height":500},{"@type":"BreadcrumbList","@id":"https:\/\/3d-edu.ch\/fr\/boutique\/peel-3-pro-cad\/#breadcrumb","itemListElement":[{"@type":"ListItem","position":1,"name":"Accueil","item":"https:\/\/3d-edu.ch\/fr\/"},{"@type":"ListItem","position":2,"name":"Boutique","item":"https:\/\/3d-edu.ch\/fr\/boutique\/"},{"@type":"ListItem","position":3,"name":"peel 3 Pro.CAD"}]},{"@type":"WebSite","@id":"https:\/\/3d-edu.ch\/fr\/#website","url":"https:\/\/3d-edu.ch\/fr\/","name":"3D-EDU GmbH","description":"Your Formlabs, UltiMaker and Raise3D Printer Support and Education Site in Switzerland. \/\/ Ihre Formlabs, UltiMaker and Raise3D Drucker Support und Bildungs Webseite der Schweiz.","publisher":{"@id":"https:\/\/3d-edu.ch\/fr\/#organization"},"potentialAction":[{"@type":"SearchAction","target":{"@type":"EntryPoint","urlTemplate":"https:\/\/3d-edu.ch\/fr\/?s={search_term_string}"},"query-input":{"@type":"PropertyValueSpecification","valueRequired":true,"valueName":"search_term_string"}}],"inLanguage":"fr-FR"},{"@type":["Organization","Place","ElectronicsStore"],"@id":"https:\/\/3d-edu.ch\/fr\/#organization","name":"3D-EDU GmbH","url":"https:\/\/3d-edu.ch\/fr\/","logo":{"@id":"https:\/\/3d-edu.ch\/fr\/boutique\/peel-3-pro-cad\/#local-main-organization-logo"},"image":{"@id":"https:\/\/3d-edu.ch\/fr\/boutique\/peel-3-pro-cad\/#local-main-organization-logo"},"sameAs":["https:\/\/www.facebook.com\/3d-educh-210277586064960\/","https:\/\/x.com\/3d_edu_ch"],"address":{"@id":"https:\/\/3d-edu.ch\/fr\/boutique\/peel-3-pro-cad\/#local-main-place-address"},"geo":{"@type":"GeoCoordinates","latitude":"47.38413","longitude":"8.49812"},"telephone":["+41 44 492 11 22"],"openingHoursSpecification":[{"@type":"OpeningHoursSpecification","dayOfWeek":["Monday","Tuesday","Wednesday","Thursday","Friday"],"opens":"08:30","closes":"18:00"},{"@type":"OpeningHoursSpecification","dayOfWeek":["Saturday","Sunday"],"opens":"00:00","closes":"00:00"}],"email":"info@3d-edu.ch","faxNumber":"+41 44 492 11 23","vatID":"CHE-184.499.491 MWST","priceRange":"$$$","currenciesAccepted":"CHF"},{"@type":"PostalAddress","@id":"https:\/\/3d-edu.ch\/fr\/boutique\/peel-3-pro-cad\/#local-main-place-address","streetAddress":"3D-EDU GmbH, Badenerstrasse 556","addressLocality":"Z\u00fcrich","postalCode":"8048","addressRegion":"Z\u00fcrich","addressCountry":"CH"},{"@type":"ImageObject","inLanguage":"fr-FR","@id":"https:\/\/3d-edu.ch\/fr\/boutique\/peel-3-pro-cad\/#local-main-organization-logo","url":"https:\/\/3d-edu.ch\/wp-content\/uploads\/2018\/10\/3d-drucker-makerbot-formlabs-professionelle-3d-drucker-e1546527990490.png","contentUrl":"https:\/\/3d-edu.ch\/wp-content\/uploads\/2018\/10\/3d-drucker-makerbot-formlabs-professionelle-3d-drucker-e1546527990490.png","width":275,"height":80,"caption":"3D-EDU GmbH"}]},"product_brand":"Peel 3D","product_price_amount":"11813.95","product_price_currency":"CHF","og_availability":"instock","product_availability":"instock","product_retailer_item_id":"SYS-P3D-P3-CAD-PRO","product_condition":"new","geo.placename":"Z\u00fcrich","geo.position":{"lat":"47.38413","long":"8.49812"},"geo.region":"Suisse"},"_links":{"self":[{"href":"https:\/\/3d-edu.ch\/fr\/wp-json\/wp\/v2\/product\/75665","targetHints":{"allow":["GET"]}}],"collection":[{"href":"https:\/\/3d-edu.ch\/fr\/wp-json\/wp\/v2\/product"}],"about":[{"href":"https:\/\/3d-edu.ch\/fr\/wp-json\/wp\/v2\/types\/product"}],"replies":[{"embeddable":true,"href":"https:\/\/3d-edu.ch\/fr\/wp-json\/wp\/v2\/comments?post=75665"}],"wp:featuredmedia":[{"embeddable":true,"href":"https:\/\/3d-edu.ch\/fr\/wp-json\/wp\/v2\/media\/72403"}],"wp:attachment":[{"href":"https:\/\/3d-edu.ch\/fr\/wp-json\/wp\/v2\/media?parent=75665"}],"wp:term":[{"taxonomy":"product_brand","embeddable":true,"href":"https:\/\/3d-edu.ch\/fr\/wp-json\/wp\/v2\/product_brand?post=75665"},{"taxonomy":"product_cat","embeddable":true,"href":"https:\/\/3d-edu.ch\/fr\/wp-json\/wp\/v2\/product_cat?post=75665"},{"taxonomy":"product_tag","embeddable":true,"href":"https:\/\/3d-edu.ch\/fr\/wp-json\/wp\/v2\/product_tag?post=75665"}],"curies":[{"name":"wp","href":"https:\/\/api.w.org\/{rel}","templated":true}]}}