{"id":75664,"date":"2025-04-02T09:02:08","date_gmt":"2025-04-02T09:02:08","guid":{"rendered":"https:\/\/3d-edu.ch\/shop\/formlabs-form-4-tough-1500-resin-v2-cartouche-de-5l\/"},"modified":"2026-05-14T09:49:32","modified_gmt":"2026-05-14T07:49:32","slug":"formlabs-form-4-tough-1500-resin-v2-cartouche-de-5l","status":"publish","type":"product","link":"https:\/\/3d-edu.ch\/fr\/boutique\/formlabs-form-4-tough-1500-resin-v2-cartouche-de-5l\/","title":{"rendered":"Formlabs Form 4 Tough 1500 Resin V2 cartouche de 5L"},"content":{"rendered":"<h2>Formlabs Form 4 Tough 1500 Resin V2 5L Kartusche<\/h2>\n<p>Tough 1500 Resin eignet sich f\u00fcr das Prototyping von steifen aber biegsamen Teilen, welche sich biegen lassen und schnell zur\u00fcckfedern.<\/p>\n<p>Es kann f\u00fcr folgende Anwendungen eingesetzt werden:<\/p>\n<ul>\n<li>Prototypen, die wiederholt verbogen werden und schnell wieder in Form kommen sollen<\/li>\n<li>Vorrichtungen, die wiederholt durchgebogen werden<\/li>\n<li>Zur Simulation der Festigkeit und Steifigkeit von Polypropylen (PP)<\/li>\n<\/ul>\n<p>Die Zahl \u00ab\u00a01500\u00a0\u00bb im Namen steht f\u00fcr das Zugmodul des Materials. Wenn Sie ein h\u00e4rteres Material ben\u00f6tigen, probieren Sie Tough 2000 Resin aus.<\/p>\n<p><strong>Verf\u00fcgbar f\u00fcr\u00a0 <\/strong><strong><a href=\"https:\/\/3d-edu.ch\/formlabs\/formlabs-3d-drucker-2\/form-4\/\">Form 4<\/a>, <a href=\"https:\/\/3d-edu.ch\/formlabs\/formlabs-3d-drucker-2\/form-4b\/\">Form 4B<\/a> und <a href=\"https:\/\/3d-edu.ch\/formlabs\/formlabs-3d-drucker-2\/form-4l\/\">Form 4L<\/a> in Verwendung mit dem <a href=\"https:\/\/3d-edu.ch\/boutique\/formlabs-resin-pumping-system-form-4-b-l\/\">Formlabs Resin Pumping System.<\/a><\/strong><\/p>\n<div class=\"accordion\">\n\t<div id=\"accordion-1161912615\" class=\"accordion-item\">\n\t\t<a id=\"accordion-1161912615-label\" class=\"accordion-title plain\" href=\"#accordion-item-plus-d&#039;informations\" aria-expanded=\"false\" aria-controls=\"accordion-1161912615-content\">\n\t\t\t<button class=\"toggle\" aria-label=\"Basculer\"><i class=\"icon-angle-down\" aria-hidden=\"true\"><\/i><\/button>\n\t\t\t<span>Plus d&#039;informations<\/span>\n\t\t<\/a>\n\t\t<div id=\"accordion-1161912615-content\" class=\"accordion-inner\" aria-labelledby=\"accordion-1161912615-label\">\n\t\t\t\n<h5>Contenu de la livraison<\/h5>\n<p>1x Formlabs Form 4 Tough 1500 Resin V2 cartouche de 5L<\/p>\n<p>R\u00e9solutions d&rsquo;impression prises en charge : 100 et 50 microns.<br \/>\nPost-traitement n\u00e9cessaire.<br \/>\n\t\t<\/div>\n\t<\/div>\n\t\n<\/div>\n","protected":false},"excerpt":{"rendered":"<h2>Formlabs Form 4 Tough 1500 Resin V2 cartouche de 5L<\/h2>\n<p>Tough 1500 Resin V2 est la r\u00e9sine la plus r\u00e9sistante de Formlabs. C&rsquo;est un mat\u00e9riau r\u00e9sistant qui pr\u00e9sente une solidit\u00e9, une rigidit\u00e9 et une t\u00e9nacit\u00e9 similaires \u00e0 celles du polypropyl\u00e8ne (PP) et qui offre une excellente r\u00e9sistance \u00e0 la rupture et aux chocs. Cr\u00e9ez des pi\u00e8ces pr\u00e9sentant un \u00e9quilibre entre rigidit\u00e9 et ductilit\u00e9, que ce soit pour des m\u00e9canismes souples ou des bo\u00eetiers robustes avec des vis autotaraudeuses ou des raccords \u00e0 enclenchement. Tough 1500 Resin V2 ouvre la voie \u00e0 une multitude d&rsquo;applications, des prototypes fonctionnels aux supports et dispositifs destin\u00e9s \u00e0 une utilisation finale.   <\/p>\n<p><strong>Disponible pour <\/strong><strong><a href=\"https:\/\/3d-edu.ch\/formlabs\/formlabs-3d-drucker-2\/form-4\/\">Form 4<\/a>, <a href=\"https:\/\/3d-edu.ch\/formlabs\/formlabs-3d-drucker-2\/form-4b\/\">Form 4B<\/a> et <a href=\"https:\/\/3d-edu.ch\/formlabs\/formlabs-3d-drucker-2\/form-4l\/\">Form 4L<\/a> en utilisation avec le <a href=\"https:\/\/3d-edu.ch\/shop\/formlabs-resin-pumping-system-form-4-b-l\/\">Resin Pumping System de Formlabs.<\/a><\/strong><\/p>\n<p><strong>Tough 1500 Resin V2 est une nouvelle formulation de mat\u00e9riau qui, sur la s\u00e9rie Form 4, offre une r\u00e9sistance \u00e0 la rupture 10 fois sup\u00e9rieure \u00e0 celle de la version pr\u00e9c\u00e9dente.  <\/strong><strong>Tough 1500 V1.1 et V2 ont des formules et des param\u00e8tres d&rsquo;impression diff\u00e9rents - pour des performances optimales, ne m\u00e9langez pas les deux mat\u00e9riaux.<\/strong><br \/>\n<div class=\"accordion\">\n\t<div id=\"accordion-1301931684\" class=\"accordion-item\">\n\t\t<a id=\"accordion-1301931684-label\" class=\"accordion-title plain\" href=\"#accordion-item-((!wpt_ignored32_fb5xw43uojxw4z35puuq____-!!))comment-passer-de-tough-1500-v1.1-\u00e0-v2-?(!wpt_ignored32_fb5xwl3torzg63thpv6ss___-!!))\" aria-expanded=\"false\" aria-controls=\"accordion-1301931684-content\">\n\t\t\t<button class=\"toggle\" aria-label=\"Basculer\"><i class=\"icon-angle-down\" aria-hidden=\"true\"><\/i><\/button>\n\t\t\t<span>((!wpt_ignored32_FB5XW43UOJXW4Z35PUUQ____ !!))Comment passer de Tough 1500 V1.1 \u00e0 V2 ?(!wpt_ignored32_FB5XWL3TORZG63THPV6SS___ !!))<\/span>\n\t\t<\/a>\n\t\t<div id=\"accordion-1301931684-content\" class=\"accordion-inner\" aria-labelledby=\"accordion-1301931684-label\">\n\t\t\t\n<ul>\n<li>Imprimez tout votre mat\u00e9riel Tough 1500 V1.1 existant.<\/li>\n<li>Nettoyez votre r\u00e9servoir de r\u00e9sine (il n&rsquo;est pas n\u00e9cessaire de le nettoyer \u00e0 l&rsquo;IPA. Il suffit de gratter la r\u00e9sine existante avec un grattoir en plastique).<\/li>\n<li>Lancez une impression avec une cartouche Tough 1500 V2 et s\u00e9lectionnez les <a href=\"https:\/\/support.formlabs.com\/s\/article\/Selecting-a-material-in-PreForm?language=de&amp;mkt_tok=MDYwLVVJRy01MDQAAAGUgsYTlcIFUgHIxQ6fpQ-iSdKOjkHj0mWz_ucx1VyXTsh6nXOPFlNtvKoQejZNrKqONIeUgqIwtAyfulOQpF9w0EYgIQShw_BjFu0_D2k2zW1ik5U\">param\u00e8tres Tough 1500 V2 dans PreForm<\/a>.<\/li>\n<li>L&rsquo;imprimante d\u00e9tecte que le r\u00e9servoir n&rsquo;est pas adapt\u00e9 et vous demande si vous souhaitez le reprogrammer.<\/li>\n<\/ul>\n<p>Confirmez dans l&rsquo;interface utilisateur de l&rsquo;imprimante et le r\u00e9servoir Tough 1500 V1.1 sera reprogramm\u00e9 en Tough 1500 V2.<\/p>\n\t\t<\/div>\n\t<\/div>\n\t\n<\/div>\n<p>&nbsp;<\/p>\n","protected":false},"featured_media":72395,"comment_status":"closed","ping_status":"closed","template":"","meta":[],"product_brand":[],"product_cat":[10400,10494,10362,10352,10355],"product_tag":[8308,7784,8055,8053,8306,8304,8307,8092,8305],"class_list":{"0":"post-75664","1":"product","2":"type-product","3":"status-publish","4":"has-post-thumbnail","6":"product_cat-cartouche-de-resine-5l","7":"product_cat-engineering-form-4-resin","8":"product_cat-form-4-resine","9":"product_cat-formlabs","10":"product_cat-materiaux","11":"product_tag-5-l","12":"product_tag-formlabs-fr","13":"product_tag-formlabs-form-4-resine","14":"product_tag-resine-formlabs","15":"product_tag-rs-c2-to15-02","16":"product_tag-rs-c2-to15-11","17":"product_tag-rs-rps-to15-02","18":"product_tag-systeme-de-pompage-de-la-resine","19":"product_tag-tough-1500","21":"first","22":"instock","23":"taxable","24":"shipping-taxable","25":"purchasable","26":"product-type-simple"},"yoast_head":"<!-- This site is optimized with the Yoast SEO Premium plugin v27.5 (Yoast SEO v27.5) - https:\/\/yoast.com\/product\/yoast-seo-premium-wordpress\/ -->\n<title>Formlabs Form 4 Tough 1500 Resin V2 cartouche de 5L %sepsepsitename%%%%.<\/title>\n<meta name=\"description\" content=\"Choisissez Tough 1500 Resin V2 pour les pi\u00e8ces rigides et flexibles, ainsi que pour la simulation du polypropyl\u00e8ne (PP). Tough 1500 Resin V2 offre une r\u00e9sistance \u00e0 la rupture 10 fois sup\u00e9rieure.\" \/>\n<meta name=\"robots\" content=\"index, follow, max-snippet:-1, max-image-preview:large, max-video-preview:-1\" \/>\n<link rel=\"canonical\" href=\"https:\/\/3d-edu.ch\/fr\/boutique\/formlabs-form-4-tough-1500-resin-v2-cartouche-de-5l\/\" \/>\n<meta property=\"og:locale\" content=\"fr_FR\" \/>\n<meta property=\"og:type\" content=\"article\" \/>\n<meta property=\"og:title\" content=\"Formlabs Form 4 Tough 1500 Resin V2 cartouche de 5L\" \/>\n<meta property=\"og:description\" content=\"Choisissez Tough 1500 Resin V2 pour les pi\u00e8ces rigides et flexibles, ainsi que pour la simulation du polypropyl\u00e8ne (PP). Tough 1500 Resin V2 offre une r\u00e9sistance \u00e0 la rupture 10 fois sup\u00e9rieure.\" \/>\n<meta property=\"og:url\" content=\"https:\/\/3d-edu.ch\/fr\/boutique\/formlabs-form-4-tough-1500-resin-v2-cartouche-de-5l\/\" \/>\n<meta property=\"og:site_name\" content=\"3D-EDU GmbH\" \/>\n<meta property=\"article:publisher\" content=\"https:\/\/www.facebook.com\/3d-educh-210277586064960\/\" \/>\n<meta property=\"article:modified_time\" content=\"2026-05-14T07:49:32+00:00\" \/>\n<meta property=\"og:image\" content=\"https:\/\/3d-edu.ch\/wp-content\/uploads\/2025\/04\/formlabs-form-4-tough-1500-resin-v2-5l-kartusche.jpg\" \/>\n\t<meta property=\"og:image:width\" content=\"380\" \/>\n\t<meta property=\"og:image:height\" content=\"380\" \/>\n\t<meta property=\"og:image:type\" content=\"image\/jpeg\" \/>\n<meta name=\"twitter:card\" content=\"summary_large_image\" \/>\n<meta name=\"twitter:site\" content=\"@3d_edu_ch\" \/>\n<meta name=\"twitter:label1\" content=\"Prix\" \/>\n\t<meta name=\"twitter:data1\" content=\"804.02&nbsp;&#067;&#072;&#070; hors TVA\" \/>\n\t<meta name=\"twitter:label2\" content=\"Disponibilit\u00e9\" \/>\n\t<meta name=\"twitter:data2\" content=\"En stock\" \/>\n<script type=\"application\/ld+json\" class=\"yoast-schema-graph\">{\"@context\":\"https:\\\/\\\/schema.org\",\"@graph\":[{\"@type\":\"WebPage\",\"@id\":\"https:\\\/\\\/3d-edu.ch\\\/fr\\\/boutique\\\/formlabs-form-4-tough-1500-resin-v2-cartouche-de-5l\\\/\",\"url\":\"https:\\\/\\\/3d-edu.ch\\\/fr\\\/boutique\\\/formlabs-form-4-tough-1500-resin-v2-cartouche-de-5l\\\/\",\"name\":\"Formlabs Form 4 Tough 1500 Resin V2 cartouche de 5L %sepsepsitename%%%%.\",\"isPartOf\":{\"@id\":\"https:\\\/\\\/3d-edu.ch\\\/fr\\\/#website\"},\"primaryImageOfPage\":{\"@id\":\"https:\\\/\\\/3d-edu.ch\\\/fr\\\/boutique\\\/formlabs-form-4-tough-1500-resin-v2-cartouche-de-5l\\\/#primaryimage\"},\"image\":{\"@id\":\"https:\\\/\\\/3d-edu.ch\\\/fr\\\/boutique\\\/formlabs-form-4-tough-1500-resin-v2-cartouche-de-5l\\\/#primaryimage\"},\"thumbnailUrl\":\"https:\\\/\\\/3d-edu.ch\\\/wp-content\\\/uploads\\\/2025\\\/04\\\/formlabs-form-4-tough-1500-resin-v2-5l-kartusche.jpg\",\"datePublished\":\"2025-04-02T09:02:08+00:00\",\"dateModified\":\"2026-05-14T07:49:32+00:00\",\"description\":\"Choisissez Tough 1500 Resin V2 pour les pi\u00e8ces rigides et flexibles, ainsi que pour la simulation du polypropyl\u00e8ne (PP). Tough 1500 Resin V2 offre une r\u00e9sistance \u00e0 la rupture 10 fois sup\u00e9rieure.\",\"breadcrumb\":{\"@id\":\"https:\\\/\\\/3d-edu.ch\\\/fr\\\/boutique\\\/formlabs-form-4-tough-1500-resin-v2-cartouche-de-5l\\\/#breadcrumb\"},\"inLanguage\":\"fr-FR\",\"potentialAction\":[{\"@type\":\"ReadAction\",\"target\":[\"https:\\\/\\\/3d-edu.ch\\\/fr\\\/boutique\\\/formlabs-form-4-tough-1500-resin-v2-cartouche-de-5l\\\/\"]}]},{\"@type\":\"ImageObject\",\"inLanguage\":\"fr-FR\",\"@id\":\"https:\\\/\\\/3d-edu.ch\\\/fr\\\/boutique\\\/formlabs-form-4-tough-1500-resin-v2-cartouche-de-5l\\\/#primaryimage\",\"url\":\"https:\\\/\\\/3d-edu.ch\\\/wp-content\\\/uploads\\\/2025\\\/04\\\/formlabs-form-4-tough-1500-resin-v2-5l-kartusche.jpg\",\"contentUrl\":\"https:\\\/\\\/3d-edu.ch\\\/wp-content\\\/uploads\\\/2025\\\/04\\\/formlabs-form-4-tough-1500-resin-v2-5l-kartusche.jpg\",\"width\":380,\"height\":380},{\"@type\":\"BreadcrumbList\",\"@id\":\"https:\\\/\\\/3d-edu.ch\\\/fr\\\/boutique\\\/formlabs-form-4-tough-1500-resin-v2-cartouche-de-5l\\\/#breadcrumb\",\"itemListElement\":[{\"@type\":\"ListItem\",\"position\":1,\"name\":\"Accueil\",\"item\":\"https:\\\/\\\/3d-edu.ch\\\/fr\\\/\"},{\"@type\":\"ListItem\",\"position\":2,\"name\":\"Boutique\",\"item\":\"https:\\\/\\\/3d-edu.ch\\\/fr\\\/boutique\\\/\"},{\"@type\":\"ListItem\",\"position\":3,\"name\":\"Formlabs Form 4 Tough 1500 Resin V2 cartouche de 5L\"}]},{\"@type\":\"WebSite\",\"@id\":\"https:\\\/\\\/3d-edu.ch\\\/fr\\\/#website\",\"url\":\"https:\\\/\\\/3d-edu.ch\\\/fr\\\/\",\"name\":\"3D-EDU GmbH\",\"description\":\"Your Formlabs, UltiMaker and Raise3D Printer Support and Education Site in Switzerland. \\\/\\\/ Ihre Formlabs, UltiMaker and Raise3D Drucker Support und Bildungs Webseite der Schweiz.\",\"publisher\":{\"@id\":\"https:\\\/\\\/3d-edu.ch\\\/fr\\\/#organization\"},\"potentialAction\":[{\"@type\":\"SearchAction\",\"target\":{\"@type\":\"EntryPoint\",\"urlTemplate\":\"https:\\\/\\\/3d-edu.ch\\\/fr\\\/?s={search_term_string}\"},\"query-input\":{\"@type\":\"PropertyValueSpecification\",\"valueRequired\":true,\"valueName\":\"search_term_string\"}}],\"inLanguage\":\"fr-FR\"},{\"@type\":[\"Organization\",\"Place\",\"ElectronicsStore\"],\"@id\":\"https:\\\/\\\/3d-edu.ch\\\/fr\\\/#organization\",\"name\":\"3D-EDU GmbH\",\"url\":\"https:\\\/\\\/3d-edu.ch\\\/fr\\\/\",\"logo\":{\"@id\":\"https:\\\/\\\/3d-edu.ch\\\/fr\\\/boutique\\\/formlabs-form-4-tough-1500-resin-v2-cartouche-de-5l\\\/#local-main-organization-logo\"},\"image\":{\"@id\":\"https:\\\/\\\/3d-edu.ch\\\/fr\\\/boutique\\\/formlabs-form-4-tough-1500-resin-v2-cartouche-de-5l\\\/#local-main-organization-logo\"},\"sameAs\":[\"https:\\\/\\\/www.facebook.com\\\/3d-educh-210277586064960\\\/\",\"https:\\\/\\\/x.com\\\/3d_edu_ch\"],\"address\":{\"@id\":\"https:\\\/\\\/3d-edu.ch\\\/fr\\\/boutique\\\/formlabs-form-4-tough-1500-resin-v2-cartouche-de-5l\\\/#local-main-place-address\"},\"geo\":{\"@type\":\"GeoCoordinates\",\"latitude\":\"47.38413\",\"longitude\":\"8.49812\"},\"telephone\":[\"+41 44 492 11 22\"],\"openingHoursSpecification\":[{\"@type\":\"OpeningHoursSpecification\",\"dayOfWeek\":[\"Monday\",\"Tuesday\",\"Wednesday\",\"Thursday\",\"Friday\"],\"opens\":\"08:30\",\"closes\":\"18:00\"},{\"@type\":\"OpeningHoursSpecification\",\"dayOfWeek\":[\"Saturday\",\"Sunday\"],\"opens\":\"00:00\",\"closes\":\"00:00\"}],\"email\":\"info@3d-edu.ch\",\"faxNumber\":\"+41 44 492 11 23\",\"vatID\":\"CHE-184.499.491 MWST\",\"priceRange\":\"$$$\",\"currenciesAccepted\":\"CHF\"},{\"@type\":\"PostalAddress\",\"@id\":\"https:\\\/\\\/3d-edu.ch\\\/fr\\\/boutique\\\/formlabs-form-4-tough-1500-resin-v2-cartouche-de-5l\\\/#local-main-place-address\",\"streetAddress\":\"3D-EDU GmbH, Badenerstrasse 556\",\"addressLocality\":\"Z\u00fcrich\",\"postalCode\":\"8048\",\"addressRegion\":\"Z\u00fcrich\",\"addressCountry\":\"CH\"},{\"@type\":\"ImageObject\",\"inLanguage\":\"fr-FR\",\"@id\":\"https:\\\/\\\/3d-edu.ch\\\/fr\\\/boutique\\\/formlabs-form-4-tough-1500-resin-v2-cartouche-de-5l\\\/#local-main-organization-logo\",\"url\":\"https:\\\/\\\/3d-edu.ch\\\/wp-content\\\/uploads\\\/2018\\\/10\\\/3d-drucker-makerbot-formlabs-professionelle-3d-drucker-e1546527990490.png\",\"contentUrl\":\"https:\\\/\\\/3d-edu.ch\\\/wp-content\\\/uploads\\\/2018\\\/10\\\/3d-drucker-makerbot-formlabs-professionelle-3d-drucker-e1546527990490.png\",\"width\":275,\"height\":80,\"caption\":\"3D-EDU GmbH\"}]}<\/script>\n<meta property=\"product:brand\" content=\"Cartouche de r\u00e9sine 5L\" \/>\n<meta property=\"product:price:amount\" content=\"804.02\" \/>\n<meta property=\"product:price:currency\" content=\"CHF\" \/>\n<meta property=\"og:availability\" content=\"instock\" \/>\n<meta property=\"product:availability\" content=\"instock\" \/>\n<meta property=\"product:retailer_item_id\" content=\"RS-RPS-TO15-02\" \/>\n<meta property=\"product:condition\" content=\"new\" \/>\n<meta name=\"geo.placename\" content=\"Z\u00fcrich\" \/>\n<meta name=\"geo.position\" content=\"47.38413;8.49812\" \/>\n<meta name=\"geo.region\" content=\"Suisse\" \/>\n<!-- \/ Yoast SEO Premium plugin. -->","yoast_head_json":{"title":"Formlabs Form 4 Tough 1500 Resin V2 cartouche de 5L %sepsepsitename%%%%.","description":"Choisissez Tough 1500 Resin V2 pour les pi\u00e8ces rigides et flexibles, ainsi que pour la simulation du polypropyl\u00e8ne (PP). Tough 1500 Resin V2 offre une r\u00e9sistance \u00e0 la rupture 10 fois sup\u00e9rieure.","robots":{"index":"index","follow":"follow","max-snippet":"max-snippet:-1","max-image-preview":"max-image-preview:large","max-video-preview":"max-video-preview:-1"},"canonical":"https:\/\/3d-edu.ch\/fr\/boutique\/formlabs-form-4-tough-1500-resin-v2-cartouche-de-5l\/","og_locale":"fr_FR","og_type":"article","og_title":"Formlabs Form 4 Tough 1500 Resin V2 cartouche de 5L","og_description":"Choisissez Tough 1500 Resin V2 pour les pi\u00e8ces rigides et flexibles, ainsi que pour la simulation du polypropyl\u00e8ne (PP). Tough 1500 Resin V2 offre une r\u00e9sistance \u00e0 la rupture 10 fois sup\u00e9rieure.","og_url":"https:\/\/3d-edu.ch\/fr\/boutique\/formlabs-form-4-tough-1500-resin-v2-cartouche-de-5l\/","og_site_name":"3D-EDU GmbH","article_publisher":"https:\/\/www.facebook.com\/3d-educh-210277586064960\/","article_modified_time":"2026-05-14T07:49:32+00:00","og_image":[{"width":380,"height":380,"url":"https:\/\/3d-edu.ch\/wp-content\/uploads\/2025\/04\/formlabs-form-4-tough-1500-resin-v2-5l-kartusche.jpg","type":"image\/jpeg"}],"twitter_card":"summary_large_image","twitter_site":"@3d_edu_ch","twitter_misc":{"Prix":"804.02&nbsp;&#67;&#72;&#70; hors TVA","Disponibilit\u00e9":"En stock"},"schema":{"@context":"https:\/\/schema.org","@graph":[{"@type":"WebPage","@id":"https:\/\/3d-edu.ch\/fr\/boutique\/formlabs-form-4-tough-1500-resin-v2-cartouche-de-5l\/","url":"https:\/\/3d-edu.ch\/fr\/boutique\/formlabs-form-4-tough-1500-resin-v2-cartouche-de-5l\/","name":"Formlabs Form 4 Tough 1500 Resin V2 cartouche de 5L %sepsepsitename%%%%.","isPartOf":{"@id":"https:\/\/3d-edu.ch\/fr\/#website"},"primaryImageOfPage":{"@id":"https:\/\/3d-edu.ch\/fr\/boutique\/formlabs-form-4-tough-1500-resin-v2-cartouche-de-5l\/#primaryimage"},"image":{"@id":"https:\/\/3d-edu.ch\/fr\/boutique\/formlabs-form-4-tough-1500-resin-v2-cartouche-de-5l\/#primaryimage"},"thumbnailUrl":"https:\/\/3d-edu.ch\/wp-content\/uploads\/2025\/04\/formlabs-form-4-tough-1500-resin-v2-5l-kartusche.jpg","datePublished":"2025-04-02T09:02:08+00:00","dateModified":"2026-05-14T07:49:32+00:00","description":"Choisissez Tough 1500 Resin V2 pour les pi\u00e8ces rigides et flexibles, ainsi que pour la simulation du polypropyl\u00e8ne (PP). Tough 1500 Resin V2 offre une r\u00e9sistance \u00e0 la rupture 10 fois sup\u00e9rieure.","breadcrumb":{"@id":"https:\/\/3d-edu.ch\/fr\/boutique\/formlabs-form-4-tough-1500-resin-v2-cartouche-de-5l\/#breadcrumb"},"inLanguage":"fr-FR","potentialAction":[{"@type":"ReadAction","target":["https:\/\/3d-edu.ch\/fr\/boutique\/formlabs-form-4-tough-1500-resin-v2-cartouche-de-5l\/"]}]},{"@type":"ImageObject","inLanguage":"fr-FR","@id":"https:\/\/3d-edu.ch\/fr\/boutique\/formlabs-form-4-tough-1500-resin-v2-cartouche-de-5l\/#primaryimage","url":"https:\/\/3d-edu.ch\/wp-content\/uploads\/2025\/04\/formlabs-form-4-tough-1500-resin-v2-5l-kartusche.jpg","contentUrl":"https:\/\/3d-edu.ch\/wp-content\/uploads\/2025\/04\/formlabs-form-4-tough-1500-resin-v2-5l-kartusche.jpg","width":380,"height":380},{"@type":"BreadcrumbList","@id":"https:\/\/3d-edu.ch\/fr\/boutique\/formlabs-form-4-tough-1500-resin-v2-cartouche-de-5l\/#breadcrumb","itemListElement":[{"@type":"ListItem","position":1,"name":"Accueil","item":"https:\/\/3d-edu.ch\/fr\/"},{"@type":"ListItem","position":2,"name":"Boutique","item":"https:\/\/3d-edu.ch\/fr\/boutique\/"},{"@type":"ListItem","position":3,"name":"Formlabs Form 4 Tough 1500 Resin V2 cartouche de 5L"}]},{"@type":"WebSite","@id":"https:\/\/3d-edu.ch\/fr\/#website","url":"https:\/\/3d-edu.ch\/fr\/","name":"3D-EDU GmbH","description":"Your Formlabs, UltiMaker and Raise3D Printer Support and Education Site in Switzerland. \/\/ Ihre Formlabs, UltiMaker and Raise3D Drucker Support und Bildungs Webseite der Schweiz.","publisher":{"@id":"https:\/\/3d-edu.ch\/fr\/#organization"},"potentialAction":[{"@type":"SearchAction","target":{"@type":"EntryPoint","urlTemplate":"https:\/\/3d-edu.ch\/fr\/?s={search_term_string}"},"query-input":{"@type":"PropertyValueSpecification","valueRequired":true,"valueName":"search_term_string"}}],"inLanguage":"fr-FR"},{"@type":["Organization","Place","ElectronicsStore"],"@id":"https:\/\/3d-edu.ch\/fr\/#organization","name":"3D-EDU GmbH","url":"https:\/\/3d-edu.ch\/fr\/","logo":{"@id":"https:\/\/3d-edu.ch\/fr\/boutique\/formlabs-form-4-tough-1500-resin-v2-cartouche-de-5l\/#local-main-organization-logo"},"image":{"@id":"https:\/\/3d-edu.ch\/fr\/boutique\/formlabs-form-4-tough-1500-resin-v2-cartouche-de-5l\/#local-main-organization-logo"},"sameAs":["https:\/\/www.facebook.com\/3d-educh-210277586064960\/","https:\/\/x.com\/3d_edu_ch"],"address":{"@id":"https:\/\/3d-edu.ch\/fr\/boutique\/formlabs-form-4-tough-1500-resin-v2-cartouche-de-5l\/#local-main-place-address"},"geo":{"@type":"GeoCoordinates","latitude":"47.38413","longitude":"8.49812"},"telephone":["+41 44 492 11 22"],"openingHoursSpecification":[{"@type":"OpeningHoursSpecification","dayOfWeek":["Monday","Tuesday","Wednesday","Thursday","Friday"],"opens":"08:30","closes":"18:00"},{"@type":"OpeningHoursSpecification","dayOfWeek":["Saturday","Sunday"],"opens":"00:00","closes":"00:00"}],"email":"info@3d-edu.ch","faxNumber":"+41 44 492 11 23","vatID":"CHE-184.499.491 MWST","priceRange":"$$$","currenciesAccepted":"CHF"},{"@type":"PostalAddress","@id":"https:\/\/3d-edu.ch\/fr\/boutique\/formlabs-form-4-tough-1500-resin-v2-cartouche-de-5l\/#local-main-place-address","streetAddress":"3D-EDU GmbH, Badenerstrasse 556","addressLocality":"Z\u00fcrich","postalCode":"8048","addressRegion":"Z\u00fcrich","addressCountry":"CH"},{"@type":"ImageObject","inLanguage":"fr-FR","@id":"https:\/\/3d-edu.ch\/fr\/boutique\/formlabs-form-4-tough-1500-resin-v2-cartouche-de-5l\/#local-main-organization-logo","url":"https:\/\/3d-edu.ch\/wp-content\/uploads\/2018\/10\/3d-drucker-makerbot-formlabs-professionelle-3d-drucker-e1546527990490.png","contentUrl":"https:\/\/3d-edu.ch\/wp-content\/uploads\/2018\/10\/3d-drucker-makerbot-formlabs-professionelle-3d-drucker-e1546527990490.png","width":275,"height":80,"caption":"3D-EDU GmbH"}]},"product_brand":"Cartouche de r\u00e9sine 5L","product_price_amount":"804.02","product_price_currency":"CHF","og_availability":"instock","product_availability":"instock","product_retailer_item_id":"RS-RPS-TO15-02","product_condition":"new","geo.placename":"Z\u00fcrich","geo.position":{"lat":"47.38413","long":"8.49812"},"geo.region":"Suisse"},"_links":{"self":[{"href":"https:\/\/3d-edu.ch\/fr\/wp-json\/wp\/v2\/product\/75664","targetHints":{"allow":["GET"]}}],"collection":[{"href":"https:\/\/3d-edu.ch\/fr\/wp-json\/wp\/v2\/product"}],"about":[{"href":"https:\/\/3d-edu.ch\/fr\/wp-json\/wp\/v2\/types\/product"}],"replies":[{"embeddable":true,"href":"https:\/\/3d-edu.ch\/fr\/wp-json\/wp\/v2\/comments?post=75664"}],"wp:featuredmedia":[{"embeddable":true,"href":"https:\/\/3d-edu.ch\/fr\/wp-json\/wp\/v2\/media\/72395"}],"wp:attachment":[{"href":"https:\/\/3d-edu.ch\/fr\/wp-json\/wp\/v2\/media?parent=75664"}],"wp:term":[{"taxonomy":"product_brand","embeddable":true,"href":"https:\/\/3d-edu.ch\/fr\/wp-json\/wp\/v2\/product_brand?post=75664"},{"taxonomy":"product_cat","embeddable":true,"href":"https:\/\/3d-edu.ch\/fr\/wp-json\/wp\/v2\/product_cat?post=75664"},{"taxonomy":"product_tag","embeddable":true,"href":"https:\/\/3d-edu.ch\/fr\/wp-json\/wp\/v2\/product_tag?post=75664"}],"curies":[{"name":"wp","href":"https:\/\/api.w.org\/{rel}","templated":true}]}}