{"id":75662,"date":"2025-03-24T10:35:53","date_gmt":"2025-03-24T10:35:53","guid":{"rendered":"https:\/\/3d-edu.ch\/shop\/formlabs-form-cure-2eme-generation-230v\/"},"modified":"2026-05-14T09:37:55","modified_gmt":"2026-05-14T07:37:55","slug":"formlabs-form-cure-2eme-generation-230v","status":"publish","type":"product","link":"https:\/\/3d-edu.ch\/fr\/boutique\/formlabs-form-cure-2eme-generation-230v\/","title":{"rendered":"Formlabs Form Cure V2"},"content":{"rendered":"<h3>Formlabs Form Cure V2 230V<\/h3>\n<p>Le Form Cure de deuxi\u00e8me g\u00e9n\u00e9ration permet d&rsquo;obtenir des pi\u00e8ces solides et r\u00e9sistantes gr\u00e2ce \u00e0 une combinaison pr\u00e9cise de chaleur et de lumi\u00e8re \u00e0 405 nm, et ce plus rapidement et de mani\u00e8re plus coh\u00e9rente que jamais. Durcissez d\u00e9sormais les pi\u00e8ces imprim\u00e9es de <a href=\"https:\/\/3d-edu.ch\/fr\/formlabs\/imprimante-3d-formlabs\/forme-4\/\">la Form 4 <\/a>&amp; <a href=\"https:\/\/3d-edu.ch\/fr\/formlabs\/imprimante-3d-formlabs\/forme-4b\/\">Form 4B<\/a> en seulement 60 secondes, gr\u00e2ce \u00e0 une intensit\u00e9 UV 4 fois plus \u00e9lev\u00e9e, un temps de pr\u00e9chauffage 5 fois plus court et une chambre 1,3 fois plus grande. Il vous suffit de choisir parmi nos pr\u00e9r\u00e9glages valid\u00e9s pour plus de 45 mat\u00e9riaux Formlabs et de lancer la post-polym\u00e9risation. Ajustez \u00e9galement le temps et la temp\u00e9rature selon vos besoins.   <\/p>\n<p>La post-polym\u00e9risation ach\u00e8ve la r\u00e9action chimique qui commence pendant le processus d&rsquo;impression, augmentant ainsi la solidit\u00e9, la t\u00e9nacit\u00e9, la r\u00e9sistance \u00e0 la chaleur et au fluage de la pi\u00e8ce finale. En m\u00eame temps, il cr\u00e9e une surface plus dure et moins collante. <\/p>\n<p>Pour les <a href=\"https:\/\/3d-edu.ch\/fr\/formlabs\/resine-formlabs\/medical\/\">mat\u00e9riaux biocompatibles<\/a>, la post-cuisson est en principe n\u00e9cessaire pour r\u00e9pondre aux normes de s\u00e9curit\u00e9 impos\u00e9es par les autorit\u00e9s r\u00e9glementaires.<\/p>\n<div class=\"accordion\">\n\t<div id=\"accordion-1222831348\" class=\"accordion-item\">\n\t\t<a id=\"accordion-1222831348-label\" class=\"accordion-title plain\" href=\"#accordion-item-plus-d&#039;informations\" aria-expanded=\"false\" aria-controls=\"accordion-1222831348-content\">\n\t\t\t<button class=\"toggle\" aria-label=\"Basculer\"><i class=\"icon-angle-down\" aria-hidden=\"true\"><\/i><\/button>\n\t\t\t<span>Plus d&#039;informations<\/span>\n\t\t<\/a>\n\t\t<div id=\"accordion-1222831348-content\" class=\"accordion-inner\" aria-labelledby=\"accordion-1222831348-label\">\n\t\t\t\n<h4>Atteindre l&rsquo;excellence<\/h4>\n<p>Le Form Cure (2\u00e8me g\u00e9n\u00e9ration) 230V de Formlabs est adapt\u00e9 aux r\u00e9sines Formlabs pour que les pi\u00e8ces imprim\u00e9es d\u00e9veloppent leurs propri\u00e9t\u00e9s mat\u00e9rielles optimales. Deux \u00e9l\u00e9ments chauffants de 450W contr\u00f4lent les temp\u00e9ratures de durcissement jusqu&rsquo;\u00e0 100\u00b0C en fonction du mat\u00e9riau. La chambre est pr\u00e9chauff\u00e9e afin de pr\u00e9parer les pi\u00e8ces \u00e0 une polym\u00e9risation optimale. Trois champs de LED, avec un total de 48 LED d&rsquo;une longueur d&rsquo;onde de 405 nm, aident \u00e0 post-durcir les pi\u00e8ces. Des lumi\u00e8res secondaires \u00e9clairent le plateau tournant lorsque la porte est ouverte et pendant le chauffage. Le plateau rotatif en verre assure une post-polym\u00e9risation uniforme sur<br \/>\ntoutes les surfaces expos\u00e9es.     <\/p>\n<h4>Optimiser les propri\u00e9t\u00e9s des mat\u00e9riaux<\/h4>\n<p>Utilisez les <a href=\"https:\/\/support.formlabs.com\/s\/article\/Form-Cure-Time-and-Temperature-Settings?language=de\">param\u00e8tres recommand\u00e9s<\/a> par Formlabs pour optimiser les propri\u00e9t\u00e9s du mat\u00e9riau.<\/p>\n<h4>Durcissement professionnel<\/h4>\n<p>La minuterie int\u00e9gr\u00e9e dans Form Cure de Formlabs arr\u00eate automatiquement la polym\u00e9risation. Les pi\u00e8ces sont ensuite pr\u00eates pour des performances de pointe. <\/p>\n<p><a href=\"https:\/\/3d-edu.ch\/fr\/formlabs\/post-traitement\/form-wash-form-cure\/\">Pour plus d&rsquo;informations sur le produit, cliquez ici.<\/a><\/p>\n\t\t<\/div>\n\t<\/div>\n\t\n<\/div>\n","protected":false},"excerpt":{"rendered":"<h2><strong>Formlabs Form 4 Accessoires<\/strong><\/h2>\n<p class=\"muted\">Le nettoyage (Formlabs Form Wash) et la polym\u00e9risation (Formlabs Form Cure) sont des \u00e9l\u00e9ments essentiels du <a href=\"https:\/\/3d-edu.ch\/formlabs\/nachbearbeitung\/form-wash-form-cure\/\">post-traitement SLA.<\/a><\/p>\n<h2><strong>Formlabs Form Cure V2 230V<\/strong><\/h2>\n<p>Le Form Cure V2 230V de Formlabs assure une polym\u00e9risation fiable et professionnelle des pi\u00e8ces que vous fabriquez avec le <a href=\"https:\/\/3d-edu.ch\/formlabs\/formlabs-3d-drucker-2\/form-4\/\">Form 4 <\/a>&amp; <a href=\"https:\/\/3d-edu.ch\/formlabs\/formlabs-3d-drucker-2\/form-4b\/\">Form 4B<\/a> de Formlabs.<\/p>\n","protected":false},"featured_media":72242,"comment_status":"closed","ping_status":"closed","template":"","meta":[],"product_brand":[],"product_cat":[10352,10368,10369],"product_tag":[7785,8162,8057,8302,7784,8163],"class_list":{"0":"post-75662","1":"product","2":"type-product","3":"status-publish","4":"has-post-thumbnail","6":"product_cat-formlabs","7":"product_cat-post-traitement","8":"product_cat-sla-lfs-post-traitement","9":"product_tag-accessoires-formlabs","10":"product_tag-form-cure-2eme-generation","11":"product_tag-forme-4","12":"product_tag-forme-4b","13":"product_tag-formlabs-fr","14":"product_tag-post-traitement","16":"first","17":"instock","18":"taxable","19":"shipping-taxable","20":"purchasable","21":"product-type-simple"},"yoast_head":"<!-- This site is optimized with the Yoast SEO Premium plugin v27.5 (Yoast SEO v27.5) - https:\/\/yoast.com\/product\/yoast-seo-premium-wordpress\/ -->\n<title>Formlabs Form Cure V2 %%page% - Test de durcissement aux UV<\/title>\n<meta name=\"description\" content=\"Le Form Cure V2 230V compact de Formlabs assure une polym\u00e9risation UV fiable, rapide et professionnelle de vos impressions 3D en r\u00e9sine.\" \/>\n<meta name=\"robots\" content=\"index, follow, max-snippet:-1, max-image-preview:large, max-video-preview:-1\" \/>\n<link rel=\"canonical\" href=\"https:\/\/3d-edu.ch\/fr\/boutique\/formlabs-form-cure-2eme-generation-230v\/\" \/>\n<meta property=\"og:locale\" content=\"fr_FR\" \/>\n<meta property=\"og:type\" content=\"article\" \/>\n<meta property=\"og:title\" content=\"Formlabs Form Cure V2\" \/>\n<meta property=\"og:description\" content=\"Le Form Cure V2 230V compact de Formlabs assure une polym\u00e9risation UV fiable, rapide et professionnelle de vos impressions 3D en r\u00e9sine.\" \/>\n<meta property=\"og:url\" content=\"https:\/\/3d-edu.ch\/fr\/boutique\/formlabs-form-cure-2eme-generation-230v\/\" \/>\n<meta property=\"og:site_name\" content=\"3D-EDU GmbH\" \/>\n<meta property=\"article:publisher\" content=\"https:\/\/www.facebook.com\/3d-educh-210277586064960\/\" \/>\n<meta property=\"article:modified_time\" content=\"2026-05-14T07:37:55+00:00\" \/>\n<meta property=\"og:image\" content=\"https:\/\/dedune53.myhostpoint.ch\/wp-content\/uploads\/2019\/01\/form-2-3d-printer.jpg\" \/>\n<meta name=\"twitter:card\" content=\"summary_large_image\" \/>\n<meta name=\"twitter:image\" content=\"https:\/\/dedune53.myhostpoint.ch\/wp-content\/uploads\/2019\/01\/formlabs-form-wash-formlabs-form-cure.jpg\" \/>\n<meta name=\"twitter:site\" content=\"@3d_edu_ch\" \/>\n<meta name=\"twitter:label1\" content=\"Prix\" \/>\n\t<meta name=\"twitter:data1\" content=\"1&#039;022.45&nbsp;&#067;&#072;&#070; hors TVA\" \/>\n\t<meta name=\"twitter:label2\" content=\"Disponibilit\u00e9\" \/>\n\t<meta name=\"twitter:data2\" content=\"En stock\" \/>\n<script type=\"application\/ld+json\" class=\"yoast-schema-graph\">{\"@context\":\"https:\\\/\\\/schema.org\",\"@graph\":[{\"@type\":\"WebPage\",\"@id\":\"https:\\\/\\\/3d-edu.ch\\\/fr\\\/boutique\\\/formlabs-form-cure-2eme-generation-230v\\\/\",\"url\":\"https:\\\/\\\/3d-edu.ch\\\/fr\\\/boutique\\\/formlabs-form-cure-2eme-generation-230v\\\/\",\"name\":\"Formlabs Form Cure V2 %%page% - Test de durcissement aux UV\",\"isPartOf\":{\"@id\":\"https:\\\/\\\/3d-edu.ch\\\/fr\\\/#website\"},\"primaryImageOfPage\":{\"@id\":\"https:\\\/\\\/3d-edu.ch\\\/fr\\\/boutique\\\/formlabs-form-cure-2eme-generation-230v\\\/#primaryimage\"},\"image\":{\"@id\":\"https:\\\/\\\/3d-edu.ch\\\/fr\\\/boutique\\\/formlabs-form-cure-2eme-generation-230v\\\/#primaryimage\"},\"thumbnailUrl\":\"https:\\\/\\\/3d-edu.ch\\\/wp-content\\\/uploads\\\/2025\\\/03\\\/formlabs-form-cure-2nd-generation-1.jpg\",\"datePublished\":\"2025-03-24T10:35:53+00:00\",\"dateModified\":\"2026-05-14T07:37:55+00:00\",\"description\":\"Le Form Cure V2 230V compact de Formlabs assure une polym\u00e9risation UV fiable, rapide et professionnelle de vos impressions 3D en r\u00e9sine.\",\"breadcrumb\":{\"@id\":\"https:\\\/\\\/3d-edu.ch\\\/fr\\\/boutique\\\/formlabs-form-cure-2eme-generation-230v\\\/#breadcrumb\"},\"inLanguage\":\"fr-FR\",\"potentialAction\":[{\"@type\":\"ReadAction\",\"target\":[\"https:\\\/\\\/3d-edu.ch\\\/fr\\\/boutique\\\/formlabs-form-cure-2eme-generation-230v\\\/\"]}]},{\"@type\":\"ImageObject\",\"inLanguage\":\"fr-FR\",\"@id\":\"https:\\\/\\\/3d-edu.ch\\\/fr\\\/boutique\\\/formlabs-form-cure-2eme-generation-230v\\\/#primaryimage\",\"url\":\"https:\\\/\\\/3d-edu.ch\\\/wp-content\\\/uploads\\\/2025\\\/03\\\/formlabs-form-cure-2nd-generation-1.jpg\",\"contentUrl\":\"https:\\\/\\\/3d-edu.ch\\\/wp-content\\\/uploads\\\/2025\\\/03\\\/formlabs-form-cure-2nd-generation-1.jpg\",\"width\":600,\"height\":600,\"caption\":\"Formlabs Form Cure 2\u00e8me g\u00e9n\u00e9ration 1\"},{\"@type\":\"BreadcrumbList\",\"@id\":\"https:\\\/\\\/3d-edu.ch\\\/fr\\\/boutique\\\/formlabs-form-cure-2eme-generation-230v\\\/#breadcrumb\",\"itemListElement\":[{\"@type\":\"ListItem\",\"position\":1,\"name\":\"Accueil\",\"item\":\"https:\\\/\\\/3d-edu.ch\\\/fr\\\/\"},{\"@type\":\"ListItem\",\"position\":2,\"name\":\"Boutique\",\"item\":\"https:\\\/\\\/3d-edu.ch\\\/fr\\\/boutique\\\/\"},{\"@type\":\"ListItem\",\"position\":3,\"name\":\"Formlabs Form Cure V2\"}]},{\"@type\":\"WebSite\",\"@id\":\"https:\\\/\\\/3d-edu.ch\\\/fr\\\/#website\",\"url\":\"https:\\\/\\\/3d-edu.ch\\\/fr\\\/\",\"name\":\"3D-EDU GmbH\",\"description\":\"Your Formlabs, UltiMaker and Raise3D Printer Support and Education Site in Switzerland. \\\/\\\/ Ihre Formlabs, UltiMaker and Raise3D Drucker Support und Bildungs Webseite der Schweiz.\",\"publisher\":{\"@id\":\"https:\\\/\\\/3d-edu.ch\\\/fr\\\/#organization\"},\"potentialAction\":[{\"@type\":\"SearchAction\",\"target\":{\"@type\":\"EntryPoint\",\"urlTemplate\":\"https:\\\/\\\/3d-edu.ch\\\/fr\\\/?s={search_term_string}\"},\"query-input\":{\"@type\":\"PropertyValueSpecification\",\"valueRequired\":true,\"valueName\":\"search_term_string\"}}],\"inLanguage\":\"fr-FR\"},{\"@type\":[\"Organization\",\"Place\",\"ElectronicsStore\"],\"@id\":\"https:\\\/\\\/3d-edu.ch\\\/fr\\\/#organization\",\"name\":\"3D-EDU GmbH\",\"url\":\"https:\\\/\\\/3d-edu.ch\\\/fr\\\/\",\"logo\":{\"@id\":\"https:\\\/\\\/3d-edu.ch\\\/fr\\\/boutique\\\/formlabs-form-cure-2eme-generation-230v\\\/#local-main-organization-logo\"},\"image\":{\"@id\":\"https:\\\/\\\/3d-edu.ch\\\/fr\\\/boutique\\\/formlabs-form-cure-2eme-generation-230v\\\/#local-main-organization-logo\"},\"sameAs\":[\"https:\\\/\\\/www.facebook.com\\\/3d-educh-210277586064960\\\/\",\"https:\\\/\\\/x.com\\\/3d_edu_ch\"],\"address\":{\"@id\":\"https:\\\/\\\/3d-edu.ch\\\/fr\\\/boutique\\\/formlabs-form-cure-2eme-generation-230v\\\/#local-main-place-address\"},\"geo\":{\"@type\":\"GeoCoordinates\",\"latitude\":\"47.38413\",\"longitude\":\"8.49812\"},\"telephone\":[\"+41 44 492 11 22\"],\"openingHoursSpecification\":[{\"@type\":\"OpeningHoursSpecification\",\"dayOfWeek\":[\"Monday\",\"Tuesday\",\"Wednesday\",\"Thursday\",\"Friday\"],\"opens\":\"08:30\",\"closes\":\"18:00\"},{\"@type\":\"OpeningHoursSpecification\",\"dayOfWeek\":[\"Saturday\",\"Sunday\"],\"opens\":\"00:00\",\"closes\":\"00:00\"}],\"email\":\"info@3d-edu.ch\",\"faxNumber\":\"+41 44 492 11 23\",\"vatID\":\"CHE-184.499.491 MWST\",\"priceRange\":\"$$$\",\"currenciesAccepted\":\"CHF\"},{\"@type\":\"PostalAddress\",\"@id\":\"https:\\\/\\\/3d-edu.ch\\\/fr\\\/boutique\\\/formlabs-form-cure-2eme-generation-230v\\\/#local-main-place-address\",\"streetAddress\":\"3D-EDU GmbH, Badenerstrasse 556\",\"addressLocality\":\"Z\u00fcrich\",\"postalCode\":\"8048\",\"addressRegion\":\"Z\u00fcrich\",\"addressCountry\":\"CH\"},{\"@type\":\"ImageObject\",\"inLanguage\":\"fr-FR\",\"@id\":\"https:\\\/\\\/3d-edu.ch\\\/fr\\\/boutique\\\/formlabs-form-cure-2eme-generation-230v\\\/#local-main-organization-logo\",\"url\":\"https:\\\/\\\/3d-edu.ch\\\/wp-content\\\/uploads\\\/2018\\\/10\\\/3d-drucker-makerbot-formlabs-professionelle-3d-drucker-e1546527990490.png\",\"contentUrl\":\"https:\\\/\\\/3d-edu.ch\\\/wp-content\\\/uploads\\\/2018\\\/10\\\/3d-drucker-makerbot-formlabs-professionelle-3d-drucker-e1546527990490.png\",\"width\":275,\"height\":80,\"caption\":\"3D-EDU GmbH\"}]}<\/script>\n<meta property=\"product:brand\" content=\"Formlabs\" \/>\n<meta property=\"product:price:amount\" content=\"1022.45\" \/>\n<meta property=\"product:price:currency\" content=\"CHF\" \/>\n<meta property=\"og:availability\" content=\"instock\" \/>\n<meta property=\"product:availability\" content=\"instock\" \/>\n<meta property=\"product:retailer_item_id\" content=\"FH-CU-230V-02\" \/>\n<meta property=\"product:condition\" content=\"new\" \/>\n<meta name=\"geo.placename\" content=\"Z\u00fcrich\" \/>\n<meta name=\"geo.position\" content=\"47.38413;8.49812\" \/>\n<meta name=\"geo.region\" content=\"Suisse\" \/>\n<!-- \/ Yoast SEO Premium plugin. -->","yoast_head_json":{"title":"Formlabs Form Cure V2 %%page% - Test de durcissement aux UV","description":"Le Form Cure V2 230V compact de Formlabs assure une polym\u00e9risation UV fiable, rapide et professionnelle de vos impressions 3D en r\u00e9sine.","robots":{"index":"index","follow":"follow","max-snippet":"max-snippet:-1","max-image-preview":"max-image-preview:large","max-video-preview":"max-video-preview:-1"},"canonical":"https:\/\/3d-edu.ch\/fr\/boutique\/formlabs-form-cure-2eme-generation-230v\/","og_locale":"fr_FR","og_type":"article","og_title":"Formlabs Form Cure V2","og_description":"Le Form Cure V2 230V compact de Formlabs assure une polym\u00e9risation UV fiable, rapide et professionnelle de vos impressions 3D en r\u00e9sine.","og_url":"https:\/\/3d-edu.ch\/fr\/boutique\/formlabs-form-cure-2eme-generation-230v\/","og_site_name":"3D-EDU GmbH","article_publisher":"https:\/\/www.facebook.com\/3d-educh-210277586064960\/","article_modified_time":"2026-05-14T07:37:55+00:00","og_image":[{"url":"https:\/\/dedune53.myhostpoint.ch\/wp-content\/uploads\/2019\/01\/form-2-3d-printer.jpg","type":"","width":"","height":""}],"twitter_card":"summary_large_image","twitter_image":"https:\/\/dedune53.myhostpoint.ch\/wp-content\/uploads\/2019\/01\/formlabs-form-wash-formlabs-form-cure.jpg","twitter_site":"@3d_edu_ch","twitter_misc":{"Prix":"1'022.45&nbsp;&#67;&#72;&#70; hors TVA","Disponibilit\u00e9":"En stock"},"schema":{"@context":"https:\/\/schema.org","@graph":[{"@type":"WebPage","@id":"https:\/\/3d-edu.ch\/fr\/boutique\/formlabs-form-cure-2eme-generation-230v\/","url":"https:\/\/3d-edu.ch\/fr\/boutique\/formlabs-form-cure-2eme-generation-230v\/","name":"Formlabs Form Cure V2 %%page% - Test de durcissement aux UV","isPartOf":{"@id":"https:\/\/3d-edu.ch\/fr\/#website"},"primaryImageOfPage":{"@id":"https:\/\/3d-edu.ch\/fr\/boutique\/formlabs-form-cure-2eme-generation-230v\/#primaryimage"},"image":{"@id":"https:\/\/3d-edu.ch\/fr\/boutique\/formlabs-form-cure-2eme-generation-230v\/#primaryimage"},"thumbnailUrl":"https:\/\/3d-edu.ch\/wp-content\/uploads\/2025\/03\/formlabs-form-cure-2nd-generation-1.jpg","datePublished":"2025-03-24T10:35:53+00:00","dateModified":"2026-05-14T07:37:55+00:00","description":"Le Form Cure V2 230V compact de Formlabs assure une polym\u00e9risation UV fiable, rapide et professionnelle de vos impressions 3D en r\u00e9sine.","breadcrumb":{"@id":"https:\/\/3d-edu.ch\/fr\/boutique\/formlabs-form-cure-2eme-generation-230v\/#breadcrumb"},"inLanguage":"fr-FR","potentialAction":[{"@type":"ReadAction","target":["https:\/\/3d-edu.ch\/fr\/boutique\/formlabs-form-cure-2eme-generation-230v\/"]}]},{"@type":"ImageObject","inLanguage":"fr-FR","@id":"https:\/\/3d-edu.ch\/fr\/boutique\/formlabs-form-cure-2eme-generation-230v\/#primaryimage","url":"https:\/\/3d-edu.ch\/wp-content\/uploads\/2025\/03\/formlabs-form-cure-2nd-generation-1.jpg","contentUrl":"https:\/\/3d-edu.ch\/wp-content\/uploads\/2025\/03\/formlabs-form-cure-2nd-generation-1.jpg","width":600,"height":600,"caption":"Formlabs Form Cure 2\u00e8me g\u00e9n\u00e9ration 1"},{"@type":"BreadcrumbList","@id":"https:\/\/3d-edu.ch\/fr\/boutique\/formlabs-form-cure-2eme-generation-230v\/#breadcrumb","itemListElement":[{"@type":"ListItem","position":1,"name":"Accueil","item":"https:\/\/3d-edu.ch\/fr\/"},{"@type":"ListItem","position":2,"name":"Boutique","item":"https:\/\/3d-edu.ch\/fr\/boutique\/"},{"@type":"ListItem","position":3,"name":"Formlabs Form Cure V2"}]},{"@type":"WebSite","@id":"https:\/\/3d-edu.ch\/fr\/#website","url":"https:\/\/3d-edu.ch\/fr\/","name":"3D-EDU GmbH","description":"Your Formlabs, UltiMaker and Raise3D Printer Support and Education Site in Switzerland. \/\/ Ihre Formlabs, UltiMaker and Raise3D Drucker Support und Bildungs Webseite der Schweiz.","publisher":{"@id":"https:\/\/3d-edu.ch\/fr\/#organization"},"potentialAction":[{"@type":"SearchAction","target":{"@type":"EntryPoint","urlTemplate":"https:\/\/3d-edu.ch\/fr\/?s={search_term_string}"},"query-input":{"@type":"PropertyValueSpecification","valueRequired":true,"valueName":"search_term_string"}}],"inLanguage":"fr-FR"},{"@type":["Organization","Place","ElectronicsStore"],"@id":"https:\/\/3d-edu.ch\/fr\/#organization","name":"3D-EDU GmbH","url":"https:\/\/3d-edu.ch\/fr\/","logo":{"@id":"https:\/\/3d-edu.ch\/fr\/boutique\/formlabs-form-cure-2eme-generation-230v\/#local-main-organization-logo"},"image":{"@id":"https:\/\/3d-edu.ch\/fr\/boutique\/formlabs-form-cure-2eme-generation-230v\/#local-main-organization-logo"},"sameAs":["https:\/\/www.facebook.com\/3d-educh-210277586064960\/","https:\/\/x.com\/3d_edu_ch"],"address":{"@id":"https:\/\/3d-edu.ch\/fr\/boutique\/formlabs-form-cure-2eme-generation-230v\/#local-main-place-address"},"geo":{"@type":"GeoCoordinates","latitude":"47.38413","longitude":"8.49812"},"telephone":["+41 44 492 11 22"],"openingHoursSpecification":[{"@type":"OpeningHoursSpecification","dayOfWeek":["Monday","Tuesday","Wednesday","Thursday","Friday"],"opens":"08:30","closes":"18:00"},{"@type":"OpeningHoursSpecification","dayOfWeek":["Saturday","Sunday"],"opens":"00:00","closes":"00:00"}],"email":"info@3d-edu.ch","faxNumber":"+41 44 492 11 23","vatID":"CHE-184.499.491 MWST","priceRange":"$$$","currenciesAccepted":"CHF"},{"@type":"PostalAddress","@id":"https:\/\/3d-edu.ch\/fr\/boutique\/formlabs-form-cure-2eme-generation-230v\/#local-main-place-address","streetAddress":"3D-EDU GmbH, Badenerstrasse 556","addressLocality":"Z\u00fcrich","postalCode":"8048","addressRegion":"Z\u00fcrich","addressCountry":"CH"},{"@type":"ImageObject","inLanguage":"fr-FR","@id":"https:\/\/3d-edu.ch\/fr\/boutique\/formlabs-form-cure-2eme-generation-230v\/#local-main-organization-logo","url":"https:\/\/3d-edu.ch\/wp-content\/uploads\/2018\/10\/3d-drucker-makerbot-formlabs-professionelle-3d-drucker-e1546527990490.png","contentUrl":"https:\/\/3d-edu.ch\/wp-content\/uploads\/2018\/10\/3d-drucker-makerbot-formlabs-professionelle-3d-drucker-e1546527990490.png","width":275,"height":80,"caption":"3D-EDU GmbH"}]},"product_brand":"Formlabs","product_price_amount":"1022.45","product_price_currency":"CHF","og_availability":"instock","product_availability":"instock","product_retailer_item_id":"FH-CU-230V-02","product_condition":"new","geo.placename":"Z\u00fcrich","geo.position":{"lat":"47.38413","long":"8.49812"},"geo.region":"Suisse"},"_links":{"self":[{"href":"https:\/\/3d-edu.ch\/fr\/wp-json\/wp\/v2\/product\/75662","targetHints":{"allow":["GET"]}}],"collection":[{"href":"https:\/\/3d-edu.ch\/fr\/wp-json\/wp\/v2\/product"}],"about":[{"href":"https:\/\/3d-edu.ch\/fr\/wp-json\/wp\/v2\/types\/product"}],"replies":[{"embeddable":true,"href":"https:\/\/3d-edu.ch\/fr\/wp-json\/wp\/v2\/comments?post=75662"}],"wp:featuredmedia":[{"embeddable":true,"href":"https:\/\/3d-edu.ch\/fr\/wp-json\/wp\/v2\/media\/72242"}],"wp:attachment":[{"href":"https:\/\/3d-edu.ch\/fr\/wp-json\/wp\/v2\/media?parent=75662"}],"wp:term":[{"taxonomy":"product_brand","embeddable":true,"href":"https:\/\/3d-edu.ch\/fr\/wp-json\/wp\/v2\/product_brand?post=75662"},{"taxonomy":"product_cat","embeddable":true,"href":"https:\/\/3d-edu.ch\/fr\/wp-json\/wp\/v2\/product_cat?post=75662"},{"taxonomy":"product_tag","embeddable":true,"href":"https:\/\/3d-edu.ch\/fr\/wp-json\/wp\/v2\/product_tag?post=75662"}],"curies":[{"name":"wp","href":"https:\/\/api.w.org\/{rel}","templated":true}]}}