{"id":75640,"date":"2024-11-12T16:04:20","date_gmt":"2024-11-12T16:04:20","guid":{"rendered":"https:\/\/3d-edu.ch\/shop\/imprimante-3d-makerbot-sketch-sprint\/"},"modified":"2026-04-14T16:56:07","modified_gmt":"2026-04-14T14:56:07","slug":"imprimante-3d-makerbot-sketch-sprint","status":"publish","type":"product","link":"https:\/\/3d-edu.ch\/fr\/boutique\/imprimante-3d-makerbot-sketch-sprint\/","title":{"rendered":"Imprimante 3D MakerBot Sketch Sprint"},"content":{"rendered":"<h1>Imprimante 3D MakerBot Sketch Sprint<\/h1>\n<h3>Inclus dans la livraison<\/h3>\n<p><strong>Mat\u00e9riel informatique :<\/strong><\/p>\n<ul>\n<li>1 imprimante 3D MakerBot Sprint (garantie de 1 an)<\/li>\n<li>2 bobines de PLA, 0,25kg (1 bleue, 1 orange)<\/li>\n<li>1 plate-forme de construction<\/li>\n<li>1 embout (0,4 mm)<\/li>\n<li>1 couvercle de bobine<\/li>\n<li>C\u00e2ble d&rsquo;alimentation CH<\/li>\n<\/ul>\n<p><strong>Accessoires :<\/strong><\/p>\n<ul>\n<li>Kit d&rsquo;outils Sprint<\/li>\n<li>Graisse lubrifiante<\/li>\n<li>Aiguille &amp; tournevis<\/li>\n<li>Pince coupante<\/li>\n<li>Kit de cl\u00e9s hexagonales<\/li>\n<\/ul>\n<p><strong>Logiciels et formation :<\/strong><\/p>\n<ul>\n<li>UltiMaker Digital Factory &amp; Cura Cloud<\/li>\n<li>1 an de garantie constructeur<\/li>\n<li>1 si\u00e8ge \u00e0 MakerBot Certification&#x2122; pour les enseignants (anglais)<\/li>\n<li>5 si\u00e8ges dans MakerBot Certification&#x2122; pour les \u00e9l\u00e8ves\/\u00e9tudiants (anglais)<\/li>\n<\/ul>\n<div class=\"accordion\">\n\t<div id=\"accordion-1672805229\" class=\"accordion-item\">\n\t\t<a id=\"accordion-1672805229-label\" class=\"accordion-title plain\" href=\"#accordion-item-plus-d&#039;informations\" aria-expanded=\"false\" aria-controls=\"accordion-1672805229-content\">\n\t\t\t<button class=\"toggle\" aria-label=\"Basculer\"><i class=\"icon-angle-down\" aria-hidden=\"true\"><\/i><\/button>\n\t\t\t<span>Plus d&#039;informations<\/span>\n\t\t<\/a>\n\t\t<div id=\"accordion-1672805229-content\" class=\"accordion-inner\" aria-labelledby=\"accordion-1672805229-label\">\n\t\t\t\n<p>L&rsquo;imprimante 3D MakerBot Sketch Sprint offre une solution rapide, s\u00fbre et facile \u00e0 utiliser en classe. Avec une vitesse d&rsquo;impression de 250 mm\/s, elle permet d&rsquo;exploiter au maximum le temps pass\u00e9 en classe. Gr\u00e2ce \u00e0 des ressources et des certifications compl\u00e8tes, elle aide les enseignants et les \u00e9l\u00e8ves \u00e0 int\u00e9grer l&rsquo;impression 3D dans leur enseignement.  <\/p>\n<h2>Points cl\u00e9s de MakerBot Sprint<\/h2>\n<ul>\n<li>Vitesse d&rsquo;impression de 250 mm\/s pour une efficacit\u00e9 maximale<\/li>\n<li>Construction enti\u00e8rement ferm\u00e9e pour une s\u00e9curit\u00e9 maximale<\/li>\n<li>Fonctions conviviales telles que le r\u00e9glage de la hauteur Z en direct<\/li>\n<li>Des programmes complets de formation et de certification<\/li>\n<li>Compatible avec les filaments MakerBot PLA et Tough PLA<\/li>\n<\/ul>\n\t\t<\/div>\n\t<\/div>\n\t\n<\/div>\n","protected":false},"excerpt":{"rendered":"<h3>Imprimante 3D MakerBot Sketch Sprint<\/h3>\n<p>L&rsquo;imprimante 3D MakerBot Sketch Sprint est la solution id\u00e9ale pour les \u00e9tablissements d&rsquo;enseignement qui souhaitent int\u00e9grer l&rsquo;impression 3D dans leurs cours. Gr\u00e2ce \u00e0 sa technologie conviviale et \u00e0 son assistance compl\u00e8te, l&rsquo;imprimante s&rsquo;adresse aux enseignants et aux \u00e9l\u00e8ves de tous les niveaux d&rsquo;exp\u00e9rience. <\/p>\n<h3><strong>Donn\u00e9es techniques  <\/strong><\/h3>\n<table>\n<tbody>\n<tr>\n<td><strong>Technologie d&rsquo;impression<\/strong><\/td>\n<td><span class=\"attribute-value\">Mod\u00e9lisation par d\u00e9p\u00f4t en fusion (Fused Deposition Modeling - FDM) <\/span><\/td>\n<\/tr>\n<tr>\n<td><strong>Vitesse d&rsquo;impression<\/strong><\/td>\n<td>Max : jusqu&rsquo;\u00e0 250 mm\/sec.<\/td>\n<\/tr>\n<tr>\n<td><strong>R\u00e9solution du film<\/strong><\/td>\n<td><span class=\"attribute-value\">200 microns (avec buse de 0,4 mm) <\/span><\/td>\n<\/tr>\n<tr>\n<td><strong>Nombre max. Volume de construction <\/strong><\/td>\n<td><span class=\"attribute-value\">220 mm x 220 mm x 220 mm<\/span><\/td>\n<\/tr>\n<tr>\n<td><strong>Mat\u00e9riaux pris en charge<\/strong><\/td>\n<td>MakerBot PLA et Tough PLA<\/td>\n<\/tr>\n<tr>\n<td><strong>Max. Temp\u00e9rature de la plaque chauffante <\/strong><\/td>\n<td>110\u00b0C<\/td>\n<\/tr>\n<tr>\n<td><span class=\"attribute-head\"><strong>Diam\u00e8tre du filament<\/strong> <\/span><\/td>\n<td>1,75 mm<\/td>\n<\/tr>\n<tr>\n<td><strong>Nombre de t\u00eates d&rsquo;impression<\/strong><\/td>\n<td>1 (interchangeable) <span class=\"attribute-value\">T\u00eate d&rsquo;impression mono-extrusion <\/span><\/td>\n<\/tr>\n<tr>\n<td><strong>Diam\u00e8tre de la buse<\/strong><\/td>\n<td>0,4 mm<\/td>\n<\/tr>\n<tr>\n<td><strong>Mat\u00e9riau des buses<\/strong><\/td>\n<td>Acier inoxydable (SU304)<\/td>\n<\/tr>\n<tr>\n<td><strong>\u00c9cran<\/strong><\/td>\n<td>\u00c9cran tactile couleur<\/td>\n<\/tr>\n<tr>\n<td><strong>Plate-forme de construction<\/strong><\/td>\n<td>Chauff\u00e9 avec surface flexible d\u00e9tachable<\/td>\n<\/tr>\n<tr>\n<td><strong>Surface des panneaux de construction<\/strong><\/td>\n<td>\n<div class=\"col-md-3 col-xs-6\"><span class=\"attribute-value\">  Plaque d&rsquo;acier flexible  <\/span><\/div>\n<\/td>\n<\/tr>\n<tr>\n<td><strong>Temp\u00e9rature de travail<\/strong><\/td>\n<td>\n<div class=\"col-md-3 col-xs-6\"><span class=\"attribute-value\">  15 - 32 \u00b0C  <\/span><\/div>\n<\/td>\n<\/tr>\n<tr>\n<td><span class=\"attribute-head\"><strong>Temp\u00e9rature de stockage<\/strong> <\/span><\/td>\n<td>\n<div class=\"col-md-3 col-xs-6\"><span class=\"attribute-value\">  0 - 32 \u00b0C  <\/span><\/div>\n<\/td>\n<\/tr>\n<tr>\n<td><strong>Filtre<\/strong><\/td>\n<td><span class=\"attribute-value\">Filtre HEPA rempla\u00e7able, filtre \u00e0 charbon<\/span><\/td>\n<\/tr>\n<tr>\n<td><strong>Taille du produit<\/strong><\/td>\n<td>452mm (H) x 400mm (W) x 466mm (D)<\/td>\n<\/tr>\n<tr>\n<td><strong>Poids<\/strong><\/td>\n<td><span class=\"attribute-value\">22,26 kg<\/span><\/td>\n<\/tr>\n<tr>\n<td><strong>Poids d&rsquo;exp\u00e9dition<\/strong><\/td>\n<td>22.26kg<\/td>\n<\/tr>\n<tr>\n<td><strong>Carton d&rsquo;exp\u00e9dition<\/strong><\/td>\n<td>675mm (H) x 569mm (L) x 591mm (P)<\/td>\n<\/tr>\n<tr>\n<td><strong>Logiciel<\/strong><\/td>\n<td><span class=\"attribute-value\">UltiMaker Cura, UltiMaker Digital Factory (gestion des imprimantes) <\/span><\/td>\n<\/tr>\n<tr>\n<td><strong>Types de fichiers<\/strong><\/td>\n<td><span class=\"attribute-value\">STL, OBJ, X3D, 3MF, BMP, GIF, JPG, PN, .makerbot <\/span><\/td>\n<\/tr>\n<tr>\n<td><strong><span class=\"attribute-head\">Syst\u00e8mes d&rsquo;exploitation support\u00e9s <\/span><\/strong><\/td>\n<td><span class=\"attribute-value\">MacOS, Windows, Chromebooks<\/span><\/td>\n<\/tr>\n<\/tbody>\n<\/table>\n","protected":false},"featured_media":71574,"comment_status":"closed","ping_status":"closed","template":"","meta":[],"product_brand":[],"product_cat":[7915,7918,8206],"product_tag":[8207,8208,8185,8265],"class_list":{"0":"post-75640","1":"product","2":"type-product","3":"status-publish","4":"has-post-thumbnail","6":"product_cat-imprimantes-3d-fr-3","7":"product_cat-imprimantes-3d-de-la-serie-sketch-fr","8":"product_cat-ultimaker","9":"product_tag-imprimante-3d","10":"product_tag-imprimante-3d-fdm","11":"product_tag-makerbot","12":"product_tag-sprint","14":"first","15":"instock","16":"taxable","17":"shipping-taxable","18":"purchasable","19":"product-type-simple"},"yoast_head":"<!-- This site is optimized with the Yoast SEO Premium plugin v27.4 (Yoast SEO v27.4) - https:\/\/yoast.com\/product\/yoast-seo-premium-wordpress\/ -->\n<title>Imprimante 3D MakerBot Sketch Sprint acheter - revendeur suisse - 3D-EDU GmbH<\/title>\n<meta name=\"description\" content=\"L&#039;imprimante 3D MakerBot Sketch Sprint est la solution id\u00e9ale pour les \u00e9tablissements d&#039;enseignement qui souhaitent int\u00e9grer l&#039;impression 3D dans leurs cours. Gr\u00e2ce \u00e0 sa technologie conviviale et \u00e0 son assistance compl\u00e8te, l&#039;imprimante s&#039;adresse aux enseignants et aux \u00e9l\u00e8ves de tous les niveaux d&#039;exp\u00e9rience.\" \/>\n<meta name=\"robots\" content=\"index, follow, max-snippet:-1, max-image-preview:large, max-video-preview:-1\" \/>\n<link rel=\"canonical\" href=\"https:\/\/3d-edu.ch\/fr\/boutique\/imprimante-3d-makerbot-sketch-sprint\/\" \/>\n<meta property=\"og:locale\" content=\"fr_FR\" \/>\n<meta property=\"og:type\" content=\"article\" \/>\n<meta property=\"og:title\" content=\"Imprimante 3D MakerBot Sketch Sprint\" \/>\n<meta property=\"og:description\" content=\"L&#039;imprimante 3D MakerBot Sketch Sprint est la solution id\u00e9ale pour les \u00e9tablissements d&#039;enseignement qui souhaitent int\u00e9grer l&#039;impression 3D dans leurs cours. Gr\u00e2ce \u00e0 sa technologie conviviale et \u00e0 son assistance compl\u00e8te, l&#039;imprimante s&#039;adresse aux enseignants et aux \u00e9l\u00e8ves de tous les niveaux d&#039;exp\u00e9rience.\" \/>\n<meta property=\"og:url\" content=\"https:\/\/3d-edu.ch\/fr\/boutique\/imprimante-3d-makerbot-sketch-sprint\/\" \/>\n<meta property=\"og:site_name\" content=\"3D-EDU GmbH\" \/>\n<meta property=\"article:publisher\" content=\"https:\/\/www.facebook.com\/3d-educh-210277586064960\/\" \/>\n<meta property=\"article:modified_time\" content=\"2026-04-14T14:56:07+00:00\" \/>\n<meta property=\"og:image\" content=\"https:\/\/3d-edu.ch\/wp-content\/uploads\/2024\/11\/makerbot-sketch-sprint-3d-drucker2.jpg\" \/>\n\t<meta property=\"og:image:width\" content=\"800\" \/>\n\t<meta property=\"og:image:height\" content=\"800\" \/>\n\t<meta property=\"og:image:type\" content=\"image\/jpeg\" \/>\n<meta name=\"twitter:card\" content=\"summary_large_image\" \/>\n<meta name=\"twitter:site\" content=\"@3d_edu_ch\" \/>\n<meta name=\"twitter:label1\" content=\"Prix\" \/>\n\t<meta name=\"twitter:data1\" content=\"1&#039;883.81&nbsp;&#067;&#072;&#070; hors TVA\" \/>\n\t<meta name=\"twitter:label2\" content=\"Disponibilit\u00e9\" \/>\n\t<meta name=\"twitter:data2\" content=\"En stock\" \/>\n<script type=\"application\/ld+json\" class=\"yoast-schema-graph\">{\"@context\":\"https:\\\/\\\/schema.org\",\"@graph\":[{\"@type\":\"WebPage\",\"@id\":\"https:\\\/\\\/3d-edu.ch\\\/fr\\\/boutique\\\/imprimante-3d-makerbot-sketch-sprint\\\/\",\"url\":\"https:\\\/\\\/3d-edu.ch\\\/fr\\\/boutique\\\/imprimante-3d-makerbot-sketch-sprint\\\/\",\"name\":\"Imprimante 3D MakerBot Sketch Sprint acheter - revendeur suisse - 3D-EDU GmbH\",\"isPartOf\":{\"@id\":\"https:\\\/\\\/3d-edu.ch\\\/fr\\\/#website\"},\"primaryImageOfPage\":{\"@id\":\"https:\\\/\\\/3d-edu.ch\\\/fr\\\/boutique\\\/imprimante-3d-makerbot-sketch-sprint\\\/#primaryimage\"},\"image\":{\"@id\":\"https:\\\/\\\/3d-edu.ch\\\/fr\\\/boutique\\\/imprimante-3d-makerbot-sketch-sprint\\\/#primaryimage\"},\"thumbnailUrl\":\"https:\\\/\\\/3d-edu.ch\\\/wp-content\\\/uploads\\\/2024\\\/11\\\/makerbot-sketch-sprint-3d-drucker2.jpg\",\"datePublished\":\"2024-11-12T16:04:20+00:00\",\"dateModified\":\"2026-04-14T14:56:07+00:00\",\"description\":\"L'imprimante 3D MakerBot Sketch Sprint est la solution id\u00e9ale pour les \u00e9tablissements d'enseignement qui souhaitent int\u00e9grer l'impression 3D dans leurs cours. Gr\u00e2ce \u00e0 sa technologie conviviale et \u00e0 son assistance compl\u00e8te, l'imprimante s'adresse aux enseignants et aux \u00e9l\u00e8ves de tous les niveaux d'exp\u00e9rience.\",\"breadcrumb\":{\"@id\":\"https:\\\/\\\/3d-edu.ch\\\/fr\\\/boutique\\\/imprimante-3d-makerbot-sketch-sprint\\\/#breadcrumb\"},\"inLanguage\":\"fr-FR\",\"potentialAction\":[{\"@type\":\"ReadAction\",\"target\":[\"https:\\\/\\\/3d-edu.ch\\\/fr\\\/boutique\\\/imprimante-3d-makerbot-sketch-sprint\\\/\"]}]},{\"@type\":\"ImageObject\",\"inLanguage\":\"fr-FR\",\"@id\":\"https:\\\/\\\/3d-edu.ch\\\/fr\\\/boutique\\\/imprimante-3d-makerbot-sketch-sprint\\\/#primaryimage\",\"url\":\"https:\\\/\\\/3d-edu.ch\\\/wp-content\\\/uploads\\\/2024\\\/11\\\/makerbot-sketch-sprint-3d-drucker2.jpg\",\"contentUrl\":\"https:\\\/\\\/3d-edu.ch\\\/wp-content\\\/uploads\\\/2024\\\/11\\\/makerbot-sketch-sprint-3d-drucker2.jpg\",\"width\":800,\"height\":800},{\"@type\":\"BreadcrumbList\",\"@id\":\"https:\\\/\\\/3d-edu.ch\\\/fr\\\/boutique\\\/imprimante-3d-makerbot-sketch-sprint\\\/#breadcrumb\",\"itemListElement\":[{\"@type\":\"ListItem\",\"position\":1,\"name\":\"Accueil\",\"item\":\"https:\\\/\\\/3d-edu.ch\\\/fr\\\/\"},{\"@type\":\"ListItem\",\"position\":2,\"name\":\"Boutique\",\"item\":\"https:\\\/\\\/3d-edu.ch\\\/fr\\\/boutique\\\/\"},{\"@type\":\"ListItem\",\"position\":3,\"name\":\"Imprimante 3D MakerBot Sketch Sprint\"}]},{\"@type\":\"WebSite\",\"@id\":\"https:\\\/\\\/3d-edu.ch\\\/fr\\\/#website\",\"url\":\"https:\\\/\\\/3d-edu.ch\\\/fr\\\/\",\"name\":\"3D-EDU GmbH\",\"description\":\"Your Formlabs, UltiMaker and Raise3D Printer Support and Education Site in Switzerland. \\\/\\\/ Ihre Formlabs, UltiMaker and Raise3D Drucker Support und Bildungs Webseite der Schweiz.\",\"publisher\":{\"@id\":\"https:\\\/\\\/3d-edu.ch\\\/fr\\\/#organization\"},\"potentialAction\":[{\"@type\":\"SearchAction\",\"target\":{\"@type\":\"EntryPoint\",\"urlTemplate\":\"https:\\\/\\\/3d-edu.ch\\\/fr\\\/?s={search_term_string}\"},\"query-input\":{\"@type\":\"PropertyValueSpecification\",\"valueRequired\":true,\"valueName\":\"search_term_string\"}}],\"inLanguage\":\"fr-FR\"},{\"@type\":[\"Organization\",\"Place\",\"ElectronicsStore\"],\"@id\":\"https:\\\/\\\/3d-edu.ch\\\/fr\\\/#organization\",\"name\":\"3D-EDU GmbH\",\"url\":\"https:\\\/\\\/3d-edu.ch\\\/fr\\\/\",\"logo\":{\"@id\":\"https:\\\/\\\/3d-edu.ch\\\/fr\\\/boutique\\\/imprimante-3d-makerbot-sketch-sprint\\\/#local-main-organization-logo\"},\"image\":{\"@id\":\"https:\\\/\\\/3d-edu.ch\\\/fr\\\/boutique\\\/imprimante-3d-makerbot-sketch-sprint\\\/#local-main-organization-logo\"},\"sameAs\":[\"https:\\\/\\\/www.facebook.com\\\/3d-educh-210277586064960\\\/\",\"https:\\\/\\\/x.com\\\/3d_edu_ch\"],\"address\":{\"@id\":\"https:\\\/\\\/3d-edu.ch\\\/fr\\\/boutique\\\/imprimante-3d-makerbot-sketch-sprint\\\/#local-main-place-address\"},\"geo\":{\"@type\":\"GeoCoordinates\",\"latitude\":\"47.38413\",\"longitude\":\"8.49812\"},\"telephone\":[\"+41 44 492 11 22\"],\"openingHoursSpecification\":[{\"@type\":\"OpeningHoursSpecification\",\"dayOfWeek\":[\"Monday\",\"Tuesday\",\"Wednesday\",\"Thursday\",\"Friday\"],\"opens\":\"08:30\",\"closes\":\"18:00\"},{\"@type\":\"OpeningHoursSpecification\",\"dayOfWeek\":[\"Saturday\",\"Sunday\"],\"opens\":\"00:00\",\"closes\":\"00:00\"}],\"email\":\"info@3d-edu.ch\",\"faxNumber\":\"+41 44 492 11 23\",\"vatID\":\"CHE-184.499.491 MWST\",\"priceRange\":\"$$$\",\"currenciesAccepted\":\"CHF\"},{\"@type\":\"PostalAddress\",\"@id\":\"https:\\\/\\\/3d-edu.ch\\\/fr\\\/boutique\\\/imprimante-3d-makerbot-sketch-sprint\\\/#local-main-place-address\",\"streetAddress\":\"3D-EDU GmbH, Badenerstrasse 556\",\"addressLocality\":\"Z\u00fcrich\",\"postalCode\":\"8048\",\"addressRegion\":\"Z\u00fcrich\",\"addressCountry\":\"CH\"},{\"@type\":\"ImageObject\",\"inLanguage\":\"fr-FR\",\"@id\":\"https:\\\/\\\/3d-edu.ch\\\/fr\\\/boutique\\\/imprimante-3d-makerbot-sketch-sprint\\\/#local-main-organization-logo\",\"url\":\"https:\\\/\\\/3d-edu.ch\\\/wp-content\\\/uploads\\\/2018\\\/10\\\/3d-drucker-makerbot-formlabs-professionelle-3d-drucker-e1546527990490.png\",\"contentUrl\":\"https:\\\/\\\/3d-edu.ch\\\/wp-content\\\/uploads\\\/2018\\\/10\\\/3d-drucker-makerbot-formlabs-professionelle-3d-drucker-e1546527990490.png\",\"width\":275,\"height\":80,\"caption\":\"3D-EDU GmbH\"}]}<\/script>\n<meta property=\"product:brand\" content=\"Imprimantes 3D\" \/>\n<meta property=\"product:price:amount\" content=\"1883.81\" \/>\n<meta property=\"product:price:currency\" content=\"CHF\" \/>\n<meta property=\"og:availability\" content=\"instock\" \/>\n<meta property=\"product:availability\" content=\"instock\" \/>\n<meta property=\"product:retailer_item_id\" content=\"SKETCH-Sprint\" \/>\n<meta property=\"product:condition\" content=\"new\" \/>\n<meta name=\"geo.placename\" content=\"Z\u00fcrich\" \/>\n<meta name=\"geo.position\" content=\"47.38413;8.49812\" \/>\n<meta name=\"geo.region\" content=\"Suisse\" \/>\n<!-- \/ Yoast SEO Premium plugin. -->","yoast_head_json":{"title":"Imprimante 3D MakerBot Sketch Sprint acheter - revendeur suisse - 3D-EDU GmbH","description":"L'imprimante 3D MakerBot Sketch Sprint est la solution id\u00e9ale pour les \u00e9tablissements d'enseignement qui souhaitent int\u00e9grer l'impression 3D dans leurs cours. Gr\u00e2ce \u00e0 sa technologie conviviale et \u00e0 son assistance compl\u00e8te, l'imprimante s'adresse aux enseignants et aux \u00e9l\u00e8ves de tous les niveaux d'exp\u00e9rience.","robots":{"index":"index","follow":"follow","max-snippet":"max-snippet:-1","max-image-preview":"max-image-preview:large","max-video-preview":"max-video-preview:-1"},"canonical":"https:\/\/3d-edu.ch\/fr\/boutique\/imprimante-3d-makerbot-sketch-sprint\/","og_locale":"fr_FR","og_type":"article","og_title":"Imprimante 3D MakerBot Sketch Sprint","og_description":"L'imprimante 3D MakerBot Sketch Sprint est la solution id\u00e9ale pour les \u00e9tablissements d'enseignement qui souhaitent int\u00e9grer l'impression 3D dans leurs cours. Gr\u00e2ce \u00e0 sa technologie conviviale et \u00e0 son assistance compl\u00e8te, l'imprimante s'adresse aux enseignants et aux \u00e9l\u00e8ves de tous les niveaux d'exp\u00e9rience.","og_url":"https:\/\/3d-edu.ch\/fr\/boutique\/imprimante-3d-makerbot-sketch-sprint\/","og_site_name":"3D-EDU GmbH","article_publisher":"https:\/\/www.facebook.com\/3d-educh-210277586064960\/","article_modified_time":"2026-04-14T14:56:07+00:00","og_image":[{"width":800,"height":800,"url":"https:\/\/3d-edu.ch\/wp-content\/uploads\/2024\/11\/makerbot-sketch-sprint-3d-drucker2.jpg","type":"image\/jpeg"}],"twitter_card":"summary_large_image","twitter_site":"@3d_edu_ch","twitter_misc":{"Prix":"1'883.81&nbsp;&#67;&#72;&#70; hors TVA","Disponibilit\u00e9":"En stock"},"schema":{"@context":"https:\/\/schema.org","@graph":[{"@type":"WebPage","@id":"https:\/\/3d-edu.ch\/fr\/boutique\/imprimante-3d-makerbot-sketch-sprint\/","url":"https:\/\/3d-edu.ch\/fr\/boutique\/imprimante-3d-makerbot-sketch-sprint\/","name":"Imprimante 3D MakerBot Sketch Sprint acheter - revendeur suisse - 3D-EDU GmbH","isPartOf":{"@id":"https:\/\/3d-edu.ch\/fr\/#website"},"primaryImageOfPage":{"@id":"https:\/\/3d-edu.ch\/fr\/boutique\/imprimante-3d-makerbot-sketch-sprint\/#primaryimage"},"image":{"@id":"https:\/\/3d-edu.ch\/fr\/boutique\/imprimante-3d-makerbot-sketch-sprint\/#primaryimage"},"thumbnailUrl":"https:\/\/3d-edu.ch\/wp-content\/uploads\/2024\/11\/makerbot-sketch-sprint-3d-drucker2.jpg","datePublished":"2024-11-12T16:04:20+00:00","dateModified":"2026-04-14T14:56:07+00:00","description":"L'imprimante 3D MakerBot Sketch Sprint est la solution id\u00e9ale pour les \u00e9tablissements d'enseignement qui souhaitent int\u00e9grer l'impression 3D dans leurs cours. Gr\u00e2ce \u00e0 sa technologie conviviale et \u00e0 son assistance compl\u00e8te, l'imprimante s'adresse aux enseignants et aux \u00e9l\u00e8ves de tous les niveaux d'exp\u00e9rience.","breadcrumb":{"@id":"https:\/\/3d-edu.ch\/fr\/boutique\/imprimante-3d-makerbot-sketch-sprint\/#breadcrumb"},"inLanguage":"fr-FR","potentialAction":[{"@type":"ReadAction","target":["https:\/\/3d-edu.ch\/fr\/boutique\/imprimante-3d-makerbot-sketch-sprint\/"]}]},{"@type":"ImageObject","inLanguage":"fr-FR","@id":"https:\/\/3d-edu.ch\/fr\/boutique\/imprimante-3d-makerbot-sketch-sprint\/#primaryimage","url":"https:\/\/3d-edu.ch\/wp-content\/uploads\/2024\/11\/makerbot-sketch-sprint-3d-drucker2.jpg","contentUrl":"https:\/\/3d-edu.ch\/wp-content\/uploads\/2024\/11\/makerbot-sketch-sprint-3d-drucker2.jpg","width":800,"height":800},{"@type":"BreadcrumbList","@id":"https:\/\/3d-edu.ch\/fr\/boutique\/imprimante-3d-makerbot-sketch-sprint\/#breadcrumb","itemListElement":[{"@type":"ListItem","position":1,"name":"Accueil","item":"https:\/\/3d-edu.ch\/fr\/"},{"@type":"ListItem","position":2,"name":"Boutique","item":"https:\/\/3d-edu.ch\/fr\/boutique\/"},{"@type":"ListItem","position":3,"name":"Imprimante 3D MakerBot Sketch Sprint"}]},{"@type":"WebSite","@id":"https:\/\/3d-edu.ch\/fr\/#website","url":"https:\/\/3d-edu.ch\/fr\/","name":"3D-EDU GmbH","description":"Your Formlabs, UltiMaker and Raise3D Printer Support and Education Site in Switzerland. \/\/ Ihre Formlabs, UltiMaker and Raise3D Drucker Support und Bildungs Webseite der Schweiz.","publisher":{"@id":"https:\/\/3d-edu.ch\/fr\/#organization"},"potentialAction":[{"@type":"SearchAction","target":{"@type":"EntryPoint","urlTemplate":"https:\/\/3d-edu.ch\/fr\/?s={search_term_string}"},"query-input":{"@type":"PropertyValueSpecification","valueRequired":true,"valueName":"search_term_string"}}],"inLanguage":"fr-FR"},{"@type":["Organization","Place","ElectronicsStore"],"@id":"https:\/\/3d-edu.ch\/fr\/#organization","name":"3D-EDU GmbH","url":"https:\/\/3d-edu.ch\/fr\/","logo":{"@id":"https:\/\/3d-edu.ch\/fr\/boutique\/imprimante-3d-makerbot-sketch-sprint\/#local-main-organization-logo"},"image":{"@id":"https:\/\/3d-edu.ch\/fr\/boutique\/imprimante-3d-makerbot-sketch-sprint\/#local-main-organization-logo"},"sameAs":["https:\/\/www.facebook.com\/3d-educh-210277586064960\/","https:\/\/x.com\/3d_edu_ch"],"address":{"@id":"https:\/\/3d-edu.ch\/fr\/boutique\/imprimante-3d-makerbot-sketch-sprint\/#local-main-place-address"},"geo":{"@type":"GeoCoordinates","latitude":"47.38413","longitude":"8.49812"},"telephone":["+41 44 492 11 22"],"openingHoursSpecification":[{"@type":"OpeningHoursSpecification","dayOfWeek":["Monday","Tuesday","Wednesday","Thursday","Friday"],"opens":"08:30","closes":"18:00"},{"@type":"OpeningHoursSpecification","dayOfWeek":["Saturday","Sunday"],"opens":"00:00","closes":"00:00"}],"email":"info@3d-edu.ch","faxNumber":"+41 44 492 11 23","vatID":"CHE-184.499.491 MWST","priceRange":"$$$","currenciesAccepted":"CHF"},{"@type":"PostalAddress","@id":"https:\/\/3d-edu.ch\/fr\/boutique\/imprimante-3d-makerbot-sketch-sprint\/#local-main-place-address","streetAddress":"3D-EDU GmbH, Badenerstrasse 556","addressLocality":"Z\u00fcrich","postalCode":"8048","addressRegion":"Z\u00fcrich","addressCountry":"CH"},{"@type":"ImageObject","inLanguage":"fr-FR","@id":"https:\/\/3d-edu.ch\/fr\/boutique\/imprimante-3d-makerbot-sketch-sprint\/#local-main-organization-logo","url":"https:\/\/3d-edu.ch\/wp-content\/uploads\/2018\/10\/3d-drucker-makerbot-formlabs-professionelle-3d-drucker-e1546527990490.png","contentUrl":"https:\/\/3d-edu.ch\/wp-content\/uploads\/2018\/10\/3d-drucker-makerbot-formlabs-professionelle-3d-drucker-e1546527990490.png","width":275,"height":80,"caption":"3D-EDU GmbH"}]},"product_brand":"Imprimantes 3D","product_price_amount":"1883.81","product_price_currency":"CHF","og_availability":"instock","product_availability":"instock","product_retailer_item_id":"SKETCH-Sprint","product_condition":"new","geo.placename":"Z\u00fcrich","geo.position":{"lat":"47.38413","long":"8.49812"},"geo.region":"Suisse"},"_links":{"self":[{"href":"https:\/\/3d-edu.ch\/fr\/wp-json\/wp\/v2\/product\/75640","targetHints":{"allow":["GET"]}}],"collection":[{"href":"https:\/\/3d-edu.ch\/fr\/wp-json\/wp\/v2\/product"}],"about":[{"href":"https:\/\/3d-edu.ch\/fr\/wp-json\/wp\/v2\/types\/product"}],"replies":[{"embeddable":true,"href":"https:\/\/3d-edu.ch\/fr\/wp-json\/wp\/v2\/comments?post=75640"}],"wp:featuredmedia":[{"embeddable":true,"href":"https:\/\/3d-edu.ch\/fr\/wp-json\/wp\/v2\/media\/71574"}],"wp:attachment":[{"href":"https:\/\/3d-edu.ch\/fr\/wp-json\/wp\/v2\/media?parent=75640"}],"wp:term":[{"taxonomy":"product_brand","embeddable":true,"href":"https:\/\/3d-edu.ch\/fr\/wp-json\/wp\/v2\/product_brand?post=75640"},{"taxonomy":"product_cat","embeddable":true,"href":"https:\/\/3d-edu.ch\/fr\/wp-json\/wp\/v2\/product_cat?post=75640"},{"taxonomy":"product_tag","embeddable":true,"href":"https:\/\/3d-edu.ch\/fr\/wp-json\/wp\/v2\/product_tag?post=75640"}],"curies":[{"name":"wp","href":"https:\/\/api.w.org\/{rel}","templated":true}]}}