{"id":75635,"date":"2024-10-17T17:00:05","date_gmt":"2024-10-17T17:00:05","guid":{"rendered":"https:\/\/3d-edu.ch\/shop\/formlabs-resin-pumping-system-form-4-b-l\/"},"modified":"2026-04-20T09:04:24","modified_gmt":"2026-04-20T07:04:24","slug":"formlabs-resin-pumping-system-form-4-b-l","status":"publish","type":"product","link":"https:\/\/3d-edu.ch\/fr\/boutique\/formlabs-resin-pumping-system-form-4-b-l\/","title":{"rendered":"Formlabs Resin Pumping System Form 4\/B\/L"},"content":{"rendered":"<div class=\"Accordion_body__Bbs1D\">\n<div class=\"ProductDetailPlugin_long-desc__5cqfb\">\n<h2>Formlabs Resin Pumping System Form 4\/B\/L<\/h2>\n<\/div>\n<\/div>\n<p>De nombreux mat\u00e9riaux seront disponibles en cartouches de 5L.<\/p>\n<h6><span data-text-color=\"alert\">Non disponible pour Rigid 10K, Alumina 4N, PU Rigid 650, PU Rigid 1000.<\/span><\/h6>\n<div class=\"Accordion_body__Bbs1D\">\n<div class=\"ProductDetailPlugin_long-desc__5cqfb\">\n<p><strong>Contenu de la livraison<\/strong><\/p>\n<ul>\n<li>1x Formlabs Resin Pump Form 4<\/li>\n<\/ul>\n<\/div>\n<p>Compatible avec <a href=\"https:\/\/3d-edu.ch\/fr\/formlabs\/imprimante-3d-formlabs\/forme-4\/\">Form 4<\/a>, <a href=\"https:\/\/3d-edu.ch\/fr\/formlabs\/imprimante-3d-formlabs\/forme-4b\/\">Form 4B<\/a>, <a href=\"https:\/\/3d-edu.ch\/fr\/formlabs\/imprimante-3d-formlabs\/forme-4l\/\">Form 4L<\/a> et <a href=\"https:\/\/3d-edu.ch\/fr\/boutique\/formlabs-form-4bl-package-de-base\/\">Form 4BL<\/a>.<\/p>\n<\/div>\n","protected":false},"excerpt":{"rendered":"<h2><strong>Formlabs Resin Pump<\/strong><\/h2>\n<p>Le Resin Pumping System est un accessoire pour les imprimantes 3D st\u00e9r\u00e9olithographiques (SLA) de la s\u00e9rie Form 4. Il fournit 5 litres de r\u00e9sine de mani\u00e8re transparente gr\u00e2ce \u00e0 un syst\u00e8me de pompage directement dans le r\u00e9servoir de r\u00e9sine de l&rsquo;imprimante. R\u00e9duisez les d\u00e9chets de 86 %, augmentez votre efficacit\u00e9 en changeant moins souvent les cartouches et b\u00e9n\u00e9ficiez de remises sur volume sur les r\u00e9sines SLA de Formlabs. <\/p>\n","protected":false},"featured_media":71407,"comment_status":"closed","ping_status":"closed","template":"","meta":[],"product_brand":[],"product_cat":[7781,7884,7783,7780,7782],"product_tag":[8088,8255,7784,8257,8086,8092],"class_list":{"0":"post-75635","1":"product","2":"type-product","3":"status-publish","4":"has-post-thumbnail","6":"product_cat-accessoires","7":"product_cat-cartouche-de-resine-5l-fr","8":"product_cat-form-4-accessoires","9":"product_cat-formlabs-fr","10":"product_cat-sla-lfs-accessoires","11":"product_tag-5l","12":"product_tag-f3-rps-01","13":"product_tag-formlabs-fr","14":"product_tag-pompe","15":"product_tag-pompe-a-resine","16":"product_tag-systeme-de-pompage-de-la-resine","17":"yith_product_brand-formlabs-fr","19":"first","20":"instock","21":"taxable","22":"shipping-taxable","23":"purchasable","24":"product-type-simple"},"yoast_head":"<!-- This site is optimized with the Yoast SEO Premium plugin v27.4 (Yoast SEO v27.4) - https:\/\/yoast.com\/product\/yoast-seo-premium-wordpress\/ -->\n<title>Formlabs Resin Pumping System Form 4\/B\/L - 3D-EDU GmbH<\/title>\n<meta name=\"description\" content=\"Le Resin Pumping System est un accessoire pour les imprimantes 3D st\u00e9r\u00e9olithographiques (SLA) de la s\u00e9rie Form 4. Il fournit 5 litres de r\u00e9sine de mani\u00e8re transparente gr\u00e2ce \u00e0 un syst\u00e8me de pompage directement dans le r\u00e9servoir de r\u00e9sine de l&#039;imprimante. R\u00e9duisez les d\u00e9chets de 86 %, augmentez votre efficacit\u00e9 en changeant moins souvent les cartouches et b\u00e9n\u00e9ficiez de remises sur volume sur les r\u00e9sines SLA de Formlabs.\" \/>\n<meta name=\"robots\" content=\"index, follow, max-snippet:-1, max-image-preview:large, max-video-preview:-1\" \/>\n<link rel=\"canonical\" href=\"https:\/\/3d-edu.ch\/fr\/boutique\/formlabs-resin-pumping-system-form-4-b-l\/\" \/>\n<meta property=\"og:locale\" content=\"fr_FR\" \/>\n<meta property=\"og:type\" content=\"article\" \/>\n<meta property=\"og:title\" content=\"Formlabs Resin Pumping System Form 4\/B\/L\" \/>\n<meta property=\"og:description\" content=\"Le Resin Pumping System est un accessoire pour les imprimantes 3D st\u00e9r\u00e9olithographiques (SLA) de la s\u00e9rie Form 4. Il fournit 5 litres de r\u00e9sine de mani\u00e8re transparente gr\u00e2ce \u00e0 un syst\u00e8me de pompage directement dans le r\u00e9servoir de r\u00e9sine de l&#039;imprimante. R\u00e9duisez les d\u00e9chets de 86 %, augmentez votre efficacit\u00e9 en changeant moins souvent les cartouches et b\u00e9n\u00e9ficiez de remises sur volume sur les r\u00e9sines SLA de Formlabs.\" \/>\n<meta property=\"og:url\" content=\"https:\/\/3d-edu.ch\/fr\/boutique\/formlabs-resin-pumping-system-form-4-b-l\/\" \/>\n<meta property=\"og:site_name\" content=\"3D-EDU GmbH\" \/>\n<meta property=\"article:publisher\" content=\"https:\/\/www.facebook.com\/3d-educh-210277586064960\/\" \/>\n<meta property=\"article:modified_time\" content=\"2026-04-20T07:04:24+00:00\" \/>\n<meta property=\"og:image\" content=\"https:\/\/3d-edu.ch\/wp-content\/uploads\/2024\/10\/formlabs-form-4-resin-pump.jpg\" \/>\n\t<meta property=\"og:image:width\" content=\"1800\" \/>\n\t<meta property=\"og:image:height\" content=\"1800\" \/>\n\t<meta property=\"og:image:type\" content=\"image\/jpeg\" \/>\n<meta name=\"twitter:card\" content=\"summary_large_image\" \/>\n<meta name=\"twitter:site\" content=\"@3d_edu_ch\" \/>\n<meta name=\"twitter:label1\" content=\"Prix\" \/>\n\t<meta name=\"twitter:data1\" content=\"343.73&nbsp;&#067;&#072;&#070; hors TVA\" \/>\n\t<meta name=\"twitter:label2\" content=\"Disponibilit\u00e9\" \/>\n\t<meta name=\"twitter:data2\" content=\"En stock\" \/>\n<script type=\"application\/ld+json\" class=\"yoast-schema-graph\">{\"@context\":\"https:\\\/\\\/schema.org\",\"@graph\":[{\"@type\":\"WebPage\",\"@id\":\"https:\\\/\\\/3d-edu.ch\\\/fr\\\/boutique\\\/formlabs-resin-pumping-system-form-4-b-l\\\/\",\"url\":\"https:\\\/\\\/3d-edu.ch\\\/fr\\\/boutique\\\/formlabs-resin-pumping-system-form-4-b-l\\\/\",\"name\":\"Formlabs Resin Pumping System Form 4\\\/B\\\/L - 3D-EDU GmbH\",\"isPartOf\":{\"@id\":\"https:\\\/\\\/3d-edu.ch\\\/fr\\\/#website\"},\"primaryImageOfPage\":{\"@id\":\"https:\\\/\\\/3d-edu.ch\\\/fr\\\/boutique\\\/formlabs-resin-pumping-system-form-4-b-l\\\/#primaryimage\"},\"image\":{\"@id\":\"https:\\\/\\\/3d-edu.ch\\\/fr\\\/boutique\\\/formlabs-resin-pumping-system-form-4-b-l\\\/#primaryimage\"},\"thumbnailUrl\":\"https:\\\/\\\/3d-edu.ch\\\/wp-content\\\/uploads\\\/2024\\\/10\\\/formlabs-form-4-resin-pump.jpg\",\"datePublished\":\"2024-10-17T17:00:05+00:00\",\"dateModified\":\"2026-04-20T07:04:24+00:00\",\"description\":\"Le Resin Pumping System est un accessoire pour les imprimantes 3D st\u00e9r\u00e9olithographiques (SLA) de la s\u00e9rie Form 4. Il fournit 5 litres de r\u00e9sine de mani\u00e8re transparente gr\u00e2ce \u00e0 un syst\u00e8me de pompage directement dans le r\u00e9servoir de r\u00e9sine de l'imprimante. R\u00e9duisez les d\u00e9chets de 86 %, augmentez votre efficacit\u00e9 en changeant moins souvent les cartouches et b\u00e9n\u00e9ficiez de remises sur volume sur les r\u00e9sines SLA de Formlabs.\",\"breadcrumb\":{\"@id\":\"https:\\\/\\\/3d-edu.ch\\\/fr\\\/boutique\\\/formlabs-resin-pumping-system-form-4-b-l\\\/#breadcrumb\"},\"inLanguage\":\"fr-FR\",\"potentialAction\":[{\"@type\":\"ReadAction\",\"target\":[\"https:\\\/\\\/3d-edu.ch\\\/fr\\\/boutique\\\/formlabs-resin-pumping-system-form-4-b-l\\\/\"]}]},{\"@type\":\"ImageObject\",\"inLanguage\":\"fr-FR\",\"@id\":\"https:\\\/\\\/3d-edu.ch\\\/fr\\\/boutique\\\/formlabs-resin-pumping-system-form-4-b-l\\\/#primaryimage\",\"url\":\"https:\\\/\\\/3d-edu.ch\\\/wp-content\\\/uploads\\\/2024\\\/10\\\/formlabs-form-4-resin-pump.jpg\",\"contentUrl\":\"https:\\\/\\\/3d-edu.ch\\\/wp-content\\\/uploads\\\/2024\\\/10\\\/formlabs-form-4-resin-pump.jpg\",\"width\":1800,\"height\":1800,\"caption\":\"Pompe Formlabs Form 4 Resin\"},{\"@type\":\"BreadcrumbList\",\"@id\":\"https:\\\/\\\/3d-edu.ch\\\/fr\\\/boutique\\\/formlabs-resin-pumping-system-form-4-b-l\\\/#breadcrumb\",\"itemListElement\":[{\"@type\":\"ListItem\",\"position\":1,\"name\":\"Accueil\",\"item\":\"https:\\\/\\\/3d-edu.ch\\\/fr\\\/\"},{\"@type\":\"ListItem\",\"position\":2,\"name\":\"Boutique\",\"item\":\"https:\\\/\\\/3d-edu.ch\\\/fr\\\/boutique\\\/\"},{\"@type\":\"ListItem\",\"position\":3,\"name\":\"Formlabs Resin Pumping System Form 4\\\/B\\\/L\"}]},{\"@type\":\"WebSite\",\"@id\":\"https:\\\/\\\/3d-edu.ch\\\/fr\\\/#website\",\"url\":\"https:\\\/\\\/3d-edu.ch\\\/fr\\\/\",\"name\":\"3D-EDU GmbH\",\"description\":\"Your Formlabs, UltiMaker and Raise3D Printer Support and Education Site in Switzerland. \\\/\\\/ Ihre Formlabs, UltiMaker and Raise3D Drucker Support und Bildungs Webseite der Schweiz.\",\"publisher\":{\"@id\":\"https:\\\/\\\/3d-edu.ch\\\/fr\\\/#organization\"},\"potentialAction\":[{\"@type\":\"SearchAction\",\"target\":{\"@type\":\"EntryPoint\",\"urlTemplate\":\"https:\\\/\\\/3d-edu.ch\\\/fr\\\/?s={search_term_string}\"},\"query-input\":{\"@type\":\"PropertyValueSpecification\",\"valueRequired\":true,\"valueName\":\"search_term_string\"}}],\"inLanguage\":\"fr-FR\"},{\"@type\":[\"Organization\",\"Place\",\"ElectronicsStore\"],\"@id\":\"https:\\\/\\\/3d-edu.ch\\\/fr\\\/#organization\",\"name\":\"3D-EDU GmbH\",\"url\":\"https:\\\/\\\/3d-edu.ch\\\/fr\\\/\",\"logo\":{\"@id\":\"https:\\\/\\\/3d-edu.ch\\\/fr\\\/boutique\\\/formlabs-resin-pumping-system-form-4-b-l\\\/#local-main-organization-logo\"},\"image\":{\"@id\":\"https:\\\/\\\/3d-edu.ch\\\/fr\\\/boutique\\\/formlabs-resin-pumping-system-form-4-b-l\\\/#local-main-organization-logo\"},\"sameAs\":[\"https:\\\/\\\/www.facebook.com\\\/3d-educh-210277586064960\\\/\",\"https:\\\/\\\/x.com\\\/3d_edu_ch\"],\"address\":{\"@id\":\"https:\\\/\\\/3d-edu.ch\\\/fr\\\/boutique\\\/formlabs-resin-pumping-system-form-4-b-l\\\/#local-main-place-address\"},\"geo\":{\"@type\":\"GeoCoordinates\",\"latitude\":\"47.38413\",\"longitude\":\"8.49812\"},\"telephone\":[\"+41 44 492 11 22\"],\"openingHoursSpecification\":[{\"@type\":\"OpeningHoursSpecification\",\"dayOfWeek\":[\"Monday\",\"Tuesday\",\"Wednesday\",\"Thursday\",\"Friday\"],\"opens\":\"08:30\",\"closes\":\"18:00\"},{\"@type\":\"OpeningHoursSpecification\",\"dayOfWeek\":[\"Saturday\",\"Sunday\"],\"opens\":\"00:00\",\"closes\":\"00:00\"}],\"email\":\"info@3d-edu.ch\",\"faxNumber\":\"+41 44 492 11 23\",\"vatID\":\"CHE-184.499.491 MWST\",\"priceRange\":\"$$$\",\"currenciesAccepted\":\"CHF\"},{\"@type\":\"PostalAddress\",\"@id\":\"https:\\\/\\\/3d-edu.ch\\\/fr\\\/boutique\\\/formlabs-resin-pumping-system-form-4-b-l\\\/#local-main-place-address\",\"streetAddress\":\"3D-EDU GmbH, Badenerstrasse 556\",\"addressLocality\":\"Z\u00fcrich\",\"postalCode\":\"8048\",\"addressRegion\":\"Z\u00fcrich\",\"addressCountry\":\"CH\"},{\"@type\":\"ImageObject\",\"inLanguage\":\"fr-FR\",\"@id\":\"https:\\\/\\\/3d-edu.ch\\\/fr\\\/boutique\\\/formlabs-resin-pumping-system-form-4-b-l\\\/#local-main-organization-logo\",\"url\":\"https:\\\/\\\/3d-edu.ch\\\/wp-content\\\/uploads\\\/2018\\\/10\\\/3d-drucker-makerbot-formlabs-professionelle-3d-drucker-e1546527990490.png\",\"contentUrl\":\"https:\\\/\\\/3d-edu.ch\\\/wp-content\\\/uploads\\\/2018\\\/10\\\/3d-drucker-makerbot-formlabs-professionelle-3d-drucker-e1546527990490.png\",\"width\":275,\"height\":80,\"caption\":\"3D-EDU GmbH\"}]}<\/script>\n<meta property=\"product:brand\" content=\"Formlabs\" \/>\n<meta property=\"product:price:amount\" content=\"343.73\" \/>\n<meta property=\"product:price:currency\" content=\"CHF\" \/>\n<meta property=\"og:availability\" content=\"instock\" \/>\n<meta property=\"product:availability\" content=\"instock\" \/>\n<meta property=\"product:retailer_item_id\" content=\"F4-RPS-01\" \/>\n<meta property=\"product:condition\" content=\"new\" \/>\n<meta name=\"geo.placename\" content=\"Z\u00fcrich\" \/>\n<meta name=\"geo.position\" content=\"47.38413;8.49812\" \/>\n<meta name=\"geo.region\" content=\"Suisse\" \/>\n<!-- \/ Yoast SEO Premium plugin. -->","yoast_head_json":{"title":"Formlabs Resin Pumping System Form 4\/B\/L - 3D-EDU GmbH","description":"Le Resin Pumping System est un accessoire pour les imprimantes 3D st\u00e9r\u00e9olithographiques (SLA) de la s\u00e9rie Form 4. Il fournit 5 litres de r\u00e9sine de mani\u00e8re transparente gr\u00e2ce \u00e0 un syst\u00e8me de pompage directement dans le r\u00e9servoir de r\u00e9sine de l'imprimante. R\u00e9duisez les d\u00e9chets de 86 %, augmentez votre efficacit\u00e9 en changeant moins souvent les cartouches et b\u00e9n\u00e9ficiez de remises sur volume sur les r\u00e9sines SLA de Formlabs.","robots":{"index":"index","follow":"follow","max-snippet":"max-snippet:-1","max-image-preview":"max-image-preview:large","max-video-preview":"max-video-preview:-1"},"canonical":"https:\/\/3d-edu.ch\/fr\/boutique\/formlabs-resin-pumping-system-form-4-b-l\/","og_locale":"fr_FR","og_type":"article","og_title":"Formlabs Resin Pumping System Form 4\/B\/L","og_description":"Le Resin Pumping System est un accessoire pour les imprimantes 3D st\u00e9r\u00e9olithographiques (SLA) de la s\u00e9rie Form 4. Il fournit 5 litres de r\u00e9sine de mani\u00e8re transparente gr\u00e2ce \u00e0 un syst\u00e8me de pompage directement dans le r\u00e9servoir de r\u00e9sine de l'imprimante. R\u00e9duisez les d\u00e9chets de 86 %, augmentez votre efficacit\u00e9 en changeant moins souvent les cartouches et b\u00e9n\u00e9ficiez de remises sur volume sur les r\u00e9sines SLA de Formlabs.","og_url":"https:\/\/3d-edu.ch\/fr\/boutique\/formlabs-resin-pumping-system-form-4-b-l\/","og_site_name":"3D-EDU GmbH","article_publisher":"https:\/\/www.facebook.com\/3d-educh-210277586064960\/","article_modified_time":"2026-04-20T07:04:24+00:00","og_image":[{"width":1800,"height":1800,"url":"https:\/\/3d-edu.ch\/wp-content\/uploads\/2024\/10\/formlabs-form-4-resin-pump.jpg","type":"image\/jpeg"}],"twitter_card":"summary_large_image","twitter_site":"@3d_edu_ch","twitter_misc":{"Prix":"343.73&nbsp;&#67;&#72;&#70; hors TVA","Disponibilit\u00e9":"En stock"},"schema":{"@context":"https:\/\/schema.org","@graph":[{"@type":"WebPage","@id":"https:\/\/3d-edu.ch\/fr\/boutique\/formlabs-resin-pumping-system-form-4-b-l\/","url":"https:\/\/3d-edu.ch\/fr\/boutique\/formlabs-resin-pumping-system-form-4-b-l\/","name":"Formlabs Resin Pumping System Form 4\/B\/L - 3D-EDU GmbH","isPartOf":{"@id":"https:\/\/3d-edu.ch\/fr\/#website"},"primaryImageOfPage":{"@id":"https:\/\/3d-edu.ch\/fr\/boutique\/formlabs-resin-pumping-system-form-4-b-l\/#primaryimage"},"image":{"@id":"https:\/\/3d-edu.ch\/fr\/boutique\/formlabs-resin-pumping-system-form-4-b-l\/#primaryimage"},"thumbnailUrl":"https:\/\/3d-edu.ch\/wp-content\/uploads\/2024\/10\/formlabs-form-4-resin-pump.jpg","datePublished":"2024-10-17T17:00:05+00:00","dateModified":"2026-04-20T07:04:24+00:00","description":"Le Resin Pumping System est un accessoire pour les imprimantes 3D st\u00e9r\u00e9olithographiques (SLA) de la s\u00e9rie Form 4. Il fournit 5 litres de r\u00e9sine de mani\u00e8re transparente gr\u00e2ce \u00e0 un syst\u00e8me de pompage directement dans le r\u00e9servoir de r\u00e9sine de l'imprimante. R\u00e9duisez les d\u00e9chets de 86 %, augmentez votre efficacit\u00e9 en changeant moins souvent les cartouches et b\u00e9n\u00e9ficiez de remises sur volume sur les r\u00e9sines SLA de Formlabs.","breadcrumb":{"@id":"https:\/\/3d-edu.ch\/fr\/boutique\/formlabs-resin-pumping-system-form-4-b-l\/#breadcrumb"},"inLanguage":"fr-FR","potentialAction":[{"@type":"ReadAction","target":["https:\/\/3d-edu.ch\/fr\/boutique\/formlabs-resin-pumping-system-form-4-b-l\/"]}]},{"@type":"ImageObject","inLanguage":"fr-FR","@id":"https:\/\/3d-edu.ch\/fr\/boutique\/formlabs-resin-pumping-system-form-4-b-l\/#primaryimage","url":"https:\/\/3d-edu.ch\/wp-content\/uploads\/2024\/10\/formlabs-form-4-resin-pump.jpg","contentUrl":"https:\/\/3d-edu.ch\/wp-content\/uploads\/2024\/10\/formlabs-form-4-resin-pump.jpg","width":1800,"height":1800,"caption":"Pompe Formlabs Form 4 Resin"},{"@type":"BreadcrumbList","@id":"https:\/\/3d-edu.ch\/fr\/boutique\/formlabs-resin-pumping-system-form-4-b-l\/#breadcrumb","itemListElement":[{"@type":"ListItem","position":1,"name":"Accueil","item":"https:\/\/3d-edu.ch\/fr\/"},{"@type":"ListItem","position":2,"name":"Boutique","item":"https:\/\/3d-edu.ch\/fr\/boutique\/"},{"@type":"ListItem","position":3,"name":"Formlabs Resin Pumping System Form 4\/B\/L"}]},{"@type":"WebSite","@id":"https:\/\/3d-edu.ch\/fr\/#website","url":"https:\/\/3d-edu.ch\/fr\/","name":"3D-EDU GmbH","description":"Your Formlabs, UltiMaker and Raise3D Printer Support and Education Site in Switzerland. \/\/ Ihre Formlabs, UltiMaker and Raise3D Drucker Support und Bildungs Webseite der Schweiz.","publisher":{"@id":"https:\/\/3d-edu.ch\/fr\/#organization"},"potentialAction":[{"@type":"SearchAction","target":{"@type":"EntryPoint","urlTemplate":"https:\/\/3d-edu.ch\/fr\/?s={search_term_string}"},"query-input":{"@type":"PropertyValueSpecification","valueRequired":true,"valueName":"search_term_string"}}],"inLanguage":"fr-FR"},{"@type":["Organization","Place","ElectronicsStore"],"@id":"https:\/\/3d-edu.ch\/fr\/#organization","name":"3D-EDU GmbH","url":"https:\/\/3d-edu.ch\/fr\/","logo":{"@id":"https:\/\/3d-edu.ch\/fr\/boutique\/formlabs-resin-pumping-system-form-4-b-l\/#local-main-organization-logo"},"image":{"@id":"https:\/\/3d-edu.ch\/fr\/boutique\/formlabs-resin-pumping-system-form-4-b-l\/#local-main-organization-logo"},"sameAs":["https:\/\/www.facebook.com\/3d-educh-210277586064960\/","https:\/\/x.com\/3d_edu_ch"],"address":{"@id":"https:\/\/3d-edu.ch\/fr\/boutique\/formlabs-resin-pumping-system-form-4-b-l\/#local-main-place-address"},"geo":{"@type":"GeoCoordinates","latitude":"47.38413","longitude":"8.49812"},"telephone":["+41 44 492 11 22"],"openingHoursSpecification":[{"@type":"OpeningHoursSpecification","dayOfWeek":["Monday","Tuesday","Wednesday","Thursday","Friday"],"opens":"08:30","closes":"18:00"},{"@type":"OpeningHoursSpecification","dayOfWeek":["Saturday","Sunday"],"opens":"00:00","closes":"00:00"}],"email":"info@3d-edu.ch","faxNumber":"+41 44 492 11 23","vatID":"CHE-184.499.491 MWST","priceRange":"$$$","currenciesAccepted":"CHF"},{"@type":"PostalAddress","@id":"https:\/\/3d-edu.ch\/fr\/boutique\/formlabs-resin-pumping-system-form-4-b-l\/#local-main-place-address","streetAddress":"3D-EDU GmbH, Badenerstrasse 556","addressLocality":"Z\u00fcrich","postalCode":"8048","addressRegion":"Z\u00fcrich","addressCountry":"CH"},{"@type":"ImageObject","inLanguage":"fr-FR","@id":"https:\/\/3d-edu.ch\/fr\/boutique\/formlabs-resin-pumping-system-form-4-b-l\/#local-main-organization-logo","url":"https:\/\/3d-edu.ch\/wp-content\/uploads\/2018\/10\/3d-drucker-makerbot-formlabs-professionelle-3d-drucker-e1546527990490.png","contentUrl":"https:\/\/3d-edu.ch\/wp-content\/uploads\/2018\/10\/3d-drucker-makerbot-formlabs-professionelle-3d-drucker-e1546527990490.png","width":275,"height":80,"caption":"3D-EDU GmbH"}]},"product_brand":"Formlabs","product_price_amount":"343.73","product_price_currency":"CHF","og_availability":"instock","product_availability":"instock","product_retailer_item_id":"F4-RPS-01","product_condition":"new","geo.placename":"Z\u00fcrich","geo.position":{"lat":"47.38413","long":"8.49812"},"geo.region":"Suisse"},"_links":{"self":[{"href":"https:\/\/3d-edu.ch\/fr\/wp-json\/wp\/v2\/product\/75635","targetHints":{"allow":["GET"]}}],"collection":[{"href":"https:\/\/3d-edu.ch\/fr\/wp-json\/wp\/v2\/product"}],"about":[{"href":"https:\/\/3d-edu.ch\/fr\/wp-json\/wp\/v2\/types\/product"}],"replies":[{"embeddable":true,"href":"https:\/\/3d-edu.ch\/fr\/wp-json\/wp\/v2\/comments?post=75635"}],"wp:featuredmedia":[{"embeddable":true,"href":"https:\/\/3d-edu.ch\/fr\/wp-json\/wp\/v2\/media\/71407"}],"wp:attachment":[{"href":"https:\/\/3d-edu.ch\/fr\/wp-json\/wp\/v2\/media?parent=75635"}],"wp:term":[{"taxonomy":"product_brand","embeddable":true,"href":"https:\/\/3d-edu.ch\/fr\/wp-json\/wp\/v2\/product_brand?post=75635"},{"taxonomy":"product_cat","embeddable":true,"href":"https:\/\/3d-edu.ch\/fr\/wp-json\/wp\/v2\/product_cat?post=75635"},{"taxonomy":"product_tag","embeddable":true,"href":"https:\/\/3d-edu.ch\/fr\/wp-json\/wp\/v2\/product_tag?post=75635"}],"curies":[{"name":"wp","href":"https:\/\/api.w.org\/{rel}","templated":true}]}}