{"id":75505,"date":"2024-12-10T15:39:16","date_gmt":"2024-12-10T15:39:16","guid":{"rendered":"https:\/\/3d-edu.ch\/shop\/formlabs-form-4-white-resin-v5-cartouche-de-5l\/"},"modified":"2026-05-14T09:49:31","modified_gmt":"2026-05-14T07:49:31","slug":"formlabs-form-4-white-resin-v5-cartouche-de-5l","status":"publish","type":"product","link":"https:\/\/3d-edu.ch\/fr\/boutique\/formlabs-form-4-white-resin-v5-cartouche-de-5l\/","title":{"rendered":"Formlabs Form 4 White Resin V5 cartouche de 5L"},"content":{"rendered":"<h3>Formlabs Form 4 White Resin V5 5L Kartusche Kartusche<\/h3>\n<p><strong>f\u00fcr das <\/strong><a href=\"https:\/\/3d-edu.ch\/boutique\/formlabs-resin-pumping-system-form-4-b-l\/\"><strong>Formlabs Resin Pumping System.<\/strong><\/a><\/p>\n<p>Das Formlabs White Resin V5 ist ein Standard-Kunstharz in einem ausserordentlich strahlenden Weiss. Es bietet ein ideales Gleichgewicht zwischen schnellem Druck, hoher Genauigkeit, pr\u00e4sentationsreifer Optik, starken mechanischen Eigenschaften und einem einfachen, verl\u00e4sslichen Arbeitsablauf.<\/p>\n<p>Erstellen Sie starre und feste Teile mit einer Oberfl\u00e4chenqualit\u00e4t, die selbst Spritzgussteilen Konkurrenz macht. Das matte, strahlende Weiss vom Formlabs Form 4 White Resin V5 gibt feine Details pr\u00e4zise wieder.<\/p>\n<p>White Resin V5 ist eine neue Materialformulierung, die dank des Ecosystems des Form 4 dreimal so schnell druckt wie die Vorg\u00e4ngerversion.<\/p>\n<p>Formlabs Form 4 White Resin V5 eignet sich hervorragend f\u00fcr:<\/p>\n<ul>\n<li>Form- und Passform-Prototyping<\/li>\n<li>Pr\u00e4sentationsf\u00e4hige Modelle mit feinen Merkmalen und komplizierten Details<\/li>\n<li>Anatomische Modelle<\/li>\n<li>Schablonen und Vorrichtungen<\/li>\n<\/ul>\n<div class=\"accordion\">\n\t<div id=\"accordion-2111094252\" class=\"accordion-item\">\n\t\t<a id=\"accordion-2111094252-label\" class=\"accordion-title plain\" href=\"#accordion-item-plus-d&#039;informations\" aria-expanded=\"false\" aria-controls=\"accordion-2111094252-content\">\n\t\t\t<button class=\"toggle\" aria-label=\"Basculer\"><i class=\"icon-angle-down\" aria-hidden=\"true\"><\/i><\/button>\n\t\t\t<span>Plus d&#039;informations<\/span>\n\t\t<\/a>\n\t\t<div id=\"accordion-2111094252-content\" class=\"accordion-inner\" aria-labelledby=\"accordion-2111094252-label\">\n\t\t\t\n<h5>Lieferumfang<\/h5>\n<p>1x Formlabs Form 4 White Resin V5 5L<\/p>\n<p>Unterst\u00fctzte Druckaufl\u00f6sungen: 100 und 50 Mikrometer.<br \/>\nNachh\u00e4rtung erforderlich.<br \/>\n<strong>Verf\u00fcgbar f\u00fcr <\/strong><strong><a href=\"https:\/\/3d-edu.ch\/formlabs\/formlabs-3d-drucker-2\/form-4\/\">Form 4<\/a>, <a href=\"https:\/\/3d-edu.ch\/formlabs\/formlabs-3d-drucker-2\/form-4b\/\">Form 4B<\/a> und <a href=\"https:\/\/3d-edu.ch\/formlabs\/formlabs-3d-drucker-2\/form-4l\/\">Form 4L<\/a> in Verwendung mit dem <a href=\"https:\/\/3d-edu.ch\/boutique\/formlabs-resin-pumping-system-form-4-b-l\/\">Formlabs Resin Pumping System.<\/a><\/strong><\/p>\n<p><!--\n\nUnterst\u00fctzte Druckaufl\u00f6sungen: 100, 50, und 25 Mikrometer.\nNachh\u00e4rtung erforderlich.\nVerf\u00fcgbar f\u00fcr Form 3, Form 3L, Form 3B, Form 3BL, Form 2.\n\n\n<h5>Weitere Informationen<\/h5>\n\n\nWeitere Informationen zum Formlabs Clear Material finden Sie unter <a href=\"https:\/\/3d-edu.ch\/formlabs\/resin\/standard\/\">Formlabs Standard Resin<\/a>.\n\n\n<h2>Formlabs Resin \/ Kunstharz<\/h2>\n\n\nFormlabs Resin \/ Kunstharz liefert formvollendete Ergebnisse mit den <a href=\"https:\/\/3d-edu.ch\/formlabs\/formlabs-3d-drucker-2\/\">Formlabs SLA\/LFS 3D-Druckern<\/a>. Die Material-Bibliothek umfasst rund 20 Resins und wird stets verbessert und erweitert. Neben den <a href=\"https:\/\/3d-edu.ch\/formlabs\/resin\/standard\/\">Standard-Resins<\/a> bietet Fromlabs Spezialkunstharze f\u00fcr <a href=\"https:\/\/3d-edu.ch\/formlabs\/resin\/engineering\/\">Engineering<\/a>, <a href=\"https:\/\/3d-edu.ch\/formlabs\/resin\/castable\/\">Schmuckdesign<\/a>, <a href=\"https:\/\/3d-edu.ch\/formlabs\/resin\/dental\/\">Zahnmedizin<\/a> und <a href=\"https:\/\/3d-edu.ch\/formlabs\/resin\/medical\/\">Medizin<\/a>.\n\n\n<h3>Formlabs Standard Resin \/ Standardkunstharze<\/h3>\n\n\n\n\n<h4>Formlabs Clear, Formlabs White, Formlabs Grey, Formalbs Black Resin, Formlabs Color Kit<\/h4>\n\n\nDiese Resins erzielen h\u00f6chste Leistung und beste Oberfl\u00e4chenqualit\u00e4t. Die Formlabs Standard-Resins \/ Standardkunstharze sind auf die Fertigung in h\u00f6chster Qualit\u00e4t zugeschnittenen und bilden erstaunlich viele Details ab, ohne Abstriche in Bezug auf die Festigkeit zu machen.\n\n--><\/p>\n\t\t<\/div>\n\t<\/div>\n\t\n<\/div>\n<p>&nbsp;<\/p>\n","protected":false},"excerpt":{"rendered":"<h2><strong>Formlabs Form 4 White Resin V5 cartouche de 5L<\/strong><\/h2>\n<h2><strong> <\/strong><\/h2>\n","protected":false},"featured_media":71736,"comment_status":"closed","ping_status":"closed","template":"","meta":[],"product_brand":[],"product_cat":[10400,10362,10352,10355,10500],"product_tag":[8057,7788,7784,8055,8220,8053,8221,8092],"class_list":{"0":"post-75505","1":"product","2":"type-product","3":"status-publish","4":"has-post-thumbnail","6":"product_cat-cartouche-de-resine-5l","7":"product_cat-form-4-resine","8":"product_cat-formlabs","9":"product_cat-materiaux","10":"product_cat-standard-form-4-resin","11":"product_tag-forme-4","12":"product_tag-forme-4l","13":"product_tag-formlabs-fr","14":"product_tag-formlabs-form-4-resine","15":"product_tag-resine-blanche-v5","16":"product_tag-resine-formlabs","17":"product_tag-rs-rps-gpwh-05","18":"product_tag-systeme-de-pompage-de-la-resine","20":"first","21":"instock","22":"taxable","23":"shipping-taxable","24":"purchasable","25":"product-type-simple"},"yoast_head":"<!-- This site is optimized with the Yoast SEO Premium plugin v27.5 (Yoast SEO v27.5) - https:\/\/yoast.com\/product\/yoast-seo-premium-wordpress\/ -->\n<title>Formlabs Form 4 White Resin V5 cartouche de 5L %%page% - Jewelry Resin - 3D-EDU GmbH<\/title>\n<meta name=\"description\" content=\"La r\u00e9sine blanche de Formlabs est id\u00e9ale pour la fluidique et la fabrication de moules, l&#039;optique, l&#039;\u00e9clairage et toutes les pi\u00e8ces qui doivent \u00eatre translucides ou pr\u00e9senter des caract\u00e9ristiques internes. Le proc\u00e9d\u00e9 d&#039;impression 3D SLA (st\u00e9r\u00e9olithographie) permet de produire des mod\u00e8les transparents.\" \/>\n<meta name=\"robots\" content=\"index, follow, max-snippet:-1, max-image-preview:large, max-video-preview:-1\" \/>\n<link rel=\"canonical\" href=\"https:\/\/3d-edu.ch\/fr\/boutique\/formlabs-form-4-white-resin-v5-cartouche-de-5l\/\" \/>\n<meta property=\"og:locale\" content=\"fr_FR\" \/>\n<meta property=\"og:type\" content=\"article\" \/>\n<meta property=\"og:title\" content=\"Formlabs Form 4 White Resin V5 cartouche de 5L\" \/>\n<meta property=\"og:description\" content=\"La r\u00e9sine blanche de Formlabs est id\u00e9ale pour la fluidique et la fabrication de moules, l&#039;optique, l&#039;\u00e9clairage et toutes les pi\u00e8ces qui doivent \u00eatre translucides ou pr\u00e9senter des caract\u00e9ristiques internes. Le proc\u00e9d\u00e9 d&#039;impression 3D SLA (st\u00e9r\u00e9olithographie) permet de produire des mod\u00e8les transparents.\" \/>\n<meta property=\"og:url\" content=\"https:\/\/3d-edu.ch\/fr\/boutique\/formlabs-form-4-white-resin-v5-cartouche-de-5l\/\" \/>\n<meta property=\"og:site_name\" content=\"3D-EDU GmbH\" \/>\n<meta property=\"article:publisher\" content=\"https:\/\/www.facebook.com\/3d-educh-210277586064960\/\" \/>\n<meta property=\"article:modified_time\" content=\"2026-05-14T07:49:31+00:00\" \/>\n<meta property=\"og:image\" content=\"https:\/\/3d-edu.ch\/wp-content\/uploads\/2024\/12\/formlabs-white-resin-v5-5L-form-4.png\" \/>\n\t<meta property=\"og:image:width\" content=\"380\" \/>\n\t<meta property=\"og:image:height\" content=\"380\" \/>\n\t<meta property=\"og:image:type\" content=\"image\/png\" \/>\n<meta name=\"twitter:card\" content=\"summary_large_image\" \/>\n<meta name=\"twitter:site\" content=\"@3d_edu_ch\" \/>\n<meta name=\"twitter:label1\" content=\"Prix\" \/>\n\t<meta name=\"twitter:data1\" content=\"455.46&nbsp;&#067;&#072;&#070; hors TVA\" \/>\n\t<meta name=\"twitter:label2\" content=\"Disponibilit\u00e9\" \/>\n\t<meta name=\"twitter:data2\" content=\"En stock\" \/>\n<script type=\"application\/ld+json\" class=\"yoast-schema-graph\">{\"@context\":\"https:\\\/\\\/schema.org\",\"@graph\":[{\"@type\":\"WebPage\",\"@id\":\"https:\\\/\\\/3d-edu.ch\\\/fr\\\/boutique\\\/formlabs-form-4-white-resin-v5-cartouche-de-5l\\\/\",\"url\":\"https:\\\/\\\/3d-edu.ch\\\/fr\\\/boutique\\\/formlabs-form-4-white-resin-v5-cartouche-de-5l\\\/\",\"name\":\"Formlabs Form 4 White Resin V5 cartouche de 5L %%page% - Jewelry Resin - 3D-EDU GmbH\",\"isPartOf\":{\"@id\":\"https:\\\/\\\/3d-edu.ch\\\/fr\\\/#website\"},\"primaryImageOfPage\":{\"@id\":\"https:\\\/\\\/3d-edu.ch\\\/fr\\\/boutique\\\/formlabs-form-4-white-resin-v5-cartouche-de-5l\\\/#primaryimage\"},\"image\":{\"@id\":\"https:\\\/\\\/3d-edu.ch\\\/fr\\\/boutique\\\/formlabs-form-4-white-resin-v5-cartouche-de-5l\\\/#primaryimage\"},\"thumbnailUrl\":\"https:\\\/\\\/3d-edu.ch\\\/wp-content\\\/uploads\\\/2024\\\/12\\\/formlabs-white-resin-v5-5L-form-4.png\",\"datePublished\":\"2024-12-10T15:39:16+00:00\",\"dateModified\":\"2026-05-14T07:49:31+00:00\",\"description\":\"La r\u00e9sine blanche de Formlabs est id\u00e9ale pour la fluidique et la fabrication de moules, l'optique, l'\u00e9clairage et toutes les pi\u00e8ces qui doivent \u00eatre translucides ou pr\u00e9senter des caract\u00e9ristiques internes. Le proc\u00e9d\u00e9 d'impression 3D SLA (st\u00e9r\u00e9olithographie) permet de produire des mod\u00e8les transparents.\",\"breadcrumb\":{\"@id\":\"https:\\\/\\\/3d-edu.ch\\\/fr\\\/boutique\\\/formlabs-form-4-white-resin-v5-cartouche-de-5l\\\/#breadcrumb\"},\"inLanguage\":\"fr-FR\",\"potentialAction\":[{\"@type\":\"ReadAction\",\"target\":[\"https:\\\/\\\/3d-edu.ch\\\/fr\\\/boutique\\\/formlabs-form-4-white-resin-v5-cartouche-de-5l\\\/\"]}]},{\"@type\":\"ImageObject\",\"inLanguage\":\"fr-FR\",\"@id\":\"https:\\\/\\\/3d-edu.ch\\\/fr\\\/boutique\\\/formlabs-form-4-white-resin-v5-cartouche-de-5l\\\/#primaryimage\",\"url\":\"https:\\\/\\\/3d-edu.ch\\\/wp-content\\\/uploads\\\/2024\\\/12\\\/formlabs-white-resin-v5-5L-form-4.png\",\"contentUrl\":\"https:\\\/\\\/3d-edu.ch\\\/wp-content\\\/uploads\\\/2024\\\/12\\\/formlabs-white-resin-v5-5L-form-4.png\",\"width\":380,\"height\":380,\"caption\":\"Formlabs Form 4 White Resin Cartouche de 5 L\"},{\"@type\":\"BreadcrumbList\",\"@id\":\"https:\\\/\\\/3d-edu.ch\\\/fr\\\/boutique\\\/formlabs-form-4-white-resin-v5-cartouche-de-5l\\\/#breadcrumb\",\"itemListElement\":[{\"@type\":\"ListItem\",\"position\":1,\"name\":\"Accueil\",\"item\":\"https:\\\/\\\/3d-edu.ch\\\/fr\\\/\"},{\"@type\":\"ListItem\",\"position\":2,\"name\":\"Boutique\",\"item\":\"https:\\\/\\\/3d-edu.ch\\\/fr\\\/boutique\\\/\"},{\"@type\":\"ListItem\",\"position\":3,\"name\":\"Formlabs Form 4 White Resin V5 cartouche de 5L\"}]},{\"@type\":\"WebSite\",\"@id\":\"https:\\\/\\\/3d-edu.ch\\\/fr\\\/#website\",\"url\":\"https:\\\/\\\/3d-edu.ch\\\/fr\\\/\",\"name\":\"3D-EDU GmbH\",\"description\":\"Your Formlabs, UltiMaker and Raise3D Printer Support and Education Site in Switzerland. \\\/\\\/ Ihre Formlabs, UltiMaker and Raise3D Drucker Support und Bildungs Webseite der Schweiz.\",\"publisher\":{\"@id\":\"https:\\\/\\\/3d-edu.ch\\\/fr\\\/#organization\"},\"potentialAction\":[{\"@type\":\"SearchAction\",\"target\":{\"@type\":\"EntryPoint\",\"urlTemplate\":\"https:\\\/\\\/3d-edu.ch\\\/fr\\\/?s={search_term_string}\"},\"query-input\":{\"@type\":\"PropertyValueSpecification\",\"valueRequired\":true,\"valueName\":\"search_term_string\"}}],\"inLanguage\":\"fr-FR\"},{\"@type\":[\"Organization\",\"Place\",\"ElectronicsStore\"],\"@id\":\"https:\\\/\\\/3d-edu.ch\\\/fr\\\/#organization\",\"name\":\"3D-EDU GmbH\",\"url\":\"https:\\\/\\\/3d-edu.ch\\\/fr\\\/\",\"logo\":{\"@id\":\"https:\\\/\\\/3d-edu.ch\\\/fr\\\/boutique\\\/formlabs-form-4-white-resin-v5-cartouche-de-5l\\\/#local-main-organization-logo\"},\"image\":{\"@id\":\"https:\\\/\\\/3d-edu.ch\\\/fr\\\/boutique\\\/formlabs-form-4-white-resin-v5-cartouche-de-5l\\\/#local-main-organization-logo\"},\"sameAs\":[\"https:\\\/\\\/www.facebook.com\\\/3d-educh-210277586064960\\\/\",\"https:\\\/\\\/x.com\\\/3d_edu_ch\"],\"address\":{\"@id\":\"https:\\\/\\\/3d-edu.ch\\\/fr\\\/boutique\\\/formlabs-form-4-white-resin-v5-cartouche-de-5l\\\/#local-main-place-address\"},\"geo\":{\"@type\":\"GeoCoordinates\",\"latitude\":\"47.38413\",\"longitude\":\"8.49812\"},\"telephone\":[\"+41 44 492 11 22\"],\"openingHoursSpecification\":[{\"@type\":\"OpeningHoursSpecification\",\"dayOfWeek\":[\"Monday\",\"Tuesday\",\"Wednesday\",\"Thursday\",\"Friday\"],\"opens\":\"08:30\",\"closes\":\"18:00\"},{\"@type\":\"OpeningHoursSpecification\",\"dayOfWeek\":[\"Saturday\",\"Sunday\"],\"opens\":\"00:00\",\"closes\":\"00:00\"}],\"email\":\"info@3d-edu.ch\",\"faxNumber\":\"+41 44 492 11 23\",\"vatID\":\"CHE-184.499.491 MWST\",\"priceRange\":\"$$$\",\"currenciesAccepted\":\"CHF\"},{\"@type\":\"PostalAddress\",\"@id\":\"https:\\\/\\\/3d-edu.ch\\\/fr\\\/boutique\\\/formlabs-form-4-white-resin-v5-cartouche-de-5l\\\/#local-main-place-address\",\"streetAddress\":\"3D-EDU GmbH, Badenerstrasse 556\",\"addressLocality\":\"Z\u00fcrich\",\"postalCode\":\"8048\",\"addressRegion\":\"Z\u00fcrich\",\"addressCountry\":\"CH\"},{\"@type\":\"ImageObject\",\"inLanguage\":\"fr-FR\",\"@id\":\"https:\\\/\\\/3d-edu.ch\\\/fr\\\/boutique\\\/formlabs-form-4-white-resin-v5-cartouche-de-5l\\\/#local-main-organization-logo\",\"url\":\"https:\\\/\\\/3d-edu.ch\\\/wp-content\\\/uploads\\\/2018\\\/10\\\/3d-drucker-makerbot-formlabs-professionelle-3d-drucker-e1546527990490.png\",\"contentUrl\":\"https:\\\/\\\/3d-edu.ch\\\/wp-content\\\/uploads\\\/2018\\\/10\\\/3d-drucker-makerbot-formlabs-professionelle-3d-drucker-e1546527990490.png\",\"width\":275,\"height\":80,\"caption\":\"3D-EDU GmbH\"}]}<\/script>\n<meta property=\"product:brand\" content=\"Cartouche de r\u00e9sine 5L\" \/>\n<meta property=\"product:price:amount\" content=\"455.46\" \/>\n<meta property=\"product:price:currency\" content=\"CHF\" \/>\n<meta property=\"og:availability\" content=\"instock\" \/>\n<meta property=\"product:availability\" content=\"instock\" \/>\n<meta property=\"product:retailer_item_id\" content=\"RS-RPS-GPWH-05\" \/>\n<meta property=\"product:condition\" content=\"new\" \/>\n<meta name=\"geo.placename\" content=\"Z\u00fcrich\" \/>\n<meta name=\"geo.position\" content=\"47.38413;8.49812\" \/>\n<meta name=\"geo.region\" content=\"Suisse\" \/>\n<!-- \/ Yoast SEO Premium plugin. -->","yoast_head_json":{"title":"Formlabs Form 4 White Resin V5 cartouche de 5L %%page% - Jewelry Resin - 3D-EDU GmbH","description":"La r\u00e9sine blanche de Formlabs est id\u00e9ale pour la fluidique et la fabrication de moules, l'optique, l'\u00e9clairage et toutes les pi\u00e8ces qui doivent \u00eatre translucides ou pr\u00e9senter des caract\u00e9ristiques internes. Le proc\u00e9d\u00e9 d'impression 3D SLA (st\u00e9r\u00e9olithographie) permet de produire des mod\u00e8les transparents.","robots":{"index":"index","follow":"follow","max-snippet":"max-snippet:-1","max-image-preview":"max-image-preview:large","max-video-preview":"max-video-preview:-1"},"canonical":"https:\/\/3d-edu.ch\/fr\/boutique\/formlabs-form-4-white-resin-v5-cartouche-de-5l\/","og_locale":"fr_FR","og_type":"article","og_title":"Formlabs Form 4 White Resin V5 cartouche de 5L","og_description":"La r\u00e9sine blanche de Formlabs est id\u00e9ale pour la fluidique et la fabrication de moules, l'optique, l'\u00e9clairage et toutes les pi\u00e8ces qui doivent \u00eatre translucides ou pr\u00e9senter des caract\u00e9ristiques internes. Le proc\u00e9d\u00e9 d'impression 3D SLA (st\u00e9r\u00e9olithographie) permet de produire des mod\u00e8les transparents.","og_url":"https:\/\/3d-edu.ch\/fr\/boutique\/formlabs-form-4-white-resin-v5-cartouche-de-5l\/","og_site_name":"3D-EDU GmbH","article_publisher":"https:\/\/www.facebook.com\/3d-educh-210277586064960\/","article_modified_time":"2026-05-14T07:49:31+00:00","og_image":[{"width":380,"height":380,"url":"https:\/\/3d-edu.ch\/wp-content\/uploads\/2024\/12\/formlabs-white-resin-v5-5L-form-4.png","type":"image\/png"}],"twitter_card":"summary_large_image","twitter_site":"@3d_edu_ch","twitter_misc":{"Prix":"455.46&nbsp;&#67;&#72;&#70; hors TVA","Disponibilit\u00e9":"En stock"},"schema":{"@context":"https:\/\/schema.org","@graph":[{"@type":"WebPage","@id":"https:\/\/3d-edu.ch\/fr\/boutique\/formlabs-form-4-white-resin-v5-cartouche-de-5l\/","url":"https:\/\/3d-edu.ch\/fr\/boutique\/formlabs-form-4-white-resin-v5-cartouche-de-5l\/","name":"Formlabs Form 4 White Resin V5 cartouche de 5L %%page% - Jewelry Resin - 3D-EDU GmbH","isPartOf":{"@id":"https:\/\/3d-edu.ch\/fr\/#website"},"primaryImageOfPage":{"@id":"https:\/\/3d-edu.ch\/fr\/boutique\/formlabs-form-4-white-resin-v5-cartouche-de-5l\/#primaryimage"},"image":{"@id":"https:\/\/3d-edu.ch\/fr\/boutique\/formlabs-form-4-white-resin-v5-cartouche-de-5l\/#primaryimage"},"thumbnailUrl":"https:\/\/3d-edu.ch\/wp-content\/uploads\/2024\/12\/formlabs-white-resin-v5-5L-form-4.png","datePublished":"2024-12-10T15:39:16+00:00","dateModified":"2026-05-14T07:49:31+00:00","description":"La r\u00e9sine blanche de Formlabs est id\u00e9ale pour la fluidique et la fabrication de moules, l'optique, l'\u00e9clairage et toutes les pi\u00e8ces qui doivent \u00eatre translucides ou pr\u00e9senter des caract\u00e9ristiques internes. Le proc\u00e9d\u00e9 d'impression 3D SLA (st\u00e9r\u00e9olithographie) permet de produire des mod\u00e8les transparents.","breadcrumb":{"@id":"https:\/\/3d-edu.ch\/fr\/boutique\/formlabs-form-4-white-resin-v5-cartouche-de-5l\/#breadcrumb"},"inLanguage":"fr-FR","potentialAction":[{"@type":"ReadAction","target":["https:\/\/3d-edu.ch\/fr\/boutique\/formlabs-form-4-white-resin-v5-cartouche-de-5l\/"]}]},{"@type":"ImageObject","inLanguage":"fr-FR","@id":"https:\/\/3d-edu.ch\/fr\/boutique\/formlabs-form-4-white-resin-v5-cartouche-de-5l\/#primaryimage","url":"https:\/\/3d-edu.ch\/wp-content\/uploads\/2024\/12\/formlabs-white-resin-v5-5L-form-4.png","contentUrl":"https:\/\/3d-edu.ch\/wp-content\/uploads\/2024\/12\/formlabs-white-resin-v5-5L-form-4.png","width":380,"height":380,"caption":"Formlabs Form 4 White Resin Cartouche de 5 L"},{"@type":"BreadcrumbList","@id":"https:\/\/3d-edu.ch\/fr\/boutique\/formlabs-form-4-white-resin-v5-cartouche-de-5l\/#breadcrumb","itemListElement":[{"@type":"ListItem","position":1,"name":"Accueil","item":"https:\/\/3d-edu.ch\/fr\/"},{"@type":"ListItem","position":2,"name":"Boutique","item":"https:\/\/3d-edu.ch\/fr\/boutique\/"},{"@type":"ListItem","position":3,"name":"Formlabs Form 4 White Resin V5 cartouche de 5L"}]},{"@type":"WebSite","@id":"https:\/\/3d-edu.ch\/fr\/#website","url":"https:\/\/3d-edu.ch\/fr\/","name":"3D-EDU GmbH","description":"Your Formlabs, UltiMaker and Raise3D Printer Support and Education Site in Switzerland. \/\/ Ihre Formlabs, UltiMaker and Raise3D Drucker Support und Bildungs Webseite der Schweiz.","publisher":{"@id":"https:\/\/3d-edu.ch\/fr\/#organization"},"potentialAction":[{"@type":"SearchAction","target":{"@type":"EntryPoint","urlTemplate":"https:\/\/3d-edu.ch\/fr\/?s={search_term_string}"},"query-input":{"@type":"PropertyValueSpecification","valueRequired":true,"valueName":"search_term_string"}}],"inLanguage":"fr-FR"},{"@type":["Organization","Place","ElectronicsStore"],"@id":"https:\/\/3d-edu.ch\/fr\/#organization","name":"3D-EDU GmbH","url":"https:\/\/3d-edu.ch\/fr\/","logo":{"@id":"https:\/\/3d-edu.ch\/fr\/boutique\/formlabs-form-4-white-resin-v5-cartouche-de-5l\/#local-main-organization-logo"},"image":{"@id":"https:\/\/3d-edu.ch\/fr\/boutique\/formlabs-form-4-white-resin-v5-cartouche-de-5l\/#local-main-organization-logo"},"sameAs":["https:\/\/www.facebook.com\/3d-educh-210277586064960\/","https:\/\/x.com\/3d_edu_ch"],"address":{"@id":"https:\/\/3d-edu.ch\/fr\/boutique\/formlabs-form-4-white-resin-v5-cartouche-de-5l\/#local-main-place-address"},"geo":{"@type":"GeoCoordinates","latitude":"47.38413","longitude":"8.49812"},"telephone":["+41 44 492 11 22"],"openingHoursSpecification":[{"@type":"OpeningHoursSpecification","dayOfWeek":["Monday","Tuesday","Wednesday","Thursday","Friday"],"opens":"08:30","closes":"18:00"},{"@type":"OpeningHoursSpecification","dayOfWeek":["Saturday","Sunday"],"opens":"00:00","closes":"00:00"}],"email":"info@3d-edu.ch","faxNumber":"+41 44 492 11 23","vatID":"CHE-184.499.491 MWST","priceRange":"$$$","currenciesAccepted":"CHF"},{"@type":"PostalAddress","@id":"https:\/\/3d-edu.ch\/fr\/boutique\/formlabs-form-4-white-resin-v5-cartouche-de-5l\/#local-main-place-address","streetAddress":"3D-EDU GmbH, Badenerstrasse 556","addressLocality":"Z\u00fcrich","postalCode":"8048","addressRegion":"Z\u00fcrich","addressCountry":"CH"},{"@type":"ImageObject","inLanguage":"fr-FR","@id":"https:\/\/3d-edu.ch\/fr\/boutique\/formlabs-form-4-white-resin-v5-cartouche-de-5l\/#local-main-organization-logo","url":"https:\/\/3d-edu.ch\/wp-content\/uploads\/2018\/10\/3d-drucker-makerbot-formlabs-professionelle-3d-drucker-e1546527990490.png","contentUrl":"https:\/\/3d-edu.ch\/wp-content\/uploads\/2018\/10\/3d-drucker-makerbot-formlabs-professionelle-3d-drucker-e1546527990490.png","width":275,"height":80,"caption":"3D-EDU GmbH"}]},"product_brand":"Cartouche de r\u00e9sine 5L","product_price_amount":"455.46","product_price_currency":"CHF","og_availability":"instock","product_availability":"instock","product_retailer_item_id":"RS-RPS-GPWH-05","product_condition":"new","geo.placename":"Z\u00fcrich","geo.position":{"lat":"47.38413","long":"8.49812"},"geo.region":"Suisse"},"_links":{"self":[{"href":"https:\/\/3d-edu.ch\/fr\/wp-json\/wp\/v2\/product\/75505","targetHints":{"allow":["GET"]}}],"collection":[{"href":"https:\/\/3d-edu.ch\/fr\/wp-json\/wp\/v2\/product"}],"about":[{"href":"https:\/\/3d-edu.ch\/fr\/wp-json\/wp\/v2\/types\/product"}],"replies":[{"embeddable":true,"href":"https:\/\/3d-edu.ch\/fr\/wp-json\/wp\/v2\/comments?post=75505"}],"wp:featuredmedia":[{"embeddable":true,"href":"https:\/\/3d-edu.ch\/fr\/wp-json\/wp\/v2\/media\/71736"}],"wp:attachment":[{"href":"https:\/\/3d-edu.ch\/fr\/wp-json\/wp\/v2\/media?parent=75505"}],"wp:term":[{"taxonomy":"product_brand","embeddable":true,"href":"https:\/\/3d-edu.ch\/fr\/wp-json\/wp\/v2\/product_brand?post=75505"},{"taxonomy":"product_cat","embeddable":true,"href":"https:\/\/3d-edu.ch\/fr\/wp-json\/wp\/v2\/product_cat?post=75505"},{"taxonomy":"product_tag","embeddable":true,"href":"https:\/\/3d-edu.ch\/fr\/wp-json\/wp\/v2\/product_tag?post=75505"}],"curies":[{"name":"wp","href":"https:\/\/api.w.org\/{rel}","templated":true}]}}