{"id":75473,"date":"2025-12-09T09:09:12","date_gmt":"2025-12-09T08:09:12","guid":{"rendered":"https:\/\/3d-edu.ch\/shop\/form-cure-l-v1-230v-appareil-de-demonstration\/"},"modified":"2026-04-14T16:55:20","modified_gmt":"2026-04-14T14:55:20","slug":"form-cure-l-v1-230v-appareil-de-demonstration","status":"publish","type":"product","link":"https:\/\/3d-edu.ch\/fr\/boutique\/form-cure-l-v1-230v-appareil-de-demonstration\/","title":{"rendered":"Form Cure L V1 230V (appareil de d\u00e9monstration)"},"content":{"rendered":"<h3>Formlabs Form Cure L \/ Polym\u00e9risation par UV<\/h3>\n<p>Le Form Cure L de Formlabs combine la temp\u00e9rature et la lumi\u00e8re UV pour donner \u00e0 vos pi\u00e8ces les propri\u00e9t\u00e9s m\u00e9caniques maximales et la plus grande pr\u00e9cision dimensionnelle.<br \/>\nPour les composants standard Les mat\u00e9riaux Formlabs, vous pouvez simplement utiliser les param\u00e8tres de durcissement pr\u00e9programm\u00e9s.<br \/>\nSi vous avez des besoins sp\u00e9cifiques, vous pouvez \u00e9galement enregistrer vos propres profils fr\u00e9quemment utilis\u00e9s. De cette mani\u00e8re, vous optimisez l&rsquo;efficacit\u00e9 du post-traitement en fonction de vos besoins.<br \/>\n<div class=\"accordion\">\n\t<div id=\"accordion-1375257610\" class=\"accordion-item\">\n\t\t<a id=\"accordion-1375257610-label\" class=\"accordion-title plain\" href=\"#accordion-item-plus-d&#039;informations\" aria-expanded=\"false\" aria-controls=\"accordion-1375257610-content\">\n\t\t\t<button class=\"toggle\" aria-label=\"Basculer\"><i class=\"icon-angle-down\" aria-hidden=\"true\"><\/i><\/button>\n\t\t\t<span>Plus d&#039;informations<\/span>\n\t\t<\/a>\n\t\t<div id=\"accordion-1375257610-content\" class=\"accordion-inner\" aria-labelledby=\"accordion-1375257610-label\">\n\t\t\t\n<h4>Atteindre l&rsquo;excellence<\/h4>\n<p>La Form Cure L de Formlabs est adapt\u00e9e \u00e0 la r\u00e9sine Formlabs pour que les pi\u00e8ces imprim\u00e9es d\u00e9veloppent leurs propri\u00e9t\u00e9s mat\u00e9rielles optimales. Un syst\u00e8me de chauffage interne compos\u00e9 de deux \u00e9l\u00e9ments chauffants de 500 W contr\u00f4le les temp\u00e9ratures de durcissement jusqu&rsquo;\u00e0 80\u00b0C en fonction du mat\u00e9riau. La chambre est pr\u00e9chauff\u00e9e afin de pr\u00e9parer les pi\u00e8ces \u00e0 une polym\u00e9risation optimale. Une fois la chambre chauff\u00e9e, des lampes UV puissantes, associ\u00e9es \u00e0 une cavit\u00e9 interne r\u00e9fl\u00e9chissante et \u00e0 un plateau en verre rotatif, assurent une polym\u00e9risation uniforme et intense.   <\/p>\n<h4>Polym\u00e9risation professionnelle pour toutes les imprimantes 3D SLA de Formlabs<\/h4>\n<p>Que ce soit pour des impressions \u00e0 grande \u00e9chelle ou pour la production de petites pi\u00e8ces \u00e0 haut d\u00e9bit, la Form Cure L de Formlabs est compatible avec toutes vos imprimantes 3D SLA de Formlabs.<\/p>\n\t\t<\/div>\n\t<\/div>\n\t\n<\/div>\n","protected":false},"excerpt":{"rendered":"<h2><strong>Formlabs SLA Accessoires pour imprimante 3D<\/strong><\/h2>\n<p><span style=\"color: #00a859;\"><strong>Appareil de d\u00e9monstration de la salle d&rsquo;exposition 3D-EDU. La Form Cure L V1 a \u00e9t\u00e9 utilis\u00e9e par nous pendant quelques ann\u00e9es. La machine fonctionne parfaitement et pr\u00e9sente les traces d&rsquo;utilisation habituelles.  <\/strong><\/span><\/p>\n<p>Le nettoyage (Formlabs Form Wash L) et la polym\u00e9risation (Formlabs Form Cure L) sont des \u00e9l\u00e9ments essentiels des pi\u00e8ces imprim\u00e9es en 3D SLA.<\/p>\n<h2><strong>Formlabs Form Cure L<\/strong><\/h2>\n<p>Le Form Cure L de Formlabs assure une polym\u00e9risation fiable et professionnelle des pi\u00e8ces que vous fabriquez avec les imprimantes 3D SLA de Formlabs.<\/p>\n","protected":false},"featured_media":64721,"comment_status":"closed","ping_status":"closed","template":"","meta":[],"product_brand":[],"product_cat":[7780,7896,7897,7875],"product_tag":[7785,8210,7784],"class_list":{"0":"post-75473","1":"product","2":"type-product","3":"status-publish","4":"has-post-thumbnail","6":"product_cat-formlabs-fr","7":"product_cat-post-traitement-fr","8":"product_cat-sla-lfs-post-traitement-fr","9":"product_cat-soldes-fr","10":"product_tag-accessoires-formlabs","11":"product_tag-form-cure-l-v1","12":"product_tag-formlabs-fr","14":"first","15":"instock","16":"sale","17":"taxable","18":"shipping-taxable","19":"purchasable","20":"product-type-simple"},"yoast_head":"<!-- This site is optimized with the Yoast SEO Premium plugin v27.4 (Yoast SEO v27.4) - https:\/\/yoast.com\/product\/yoast-seo-premium-wordpress\/ -->\n<title>Form Cure L V1 230V (appareil de d\u00e9monstration) %%page% Chambre de durcissement UV - Accessoires Formlabs - 3D-EDU GmbH<\/title>\n<meta name=\"robots\" content=\"index, follow, max-snippet:-1, max-image-preview:large, max-video-preview:-1\" \/>\n<link rel=\"canonical\" href=\"https:\/\/3d-edu.ch\/fr\/boutique\/form-cure-l-v1-230v-appareil-de-demonstration\/\" \/>\n<meta property=\"og:locale\" content=\"fr_FR\" \/>\n<meta property=\"og:type\" content=\"article\" \/>\n<meta property=\"og:title\" content=\"Form Cure L V1 230V (appareil de d\u00e9monstration)\" \/>\n<meta property=\"og:description\" content=\"Formlabs SLA Accessoires pour imprimante 3D Appareil de d\u00e9monstration de la salle d&#039;exposition 3D-EDU. La Form Cure L V1 a \u00e9t\u00e9 utilis\u00e9e par nous pendant quelques ann\u00e9es. La machine fonctionne parfaitement et pr\u00e9sente les traces d&#039;utilisation habituelles.  Le nettoyage (Formlabs Form Wash L) et la polym\u00e9risation (Formlabs Form Cure L) sont des \u00e9l\u00e9ments essentiels des pi\u00e8ces imprim\u00e9es en 3D SLA. Formlabs Form Cure L Le Form Cure L de Formlabs assure une polym\u00e9risation fiable et professionnelle des pi\u00e8ces que vous fabriquez avec les imprimantes 3D SLA de Formlabs.\" \/>\n<meta property=\"og:url\" content=\"https:\/\/3d-edu.ch\/fr\/boutique\/form-cure-l-v1-230v-appareil-de-demonstration\/\" \/>\n<meta property=\"og:site_name\" content=\"3D-EDU GmbH\" \/>\n<meta property=\"article:publisher\" content=\"https:\/\/www.facebook.com\/3d-educh-210277586064960\/\" \/>\n<meta property=\"article:modified_time\" content=\"2026-04-14T14:55:20+00:00\" \/>\n<meta property=\"og:image\" content=\"https:\/\/dedune53.myhostpoint.ch\/wp-content\/uploads\/2019\/01\/form-2-3d-printer.jpg\" \/>\n<meta name=\"twitter:card\" content=\"summary_large_image\" \/>\n<meta name=\"twitter:image\" content=\"https:\/\/dedune53.myhostpoint.ch\/wp-content\/uploads\/2019\/01\/formlabs-form-wash-formlabs-form-cure.jpg\" \/>\n<meta name=\"twitter:site\" content=\"@3d_edu_ch\" \/>\n<meta name=\"twitter:label1\" content=\"Prix\" \/>\n\t<meta name=\"twitter:data1\" content=\"2&#039;160.00&nbsp;&#067;&#072;&#070; hors TVA\" \/>\n\t<meta name=\"twitter:label2\" content=\"Disponibilit\u00e9\" \/>\n\t<meta name=\"twitter:data2\" content=\"En stock\" \/>\n<script type=\"application\/ld+json\" class=\"yoast-schema-graph\">{\"@context\":\"https:\\\/\\\/schema.org\",\"@graph\":[{\"@type\":\"WebPage\",\"@id\":\"https:\\\/\\\/3d-edu.ch\\\/fr\\\/boutique\\\/form-cure-l-v1-230v-appareil-de-demonstration\\\/\",\"url\":\"https:\\\/\\\/3d-edu.ch\\\/fr\\\/boutique\\\/form-cure-l-v1-230v-appareil-de-demonstration\\\/\",\"name\":\"Form Cure L V1 230V (appareil de d\u00e9monstration) %%page% Chambre de durcissement UV - Accessoires Formlabs - 3D-EDU GmbH\",\"isPartOf\":{\"@id\":\"https:\\\/\\\/3d-edu.ch\\\/fr\\\/#website\"},\"primaryImageOfPage\":{\"@id\":\"https:\\\/\\\/3d-edu.ch\\\/fr\\\/boutique\\\/form-cure-l-v1-230v-appareil-de-demonstration\\\/#primaryimage\"},\"image\":{\"@id\":\"https:\\\/\\\/3d-edu.ch\\\/fr\\\/boutique\\\/form-cure-l-v1-230v-appareil-de-demonstration\\\/#primaryimage\"},\"thumbnailUrl\":\"https:\\\/\\\/3d-edu.ch\\\/wp-content\\\/uploads\\\/2021\\\/11\\\/form-cure-l.jpg\",\"datePublished\":\"2025-12-09T08:09:12+00:00\",\"dateModified\":\"2026-04-14T14:55:20+00:00\",\"breadcrumb\":{\"@id\":\"https:\\\/\\\/3d-edu.ch\\\/fr\\\/boutique\\\/form-cure-l-v1-230v-appareil-de-demonstration\\\/#breadcrumb\"},\"inLanguage\":\"fr-FR\",\"potentialAction\":[{\"@type\":\"ReadAction\",\"target\":[\"https:\\\/\\\/3d-edu.ch\\\/fr\\\/boutique\\\/form-cure-l-v1-230v-appareil-de-demonstration\\\/\"]}]},{\"@type\":\"ImageObject\",\"inLanguage\":\"fr-FR\",\"@id\":\"https:\\\/\\\/3d-edu.ch\\\/fr\\\/boutique\\\/form-cure-l-v1-230v-appareil-de-demonstration\\\/#primaryimage\",\"url\":\"https:\\\/\\\/3d-edu.ch\\\/wp-content\\\/uploads\\\/2021\\\/11\\\/form-cure-l.jpg\",\"contentUrl\":\"https:\\\/\\\/3d-edu.ch\\\/wp-content\\\/uploads\\\/2021\\\/11\\\/form-cure-l.jpg\",\"width\":750,\"height\":750,\"caption\":\"Form Cure L\"},{\"@type\":\"BreadcrumbList\",\"@id\":\"https:\\\/\\\/3d-edu.ch\\\/fr\\\/boutique\\\/form-cure-l-v1-230v-appareil-de-demonstration\\\/#breadcrumb\",\"itemListElement\":[{\"@type\":\"ListItem\",\"position\":1,\"name\":\"Accueil\",\"item\":\"https:\\\/\\\/3d-edu.ch\\\/fr\\\/\"},{\"@type\":\"ListItem\",\"position\":2,\"name\":\"Boutique\",\"item\":\"https:\\\/\\\/3d-edu.ch\\\/fr\\\/boutique\\\/\"},{\"@type\":\"ListItem\",\"position\":3,\"name\":\"Form Cure L V1 230V (appareil de d\u00e9monstration)\"}]},{\"@type\":\"WebSite\",\"@id\":\"https:\\\/\\\/3d-edu.ch\\\/fr\\\/#website\",\"url\":\"https:\\\/\\\/3d-edu.ch\\\/fr\\\/\",\"name\":\"3D-EDU GmbH\",\"description\":\"Your Formlabs, UltiMaker and Raise3D Printer Support and Education Site in Switzerland. \\\/\\\/ Ihre Formlabs, UltiMaker and Raise3D Drucker Support und Bildungs Webseite der Schweiz.\",\"publisher\":{\"@id\":\"https:\\\/\\\/3d-edu.ch\\\/fr\\\/#organization\"},\"potentialAction\":[{\"@type\":\"SearchAction\",\"target\":{\"@type\":\"EntryPoint\",\"urlTemplate\":\"https:\\\/\\\/3d-edu.ch\\\/fr\\\/?s={search_term_string}\"},\"query-input\":{\"@type\":\"PropertyValueSpecification\",\"valueRequired\":true,\"valueName\":\"search_term_string\"}}],\"inLanguage\":\"fr-FR\"},{\"@type\":[\"Organization\",\"Place\",\"ElectronicsStore\"],\"@id\":\"https:\\\/\\\/3d-edu.ch\\\/fr\\\/#organization\",\"name\":\"3D-EDU GmbH\",\"url\":\"https:\\\/\\\/3d-edu.ch\\\/fr\\\/\",\"logo\":{\"@id\":\"https:\\\/\\\/3d-edu.ch\\\/fr\\\/boutique\\\/form-cure-l-v1-230v-appareil-de-demonstration\\\/#local-main-organization-logo\"},\"image\":{\"@id\":\"https:\\\/\\\/3d-edu.ch\\\/fr\\\/boutique\\\/form-cure-l-v1-230v-appareil-de-demonstration\\\/#local-main-organization-logo\"},\"sameAs\":[\"https:\\\/\\\/www.facebook.com\\\/3d-educh-210277586064960\\\/\",\"https:\\\/\\\/x.com\\\/3d_edu_ch\"],\"address\":{\"@id\":\"https:\\\/\\\/3d-edu.ch\\\/fr\\\/boutique\\\/form-cure-l-v1-230v-appareil-de-demonstration\\\/#local-main-place-address\"},\"geo\":{\"@type\":\"GeoCoordinates\",\"latitude\":\"47.38413\",\"longitude\":\"8.49812\"},\"telephone\":[\"+41 44 492 11 22\"],\"openingHoursSpecification\":[{\"@type\":\"OpeningHoursSpecification\",\"dayOfWeek\":[\"Monday\",\"Tuesday\",\"Wednesday\",\"Thursday\",\"Friday\"],\"opens\":\"08:30\",\"closes\":\"18:00\"},{\"@type\":\"OpeningHoursSpecification\",\"dayOfWeek\":[\"Saturday\",\"Sunday\"],\"opens\":\"00:00\",\"closes\":\"00:00\"}],\"email\":\"info@3d-edu.ch\",\"faxNumber\":\"+41 44 492 11 23\",\"vatID\":\"CHE-184.499.491 MWST\",\"priceRange\":\"$$$\",\"currenciesAccepted\":\"CHF\"},{\"@type\":\"PostalAddress\",\"@id\":\"https:\\\/\\\/3d-edu.ch\\\/fr\\\/boutique\\\/form-cure-l-v1-230v-appareil-de-demonstration\\\/#local-main-place-address\",\"streetAddress\":\"3D-EDU GmbH, Badenerstrasse 556\",\"addressLocality\":\"Z\u00fcrich\",\"postalCode\":\"8048\",\"addressRegion\":\"Z\u00fcrich\",\"addressCountry\":\"CH\"},{\"@type\":\"ImageObject\",\"inLanguage\":\"fr-FR\",\"@id\":\"https:\\\/\\\/3d-edu.ch\\\/fr\\\/boutique\\\/form-cure-l-v1-230v-appareil-de-demonstration\\\/#local-main-organization-logo\",\"url\":\"https:\\\/\\\/3d-edu.ch\\\/wp-content\\\/uploads\\\/2018\\\/10\\\/3d-drucker-makerbot-formlabs-professionelle-3d-drucker-e1546527990490.png\",\"contentUrl\":\"https:\\\/\\\/3d-edu.ch\\\/wp-content\\\/uploads\\\/2018\\\/10\\\/3d-drucker-makerbot-formlabs-professionelle-3d-drucker-e1546527990490.png\",\"width\":275,\"height\":80,\"caption\":\"3D-EDU GmbH\"}]}<\/script>\n<meta property=\"product:brand\" content=\"Formlabs\" \/>\n<meta property=\"product:price:amount\" content=\"2160.00\" \/>\n<meta property=\"product:price:currency\" content=\"CHF\" \/>\n<meta property=\"og:availability\" content=\"instock\" \/>\n<meta property=\"product:availability\" content=\"instock\" \/>\n<meta property=\"product:retailer_item_id\" content=\"FHL-CU-230V-01-OCC\" \/>\n<meta property=\"product:condition\" content=\"new\" \/>\n<meta name=\"geo.placename\" content=\"Z\u00fcrich\" \/>\n<meta name=\"geo.position\" content=\"47.38413;8.49812\" \/>\n<meta name=\"geo.region\" content=\"Suisse\" \/>\n<!-- \/ Yoast SEO Premium plugin. -->","yoast_head_json":{"title":"Form Cure L V1 230V (appareil de d\u00e9monstration) %%page% Chambre de durcissement UV - Accessoires Formlabs - 3D-EDU GmbH","robots":{"index":"index","follow":"follow","max-snippet":"max-snippet:-1","max-image-preview":"max-image-preview:large","max-video-preview":"max-video-preview:-1"},"canonical":"https:\/\/3d-edu.ch\/fr\/boutique\/form-cure-l-v1-230v-appareil-de-demonstration\/","og_locale":"fr_FR","og_type":"article","og_title":"Form Cure L V1 230V (appareil de d\u00e9monstration)","og_description":"Formlabs SLA Accessoires pour imprimante 3D Appareil de d\u00e9monstration de la salle d'exposition 3D-EDU. La Form Cure L V1 a \u00e9t\u00e9 utilis\u00e9e par nous pendant quelques ann\u00e9es. La machine fonctionne parfaitement et pr\u00e9sente les traces d'utilisation habituelles.  Le nettoyage (Formlabs Form Wash L) et la polym\u00e9risation (Formlabs Form Cure L) sont des \u00e9l\u00e9ments essentiels des pi\u00e8ces imprim\u00e9es en 3D SLA. Formlabs Form Cure L Le Form Cure L de Formlabs assure une polym\u00e9risation fiable et professionnelle des pi\u00e8ces que vous fabriquez avec les imprimantes 3D SLA de Formlabs.","og_url":"https:\/\/3d-edu.ch\/fr\/boutique\/form-cure-l-v1-230v-appareil-de-demonstration\/","og_site_name":"3D-EDU GmbH","article_publisher":"https:\/\/www.facebook.com\/3d-educh-210277586064960\/","article_modified_time":"2026-04-14T14:55:20+00:00","og_image":[{"url":"https:\/\/dedune53.myhostpoint.ch\/wp-content\/uploads\/2019\/01\/form-2-3d-printer.jpg","type":"","width":"","height":""}],"twitter_card":"summary_large_image","twitter_image":"https:\/\/dedune53.myhostpoint.ch\/wp-content\/uploads\/2019\/01\/formlabs-form-wash-formlabs-form-cure.jpg","twitter_site":"@3d_edu_ch","twitter_misc":{"Prix":"2'160.00&nbsp;&#67;&#72;&#70; hors TVA","Disponibilit\u00e9":"En stock"},"schema":{"@context":"https:\/\/schema.org","@graph":[{"@type":"WebPage","@id":"https:\/\/3d-edu.ch\/fr\/boutique\/form-cure-l-v1-230v-appareil-de-demonstration\/","url":"https:\/\/3d-edu.ch\/fr\/boutique\/form-cure-l-v1-230v-appareil-de-demonstration\/","name":"Form Cure L V1 230V (appareil de d\u00e9monstration) %%page% Chambre de durcissement UV - Accessoires Formlabs - 3D-EDU GmbH","isPartOf":{"@id":"https:\/\/3d-edu.ch\/fr\/#website"},"primaryImageOfPage":{"@id":"https:\/\/3d-edu.ch\/fr\/boutique\/form-cure-l-v1-230v-appareil-de-demonstration\/#primaryimage"},"image":{"@id":"https:\/\/3d-edu.ch\/fr\/boutique\/form-cure-l-v1-230v-appareil-de-demonstration\/#primaryimage"},"thumbnailUrl":"https:\/\/3d-edu.ch\/wp-content\/uploads\/2021\/11\/form-cure-l.jpg","datePublished":"2025-12-09T08:09:12+00:00","dateModified":"2026-04-14T14:55:20+00:00","breadcrumb":{"@id":"https:\/\/3d-edu.ch\/fr\/boutique\/form-cure-l-v1-230v-appareil-de-demonstration\/#breadcrumb"},"inLanguage":"fr-FR","potentialAction":[{"@type":"ReadAction","target":["https:\/\/3d-edu.ch\/fr\/boutique\/form-cure-l-v1-230v-appareil-de-demonstration\/"]}]},{"@type":"ImageObject","inLanguage":"fr-FR","@id":"https:\/\/3d-edu.ch\/fr\/boutique\/form-cure-l-v1-230v-appareil-de-demonstration\/#primaryimage","url":"https:\/\/3d-edu.ch\/wp-content\/uploads\/2021\/11\/form-cure-l.jpg","contentUrl":"https:\/\/3d-edu.ch\/wp-content\/uploads\/2021\/11\/form-cure-l.jpg","width":750,"height":750,"caption":"Form Cure L"},{"@type":"BreadcrumbList","@id":"https:\/\/3d-edu.ch\/fr\/boutique\/form-cure-l-v1-230v-appareil-de-demonstration\/#breadcrumb","itemListElement":[{"@type":"ListItem","position":1,"name":"Accueil","item":"https:\/\/3d-edu.ch\/fr\/"},{"@type":"ListItem","position":2,"name":"Boutique","item":"https:\/\/3d-edu.ch\/fr\/boutique\/"},{"@type":"ListItem","position":3,"name":"Form Cure L V1 230V (appareil de d\u00e9monstration)"}]},{"@type":"WebSite","@id":"https:\/\/3d-edu.ch\/fr\/#website","url":"https:\/\/3d-edu.ch\/fr\/","name":"3D-EDU GmbH","description":"Your Formlabs, UltiMaker and Raise3D Printer Support and Education Site in Switzerland. \/\/ Ihre Formlabs, UltiMaker and Raise3D Drucker Support und Bildungs Webseite der Schweiz.","publisher":{"@id":"https:\/\/3d-edu.ch\/fr\/#organization"},"potentialAction":[{"@type":"SearchAction","target":{"@type":"EntryPoint","urlTemplate":"https:\/\/3d-edu.ch\/fr\/?s={search_term_string}"},"query-input":{"@type":"PropertyValueSpecification","valueRequired":true,"valueName":"search_term_string"}}],"inLanguage":"fr-FR"},{"@type":["Organization","Place","ElectronicsStore"],"@id":"https:\/\/3d-edu.ch\/fr\/#organization","name":"3D-EDU GmbH","url":"https:\/\/3d-edu.ch\/fr\/","logo":{"@id":"https:\/\/3d-edu.ch\/fr\/boutique\/form-cure-l-v1-230v-appareil-de-demonstration\/#local-main-organization-logo"},"image":{"@id":"https:\/\/3d-edu.ch\/fr\/boutique\/form-cure-l-v1-230v-appareil-de-demonstration\/#local-main-organization-logo"},"sameAs":["https:\/\/www.facebook.com\/3d-educh-210277586064960\/","https:\/\/x.com\/3d_edu_ch"],"address":{"@id":"https:\/\/3d-edu.ch\/fr\/boutique\/form-cure-l-v1-230v-appareil-de-demonstration\/#local-main-place-address"},"geo":{"@type":"GeoCoordinates","latitude":"47.38413","longitude":"8.49812"},"telephone":["+41 44 492 11 22"],"openingHoursSpecification":[{"@type":"OpeningHoursSpecification","dayOfWeek":["Monday","Tuesday","Wednesday","Thursday","Friday"],"opens":"08:30","closes":"18:00"},{"@type":"OpeningHoursSpecification","dayOfWeek":["Saturday","Sunday"],"opens":"00:00","closes":"00:00"}],"email":"info@3d-edu.ch","faxNumber":"+41 44 492 11 23","vatID":"CHE-184.499.491 MWST","priceRange":"$$$","currenciesAccepted":"CHF"},{"@type":"PostalAddress","@id":"https:\/\/3d-edu.ch\/fr\/boutique\/form-cure-l-v1-230v-appareil-de-demonstration\/#local-main-place-address","streetAddress":"3D-EDU GmbH, Badenerstrasse 556","addressLocality":"Z\u00fcrich","postalCode":"8048","addressRegion":"Z\u00fcrich","addressCountry":"CH"},{"@type":"ImageObject","inLanguage":"fr-FR","@id":"https:\/\/3d-edu.ch\/fr\/boutique\/form-cure-l-v1-230v-appareil-de-demonstration\/#local-main-organization-logo","url":"https:\/\/3d-edu.ch\/wp-content\/uploads\/2018\/10\/3d-drucker-makerbot-formlabs-professionelle-3d-drucker-e1546527990490.png","contentUrl":"https:\/\/3d-edu.ch\/wp-content\/uploads\/2018\/10\/3d-drucker-makerbot-formlabs-professionelle-3d-drucker-e1546527990490.png","width":275,"height":80,"caption":"3D-EDU GmbH"}]},"product_brand":"Formlabs","product_price_amount":"2160.00","product_price_currency":"CHF","og_availability":"instock","product_availability":"instock","product_retailer_item_id":"FHL-CU-230V-01-OCC","product_condition":"new","geo.placename":"Z\u00fcrich","geo.position":{"lat":"47.38413","long":"8.49812"},"geo.region":"Suisse"},"_links":{"self":[{"href":"https:\/\/3d-edu.ch\/fr\/wp-json\/wp\/v2\/product\/75473","targetHints":{"allow":["GET"]}}],"collection":[{"href":"https:\/\/3d-edu.ch\/fr\/wp-json\/wp\/v2\/product"}],"about":[{"href":"https:\/\/3d-edu.ch\/fr\/wp-json\/wp\/v2\/types\/product"}],"replies":[{"embeddable":true,"href":"https:\/\/3d-edu.ch\/fr\/wp-json\/wp\/v2\/comments?post=75473"}],"wp:featuredmedia":[{"embeddable":true,"href":"https:\/\/3d-edu.ch\/fr\/wp-json\/wp\/v2\/media\/64721"}],"wp:attachment":[{"href":"https:\/\/3d-edu.ch\/fr\/wp-json\/wp\/v2\/media?parent=75473"}],"wp:term":[{"taxonomy":"product_brand","embeddable":true,"href":"https:\/\/3d-edu.ch\/fr\/wp-json\/wp\/v2\/product_brand?post=75473"},{"taxonomy":"product_cat","embeddable":true,"href":"https:\/\/3d-edu.ch\/fr\/wp-json\/wp\/v2\/product_cat?post=75473"},{"taxonomy":"product_tag","embeddable":true,"href":"https:\/\/3d-edu.ch\/fr\/wp-json\/wp\/v2\/product_tag?post=75473"}],"curies":[{"name":"wp","href":"https:\/\/api.w.org\/{rel}","templated":true}]}}